{"id":963,"date":"2019-09-17T04:47:26","date_gmt":"2019-09-17T04:47:26","guid":{"rendered":"https:\/\/demo.activebizsolutions.com\/?post_type=product&#038;p=963"},"modified":"2025-11-19T12:17:25","modified_gmt":"2025-11-19T12:17:25","slug":"ambient-air-oxygen-analyzer-carbon-dioxide-analyzer","status":"publish","type":"product","link":"https:\/\/sso2.com\/vi\/product\/ambient-air-oxygen-analyzer-carbon-dioxide-analyzer\/","title":{"rendered":"OMD-351-O2-CO2 Dual O2 \/ CO2 Monitor"},"content":{"rendered":"<p>The OMD-351-O2-CO2 online dual gas ambient air monitor is designed to safely measure breathing air oxygen and carbon dioxide in confined spaces.\u00a0 The unit combines an advanced set of electronic features including a smart MENU interface with our industry leading precision electrochemical oxygen sensor technology. The result is a highly reliable and cost effective design with easy-to-use user interface.<\/p>\n<ul>\n<li>Lo\u1ea1i v\u1ecf b\u1ea3o v\u1ec7: L\u1eafp t\u01b0\u1eddng; IP66 \/ NEMA 4X<\/li>\n<li>V\u1eadt li\u1ec7u v\u1ecf: Nh\u00f4m anodized ch\u1eafc ch\u1eafn<\/li>\n<li>Range: 0 \u2013 30% Oxygen<\/li>\n<li>Range: 0 &#8211; 10000 PPM Carbon Dioxide<\/li>\n<li>Resolution: 0.1 % Oxygen, 1 PPM Carbon Dioxide<\/li>\n<li>Input Power: 100 \u2013 240 VAC or 24 VDC<\/li>\n<li>\u0110\u1ea7u ra analog: 4 \u2013 20mA<\/li>\n<li>Audible Alarm: Integrated Hooter \/ Buzzer<\/li>\n<li>C\u00f2i b\u00e1o \u0111\u1ed9ng: 2 ti\u1ebfp \u0111i\u1ec3m r\u01a1le d\u1ea1ng C c\u00f3 th\u1ec3 \u0111i\u1ec1u ch\u1ec9nh ho\u00e0n to\u00e0n<\/li>\n<li>Power Fail Alarm: 1 Form C relay contact<\/li>\n<li>Power Backup: Integral Rechargeable Battery<\/li>\n<\/ul>\n<p>Giao di\u1ec7n menu th\u00f4ng minh t\u00edch h\u1ee3p cho ph\u00e9p ng\u01b0\u1eddi d\u00f9ng c\u1ea5u h\u00ecnh \u0111\u1ea7y \u0111\u1ee7 m\u00e1y ph\u00e2n t\u00edch th\u00f4ng qua h\u1ec7 th\u1ed1ng menu tr\u00ean bo m\u1ea1ch. Kh\u00f4ng c\u1ea7n s\u1eed d\u1ee5ng laptop ph\u1ee9c t\u1ea1p ho\u1eb7c thi\u1ebft b\u1ecb \u0111i\u1ec1u khi\u1ec3n kh\u00e1c \u0111\u1ec3 c\u00e0i \u0111\u1eb7t m\u00e1y ph\u00e2n t\u00edch t\u1ea1i hi\u1ec7n tr\u01b0\u1eddng.<\/p>\n<p>The oxygen sensor is based on the galvanic electrochemical fuel cell principal and is manufactured in house under a strict quality procedure; The CO2 sensor is based on a precision infrared measurement principal.\u00a0 The sensors are long life, self contained and minimal maintenance is required \u2013 no need to clean electrodes or add electrolyte.\u00a0 The precision sensors offer excellent performance, accuracy and stability while maximizing the expected life.<\/p>\n<p>The OMD-351-O2-CO2 Dual Gas Ambient Air Oxygen \/ Carbon Dioxide Analyzer is a great choice to monitor both oxygen deficiency &amp; excess carbon dioxide of breathing air in confined spaces.\u00a0 The analyzer meets or exceeds most domestic and international safety standards including OSHA requirements.<\/p>","protected":false},"excerpt":{"rendered":"<p>The OMD-351-O2-CO2 online dual gas ambient air monitor is designed to safely measure breathing air oxygen and carbon dioxide in confined spaces.\u00a0 The unit combines an advanced set of electronic features including a smart MENU interface with our industry leading precision electrochemical oxygen sensor technology. The result is a highly reliable and cost effective design [&hellip;]<\/p>\n","protected":false},"featured_media":2236,"comment_status":"open","ping_status":"closed","template":"","meta":[],"product_brand":[],"product_cat":[30],"product_tag":[],"class_list":{"0":"post-963","1":"product","2":"type-product","3":"status-publish","4":"has-post-thumbnail","6":"product_cat-ambient-air-monitors","8":"first","9":"instock","10":"shipping-taxable","11":"product-type-external"},"yoast_head":"<!-- This site is optimized with the Yoast SEO Premium plugin v27.2 (Yoast SEO v27.2) - https:\/\/yoast.com\/product\/yoast-seo-premium-wordpress\/ -->\n<title>OMD-351 Dual O2\/CO2 Monitor | Oxygen &amp; CO2 Analyzer<\/title>\n<meta name=\"description\" content=\"The OMD-351 is a dual O2\/CO2 monitor and analyzer. Get simultaneous monitoring of oxygen deficiency and carbon dioxide (CO2) levels.\" \/>\n<meta name=\"robots\" content=\"index, follow, max-snippet:-1, max-image-preview:large, max-video-preview:-1\" \/>\n<link rel=\"canonical\" href=\"https:\/\/sso2.com\/vi\/san-pham\/ambient-air-oxygen-analyzer-carbon-dioxide-analyzer\/\" \/>\n<meta property=\"og:locale\" content=\"vi_VN\" \/>\n<meta property=\"og:type\" content=\"article\" \/>\n<meta property=\"og:title\" content=\"OMD-351-O2-CO2 Dual O2 \/ CO2 Monitor\" \/>\n<meta property=\"og:description\" content=\"The OMD-351 is a dual O2\/CO2 monitor and analyzer. Get simultaneous monitoring of oxygen deficiency and carbon dioxide (CO2) levels.\" \/>\n<meta property=\"og:url\" content=\"https:\/\/sso2.com\/vi\/san-pham\/ambient-air-oxygen-analyzer-carbon-dioxide-analyzer\/\" \/>\n<meta property=\"og:site_name\" content=\"Southland Sensing Ltd.\" \/>\n<meta property=\"article:modified_time\" content=\"2025-11-19T12:17:25+00:00\" \/>\n<meta property=\"og:image\" content=\"https:\/\/sso2.com\/wp-content\/uploads\/2024\/01\/omd-351-o2-co2.png\" \/>\n\t<meta property=\"og:image:width\" content=\"1591\" \/>\n\t<meta property=\"og:image:height\" content=\"2560\" \/>\n\t<meta property=\"og:image:type\" content=\"image\/png\" \/>\n<meta name=\"twitter:card\" content=\"summary_large_image\" \/>\n<meta name=\"twitter:label1\" content=\"Price\" \/>\n\t<meta name=\"twitter:data1\" content=\"\" \/>\n\t<meta name=\"twitter:label2\" content=\"Availability\" \/>\n\t<meta name=\"twitter:data2\" content=\"In stock\" \/>\n<script type=\"application\/ld+json\" class=\"yoast-schema-graph\">{\"@context\":\"https:\/\/schema.org\",\"@graph\":[{\"@type\":\"WebPage\",\"@id\":\"https:\/\/sso2.com\/product\/ambient-air-oxygen-analyzer-carbon-dioxide-analyzer\/\",\"url\":\"https:\/\/sso2.com\/product\/ambient-air-oxygen-analyzer-carbon-dioxide-analyzer\/\",\"name\":\"OMD-351 Dual O2\/CO2 Monitor | Oxygen & CO2 Analyzer\",\"isPartOf\":{\"@id\":\"https:\/\/sso2.com\/#website\"},\"primaryImageOfPage\":{\"@id\":\"https:\/\/sso2.com\/product\/ambient-air-oxygen-analyzer-carbon-dioxide-analyzer\/#primaryimage\"},\"image\":{\"@id\":\"https:\/\/sso2.com\/product\/ambient-air-oxygen-analyzer-carbon-dioxide-analyzer\/#primaryimage\"},\"thumbnailUrl\":\"https:\/\/i0.wp.com\/sso2.com\/wp-content\/uploads\/2024\/01\/omd-351-o2-co2.png?fit=1591%2C2560&ssl=1\",\"datePublished\":\"2019-09-17T04:47:26+00:00\",\"dateModified\":\"2025-11-19T12:17:25+00:00\",\"description\":\"The OMD-351 is a dual O2\/CO2 monitor and analyzer. Get simultaneous monitoring of oxygen deficiency and carbon dioxide (CO2) levels.\",\"breadcrumb\":{\"@id\":\"https:\/\/sso2.com\/product\/ambient-air-oxygen-analyzer-carbon-dioxide-analyzer\/#breadcrumb\"},\"inLanguage\":\"vi\",\"potentialAction\":[{\"@type\":\"ReadAction\",\"target\":[\"https:\/\/sso2.com\/product\/ambient-air-oxygen-analyzer-carbon-dioxide-analyzer\/\"]}]},{\"@type\":\"ImageObject\",\"inLanguage\":\"vi\",\"@id\":\"https:\/\/sso2.com\/product\/ambient-air-oxygen-analyzer-carbon-dioxide-analyzer\/#primaryimage\",\"url\":\"https:\/\/i0.wp.com\/sso2.com\/wp-content\/uploads\/2024\/01\/omd-351-o2-co2.png?fit=1591%2C2560&ssl=1\",\"contentUrl\":\"https:\/\/i0.wp.com\/sso2.com\/wp-content\/uploads\/2024\/01\/omd-351-o2-co2.png?fit=1591%2C2560&ssl=1\",\"width\":1591,\"height\":2560},{\"@type\":\"BreadcrumbList\",\"@id\":\"https:\/\/sso2.com\/product\/ambient-air-oxygen-analyzer-carbon-dioxide-analyzer\/#breadcrumb\",\"itemListElement\":[{\"@type\":\"ListItem\",\"position\":1,\"name\":\"Home\",\"item\":\"https:\/\/sso2.com\/en\/\"},{\"@type\":\"ListItem\",\"position\":2,\"name\":\"Shop\",\"item\":\"https:\/\/sso2.com\/shop\/\"},{\"@type\":\"ListItem\",\"position\":3,\"name\":\"OMD-351-O2-CO2 Dual O2 \/ CO2 Monitor\"}]},{\"@type\":\"WebSite\",\"@id\":\"https:\/\/sso2.com\/#website\",\"url\":\"https:\/\/sso2.com\/\",\"name\":\"Southland Sensing Ltd.\",\"description\":\"Industrial &amp; Medical Gas Analyzers Oxygen CO\u2082, &amp; H\u2082 Monitors\",\"publisher\":{\"@id\":\"https:\/\/sso2.com\/#organization\"},\"alternateName\":\"SSO2\",\"potentialAction\":[{\"@type\":\"SearchAction\",\"target\":{\"@type\":\"EntryPoint\",\"urlTemplate\":\"https:\/\/sso2.com\/?s={search_term_string}\"},\"query-input\":{\"@type\":\"PropertyValueSpecification\",\"valueRequired\":true,\"valueName\":\"search_term_string\"}}],\"inLanguage\":\"vi\"},{\"@type\":\"Organization\",\"@id\":\"https:\/\/sso2.com\/#organization\",\"name\":\"Southland Sensing Ltd.\",\"alternateName\":\"SSO2\",\"url\":\"https:\/\/sso2.com\/\",\"logo\":{\"@type\":\"ImageObject\",\"inLanguage\":\"vi\",\"@id\":\"https:\/\/sso2.com\/#\/schema\/logo\/image\/\",\"url\":\"https:\/\/sso2.com\/wp-content\/uploads\/2025\/10\/sso2_300pixel.webp\",\"contentUrl\":\"https:\/\/sso2.com\/wp-content\/uploads\/2025\/10\/sso2_300pixel.webp\",\"width\":300,\"height\":50,\"caption\":\"Southland Sensing Ltd.\"},\"image\":{\"@id\":\"https:\/\/sso2.com\/#\/schema\/logo\/image\/\"},\"sameAs\":[\"https:\/\/www.linkedin.com\/company\/southland-sensing-ltd\/\"],\"description\":\"Southland Sensing Ltd. brings together superior performance, an improved user experience, and unmatched application expertise to deliver an accurate and reliable measurement solution. That\u2019s why multinationals, small companies and universities alike turn to us again and again.\",\"email\":\"sales@sso2.com\",\"telephone\":\"1-949-398-2879\",\"legalName\":\"Southland Sensing Ltd.\",\"foundingDate\":\"2013-01-01\",\"numberOfEmployees\":{\"@type\":\"QuantitativeValue\",\"minValue\":\"11\",\"maxValue\":\"50\"},\"publishingPrinciples\":\"https:\/\/sso2.com\/contact-us\/\",\"ownershipFundingInfo\":\"https:\/\/sso2.com\/about-us\/\",\"actionableFeedbackPolicy\":\"https:\/\/sso2.com\/contact-us\/\"}]}<\/script>\n<meta property=\"product:price:currency\" content=\"USD\" \/>\n<meta property=\"og:availability\" content=\"instock\" \/>\n<meta property=\"product:availability\" content=\"instock\" \/>\n<meta property=\"product:condition\" content=\"new\" \/>\n<!-- \/ Yoast SEO Premium plugin. -->","yoast_head_json":{"title":"M\u00e1y \u0111o O2\/CO2 k\u00e9p OMD-351 | M\u00e1y ph\u00e2n t\u00edch oxy v\u00e0 CO2","description":"OMD-351 l\u00e0 thi\u1ebft b\u1ecb theo d\u00f5i v\u00e0 ph\u00e2n t\u00edch k\u00e9p O2\/CO2. Cho ph\u00e9p theo d\u00f5i \u0111\u1ed3ng th\u1eddi t\u00ecnh tr\u1ea1ng thi\u1ebfu oxy v\u00e0 n\u1ed3ng \u0111\u1ed9 carbon dioxide (CO2).","robots":{"index":"index","follow":"follow","max-snippet":"max-snippet:-1","max-image-preview":"max-image-preview:large","max-video-preview":"max-video-preview:-1"},"canonical":"https:\/\/sso2.com\/vi\/san-pham\/ambient-air-oxygen-analyzer-carbon-dioxide-analyzer\/","og_locale":"vi_VN","og_type":"article","og_title":"OMD-351-O2-CO2 Dual O2 \/ CO2 Monitor","og_description":"The OMD-351 is a dual O2\/CO2 monitor and analyzer. Get simultaneous monitoring of oxygen deficiency and carbon dioxide (CO2) levels.","og_url":"https:\/\/sso2.com\/vi\/san-pham\/ambient-air-oxygen-analyzer-carbon-dioxide-analyzer\/","og_site_name":"Southland Sensing Ltd.","article_modified_time":"2025-11-19T12:17:25+00:00","og_image":[{"width":1591,"height":2560,"url":"https:\/\/sso2.com\/wp-content\/uploads\/2024\/01\/omd-351-o2-co2.png","type":"image\/png"}],"twitter_card":"summary_large_image","twitter_misc":{"Price":"","Availability":"In stock"},"schema":{"@context":"https:\/\/schema.org","@graph":[{"@type":"WebPage","@id":"https:\/\/sso2.com\/product\/ambient-air-oxygen-analyzer-carbon-dioxide-analyzer\/","url":"https:\/\/sso2.com\/product\/ambient-air-oxygen-analyzer-carbon-dioxide-analyzer\/","name":"M\u00e1y \u0111o O2\/CO2 k\u00e9p OMD-351 | M\u00e1y ph\u00e2n t\u00edch oxy v\u00e0 CO2","isPartOf":{"@id":"https:\/\/sso2.com\/#website"},"primaryImageOfPage":{"@id":"https:\/\/sso2.com\/product\/ambient-air-oxygen-analyzer-carbon-dioxide-analyzer\/#primaryimage"},"image":{"@id":"https:\/\/sso2.com\/product\/ambient-air-oxygen-analyzer-carbon-dioxide-analyzer\/#primaryimage"},"thumbnailUrl":"https:\/\/i0.wp.com\/sso2.com\/wp-content\/uploads\/2024\/01\/omd-351-o2-co2.png?fit=1591%2C2560&ssl=1","datePublished":"2019-09-17T04:47:26+00:00","dateModified":"2025-11-19T12:17:25+00:00","description":"OMD-351 l\u00e0 thi\u1ebft b\u1ecb theo d\u00f5i v\u00e0 ph\u00e2n t\u00edch k\u00e9p O2\/CO2. Cho ph\u00e9p theo d\u00f5i \u0111\u1ed3ng th\u1eddi t\u00ecnh tr\u1ea1ng thi\u1ebfu oxy v\u00e0 n\u1ed3ng \u0111\u1ed9 carbon dioxide (CO2).","breadcrumb":{"@id":"https:\/\/sso2.com\/product\/ambient-air-oxygen-analyzer-carbon-dioxide-analyzer\/#breadcrumb"},"inLanguage":"vi","potentialAction":[{"@type":"ReadAction","target":["https:\/\/sso2.com\/product\/ambient-air-oxygen-analyzer-carbon-dioxide-analyzer\/"]}]},{"@type":"ImageObject","inLanguage":"vi","@id":"https:\/\/sso2.com\/product\/ambient-air-oxygen-analyzer-carbon-dioxide-analyzer\/#primaryimage","url":"https:\/\/i0.wp.com\/sso2.com\/wp-content\/uploads\/2024\/01\/omd-351-o2-co2.png?fit=1591%2C2560&ssl=1","contentUrl":"https:\/\/i0.wp.com\/sso2.com\/wp-content\/uploads\/2024\/01\/omd-351-o2-co2.png?fit=1591%2C2560&ssl=1","width":1591,"height":2560},{"@type":"BreadcrumbList","@id":"https:\/\/sso2.com\/product\/ambient-air-oxygen-analyzer-carbon-dioxide-analyzer\/#breadcrumb","itemListElement":[{"@type":"ListItem","position":1,"name":"Home","item":"https:\/\/sso2.com\/en\/"},{"@type":"ListItem","position":2,"name":"Shop","item":"https:\/\/sso2.com\/shop\/"},{"@type":"ListItem","position":3,"name":"OMD-351-O2-CO2 Dual O2 \/ CO2 Monitor"}]},{"@type":"WebSite","@id":"https:\/\/sso2.com\/#website","url":"https:\/\/sso2.com\/","name":"C\u00f4ng ty TNHH Southland Sensing.","description":"Industrial &amp; Medical Gas Analyzers Oxygen CO\u2082, &amp; H\u2082 Monitors","publisher":{"@id":"https:\/\/sso2.com\/#organization"},"alternateName":"SSO2","potentialAction":[{"@type":"SearchAction","target":{"@type":"EntryPoint","urlTemplate":"https:\/\/sso2.com\/?s={search_term_string}"},"query-input":{"@type":"PropertyValueSpecification","valueRequired":true,"valueName":"search_term_string"}}],"inLanguage":"vi"},{"@type":"Organization","@id":"https:\/\/sso2.com\/#organization","name":"C\u00f4ng ty TNHH Southland Sensing.","alternateName":"SSO2","url":"https:\/\/sso2.com\/","logo":{"@type":"ImageObject","inLanguage":"vi","@id":"https:\/\/sso2.com\/#\/schema\/logo\/image\/","url":"https:\/\/sso2.com\/wp-content\/uploads\/2025\/10\/sso2_300pixel.webp","contentUrl":"https:\/\/sso2.com\/wp-content\/uploads\/2025\/10\/sso2_300pixel.webp","width":300,"height":50,"caption":"Southland Sensing Ltd."},"image":{"@id":"https:\/\/sso2.com\/#\/schema\/logo\/image\/"},"sameAs":["https:\/\/www.linkedin.com\/company\/southland-sensing-ltd\/"],"description":"Southland Sensing Ltd. brings together superior performance, an improved user experience, and unmatched application expertise to deliver an accurate and reliable measurement solution. That\u2019s why multinationals, small companies and universities alike turn to us again and again.","email":"sales@sso2.com","telephone":"1-949-398-2879","legalName":"Southland Sensing Ltd.","foundingDate":"2013-01-01","numberOfEmployees":{"@type":"QuantitativeValue","minValue":"11","maxValue":"50"},"publishingPrinciples":"https:\/\/sso2.com\/contact-us\/","ownershipFundingInfo":"https:\/\/sso2.com\/about-us\/","actionableFeedbackPolicy":"https:\/\/sso2.com\/contact-us\/"}]},"product_price_currency":"USD","og_availability":"instock","product_availability":"instock","product_condition":"new"},"jetpack_sharing_enabled":true,"_links":{"self":[{"href":"https:\/\/sso2.com\/vi\/wp-json\/wp\/v2\/product\/963","targetHints":{"allow":["GET"]}}],"collection":[{"href":"https:\/\/sso2.com\/vi\/wp-json\/wp\/v2\/product"}],"about":[{"href":"https:\/\/sso2.com\/vi\/wp-json\/wp\/v2\/types\/product"}],"replies":[{"embeddable":true,"href":"https:\/\/sso2.com\/vi\/wp-json\/wp\/v2\/comments?post=963"}],"wp:featuredmedia":[{"embeddable":true,"href":"https:\/\/sso2.com\/vi\/wp-json\/wp\/v2\/media\/2236"}],"wp:attachment":[{"href":"https:\/\/sso2.com\/vi\/wp-json\/wp\/v2\/media?parent=963"}],"wp:term":[{"taxonomy":"product_brand","embeddable":true,"href":"https:\/\/sso2.com\/vi\/wp-json\/wp\/v2\/product_brand?post=963"},{"taxonomy":"product_cat","embeddable":true,"href":"https:\/\/sso2.com\/vi\/wp-json\/wp\/v2\/product_cat?post=963"},{"taxonomy":"product_tag","embeddable":true,"href":"https:\/\/sso2.com\/vi\/wp-json\/wp\/v2\/product_tag?post=963"}],"curies":[{"name":"wp","href":"https:\/\/api.w.org\/{rel}","templated":true}]}}