{"id":893,"date":"2019-06-06T16:24:37","date_gmt":"2019-06-06T16:24:37","guid":{"rendered":"https:\/\/demo.activebizsolutions.com\/?post_type=product&#038;p=893"},"modified":"2025-11-19T12:25:30","modified_gmt":"2025-11-19T12:25:30","slug":"hazardous-area-online-process-hydrogen-sulfide-analyzer","status":"publish","type":"product","link":"https:\/\/sso2.com\/vi\/product\/hazardous-area-online-process-hydrogen-sulfide-analyzer\/","title":{"rendered":"M\u00e1y ph\u00e2n t\u00edch kh\u00ed H2S cho khu v\u1ef1c nguy hi\u1ec3m H2S-625"},"content":{"rendered":"<p>M\u00e1y ph\u00e2n t\u00edch hydro sunfua khu v\u1ef1c nguy hi\u1ec3m H2S-625 \u0111\u01b0\u1ee3c thi\u1ebft k\u1ebf \u0111\u1ec3 ho\u1ea1t \u0111\u1ed9ng li\u00ean t\u1ee5c v\u1edbi y\u00eau c\u1ea7u b\u1ea3o tr\u00ec t\u1ed1i thi\u1ec3u. Thi\u1ebft b\u1ecb n\u00e0y \u0111\u01b0\u1ee3c ch\u1ee9ng nh\u1eadn ATEX v\u00e0 IECEx, ph\u00f9 h\u1ee3p \u0111\u1ec3 s\u1eed d\u1ee5ng trong c\u00e1c khu v\u1ef1c Ex db ib IIB+H2 T4 Gb. Thi\u1ebft b\u1ecb k\u1ebft h\u1ee3p b\u1ed9 t\u00ednh n\u0103ng \u0111i\u1ec7n t\u1eed ti\u00ean ti\u1ebfn bao g\u1ed3m giao di\u1ec7n MENU th\u00f4ng minh v\u1edbi c\u00f4ng ngh\u1ec7 c\u1ea3m bi\u1ebfn \u0111i\u1ec7n h\u00f3a ch\u00ednh x\u00e1c h\u00e0ng \u0111\u1ea7u ng\u00e0nh c\u1ee7a ch\u00fang t\u00f4i. K\u1ebft qu\u1ea3 l\u00e0 m\u1ed9t thi\u1ebft k\u1ebf \u0111\u00e1ng tin c\u1eady v\u00e0 hi\u1ec7u qu\u1ea3 v\u1ec1 chi ph\u00ed v\u1edbi giao di\u1ec7n ng\u01b0\u1eddi d\u00f9ng d\u1ec5 s\u1eed d\u1ee5ng.<\/p>\n<ul>\n<li>Lo\u1ea1i v\u1ecf: L\u1eafp t\u01b0\u1eddng; L\u1eafp c\u1ed9t<\/li>\n<li>Ph\u1ea1m vi ti\u00eau chu\u1ea9n: 0 \u2013 10\/50\/100\/200 PPM<\/li>\n<li>Ph\u1ea1m vi t\u00f9y ch\u1ecdn: 0 \u2013 100\/500\/1000\/2000 PPM<\/li>\n<li>Ph\u1ea1m vi t\u00f9y ch\u1ecdn: 0 \u2013 1000\/2000\/5000\/10000 PPM<\/li>\n<li>Ch\u1ebf \u0111\u1ed9 d\u1ea3i \u0111o: T\u1ef1 \u0111\u1ed9ng ho\u1eb7c Th\u1ee7 c\u00f4ng<\/li>\n<li>\u0110\u1ed9 ph\u00e2n gi\u1ea3i: 0,01 PPM, 0,1 PPM ho\u1eb7c 1 PPM<\/li>\n<li>\u0110i\u1ec7n \u00e1p \u0111\u1ea7u v\u00e0o: 100 \u2013 240 VAC ho\u1eb7c 12 \u2013 24 VDC<\/li>\n<li>\u0110\u1ea7u ra analog: 4 \u2013 20mA ho\u1eb7c 1 \u2013 5V DC<\/li>\n<li>Giao ti\u1ebfp: MODBUS RS485 hai chi\u1ec1u (RTU)<\/li>\n<li>C\u00f2i b\u00e1o \u0111\u1ed9ng: 2 ti\u1ebfp \u0111i\u1ec3m r\u01a1le d\u1ea1ng C c\u00f3 th\u1ec3 \u0111i\u1ec1u ch\u1ec9nh ho\u00e0n to\u00e0n<\/li>\n<\/ul>\n<p>Giao di\u1ec7n menu th\u00f4ng minh t\u00edch h\u1ee3p cho ph\u00e9p ng\u01b0\u1eddi d\u00f9ng c\u1ea5u h\u00ecnh \u0111\u1ea7y \u0111\u1ee7 m\u00e1y ph\u00e2n t\u00edch th\u00f4ng qua h\u1ec7 th\u1ed1ng menu tr\u00ean bo m\u1ea1ch, kh\u00f4ng c\u1ea7n s\u1eed d\u1ee5ng laptop ph\u1ee9c t\u1ea1p ho\u1eb7c thi\u1ebft b\u1ecb \u0111i\u1ec1u khi\u1ec3n kh\u00e1c \u0111\u1ec3 thi\u1ebft l\u1eadp m\u00e1y ph\u00e2n t\u00edch t\u1ea1i hi\u1ec7n tr\u01b0\u1eddng.<\/p>\n<p>M\u00e1y ph\u00e2n t\u00edch \u0111\u01b0\u1ee3c thi\u1ebft k\u1ebf d\u01b0\u1edbi d\u1ea1ng \u0111\u01a1n v\u1ecb chi\u1ebft xu\u1ea5t, h\u00fat m\u1eabu qua h\u1ec7 th\u1ed1ng l\u1ea5y m\u1eabu t\u00edch h\u1ee3p, bao g\u1ed3m van 3 chi\u1ec1u m\u1eabu\/\u0111o kho\u1ea3ng c\u00e1ch v\u00e0 \u0111\u1ed3ng h\u1ed3 \u0111o l\u01b0u l\u01b0\u1ee3ng quay\/\u0111\u1ed3ng h\u1ed3 \u0111o l\u01b0u l\u01b0\u1ee3ng c\u00f3 van \u0111i\u1ec1u khi\u1ec3n l\u01b0u l\u01b0\u1ee3ng. M\u00e1y ph\u00e2n t\u00edch c\u00f3 thi\u1ebft k\u1ebf \u0111\u1ed9c \u0111\u00e1o cho ph\u00e9p \u0111o n\u1ed3ng \u0111\u1ed9 H2S ch\u00ednh x\u00e1c m\u00e0 kh\u00f4ng c\u1ea7n oxy c\u00f3 m\u1eb7t trong kh\u00ed m\u1eabu.<\/p>\n<p>C\u1ea3m bi\u1ebfn H2S d\u1ef1a tr\u00ean nguy\u00ean l\u00fd t\u1ebf b\u00e0o \u0111i\u1ec7n h\u00f3a galvanic. C\u00e1c c\u1ea3m bi\u1ebfn n\u00e0y l\u00e0 thi\u1ebft b\u1ecb \u0111\u1ed9c l\u1eadp v\u00e0 y\u00eau c\u1ea7u b\u1ea3o tr\u00ec t\u1ed1i thi\u1ec3u \u2013 kh\u00f4ng c\u1ea7n l\u00e0m s\u1ea1ch \u0111i\u1ec7n c\u1ef1c ho\u1eb7c th\u00eam \u0111i\u1ec7n gi\u1ea3i. C\u00e1c c\u1ea3m bi\u1ebfn ch\u00ednh x\u00e1c cung c\u1ea5p hi\u1ec7u su\u1ea5t, \u0111\u1ed9 ch\u00ednh x\u00e1c v\u00e0 \u0111\u1ed9 \u1ed5n \u0111\u1ecbnh xu\u1ea5t s\u1eafc \u0111\u1ed3ng th\u1eddi t\u1ed1i \u0111a h\u00f3a tu\u1ed5i th\u1ecd d\u1ef1 ki\u1ebfn.  M\u00e1y ph\u00e2n t\u00edch \u0111i k\u00e8m v\u1edbi 3 c\u1ea3m bi\u1ebfn t\u00f9y ch\u1ecdn. C\u1ea3m bi\u1ebfn H2S-1x c\u00f3 4 d\u1ea3i \u0111o: 0 \u2013 10 ppm, 0 \u2013 50 ppm, 0 \u2013 100 ppm, 0 \u2013 200 ppm.  H2S-2x c\u00f3 c\u00e1c d\u1ea3i \u0111o 0 \u2013 100 ppm, 0 \u2013 500 ppm, 0 \u2013 1000 ppm v\u00e0 0 \u2013 2000 ppm. H2S-3x c\u00f3 c\u00e1c d\u1ea3i \u0111o 0 \u2013 1000 ppm, 0 \u2013 2000 ppm, 0 \u2013 5000 ppm v\u00e0 0 \u2013 10000 ppm.<\/p>\n<p>C\u00e1c c\u1ea3m bi\u1ebfn l\u00e0 thi\u1ebft b\u1ecb \u0111\u1ed9c l\u1eadp v\u00e0 y\u00eau c\u1ea7u b\u1ea3o tr\u00ec t\u1ed1i thi\u1ec3u \u2013 kh\u00f4ng c\u1ea7n v\u1ec7 sinh \u0111i\u1ec7n c\u1ef1c ho\u1eb7c th\u00eam ch\u1ea5t \u0111i\u1ec7n ph\u00e2n.<\/p>\n<p>C\u00e1c \u1ee9ng d\u1ee5ng ch\u00ednh c\u1ee7a thi\u1ebft b\u1ecb ph\u00e2n t\u00edch n\u00e0y bao g\u1ed3m kh\u00ed \u0111\u1ed1t t\u1ef1 nhi\u00ean, kh\u00ed th\u1ea3i t\u1eeb b\u00e3i r\u00e1c v\u00e0 kh\u00ed sinh h\u1ecdc.<\/p>","protected":false},"excerpt":{"rendered":"<p>The H2S-625 Hazardous Area Online Hydrogen Sulfide Analyzer is designed to continuously with very little maintenance requirement.\u00a0 The analyzer comes with ATEX and IECEx certification for use in Ex db ib IIB+H2 T4 Gb areas. The unit combines an advanced set of electronic features including a smart MENU interface with our industry leading precision electrochemical [&hellip;]<\/p>\n","protected":false},"featured_media":1914,"comment_status":"open","ping_status":"closed","template":"","meta":[],"product_brand":[],"product_cat":[29],"product_tag":[],"class_list":{"0":"post-893","1":"product","2":"type-product","3":"status-publish","4":"has-post-thumbnail","6":"product_cat-industrial-h2s-analyzers","8":"first","9":"instock","10":"shipping-taxable","11":"product-type-external"},"yoast_head":"<!-- This site is optimized with the Yoast SEO Premium plugin v27.2 (Yoast SEO v27.2) - https:\/\/yoast.com\/product\/yoast-seo-premium-wordpress\/ -->\n<title>H2S-625 Hazardous Area H2S Analyzer | Gas Detector<\/title>\n<meta name=\"description\" content=\"The H2S-625 is a hazardous area H2S analyzer. Ensure safety with reliable gas detection in potentially oxygen deficient atmosphere environments.\" \/>\n<meta name=\"robots\" content=\"index, follow, max-snippet:-1, max-image-preview:large, max-video-preview:-1\" \/>\n<link rel=\"canonical\" href=\"https:\/\/sso2.com\/vi\/san-pham\/hazardous-area-online-process-hydrogen-sulfide-analyzer\/\" \/>\n<meta property=\"og:locale\" content=\"vi_VN\" \/>\n<meta property=\"og:type\" content=\"article\" \/>\n<meta property=\"og:title\" content=\"H2S-625 Hazardous Area H2S Analyzer\" \/>\n<meta property=\"og:description\" content=\"The H2S-625 is a hazardous area H2S analyzer. Ensure safety with reliable gas detection in potentially oxygen deficient atmosphere environments.\" \/>\n<meta property=\"og:url\" content=\"https:\/\/sso2.com\/vi\/san-pham\/hazardous-area-online-process-hydrogen-sulfide-analyzer\/\" \/>\n<meta property=\"og:site_name\" content=\"Southland Sensing Ltd.\" \/>\n<meta property=\"article:modified_time\" content=\"2025-11-19T12:25:30+00:00\" \/>\n<meta property=\"og:image\" content=\"https:\/\/sso2.com\/wp-content\/uploads\/2022\/06\/h2s-625.png\" \/>\n\t<meta property=\"og:image:width\" content=\"966\" \/>\n\t<meta property=\"og:image:height\" content=\"940\" \/>\n\t<meta property=\"og:image:type\" content=\"image\/png\" \/>\n<meta name=\"twitter:card\" content=\"summary_large_image\" \/>\n<meta name=\"twitter:label1\" content=\"Price\" \/>\n\t<meta name=\"twitter:data1\" content=\"\" \/>\n\t<meta name=\"twitter:label2\" content=\"Availability\" \/>\n\t<meta name=\"twitter:data2\" content=\"In stock\" \/>\n<script type=\"application\/ld+json\" class=\"yoast-schema-graph\">{\"@context\":\"https:\/\/schema.org\",\"@graph\":[{\"@type\":\"WebPage\",\"@id\":\"https:\/\/sso2.com\/product\/hazardous-area-online-process-hydrogen-sulfide-analyzer\/\",\"url\":\"https:\/\/sso2.com\/product\/hazardous-area-online-process-hydrogen-sulfide-analyzer\/\",\"name\":\"H2S-625 Hazardous Area H2S Analyzer | Gas Detector\",\"isPartOf\":{\"@id\":\"https:\/\/sso2.com\/#website\"},\"primaryImageOfPage\":{\"@id\":\"https:\/\/sso2.com\/product\/hazardous-area-online-process-hydrogen-sulfide-analyzer\/#primaryimage\"},\"image\":{\"@id\":\"https:\/\/sso2.com\/product\/hazardous-area-online-process-hydrogen-sulfide-analyzer\/#primaryimage\"},\"thumbnailUrl\":\"https:\/\/i0.wp.com\/sso2.com\/wp-content\/uploads\/2022\/06\/h2s-625.png?fit=966%2C940&ssl=1\",\"datePublished\":\"2019-06-06T16:24:37+00:00\",\"dateModified\":\"2025-11-19T12:25:30+00:00\",\"description\":\"The H2S-625 is a hazardous area H2S analyzer. Ensure safety with reliable gas detection in potentially oxygen deficient atmosphere environments.\",\"breadcrumb\":{\"@id\":\"https:\/\/sso2.com\/product\/hazardous-area-online-process-hydrogen-sulfide-analyzer\/#breadcrumb\"},\"inLanguage\":\"vi\",\"potentialAction\":[{\"@type\":\"ReadAction\",\"target\":[\"https:\/\/sso2.com\/product\/hazardous-area-online-process-hydrogen-sulfide-analyzer\/\"]}]},{\"@type\":\"ImageObject\",\"inLanguage\":\"vi\",\"@id\":\"https:\/\/sso2.com\/product\/hazardous-area-online-process-hydrogen-sulfide-analyzer\/#primaryimage\",\"url\":\"https:\/\/i0.wp.com\/sso2.com\/wp-content\/uploads\/2022\/06\/h2s-625.png?fit=966%2C940&ssl=1\",\"contentUrl\":\"https:\/\/i0.wp.com\/sso2.com\/wp-content\/uploads\/2022\/06\/h2s-625.png?fit=966%2C940&ssl=1\",\"width\":966,\"height\":940},{\"@type\":\"BreadcrumbList\",\"@id\":\"https:\/\/sso2.com\/product\/hazardous-area-online-process-hydrogen-sulfide-analyzer\/#breadcrumb\",\"itemListElement\":[{\"@type\":\"ListItem\",\"position\":1,\"name\":\"Home\",\"item\":\"https:\/\/sso2.com\/en\/\"},{\"@type\":\"ListItem\",\"position\":2,\"name\":\"Shop\",\"item\":\"https:\/\/sso2.com\/shop\/\"},{\"@type\":\"ListItem\",\"position\":3,\"name\":\"H2S-625 Hazardous Area H2S Analyzer\"}]},{\"@type\":\"WebSite\",\"@id\":\"https:\/\/sso2.com\/#website\",\"url\":\"https:\/\/sso2.com\/\",\"name\":\"Southland Sensing Ltd.\",\"description\":\"Industrial &amp; Medical Gas Analyzers Oxygen CO\u2082, &amp; H\u2082 Monitors\",\"publisher\":{\"@id\":\"https:\/\/sso2.com\/#organization\"},\"alternateName\":\"SSO2\",\"potentialAction\":[{\"@type\":\"SearchAction\",\"target\":{\"@type\":\"EntryPoint\",\"urlTemplate\":\"https:\/\/sso2.com\/?s={search_term_string}\"},\"query-input\":{\"@type\":\"PropertyValueSpecification\",\"valueRequired\":true,\"valueName\":\"search_term_string\"}}],\"inLanguage\":\"vi\"},{\"@type\":\"Organization\",\"@id\":\"https:\/\/sso2.com\/#organization\",\"name\":\"Southland Sensing Ltd.\",\"alternateName\":\"SSO2\",\"url\":\"https:\/\/sso2.com\/\",\"logo\":{\"@type\":\"ImageObject\",\"inLanguage\":\"vi\",\"@id\":\"https:\/\/sso2.com\/#\/schema\/logo\/image\/\",\"url\":\"https:\/\/sso2.com\/wp-content\/uploads\/2025\/10\/sso2_300pixel.webp\",\"contentUrl\":\"https:\/\/sso2.com\/wp-content\/uploads\/2025\/10\/sso2_300pixel.webp\",\"width\":300,\"height\":50,\"caption\":\"Southland Sensing Ltd.\"},\"image\":{\"@id\":\"https:\/\/sso2.com\/#\/schema\/logo\/image\/\"},\"sameAs\":[\"https:\/\/www.linkedin.com\/company\/southland-sensing-ltd\/\"],\"description\":\"Southland Sensing Ltd. brings together superior performance, an improved user experience, and unmatched application expertise to deliver an accurate and reliable measurement solution. That\u2019s why multinationals, small companies and universities alike turn to us again and again.\",\"email\":\"sales@sso2.com\",\"telephone\":\"1-949-398-2879\",\"legalName\":\"Southland Sensing Ltd.\",\"foundingDate\":\"2013-01-01\",\"numberOfEmployees\":{\"@type\":\"QuantitativeValue\",\"minValue\":\"11\",\"maxValue\":\"50\"},\"publishingPrinciples\":\"https:\/\/sso2.com\/contact-us\/\",\"ownershipFundingInfo\":\"https:\/\/sso2.com\/about-us\/\",\"actionableFeedbackPolicy\":\"https:\/\/sso2.com\/contact-us\/\"}]}<\/script>\n<meta property=\"product:price:currency\" content=\"USD\" \/>\n<meta property=\"og:availability\" content=\"instock\" \/>\n<meta property=\"product:availability\" content=\"instock\" \/>\n<meta property=\"product:condition\" content=\"new\" \/>\n<!-- \/ Yoast SEO Premium plugin. -->","yoast_head_json":{"title":"M\u00e1y ph\u00e2n t\u00edch H2S-625 d\u00f9ng trong khu v\u1ef1c nguy hi\u1ec3m | M\u00e1y d\u00f2 kh\u00ed","description":"M\u00e1y ph\u00e2n t\u00edch H2S-625 l\u00e0 m\u00e1y ph\u00e2n t\u00edch H2S d\u00f9ng trong khu v\u1ef1c nguy hi\u1ec3m. \u0110\u1ea3m b\u1ea3o an to\u00e0n v\u1edbi kh\u1ea3 n\u0103ng ph\u00e1t hi\u1ec7n kh\u00ed \u0111\u00e1ng tin c\u1eady trong m\u00f4i tr\u01b0\u1eddng c\u00f3 th\u1ec3 thi\u1ebfu oxy.","robots":{"index":"index","follow":"follow","max-snippet":"max-snippet:-1","max-image-preview":"max-image-preview:large","max-video-preview":"max-video-preview:-1"},"canonical":"https:\/\/sso2.com\/vi\/san-pham\/hazardous-area-online-process-hydrogen-sulfide-analyzer\/","og_locale":"vi_VN","og_type":"article","og_title":"H2S-625 Hazardous Area H2S Analyzer","og_description":"The H2S-625 is a hazardous area H2S analyzer. Ensure safety with reliable gas detection in potentially oxygen deficient atmosphere environments.","og_url":"https:\/\/sso2.com\/vi\/san-pham\/hazardous-area-online-process-hydrogen-sulfide-analyzer\/","og_site_name":"Southland Sensing Ltd.","article_modified_time":"2025-11-19T12:25:30+00:00","og_image":[{"width":966,"height":940,"url":"https:\/\/sso2.com\/wp-content\/uploads\/2022\/06\/h2s-625.png","type":"image\/png"}],"twitter_card":"summary_large_image","twitter_misc":{"Price":"","Availability":"In stock"},"schema":{"@context":"https:\/\/schema.org","@graph":[{"@type":"WebPage","@id":"https:\/\/sso2.com\/product\/hazardous-area-online-process-hydrogen-sulfide-analyzer\/","url":"https:\/\/sso2.com\/product\/hazardous-area-online-process-hydrogen-sulfide-analyzer\/","name":"M\u00e1y ph\u00e2n t\u00edch H2S-625 d\u00f9ng trong khu v\u1ef1c nguy hi\u1ec3m | M\u00e1y d\u00f2 kh\u00ed","isPartOf":{"@id":"https:\/\/sso2.com\/#website"},"primaryImageOfPage":{"@id":"https:\/\/sso2.com\/product\/hazardous-area-online-process-hydrogen-sulfide-analyzer\/#primaryimage"},"image":{"@id":"https:\/\/sso2.com\/product\/hazardous-area-online-process-hydrogen-sulfide-analyzer\/#primaryimage"},"thumbnailUrl":"https:\/\/i0.wp.com\/sso2.com\/wp-content\/uploads\/2022\/06\/h2s-625.png?fit=966%2C940&ssl=1","datePublished":"2019-06-06T16:24:37+00:00","dateModified":"2025-11-19T12:25:30+00:00","description":"M\u00e1y ph\u00e2n t\u00edch H2S-625 l\u00e0 m\u00e1y ph\u00e2n t\u00edch H2S d\u00f9ng trong khu v\u1ef1c nguy hi\u1ec3m. \u0110\u1ea3m b\u1ea3o an to\u00e0n v\u1edbi kh\u1ea3 n\u0103ng ph\u00e1t hi\u1ec7n kh\u00ed \u0111\u00e1ng tin c\u1eady trong m\u00f4i tr\u01b0\u1eddng c\u00f3 th\u1ec3 thi\u1ebfu oxy.","breadcrumb":{"@id":"https:\/\/sso2.com\/product\/hazardous-area-online-process-hydrogen-sulfide-analyzer\/#breadcrumb"},"inLanguage":"vi","potentialAction":[{"@type":"ReadAction","target":["https:\/\/sso2.com\/product\/hazardous-area-online-process-hydrogen-sulfide-analyzer\/"]}]},{"@type":"ImageObject","inLanguage":"vi","@id":"https:\/\/sso2.com\/product\/hazardous-area-online-process-hydrogen-sulfide-analyzer\/#primaryimage","url":"https:\/\/i0.wp.com\/sso2.com\/wp-content\/uploads\/2022\/06\/h2s-625.png?fit=966%2C940&ssl=1","contentUrl":"https:\/\/i0.wp.com\/sso2.com\/wp-content\/uploads\/2022\/06\/h2s-625.png?fit=966%2C940&ssl=1","width":966,"height":940},{"@type":"BreadcrumbList","@id":"https:\/\/sso2.com\/product\/hazardous-area-online-process-hydrogen-sulfide-analyzer\/#breadcrumb","itemListElement":[{"@type":"ListItem","position":1,"name":"Home","item":"https:\/\/sso2.com\/en\/"},{"@type":"ListItem","position":2,"name":"Shop","item":"https:\/\/sso2.com\/shop\/"},{"@type":"ListItem","position":3,"name":"H2S-625 Hazardous Area H2S Analyzer"}]},{"@type":"WebSite","@id":"https:\/\/sso2.com\/#website","url":"https:\/\/sso2.com\/","name":"C\u00f4ng ty TNHH Southland Sensing.","description":"Industrial &amp; Medical Gas Analyzers Oxygen CO\u2082, &amp; H\u2082 Monitors","publisher":{"@id":"https:\/\/sso2.com\/#organization"},"alternateName":"SSO2","potentialAction":[{"@type":"SearchAction","target":{"@type":"EntryPoint","urlTemplate":"https:\/\/sso2.com\/?s={search_term_string}"},"query-input":{"@type":"PropertyValueSpecification","valueRequired":true,"valueName":"search_term_string"}}],"inLanguage":"vi"},{"@type":"Organization","@id":"https:\/\/sso2.com\/#organization","name":"C\u00f4ng ty TNHH Southland Sensing.","alternateName":"SSO2","url":"https:\/\/sso2.com\/","logo":{"@type":"ImageObject","inLanguage":"vi","@id":"https:\/\/sso2.com\/#\/schema\/logo\/image\/","url":"https:\/\/sso2.com\/wp-content\/uploads\/2025\/10\/sso2_300pixel.webp","contentUrl":"https:\/\/sso2.com\/wp-content\/uploads\/2025\/10\/sso2_300pixel.webp","width":300,"height":50,"caption":"Southland Sensing Ltd."},"image":{"@id":"https:\/\/sso2.com\/#\/schema\/logo\/image\/"},"sameAs":["https:\/\/www.linkedin.com\/company\/southland-sensing-ltd\/"],"description":"Southland Sensing Ltd. brings together superior performance, an improved user experience, and unmatched application expertise to deliver an accurate and reliable measurement solution. That\u2019s why multinationals, small companies and universities alike turn to us again and again.","email":"sales@sso2.com","telephone":"1-949-398-2879","legalName":"Southland Sensing Ltd.","foundingDate":"2013-01-01","numberOfEmployees":{"@type":"QuantitativeValue","minValue":"11","maxValue":"50"},"publishingPrinciples":"https:\/\/sso2.com\/contact-us\/","ownershipFundingInfo":"https:\/\/sso2.com\/about-us\/","actionableFeedbackPolicy":"https:\/\/sso2.com\/contact-us\/"}]},"product_price_currency":"USD","og_availability":"instock","product_availability":"instock","product_condition":"new"},"jetpack_sharing_enabled":true,"_links":{"self":[{"href":"https:\/\/sso2.com\/vi\/wp-json\/wp\/v2\/product\/893","targetHints":{"allow":["GET"]}}],"collection":[{"href":"https:\/\/sso2.com\/vi\/wp-json\/wp\/v2\/product"}],"about":[{"href":"https:\/\/sso2.com\/vi\/wp-json\/wp\/v2\/types\/product"}],"replies":[{"embeddable":true,"href":"https:\/\/sso2.com\/vi\/wp-json\/wp\/v2\/comments?post=893"}],"wp:featuredmedia":[{"embeddable":true,"href":"https:\/\/sso2.com\/vi\/wp-json\/wp\/v2\/media\/1914"}],"wp:attachment":[{"href":"https:\/\/sso2.com\/vi\/wp-json\/wp\/v2\/media?parent=893"}],"wp:term":[{"taxonomy":"product_brand","embeddable":true,"href":"https:\/\/sso2.com\/vi\/wp-json\/wp\/v2\/product_brand?post=893"},{"taxonomy":"product_cat","embeddable":true,"href":"https:\/\/sso2.com\/vi\/wp-json\/wp\/v2\/product_cat?post=893"},{"taxonomy":"product_tag","embeddable":true,"href":"https:\/\/sso2.com\/vi\/wp-json\/wp\/v2\/product_tag?post=893"}],"curies":[{"name":"wp","href":"https:\/\/api.w.org\/{rel}","templated":true}]}}