{"id":862,"date":"2019-05-07T17:24:48","date_gmt":"2019-05-07T17:24:48","guid":{"rendered":"https:\/\/demo.activebizsolutions.com\/?post_type=product&#038;p=862"},"modified":"2025-11-19T12:27:10","modified_gmt":"2025-11-19T12:27:10","slug":"portable-trace-hydrogen-sulfide-analyzer-ce","status":"publish","type":"product","link":"https:\/\/sso2.com\/vi\/product\/portable-trace-hydrogen-sulfide-analyzer-ce\/","title":{"rendered":"H2S-740 M\u00e1y ph\u00e2n t\u00edch hydro sunfua di \u0111\u1ed9ng"},"content":{"rendered":"<p>M\u00e1y ph\u00e2n t\u00edch Hydrogen Sulfide di \u0111\u1ed9ng H2S-740 k\u1ebft h\u1ee3p v\u1ecf nh\u00f4m anodized ch\u1eafc ch\u1eafn v\u00e0 b\u1ed9 t\u00ednh n\u0103ng \u0111i\u1ec7n t\u1eed ti\u00ean ti\u1ebfn, bao g\u1ed3m giao di\u1ec7n MENU th\u00f4ng minh c\u00f9ng c\u00f4ng ngh\u1ec7 c\u1ea3m bi\u1ebfn ch\u00ednh x\u00e1c c\u1ee7a SSO2. K\u1ebft qu\u1ea3 l\u00e0 m\u1ed9t thi\u1ebft k\u1ebf \u0111\u00e1ng tin c\u1eady v\u00e0 hi\u1ec7u qu\u1ea3 v\u1ec1 chi ph\u00ed, v\u1edbi giao di\u1ec7n ng\u01b0\u1eddi d\u00f9ng d\u1ec5 s\u1eed d\u1ee5ng.<\/p>\n<ul>\n<li>V\u1ecf: Nh\u00f4m anodized; Di \u0111\u1ed9ng<\/li>\n<li>Ph\u1ea1m vi ti\u00eau chu\u1ea9n: 0 \u2013 10\/50\/100\/200 PPM<\/li>\n<li>Ph\u1ea1m vi t\u00f9y ch\u1ecdn: 0 \u2013 100\/500\/1000\/2000 PPM<\/li>\n<li>Ph\u1ea1m vi t\u00f9y ch\u1ecdn: 0 \u2013 1000\/2000\/5000\/10000 PPM<\/li>\n<li>\u0110\u1ed9 ph\u00e2n gi\u1ea3i: 0,01 PPM, 0,1 PPM ho\u1eb7c 1 PPM<\/li>\n<li>\u0110i\u1ec7n \u00e1p \u0111\u1ea7u v\u00e0o: 100 \u2013 240 VAC k\u00e8m theo ph\u00edch c\u1eafm qu\u1ed1c t\u1ebf<\/li>\n<li>\u0110\u1ea7u ra analog: 0 \u2013 1V DC<\/li>\n<li>Ghi d\u1eef li\u1ec7u: \u1ed4 \u0111\u0129a flash USB c\u00f3 th\u1ec3 th\u00e1o r\u1eddi<\/li>\n<li>B\u01a1m l\u1ea5y m\u1eabu t\u00edch ph\u00e2n t\u00f9y ch\u1ecdn<\/li>\n<\/ul>\n<p>Giao di\u1ec7n menu th\u00f4ng minh t\u00edch h\u1ee3p cho ph\u00e9p ng\u01b0\u1eddi d\u00f9ng c\u1ea5u h\u00ecnh \u0111\u1ea7y \u0111\u1ee7 m\u00e1y ph\u00e2n t\u00edch th\u00f4ng qua h\u1ec7 th\u1ed1ng menu tr\u00ean bo m\u1ea1ch. Kh\u00f4ng c\u1ea7n s\u1eed d\u1ee5ng laptop ph\u1ee9c t\u1ea1p ho\u1eb7c thi\u1ebft b\u1ecb \u0111i\u1ec1u khi\u1ec3n kh\u00e1c \u0111\u1ec3 c\u00e0i \u0111\u1eb7t m\u00e1y ph\u00e2n t\u00edch t\u1ea1i hi\u1ec7n tr\u01b0\u1eddng.<\/p>\n<p>C\u1ea3m bi\u1ebfn H2S d\u1ef1a tr\u00ean nguy\u00ean l\u00fd t\u1ebf b\u00e0o \u0111i\u1ec7n h\u00f3a galvanic. C\u00e1c c\u1ea3m bi\u1ebfn n\u00e0y l\u00e0 thi\u1ebft b\u1ecb \u0111\u1ed9c l\u1eadp v\u00e0 y\u00eau c\u1ea7u b\u1ea3o tr\u00ec t\u1ed1i thi\u1ec3u \u2013 kh\u00f4ng c\u1ea7n l\u00e0m s\u1ea1ch \u0111i\u1ec7n c\u1ef1c ho\u1eb7c th\u00eam \u0111i\u1ec7n gi\u1ea3i. C\u00e1c c\u1ea3m bi\u1ebfn ch\u00ednh x\u00e1c cung c\u1ea5p hi\u1ec7u su\u1ea5t, \u0111\u1ed9 ch\u00ednh x\u00e1c v\u00e0 \u0111\u1ed9 \u1ed5n \u0111\u1ecbnh xu\u1ea5t s\u1eafc \u0111\u1ed3ng th\u1eddi t\u1ed1i \u0111a h\u00f3a tu\u1ed5i th\u1ecd d\u1ef1 ki\u1ebfn.  M\u00e1y ph\u00e2n t\u00edch \u0111i k\u00e8m v\u1edbi 3 c\u1ea3m bi\u1ebfn t\u00f9y ch\u1ecdn. C\u1ea3m bi\u1ebfn H2S-1x c\u00f3 4 d\u1ea3i \u0111o: 0 \u2013 10 ppm, 0 \u2013 50 ppm, 0 \u2013 100 ppm, 0 \u2013 200 ppm.  H2S-2x c\u00f3 c\u00e1c d\u1ea3i \u0111o 0 \u2013 100 ppm, 0 \u2013 500 ppm, 0 \u2013 1000 ppm v\u00e0 0 \u2013 2000 ppm. H2S-3x c\u00f3 c\u00e1c d\u1ea3i \u0111o 0 \u2013 1000 ppm, 0 \u2013 2000 ppm, 0 \u2013 5000 ppm v\u00e0 0 \u2013 10000 ppm.<\/p>\n<p>M\u1ed9t \u1ed5 USB flash c\u00f3 th\u1ec3 th\u00e1o r\u1eddi \u0111\u1ec3 ghi d\u1eef li\u1ec7u d\u01b0\u1edbi \u0111\u1ecbnh d\u1ea1ng t\u1ec7p .CSV (Excel). V\u1edbi \u1ed5 USB flash 8GB, b\u1ea1n c\u00f3 th\u1ec3 ghi d\u1eef li\u1ec7u v\u1edbi kho\u1ea3ng th\u1eddi gian 1 ph\u00fat trong kho\u1ea3ng 50 n\u0103m tr\u01b0\u1edbc khi h\u1ebft dung l\u01b0\u1ee3ng l\u01b0u tr\u1eef. B\u1ed9 t\u00ednh n\u0103ng \u0111i\u1ec7n t\u1eed ti\u00ean ti\u1ebfn v\u00e0 t\u00ednh linh ho\u1ea1t trong vi\u1ec7c truy c\u1eadp d\u1eef li\u1ec7u m\u1ed9t c\u00e1ch d\u1ec5 d\u00e0ng gi\u00fap thi\u1ebft b\u1ecb ph\u00e2n t\u00edch n\u00e0y tr\u1edf n\u00ean v\u00f4 song tr\u00ean th\u1ecb tr\u01b0\u1eddng.<\/p>\n<p>M\u00e0n h\u00ecnh c\u1ee7a m\u00e1y ph\u00e2n t\u00edch \u0111\u01b0\u1ee3c thi\u1ebft k\u1ebf \u0111\u1ec3 s\u1eed d\u1ee5ng d\u01b0\u1edbi \u00e1nh n\u1eafng tr\u1ef1c ti\u1ebfp. Kh\u00f4ng c\u1ea7n mang theo b\u00f3ng r\u00e2m ho\u1eb7c c\u00e1c ph\u01b0\u01a1ng ph\u00e1p kh\u00e1c \u0111\u1ec3 nh\u00ecn th\u1ea5y m\u00e0n h\u00ecnh.<\/p>\n<p>M\u00e1y ph\u00e2n t\u00edch \u0111i k\u00e8m v\u1edbi h\u1ec7 th\u1ed1ng l\u1ea5y m\u1eabu t\u00edch h\u1ee3p, bao g\u1ed3m n\u00fam \u0111i\u1ec1u ch\u1ec9nh l\u01b0u l\u01b0\u1ee3ng v\u00e0 ch\u1ec9 b\u00e1o l\u01b0u l\u01b0\u1ee3ng. C\u1ed5ng v\u00e0o kh\u00ed \u0111\u01b0\u1ee3c k\u1ebft n\u1ed1i th\u00f4ng qua \u1ed1ng n\u1ed1i n\u00e9n 1\/8\u2033.<\/p>","protected":false},"excerpt":{"rendered":"<p>The H2S-740 Portable Hydrogen Sulfide analyzer combine a rugged anodized aluminum enclosure and an advanced set of electronic features including a smart MENU interface with our SSO2&#8217;s precision sensor technology.\u00a0 The result is a highly reliable and cost effective design with easy-to-use user interface. Enclosure: Anodized Aluminum; Portable Standard Ranges: 0 \u2013 10\/50\/100\/200 PPM Optional [&hellip;]<\/p>\n","protected":false},"featured_media":3941,"comment_status":"open","ping_status":"closed","template":"","meta":[],"product_brand":[],"product_cat":[26],"product_tag":[],"class_list":{"0":"post-862","1":"product","2":"type-product","3":"status-publish","4":"has-post-thumbnail","6":"product_cat-industrial-oxygen-analyzers","8":"first","9":"instock","10":"shipping-taxable","11":"product-type-external"},"yoast_head":"<!-- This site is optimized with the Yoast SEO Premium plugin v27.2 (Yoast SEO v27.2) - https:\/\/yoast.com\/product\/yoast-seo-premium-wordpress\/ -->\n<title>H2S-740 Portable Trace H2S Analyzer | Gas Detector<\/title>\n<meta name=\"description\" content=\"The H2S-740 is a portable analyzer for trace hydrogen sulfide (H2S). Reliable gas detection for ambient air and deficient atmosphere monitoring.\" \/>\n<meta name=\"robots\" content=\"index, follow, max-snippet:-1, max-image-preview:large, max-video-preview:-1\" \/>\n<link rel=\"canonical\" href=\"https:\/\/sso2.com\/vi\/san-pham\/portable-trace-hydrogen-sulfide-analyzer-ce\/\" \/>\n<meta property=\"og:locale\" content=\"vi_VN\" \/>\n<meta property=\"og:type\" content=\"article\" \/>\n<meta property=\"og:title\" content=\"H2S-740 Portable Trace Hydrogen Sulfide Analyzer\" \/>\n<meta property=\"og:description\" content=\"The H2S-740 is a portable analyzer for trace hydrogen sulfide (H2S). Reliable gas detection for ambient air and deficient atmosphere monitoring.\" \/>\n<meta property=\"og:url\" content=\"https:\/\/sso2.com\/vi\/san-pham\/portable-trace-hydrogen-sulfide-analyzer-ce\/\" \/>\n<meta property=\"og:site_name\" content=\"Southland Sensing Ltd.\" \/>\n<meta property=\"article:modified_time\" content=\"2025-11-19T12:27:10+00:00\" \/>\n<meta property=\"og:image\" content=\"https:\/\/sso2.com\/wp-content\/uploads\/2025\/07\/h2s-740.png\" \/>\n\t<meta property=\"og:image:width\" content=\"334\" \/>\n\t<meta property=\"og:image:height\" content=\"412\" \/>\n\t<meta property=\"og:image:type\" content=\"image\/png\" \/>\n<meta name=\"twitter:card\" content=\"summary_large_image\" \/>\n<meta name=\"twitter:label1\" content=\"Price\" \/>\n\t<meta name=\"twitter:data1\" content=\"\" \/>\n\t<meta name=\"twitter:label2\" content=\"Availability\" \/>\n\t<meta name=\"twitter:data2\" content=\"In stock\" \/>\n<script type=\"application\/ld+json\" class=\"yoast-schema-graph\">{\"@context\":\"https:\/\/schema.org\",\"@graph\":[{\"@type\":\"WebPage\",\"@id\":\"https:\/\/sso2.com\/product\/portable-trace-hydrogen-sulfide-analyzer-ce\/\",\"url\":\"https:\/\/sso2.com\/product\/portable-trace-hydrogen-sulfide-analyzer-ce\/\",\"name\":\"H2S-740 Portable Trace H2S Analyzer | Gas Detector\",\"isPartOf\":{\"@id\":\"https:\/\/sso2.com\/#website\"},\"primaryImageOfPage\":{\"@id\":\"https:\/\/sso2.com\/product\/portable-trace-hydrogen-sulfide-analyzer-ce\/#primaryimage\"},\"image\":{\"@id\":\"https:\/\/sso2.com\/product\/portable-trace-hydrogen-sulfide-analyzer-ce\/#primaryimage\"},\"thumbnailUrl\":\"https:\/\/i0.wp.com\/sso2.com\/wp-content\/uploads\/2025\/07\/h2s-740.png?fit=334%2C412&ssl=1\",\"datePublished\":\"2019-05-07T17:24:48+00:00\",\"dateModified\":\"2025-11-19T12:27:10+00:00\",\"description\":\"The H2S-740 is a portable analyzer for trace hydrogen sulfide (H2S). Reliable gas detection for ambient air and deficient atmosphere monitoring.\",\"breadcrumb\":{\"@id\":\"https:\/\/sso2.com\/product\/portable-trace-hydrogen-sulfide-analyzer-ce\/#breadcrumb\"},\"inLanguage\":\"vi\",\"potentialAction\":[{\"@type\":\"ReadAction\",\"target\":[\"https:\/\/sso2.com\/product\/portable-trace-hydrogen-sulfide-analyzer-ce\/\"]}]},{\"@type\":\"ImageObject\",\"inLanguage\":\"vi\",\"@id\":\"https:\/\/sso2.com\/product\/portable-trace-hydrogen-sulfide-analyzer-ce\/#primaryimage\",\"url\":\"https:\/\/i0.wp.com\/sso2.com\/wp-content\/uploads\/2025\/07\/h2s-740.png?fit=334%2C412&ssl=1\",\"contentUrl\":\"https:\/\/i0.wp.com\/sso2.com\/wp-content\/uploads\/2025\/07\/h2s-740.png?fit=334%2C412&ssl=1\",\"width\":334,\"height\":412},{\"@type\":\"BreadcrumbList\",\"@id\":\"https:\/\/sso2.com\/product\/portable-trace-hydrogen-sulfide-analyzer-ce\/#breadcrumb\",\"itemListElement\":[{\"@type\":\"ListItem\",\"position\":1,\"name\":\"Home\",\"item\":\"https:\/\/sso2.com\/en\/\"},{\"@type\":\"ListItem\",\"position\":2,\"name\":\"Shop\",\"item\":\"https:\/\/sso2.com\/shop\/\"},{\"@type\":\"ListItem\",\"position\":3,\"name\":\"H2S-740 Portable Trace Hydrogen Sulfide Analyzer\"}]},{\"@type\":\"WebSite\",\"@id\":\"https:\/\/sso2.com\/#website\",\"url\":\"https:\/\/sso2.com\/\",\"name\":\"Southland Sensing Ltd.\",\"description\":\"Industrial &amp; Medical Gas Analyzers Oxygen CO\u2082, &amp; H\u2082 Monitors\",\"publisher\":{\"@id\":\"https:\/\/sso2.com\/#organization\"},\"alternateName\":\"SSO2\",\"potentialAction\":[{\"@type\":\"SearchAction\",\"target\":{\"@type\":\"EntryPoint\",\"urlTemplate\":\"https:\/\/sso2.com\/?s={search_term_string}\"},\"query-input\":{\"@type\":\"PropertyValueSpecification\",\"valueRequired\":true,\"valueName\":\"search_term_string\"}}],\"inLanguage\":\"vi\"},{\"@type\":\"Organization\",\"@id\":\"https:\/\/sso2.com\/#organization\",\"name\":\"Southland Sensing Ltd.\",\"alternateName\":\"SSO2\",\"url\":\"https:\/\/sso2.com\/\",\"logo\":{\"@type\":\"ImageObject\",\"inLanguage\":\"vi\",\"@id\":\"https:\/\/sso2.com\/#\/schema\/logo\/image\/\",\"url\":\"https:\/\/sso2.com\/wp-content\/uploads\/2025\/10\/sso2_300pixel.webp\",\"contentUrl\":\"https:\/\/sso2.com\/wp-content\/uploads\/2025\/10\/sso2_300pixel.webp\",\"width\":300,\"height\":50,\"caption\":\"Southland Sensing Ltd.\"},\"image\":{\"@id\":\"https:\/\/sso2.com\/#\/schema\/logo\/image\/\"},\"sameAs\":[\"https:\/\/www.linkedin.com\/company\/southland-sensing-ltd\/\"],\"description\":\"Southland Sensing Ltd. brings together superior performance, an improved user experience, and unmatched application expertise to deliver an accurate and reliable measurement solution. That\u2019s why multinationals, small companies and universities alike turn to us again and again.\",\"email\":\"sales@sso2.com\",\"telephone\":\"1-949-398-2879\",\"legalName\":\"Southland Sensing Ltd.\",\"foundingDate\":\"2013-01-01\",\"numberOfEmployees\":{\"@type\":\"QuantitativeValue\",\"minValue\":\"11\",\"maxValue\":\"50\"},\"publishingPrinciples\":\"https:\/\/sso2.com\/contact-us\/\",\"ownershipFundingInfo\":\"https:\/\/sso2.com\/about-us\/\",\"actionableFeedbackPolicy\":\"https:\/\/sso2.com\/contact-us\/\"}]}<\/script>\n<meta property=\"product:price:currency\" content=\"USD\" \/>\n<meta property=\"og:availability\" content=\"instock\" \/>\n<meta property=\"product:availability\" content=\"instock\" \/>\n<meta property=\"product:condition\" content=\"new\" \/>\n<!-- \/ Yoast SEO Premium plugin. -->","yoast_head_json":{"title":"M\u00e1y ph\u00e2n t\u00edch kh\u00ed H2S-740 c\u1ea7m tay | M\u00e1y d\u00f2 kh\u00ed","description":"M\u00e1y ph\u00e2n t\u00edch H2S-740 l\u00e0 thi\u1ebft b\u1ecb c\u1ea7m tay d\u00f9ng \u0111\u1ec3 ph\u00e1t hi\u1ec7n kh\u00ed hydro sunfua (H2S) \u1edf n\u1ed3ng \u0111\u1ed9 v\u1ebft. Thi\u1ebft b\u1ecb n\u00e0y cung c\u1ea5p kh\u1ea3 n\u0103ng ph\u00e1t hi\u1ec7n kh\u00ed \u0111\u00e1ng tin c\u1eady cho kh\u00f4ng kh\u00ed xung quanh v\u00e0 vi\u1ec7c gi\u00e1m s\u00e1t c\u00e1c v\u00f9ng kh\u00ed quy\u1ec3n b\u1ecb thi\u1ebfu h\u1ee5t kh\u00ed.","robots":{"index":"index","follow":"follow","max-snippet":"max-snippet:-1","max-image-preview":"max-image-preview:large","max-video-preview":"max-video-preview:-1"},"canonical":"https:\/\/sso2.com\/vi\/san-pham\/portable-trace-hydrogen-sulfide-analyzer-ce\/","og_locale":"vi_VN","og_type":"article","og_title":"H2S-740 Portable Trace Hydrogen Sulfide Analyzer","og_description":"The H2S-740 is a portable analyzer for trace hydrogen sulfide (H2S). Reliable gas detection for ambient air and deficient atmosphere monitoring.","og_url":"https:\/\/sso2.com\/vi\/san-pham\/portable-trace-hydrogen-sulfide-analyzer-ce\/","og_site_name":"Southland Sensing Ltd.","article_modified_time":"2025-11-19T12:27:10+00:00","og_image":[{"width":334,"height":412,"url":"https:\/\/sso2.com\/wp-content\/uploads\/2025\/07\/h2s-740.png","type":"image\/png"}],"twitter_card":"summary_large_image","twitter_misc":{"Price":"","Availability":"In stock"},"schema":{"@context":"https:\/\/schema.org","@graph":[{"@type":"WebPage","@id":"https:\/\/sso2.com\/product\/portable-trace-hydrogen-sulfide-analyzer-ce\/","url":"https:\/\/sso2.com\/product\/portable-trace-hydrogen-sulfide-analyzer-ce\/","name":"M\u00e1y ph\u00e2n t\u00edch kh\u00ed H2S-740 c\u1ea7m tay | M\u00e1y d\u00f2 kh\u00ed","isPartOf":{"@id":"https:\/\/sso2.com\/#website"},"primaryImageOfPage":{"@id":"https:\/\/sso2.com\/product\/portable-trace-hydrogen-sulfide-analyzer-ce\/#primaryimage"},"image":{"@id":"https:\/\/sso2.com\/product\/portable-trace-hydrogen-sulfide-analyzer-ce\/#primaryimage"},"thumbnailUrl":"https:\/\/i0.wp.com\/sso2.com\/wp-content\/uploads\/2025\/07\/h2s-740.png?fit=334%2C412&ssl=1","datePublished":"2019-05-07T17:24:48+00:00","dateModified":"2025-11-19T12:27:10+00:00","description":"M\u00e1y ph\u00e2n t\u00edch H2S-740 l\u00e0 thi\u1ebft b\u1ecb c\u1ea7m tay d\u00f9ng \u0111\u1ec3 ph\u00e1t hi\u1ec7n kh\u00ed hydro sunfua (H2S) \u1edf n\u1ed3ng \u0111\u1ed9 v\u1ebft. Thi\u1ebft b\u1ecb n\u00e0y cung c\u1ea5p kh\u1ea3 n\u0103ng ph\u00e1t hi\u1ec7n kh\u00ed \u0111\u00e1ng tin c\u1eady cho kh\u00f4ng kh\u00ed xung quanh v\u00e0 vi\u1ec7c gi\u00e1m s\u00e1t c\u00e1c v\u00f9ng kh\u00ed quy\u1ec3n b\u1ecb thi\u1ebfu h\u1ee5t kh\u00ed.","breadcrumb":{"@id":"https:\/\/sso2.com\/product\/portable-trace-hydrogen-sulfide-analyzer-ce\/#breadcrumb"},"inLanguage":"vi","potentialAction":[{"@type":"ReadAction","target":["https:\/\/sso2.com\/product\/portable-trace-hydrogen-sulfide-analyzer-ce\/"]}]},{"@type":"ImageObject","inLanguage":"vi","@id":"https:\/\/sso2.com\/product\/portable-trace-hydrogen-sulfide-analyzer-ce\/#primaryimage","url":"https:\/\/i0.wp.com\/sso2.com\/wp-content\/uploads\/2025\/07\/h2s-740.png?fit=334%2C412&ssl=1","contentUrl":"https:\/\/i0.wp.com\/sso2.com\/wp-content\/uploads\/2025\/07\/h2s-740.png?fit=334%2C412&ssl=1","width":334,"height":412},{"@type":"BreadcrumbList","@id":"https:\/\/sso2.com\/product\/portable-trace-hydrogen-sulfide-analyzer-ce\/#breadcrumb","itemListElement":[{"@type":"ListItem","position":1,"name":"Home","item":"https:\/\/sso2.com\/en\/"},{"@type":"ListItem","position":2,"name":"Shop","item":"https:\/\/sso2.com\/shop\/"},{"@type":"ListItem","position":3,"name":"H2S-740 Portable Trace Hydrogen Sulfide Analyzer"}]},{"@type":"WebSite","@id":"https:\/\/sso2.com\/#website","url":"https:\/\/sso2.com\/","name":"C\u00f4ng ty TNHH Southland Sensing.","description":"Industrial &amp; Medical Gas Analyzers Oxygen CO\u2082, &amp; H\u2082 Monitors","publisher":{"@id":"https:\/\/sso2.com\/#organization"},"alternateName":"SSO2","potentialAction":[{"@type":"SearchAction","target":{"@type":"EntryPoint","urlTemplate":"https:\/\/sso2.com\/?s={search_term_string}"},"query-input":{"@type":"PropertyValueSpecification","valueRequired":true,"valueName":"search_term_string"}}],"inLanguage":"vi"},{"@type":"Organization","@id":"https:\/\/sso2.com\/#organization","name":"C\u00f4ng ty TNHH Southland Sensing.","alternateName":"SSO2","url":"https:\/\/sso2.com\/","logo":{"@type":"ImageObject","inLanguage":"vi","@id":"https:\/\/sso2.com\/#\/schema\/logo\/image\/","url":"https:\/\/sso2.com\/wp-content\/uploads\/2025\/10\/sso2_300pixel.webp","contentUrl":"https:\/\/sso2.com\/wp-content\/uploads\/2025\/10\/sso2_300pixel.webp","width":300,"height":50,"caption":"Southland Sensing Ltd."},"image":{"@id":"https:\/\/sso2.com\/#\/schema\/logo\/image\/"},"sameAs":["https:\/\/www.linkedin.com\/company\/southland-sensing-ltd\/"],"description":"Southland Sensing Ltd. brings together superior performance, an improved user experience, and unmatched application expertise to deliver an accurate and reliable measurement solution. That\u2019s why multinationals, small companies and universities alike turn to us again and again.","email":"sales@sso2.com","telephone":"1-949-398-2879","legalName":"Southland Sensing Ltd.","foundingDate":"2013-01-01","numberOfEmployees":{"@type":"QuantitativeValue","minValue":"11","maxValue":"50"},"publishingPrinciples":"https:\/\/sso2.com\/contact-us\/","ownershipFundingInfo":"https:\/\/sso2.com\/about-us\/","actionableFeedbackPolicy":"https:\/\/sso2.com\/contact-us\/"}]},"product_price_currency":"USD","og_availability":"instock","product_availability":"instock","product_condition":"new"},"jetpack_sharing_enabled":true,"_links":{"self":[{"href":"https:\/\/sso2.com\/vi\/wp-json\/wp\/v2\/product\/862","targetHints":{"allow":["GET"]}}],"collection":[{"href":"https:\/\/sso2.com\/vi\/wp-json\/wp\/v2\/product"}],"about":[{"href":"https:\/\/sso2.com\/vi\/wp-json\/wp\/v2\/types\/product"}],"replies":[{"embeddable":true,"href":"https:\/\/sso2.com\/vi\/wp-json\/wp\/v2\/comments?post=862"}],"wp:featuredmedia":[{"embeddable":true,"href":"https:\/\/sso2.com\/vi\/wp-json\/wp\/v2\/media\/3941"}],"wp:attachment":[{"href":"https:\/\/sso2.com\/vi\/wp-json\/wp\/v2\/media?parent=862"}],"wp:term":[{"taxonomy":"product_brand","embeddable":true,"href":"https:\/\/sso2.com\/vi\/wp-json\/wp\/v2\/product_brand?post=862"},{"taxonomy":"product_cat","embeddable":true,"href":"https:\/\/sso2.com\/vi\/wp-json\/wp\/v2\/product_cat?post=862"},{"taxonomy":"product_tag","embeddable":true,"href":"https:\/\/sso2.com\/vi\/wp-json\/wp\/v2\/product_tag?post=862"}],"curies":[{"name":"wp","href":"https:\/\/api.w.org\/{rel}","templated":true}]}}