{"id":728,"date":"2019-04-18T08:32:55","date_gmt":"2019-04-18T08:32:55","guid":{"rendered":"http:\/\/sso2.com\/?post_type=product&#038;p=728"},"modified":"2025-11-19T12:28:45","modified_gmt":"2025-11-19T12:28:45","slug":"oem-oxygen-transmitter-kit-circuit-board-sensor-sensor-housing","status":"publish","type":"product","link":"https:\/\/sso2.com\/vi\/product\/oem-oxygen-transmitter-kit-circuit-board-sensor-sensor-housing\/","title":{"rendered":"B\u1ed9 kit truy\u1ec1n t\u00edn hi\u1ec7u oxy series EMD"},"content":{"rendered":"<p>B\u1ed9 truy\u1ec1n t\u00edn hi\u1ec7u oxy EMD-485D\/485M\/482D \u0111\u01b0\u1ee3c thi\u1ebft k\u1ebf ch\u1ee7 y\u1ebfu d\u00e0nh cho c\u00e1c nh\u00e0 s\u1ea3n xu\u1ea5t thi\u1ebft b\u1ecb g\u1ed1c (OEM) c\u00f3 nhu c\u1ea7u t\u00edch h\u1ee3p thi\u1ebft b\u1ecb n\u00e0y v\u00e0o h\u1ec7 th\u1ed1ng l\u1edbn h\u01a1n nh\u01b0 H\u1ec7 th\u1ed1ng G\u0103ng tay Kh\u00ed tr\u01a1 ho\u1eb7c M\u00e1y t\u1ea1o kh\u00ed Nit\u01a1\/Oxy. B\u1ed9 kit ph\u00e2n t\u00edch oxy c\u00f3 th\u1ec3 c\u1ea5u h\u00ecnh cho c\u00e1c \u1ee9ng d\u1ee5ng Trace ho\u1eb7c Percent v\u00e0 \u0111i k\u00e8m v\u1edbi bo m\u1ea1ch, c\u1ea3m bi\u1ebfn v\u00e0 v\u1ecf c\u1ea3m bi\u1ebfn t\u1eeb xa c\u00f3 d\u00e2y c\u00e1p d\u00e0i 72 inch.<\/p>\n<p>M\u00e1y ph\u00e2n t\u00edch \u0111\u01b0\u1ee3c c\u00e0i \u0111\u1eb7t s\u1eb5n t\u1ea1i nh\u00e0 m\u00e1y v\u1edbi m\u1ed9t trong c\u00e1c d\u1ea3i \u0111o sau: 0 \u2013 10 ppm, 0 \u2013 100 ppm, 0 \u2013 1000 ppm, 0 \u2013 1 %, 0 \u2013 5%, 0 \u2013 10%, 0 \u2013 25%, 0 \u2013 100%. M\u1ed9t d\u1ea3i \u0111o th\u1ee9 hai \u0111\u01b0\u1ee3c t\u1ea3i qua c\u00f4ng t\u1eafc g\u1ea1t \u0111\u1ec3 cho ph\u00e9p hi\u1ec7u chu\u1ea9n kh\u00f4ng kh\u00ed xung quanh. M\u00e0n h\u00ecnh hi\u1ec3n th\u1ecb c\u1ee5c b\u1ed9 lu\u00f4n hi\u1ec3n th\u1ecb gi\u00e1 tr\u1ecb oxy th\u1ef1c t\u1ebf, d\u1ea3i \u0111o \u0111\u01a1n \u0111\u01b0\u1ee3c s\u1eed d\u1ee5ng \u0111\u1ec3 kh\u00f3a \u0111\u1ea7u ra analog.<\/p>\n<p>EMD-482D \u0111\u01b0\u1ee3c c\u1ea5u h\u00ecnh l\u00e0 ngu\u1ed3n \u0111i\u1ec7n v\u00f2ng 2 d\u00e2y v\u1edbi \u0111\u1ea7u ra 4 \u2013 20mA kh\u00f4ng c\u00e1ch ly. EMD-485D \u0111\u01b0\u1ee3c c\u1ea5u h\u00ecnh l\u00e0 ngu\u1ed3n \u0111i\u1ec7n 6 d\u00e2y 12 \u2013 24VDC v\u1edbi \u0111\u1ea7u ra 4 \u2013 20mA, 0 \u2013 10VDC v\u00e0 0 \u2013 1VDC kh\u00f4ng c\u00e1ch ly.  EMD-485M \u0111\u01b0\u1ee3c c\u1ea5u h\u00ecnh l\u00e0 h\u1ec7 th\u1ed1ng ngu\u1ed3n 6 d\u00e2y 12 \u2013 24VDC v\u1edbi \u0111\u1ea7u ra kh\u00f4ng c\u00e1ch ly 4 \u2013 20mA, 0 \u2013 10VDC, 0 \u2013 1VDC v\u00e0 giao th\u1ee9c MODBUS RS485 ASCII hai chi\u1ec1u.<\/p>\n<p>C\u1ea3m bi\u1ebfn oxy d\u1ef1a tr\u00ean nguy\u00ean l\u00fd t\u1ebf b\u00e0o nhi\u00ean li\u1ec7u \u0111i\u1ec7n h\u00f3a galvanic v\u00e0 \u0111\u01b0\u1ee3c s\u1ea3n xu\u1ea5t t\u1ea1i nh\u00e0 m\u00e1y theo quy tr\u00ecnh ki\u1ec3m so\u00e1t ch\u1ea5t l\u01b0\u1ee3ng nghi\u00eam ng\u1eb7t. C\u00e1c c\u1ea3m bi\u1ebfn n\u00e0y l\u00e0 lo\u1ea1i t\u1ef1 ch\u1ee9a v\u00e0 y\u00eau c\u1ea7u b\u1ea3o tr\u00ec t\u1ed1i thi\u1ec3u \u2013 kh\u00f4ng c\u1ea7n l\u00e0m s\u1ea1ch \u0111i\u1ec7n c\u1ef1c ho\u1eb7c th\u00eam ch\u1ea5t \u0111i\u1ec7n ph\u00e2n. C\u00e1c c\u1ea3m bi\u1ebfn ch\u00ednh x\u00e1c n\u00e0y cung c\u1ea5p hi\u1ec7u su\u1ea5t, \u0111\u1ed9 ch\u00ednh x\u00e1c v\u00e0 \u0111\u1ed9 \u1ed5n \u0111\u1ecbnh xu\u1ea5t s\u1eafc \u0111\u1ed3ng th\u1eddi t\u1ed1i \u0111a h\u00f3a tu\u1ed5i th\u1ecd d\u1ef1 ki\u1ebfn.<\/p>\n<p>C\u00e1c t\u00f9y ch\u1ecdn c\u1ea5u h\u00ecnh v\u1ecf c\u1ea3m bi\u1ebfn bao g\u1ed3m c\u00e1p d\u00e0i 72 inch v\u00e0 c\u00f3 th\u1ec3 \u0111\u01b0\u1ee3c c\u1ea5u h\u00ecnh d\u01b0\u1edbi d\u1ea1ng v\u1ecf c\u1ea3m bi\u1ebfn KF-40 (h\u1ed9p g\u0103ng tay kh\u00f4ng ho\u1ea1t \u0111\u1ed9ng, NW40F) l\u1eafp tr\u1ef1c ti\u1ebfp ho\u1eb7c v\u1ecf c\u1ea3m bi\u1ebfn th\u00f4ng qua d\u00f2ng ch\u1ea3y v\u1edbi c\u00e1c \u0111\u1ea7u n\u1ed1i \u1ed1ng n\u00e9n c\u00f3 \u0111\u01b0\u1eddng k\u00ednh 6 mm, 1\/8\u2033 ho\u1eb7c 1\/4\u2033.<\/p>","protected":false},"excerpt":{"rendered":"<p>The EMD-485D\/485M\/482D oxygen transmitter is designed primarily for OEM users who are looking to integrate this unit into a larger system such as an Inert Glovebox System or Nitrogen \/ Oxygen generator.\u00a0 The oxygen analyzer kit is configurable for Trace or Percent applications and comes with a circuit board, sensor and remote sensor housing with [&hellip;]<\/p>\n","protected":false},"featured_media":717,"comment_status":"open","ping_status":"closed","template":"","meta":[],"product_brand":[],"product_cat":[26],"product_tag":[],"class_list":{"0":"post-728","1":"product","2":"type-product","3":"status-publish","4":"has-post-thumbnail","6":"product_cat-industrial-oxygen-analyzers","8":"first","9":"instock","10":"shipping-taxable","11":"product-type-external"},"yoast_head":"<!-- This site is optimized with the Yoast SEO Premium plugin v27.4 (Yoast SEO v27.4) - https:\/\/yoast.com\/product\/yoast-seo-premium-wordpress\/ -->\n<title>EMD Series Oxygen Transmitter Kit | O2 Sensor &amp; Probe<\/title>\n<meta name=\"description\" content=\"EMD Series Oxygen Transmitter Kit. Includes a high-performance oxygen sensor and probe for accurate, continuous O2 monitoring.\" \/>\n<meta name=\"robots\" content=\"index, follow, max-snippet:-1, max-image-preview:large, max-video-preview:-1\" \/>\n<link rel=\"canonical\" href=\"https:\/\/sso2.com\/vi\/san-pham\/oem-oxygen-transmitter-kit-circuit-board-sensor-sensor-housing\/\" \/>\n<meta property=\"og:locale\" content=\"vi_VN\" \/>\n<meta property=\"og:type\" content=\"article\" \/>\n<meta property=\"og:title\" content=\"EMD Series Oxygen Transmitter Kit\" \/>\n<meta property=\"og:description\" content=\"EMD Series Oxygen Transmitter Kit. Includes a high-performance oxygen sensor and probe for accurate, continuous O2 monitoring.\" \/>\n<meta property=\"og:url\" content=\"https:\/\/sso2.com\/vi\/san-pham\/oem-oxygen-transmitter-kit-circuit-board-sensor-sensor-housing\/\" \/>\n<meta property=\"og:site_name\" content=\"Southland Sensing Ltd.\" \/>\n<meta property=\"article:modified_time\" content=\"2025-11-19T12:28:45+00:00\" \/>\n<meta property=\"og:image\" content=\"https:\/\/sso2.com\/wp-content\/uploads\/2019\/04\/oem-oxygen-transmitter-kit-circuit-board-sensor-sensor-housing-min.jpg\" \/>\n\t<meta property=\"og:image:width\" content=\"703\" \/>\n\t<meta property=\"og:image:height\" content=\"527\" \/>\n\t<meta property=\"og:image:type\" content=\"image\/jpeg\" \/>\n<meta name=\"twitter:card\" content=\"summary_large_image\" \/>\n<meta name=\"twitter:label1\" content=\"Price\" \/>\n\t<meta name=\"twitter:data1\" content=\"\" \/>\n\t<meta name=\"twitter:label2\" content=\"Availability\" \/>\n\t<meta name=\"twitter:data2\" content=\"In stock\" \/>\n<script type=\"application\/ld+json\" class=\"yoast-schema-graph\">{\"@context\":\"https:\\\/\\\/schema.org\",\"@graph\":[{\"@type\":\"WebPage\",\"@id\":\"https:\\\/\\\/sso2.com\\\/product\\\/oem-oxygen-transmitter-kit-circuit-board-sensor-sensor-housing\\\/\",\"url\":\"https:\\\/\\\/sso2.com\\\/product\\\/oem-oxygen-transmitter-kit-circuit-board-sensor-sensor-housing\\\/\",\"name\":\"EMD Series Oxygen Transmitter Kit | O2 Sensor & Probe\",\"isPartOf\":{\"@id\":\"https:\\\/\\\/sso2.com\\\/#website\"},\"primaryImageOfPage\":{\"@id\":\"https:\\\/\\\/sso2.com\\\/product\\\/oem-oxygen-transmitter-kit-circuit-board-sensor-sensor-housing\\\/#primaryimage\"},\"image\":{\"@id\":\"https:\\\/\\\/sso2.com\\\/product\\\/oem-oxygen-transmitter-kit-circuit-board-sensor-sensor-housing\\\/#primaryimage\"},\"thumbnailUrl\":\"https:\\\/\\\/i0.wp.com\\\/sso2.com\\\/wp-content\\\/uploads\\\/2019\\\/04\\\/oem-oxygen-transmitter-kit-circuit-board-sensor-sensor-housing-min.jpg?fit=703%2C527&ssl=1\",\"datePublished\":\"2019-04-18T08:32:55+00:00\",\"dateModified\":\"2025-11-19T12:28:45+00:00\",\"description\":\"EMD Series Oxygen Transmitter Kit. Includes a high-performance oxygen sensor and probe for accurate, continuous O2 monitoring.\",\"breadcrumb\":{\"@id\":\"https:\\\/\\\/sso2.com\\\/product\\\/oem-oxygen-transmitter-kit-circuit-board-sensor-sensor-housing\\\/#breadcrumb\"},\"inLanguage\":\"vi\",\"potentialAction\":[{\"@type\":\"ReadAction\",\"target\":[\"https:\\\/\\\/sso2.com\\\/product\\\/oem-oxygen-transmitter-kit-circuit-board-sensor-sensor-housing\\\/\"]}]},{\"@type\":\"ImageObject\",\"inLanguage\":\"vi\",\"@id\":\"https:\\\/\\\/sso2.com\\\/product\\\/oem-oxygen-transmitter-kit-circuit-board-sensor-sensor-housing\\\/#primaryimage\",\"url\":\"https:\\\/\\\/i0.wp.com\\\/sso2.com\\\/wp-content\\\/uploads\\\/2019\\\/04\\\/oem-oxygen-transmitter-kit-circuit-board-sensor-sensor-housing-min.jpg?fit=703%2C527&ssl=1\",\"contentUrl\":\"https:\\\/\\\/i0.wp.com\\\/sso2.com\\\/wp-content\\\/uploads\\\/2019\\\/04\\\/oem-oxygen-transmitter-kit-circuit-board-sensor-sensor-housing-min.jpg?fit=703%2C527&ssl=1\",\"width\":703,\"height\":527},{\"@type\":\"BreadcrumbList\",\"@id\":\"https:\\\/\\\/sso2.com\\\/product\\\/oem-oxygen-transmitter-kit-circuit-board-sensor-sensor-housing\\\/#breadcrumb\",\"itemListElement\":[{\"@type\":\"ListItem\",\"position\":1,\"name\":\"Home\",\"item\":\"https:\\\/\\\/sso2.com\\\/en\\\/\"},{\"@type\":\"ListItem\",\"position\":2,\"name\":\"Shop\",\"item\":\"https:\\\/\\\/sso2.com\\\/shop\\\/\"},{\"@type\":\"ListItem\",\"position\":3,\"name\":\"EMD Series Oxygen Transmitter Kit\"}]},{\"@type\":\"WebSite\",\"@id\":\"https:\\\/\\\/sso2.com\\\/#website\",\"url\":\"https:\\\/\\\/sso2.com\\\/\",\"name\":\"Southland Sensing Ltd.\",\"description\":\"Industrial &amp; Medical Gas Analyzers Oxygen CO\u2082, &amp; H\u2082 Monitors\",\"publisher\":{\"@id\":\"https:\\\/\\\/sso2.com\\\/#organization\"},\"alternateName\":\"SSO2\",\"potentialAction\":[{\"@type\":\"SearchAction\",\"target\":{\"@type\":\"EntryPoint\",\"urlTemplate\":\"https:\\\/\\\/sso2.com\\\/?s={search_term_string}\"},\"query-input\":{\"@type\":\"PropertyValueSpecification\",\"valueRequired\":true,\"valueName\":\"search_term_string\"}}],\"inLanguage\":\"vi\"},{\"@type\":\"Organization\",\"@id\":\"https:\\\/\\\/sso2.com\\\/#organization\",\"name\":\"Southland Sensing Ltd.\",\"alternateName\":\"SSO2\",\"url\":\"https:\\\/\\\/sso2.com\\\/\",\"logo\":{\"@type\":\"ImageObject\",\"inLanguage\":\"vi\",\"@id\":\"https:\\\/\\\/sso2.com\\\/#\\\/schema\\\/logo\\\/image\\\/\",\"url\":\"https:\\\/\\\/sso2.com\\\/wp-content\\\/uploads\\\/2025\\\/10\\\/sso2_300pixel.webp\",\"contentUrl\":\"https:\\\/\\\/sso2.com\\\/wp-content\\\/uploads\\\/2025\\\/10\\\/sso2_300pixel.webp\",\"width\":300,\"height\":50,\"caption\":\"Southland Sensing Ltd.\"},\"image\":{\"@id\":\"https:\\\/\\\/sso2.com\\\/#\\\/schema\\\/logo\\\/image\\\/\"},\"sameAs\":[\"https:\\\/\\\/www.linkedin.com\\\/company\\\/southland-sensing-ltd\\\/\"],\"description\":\"Southland Sensing Ltd. brings together superior performance, an improved user experience, and unmatched application expertise to deliver an accurate and reliable measurement solution. That\u2019s why multinationals, small companies and universities alike turn to us again and again.\",\"email\":\"sales@sso2.com\",\"telephone\":\"1-949-398-2879\",\"legalName\":\"Southland Sensing Ltd.\",\"foundingDate\":\"2013-01-01\",\"numberOfEmployees\":{\"@type\":\"QuantitativeValue\",\"minValue\":\"11\",\"maxValue\":\"50\"},\"publishingPrinciples\":\"https:\\\/\\\/sso2.com\\\/contact-us\\\/\",\"ownershipFundingInfo\":\"https:\\\/\\\/sso2.com\\\/about-us\\\/\",\"actionableFeedbackPolicy\":\"https:\\\/\\\/sso2.com\\\/contact-us\\\/\"}]}<\/script>\n<meta property=\"product:price:currency\" content=\"USD\" \/>\n<meta property=\"og:availability\" content=\"instock\" \/>\n<meta property=\"product:availability\" content=\"instock\" \/>\n<meta property=\"product:condition\" content=\"new\" \/>\n<!-- \/ Yoast SEO Premium plugin. -->","yoast_head_json":{"title":"B\u1ed9 d\u1ee5ng c\u1ee5 truy\u1ec1n t\u00edn hi\u1ec7u oxy d\u00f2ng EMD | C\u1ea3m bi\u1ebfn v\u00e0 \u0111\u1ea7u d\u00f2 O2","description":"B\u1ed9 d\u1ee5ng c\u1ee5 truy\u1ec1n t\u00edn hi\u1ec7u oxy d\u00f2ng EMD. Bao g\u1ed3m c\u1ea3m bi\u1ebfn oxy v\u00e0 \u0111\u1ea7u d\u00f2 hi\u1ec7u su\u1ea5t cao \u0111\u1ec3 theo d\u00f5i n\u1ed3ng \u0111\u1ed9 O2 ch\u00ednh x\u00e1c v\u00e0 li\u00ean t\u1ee5c.","robots":{"index":"index","follow":"follow","max-snippet":"max-snippet:-1","max-image-preview":"max-image-preview:large","max-video-preview":"max-video-preview:-1"},"canonical":"https:\/\/sso2.com\/vi\/san-pham\/oem-oxygen-transmitter-kit-circuit-board-sensor-sensor-housing\/","og_locale":"vi_VN","og_type":"article","og_title":"EMD Series Oxygen Transmitter Kit","og_description":"EMD Series Oxygen Transmitter Kit. Includes a high-performance oxygen sensor and probe for accurate, continuous O2 monitoring.","og_url":"https:\/\/sso2.com\/vi\/san-pham\/oem-oxygen-transmitter-kit-circuit-board-sensor-sensor-housing\/","og_site_name":"Southland Sensing Ltd.","article_modified_time":"2025-11-19T12:28:45+00:00","og_image":[{"width":703,"height":527,"url":"https:\/\/sso2.com\/wp-content\/uploads\/2019\/04\/oem-oxygen-transmitter-kit-circuit-board-sensor-sensor-housing-min.jpg","type":"image\/jpeg"}],"twitter_card":"summary_large_image","twitter_misc":{"Price":"","Availability":"In stock"},"schema":{"@context":"https:\/\/schema.org","@graph":[{"@type":"WebPage","@id":"https:\/\/sso2.com\/product\/oem-oxygen-transmitter-kit-circuit-board-sensor-sensor-housing\/","url":"https:\/\/sso2.com\/product\/oem-oxygen-transmitter-kit-circuit-board-sensor-sensor-housing\/","name":"B\u1ed9 d\u1ee5ng c\u1ee5 truy\u1ec1n t\u00edn hi\u1ec7u oxy d\u00f2ng EMD | C\u1ea3m bi\u1ebfn v\u00e0 \u0111\u1ea7u d\u00f2 O2","isPartOf":{"@id":"https:\/\/sso2.com\/#website"},"primaryImageOfPage":{"@id":"https:\/\/sso2.com\/product\/oem-oxygen-transmitter-kit-circuit-board-sensor-sensor-housing\/#primaryimage"},"image":{"@id":"https:\/\/sso2.com\/product\/oem-oxygen-transmitter-kit-circuit-board-sensor-sensor-housing\/#primaryimage"},"thumbnailUrl":"https:\/\/i0.wp.com\/sso2.com\/wp-content\/uploads\/2019\/04\/oem-oxygen-transmitter-kit-circuit-board-sensor-sensor-housing-min.jpg?fit=703%2C527&ssl=1","datePublished":"2019-04-18T08:32:55+00:00","dateModified":"2025-11-19T12:28:45+00:00","description":"B\u1ed9 d\u1ee5ng c\u1ee5 truy\u1ec1n t\u00edn hi\u1ec7u oxy d\u00f2ng EMD. Bao g\u1ed3m c\u1ea3m bi\u1ebfn oxy v\u00e0 \u0111\u1ea7u d\u00f2 hi\u1ec7u su\u1ea5t cao \u0111\u1ec3 theo d\u00f5i n\u1ed3ng \u0111\u1ed9 O2 ch\u00ednh x\u00e1c v\u00e0 li\u00ean t\u1ee5c.","breadcrumb":{"@id":"https:\/\/sso2.com\/product\/oem-oxygen-transmitter-kit-circuit-board-sensor-sensor-housing\/#breadcrumb"},"inLanguage":"vi","potentialAction":[{"@type":"ReadAction","target":["https:\/\/sso2.com\/product\/oem-oxygen-transmitter-kit-circuit-board-sensor-sensor-housing\/"]}]},{"@type":"ImageObject","inLanguage":"vi","@id":"https:\/\/sso2.com\/product\/oem-oxygen-transmitter-kit-circuit-board-sensor-sensor-housing\/#primaryimage","url":"https:\/\/i0.wp.com\/sso2.com\/wp-content\/uploads\/2019\/04\/oem-oxygen-transmitter-kit-circuit-board-sensor-sensor-housing-min.jpg?fit=703%2C527&ssl=1","contentUrl":"https:\/\/i0.wp.com\/sso2.com\/wp-content\/uploads\/2019\/04\/oem-oxygen-transmitter-kit-circuit-board-sensor-sensor-housing-min.jpg?fit=703%2C527&ssl=1","width":703,"height":527},{"@type":"BreadcrumbList","@id":"https:\/\/sso2.com\/product\/oem-oxygen-transmitter-kit-circuit-board-sensor-sensor-housing\/#breadcrumb","itemListElement":[{"@type":"ListItem","position":1,"name":"Home","item":"https:\/\/sso2.com\/en\/"},{"@type":"ListItem","position":2,"name":"Shop","item":"https:\/\/sso2.com\/shop\/"},{"@type":"ListItem","position":3,"name":"EMD Series Oxygen Transmitter Kit"}]},{"@type":"WebSite","@id":"https:\/\/sso2.com\/#website","url":"https:\/\/sso2.com\/","name":"C\u00f4ng ty TNHH Southland Sensing.","description":"Industrial &amp; Medical Gas Analyzers Oxygen CO\u2082, &amp; H\u2082 Monitors","publisher":{"@id":"https:\/\/sso2.com\/#organization"},"alternateName":"SSO2","potentialAction":[{"@type":"SearchAction","target":{"@type":"EntryPoint","urlTemplate":"https:\/\/sso2.com\/?s={search_term_string}"},"query-input":{"@type":"PropertyValueSpecification","valueRequired":true,"valueName":"search_term_string"}}],"inLanguage":"vi"},{"@type":"Organization","@id":"https:\/\/sso2.com\/#organization","name":"C\u00f4ng ty TNHH Southland Sensing.","alternateName":"SSO2","url":"https:\/\/sso2.com\/","logo":{"@type":"ImageObject","inLanguage":"vi","@id":"https:\/\/sso2.com\/#\/schema\/logo\/image\/","url":"https:\/\/sso2.com\/wp-content\/uploads\/2025\/10\/sso2_300pixel.webp","contentUrl":"https:\/\/sso2.com\/wp-content\/uploads\/2025\/10\/sso2_300pixel.webp","width":300,"height":50,"caption":"Southland Sensing Ltd."},"image":{"@id":"https:\/\/sso2.com\/#\/schema\/logo\/image\/"},"sameAs":["https:\/\/www.linkedin.com\/company\/southland-sensing-ltd\/"],"description":"Southland Sensing Ltd. brings together superior performance, an improved user experience, and unmatched application expertise to deliver an accurate and reliable measurement solution. That\u2019s why multinationals, small companies and universities alike turn to us again and again.","email":"sales@sso2.com","telephone":"1-949-398-2879","legalName":"Southland Sensing Ltd.","foundingDate":"2013-01-01","numberOfEmployees":{"@type":"QuantitativeValue","minValue":"11","maxValue":"50"},"publishingPrinciples":"https:\/\/sso2.com\/contact-us\/","ownershipFundingInfo":"https:\/\/sso2.com\/about-us\/","actionableFeedbackPolicy":"https:\/\/sso2.com\/contact-us\/"}]},"product_price_currency":"USD","og_availability":"instock","product_availability":"instock","product_condition":"new"},"jetpack_sharing_enabled":true,"_links":{"self":[{"href":"https:\/\/sso2.com\/vi\/wp-json\/wp\/v2\/product\/728","targetHints":{"allow":["GET"]}}],"collection":[{"href":"https:\/\/sso2.com\/vi\/wp-json\/wp\/v2\/product"}],"about":[{"href":"https:\/\/sso2.com\/vi\/wp-json\/wp\/v2\/types\/product"}],"replies":[{"embeddable":true,"href":"https:\/\/sso2.com\/vi\/wp-json\/wp\/v2\/comments?post=728"}],"wp:featuredmedia":[{"embeddable":true,"href":"https:\/\/sso2.com\/vi\/wp-json\/wp\/v2\/media\/717"}],"wp:attachment":[{"href":"https:\/\/sso2.com\/vi\/wp-json\/wp\/v2\/media?parent=728"}],"wp:term":[{"taxonomy":"product_brand","embeddable":true,"href":"https:\/\/sso2.com\/vi\/wp-json\/wp\/v2\/product_brand?post=728"},{"taxonomy":"product_cat","embeddable":true,"href":"https:\/\/sso2.com\/vi\/wp-json\/wp\/v2\/product_cat?post=728"},{"taxonomy":"product_tag","embeddable":true,"href":"https:\/\/sso2.com\/vi\/wp-json\/wp\/v2\/product_tag?post=728"}],"curies":[{"name":"wp","href":"https:\/\/api.w.org\/{rel}","templated":true}]}}