{"id":727,"date":"2019-04-18T08:30:25","date_gmt":"2019-04-18T08:30:25","guid":{"rendered":"http:\/\/sso2.com\/?post_type=product&#038;p=727"},"modified":"2025-11-19T12:30:42","modified_gmt":"2025-11-19T12:30:42","slug":"compact-in-line-oxygen-transmitter-ce","status":"publish","type":"product","link":"https:\/\/sso2.com\/vi\/product\/compact-in-line-oxygen-transmitter-ce\/","title":{"rendered":"OMD-507 M\u00e1y ph\u00e2n t\u00edch oxy compact"},"content":{"rendered":"<p>M\u00e1y ph\u00e2n t\u00edch oxy tr\u1ef1c tuy\u1ebfn OMD-507 \u0111\u01b0\u1ee3c thi\u1ebft k\u1ebf \u0111\u1ec3 \u0111o n\u1ed3ng \u0111\u1ed9 oxy t\u1eeb 0,01 ph\u1ea7n tri\u1ec7u (ppm) \u0111\u1ebfn 100%. Thi\u1ebft b\u1ecb k\u1ebft h\u1ee3p b\u1ed9 t\u00ednh n\u0103ng \u0111i\u1ec7n t\u1eed ti\u00ean ti\u1ebfn, bao g\u1ed3m giao di\u1ec7n MENU th\u00f4ng minh, v\u1edbi c\u00f4ng ngh\u1ec7 c\u1ea3m bi\u1ebfn oxy \u0111i\u1ec7n h\u00f3a ch\u00ednh x\u00e1c h\u00e0ng \u0111\u1ea7u ng\u00e0nh c\u1ee7a ch\u00fang t\u00f4i. K\u1ebft qu\u1ea3 l\u00e0 m\u1ed9t thi\u1ebft k\u1ebf \u0111\u00e1ng tin c\u1eady cao v\u00e0 hi\u1ec7u qu\u1ea3 v\u1ec1 chi ph\u00ed, \u0111i k\u00e8m v\u1edbi giao di\u1ec7n ng\u01b0\u1eddi d\u00f9ng d\u1ec5 s\u1eed d\u1ee5ng.<\/p>\n<ul>\n<li>Lo\u1ea1i v\u1ecf: D\u00f9ng cho m\u1ee5c \u0111\u00edch chung<\/li>\n<li>V\u1eadt li\u1ec7u v\u1ecf: Nh\u00f4m anodized ch\u1eafc ch\u1eafn<\/li>\n<li>Ph\u1ea1m vi ti\u00eau chu\u1ea9n: 0 \u2013 10\/100\/1000\/10000 PPM &amp; 25%<\/li>\n<li>Ph\u1ea1m vi t\u00f9y ch\u1ecdn: 0 \u2013 1\/5\/10\/25 &amp; 100 %<\/li>\n<li>\u0110\u1ed9 ph\u00e2n gi\u1ea3i: 0,01 PPM ho\u1eb7c 0,01 %<\/li>\n<li>C\u00f4ng su\u1ea5t \u0111\u1ea7u v\u00e0o: M\u1ea1ch v\u00f2ng 2 d\u00e2y, 3 d\u00e2y, 6 d\u00e2y<\/li>\n<\/ul>\n<p>Giao di\u1ec7n MENU th\u00f4ng minh t\u00edch h\u1ee3p cho ph\u00e9p ng\u01b0\u1eddi d\u00f9ng c\u1ea5u h\u00ecnh \u0111\u1ea7y \u0111\u1ee7 m\u00e1y ph\u00e2n t\u00edch th\u00f4ng qua h\u1ec7 th\u1ed1ng MENU tr\u00ean bo m\u1ea1ch. Kh\u00f4ng c\u1ea7n s\u1eed d\u1ee5ng laptop ph\u1ee9c t\u1ea1p ho\u1eb7c thi\u1ebft b\u1ecb \u0111i\u1ec1u khi\u1ec3n kh\u00e1c \u0111\u1ec3 c\u00e0i \u0111\u1eb7t m\u00e1y ph\u00e2n t\u00edch t\u1ea1i hi\u1ec7n tr\u01b0\u1eddng.  C\u00e1c t\u00ednh n\u0103ng \u0111i\u1ec7n t\u1eed bao g\u1ed3m \u0111\u1ea7u ra 4 \u2013 20mA (t\u00f9y ch\u1ecdn \u0111\u1ea7u ra 4 \u2013 20mA c\u00e1ch ly v\u1edbi c\u1ea5u h\u00ecnh 3 d\u00e2y), (t\u00f9y ch\u1ecdn \u0111\u1ea7u ra 0 \u2013 10VDC, \u0111\u1ea7u ra analog 0 \u2013 10VDC v\u1edbi c\u1ea5u h\u00ecnh 6 d\u00e2y), (t\u00f9y ch\u1ecdn giao th\u1ee9c Modbus RS485 ASCII hai chi\u1ec1u v\u1edbi c\u1ea5u h\u00ecnh 6 d\u00e2y).<\/p>\n<p>OMD-507 cung c\u1ea5p 3 t\u00f9y ch\u1ecdn ngu\u1ed3n \u0111i\u1ec7n \u0111\u1ea7u v\u00e0o kh\u00e1c nhau \u0111\u1ec3 ph\u00f9 h\u1ee3p v\u1edbi h\u1ea7u h\u1ebft c\u00e1c \u1ee9ng d\u1ee5ng c\u00f4ng nghi\u1ec7p.  Ngu\u1ed3n \u0111i\u1ec7n v\u00f2ng 2 d\u00e2y v\u1edbi \u0111\u1ea7u ra 4 \u2013 20mA kh\u00f4ng c\u00e1ch ly, ngu\u1ed3n \u0111i\u1ec7n 3 d\u00e2y v\u1edbi \u0111\u1ea7u ra 4 \u2013 20mA c\u00e1ch ly v\u00e0 ngu\u1ed3n \u0111i\u1ec7n 6 d\u00e2y 12 \u2013 24VDC v\u1edbi \u0111\u1ea7u ra 4 \u2013 20mA, 0 \u2013 10VDC v\u00e0 0 \u2013 1VDC kh\u00f4ng c\u00e1ch ly.<\/p>\n<p>C\u1ea3m bi\u1ebfn oxy d\u1ef1a tr\u00ean nguy\u00ean l\u00fd t\u1ebf b\u00e0o nhi\u00ean li\u1ec7u \u0111i\u1ec7n h\u00f3a galvanic v\u00e0 \u0111\u01b0\u1ee3c s\u1ea3n xu\u1ea5t t\u1ea1i nh\u00e0 m\u00e1y theo quy tr\u00ecnh ki\u1ec3m so\u00e1t ch\u1ea5t l\u01b0\u1ee3ng nghi\u00eam ng\u1eb7t. C\u00e1c c\u1ea3m bi\u1ebfn n\u00e0y l\u00e0 lo\u1ea1i t\u1ef1 ch\u1ee9a v\u00e0 y\u00eau c\u1ea7u b\u1ea3o tr\u00ec t\u1ed1i thi\u1ec3u \u2013 kh\u00f4ng c\u1ea7n l\u00e0m s\u1ea1ch \u0111i\u1ec7n c\u1ef1c ho\u1eb7c th\u00eam ch\u1ea5t \u0111i\u1ec7n ph\u00e2n. C\u00e1c c\u1ea3m bi\u1ebfn ch\u00ednh x\u00e1c n\u00e0y cung c\u1ea5p hi\u1ec7u su\u1ea5t, \u0111\u1ed9 ch\u00ednh x\u00e1c v\u00e0 \u0111\u1ed9 \u1ed5n \u0111\u1ecbnh xu\u1ea5t s\u1eafc \u0111\u1ed3ng th\u1eddi t\u1ed1i \u0111a h\u00f3a tu\u1ed5i th\u1ecd d\u1ef1 ki\u1ebfn.<\/p>\n<p>M\u00e1y ph\u00e2n t\u00edch \u0111i k\u00e8m v\u1edbi nhi\u1ec1u d\u1ea3i \u0111o t\u1eeb 0 \u2013 10 PPM \u0111\u1ebfn 0 \u2013 100%. Thi\u1ebft b\u1ecb c\u00f3 th\u1ec3 \u0111\u01b0\u1ee3c c\u1ea5u h\u00ecnh \u0111\u1ec3 ph\u00e2n t\u00edch oxy \u1edf m\u1ee9c v\u1ebft (PPM), ph\u1ea7n tr\u0103m ho\u1eb7c \u0111\u1ed9 tinh khi\u1ebft th\u00f4ng qua menu t\u00edch h\u1ee3p v\u00e0 c\u1ea3m bi\u1ebfn ph\u00f9 h\u1ee3p. C\u00e1c c\u1ea3m bi\u1ebfn \u0111\u01b0\u1ee3c thi\u1ebft k\u1ebf cho \u1ee9ng d\u1ee5ng kh\u00ed n\u1ec1n axit\/CO2 c\u0169ng c\u00f3 s\u1eb5n.<\/p>\n<p>C\u00e1c t\u00f9y ch\u1ecdn c\u1ea5u h\u00ecnh v\u1ecf c\u1ea3m bi\u1ebfn bao g\u1ed3m KF-40 (v\u1ecf g\u0103ng tay kh\u00f4ng ho\u1ea1t \u0111\u1ed9ng, NW40F) l\u1eafp tr\u1ef1c ti\u1ebfp ho\u1eb7c v\u1ecf c\u1ea3m bi\u1ebfn c\u00f3 \u1ed1ng d\u1eabn l\u01b0u v\u1edbi c\u00e1c \u0111\u1ea7u n\u1ed1i \u1ed1ng n\u00e9n c\u00f3 \u0111\u01b0\u1eddng k\u00ednh 6 mm, 1\/8\u2033 ho\u1eb7c 1\/4\u2033.<\/p>","protected":false},"excerpt":{"rendered":"<p>The OMD-507 online oxygen analyzer is designed to measure oxygen from 0.01 parts-per-million up to 100%.\u00a0 The unit combines an advanced set of electronic features including a smart MENU interface with our industry leading precision electrochemical oxygen sensor technology. The result is a highly reliable and cost effective design with easy-to-use user interface. Enclosure Type: [&hellip;]<\/p>\n","protected":false},"featured_media":3098,"comment_status":"open","ping_status":"closed","template":"","meta":[],"product_brand":[],"product_cat":[22],"product_tag":[],"class_list":{"0":"post-727","1":"product","2":"type-product","3":"status-publish","4":"has-post-thumbnail","6":"product_cat-uncategorized","8":"first","9":"instock","10":"shipping-taxable","11":"product-type-external"},"yoast_head":"<!-- This site is optimized with the Yoast SEO Premium plugin v27.4 (Yoast SEO v27.4) - https:\/\/yoast.com\/product\/yoast-seo-premium-wordpress\/ -->\n<title>OMD-507 Compact Oxygen Analyzer | Portable O2 Meter<\/title>\n<meta name=\"description\" content=\"The OMD-507 is a compact oxygen analyzer. Get portable, reliable O2 sensing and analysis for gas purity or deficient oxygen applications.\" \/>\n<meta name=\"robots\" content=\"index, follow, max-snippet:-1, max-image-preview:large, max-video-preview:-1\" \/>\n<link rel=\"canonical\" href=\"https:\/\/sso2.com\/vi\/san-pham\/compact-in-line-oxygen-transmitter-ce\/\" \/>\n<meta property=\"og:locale\" content=\"vi_VN\" \/>\n<meta property=\"og:type\" content=\"article\" \/>\n<meta property=\"og:title\" content=\"OMD-507 Compact Oxygen Analyzer\" \/>\n<meta property=\"og:description\" content=\"The OMD-507 is a compact oxygen analyzer. Get portable, reliable O2 sensing and analysis for gas purity or deficient oxygen applications.\" \/>\n<meta property=\"og:url\" content=\"https:\/\/sso2.com\/vi\/san-pham\/compact-in-line-oxygen-transmitter-ce\/\" \/>\n<meta property=\"og:site_name\" content=\"Southland Sensing Ltd.\" \/>\n<meta property=\"article:modified_time\" content=\"2025-11-19T12:30:42+00:00\" \/>\n<meta property=\"og:image\" content=\"https:\/\/sso2.com\/wp-content\/uploads\/2025\/02\/omd-507-1.png\" \/>\n\t<meta property=\"og:image:width\" content=\"790\" \/>\n\t<meta property=\"og:image:height\" content=\"1050\" \/>\n\t<meta property=\"og:image:type\" content=\"image\/png\" \/>\n<meta name=\"twitter:card\" content=\"summary_large_image\" \/>\n<meta name=\"twitter:label1\" content=\"Price\" \/>\n\t<meta name=\"twitter:data1\" content=\"\" \/>\n\t<meta name=\"twitter:label2\" content=\"Availability\" \/>\n\t<meta name=\"twitter:data2\" content=\"In stock\" \/>\n<script type=\"application\/ld+json\" class=\"yoast-schema-graph\">{\"@context\":\"https:\\\/\\\/schema.org\",\"@graph\":[{\"@type\":\"WebPage\",\"@id\":\"https:\\\/\\\/sso2.com\\\/product\\\/compact-in-line-oxygen-transmitter-ce\\\/\",\"url\":\"https:\\\/\\\/sso2.com\\\/product\\\/compact-in-line-oxygen-transmitter-ce\\\/\",\"name\":\"OMD-507 Compact Oxygen Analyzer | Portable O2 Meter\",\"isPartOf\":{\"@id\":\"https:\\\/\\\/sso2.com\\\/#website\"},\"primaryImageOfPage\":{\"@id\":\"https:\\\/\\\/sso2.com\\\/product\\\/compact-in-line-oxygen-transmitter-ce\\\/#primaryimage\"},\"image\":{\"@id\":\"https:\\\/\\\/sso2.com\\\/product\\\/compact-in-line-oxygen-transmitter-ce\\\/#primaryimage\"},\"thumbnailUrl\":\"https:\\\/\\\/i0.wp.com\\\/sso2.com\\\/wp-content\\\/uploads\\\/2025\\\/02\\\/omd-507-1.png?fit=790%2C1050&ssl=1\",\"datePublished\":\"2019-04-18T08:30:25+00:00\",\"dateModified\":\"2025-11-19T12:30:42+00:00\",\"description\":\"The OMD-507 is a compact oxygen analyzer. Get portable, reliable O2 sensing and analysis for gas purity or deficient oxygen applications.\",\"breadcrumb\":{\"@id\":\"https:\\\/\\\/sso2.com\\\/product\\\/compact-in-line-oxygen-transmitter-ce\\\/#breadcrumb\"},\"inLanguage\":\"vi\",\"potentialAction\":[{\"@type\":\"ReadAction\",\"target\":[\"https:\\\/\\\/sso2.com\\\/product\\\/compact-in-line-oxygen-transmitter-ce\\\/\"]}]},{\"@type\":\"ImageObject\",\"inLanguage\":\"vi\",\"@id\":\"https:\\\/\\\/sso2.com\\\/product\\\/compact-in-line-oxygen-transmitter-ce\\\/#primaryimage\",\"url\":\"https:\\\/\\\/i0.wp.com\\\/sso2.com\\\/wp-content\\\/uploads\\\/2025\\\/02\\\/omd-507-1.png?fit=790%2C1050&ssl=1\",\"contentUrl\":\"https:\\\/\\\/i0.wp.com\\\/sso2.com\\\/wp-content\\\/uploads\\\/2025\\\/02\\\/omd-507-1.png?fit=790%2C1050&ssl=1\",\"width\":790,\"height\":1050},{\"@type\":\"BreadcrumbList\",\"@id\":\"https:\\\/\\\/sso2.com\\\/product\\\/compact-in-line-oxygen-transmitter-ce\\\/#breadcrumb\",\"itemListElement\":[{\"@type\":\"ListItem\",\"position\":1,\"name\":\"Home\",\"item\":\"https:\\\/\\\/sso2.com\\\/en\\\/\"},{\"@type\":\"ListItem\",\"position\":2,\"name\":\"Shop\",\"item\":\"https:\\\/\\\/sso2.com\\\/shop\\\/\"},{\"@type\":\"ListItem\",\"position\":3,\"name\":\"OMD-507 Compact Oxygen Analyzer\"}]},{\"@type\":\"WebSite\",\"@id\":\"https:\\\/\\\/sso2.com\\\/#website\",\"url\":\"https:\\\/\\\/sso2.com\\\/\",\"name\":\"Southland Sensing Ltd.\",\"description\":\"Industrial &amp; Medical Gas Analyzers Oxygen CO\u2082, &amp; H\u2082 Monitors\",\"publisher\":{\"@id\":\"https:\\\/\\\/sso2.com\\\/#organization\"},\"alternateName\":\"SSO2\",\"potentialAction\":[{\"@type\":\"SearchAction\",\"target\":{\"@type\":\"EntryPoint\",\"urlTemplate\":\"https:\\\/\\\/sso2.com\\\/?s={search_term_string}\"},\"query-input\":{\"@type\":\"PropertyValueSpecification\",\"valueRequired\":true,\"valueName\":\"search_term_string\"}}],\"inLanguage\":\"vi\"},{\"@type\":\"Organization\",\"@id\":\"https:\\\/\\\/sso2.com\\\/#organization\",\"name\":\"Southland Sensing Ltd.\",\"alternateName\":\"SSO2\",\"url\":\"https:\\\/\\\/sso2.com\\\/\",\"logo\":{\"@type\":\"ImageObject\",\"inLanguage\":\"vi\",\"@id\":\"https:\\\/\\\/sso2.com\\\/#\\\/schema\\\/logo\\\/image\\\/\",\"url\":\"https:\\\/\\\/sso2.com\\\/wp-content\\\/uploads\\\/2025\\\/10\\\/sso2_300pixel.webp\",\"contentUrl\":\"https:\\\/\\\/sso2.com\\\/wp-content\\\/uploads\\\/2025\\\/10\\\/sso2_300pixel.webp\",\"width\":300,\"height\":50,\"caption\":\"Southland Sensing Ltd.\"},\"image\":{\"@id\":\"https:\\\/\\\/sso2.com\\\/#\\\/schema\\\/logo\\\/image\\\/\"},\"sameAs\":[\"https:\\\/\\\/www.linkedin.com\\\/company\\\/southland-sensing-ltd\\\/\"],\"description\":\"Southland Sensing Ltd. brings together superior performance, an improved user experience, and unmatched application expertise to deliver an accurate and reliable measurement solution. That\u2019s why multinationals, small companies and universities alike turn to us again and again.\",\"email\":\"sales@sso2.com\",\"telephone\":\"1-949-398-2879\",\"legalName\":\"Southland Sensing Ltd.\",\"foundingDate\":\"2013-01-01\",\"numberOfEmployees\":{\"@type\":\"QuantitativeValue\",\"minValue\":\"11\",\"maxValue\":\"50\"},\"publishingPrinciples\":\"https:\\\/\\\/sso2.com\\\/contact-us\\\/\",\"ownershipFundingInfo\":\"https:\\\/\\\/sso2.com\\\/about-us\\\/\",\"actionableFeedbackPolicy\":\"https:\\\/\\\/sso2.com\\\/contact-us\\\/\"}]}<\/script>\n<meta property=\"product:price:currency\" content=\"USD\" \/>\n<meta property=\"og:availability\" content=\"instock\" \/>\n<meta property=\"product:availability\" content=\"instock\" \/>\n<meta property=\"product:condition\" content=\"new\" \/>\n<!-- \/ Yoast SEO Premium plugin. -->","yoast_head_json":{"title":"M\u00e1y ph\u00e2n t\u00edch oxy OMD-507 nh\u1ecf g\u1ecdn | M\u00e1y \u0111o O2 c\u1ea7m tay","description":"OMD-507 l\u00e0 m\u1ed9t m\u00e1y ph\u00e2n t\u00edch oxy nh\u1ecf g\u1ecdn. S\u1edf h\u1eefu kh\u1ea3 n\u0103ng c\u1ea3m bi\u1ebfn v\u00e0 ph\u00e2n t\u00edch O2 di \u0111\u1ed9ng, \u0111\u00e1ng tin c\u1eady cho c\u00e1c \u1ee9ng d\u1ee5ng tinh khi\u1ebft kh\u00ed ho\u1eb7c ph\u00e1t hi\u1ec7n thi\u1ebfu oxy.","robots":{"index":"index","follow":"follow","max-snippet":"max-snippet:-1","max-image-preview":"max-image-preview:large","max-video-preview":"max-video-preview:-1"},"canonical":"https:\/\/sso2.com\/vi\/san-pham\/compact-in-line-oxygen-transmitter-ce\/","og_locale":"vi_VN","og_type":"article","og_title":"OMD-507 Compact Oxygen Analyzer","og_description":"The OMD-507 is a compact oxygen analyzer. Get portable, reliable O2 sensing and analysis for gas purity or deficient oxygen applications.","og_url":"https:\/\/sso2.com\/vi\/san-pham\/compact-in-line-oxygen-transmitter-ce\/","og_site_name":"Southland Sensing Ltd.","article_modified_time":"2025-11-19T12:30:42+00:00","og_image":[{"width":790,"height":1050,"url":"https:\/\/sso2.com\/wp-content\/uploads\/2025\/02\/omd-507-1.png","type":"image\/png"}],"twitter_card":"summary_large_image","twitter_misc":{"Price":"","Availability":"In stock"},"schema":{"@context":"https:\/\/schema.org","@graph":[{"@type":"WebPage","@id":"https:\/\/sso2.com\/product\/compact-in-line-oxygen-transmitter-ce\/","url":"https:\/\/sso2.com\/product\/compact-in-line-oxygen-transmitter-ce\/","name":"M\u00e1y ph\u00e2n t\u00edch oxy OMD-507 nh\u1ecf g\u1ecdn | M\u00e1y \u0111o O2 c\u1ea7m tay","isPartOf":{"@id":"https:\/\/sso2.com\/#website"},"primaryImageOfPage":{"@id":"https:\/\/sso2.com\/product\/compact-in-line-oxygen-transmitter-ce\/#primaryimage"},"image":{"@id":"https:\/\/sso2.com\/product\/compact-in-line-oxygen-transmitter-ce\/#primaryimage"},"thumbnailUrl":"https:\/\/i0.wp.com\/sso2.com\/wp-content\/uploads\/2025\/02\/omd-507-1.png?fit=790%2C1050&ssl=1","datePublished":"2019-04-18T08:30:25+00:00","dateModified":"2025-11-19T12:30:42+00:00","description":"OMD-507 l\u00e0 m\u1ed9t m\u00e1y ph\u00e2n t\u00edch oxy nh\u1ecf g\u1ecdn. S\u1edf h\u1eefu kh\u1ea3 n\u0103ng c\u1ea3m bi\u1ebfn v\u00e0 ph\u00e2n t\u00edch O2 di \u0111\u1ed9ng, \u0111\u00e1ng tin c\u1eady cho c\u00e1c \u1ee9ng d\u1ee5ng tinh khi\u1ebft kh\u00ed ho\u1eb7c ph\u00e1t hi\u1ec7n thi\u1ebfu oxy.","breadcrumb":{"@id":"https:\/\/sso2.com\/product\/compact-in-line-oxygen-transmitter-ce\/#breadcrumb"},"inLanguage":"vi","potentialAction":[{"@type":"ReadAction","target":["https:\/\/sso2.com\/product\/compact-in-line-oxygen-transmitter-ce\/"]}]},{"@type":"ImageObject","inLanguage":"vi","@id":"https:\/\/sso2.com\/product\/compact-in-line-oxygen-transmitter-ce\/#primaryimage","url":"https:\/\/i0.wp.com\/sso2.com\/wp-content\/uploads\/2025\/02\/omd-507-1.png?fit=790%2C1050&ssl=1","contentUrl":"https:\/\/i0.wp.com\/sso2.com\/wp-content\/uploads\/2025\/02\/omd-507-1.png?fit=790%2C1050&ssl=1","width":790,"height":1050},{"@type":"BreadcrumbList","@id":"https:\/\/sso2.com\/product\/compact-in-line-oxygen-transmitter-ce\/#breadcrumb","itemListElement":[{"@type":"ListItem","position":1,"name":"Home","item":"https:\/\/sso2.com\/en\/"},{"@type":"ListItem","position":2,"name":"Shop","item":"https:\/\/sso2.com\/shop\/"},{"@type":"ListItem","position":3,"name":"OMD-507 Compact Oxygen Analyzer"}]},{"@type":"WebSite","@id":"https:\/\/sso2.com\/#website","url":"https:\/\/sso2.com\/","name":"C\u00f4ng ty TNHH Southland Sensing.","description":"Industrial &amp; Medical Gas Analyzers Oxygen CO\u2082, &amp; H\u2082 Monitors","publisher":{"@id":"https:\/\/sso2.com\/#organization"},"alternateName":"SSO2","potentialAction":[{"@type":"SearchAction","target":{"@type":"EntryPoint","urlTemplate":"https:\/\/sso2.com\/?s={search_term_string}"},"query-input":{"@type":"PropertyValueSpecification","valueRequired":true,"valueName":"search_term_string"}}],"inLanguage":"vi"},{"@type":"Organization","@id":"https:\/\/sso2.com\/#organization","name":"C\u00f4ng ty TNHH Southland Sensing.","alternateName":"SSO2","url":"https:\/\/sso2.com\/","logo":{"@type":"ImageObject","inLanguage":"vi","@id":"https:\/\/sso2.com\/#\/schema\/logo\/image\/","url":"https:\/\/sso2.com\/wp-content\/uploads\/2025\/10\/sso2_300pixel.webp","contentUrl":"https:\/\/sso2.com\/wp-content\/uploads\/2025\/10\/sso2_300pixel.webp","width":300,"height":50,"caption":"Southland Sensing Ltd."},"image":{"@id":"https:\/\/sso2.com\/#\/schema\/logo\/image\/"},"sameAs":["https:\/\/www.linkedin.com\/company\/southland-sensing-ltd\/"],"description":"Southland Sensing Ltd. brings together superior performance, an improved user experience, and unmatched application expertise to deliver an accurate and reliable measurement solution. That\u2019s why multinationals, small companies and universities alike turn to us again and again.","email":"sales@sso2.com","telephone":"1-949-398-2879","legalName":"Southland Sensing Ltd.","foundingDate":"2013-01-01","numberOfEmployees":{"@type":"QuantitativeValue","minValue":"11","maxValue":"50"},"publishingPrinciples":"https:\/\/sso2.com\/contact-us\/","ownershipFundingInfo":"https:\/\/sso2.com\/about-us\/","actionableFeedbackPolicy":"https:\/\/sso2.com\/contact-us\/"}]},"product_price_currency":"USD","og_availability":"instock","product_availability":"instock","product_condition":"new"},"jetpack_sharing_enabled":true,"_links":{"self":[{"href":"https:\/\/sso2.com\/vi\/wp-json\/wp\/v2\/product\/727","targetHints":{"allow":["GET"]}}],"collection":[{"href":"https:\/\/sso2.com\/vi\/wp-json\/wp\/v2\/product"}],"about":[{"href":"https:\/\/sso2.com\/vi\/wp-json\/wp\/v2\/types\/product"}],"replies":[{"embeddable":true,"href":"https:\/\/sso2.com\/vi\/wp-json\/wp\/v2\/comments?post=727"}],"wp:featuredmedia":[{"embeddable":true,"href":"https:\/\/sso2.com\/vi\/wp-json\/wp\/v2\/media\/3098"}],"wp:attachment":[{"href":"https:\/\/sso2.com\/vi\/wp-json\/wp\/v2\/media?parent=727"}],"wp:term":[{"taxonomy":"product_brand","embeddable":true,"href":"https:\/\/sso2.com\/vi\/wp-json\/wp\/v2\/product_brand?post=727"},{"taxonomy":"product_cat","embeddable":true,"href":"https:\/\/sso2.com\/vi\/wp-json\/wp\/v2\/product_cat?post=727"},{"taxonomy":"product_tag","embeddable":true,"href":"https:\/\/sso2.com\/vi\/wp-json\/wp\/v2\/product_tag?post=727"}],"curies":[{"name":"wp","href":"https:\/\/api.w.org\/{rel}","templated":true}]}}