{"id":722,"date":"2019-04-18T08:14:11","date_gmt":"2019-04-18T08:14:11","guid":{"rendered":"http:\/\/sso2.com\/?post_type=product&#038;p=722"},"modified":"2025-11-19T12:36:38","modified_gmt":"2025-11-19T12:36:38","slug":"hazardous-area-online-process-oxygen-analyzer-ce","status":"publish","type":"product","link":"https:\/\/sso2.com\/vi\/product\/hazardous-area-online-process-oxygen-analyzer-ce\/","title":{"rendered":"OMD-625 Hazardous Area Oxygen Analyzer"},"content":{"rendered":"<p>The OMD-625 Hazardous Area Online Oxygen Analyzer is designed to measure oxygen from 0.01 parts-per-million up to 10,000 parts-per-million up to 100%.\u00a0 The analyzer comes with ATEX and IECEx certification for use in Ex db ib IIB+H2 T4 Gb areas.\u00a0The unit combines an advanced set of electronic features including a smart MENU interface with our industry leading precision electrochemical oxygen sensor technology. The result is a highly reliable and cost effective design with easy-to-use user interface.<\/p>\n<ul>\n<li>Lo\u1ea1i v\u1ecf: L\u1eafp t\u01b0\u1eddng; L\u1eafp c\u1ed9t<\/li>\n<li>Standard Ranges: 0 &#8211; 10\/100\/1000\/10000 PPM &amp; 25%<\/li>\n<li>Optional Ranges: 0 &#8211; 1\/5\/10\/25 &amp; 100 %<\/li>\n<li>Ch\u1ebf \u0111\u1ed9 d\u1ea3i \u0111o: T\u1ef1 \u0111\u1ed9ng ho\u1eb7c Th\u1ee7 c\u00f4ng<\/li>\n<li>\u0110\u1ed9 ph\u00e2n gi\u1ea3i: 0,01 PPM ho\u1eb7c 0,01 %<\/li>\n<li>Input Power: 100 &#8211; 240 VAC or 12 &#8211; 24 VDC<\/li>\n<li>Analog Output: 4 &#8211; 20mA or 1 &#8211; 5V DC<\/li>\n<li>Giao ti\u1ebfp: MODBUS RS485 hai chi\u1ec1u (RTU)<\/li>\n<li>C\u00f2i b\u00e1o \u0111\u1ed9ng: 2 ti\u1ebfp \u0111i\u1ec3m r\u01a1le d\u1ea1ng C c\u00f3 th\u1ec3 \u0111i\u1ec1u ch\u1ec9nh ho\u00e0n to\u00e0n<\/li>\n<\/ul>\n<p>The built in smart MENU interface allow the user to fully configure the analyzer through the onboard MENU system including a unique ability for the user to enter a custom range such as 0 &#8211; 2000 ppm or 0 &#8211; 734 ppm full scale.\u00a0 No need for a complicated laptop or other control device to setup the analyzer in the field.<\/p>\n<p>The analyzer is designed as an extractive type unit to draw the sample through its integrated sample system which includes a 3-way sample \/ span valve, and a visual rotameter \/ flowmeter with flow control valve.<\/p>\n<p>The standard cell (TO2-133) is unaffected by other background gases such as hydrogen, helium, or hydrocarbons. The optional acidic cell (TO2-233) works well when acid gases such as CO2 or Natural Gas are present an H2S resistant sensor is also available as are sensors dedicated for percent oxygen measurement.\u00a0 All oxygen sensors are manufactured in house by Southland Sensing Ltd. under a strict ISO9001:2015 \/ ISO13485:2016 quality system.<\/p>\n<p>The sensors are self-contained and minimal maintenance is required &#8211; no need to clean electrodes or add electrolyte.<\/p>\n<p>Primary applications for this analyzer include natural gas, landfill, hydrogen production and other industrial applications.<\/p>","protected":false},"excerpt":{"rendered":"<p>The OMD-625 Hazardous Area Online Oxygen Analyzer is designed to measure oxygen from 0.01 parts-per-million up to 10,000 parts-per-million up to 100%.\u00a0 The analyzer comes with ATEX and IECEx certification for use in Ex db ib IIB+H2 T4 Gb areas.\u00a0The unit combines an advanced set of electronic features including a smart MENU interface with our [&hellip;]<\/p>\n","protected":false},"featured_media":1915,"comment_status":"open","ping_status":"closed","template":"","meta":[],"product_brand":[],"product_cat":[26],"product_tag":[],"class_list":{"0":"post-722","1":"product","2":"type-product","3":"status-publish","4":"has-post-thumbnail","6":"product_cat-industrial-oxygen-analyzers","8":"first","9":"instock","10":"shipping-taxable","11":"product-type-external"},"yoast_head":"<!-- This site is optimized with the Yoast SEO Premium plugin v27.2 (Yoast SEO v27.2) - https:\/\/yoast.com\/product\/yoast-seo-premium-wordpress\/ -->\n<title>OMD-625 Hazardous Area Oxygen Analyzer | O2 Safety<\/title>\n<meta name=\"description\" content=\"The OMD-625 is an oxygen analyzer for hazardous areas. Safely monitor O2 levels to prevent oxygen deficiency and deficient atmosphere risks.\" \/>\n<meta name=\"robots\" content=\"index, follow, max-snippet:-1, max-image-preview:large, max-video-preview:-1\" \/>\n<link rel=\"canonical\" href=\"https:\/\/sso2.com\/vi\/san-pham\/hazardous-area-online-process-oxygen-analyzer-ce\/\" \/>\n<meta property=\"og:locale\" content=\"vi_VN\" \/>\n<meta property=\"og:type\" content=\"article\" \/>\n<meta property=\"og:title\" content=\"OMD-625 Hazardous Area Oxygen Analyzer\" \/>\n<meta property=\"og:description\" content=\"The OMD-625 is an oxygen analyzer for hazardous areas. Safely monitor O2 levels to prevent oxygen deficiency and deficient atmosphere risks.\" \/>\n<meta property=\"og:url\" content=\"https:\/\/sso2.com\/vi\/san-pham\/hazardous-area-online-process-oxygen-analyzer-ce\/\" \/>\n<meta property=\"og:site_name\" content=\"Southland Sensing Ltd.\" \/>\n<meta property=\"article:modified_time\" content=\"2025-11-19T12:36:38+00:00\" \/>\n<meta property=\"og:image\" content=\"https:\/\/sso2.com\/wp-content\/uploads\/2022\/06\/omd-625-1.png\" \/>\n\t<meta property=\"og:image:width\" content=\"963\" \/>\n\t<meta property=\"og:image:height\" content=\"957\" \/>\n\t<meta property=\"og:image:type\" content=\"image\/png\" \/>\n<meta name=\"twitter:card\" content=\"summary_large_image\" \/>\n<meta name=\"twitter:label1\" content=\"Price\" \/>\n\t<meta name=\"twitter:data1\" content=\"\" \/>\n\t<meta name=\"twitter:label2\" content=\"Availability\" \/>\n\t<meta name=\"twitter:data2\" content=\"In stock\" \/>\n<script type=\"application\/ld+json\" class=\"yoast-schema-graph\">{\"@context\":\"https:\/\/schema.org\",\"@graph\":[{\"@type\":\"WebPage\",\"@id\":\"https:\/\/sso2.com\/product\/hazardous-area-online-process-oxygen-analyzer-ce\/\",\"url\":\"https:\/\/sso2.com\/product\/hazardous-area-online-process-oxygen-analyzer-ce\/\",\"name\":\"OMD-625 Hazardous Area Oxygen Analyzer | O2 Safety\",\"isPartOf\":{\"@id\":\"https:\/\/sso2.com\/#website\"},\"primaryImageOfPage\":{\"@id\":\"https:\/\/sso2.com\/product\/hazardous-area-online-process-oxygen-analyzer-ce\/#primaryimage\"},\"image\":{\"@id\":\"https:\/\/sso2.com\/product\/hazardous-area-online-process-oxygen-analyzer-ce\/#primaryimage\"},\"thumbnailUrl\":\"https:\/\/i0.wp.com\/sso2.com\/wp-content\/uploads\/2022\/06\/omd-625-1.png?fit=963%2C957&ssl=1\",\"datePublished\":\"2019-04-18T08:14:11+00:00\",\"dateModified\":\"2025-11-19T12:36:38+00:00\",\"description\":\"The OMD-625 is an oxygen analyzer for hazardous areas. Safely monitor O2 levels to prevent oxygen deficiency and deficient atmosphere risks.\",\"breadcrumb\":{\"@id\":\"https:\/\/sso2.com\/product\/hazardous-area-online-process-oxygen-analyzer-ce\/#breadcrumb\"},\"inLanguage\":\"vi\",\"potentialAction\":[{\"@type\":\"ReadAction\",\"target\":[\"https:\/\/sso2.com\/product\/hazardous-area-online-process-oxygen-analyzer-ce\/\"]}]},{\"@type\":\"ImageObject\",\"inLanguage\":\"vi\",\"@id\":\"https:\/\/sso2.com\/product\/hazardous-area-online-process-oxygen-analyzer-ce\/#primaryimage\",\"url\":\"https:\/\/i0.wp.com\/sso2.com\/wp-content\/uploads\/2022\/06\/omd-625-1.png?fit=963%2C957&ssl=1\",\"contentUrl\":\"https:\/\/i0.wp.com\/sso2.com\/wp-content\/uploads\/2022\/06\/omd-625-1.png?fit=963%2C957&ssl=1\",\"width\":963,\"height\":957},{\"@type\":\"BreadcrumbList\",\"@id\":\"https:\/\/sso2.com\/product\/hazardous-area-online-process-oxygen-analyzer-ce\/#breadcrumb\",\"itemListElement\":[{\"@type\":\"ListItem\",\"position\":1,\"name\":\"Home\",\"item\":\"https:\/\/sso2.com\/en\/\"},{\"@type\":\"ListItem\",\"position\":2,\"name\":\"Shop\",\"item\":\"https:\/\/sso2.com\/shop\/\"},{\"@type\":\"ListItem\",\"position\":3,\"name\":\"OMD-625 Hazardous Area Oxygen Analyzer\"}]},{\"@type\":\"WebSite\",\"@id\":\"https:\/\/sso2.com\/#website\",\"url\":\"https:\/\/sso2.com\/\",\"name\":\"Southland Sensing Ltd.\",\"description\":\"Industrial &amp; Medical Gas Analyzers Oxygen CO\u2082, &amp; H\u2082 Monitors\",\"publisher\":{\"@id\":\"https:\/\/sso2.com\/#organization\"},\"alternateName\":\"SSO2\",\"potentialAction\":[{\"@type\":\"SearchAction\",\"target\":{\"@type\":\"EntryPoint\",\"urlTemplate\":\"https:\/\/sso2.com\/?s={search_term_string}\"},\"query-input\":{\"@type\":\"PropertyValueSpecification\",\"valueRequired\":true,\"valueName\":\"search_term_string\"}}],\"inLanguage\":\"vi\"},{\"@type\":\"Organization\",\"@id\":\"https:\/\/sso2.com\/#organization\",\"name\":\"Southland Sensing Ltd.\",\"alternateName\":\"SSO2\",\"url\":\"https:\/\/sso2.com\/\",\"logo\":{\"@type\":\"ImageObject\",\"inLanguage\":\"vi\",\"@id\":\"https:\/\/sso2.com\/#\/schema\/logo\/image\/\",\"url\":\"https:\/\/sso2.com\/wp-content\/uploads\/2025\/10\/sso2_300pixel.webp\",\"contentUrl\":\"https:\/\/sso2.com\/wp-content\/uploads\/2025\/10\/sso2_300pixel.webp\",\"width\":300,\"height\":50,\"caption\":\"Southland Sensing Ltd.\"},\"image\":{\"@id\":\"https:\/\/sso2.com\/#\/schema\/logo\/image\/\"},\"sameAs\":[\"https:\/\/www.linkedin.com\/company\/southland-sensing-ltd\/\"],\"description\":\"Southland Sensing Ltd. brings together superior performance, an improved user experience, and unmatched application expertise to deliver an accurate and reliable measurement solution. That\u2019s why multinationals, small companies and universities alike turn to us again and again.\",\"email\":\"sales@sso2.com\",\"telephone\":\"1-949-398-2879\",\"legalName\":\"Southland Sensing Ltd.\",\"foundingDate\":\"2013-01-01\",\"numberOfEmployees\":{\"@type\":\"QuantitativeValue\",\"minValue\":\"11\",\"maxValue\":\"50\"},\"publishingPrinciples\":\"https:\/\/sso2.com\/contact-us\/\",\"ownershipFundingInfo\":\"https:\/\/sso2.com\/about-us\/\",\"actionableFeedbackPolicy\":\"https:\/\/sso2.com\/contact-us\/\"}]}<\/script>\n<meta property=\"product:price:currency\" content=\"USD\" \/>\n<meta property=\"og:availability\" content=\"instock\" \/>\n<meta property=\"product:availability\" content=\"instock\" \/>\n<meta property=\"product:condition\" content=\"new\" \/>\n<!-- \/ Yoast SEO Premium plugin. -->","yoast_head_json":{"title":"M\u00e1y ph\u00e2n t\u00edch oxy khu v\u1ef1c nguy hi\u1ec3m OMD-625 | An to\u00e0n O2","description":"OMD-625 l\u00e0 m\u00e1y ph\u00e2n t\u00edch oxy d\u00f9ng trong c\u00e1c khu v\u1ef1c nguy hi\u1ec3m. Thi\u1ebft b\u1ecb n\u00e0y gi\u00fap gi\u00e1m s\u00e1t an to\u00e0n n\u1ed3ng \u0111\u1ed9 O2 \u0111\u1ec3 ng\u0103n ng\u1eeba t\u00ecnh tr\u1ea1ng thi\u1ebfu oxy v\u00e0 nguy c\u01a1 \u00f4 nhi\u1ec5m kh\u00f4ng kh\u00ed.","robots":{"index":"index","follow":"follow","max-snippet":"max-snippet:-1","max-image-preview":"max-image-preview:large","max-video-preview":"max-video-preview:-1"},"canonical":"https:\/\/sso2.com\/vi\/san-pham\/hazardous-area-online-process-oxygen-analyzer-ce\/","og_locale":"vi_VN","og_type":"article","og_title":"OMD-625 Hazardous Area Oxygen Analyzer","og_description":"The OMD-625 is an oxygen analyzer for hazardous areas. Safely monitor O2 levels to prevent oxygen deficiency and deficient atmosphere risks.","og_url":"https:\/\/sso2.com\/vi\/san-pham\/hazardous-area-online-process-oxygen-analyzer-ce\/","og_site_name":"Southland Sensing Ltd.","article_modified_time":"2025-11-19T12:36:38+00:00","og_image":[{"width":963,"height":957,"url":"https:\/\/sso2.com\/wp-content\/uploads\/2022\/06\/omd-625-1.png","type":"image\/png"}],"twitter_card":"summary_large_image","twitter_misc":{"Price":"","Availability":"In stock"},"schema":{"@context":"https:\/\/schema.org","@graph":[{"@type":"WebPage","@id":"https:\/\/sso2.com\/product\/hazardous-area-online-process-oxygen-analyzer-ce\/","url":"https:\/\/sso2.com\/product\/hazardous-area-online-process-oxygen-analyzer-ce\/","name":"M\u00e1y ph\u00e2n t\u00edch oxy khu v\u1ef1c nguy hi\u1ec3m OMD-625 | An to\u00e0n O2","isPartOf":{"@id":"https:\/\/sso2.com\/#website"},"primaryImageOfPage":{"@id":"https:\/\/sso2.com\/product\/hazardous-area-online-process-oxygen-analyzer-ce\/#primaryimage"},"image":{"@id":"https:\/\/sso2.com\/product\/hazardous-area-online-process-oxygen-analyzer-ce\/#primaryimage"},"thumbnailUrl":"https:\/\/i0.wp.com\/sso2.com\/wp-content\/uploads\/2022\/06\/omd-625-1.png?fit=963%2C957&ssl=1","datePublished":"2019-04-18T08:14:11+00:00","dateModified":"2025-11-19T12:36:38+00:00","description":"OMD-625 l\u00e0 m\u00e1y ph\u00e2n t\u00edch oxy d\u00f9ng trong c\u00e1c khu v\u1ef1c nguy hi\u1ec3m. Thi\u1ebft b\u1ecb n\u00e0y gi\u00fap gi\u00e1m s\u00e1t an to\u00e0n n\u1ed3ng \u0111\u1ed9 O2 \u0111\u1ec3 ng\u0103n ng\u1eeba t\u00ecnh tr\u1ea1ng thi\u1ebfu oxy v\u00e0 nguy c\u01a1 \u00f4 nhi\u1ec5m kh\u00f4ng kh\u00ed.","breadcrumb":{"@id":"https:\/\/sso2.com\/product\/hazardous-area-online-process-oxygen-analyzer-ce\/#breadcrumb"},"inLanguage":"vi","potentialAction":[{"@type":"ReadAction","target":["https:\/\/sso2.com\/product\/hazardous-area-online-process-oxygen-analyzer-ce\/"]}]},{"@type":"ImageObject","inLanguage":"vi","@id":"https:\/\/sso2.com\/product\/hazardous-area-online-process-oxygen-analyzer-ce\/#primaryimage","url":"https:\/\/i0.wp.com\/sso2.com\/wp-content\/uploads\/2022\/06\/omd-625-1.png?fit=963%2C957&ssl=1","contentUrl":"https:\/\/i0.wp.com\/sso2.com\/wp-content\/uploads\/2022\/06\/omd-625-1.png?fit=963%2C957&ssl=1","width":963,"height":957},{"@type":"BreadcrumbList","@id":"https:\/\/sso2.com\/product\/hazardous-area-online-process-oxygen-analyzer-ce\/#breadcrumb","itemListElement":[{"@type":"ListItem","position":1,"name":"Home","item":"https:\/\/sso2.com\/en\/"},{"@type":"ListItem","position":2,"name":"Shop","item":"https:\/\/sso2.com\/shop\/"},{"@type":"ListItem","position":3,"name":"OMD-625 Hazardous Area Oxygen Analyzer"}]},{"@type":"WebSite","@id":"https:\/\/sso2.com\/#website","url":"https:\/\/sso2.com\/","name":"C\u00f4ng ty TNHH Southland Sensing.","description":"Industrial &amp; Medical Gas Analyzers Oxygen CO\u2082, &amp; H\u2082 Monitors","publisher":{"@id":"https:\/\/sso2.com\/#organization"},"alternateName":"SSO2","potentialAction":[{"@type":"SearchAction","target":{"@type":"EntryPoint","urlTemplate":"https:\/\/sso2.com\/?s={search_term_string}"},"query-input":{"@type":"PropertyValueSpecification","valueRequired":true,"valueName":"search_term_string"}}],"inLanguage":"vi"},{"@type":"Organization","@id":"https:\/\/sso2.com\/#organization","name":"C\u00f4ng ty TNHH Southland Sensing.","alternateName":"SSO2","url":"https:\/\/sso2.com\/","logo":{"@type":"ImageObject","inLanguage":"vi","@id":"https:\/\/sso2.com\/#\/schema\/logo\/image\/","url":"https:\/\/sso2.com\/wp-content\/uploads\/2025\/10\/sso2_300pixel.webp","contentUrl":"https:\/\/sso2.com\/wp-content\/uploads\/2025\/10\/sso2_300pixel.webp","width":300,"height":50,"caption":"Southland Sensing Ltd."},"image":{"@id":"https:\/\/sso2.com\/#\/schema\/logo\/image\/"},"sameAs":["https:\/\/www.linkedin.com\/company\/southland-sensing-ltd\/"],"description":"Southland Sensing Ltd. brings together superior performance, an improved user experience, and unmatched application expertise to deliver an accurate and reliable measurement solution. That\u2019s why multinationals, small companies and universities alike turn to us again and again.","email":"sales@sso2.com","telephone":"1-949-398-2879","legalName":"Southland Sensing Ltd.","foundingDate":"2013-01-01","numberOfEmployees":{"@type":"QuantitativeValue","minValue":"11","maxValue":"50"},"publishingPrinciples":"https:\/\/sso2.com\/contact-us\/","ownershipFundingInfo":"https:\/\/sso2.com\/about-us\/","actionableFeedbackPolicy":"https:\/\/sso2.com\/contact-us\/"}]},"product_price_currency":"USD","og_availability":"instock","product_availability":"instock","product_condition":"new"},"jetpack_sharing_enabled":true,"_links":{"self":[{"href":"https:\/\/sso2.com\/vi\/wp-json\/wp\/v2\/product\/722","targetHints":{"allow":["GET"]}}],"collection":[{"href":"https:\/\/sso2.com\/vi\/wp-json\/wp\/v2\/product"}],"about":[{"href":"https:\/\/sso2.com\/vi\/wp-json\/wp\/v2\/types\/product"}],"replies":[{"embeddable":true,"href":"https:\/\/sso2.com\/vi\/wp-json\/wp\/v2\/comments?post=722"}],"wp:featuredmedia":[{"embeddable":true,"href":"https:\/\/sso2.com\/vi\/wp-json\/wp\/v2\/media\/1915"}],"wp:attachment":[{"href":"https:\/\/sso2.com\/vi\/wp-json\/wp\/v2\/media?parent=722"}],"wp:term":[{"taxonomy":"product_brand","embeddable":true,"href":"https:\/\/sso2.com\/vi\/wp-json\/wp\/v2\/product_brand?post=722"},{"taxonomy":"product_cat","embeddable":true,"href":"https:\/\/sso2.com\/vi\/wp-json\/wp\/v2\/product_cat?post=722"},{"taxonomy":"product_tag","embeddable":true,"href":"https:\/\/sso2.com\/vi\/wp-json\/wp\/v2\/product_tag?post=722"}],"curies":[{"name":"wp","href":"https:\/\/api.w.org\/{rel}","templated":true}]}}