{"id":3421,"date":"2025-03-27T20:31:23","date_gmt":"2025-03-27T20:31:23","guid":{"rendered":"https:\/\/sso2.com\/?post_type=product&#038;p=3421"},"modified":"2025-11-19T10:48:16","modified_gmt":"2025-11-19T10:48:16","slug":"omd-580","status":"publish","type":"product","link":"https:\/\/sso2.com\/vi\/product\/omd-580\/","title":{"rendered":"OMD-580 Portable Trace Oxygen Analyzer"},"content":{"rendered":"<p>The OMD-580 Portable trace oxygen analyzer combine a rugged PolyPro enclosure and an advanced set of electronic features including a smart MENU interface with our industry leading precision electrochemical oxygen sensor technology.\u00a0 The result is a highly reliable and cost effective design with easy-to-use user interface.<\/p>\n<ul>\n<li>Enclosure: Polypro; Portable<\/li>\n<li>Ranges: 0 &#8211; 10\/100\/1000\/10000 PPM &amp; 0 &#8211; 25%<\/li>\n<li>Sample System: None; Quick Disconnect Fittings<\/li>\n<li>Resolution: 0.01 PPM<\/li>\n<li>Input Power: 100 &#8211; 240 VAC w\/ International Plug<\/li>\n<li>Analog Output: 0 &#8211; 1V DC<\/li>\n<li>Ghi d\u1eef li\u1ec7u: \u1ed4 \u0111\u0129a flash USB c\u00f3 th\u1ec3 th\u00e1o r\u1eddi<\/li>\n<li>B\u01a1m l\u1ea5y m\u1eabu t\u00edch ph\u00e2n t\u00f9y ch\u1ecdn<\/li>\n<\/ul>\n<p>The built in smart MENU interface allow the user to fully configure the analyzer through the onboard MENU system.\u00a0 No need for a complicated laptop or other control device to setup the analyzer in the field.\u00a0 Another\u00a0highlight of the advanced set of electronics includes a USB output for data logging.\u00a0 Data logging can be done via a removable USB flash drive and data can be taken in 1 minute intervals.\u00a0 An 8 GB flash drive can store data for 50+ years.<\/p>\n<p>The OMD-580 trace analyzer comes with a built-in isolation quick disconnect fittings.<\/p>\n<p>The standard cell (TO2-1x) is unaffected by other background gases such as hydrogen, helium, or hydrocarbons. The optional acidic cell (TO2-2x) works well when acid gases such as CO2 or Natural Gas are present.\u00a0 All oxygen sensors are manufactured in house by Southland Sensing Ltd. under a strict ISO9001:2015 \/ ISO13485:2016 quality system.<\/p>\n<p>The sensors are self-contained and minimal maintenance is required &#8211; no need to clean electrodes or add electrolyte.<\/p>","protected":false},"excerpt":{"rendered":"<p>The OMD-580 Portable trace oxygen analyzer combine a rugged PolyPro enclosure and an advanced set of electronic features including a smart MENU interface with our industry leading precision electrochemical oxygen sensor technology.\u00a0 The result is a highly reliable and cost effective design with easy-to-use user interface. Enclosure: Polypro; Portable Ranges: 0 &#8211; 10\/100\/1000\/10000 PPM &amp; [&hellip;]<\/p>\n","protected":false},"featured_media":784,"comment_status":"open","ping_status":"closed","template":"","meta":[],"product_brand":[],"product_cat":[26],"product_tag":[],"class_list":{"0":"post-3421","1":"product","2":"type-product","3":"status-publish","4":"has-post-thumbnail","6":"product_cat-industrial-oxygen-analyzers","8":"first","9":"instock","10":"shipping-taxable","11":"product-type-external"},"yoast_head":"<!-- This site is optimized with the Yoast SEO Premium plugin v27.2 (Yoast SEO v27.2) - https:\/\/yoast.com\/product\/yoast-seo-premium-wordpress\/ -->\n<title>OMD-580 Portable Trace Oxygen Analyzer for Accurate Results<\/title>\n<meta name=\"description\" content=\"The OMD-580 Portable Trace Oxygen Analyzer offers precise, fast, and reliable oxygen measurement for industrial, lab, and safety monitoring applications.\" \/>\n<meta name=\"robots\" content=\"index, follow, max-snippet:-1, max-image-preview:large, max-video-preview:-1\" \/>\n<link rel=\"canonical\" href=\"https:\/\/sso2.com\/vi\/san-pham\/omd-580\/\" \/>\n<meta property=\"og:locale\" content=\"vi_VN\" \/>\n<meta property=\"og:type\" content=\"article\" \/>\n<meta property=\"og:title\" content=\"OMD-580 Portable Trace Oxygen Analyzer\" \/>\n<meta property=\"og:description\" content=\"The OMD-580 Portable Trace Oxygen Analyzer offers precise, fast, and reliable oxygen measurement for industrial, lab, and safety monitoring applications.\" \/>\n<meta property=\"og:url\" content=\"https:\/\/sso2.com\/vi\/san-pham\/omd-580\/\" \/>\n<meta property=\"og:site_name\" content=\"Southland Sensing Ltd.\" \/>\n<meta property=\"article:modified_time\" content=\"2025-11-19T10:48:16+00:00\" \/>\n<meta property=\"og:image\" content=\"https:\/\/sso2.com\/wp-content\/uploads\/2019\/04\/omd-580_nobackground.png\" \/>\n\t<meta property=\"og:image:width\" content=\"1185\" \/>\n\t<meta property=\"og:image:height\" content=\"973\" \/>\n\t<meta property=\"og:image:type\" content=\"image\/png\" \/>\n<meta name=\"twitter:card\" content=\"summary_large_image\" \/>\n<meta name=\"twitter:label1\" content=\"Price\" \/>\n\t<meta name=\"twitter:data1\" content=\"\" \/>\n\t<meta name=\"twitter:label2\" content=\"Availability\" \/>\n\t<meta name=\"twitter:data2\" content=\"In stock\" \/>\n<script type=\"application\/ld+json\" class=\"yoast-schema-graph\">{\"@context\":\"https:\/\/schema.org\",\"@graph\":[{\"@type\":\"WebPage\",\"@id\":\"https:\/\/sso2.com\/product\/omd-580\/\",\"url\":\"https:\/\/sso2.com\/product\/omd-580\/\",\"name\":\"OMD-580 Portable Trace Oxygen Analyzer for Accurate Results\",\"isPartOf\":{\"@id\":\"https:\/\/sso2.com\/#website\"},\"primaryImageOfPage\":{\"@id\":\"https:\/\/sso2.com\/product\/omd-580\/#primaryimage\"},\"image\":{\"@id\":\"https:\/\/sso2.com\/product\/omd-580\/#primaryimage\"},\"thumbnailUrl\":\"https:\/\/i0.wp.com\/sso2.com\/wp-content\/uploads\/2019\/04\/omd-580_nobackground.png?fit=1185%2C973&ssl=1\",\"datePublished\":\"2025-03-27T20:31:23+00:00\",\"dateModified\":\"2025-11-19T10:48:16+00:00\",\"description\":\"The OMD-580 Portable Trace Oxygen Analyzer offers precise, fast, and reliable oxygen measurement for industrial, lab, and safety monitoring applications.\",\"breadcrumb\":{\"@id\":\"https:\/\/sso2.com\/product\/omd-580\/#breadcrumb\"},\"inLanguage\":\"vi\",\"potentialAction\":[{\"@type\":\"ReadAction\",\"target\":[\"https:\/\/sso2.com\/product\/omd-580\/\"]}]},{\"@type\":\"ImageObject\",\"inLanguage\":\"vi\",\"@id\":\"https:\/\/sso2.com\/product\/omd-580\/#primaryimage\",\"url\":\"https:\/\/i0.wp.com\/sso2.com\/wp-content\/uploads\/2019\/04\/omd-580_nobackground.png?fit=1185%2C973&ssl=1\",\"contentUrl\":\"https:\/\/i0.wp.com\/sso2.com\/wp-content\/uploads\/2019\/04\/omd-580_nobackground.png?fit=1185%2C973&ssl=1\",\"width\":1185,\"height\":973},{\"@type\":\"BreadcrumbList\",\"@id\":\"https:\/\/sso2.com\/product\/omd-580\/#breadcrumb\",\"itemListElement\":[{\"@type\":\"ListItem\",\"position\":1,\"name\":\"Home\",\"item\":\"https:\/\/sso2.com\/en\/\"},{\"@type\":\"ListItem\",\"position\":2,\"name\":\"Shop\",\"item\":\"https:\/\/sso2.com\/shop\/\"},{\"@type\":\"ListItem\",\"position\":3,\"name\":\"OMD-580 Portable Trace Oxygen Analyzer\"}]},{\"@type\":\"WebSite\",\"@id\":\"https:\/\/sso2.com\/#website\",\"url\":\"https:\/\/sso2.com\/\",\"name\":\"Southland Sensing Ltd.\",\"description\":\"Industrial &amp; Medical Gas Analyzers Oxygen CO\u2082, &amp; H\u2082 Monitors\",\"publisher\":{\"@id\":\"https:\/\/sso2.com\/#organization\"},\"alternateName\":\"SSO2\",\"potentialAction\":[{\"@type\":\"SearchAction\",\"target\":{\"@type\":\"EntryPoint\",\"urlTemplate\":\"https:\/\/sso2.com\/?s={search_term_string}\"},\"query-input\":{\"@type\":\"PropertyValueSpecification\",\"valueRequired\":true,\"valueName\":\"search_term_string\"}}],\"inLanguage\":\"vi\"},{\"@type\":\"Organization\",\"@id\":\"https:\/\/sso2.com\/#organization\",\"name\":\"Southland Sensing Ltd.\",\"alternateName\":\"SSO2\",\"url\":\"https:\/\/sso2.com\/\",\"logo\":{\"@type\":\"ImageObject\",\"inLanguage\":\"vi\",\"@id\":\"https:\/\/sso2.com\/#\/schema\/logo\/image\/\",\"url\":\"https:\/\/sso2.com\/wp-content\/uploads\/2025\/10\/sso2_300pixel.webp\",\"contentUrl\":\"https:\/\/sso2.com\/wp-content\/uploads\/2025\/10\/sso2_300pixel.webp\",\"width\":300,\"height\":50,\"caption\":\"Southland Sensing Ltd.\"},\"image\":{\"@id\":\"https:\/\/sso2.com\/#\/schema\/logo\/image\/\"},\"sameAs\":[\"https:\/\/www.linkedin.com\/company\/southland-sensing-ltd\/\"],\"description\":\"Southland Sensing Ltd. brings together superior performance, an improved user experience, and unmatched application expertise to deliver an accurate and reliable measurement solution. That\u2019s why multinationals, small companies and universities alike turn to us again and again.\",\"email\":\"sales@sso2.com\",\"telephone\":\"1-949-398-2879\",\"legalName\":\"Southland Sensing Ltd.\",\"foundingDate\":\"2013-01-01\",\"numberOfEmployees\":{\"@type\":\"QuantitativeValue\",\"minValue\":\"11\",\"maxValue\":\"50\"},\"publishingPrinciples\":\"https:\/\/sso2.com\/contact-us\/\",\"ownershipFundingInfo\":\"https:\/\/sso2.com\/about-us\/\",\"actionableFeedbackPolicy\":\"https:\/\/sso2.com\/contact-us\/\"}]}<\/script>\n<meta property=\"product:price:currency\" content=\"USD\" \/>\n<meta property=\"og:availability\" content=\"instock\" \/>\n<meta property=\"product:availability\" content=\"instock\" \/>\n<meta property=\"product:condition\" content=\"new\" \/>\n<!-- \/ Yoast SEO Premium plugin. -->","yoast_head_json":{"title":"M\u00e1y ph\u00e2n t\u00edch oxy v\u1ebft c\u1ea7m tay OMD-580 cho k\u1ebft qu\u1ea3 ch\u00ednh x\u00e1c.","description":"M\u00e1y ph\u00e2n t\u00edch oxy v\u1ebft c\u1ea7m tay OMD-580 cung c\u1ea5p kh\u1ea3 n\u0103ng \u0111o oxy ch\u00ednh x\u00e1c, nhanh ch\u00f3ng v\u00e0 \u0111\u00e1ng tin c\u1eady cho c\u00e1c \u1ee9ng d\u1ee5ng gi\u00e1m s\u00e1t c\u00f4ng nghi\u1ec7p, ph\u00f2ng th\u00ed nghi\u1ec7m v\u00e0 an to\u00e0n.","robots":{"index":"index","follow":"follow","max-snippet":"max-snippet:-1","max-image-preview":"max-image-preview:large","max-video-preview":"max-video-preview:-1"},"canonical":"https:\/\/sso2.com\/vi\/san-pham\/omd-580\/","og_locale":"vi_VN","og_type":"article","og_title":"OMD-580 Portable Trace Oxygen Analyzer","og_description":"The OMD-580 Portable Trace Oxygen Analyzer offers precise, fast, and reliable oxygen measurement for industrial, lab, and safety monitoring applications.","og_url":"https:\/\/sso2.com\/vi\/san-pham\/omd-580\/","og_site_name":"Southland Sensing Ltd.","article_modified_time":"2025-11-19T10:48:16+00:00","og_image":[{"width":1185,"height":973,"url":"https:\/\/sso2.com\/wp-content\/uploads\/2019\/04\/omd-580_nobackground.png","type":"image\/png"}],"twitter_card":"summary_large_image","twitter_misc":{"Price":"","Availability":"In stock"},"schema":{"@context":"https:\/\/schema.org","@graph":[{"@type":"WebPage","@id":"https:\/\/sso2.com\/product\/omd-580\/","url":"https:\/\/sso2.com\/product\/omd-580\/","name":"M\u00e1y ph\u00e2n t\u00edch oxy v\u1ebft c\u1ea7m tay OMD-580 cho k\u1ebft qu\u1ea3 ch\u00ednh x\u00e1c.","isPartOf":{"@id":"https:\/\/sso2.com\/#website"},"primaryImageOfPage":{"@id":"https:\/\/sso2.com\/product\/omd-580\/#primaryimage"},"image":{"@id":"https:\/\/sso2.com\/product\/omd-580\/#primaryimage"},"thumbnailUrl":"https:\/\/i0.wp.com\/sso2.com\/wp-content\/uploads\/2019\/04\/omd-580_nobackground.png?fit=1185%2C973&ssl=1","datePublished":"2025-03-27T20:31:23+00:00","dateModified":"2025-11-19T10:48:16+00:00","description":"M\u00e1y ph\u00e2n t\u00edch oxy v\u1ebft c\u1ea7m tay OMD-580 cung c\u1ea5p kh\u1ea3 n\u0103ng \u0111o oxy ch\u00ednh x\u00e1c, nhanh ch\u00f3ng v\u00e0 \u0111\u00e1ng tin c\u1eady cho c\u00e1c \u1ee9ng d\u1ee5ng gi\u00e1m s\u00e1t c\u00f4ng nghi\u1ec7p, ph\u00f2ng th\u00ed nghi\u1ec7m v\u00e0 an to\u00e0n.","breadcrumb":{"@id":"https:\/\/sso2.com\/product\/omd-580\/#breadcrumb"},"inLanguage":"vi","potentialAction":[{"@type":"ReadAction","target":["https:\/\/sso2.com\/product\/omd-580\/"]}]},{"@type":"ImageObject","inLanguage":"vi","@id":"https:\/\/sso2.com\/product\/omd-580\/#primaryimage","url":"https:\/\/i0.wp.com\/sso2.com\/wp-content\/uploads\/2019\/04\/omd-580_nobackground.png?fit=1185%2C973&ssl=1","contentUrl":"https:\/\/i0.wp.com\/sso2.com\/wp-content\/uploads\/2019\/04\/omd-580_nobackground.png?fit=1185%2C973&ssl=1","width":1185,"height":973},{"@type":"BreadcrumbList","@id":"https:\/\/sso2.com\/product\/omd-580\/#breadcrumb","itemListElement":[{"@type":"ListItem","position":1,"name":"Home","item":"https:\/\/sso2.com\/en\/"},{"@type":"ListItem","position":2,"name":"Shop","item":"https:\/\/sso2.com\/shop\/"},{"@type":"ListItem","position":3,"name":"OMD-580 Portable Trace Oxygen Analyzer"}]},{"@type":"WebSite","@id":"https:\/\/sso2.com\/#website","url":"https:\/\/sso2.com\/","name":"C\u00f4ng ty TNHH Southland Sensing.","description":"Industrial &amp; Medical Gas Analyzers Oxygen CO\u2082, &amp; H\u2082 Monitors","publisher":{"@id":"https:\/\/sso2.com\/#organization"},"alternateName":"SSO2","potentialAction":[{"@type":"SearchAction","target":{"@type":"EntryPoint","urlTemplate":"https:\/\/sso2.com\/?s={search_term_string}"},"query-input":{"@type":"PropertyValueSpecification","valueRequired":true,"valueName":"search_term_string"}}],"inLanguage":"vi"},{"@type":"Organization","@id":"https:\/\/sso2.com\/#organization","name":"C\u00f4ng ty TNHH Southland Sensing.","alternateName":"SSO2","url":"https:\/\/sso2.com\/","logo":{"@type":"ImageObject","inLanguage":"vi","@id":"https:\/\/sso2.com\/#\/schema\/logo\/image\/","url":"https:\/\/sso2.com\/wp-content\/uploads\/2025\/10\/sso2_300pixel.webp","contentUrl":"https:\/\/sso2.com\/wp-content\/uploads\/2025\/10\/sso2_300pixel.webp","width":300,"height":50,"caption":"Southland Sensing Ltd."},"image":{"@id":"https:\/\/sso2.com\/#\/schema\/logo\/image\/"},"sameAs":["https:\/\/www.linkedin.com\/company\/southland-sensing-ltd\/"],"description":"Southland Sensing Ltd. brings together superior performance, an improved user experience, and unmatched application expertise to deliver an accurate and reliable measurement solution. That\u2019s why multinationals, small companies and universities alike turn to us again and again.","email":"sales@sso2.com","telephone":"1-949-398-2879","legalName":"Southland Sensing Ltd.","foundingDate":"2013-01-01","numberOfEmployees":{"@type":"QuantitativeValue","minValue":"11","maxValue":"50"},"publishingPrinciples":"https:\/\/sso2.com\/contact-us\/","ownershipFundingInfo":"https:\/\/sso2.com\/about-us\/","actionableFeedbackPolicy":"https:\/\/sso2.com\/contact-us\/"}]},"product_price_currency":"USD","og_availability":"instock","product_availability":"instock","product_condition":"new"},"jetpack_sharing_enabled":true,"_links":{"self":[{"href":"https:\/\/sso2.com\/vi\/wp-json\/wp\/v2\/product\/3421","targetHints":{"allow":["GET"]}}],"collection":[{"href":"https:\/\/sso2.com\/vi\/wp-json\/wp\/v2\/product"}],"about":[{"href":"https:\/\/sso2.com\/vi\/wp-json\/wp\/v2\/types\/product"}],"replies":[{"embeddable":true,"href":"https:\/\/sso2.com\/vi\/wp-json\/wp\/v2\/comments?post=3421"}],"wp:featuredmedia":[{"embeddable":true,"href":"https:\/\/sso2.com\/vi\/wp-json\/wp\/v2\/media\/784"}],"wp:attachment":[{"href":"https:\/\/sso2.com\/vi\/wp-json\/wp\/v2\/media?parent=3421"}],"wp:term":[{"taxonomy":"product_brand","embeddable":true,"href":"https:\/\/sso2.com\/vi\/wp-json\/wp\/v2\/product_brand?post=3421"},{"taxonomy":"product_cat","embeddable":true,"href":"https:\/\/sso2.com\/vi\/wp-json\/wp\/v2\/product_cat?post=3421"},{"taxonomy":"product_tag","embeddable":true,"href":"https:\/\/sso2.com\/vi\/wp-json\/wp\/v2\/product_tag?post=3421"}],"curies":[{"name":"wp","href":"https:\/\/api.w.org\/{rel}","templated":true}]}}