{"id":1849,"date":"2021-08-02T23:13:01","date_gmt":"2021-08-02T23:13:01","guid":{"rendered":"https:\/\/sso2.com\/?post_type=product&#038;p=1849"},"modified":"2025-11-19T11:17:27","modified_gmt":"2025-11-19T11:17:27","slug":"portable-oxygen-monitor-ce","status":"publish","type":"product","link":"https:\/\/sso2.com\/vi\/product\/portable-oxygen-monitor-ce\/","title":{"rendered":"MED-19 Portable Oxygen Monitor, CE"},"content":{"rendered":"<p>The MED-19 portable oxygen monitor combines a rugged ABS enclosure and an advanced set of electronic features including a smart MENU interface with our industry leading precision electrochemical oxygen sensor technology.\u00a0 The result is a highly reliable and cost effective design with easy-to-use user interface.\u00a0 The unit is specifically designed to safely and easily verify oxygen and other medical gases used in the medical and veterinary clinics.\u00a0 The unit comes with a 0 \u2013 100% oxygen concentration full scale measurement range.<\/p>\n<ul>\n<li>Enclosure: ABS; Portable<\/li>\n<li>Range: 0 &#8211; 100%<\/li>\n<li>Resolution: 0.01%<\/li>\n<li>Input Power: 3-AAA Batteries<\/li>\n<li>Alarms: Integral &amp; Adjustable<\/li>\n<\/ul>\n<p>The oxygen sensor is based on the galvanic electrochemical fuel cell principal and is manufactured in house under a strict quality procedure.\u00a0 The sensors are long life, self contained and minimal maintenance is required \u2013 no need to clean electrodes or add electrolyte.\u00a0 The precision sensors offer excellent performance, accuracy and stability while maximizing the expected life.\u00a0 The sensor is external with a 12 foot (fully extended) coiled cable.<\/p>\n<p>The electronics are feature packed with an easy-to-use menu interface and many additional safety features built in.\u00a0 Power is supplied via battery power (3-AAA batteries) with an estimated life of approximately 1000 hours.\u00a0 Two local alarms are ran through a loud integral audible alarm as well as local warning LED indicators with a silence button; alarms are configurable as High \/ Low and can be set from 15% &#8211; 100%.<\/p>\n<p>The monitor offers one of the smallest footprints in the field with a durable molded ABS.<\/p>","protected":false},"excerpt":{"rendered":"<p>The MED-19 portable oxygen monitor combines a rugged ABS enclosure and an advanced set of electronic features including a smart MENU interface with our industry leading precision electrochemical oxygen sensor technology.\u00a0 The result is a highly reliable and cost effective design with easy-to-use user interface.\u00a0 The unit is specifically designed to safely and easily verify [&hellip;]<\/p>\n","protected":false},"featured_media":2024,"comment_status":"open","ping_status":"closed","template":"","meta":[],"product_brand":[],"product_cat":[26],"product_tag":[],"class_list":{"0":"post-1849","1":"product","2":"type-product","3":"status-publish","4":"has-post-thumbnail","6":"product_cat-industrial-oxygen-analyzers","8":"first","9":"instock","10":"shipping-taxable","11":"product-type-external"},"yoast_head":"<!-- This site is optimized with the Yoast SEO Premium plugin v27.2 (Yoast SEO v27.2) - https:\/\/yoast.com\/product\/yoast-seo-premium-wordpress\/ -->\n<title>MED-19 Portable Oxygen Monitor $\\vert$ O2 Sensor CE<\/title>\n<meta name=\"description\" content=\"The MED-19 is a CE-certified portable oxygen monitor and O2 sensor. Ideal for room oxygen monitoring, medical, and deficient oxygen detection.\" \/>\n<meta name=\"robots\" content=\"index, follow, max-snippet:-1, max-image-preview:large, max-video-preview:-1\" \/>\n<link rel=\"canonical\" href=\"https:\/\/sso2.com\/vi\/san-pham\/portable-oxygen-monitor-ce\/\" \/>\n<meta property=\"og:locale\" content=\"vi_VN\" \/>\n<meta property=\"og:type\" content=\"article\" \/>\n<meta property=\"og:title\" content=\"MED-19 Portable Oxygen Monitor, CE\" \/>\n<meta property=\"og:description\" content=\"The MED-19 is a CE-certified portable oxygen monitor and O2 sensor. Ideal for room oxygen monitoring, medical, and deficient oxygen detection.\" \/>\n<meta property=\"og:url\" content=\"https:\/\/sso2.com\/vi\/san-pham\/portable-oxygen-monitor-ce\/\" \/>\n<meta property=\"og:site_name\" content=\"Southland Sensing Ltd.\" \/>\n<meta property=\"article:modified_time\" content=\"2025-11-19T11:17:27+00:00\" \/>\n<meta property=\"og:image\" content=\"https:\/\/sso2.com\/wp-content\/uploads\/2021\/08\/img_0189.jpg\" \/>\n\t<meta property=\"og:image:width\" content=\"841\" \/>\n\t<meta property=\"og:image:height\" content=\"928\" \/>\n\t<meta property=\"og:image:type\" content=\"image\/jpeg\" \/>\n<meta name=\"twitter:card\" content=\"summary_large_image\" \/>\n<meta name=\"twitter:label1\" content=\"Price\" \/>\n\t<meta name=\"twitter:data1\" content=\"\" \/>\n\t<meta name=\"twitter:label2\" content=\"Availability\" \/>\n\t<meta name=\"twitter:data2\" content=\"In stock\" \/>\n<script type=\"application\/ld+json\" class=\"yoast-schema-graph\">{\"@context\":\"https:\/\/schema.org\",\"@graph\":[{\"@type\":\"WebPage\",\"@id\":\"https:\/\/sso2.com\/product\/portable-oxygen-monitor-ce\/\",\"url\":\"https:\/\/sso2.com\/product\/portable-oxygen-monitor-ce\/\",\"name\":\"MED-19 Portable Oxygen Monitor $\\\\vert$ O2 Sensor CE\",\"isPartOf\":{\"@id\":\"https:\/\/sso2.com\/#website\"},\"primaryImageOfPage\":{\"@id\":\"https:\/\/sso2.com\/product\/portable-oxygen-monitor-ce\/#primaryimage\"},\"image\":{\"@id\":\"https:\/\/sso2.com\/product\/portable-oxygen-monitor-ce\/#primaryimage\"},\"thumbnailUrl\":\"https:\/\/i0.wp.com\/sso2.com\/wp-content\/uploads\/2021\/08\/img_0189.jpg?fit=841%2C928&ssl=1\",\"datePublished\":\"2021-08-02T23:13:01+00:00\",\"dateModified\":\"2025-11-19T11:17:27+00:00\",\"description\":\"The MED-19 is a CE-certified portable oxygen monitor and O2 sensor. Ideal for room oxygen monitoring, medical, and deficient oxygen detection.\",\"breadcrumb\":{\"@id\":\"https:\/\/sso2.com\/product\/portable-oxygen-monitor-ce\/#breadcrumb\"},\"inLanguage\":\"vi\",\"potentialAction\":[{\"@type\":\"ReadAction\",\"target\":[\"https:\/\/sso2.com\/product\/portable-oxygen-monitor-ce\/\"]}]},{\"@type\":\"ImageObject\",\"inLanguage\":\"vi\",\"@id\":\"https:\/\/sso2.com\/product\/portable-oxygen-monitor-ce\/#primaryimage\",\"url\":\"https:\/\/i0.wp.com\/sso2.com\/wp-content\/uploads\/2021\/08\/img_0189.jpg?fit=841%2C928&ssl=1\",\"contentUrl\":\"https:\/\/i0.wp.com\/sso2.com\/wp-content\/uploads\/2021\/08\/img_0189.jpg?fit=841%2C928&ssl=1\",\"width\":841,\"height\":928},{\"@type\":\"BreadcrumbList\",\"@id\":\"https:\/\/sso2.com\/product\/portable-oxygen-monitor-ce\/#breadcrumb\",\"itemListElement\":[{\"@type\":\"ListItem\",\"position\":1,\"name\":\"Home\",\"item\":\"https:\/\/sso2.com\/en\/\"},{\"@type\":\"ListItem\",\"position\":2,\"name\":\"Shop\",\"item\":\"https:\/\/sso2.com\/shop\/\"},{\"@type\":\"ListItem\",\"position\":3,\"name\":\"MED-19 Portable Oxygen Monitor, CE\"}]},{\"@type\":\"WebSite\",\"@id\":\"https:\/\/sso2.com\/#website\",\"url\":\"https:\/\/sso2.com\/\",\"name\":\"Southland Sensing Ltd.\",\"description\":\"Industrial &amp; Medical Gas Analyzers Oxygen CO\u2082, &amp; H\u2082 Monitors\",\"publisher\":{\"@id\":\"https:\/\/sso2.com\/#organization\"},\"alternateName\":\"SSO2\",\"potentialAction\":[{\"@type\":\"SearchAction\",\"target\":{\"@type\":\"EntryPoint\",\"urlTemplate\":\"https:\/\/sso2.com\/?s={search_term_string}\"},\"query-input\":{\"@type\":\"PropertyValueSpecification\",\"valueRequired\":true,\"valueName\":\"search_term_string\"}}],\"inLanguage\":\"vi\"},{\"@type\":\"Organization\",\"@id\":\"https:\/\/sso2.com\/#organization\",\"name\":\"Southland Sensing Ltd.\",\"alternateName\":\"SSO2\",\"url\":\"https:\/\/sso2.com\/\",\"logo\":{\"@type\":\"ImageObject\",\"inLanguage\":\"vi\",\"@id\":\"https:\/\/sso2.com\/#\/schema\/logo\/image\/\",\"url\":\"https:\/\/sso2.com\/wp-content\/uploads\/2025\/10\/sso2_300pixel.webp\",\"contentUrl\":\"https:\/\/sso2.com\/wp-content\/uploads\/2025\/10\/sso2_300pixel.webp\",\"width\":300,\"height\":50,\"caption\":\"Southland Sensing Ltd.\"},\"image\":{\"@id\":\"https:\/\/sso2.com\/#\/schema\/logo\/image\/\"},\"sameAs\":[\"https:\/\/www.linkedin.com\/company\/southland-sensing-ltd\/\"],\"description\":\"Southland Sensing Ltd. brings together superior performance, an improved user experience, and unmatched application expertise to deliver an accurate and reliable measurement solution. That\u2019s why multinationals, small companies and universities alike turn to us again and again.\",\"email\":\"sales@sso2.com\",\"telephone\":\"1-949-398-2879\",\"legalName\":\"Southland Sensing Ltd.\",\"foundingDate\":\"2013-01-01\",\"numberOfEmployees\":{\"@type\":\"QuantitativeValue\",\"minValue\":\"11\",\"maxValue\":\"50\"},\"publishingPrinciples\":\"https:\/\/sso2.com\/contact-us\/\",\"ownershipFundingInfo\":\"https:\/\/sso2.com\/about-us\/\",\"actionableFeedbackPolicy\":\"https:\/\/sso2.com\/contact-us\/\"}]}<\/script>\n<meta property=\"product:price:currency\" content=\"USD\" \/>\n<meta property=\"og:availability\" content=\"instock\" \/>\n<meta property=\"product:availability\" content=\"instock\" \/>\n<meta property=\"product:condition\" content=\"new\" \/>\n<!-- \/ Yoast SEO Premium plugin. -->","yoast_head_json":{"title":"M\u00e1y theo d\u00f5i oxy di \u0111\u1ed9ng MED-19 $\\vert$ C\u1ea3m bi\u1ebfn O2 CE","description":"MED-19 l\u00e0 m\u00e1y \u0111o n\u1ed3ng \u0111\u1ed9 oxy v\u00e0 c\u1ea3m bi\u1ebfn O2 di \u0111\u1ed9ng \u0111\u1ea1t ch\u1ee9ng nh\u1eadn CE. L\u00fd t\u01b0\u1edfng \u0111\u1ec3 theo d\u00f5i n\u1ed3ng \u0111\u1ed9 oxy trong ph\u00f2ng, s\u1eed d\u1ee5ng trong y t\u1ebf v\u00e0 ph\u00e1t hi\u1ec7n t\u00ecnh tr\u1ea1ng thi\u1ebfu oxy.","robots":{"index":"index","follow":"follow","max-snippet":"max-snippet:-1","max-image-preview":"max-image-preview:large","max-video-preview":"max-video-preview:-1"},"canonical":"https:\/\/sso2.com\/vi\/san-pham\/portable-oxygen-monitor-ce\/","og_locale":"vi_VN","og_type":"article","og_title":"MED-19 Portable Oxygen Monitor, CE","og_description":"The MED-19 is a CE-certified portable oxygen monitor and O2 sensor. Ideal for room oxygen monitoring, medical, and deficient oxygen detection.","og_url":"https:\/\/sso2.com\/vi\/san-pham\/portable-oxygen-monitor-ce\/","og_site_name":"Southland Sensing Ltd.","article_modified_time":"2025-11-19T11:17:27+00:00","og_image":[{"width":841,"height":928,"url":"https:\/\/sso2.com\/wp-content\/uploads\/2021\/08\/img_0189.jpg","type":"image\/jpeg"}],"twitter_card":"summary_large_image","twitter_misc":{"Price":"","Availability":"In stock"},"schema":{"@context":"https:\/\/schema.org","@graph":[{"@type":"WebPage","@id":"https:\/\/sso2.com\/product\/portable-oxygen-monitor-ce\/","url":"https:\/\/sso2.com\/product\/portable-oxygen-monitor-ce\/","name":"M\u00e1y theo d\u00f5i oxy di \u0111\u1ed9ng MED-19 $\\vert$ C\u1ea3m bi\u1ebfn O2 CE","isPartOf":{"@id":"https:\/\/sso2.com\/#website"},"primaryImageOfPage":{"@id":"https:\/\/sso2.com\/product\/portable-oxygen-monitor-ce\/#primaryimage"},"image":{"@id":"https:\/\/sso2.com\/product\/portable-oxygen-monitor-ce\/#primaryimage"},"thumbnailUrl":"https:\/\/i0.wp.com\/sso2.com\/wp-content\/uploads\/2021\/08\/img_0189.jpg?fit=841%2C928&ssl=1","datePublished":"2021-08-02T23:13:01+00:00","dateModified":"2025-11-19T11:17:27+00:00","description":"MED-19 l\u00e0 m\u00e1y \u0111o n\u1ed3ng \u0111\u1ed9 oxy v\u00e0 c\u1ea3m bi\u1ebfn O2 di \u0111\u1ed9ng \u0111\u1ea1t ch\u1ee9ng nh\u1eadn CE. L\u00fd t\u01b0\u1edfng \u0111\u1ec3 theo d\u00f5i n\u1ed3ng \u0111\u1ed9 oxy trong ph\u00f2ng, s\u1eed d\u1ee5ng trong y t\u1ebf v\u00e0 ph\u00e1t hi\u1ec7n t\u00ecnh tr\u1ea1ng thi\u1ebfu oxy.","breadcrumb":{"@id":"https:\/\/sso2.com\/product\/portable-oxygen-monitor-ce\/#breadcrumb"},"inLanguage":"vi","potentialAction":[{"@type":"ReadAction","target":["https:\/\/sso2.com\/product\/portable-oxygen-monitor-ce\/"]}]},{"@type":"ImageObject","inLanguage":"vi","@id":"https:\/\/sso2.com\/product\/portable-oxygen-monitor-ce\/#primaryimage","url":"https:\/\/i0.wp.com\/sso2.com\/wp-content\/uploads\/2021\/08\/img_0189.jpg?fit=841%2C928&ssl=1","contentUrl":"https:\/\/i0.wp.com\/sso2.com\/wp-content\/uploads\/2021\/08\/img_0189.jpg?fit=841%2C928&ssl=1","width":841,"height":928},{"@type":"BreadcrumbList","@id":"https:\/\/sso2.com\/product\/portable-oxygen-monitor-ce\/#breadcrumb","itemListElement":[{"@type":"ListItem","position":1,"name":"Home","item":"https:\/\/sso2.com\/en\/"},{"@type":"ListItem","position":2,"name":"Shop","item":"https:\/\/sso2.com\/shop\/"},{"@type":"ListItem","position":3,"name":"MED-19 Portable Oxygen Monitor, CE"}]},{"@type":"WebSite","@id":"https:\/\/sso2.com\/#website","url":"https:\/\/sso2.com\/","name":"C\u00f4ng ty TNHH Southland Sensing.","description":"Industrial &amp; Medical Gas Analyzers Oxygen CO\u2082, &amp; H\u2082 Monitors","publisher":{"@id":"https:\/\/sso2.com\/#organization"},"alternateName":"SSO2","potentialAction":[{"@type":"SearchAction","target":{"@type":"EntryPoint","urlTemplate":"https:\/\/sso2.com\/?s={search_term_string}"},"query-input":{"@type":"PropertyValueSpecification","valueRequired":true,"valueName":"search_term_string"}}],"inLanguage":"vi"},{"@type":"Organization","@id":"https:\/\/sso2.com\/#organization","name":"C\u00f4ng ty TNHH Southland Sensing.","alternateName":"SSO2","url":"https:\/\/sso2.com\/","logo":{"@type":"ImageObject","inLanguage":"vi","@id":"https:\/\/sso2.com\/#\/schema\/logo\/image\/","url":"https:\/\/sso2.com\/wp-content\/uploads\/2025\/10\/sso2_300pixel.webp","contentUrl":"https:\/\/sso2.com\/wp-content\/uploads\/2025\/10\/sso2_300pixel.webp","width":300,"height":50,"caption":"Southland Sensing Ltd."},"image":{"@id":"https:\/\/sso2.com\/#\/schema\/logo\/image\/"},"sameAs":["https:\/\/www.linkedin.com\/company\/southland-sensing-ltd\/"],"description":"Southland Sensing Ltd. brings together superior performance, an improved user experience, and unmatched application expertise to deliver an accurate and reliable measurement solution. That\u2019s why multinationals, small companies and universities alike turn to us again and again.","email":"sales@sso2.com","telephone":"1-949-398-2879","legalName":"Southland Sensing Ltd.","foundingDate":"2013-01-01","numberOfEmployees":{"@type":"QuantitativeValue","minValue":"11","maxValue":"50"},"publishingPrinciples":"https:\/\/sso2.com\/contact-us\/","ownershipFundingInfo":"https:\/\/sso2.com\/about-us\/","actionableFeedbackPolicy":"https:\/\/sso2.com\/contact-us\/"}]},"product_price_currency":"USD","og_availability":"instock","product_availability":"instock","product_condition":"new"},"jetpack_sharing_enabled":true,"_links":{"self":[{"href":"https:\/\/sso2.com\/vi\/wp-json\/wp\/v2\/product\/1849","targetHints":{"allow":["GET"]}}],"collection":[{"href":"https:\/\/sso2.com\/vi\/wp-json\/wp\/v2\/product"}],"about":[{"href":"https:\/\/sso2.com\/vi\/wp-json\/wp\/v2\/types\/product"}],"replies":[{"embeddable":true,"href":"https:\/\/sso2.com\/vi\/wp-json\/wp\/v2\/comments?post=1849"}],"wp:featuredmedia":[{"embeddable":true,"href":"https:\/\/sso2.com\/vi\/wp-json\/wp\/v2\/media\/2024"}],"wp:attachment":[{"href":"https:\/\/sso2.com\/vi\/wp-json\/wp\/v2\/media?parent=1849"}],"wp:term":[{"taxonomy":"product_brand","embeddable":true,"href":"https:\/\/sso2.com\/vi\/wp-json\/wp\/v2\/product_brand?post=1849"},{"taxonomy":"product_cat","embeddable":true,"href":"https:\/\/sso2.com\/vi\/wp-json\/wp\/v2\/product_cat?post=1849"},{"taxonomy":"product_tag","embeddable":true,"href":"https:\/\/sso2.com\/vi\/wp-json\/wp\/v2\/product_tag?post=1849"}],"curies":[{"name":"wp","href":"https:\/\/api.w.org\/{rel}","templated":true}]}}