{"id":1673,"date":"2021-05-19T21:29:43","date_gmt":"2021-05-19T21:29:43","guid":{"rendered":"https:\/\/sso2.com\/?post_type=product&#038;p=1673"},"modified":"2025-11-19T11:24:11","modified_gmt":"2025-11-19T11:24:11","slug":"omd-501x","status":"publish","type":"product","link":"https:\/\/sso2.com\/vi\/product\/omd-501x\/","title":{"rendered":"OMD-501X Oxygen Analyzer, 1\/4 DIN"},"content":{"rendered":"<p>The OMD-501X online oxygen analyzer with its small, compact 1\/4 DIN panel mount design and remote sensor housing is is designed to measure oxygen from 0.01 parts-per-million up to 100%.\u00a0 The unit combines an advanced set of electronic features including a smart MENU interface with our industry leading precision electrochemical oxygen sensor technology. The result is a highly reliable and cost effective design with easy-to-use user interface.\u00a0 Designed for general purpose type installations such as inert glovebox systems and O2 \/ N2 generators.<\/p>\n<ul>\n<li>Enclosure Type: Panel Mount 1\/4 Cutout<\/li>\n<li>V\u1eadt li\u1ec7u v\u1ecf: Nh\u00f4m anodized ch\u1eafc ch\u1eafn<\/li>\n<li>Sensor Housing: Remote with 72&#8243; Cable<\/li>\n<li>Ph\u1ea1m vi ti\u00eau chu\u1ea9n: 0 \u2013 10\/100\/1000\/10000 PPM &amp; 25%<\/li>\n<li>Ph\u1ea1m vi t\u00f9y ch\u1ecdn: 0 \u2013 1\/5\/10\/25 &amp; 100 %<\/li>\n<li>Ch\u1ebf \u0111\u1ed9 d\u1ea3i \u0111o: T\u1ef1 \u0111\u1ed9ng ho\u1eb7c Th\u1ee7 c\u00f4ng<\/li>\n<li>\u0110\u1ed9 ph\u00e2n gi\u1ea3i: 0,01 PPM ho\u1eb7c 0,01 %<\/li>\n<li>Input Power: 100 \u2013 240 VAC or 12 \u2013 28 VDC<\/li>\n<li>\u0110\u1ea7u ra analog: 4 \u2013 20mA<\/li>\n<li>Giao ti\u1ebfp: MODBUS RS485 hai chi\u1ec1u ASCII<\/li>\n<li>C\u00f2i b\u00e1o \u0111\u1ed9ng: 2 ti\u1ebfp \u0111i\u1ec3m r\u01a1le d\u1ea1ng C c\u00f3 th\u1ec3 \u0111i\u1ec1u ch\u1ec9nh ho\u00e0n to\u00e0n<\/li>\n<\/ul>\n<p>The built in smart MENU interface allow the user to fully configure the analyzer through the onboard MENU system.\u00a0 No need for a complicated laptop or other control device to setup the analyzer in the field.\u00a0\u00a0The electronics are highly reliable and feature-packed and include 4 \u2013 20mA analog output, RANGE ID 1 &#8211; 5VDC output, 2 alarm relay contacts, bi-directional Modbus RS485 ASCII communication protocol, multiple analysis ranges, and a 10 \u2013 28 VDC or 100 &#8211; 240 VAC power input.<\/p>\n<p>The oxygen sensor is based on the galvanic electrochemical fuel cell principal and is manufactured in house under a strict quality procedure. The sensors are self contained and minimal maintenance is required \u2013 no need to clean electrodes or add electrolyte. The precision sensors offer excellent performance, accuracy and stability while maximizing the expected life.<\/p>\n<p>The analyzer comes with multiple ranges from 0 &#8211; 10 PPM up to 0 &#8211; 100%. Optional sensors can be configured for PPM or Percent oxygen analysis, sensors designed for Inert or CO2 background gases applications are also available.<\/p>\n<p>Sensor housing is remote and includes a 6 foot cable.\u00a0 Optional sensor housings include direct fit KF-40 (inert glove box, NW40F) or flow through housing (6 mm, 1\/8&#8243; or 1\/4&#8243; compression tube fittings).<\/p>","protected":false},"excerpt":{"rendered":"<p>The OMD-501X online oxygen analyzer with its small, compact 1\/4 DIN panel mount design and remote sensor housing is is designed to measure oxygen from 0.01 parts-per-million up to 100%.\u00a0 The unit combines an advanced set of electronic features including a smart MENU interface with our industry leading precision electrochemical oxygen sensor technology. The result [&hellip;]<\/p>\n","protected":false},"featured_media":3926,"comment_status":"open","ping_status":"closed","template":"","meta":[],"product_brand":[],"product_cat":[26],"product_tag":[],"class_list":{"0":"post-1673","1":"product","2":"type-product","3":"status-publish","4":"has-post-thumbnail","6":"product_cat-industrial-oxygen-analyzers","8":"first","9":"instock","10":"shipping-taxable","11":"product-type-external"},"yoast_head":"<!-- This site is optimized with the Yoast SEO Premium plugin v27.2 (Yoast SEO v27.2) - https:\/\/yoast.com\/product\/yoast-seo-premium-wordpress\/ -->\n<title>OMD-501X 1\/4 DIN Oxygen Analyzer $\\vert$ O2 Detector<\/title>\n<meta name=\"description\" content=\"The OMD-501X is a 1\/4 DIN panel mount oxygen analyzer. Get fast, reliable, and continuous oxygen sensing and O2 deficiency monitoring.\" \/>\n<meta name=\"robots\" content=\"index, follow, max-snippet:-1, max-image-preview:large, max-video-preview:-1\" \/>\n<link rel=\"canonical\" href=\"https:\/\/sso2.com\/vi\/san-pham\/omd-501x\/\" \/>\n<meta property=\"og:locale\" content=\"vi_VN\" \/>\n<meta property=\"og:type\" content=\"article\" \/>\n<meta property=\"og:title\" content=\"OMD-501X Oxygen Analyzer, 1\/4 DIN\" \/>\n<meta property=\"og:description\" content=\"The OMD-501X is a 1\/4 DIN panel mount oxygen analyzer. Get fast, reliable, and continuous oxygen sensing and O2 deficiency monitoring.\" \/>\n<meta property=\"og:url\" content=\"https:\/\/sso2.com\/vi\/san-pham\/omd-501x\/\" \/>\n<meta property=\"og:site_name\" content=\"Southland Sensing Ltd.\" \/>\n<meta property=\"article:modified_time\" content=\"2025-11-19T11:24:11+00:00\" \/>\n<meta property=\"og:image\" content=\"https:\/\/sso2.com\/wp-content\/uploads\/2025\/07\/img_2696.png\" \/>\n\t<meta property=\"og:image:width\" content=\"1404\" \/>\n\t<meta property=\"og:image:height\" content=\"1422\" \/>\n\t<meta property=\"og:image:type\" content=\"image\/png\" \/>\n<meta name=\"twitter:card\" content=\"summary_large_image\" \/>\n<meta name=\"twitter:label1\" content=\"Price\" \/>\n\t<meta name=\"twitter:data1\" content=\"\" \/>\n\t<meta name=\"twitter:label2\" content=\"Availability\" \/>\n\t<meta name=\"twitter:data2\" content=\"In stock\" \/>\n<script type=\"application\/ld+json\" class=\"yoast-schema-graph\">{\"@context\":\"https:\/\/schema.org\",\"@graph\":[{\"@type\":\"WebPage\",\"@id\":\"https:\/\/sso2.com\/product\/omd-501x\/\",\"url\":\"https:\/\/sso2.com\/product\/omd-501x\/\",\"name\":\"OMD-501X 1\/4 DIN Oxygen Analyzer $\\\\vert$ O2 Detector\",\"isPartOf\":{\"@id\":\"https:\/\/sso2.com\/#website\"},\"primaryImageOfPage\":{\"@id\":\"https:\/\/sso2.com\/product\/omd-501x\/#primaryimage\"},\"image\":{\"@id\":\"https:\/\/sso2.com\/product\/omd-501x\/#primaryimage\"},\"thumbnailUrl\":\"https:\/\/i0.wp.com\/sso2.com\/wp-content\/uploads\/2025\/07\/img_2696.png?fit=1404%2C1422&ssl=1\",\"datePublished\":\"2021-05-19T21:29:43+00:00\",\"dateModified\":\"2025-11-19T11:24:11+00:00\",\"description\":\"The OMD-501X is a 1\/4 DIN panel mount oxygen analyzer. Get fast, reliable, and continuous oxygen sensing and O2 deficiency monitoring.\",\"breadcrumb\":{\"@id\":\"https:\/\/sso2.com\/product\/omd-501x\/#breadcrumb\"},\"inLanguage\":\"vi\",\"potentialAction\":[{\"@type\":\"ReadAction\",\"target\":[\"https:\/\/sso2.com\/product\/omd-501x\/\"]}]},{\"@type\":\"ImageObject\",\"inLanguage\":\"vi\",\"@id\":\"https:\/\/sso2.com\/product\/omd-501x\/#primaryimage\",\"url\":\"https:\/\/i0.wp.com\/sso2.com\/wp-content\/uploads\/2025\/07\/img_2696.png?fit=1404%2C1422&ssl=1\",\"contentUrl\":\"https:\/\/i0.wp.com\/sso2.com\/wp-content\/uploads\/2025\/07\/img_2696.png?fit=1404%2C1422&ssl=1\",\"width\":1404,\"height\":1422},{\"@type\":\"BreadcrumbList\",\"@id\":\"https:\/\/sso2.com\/product\/omd-501x\/#breadcrumb\",\"itemListElement\":[{\"@type\":\"ListItem\",\"position\":1,\"name\":\"Home\",\"item\":\"https:\/\/sso2.com\/en\/\"},{\"@type\":\"ListItem\",\"position\":2,\"name\":\"Shop\",\"item\":\"https:\/\/sso2.com\/shop\/\"},{\"@type\":\"ListItem\",\"position\":3,\"name\":\"OMD-501X Oxygen Analyzer, 1\/4 DIN\"}]},{\"@type\":\"WebSite\",\"@id\":\"https:\/\/sso2.com\/#website\",\"url\":\"https:\/\/sso2.com\/\",\"name\":\"Southland Sensing Ltd.\",\"description\":\"Industrial &amp; Medical Gas Analyzers Oxygen CO\u2082, &amp; H\u2082 Monitors\",\"publisher\":{\"@id\":\"https:\/\/sso2.com\/#organization\"},\"alternateName\":\"SSO2\",\"potentialAction\":[{\"@type\":\"SearchAction\",\"target\":{\"@type\":\"EntryPoint\",\"urlTemplate\":\"https:\/\/sso2.com\/?s={search_term_string}\"},\"query-input\":{\"@type\":\"PropertyValueSpecification\",\"valueRequired\":true,\"valueName\":\"search_term_string\"}}],\"inLanguage\":\"vi\"},{\"@type\":\"Organization\",\"@id\":\"https:\/\/sso2.com\/#organization\",\"name\":\"Southland Sensing Ltd.\",\"alternateName\":\"SSO2\",\"url\":\"https:\/\/sso2.com\/\",\"logo\":{\"@type\":\"ImageObject\",\"inLanguage\":\"vi\",\"@id\":\"https:\/\/sso2.com\/#\/schema\/logo\/image\/\",\"url\":\"https:\/\/sso2.com\/wp-content\/uploads\/2025\/10\/sso2_300pixel.webp\",\"contentUrl\":\"https:\/\/sso2.com\/wp-content\/uploads\/2025\/10\/sso2_300pixel.webp\",\"width\":300,\"height\":50,\"caption\":\"Southland Sensing Ltd.\"},\"image\":{\"@id\":\"https:\/\/sso2.com\/#\/schema\/logo\/image\/\"},\"sameAs\":[\"https:\/\/www.linkedin.com\/company\/southland-sensing-ltd\/\"],\"description\":\"Southland Sensing Ltd. brings together superior performance, an improved user experience, and unmatched application expertise to deliver an accurate and reliable measurement solution. That\u2019s why multinationals, small companies and universities alike turn to us again and again.\",\"email\":\"sales@sso2.com\",\"telephone\":\"1-949-398-2879\",\"legalName\":\"Southland Sensing Ltd.\",\"foundingDate\":\"2013-01-01\",\"numberOfEmployees\":{\"@type\":\"QuantitativeValue\",\"minValue\":\"11\",\"maxValue\":\"50\"},\"publishingPrinciples\":\"https:\/\/sso2.com\/contact-us\/\",\"ownershipFundingInfo\":\"https:\/\/sso2.com\/about-us\/\",\"actionableFeedbackPolicy\":\"https:\/\/sso2.com\/contact-us\/\"}]}<\/script>\n<meta property=\"product:price:currency\" content=\"USD\" \/>\n<meta property=\"og:availability\" content=\"instock\" \/>\n<meta property=\"product:availability\" content=\"instock\" \/>\n<meta property=\"product:condition\" content=\"new\" \/>\n<!-- \/ Yoast SEO Premium plugin. -->","yoast_head_json":{"title":"M\u00e1y ph\u00e2n t\u00edch oxy OMD-501X 1\/4 DIN $\\vert$ M\u00e1y d\u00f2 O2","description":"OMD-501X l\u00e0 m\u00e1y ph\u00e2n t\u00edch oxy g\u1eafn b\u1ea3ng \u0111i\u1ec1u khi\u1ec3n 1\/4 DIN. Cung c\u1ea5p kh\u1ea3 n\u0103ng c\u1ea3m bi\u1ebfn oxy nhanh ch\u00f3ng, \u0111\u00e1ng tin c\u1eady v\u00e0 li\u00ean t\u1ee5c, c\u00f9ng v\u1edbi ch\u1ee9c n\u0103ng gi\u00e1m s\u00e1t s\u1ef1 thi\u1ebfu h\u1ee5t oxy.","robots":{"index":"index","follow":"follow","max-snippet":"max-snippet:-1","max-image-preview":"max-image-preview:large","max-video-preview":"max-video-preview:-1"},"canonical":"https:\/\/sso2.com\/vi\/san-pham\/omd-501x\/","og_locale":"vi_VN","og_type":"article","og_title":"OMD-501X Oxygen Analyzer, 1\/4 DIN","og_description":"The OMD-501X is a 1\/4 DIN panel mount oxygen analyzer. Get fast, reliable, and continuous oxygen sensing and O2 deficiency monitoring.","og_url":"https:\/\/sso2.com\/vi\/san-pham\/omd-501x\/","og_site_name":"Southland Sensing Ltd.","article_modified_time":"2025-11-19T11:24:11+00:00","og_image":[{"width":1404,"height":1422,"url":"https:\/\/sso2.com\/wp-content\/uploads\/2025\/07\/img_2696.png","type":"image\/png"}],"twitter_card":"summary_large_image","twitter_misc":{"Price":"","Availability":"In stock"},"schema":{"@context":"https:\/\/schema.org","@graph":[{"@type":"WebPage","@id":"https:\/\/sso2.com\/product\/omd-501x\/","url":"https:\/\/sso2.com\/product\/omd-501x\/","name":"M\u00e1y ph\u00e2n t\u00edch oxy OMD-501X 1\/4 DIN $\\vert$ M\u00e1y d\u00f2 O2","isPartOf":{"@id":"https:\/\/sso2.com\/#website"},"primaryImageOfPage":{"@id":"https:\/\/sso2.com\/product\/omd-501x\/#primaryimage"},"image":{"@id":"https:\/\/sso2.com\/product\/omd-501x\/#primaryimage"},"thumbnailUrl":"https:\/\/i0.wp.com\/sso2.com\/wp-content\/uploads\/2025\/07\/img_2696.png?fit=1404%2C1422&ssl=1","datePublished":"2021-05-19T21:29:43+00:00","dateModified":"2025-11-19T11:24:11+00:00","description":"OMD-501X l\u00e0 m\u00e1y ph\u00e2n t\u00edch oxy g\u1eafn b\u1ea3ng \u0111i\u1ec1u khi\u1ec3n 1\/4 DIN. Cung c\u1ea5p kh\u1ea3 n\u0103ng c\u1ea3m bi\u1ebfn oxy nhanh ch\u00f3ng, \u0111\u00e1ng tin c\u1eady v\u00e0 li\u00ean t\u1ee5c, c\u00f9ng v\u1edbi ch\u1ee9c n\u0103ng gi\u00e1m s\u00e1t s\u1ef1 thi\u1ebfu h\u1ee5t oxy.","breadcrumb":{"@id":"https:\/\/sso2.com\/product\/omd-501x\/#breadcrumb"},"inLanguage":"vi","potentialAction":[{"@type":"ReadAction","target":["https:\/\/sso2.com\/product\/omd-501x\/"]}]},{"@type":"ImageObject","inLanguage":"vi","@id":"https:\/\/sso2.com\/product\/omd-501x\/#primaryimage","url":"https:\/\/i0.wp.com\/sso2.com\/wp-content\/uploads\/2025\/07\/img_2696.png?fit=1404%2C1422&ssl=1","contentUrl":"https:\/\/i0.wp.com\/sso2.com\/wp-content\/uploads\/2025\/07\/img_2696.png?fit=1404%2C1422&ssl=1","width":1404,"height":1422},{"@type":"BreadcrumbList","@id":"https:\/\/sso2.com\/product\/omd-501x\/#breadcrumb","itemListElement":[{"@type":"ListItem","position":1,"name":"Home","item":"https:\/\/sso2.com\/en\/"},{"@type":"ListItem","position":2,"name":"Shop","item":"https:\/\/sso2.com\/shop\/"},{"@type":"ListItem","position":3,"name":"OMD-501X Oxygen Analyzer, 1\/4 DIN"}]},{"@type":"WebSite","@id":"https:\/\/sso2.com\/#website","url":"https:\/\/sso2.com\/","name":"C\u00f4ng ty TNHH Southland Sensing.","description":"Industrial &amp; Medical Gas Analyzers Oxygen CO\u2082, &amp; H\u2082 Monitors","publisher":{"@id":"https:\/\/sso2.com\/#organization"},"alternateName":"SSO2","potentialAction":[{"@type":"SearchAction","target":{"@type":"EntryPoint","urlTemplate":"https:\/\/sso2.com\/?s={search_term_string}"},"query-input":{"@type":"PropertyValueSpecification","valueRequired":true,"valueName":"search_term_string"}}],"inLanguage":"vi"},{"@type":"Organization","@id":"https:\/\/sso2.com\/#organization","name":"C\u00f4ng ty TNHH Southland Sensing.","alternateName":"SSO2","url":"https:\/\/sso2.com\/","logo":{"@type":"ImageObject","inLanguage":"vi","@id":"https:\/\/sso2.com\/#\/schema\/logo\/image\/","url":"https:\/\/sso2.com\/wp-content\/uploads\/2025\/10\/sso2_300pixel.webp","contentUrl":"https:\/\/sso2.com\/wp-content\/uploads\/2025\/10\/sso2_300pixel.webp","width":300,"height":50,"caption":"Southland Sensing Ltd."},"image":{"@id":"https:\/\/sso2.com\/#\/schema\/logo\/image\/"},"sameAs":["https:\/\/www.linkedin.com\/company\/southland-sensing-ltd\/"],"description":"Southland Sensing Ltd. brings together superior performance, an improved user experience, and unmatched application expertise to deliver an accurate and reliable measurement solution. That\u2019s why multinationals, small companies and universities alike turn to us again and again.","email":"sales@sso2.com","telephone":"1-949-398-2879","legalName":"Southland Sensing Ltd.","foundingDate":"2013-01-01","numberOfEmployees":{"@type":"QuantitativeValue","minValue":"11","maxValue":"50"},"publishingPrinciples":"https:\/\/sso2.com\/contact-us\/","ownershipFundingInfo":"https:\/\/sso2.com\/about-us\/","actionableFeedbackPolicy":"https:\/\/sso2.com\/contact-us\/"}]},"product_price_currency":"USD","og_availability":"instock","product_availability":"instock","product_condition":"new"},"jetpack_sharing_enabled":true,"_links":{"self":[{"href":"https:\/\/sso2.com\/vi\/wp-json\/wp\/v2\/product\/1673","targetHints":{"allow":["GET"]}}],"collection":[{"href":"https:\/\/sso2.com\/vi\/wp-json\/wp\/v2\/product"}],"about":[{"href":"https:\/\/sso2.com\/vi\/wp-json\/wp\/v2\/types\/product"}],"replies":[{"embeddable":true,"href":"https:\/\/sso2.com\/vi\/wp-json\/wp\/v2\/comments?post=1673"}],"wp:featuredmedia":[{"embeddable":true,"href":"https:\/\/sso2.com\/vi\/wp-json\/wp\/v2\/media\/3926"}],"wp:attachment":[{"href":"https:\/\/sso2.com\/vi\/wp-json\/wp\/v2\/media?parent=1673"}],"wp:term":[{"taxonomy":"product_brand","embeddable":true,"href":"https:\/\/sso2.com\/vi\/wp-json\/wp\/v2\/product_brand?post=1673"},{"taxonomy":"product_cat","embeddable":true,"href":"https:\/\/sso2.com\/vi\/wp-json\/wp\/v2\/product_cat?post=1673"},{"taxonomy":"product_tag","embeddable":true,"href":"https:\/\/sso2.com\/vi\/wp-json\/wp\/v2\/product_tag?post=1673"}],"curies":[{"name":"wp","href":"https:\/\/api.w.org\/{rel}","templated":true}]}}