{"id":1204,"date":"2021-01-14T18:04:56","date_gmt":"2021-01-14T18:04:56","guid":{"rendered":"https:\/\/sso2.com\/?post_type=product&#038;p=1204"},"modified":"2025-11-19T11:26:40","modified_gmt":"2025-11-19T11:26:40","slug":"portable-trace-oxygen-purity-analyzer-ce","status":"publish","type":"product","link":"https:\/\/sso2.com\/vi\/product\/portable-trace-oxygen-purity-analyzer-ce\/","title":{"rendered":"OMD-740 Portable Oxygen Purity Analyzer, CE"},"content":{"rendered":"<p>The OMD-740 Portable oxygen purity analyzer combine a rugged anodized aluminum enclosure and an advanced set of electronic features including a smart MENU interface with our industry leading precision electrochemical oxygen sensor technology.\u00a0 The result is a highly reliable and cost effective design with easy-to-use user interface.<\/p>\n<ul>\n<li>V\u1ecf: Nh\u00f4m anodized; Di \u0111\u1ed9ng<\/li>\n<li>Ranges: 0 \u2013 100% &amp; 50\/70\/80\/90 &#8211; 100%<\/li>\n<li>Resolution: 0.01 %<\/li>\n<li>\u0110i\u1ec7n \u00e1p \u0111\u1ea7u v\u00e0o: 100 \u2013 240 VAC k\u00e8m theo ph\u00edch c\u1eafm qu\u1ed1c t\u1ebf<\/li>\n<li>\u0110\u1ea7u ra analog: 0 \u2013 1V DC<\/li>\n<li>Ghi d\u1eef li\u1ec7u: \u1ed4 \u0111\u0129a flash USB c\u00f3 th\u1ec3 th\u00e1o r\u1eddi<\/li>\n<li>B\u01a1m l\u1ea5y m\u1eabu t\u00edch ph\u00e2n t\u00f9y ch\u1ecdn<\/li>\n<\/ul>\n<p>Giao di\u1ec7n menu th\u00f4ng minh t\u00edch h\u1ee3p cho ph\u00e9p ng\u01b0\u1eddi d\u00f9ng c\u1ea5u h\u00ecnh \u0111\u1ea7y \u0111\u1ee7 m\u00e1y ph\u00e2n t\u00edch th\u00f4ng qua h\u1ec7 th\u1ed1ng menu tr\u00ean bo m\u1ea1ch. Kh\u00f4ng c\u1ea7n s\u1eed d\u1ee5ng laptop ph\u1ee9c t\u1ea1p ho\u1eb7c thi\u1ebft b\u1ecb \u0111i\u1ec1u khi\u1ec3n kh\u00e1c \u0111\u1ec3 c\u00e0i \u0111\u1eb7t m\u00e1y ph\u00e2n t\u00edch t\u1ea1i hi\u1ec7n tr\u01b0\u1eddng.<\/p>\n<p>The analyzer comes standard with a 0 \u2013 100% full scale range with a resolution of 0.01%. The analyzer can also be configured by the end user in the field for suppressed ranges of 50 \u2013 100%, 70 &#8211; 100%, 80 \u2013 100% and 90 \u2013 100%. A removable USB flash drive for data logging via .CSV (Excel) file format. With an 8GB USB Flash Drive, you can data log for 1 minute intervals for about 50 years before running out of storage. The advanced set of electronic features and flexibility to easily access data allows this analyzer to be unmatched in the market.<\/p>\n<p>M\u00e0n h\u00ecnh c\u1ee7a m\u00e1y ph\u00e2n t\u00edch \u0111\u01b0\u1ee3c thi\u1ebft k\u1ebf \u0111\u1ec3 s\u1eed d\u1ee5ng d\u01b0\u1edbi \u00e1nh n\u1eafng tr\u1ef1c ti\u1ebfp. Kh\u00f4ng c\u1ea7n mang theo b\u00f3ng r\u00e2m ho\u1eb7c c\u00e1c ph\u01b0\u01a1ng ph\u00e1p kh\u00e1c \u0111\u1ec3 nh\u00ecn th\u1ea5y m\u00e0n h\u00ecnh.<\/p>\n<p>The oxygen sensor used in the OMD-740 is based on the galvanic electrochemical fuel cell principal and is compensated for both pressure and temperature giving the user added accuracy. All oxygen sensors are manufactured in house by Southland Sensing Ltd. under a strict quality program.<\/p>\n<p>The sensors are self-contained and minimal maintenance is required &#8211; no need to clean electrodes or add electrolyte.<\/p>","protected":false},"excerpt":{"rendered":"<p>The OMD-740 Portable oxygen purity analyzer combine a rugged anodized aluminum enclosure and an advanced set of electronic features including a smart MENU interface with our industry leading precision electrochemical oxygen sensor technology.\u00a0 The result is a highly reliable and cost effective design with easy-to-use user interface. Enclosure: Anodized Aluminum; Portable Ranges: 0 \u2013 100% [&hellip;]<\/p>\n","protected":false},"featured_media":1203,"comment_status":"open","ping_status":"closed","template":"","meta":[],"product_brand":[],"product_cat":[26],"product_tag":[],"class_list":{"0":"post-1204","1":"product","2":"type-product","3":"status-publish","4":"has-post-thumbnail","6":"product_cat-industrial-oxygen-analyzers","8":"first","9":"instock","10":"shipping-taxable","11":"product-type-external"},"yoast_head":"<!-- This site is optimized with the Yoast SEO Premium plugin v27.2 (Yoast SEO v27.2) - https:\/\/yoast.com\/product\/yoast-seo-premium-wordpress\/ -->\n<title>OMD-740 Portable Oxygen Purity Analyzer | O2 Sensor<\/title>\n<meta name=\"description\" content=\"The OMD-740 is a portable, CE-certified oxygen purity analyzer and O2 sensor. Perfect for checking oxygen concentrator output purity.\" \/>\n<meta name=\"robots\" content=\"index, follow, max-snippet:-1, max-image-preview:large, max-video-preview:-1\" \/>\n<link rel=\"canonical\" href=\"https:\/\/sso2.com\/vi\/san-pham\/portable-trace-oxygen-purity-analyzer-ce\/\" \/>\n<meta property=\"og:locale\" content=\"vi_VN\" \/>\n<meta property=\"og:type\" content=\"article\" \/>\n<meta property=\"og:title\" content=\"OMD-740 Portable Oxygen Purity Analyzer, CE\" \/>\n<meta property=\"og:description\" content=\"The OMD-740 is a portable, CE-certified oxygen purity analyzer and O2 sensor. Perfect for checking oxygen concentrator output purity.\" \/>\n<meta property=\"og:url\" content=\"https:\/\/sso2.com\/vi\/san-pham\/portable-trace-oxygen-purity-analyzer-ce\/\" \/>\n<meta property=\"og:site_name\" content=\"Southland Sensing Ltd.\" \/>\n<meta property=\"article:modified_time\" content=\"2025-11-19T11:26:40+00:00\" \/>\n<meta property=\"og:image\" content=\"https:\/\/sso2.com\/wp-content\/uploads\/2021\/01\/omd-740_purity_oxygen_analyzer.png\" \/>\n\t<meta property=\"og:image:width\" content=\"1040\" \/>\n\t<meta property=\"og:image:height\" content=\"1312\" \/>\n\t<meta property=\"og:image:type\" content=\"image\/png\" \/>\n<meta name=\"twitter:card\" content=\"summary_large_image\" \/>\n<meta name=\"twitter:label1\" content=\"Price\" \/>\n\t<meta name=\"twitter:data1\" content=\"\" \/>\n\t<meta name=\"twitter:label2\" content=\"Availability\" \/>\n\t<meta name=\"twitter:data2\" content=\"In stock\" \/>\n<script type=\"application\/ld+json\" class=\"yoast-schema-graph\">{\"@context\":\"https:\/\/schema.org\",\"@graph\":[{\"@type\":\"WebPage\",\"@id\":\"https:\/\/sso2.com\/product\/portable-trace-oxygen-purity-analyzer-ce\/\",\"url\":\"https:\/\/sso2.com\/product\/portable-trace-oxygen-purity-analyzer-ce\/\",\"name\":\"OMD-740 Portable Oxygen Purity Analyzer | O2 Sensor\",\"isPartOf\":{\"@id\":\"https:\/\/sso2.com\/#website\"},\"primaryImageOfPage\":{\"@id\":\"https:\/\/sso2.com\/product\/portable-trace-oxygen-purity-analyzer-ce\/#primaryimage\"},\"image\":{\"@id\":\"https:\/\/sso2.com\/product\/portable-trace-oxygen-purity-analyzer-ce\/#primaryimage\"},\"thumbnailUrl\":\"https:\/\/i0.wp.com\/sso2.com\/wp-content\/uploads\/2021\/01\/omd-740_purity_oxygen_analyzer.png?fit=1040%2C1312&ssl=1\",\"datePublished\":\"2021-01-14T18:04:56+00:00\",\"dateModified\":\"2025-11-19T11:26:40+00:00\",\"description\":\"The OMD-740 is a portable, CE-certified oxygen purity analyzer and O2 sensor. Perfect for checking oxygen concentrator output purity.\",\"breadcrumb\":{\"@id\":\"https:\/\/sso2.com\/product\/portable-trace-oxygen-purity-analyzer-ce\/#breadcrumb\"},\"inLanguage\":\"vi\",\"potentialAction\":[{\"@type\":\"ReadAction\",\"target\":[\"https:\/\/sso2.com\/product\/portable-trace-oxygen-purity-analyzer-ce\/\"]}]},{\"@type\":\"ImageObject\",\"inLanguage\":\"vi\",\"@id\":\"https:\/\/sso2.com\/product\/portable-trace-oxygen-purity-analyzer-ce\/#primaryimage\",\"url\":\"https:\/\/i0.wp.com\/sso2.com\/wp-content\/uploads\/2021\/01\/omd-740_purity_oxygen_analyzer.png?fit=1040%2C1312&ssl=1\",\"contentUrl\":\"https:\/\/i0.wp.com\/sso2.com\/wp-content\/uploads\/2021\/01\/omd-740_purity_oxygen_analyzer.png?fit=1040%2C1312&ssl=1\",\"width\":1040,\"height\":1312,\"caption\":\"OMD-740 oxygen analyzer\"},{\"@type\":\"BreadcrumbList\",\"@id\":\"https:\/\/sso2.com\/product\/portable-trace-oxygen-purity-analyzer-ce\/#breadcrumb\",\"itemListElement\":[{\"@type\":\"ListItem\",\"position\":1,\"name\":\"Home\",\"item\":\"https:\/\/sso2.com\/en\/\"},{\"@type\":\"ListItem\",\"position\":2,\"name\":\"Shop\",\"item\":\"https:\/\/sso2.com\/shop\/\"},{\"@type\":\"ListItem\",\"position\":3,\"name\":\"OMD-740 Portable Oxygen Purity Analyzer, CE\"}]},{\"@type\":\"WebSite\",\"@id\":\"https:\/\/sso2.com\/#website\",\"url\":\"https:\/\/sso2.com\/\",\"name\":\"Southland Sensing Ltd.\",\"description\":\"Industrial &amp; Medical Gas Analyzers Oxygen CO\u2082, &amp; H\u2082 Monitors\",\"publisher\":{\"@id\":\"https:\/\/sso2.com\/#organization\"},\"alternateName\":\"SSO2\",\"potentialAction\":[{\"@type\":\"SearchAction\",\"target\":{\"@type\":\"EntryPoint\",\"urlTemplate\":\"https:\/\/sso2.com\/?s={search_term_string}\"},\"query-input\":{\"@type\":\"PropertyValueSpecification\",\"valueRequired\":true,\"valueName\":\"search_term_string\"}}],\"inLanguage\":\"vi\"},{\"@type\":\"Organization\",\"@id\":\"https:\/\/sso2.com\/#organization\",\"name\":\"Southland Sensing Ltd.\",\"alternateName\":\"SSO2\",\"url\":\"https:\/\/sso2.com\/\",\"logo\":{\"@type\":\"ImageObject\",\"inLanguage\":\"vi\",\"@id\":\"https:\/\/sso2.com\/#\/schema\/logo\/image\/\",\"url\":\"https:\/\/sso2.com\/wp-content\/uploads\/2025\/10\/sso2_300pixel.webp\",\"contentUrl\":\"https:\/\/sso2.com\/wp-content\/uploads\/2025\/10\/sso2_300pixel.webp\",\"width\":300,\"height\":50,\"caption\":\"Southland Sensing Ltd.\"},\"image\":{\"@id\":\"https:\/\/sso2.com\/#\/schema\/logo\/image\/\"},\"sameAs\":[\"https:\/\/www.linkedin.com\/company\/southland-sensing-ltd\/\"],\"description\":\"Southland Sensing Ltd. brings together superior performance, an improved user experience, and unmatched application expertise to deliver an accurate and reliable measurement solution. That\u2019s why multinationals, small companies and universities alike turn to us again and again.\",\"email\":\"sales@sso2.com\",\"telephone\":\"1-949-398-2879\",\"legalName\":\"Southland Sensing Ltd.\",\"foundingDate\":\"2013-01-01\",\"numberOfEmployees\":{\"@type\":\"QuantitativeValue\",\"minValue\":\"11\",\"maxValue\":\"50\"},\"publishingPrinciples\":\"https:\/\/sso2.com\/contact-us\/\",\"ownershipFundingInfo\":\"https:\/\/sso2.com\/about-us\/\",\"actionableFeedbackPolicy\":\"https:\/\/sso2.com\/contact-us\/\"}]}<\/script>\n<meta property=\"product:price:currency\" content=\"USD\" \/>\n<meta property=\"og:availability\" content=\"instock\" \/>\n<meta property=\"product:availability\" content=\"instock\" \/>\n<meta property=\"product:condition\" content=\"new\" \/>\n<!-- \/ Yoast SEO Premium plugin. -->","yoast_head_json":{"title":"M\u00e1y ph\u00e2n t\u00edch \u0111\u1ed9 tinh khi\u1ebft oxy c\u1ea7m tay OMD-740 | C\u1ea3m bi\u1ebfn O2","description":"OMD-740 l\u00e0 m\u00e1y ph\u00e2n t\u00edch \u0111\u1ed9 tinh khi\u1ebft oxy v\u00e0 c\u1ea3m bi\u1ebfn O2 di \u0111\u1ed9ng, \u0111\u1ea1t ch\u1ee9ng nh\u1eadn CE. Ho\u00e0n h\u1ea3o \u0111\u1ec3 ki\u1ec3m tra \u0111\u1ed9 tinh khi\u1ebft oxy \u0111\u1ea7u ra c\u1ee7a m\u00e1y t\u1ea1o oxy.","robots":{"index":"index","follow":"follow","max-snippet":"max-snippet:-1","max-image-preview":"max-image-preview:large","max-video-preview":"max-video-preview:-1"},"canonical":"https:\/\/sso2.com\/vi\/san-pham\/portable-trace-oxygen-purity-analyzer-ce\/","og_locale":"vi_VN","og_type":"article","og_title":"OMD-740 Portable Oxygen Purity Analyzer, CE","og_description":"The OMD-740 is a portable, CE-certified oxygen purity analyzer and O2 sensor. Perfect for checking oxygen concentrator output purity.","og_url":"https:\/\/sso2.com\/vi\/san-pham\/portable-trace-oxygen-purity-analyzer-ce\/","og_site_name":"Southland Sensing Ltd.","article_modified_time":"2025-11-19T11:26:40+00:00","og_image":[{"width":1040,"height":1312,"url":"https:\/\/sso2.com\/wp-content\/uploads\/2021\/01\/omd-740_purity_oxygen_analyzer.png","type":"image\/png"}],"twitter_card":"summary_large_image","twitter_misc":{"Price":"","Availability":"In stock"},"schema":{"@context":"https:\/\/schema.org","@graph":[{"@type":"WebPage","@id":"https:\/\/sso2.com\/product\/portable-trace-oxygen-purity-analyzer-ce\/","url":"https:\/\/sso2.com\/product\/portable-trace-oxygen-purity-analyzer-ce\/","name":"M\u00e1y ph\u00e2n t\u00edch \u0111\u1ed9 tinh khi\u1ebft oxy c\u1ea7m tay OMD-740 | C\u1ea3m bi\u1ebfn O2","isPartOf":{"@id":"https:\/\/sso2.com\/#website"},"primaryImageOfPage":{"@id":"https:\/\/sso2.com\/product\/portable-trace-oxygen-purity-analyzer-ce\/#primaryimage"},"image":{"@id":"https:\/\/sso2.com\/product\/portable-trace-oxygen-purity-analyzer-ce\/#primaryimage"},"thumbnailUrl":"https:\/\/i0.wp.com\/sso2.com\/wp-content\/uploads\/2021\/01\/omd-740_purity_oxygen_analyzer.png?fit=1040%2C1312&ssl=1","datePublished":"2021-01-14T18:04:56+00:00","dateModified":"2025-11-19T11:26:40+00:00","description":"OMD-740 l\u00e0 m\u00e1y ph\u00e2n t\u00edch \u0111\u1ed9 tinh khi\u1ebft oxy v\u00e0 c\u1ea3m bi\u1ebfn O2 di \u0111\u1ed9ng, \u0111\u1ea1t ch\u1ee9ng nh\u1eadn CE. Ho\u00e0n h\u1ea3o \u0111\u1ec3 ki\u1ec3m tra \u0111\u1ed9 tinh khi\u1ebft oxy \u0111\u1ea7u ra c\u1ee7a m\u00e1y t\u1ea1o oxy.","breadcrumb":{"@id":"https:\/\/sso2.com\/product\/portable-trace-oxygen-purity-analyzer-ce\/#breadcrumb"},"inLanguage":"vi","potentialAction":[{"@type":"ReadAction","target":["https:\/\/sso2.com\/product\/portable-trace-oxygen-purity-analyzer-ce\/"]}]},{"@type":"ImageObject","inLanguage":"vi","@id":"https:\/\/sso2.com\/product\/portable-trace-oxygen-purity-analyzer-ce\/#primaryimage","url":"https:\/\/i0.wp.com\/sso2.com\/wp-content\/uploads\/2021\/01\/omd-740_purity_oxygen_analyzer.png?fit=1040%2C1312&ssl=1","contentUrl":"https:\/\/i0.wp.com\/sso2.com\/wp-content\/uploads\/2021\/01\/omd-740_purity_oxygen_analyzer.png?fit=1040%2C1312&ssl=1","width":1040,"height":1312,"caption":"OMD-740 oxygen analyzer"},{"@type":"BreadcrumbList","@id":"https:\/\/sso2.com\/product\/portable-trace-oxygen-purity-analyzer-ce\/#breadcrumb","itemListElement":[{"@type":"ListItem","position":1,"name":"Home","item":"https:\/\/sso2.com\/en\/"},{"@type":"ListItem","position":2,"name":"Shop","item":"https:\/\/sso2.com\/shop\/"},{"@type":"ListItem","position":3,"name":"OMD-740 Portable Oxygen Purity Analyzer, CE"}]},{"@type":"WebSite","@id":"https:\/\/sso2.com\/#website","url":"https:\/\/sso2.com\/","name":"C\u00f4ng ty TNHH Southland Sensing.","description":"Industrial &amp; Medical Gas Analyzers Oxygen CO\u2082, &amp; H\u2082 Monitors","publisher":{"@id":"https:\/\/sso2.com\/#organization"},"alternateName":"SSO2","potentialAction":[{"@type":"SearchAction","target":{"@type":"EntryPoint","urlTemplate":"https:\/\/sso2.com\/?s={search_term_string}"},"query-input":{"@type":"PropertyValueSpecification","valueRequired":true,"valueName":"search_term_string"}}],"inLanguage":"vi"},{"@type":"Organization","@id":"https:\/\/sso2.com\/#organization","name":"C\u00f4ng ty TNHH Southland Sensing.","alternateName":"SSO2","url":"https:\/\/sso2.com\/","logo":{"@type":"ImageObject","inLanguage":"vi","@id":"https:\/\/sso2.com\/#\/schema\/logo\/image\/","url":"https:\/\/sso2.com\/wp-content\/uploads\/2025\/10\/sso2_300pixel.webp","contentUrl":"https:\/\/sso2.com\/wp-content\/uploads\/2025\/10\/sso2_300pixel.webp","width":300,"height":50,"caption":"Southland Sensing Ltd."},"image":{"@id":"https:\/\/sso2.com\/#\/schema\/logo\/image\/"},"sameAs":["https:\/\/www.linkedin.com\/company\/southland-sensing-ltd\/"],"description":"Southland Sensing Ltd. brings together superior performance, an improved user experience, and unmatched application expertise to deliver an accurate and reliable measurement solution. That\u2019s why multinationals, small companies and universities alike turn to us again and again.","email":"sales@sso2.com","telephone":"1-949-398-2879","legalName":"Southland Sensing Ltd.","foundingDate":"2013-01-01","numberOfEmployees":{"@type":"QuantitativeValue","minValue":"11","maxValue":"50"},"publishingPrinciples":"https:\/\/sso2.com\/contact-us\/","ownershipFundingInfo":"https:\/\/sso2.com\/about-us\/","actionableFeedbackPolicy":"https:\/\/sso2.com\/contact-us\/"}]},"product_price_currency":"USD","og_availability":"instock","product_availability":"instock","product_condition":"new"},"jetpack_sharing_enabled":true,"_links":{"self":[{"href":"https:\/\/sso2.com\/vi\/wp-json\/wp\/v2\/product\/1204","targetHints":{"allow":["GET"]}}],"collection":[{"href":"https:\/\/sso2.com\/vi\/wp-json\/wp\/v2\/product"}],"about":[{"href":"https:\/\/sso2.com\/vi\/wp-json\/wp\/v2\/types\/product"}],"replies":[{"embeddable":true,"href":"https:\/\/sso2.com\/vi\/wp-json\/wp\/v2\/comments?post=1204"}],"wp:featuredmedia":[{"embeddable":true,"href":"https:\/\/sso2.com\/vi\/wp-json\/wp\/v2\/media\/1203"}],"wp:attachment":[{"href":"https:\/\/sso2.com\/vi\/wp-json\/wp\/v2\/media?parent=1204"}],"wp:term":[{"taxonomy":"product_brand","embeddable":true,"href":"https:\/\/sso2.com\/vi\/wp-json\/wp\/v2\/product_brand?post=1204"},{"taxonomy":"product_cat","embeddable":true,"href":"https:\/\/sso2.com\/vi\/wp-json\/wp\/v2\/product_cat?post=1204"},{"taxonomy":"product_tag","embeddable":true,"href":"https:\/\/sso2.com\/vi\/wp-json\/wp\/v2\/product_tag?post=1204"}],"curies":[{"name":"wp","href":"https:\/\/api.w.org\/{rel}","templated":true}]}}