{"id":80,"date":"2015-12-04T10:15:14","date_gmt":"2015-12-04T10:15:14","guid":{"rendered":"http:\/\/demos.artbees.net\/jupiter5\/factory\/?page_id=80"},"modified":"2025-12-19T17:43:42","modified_gmt":"2025-12-19T17:43:42","slug":"about-us","status":"publish","type":"page","link":"https:\/\/sso2.com\/vi\/about-us\/","title":{"rendered":"Gi\u1edbi thi\u1ec7u v\u1ec1 ch\u00fang t\u00f4i"},"content":{"rendered":"<div data-elementor-type=\"wp-page\" data-elementor-id=\"80\" class=\"elementor elementor-80\" data-elementor-post-type=\"page\">\n\t\t\t\t\t\t<section class=\"elementor-section elementor-top-section elementor-element elementor-element-bf2a122 elementor-section-items-stretch elementor-section-height-min-height elementor-section-boxed elementor-section-height-default\" data-id=\"bf2a122\" data-element_type=\"section\" data-e-type=\"section\" data-settings=\"{&quot;background_background&quot;:&quot;classic&quot;}\">\n\t\t\t\t\t\t<div class=\"elementor-container elementor-column-gap-no\">\n\t\t\t\t\t<div class=\"elementor-column elementor-col-50 elementor-top-column elementor-element elementor-element-3bfd0024\" data-id=\"3bfd0024\" data-element_type=\"column\" data-e-type=\"column\">\n\t\t\t<div class=\"elementor-widget-wrap elementor-element-populated\">\n\t\t\t\t\t\t<section class=\"elementor-section elementor-inner-section elementor-element elementor-element-1869f66d elementor-section-boxed elementor-section-height-default elementor-section-height-default\" data-id=\"1869f66d\" data-element_type=\"section\" data-e-type=\"section\">\n\t\t\t\t\t\t<div class=\"elementor-container elementor-column-gap-no\">\n\t\t\t\t\t<div class=\"elementor-column elementor-col-100 elementor-inner-column elementor-element elementor-element-542a44da\" data-id=\"542a44da\" data-element_type=\"column\" data-e-type=\"column\">\n\t\t\t<div class=\"elementor-widget-wrap elementor-element-populated\">\n\t\t\t\t\t\t<div class=\"elementor-element elementor-element-7900f551 elementor-widget__width-auto elementor-widget elementor-widget-heading\" data-id=\"7900f551\" data-element_type=\"widget\" data-e-type=\"widget\" data-widget_type=\"heading.default\">\n\t\t\t\t<div class=\"elementor-widget-container\">\n\t\t\t\t\t<div class=\"elementor-heading-title elementor-size-default\"><a href=\"https:\/\/sso2.com\/vi\/\">Trang ch\u1ee7<\/a><\/div>\t\t\t\t<\/div>\n\t\t\t\t<\/div>\n\t\t\t\t<div class=\"elementor-element elementor-element-725ccf9b elementor-widget__width-initial elementor-view-default elementor-widget elementor-widget-icon\" data-id=\"725ccf9b\" data-element_type=\"widget\" data-e-type=\"widget\" data-widget_type=\"icon.default\">\n\t\t\t\t<div class=\"elementor-widget-container\">\n\t\t\t\t\t\t\t<div class=\"elementor-icon-wrapper\">\n\t\t\t<div class=\"elementor-icon\">\n\t\t\t<svg aria-hidden=\"true\" class=\"e-font-icon-svg e-fas-slash\" viewbox=\"0 0 640 512\" xmlns=\"http:\/\/www.w3.org\/2000\/svg\"><path d=\"M594.53 508.63L6.18 53.9c-6.97-5.42-8.23-15.47-2.81-22.45L23.01 6.18C28.43-.8 38.49-2.06 45.47 3.37L633.82 458.1c6.97 5.42 8.23 15.47 2.81 22.45l-19.64 25.27c-5.42 6.98-15.48 8.23-22.46 2.81z\"><\/path><\/svg>\t\t\t<\/div>\n\t\t<\/div>\n\t\t\t\t\t\t<\/div>\n\t\t\t\t<\/div>\n\t\t\t\t<div class=\"elementor-element elementor-element-62ae1647 elementor-widget__width-auto elementor-widget elementor-widget-heading\" data-id=\"62ae1647\" data-element_type=\"widget\" data-e-type=\"widget\" data-widget_type=\"heading.default\">\n\t\t\t\t<div class=\"elementor-widget-container\">\n\t\t\t\t\t<div class=\"elementor-heading-title elementor-size-default\"><a href=\"#\">Gi\u1edbi thi\u1ec7u v\u1ec1 ch\u00fang t\u00f4i<\/a><\/div>\t\t\t\t<\/div>\n\t\t\t\t<\/div>\n\t\t\t\t\t<\/div>\n\t\t<\/div>\n\t\t\t\t\t<\/div>\n\t\t<\/section>\n\t\t\t\t<section class=\"elementor-section elementor-inner-section elementor-element elementor-element-3c63b770 elementor-reverse-tablet elementor-reverse-mobile elementor-section-boxed elementor-section-height-default elementor-section-height-default\" data-id=\"3c63b770\" data-element_type=\"section\" data-e-type=\"section\">\n\t\t\t\t\t\t<div class=\"elementor-container elementor-column-gap-no\">\n\t\t\t\t\t<div class=\"elementor-column elementor-col-100 elementor-inner-column elementor-element elementor-element-71ccff7b\" data-id=\"71ccff7b\" data-element_type=\"column\" data-e-type=\"column\">\n\t\t\t<div class=\"elementor-widget-wrap elementor-element-populated\">\n\t\t\t\t\t\t<div class=\"elementor-element elementor-element-34b08e37 elementor-widget elementor-widget-heading\" data-id=\"34b08e37\" data-element_type=\"widget\" data-e-type=\"widget\" data-widget_type=\"heading.default\">\n\t\t\t\t<div class=\"elementor-widget-container\">\n\t\t\t\t\t<h1 class=\"elementor-heading-title elementor-size-default\">Gi\u1edbi thi\u1ec7u v\u1ec1 ch\u00fang t\u00f4i<\/h1>\t\t\t\t<\/div>\n\t\t\t\t<\/div>\n\t\t\t\t\t<\/div>\n\t\t<\/div>\n\t\t\t\t\t<\/div>\n\t\t<\/section>\n\t\t\t\t\t<\/div>\n\t\t<\/div>\n\t\t\t\t<div class=\"elementor-column elementor-col-50 elementor-top-column elementor-element elementor-element-1b162610\" data-id=\"1b162610\" data-element_type=\"column\" data-e-type=\"column\">\n\t\t\t<div class=\"elementor-widget-wrap elementor-element-populated\">\n\t\t\t\t\t\t<div class=\"elementor-element elementor-element-73b63caf animated-fast elementor-invisible elementor-widget elementor-widget-image\" data-id=\"73b63caf\" data-element_type=\"widget\" data-e-type=\"widget\" data-settings=\"{&quot;_animation&quot;:&quot;fadeInLeft&quot;,&quot;_animation_mobile&quot;:&quot;none&quot;}\" data-widget_type=\"image.default\">\n\t\t\t\t<div class=\"elementor-widget-container\">\n\t\t\t\t\t\t\t\t\t\t\t\t\t\t\t<img decoding=\"async\" width=\"1140\" height=\"630\" src=\"https:\/\/i0.wp.com\/sso2.com\/wp-content\/uploads\/2014\/08\/portolio-001.jpg?fit=1140%2C630&amp;ssl=1\" class=\"attachment-full size-full wp-image-294\" alt=\"\" srcset=\"https:\/\/i0.wp.com\/sso2.com\/wp-content\/uploads\/2014\/08\/portolio-001.jpg?w=1140&amp;ssl=1 1140w, https:\/\/i0.wp.com\/sso2.com\/wp-content\/uploads\/2014\/08\/portolio-001.jpg?resize=600%2C332&amp;ssl=1 600w, https:\/\/i0.wp.com\/sso2.com\/wp-content\/uploads\/2014\/08\/portolio-001.jpg?resize=300%2C166&amp;ssl=1 300w, https:\/\/i0.wp.com\/sso2.com\/wp-content\/uploads\/2014\/08\/portolio-001.jpg?resize=768%2C424&amp;ssl=1 768w, https:\/\/i0.wp.com\/sso2.com\/wp-content\/uploads\/2014\/08\/portolio-001.jpg?resize=1024%2C566&amp;ssl=1 1024w\" sizes=\"(max-width: 800px) 100vw, 800px\" \/>\t\t\t\t\t\t\t\t\t\t\t\t\t\t\t<\/div>\n\t\t\t\t<\/div>\n\t\t\t\t\t<\/div>\n\t\t<\/div>\n\t\t\t\t\t<\/div>\n\t\t<\/section>\n\t\t<div class=\"elementor-element elementor-element-1858b244 e-flex e-con-boxed e-con e-parent\" data-id=\"1858b244\" data-element_type=\"container\" data-e-type=\"container\">\n\t\t\t\t\t<div class=\"e-con-inner\">\n\t\t\t\t<div class=\"elementor-element elementor-element-2909a5b elementor-widget elementor-widget-heading\" data-id=\"2909a5b\" data-element_type=\"widget\" data-e-type=\"widget\" data-widget_type=\"heading.default\">\n\t\t\t\t<div class=\"elementor-widget-container\">\n\t\t\t\t\t<h2 class=\"elementor-heading-title elementor-size-default\">Ch\u00fang t\u00f4i l\u00e0 ai<\/h2>\t\t\t\t<\/div>\n\t\t\t\t<\/div>\n\t\t\t\t<div class=\"elementor-element elementor-element-588c51b9 elementor-widget elementor-widget-text-editor\" data-id=\"588c51b9\" data-element_type=\"widget\" data-e-type=\"widget\" data-widget_type=\"text-editor.default\">\n\t\t\t\t<div class=\"elementor-widget-container\">\n\t\t\t\t\t\t\t\t\t<p style=\"text-align: left;\">T\u1ea1i <strong data-start=\"851\" data-end=\"859\">SSO\u2082<\/strong>Ch\u00fang t\u00f4i chuy\u00ean ph\u00e1t tri\u1ec3n c\u00f4ng ngh\u1ec7 ti\u00ean ti\u1ebfn \u0111\u1ec3 gi\u00e1m s\u00e1t oxy, carbon dioxide v\u00e0 hydro sunfua. \u0110\u01b0\u1ee3c th\u00e0nh l\u1eadp v\u1edbi t\u1ea7m nh\u00ecn l\u00e0m cho m\u00f4i tr\u01b0\u1eddng an to\u00e0n h\u01a1n v\u00e0 quy tr\u00ecnh s\u1ea3n xu\u1ea5t hi\u1ec7u qu\u1ea3 h\u01a1n, ch\u00fang t\u00f4i cung c\u1ea5p c\u00e1c s\u1ea3n ph\u1ea9m c\u00f3 \u0111\u1ed9 ch\u00ednh x\u00e1c cao. <strong data-start=\"1041\" data-end=\"1059\">c\u1ea3m bi\u1ebfn oxy<\/strong>, <strong data-start=\"1061\" data-end=\"1077\">M\u00e1y ph\u00e2n t\u00edch oxy<\/strong>, <strong data-start=\"1061\" data-end=\"1077\">CO\u2082 analyzers<\/strong>, <strong data-start=\"1061\" data-end=\"1077\">H\u2082S analyzers<\/strong>v\u00e0 c\u00e1c gi\u1ea3i ph\u00e1p an to\u00e0n to\u00e0n di\u1ec7n cho nhi\u1ec1u ng\u00e0nh c\u00f4ng nghi\u1ec7p \u2014 t\u1eeb nh\u00e0 m\u00e1y h\u00f3a ch\u1ea5t v\u00e0 m\u1ecf kh\u00ed \u0111\u1ed1t t\u1ef1 nhi\u00ean \u0111\u1ebfn s\u1ea3n xu\u1ea5t ch\u1ea5t b\u00e1n d\u1eabn v\u00e0 nghi\u00ean c\u1ee9u kh\u00ed nh\u00e0 k\u00ednh.<\/p>\t\t\t\t\t\t\t\t<\/div>\n\t\t\t\t<\/div>\n\t\t\t\t\t<\/div>\n\t\t\t\t<\/div>\n\t\t<div class=\"elementor-element elementor-element-564854c e-flex e-con-boxed e-con e-parent\" data-id=\"564854c\" data-element_type=\"container\" data-e-type=\"container\">\n\t\t\t\t\t<div class=\"e-con-inner\">\n\t\t\t\t<div class=\"elementor-element elementor-element-a7c2458 elementor-widget elementor-widget-text-editor\" data-id=\"a7c2458\" data-element_type=\"widget\" data-e-type=\"widget\" data-widget_type=\"text-editor.default\">\n\t\t\t\t<div class=\"elementor-widget-container\">\n\t\t\t\t\t\t\t\t\t<p><img decoding=\"async\" data-recalc-dims=\"1\" class=\"lightbox-false alignleft\" title=\"H\u00ecnh \u1ea3nh 278-1\" src=\"https:\/\/i0.wp.com\/sso2.com\/wp-content\/uploads\/2025\/11\/4405_Building.webp?resize=267%2C185&#038;ssl=1\" alt=\"H\u00ecnh \u1ea3nh 278-1\" width=\"267\" height=\"185\" \/><\/p><p>Southland Sensing Ltd. thi\u1ebft k\u1ebf, s\u1ea3n xu\u1ea5t v\u00e0 l\u1eafp r\u00e1p c\u00e1c c\u1ea3m bi\u1ebfn ti\u00ean ti\u1ebfn v\u00e0 thi\u1ebft b\u1ecb ph\u00e2n t\u00edch s\u00e1ng t\u1ea1o cho kh\u00e1ch h\u00e0ng tr\u00ean to\u00e0n th\u1ebf gi\u1edbi.<\/p><p><span style=\"letter-spacing: 0.1px;\">Southland Sensing cung c\u1ea5p c\u00e1c gi\u1ea3i ph\u00e1p s\u00e1ng t\u1ea1o cho m\u1ed9t s\u1ed1 c\u00f4ng ty h\u00e0ng \u0111\u1ea7u tr\u00ean th\u1ebf gi\u1edbi. C\u00f4ng ngh\u1ec7 c\u1ea3m bi\u1ebfn ch\u00ednh x\u00e1c c\u1ee7a ch\u00fang t\u00f4i k\u1ebft h\u1ee3p v\u1edbi d\u1ecbch v\u1ee5 kh\u00e1ch h\u00e0ng v\u00e0 h\u1ed7 tr\u1ee3 \u1ee9ng d\u1ee5ng v\u01b0\u1ee3t tr\u1ed9i mang l\u1ea1i nh\u1eefng l\u1ee3i th\u1ebf \u0111\u00e1ng k\u1ec3, gi\u00fap kh\u00e1ch h\u00e0ng c\u1ea3i thi\u1ec7n ch\u1ea5t l\u01b0\u1ee3ng, gi\u1ea3m chi ph\u00ed b\u1ea3o tr\u00ec v\u00e0 \u0111\u00e1p \u1ee9ng c\u00e1c y\u00eau c\u1ea7u v\u1ec1 m\u00f4i tr\u01b0\u1eddng v\u00e0 an to\u00e0n t\u1ea1i \u0111\u1ecba ph\u01b0\u01a1ng.<\/span><\/p><p><span style=\"letter-spacing: 0.1px;\">Southland Sensing t\u1ef1 h\u00e0o v\u1ec1 thi\u1ebft k\u1ebf s\u00e1ng t\u1ea1o v\u00e0 ch\u1ea5t l\u01b0\u1ee3ng v\u01b0\u1ee3t tr\u1ed9i c\u1ee7a c\u00e1c c\u1ea3m bi\u1ebfn v\u00e0 n\u1ec1n t\u1ea3ng ph\u00e2n t\u00edch c\u1ee7a ch\u00fang t\u00f4i. M\u1ee5c ti\u00eau c\u1ee7a ch\u00fang t\u00f4i l\u00e0 cung c\u1ea5p cho b\u1ea1n c\u00f4ng ngh\u1ec7 ti\u00ean ti\u1ebfn nh\u1ea5t, hi\u1ec7u su\u1ea5t cao nh\u1ea5t c\u00f3 th\u1ec3 v\u00e0 d\u1ecbch v\u1ee5 h\u1ed7 tr\u1ee3 t\u1ed1t nh\u1ea5t m\u00e0 b\u1ea1n mong mu\u1ed1n.<\/span><\/p><p><span style=\"letter-spacing: 0.1px;\">B\u00ean c\u1ea1nh c\u00e1c s\u1ea3n ph\u1ea9m ph\u00e2n t\u00edch kh\u00ed \u0111\u01b0\u1ee3c c\u1ea5u h\u00ecnh s\u1eb5n, Southland Sensing c\u0169ng c\u00f3 kh\u1ea3 n\u0103ng t\u00f9y ch\u1ec9nh c\u1ea3m bi\u1ebfn, thi\u1ebft b\u1ecb \u0111i\u1ec7n t\u1eed v\u00e0 bao b\u00ec.<\/span><\/p><p><img decoding=\"async\" data-recalc-dims=\"1\" class=\"lightbox-false alignright\" title=\"H\u00ecnh \u1ea3nh 278_2\" src=\"https:\/\/i0.wp.com\/sso2.com\/wp-content\/uploads\/2019\/03\/img_278_2.jpg?resize=267%2C185&#038;ssl=1\" alt=\"H\u00ecnh \u1ea3nh 278_2\" width=\"267\" height=\"185\" \/><\/p><p>K\u1ec3 t\u1eeb khi ra m\u1eaft l\u1ea7n \u0111\u1ea7u v\u00e0o n\u0103m 2013, ch\u00fang t\u00f4i \u0111\u00e3 gi\u1edbi thi\u1ec7u m\u1ed9t s\u1ed1 c\u00f4ng ngh\u1ec7 \u0111\u1ed9t ph\u00e1. Ng\u00e0y nay, ch\u00fang t\u00f4i v\u1eabn t\u1eadp trung v\u00e0o vi\u1ec7c ph\u00e1t tri\u1ec3n li\u00ean t\u1ee5c c\u00e1c s\u1ea3n ph\u1ea9m ph\u00e2n t\u00edch, \u0111o l\u01b0\u1eddng v\u00e0 \u0111i\u1ec1u khi\u1ec3n.<\/p><p><span style=\"letter-spacing: 0.1px;\">Southland Sensing cung c\u1ea5p d\u1ecbch v\u1ee5 h\u1ed7 tr\u1ee3 k\u1ef9 thu\u1eadt v\u00e0 s\u1ea3n ph\u1ea9m c\u00e1 nh\u00e2n h\u00f3a h\u00e0ng \u0111\u1ea7u ng\u00e0nh, c\u00f9ng v\u1edbi m\u1ea1ng l\u01b0\u1edbi \u0111\u1ed1i t\u00e1c ph\u00e2n ph\u1ed1i trong n\u01b0\u1edbc v\u00e0 qu\u1ed1c t\u1ebf. \u0110i\u1ec1u n\u00e0y mang l\u1ea1i tr\u1ea3i nghi\u1ec7m mua s\u1eafm li\u1ec1n m\u1ea1ch v\u1edbi th\u1eddi gian giao h\u00e0ng nhanh ch\u00f3ng.<\/span><\/p><p><span style=\"letter-spacing: 0.1px;\">T\u1ea5t c\u1ea3 c\u00e1c s\u1ea3n ph\u1ea9m \u0111\u1ec1u \u0111\u01b0\u1ee3c thi\u1ebft k\u1ebf, ki\u1ec3m tra v\u00e0 l\u1eafp r\u00e1p t\u1ea1i c\u01a1 s\u1edf c\u1ee7a ch\u00fang t\u00f4i \u1edf California, Hoa K\u1ef3.<\/span><\/p>\t\t\t\t\t\t\t\t<\/div>\n\t\t\t\t<\/div>\n\t\t\t\t\t<\/div>\n\t\t\t\t<\/div>\n\t\t\t\t<\/div>","protected":false},"excerpt":{"rendered":"<p>Home Who We Are At SSO\u2082, we\u2019re specialists in developing advanced technology for oxygen, carbon dioxide and hydrogen sulfide monitoring. Founded with a vision to make environments safer and manufacturing processes more efficient, we provide high-precision oxygen sensors, O\u2082 analyzers, CO\u2082 analyzers, H\u2082S analyzers, and comprehensive safety solutions for a wide range of industries \u2014 [&hellip;]<\/p>\n","protected":false},"author":6,"featured_media":0,"parent":0,"menu_order":0,"comment_status":"closed","ping_status":"closed","template":"elementor_header_footer","meta":{"footnotes":""},"class_list":["post-80","page","type-page","status-publish","hentry"],"yoast_head":"<!-- This site is optimized with the Yoast SEO Premium plugin v27.2 (Yoast SEO v27.2) - https:\/\/yoast.com\/product\/yoast-seo-premium-wordpress\/ -->\n<title>About SSO2 | Global Leader in Gas Analyzers &amp; Oxygen Sensors<\/title>\n<meta name=\"description\" content=\"Learn about SSO2\u2019s mission, innovation, and global expertise in manufacturing high-quality gas analyzers and oxygen sensors for multiple industries.\" \/>\n<meta name=\"robots\" content=\"index, follow, max-snippet:-1, max-image-preview:large, max-video-preview:-1\" \/>\n<link rel=\"canonical\" href=\"https:\/\/sso2.com\/vi\/about-us\/\" \/>\n<meta property=\"og:locale\" content=\"vi_VN\" \/>\n<meta property=\"og:type\" content=\"article\" \/>\n<meta property=\"og:title\" content=\"About Us\" \/>\n<meta property=\"og:description\" content=\"Learn about SSO2\u2019s mission, innovation, and global expertise in manufacturing high-quality gas analyzers and oxygen sensors for multiple industries.\" \/>\n<meta property=\"og:url\" content=\"https:\/\/sso2.com\/vi\/about-us\/\" \/>\n<meta property=\"og:site_name\" content=\"Southland Sensing Ltd.\" \/>\n<meta property=\"article:modified_time\" content=\"2025-12-19T17:43:42+00:00\" \/>\n<meta property=\"og:image\" content=\"https:\/\/sso2.com\/wp-content\/uploads\/2014\/08\/portolio-001.jpg\" \/>\n<meta name=\"twitter:card\" content=\"summary_large_image\" \/>\n<meta name=\"twitter:label1\" content=\"\u01af\u1edbc t\u00ednh th\u1eddi gian \u0111\u1ecdc\" \/>\n\t<meta name=\"twitter:data1\" content=\"2 ph\u00fat\" \/>\n<script type=\"application\/ld+json\" class=\"yoast-schema-graph\">{\"@context\":\"https:\/\/schema.org\",\"@graph\":[{\"@type\":\"WebPage\",\"@id\":\"https:\/\/sso2.com\/about-us\/\",\"url\":\"https:\/\/sso2.com\/about-us\/\",\"name\":\"About SSO2 | Global Leader in Gas Analyzers & Oxygen Sensors\",\"isPartOf\":{\"@id\":\"https:\/\/sso2.com\/#website\"},\"primaryImageOfPage\":{\"@id\":\"https:\/\/sso2.com\/about-us\/#primaryimage\"},\"image\":{\"@id\":\"https:\/\/sso2.com\/about-us\/#primaryimage\"},\"thumbnailUrl\":\"https:\/\/sso2.com\/wp-content\/uploads\/2014\/08\/portolio-001.jpg\",\"datePublished\":\"2015-12-04T10:15:14+00:00\",\"dateModified\":\"2025-12-19T17:43:42+00:00\",\"description\":\"Learn about SSO2\u2019s mission, innovation, and global expertise in manufacturing high-quality gas analyzers and oxygen sensors for multiple industries.\",\"breadcrumb\":{\"@id\":\"https:\/\/sso2.com\/about-us\/#breadcrumb\"},\"inLanguage\":\"vi\",\"potentialAction\":[{\"@type\":\"ReadAction\",\"target\":[\"https:\/\/sso2.com\/about-us\/\"]}]},{\"@type\":\"ImageObject\",\"inLanguage\":\"vi\",\"@id\":\"https:\/\/sso2.com\/about-us\/#primaryimage\",\"url\":\"https:\/\/sso2.com\/wp-content\/uploads\/2014\/08\/portolio-001.jpg\",\"contentUrl\":\"https:\/\/sso2.com\/wp-content\/uploads\/2014\/08\/portolio-001.jpg\"},{\"@type\":\"BreadcrumbList\",\"@id\":\"https:\/\/sso2.com\/about-us\/#breadcrumb\",\"itemListElement\":[{\"@type\":\"ListItem\",\"position\":1,\"name\":\"Home\",\"item\":\"https:\/\/sso2.com\/en\/\"},{\"@type\":\"ListItem\",\"position\":2,\"name\":\"About Us\"}]},{\"@type\":\"WebSite\",\"@id\":\"https:\/\/sso2.com\/#website\",\"url\":\"https:\/\/sso2.com\/\",\"name\":\"Southland Sensing Ltd.\",\"description\":\"Industrial &amp; Medical Gas Analyzers Oxygen CO\u2082, &amp; H\u2082 Monitors\",\"publisher\":{\"@id\":\"https:\/\/sso2.com\/#organization\"},\"alternateName\":\"SSO2\",\"potentialAction\":[{\"@type\":\"SearchAction\",\"target\":{\"@type\":\"EntryPoint\",\"urlTemplate\":\"https:\/\/sso2.com\/?s={search_term_string}\"},\"query-input\":{\"@type\":\"PropertyValueSpecification\",\"valueRequired\":true,\"valueName\":\"search_term_string\"}}],\"inLanguage\":\"vi\"},{\"@type\":\"Organization\",\"@id\":\"https:\/\/sso2.com\/#organization\",\"name\":\"Southland Sensing Ltd.\",\"alternateName\":\"SSO2\",\"url\":\"https:\/\/sso2.com\/\",\"logo\":{\"@type\":\"ImageObject\",\"inLanguage\":\"vi\",\"@id\":\"https:\/\/sso2.com\/#\/schema\/logo\/image\/\",\"url\":\"https:\/\/sso2.com\/wp-content\/uploads\/2025\/10\/sso2_300pixel.webp\",\"contentUrl\":\"https:\/\/sso2.com\/wp-content\/uploads\/2025\/10\/sso2_300pixel.webp\",\"width\":300,\"height\":50,\"caption\":\"Southland Sensing Ltd.\"},\"image\":{\"@id\":\"https:\/\/sso2.com\/#\/schema\/logo\/image\/\"},\"sameAs\":[\"https:\/\/www.linkedin.com\/company\/southland-sensing-ltd\/\"],\"description\":\"Southland Sensing Ltd. brings together superior performance, an improved user experience, and unmatched application expertise to deliver an accurate and reliable measurement solution. That\u2019s why multinationals, small companies and universities alike turn to us again and again.\",\"email\":\"sales@sso2.com\",\"telephone\":\"1-949-398-2879\",\"legalName\":\"Southland Sensing Ltd.\",\"foundingDate\":\"2013-01-01\",\"numberOfEmployees\":{\"@type\":\"QuantitativeValue\",\"minValue\":\"11\",\"maxValue\":\"50\"},\"publishingPrinciples\":\"https:\/\/sso2.com\/contact-us\/\",\"ownershipFundingInfo\":\"https:\/\/sso2.com\/about-us\/\",\"actionableFeedbackPolicy\":\"https:\/\/sso2.com\/contact-us\/\"}]}<\/script>\n<!-- \/ Yoast SEO Premium plugin. -->","yoast_head_json":{"title":"Gi\u1edbi thi\u1ec7u v\u1ec1 SSO2 | Nh\u00e0 l\u00e3nh \u0111\u1ea1o to\u00e0n c\u1ea7u trong l\u0129nh v\u1ef1c m\u00e1y ph\u00e2n t\u00edch kh\u00ed v\u00e0 c\u1ea3m bi\u1ebfn oxy","description":"T\u00ecm hi\u1ec3u v\u1ec1 s\u1ee9 m\u1ec7nh, s\u1ef1 \u0111\u1ed5i m\u1edbi v\u00e0 chuy\u00ean m\u00f4n to\u00e0n c\u1ea7u c\u1ee7a SSO2 trong s\u1ea3n xu\u1ea5t c\u00e1c thi\u1ebft b\u1ecb ph\u00e2n t\u00edch kh\u00ed v\u00e0 c\u1ea3m bi\u1ebfn oxy ch\u1ea5t l\u01b0\u1ee3ng cao cho nhi\u1ec1u ng\u00e0nh c\u00f4ng nghi\u1ec7p.","robots":{"index":"index","follow":"follow","max-snippet":"max-snippet:-1","max-image-preview":"max-image-preview:large","max-video-preview":"max-video-preview:-1"},"canonical":"https:\/\/sso2.com\/vi\/about-us\/","og_locale":"vi_VN","og_type":"article","og_title":"About Us","og_description":"Learn about SSO2\u2019s mission, innovation, and global expertise in manufacturing high-quality gas analyzers and oxygen sensors for multiple industries.","og_url":"https:\/\/sso2.com\/vi\/about-us\/","og_site_name":"Southland Sensing Ltd.","article_modified_time":"2025-12-19T17:43:42+00:00","og_image":[{"url":"https:\/\/sso2.com\/wp-content\/uploads\/2014\/08\/portolio-001.jpg","type":"","width":"","height":""}],"twitter_card":"summary_large_image","twitter_misc":{"\u01af\u1edbc t\u00ednh th\u1eddi gian \u0111\u1ecdc":"2 ph\u00fat"},"schema":{"@context":"https:\/\/schema.org","@graph":[{"@type":"WebPage","@id":"https:\/\/sso2.com\/about-us\/","url":"https:\/\/sso2.com\/about-us\/","name":"Gi\u1edbi thi\u1ec7u v\u1ec1 SSO2 | Nh\u00e0 l\u00e3nh \u0111\u1ea1o to\u00e0n c\u1ea7u trong l\u0129nh v\u1ef1c m\u00e1y ph\u00e2n t\u00edch kh\u00ed v\u00e0 c\u1ea3m bi\u1ebfn oxy","isPartOf":{"@id":"https:\/\/sso2.com\/#website"},"primaryImageOfPage":{"@id":"https:\/\/sso2.com\/about-us\/#primaryimage"},"image":{"@id":"https:\/\/sso2.com\/about-us\/#primaryimage"},"thumbnailUrl":"https:\/\/sso2.com\/wp-content\/uploads\/2014\/08\/portolio-001.jpg","datePublished":"2015-12-04T10:15:14+00:00","dateModified":"2025-12-19T17:43:42+00:00","description":"T\u00ecm hi\u1ec3u v\u1ec1 s\u1ee9 m\u1ec7nh, s\u1ef1 \u0111\u1ed5i m\u1edbi v\u00e0 chuy\u00ean m\u00f4n to\u00e0n c\u1ea7u c\u1ee7a SSO2 trong s\u1ea3n xu\u1ea5t c\u00e1c thi\u1ebft b\u1ecb ph\u00e2n t\u00edch kh\u00ed v\u00e0 c\u1ea3m bi\u1ebfn oxy ch\u1ea5t l\u01b0\u1ee3ng cao cho nhi\u1ec1u ng\u00e0nh c\u00f4ng nghi\u1ec7p.","breadcrumb":{"@id":"https:\/\/sso2.com\/about-us\/#breadcrumb"},"inLanguage":"vi","potentialAction":[{"@type":"ReadAction","target":["https:\/\/sso2.com\/about-us\/"]}]},{"@type":"ImageObject","inLanguage":"vi","@id":"https:\/\/sso2.com\/about-us\/#primaryimage","url":"https:\/\/sso2.com\/wp-content\/uploads\/2014\/08\/portolio-001.jpg","contentUrl":"https:\/\/sso2.com\/wp-content\/uploads\/2014\/08\/portolio-001.jpg"},{"@type":"BreadcrumbList","@id":"https:\/\/sso2.com\/about-us\/#breadcrumb","itemListElement":[{"@type":"ListItem","position":1,"name":"Home","item":"https:\/\/sso2.com\/en\/"},{"@type":"ListItem","position":2,"name":"About Us"}]},{"@type":"WebSite","@id":"https:\/\/sso2.com\/#website","url":"https:\/\/sso2.com\/","name":"C\u00f4ng ty TNHH Southland Sensing.","description":"Industrial &amp; Medical Gas Analyzers Oxygen CO\u2082, &amp; H\u2082 Monitors","publisher":{"@id":"https:\/\/sso2.com\/#organization"},"alternateName":"SSO2","potentialAction":[{"@type":"SearchAction","target":{"@type":"EntryPoint","urlTemplate":"https:\/\/sso2.com\/?s={search_term_string}"},"query-input":{"@type":"PropertyValueSpecification","valueRequired":true,"valueName":"search_term_string"}}],"inLanguage":"vi"},{"@type":"Organization","@id":"https:\/\/sso2.com\/#organization","name":"C\u00f4ng ty TNHH Southland Sensing.","alternateName":"SSO2","url":"https:\/\/sso2.com\/","logo":{"@type":"ImageObject","inLanguage":"vi","@id":"https:\/\/sso2.com\/#\/schema\/logo\/image\/","url":"https:\/\/sso2.com\/wp-content\/uploads\/2025\/10\/sso2_300pixel.webp","contentUrl":"https:\/\/sso2.com\/wp-content\/uploads\/2025\/10\/sso2_300pixel.webp","width":300,"height":50,"caption":"Southland Sensing Ltd."},"image":{"@id":"https:\/\/sso2.com\/#\/schema\/logo\/image\/"},"sameAs":["https:\/\/www.linkedin.com\/company\/southland-sensing-ltd\/"],"description":"Southland Sensing Ltd. brings together superior performance, an improved user experience, and unmatched application expertise to deliver an accurate and reliable measurement solution. That\u2019s why multinationals, small companies and universities alike turn to us again and again.","email":"sales@sso2.com","telephone":"1-949-398-2879","legalName":"Southland Sensing Ltd.","foundingDate":"2013-01-01","numberOfEmployees":{"@type":"QuantitativeValue","minValue":"11","maxValue":"50"},"publishingPrinciples":"https:\/\/sso2.com\/contact-us\/","ownershipFundingInfo":"https:\/\/sso2.com\/about-us\/","actionableFeedbackPolicy":"https:\/\/sso2.com\/contact-us\/"}]}},"jetpack_sharing_enabled":true,"jetpack_shortlink":"https:\/\/wp.me\/PaSzwI-1i","_links":{"self":[{"href":"https:\/\/sso2.com\/vi\/wp-json\/wp\/v2\/pages\/80","targetHints":{"allow":["GET"]}}],"collection":[{"href":"https:\/\/sso2.com\/vi\/wp-json\/wp\/v2\/pages"}],"about":[{"href":"https:\/\/sso2.com\/vi\/wp-json\/wp\/v2\/types\/page"}],"author":[{"embeddable":true,"href":"https:\/\/sso2.com\/vi\/wp-json\/wp\/v2\/users\/6"}],"replies":[{"embeddable":true,"href":"https:\/\/sso2.com\/vi\/wp-json\/wp\/v2\/comments?post=80"}],"version-history":[{"count":0,"href":"https:\/\/sso2.com\/vi\/wp-json\/wp\/v2\/pages\/80\/revisions"}],"wp:attachment":[{"href":"https:\/\/sso2.com\/vi\/wp-json\/wp\/v2\/media?parent=80"}],"curies":[{"name":"wp","href":"https:\/\/api.w.org\/{rel}","templated":true}]}}