{"id":485,"date":"2019-04-03T03:54:25","date_gmt":"2019-04-03T03:54:25","guid":{"rendered":"https:\/\/sso2.com\/?page_id=485"},"modified":"2025-10-10T17:51:06","modified_gmt":"2025-10-10T17:51:06","slug":"industrial-oxygen-sensors","status":"publish","type":"page","link":"https:\/\/sso2.com\/vi\/industrial-oxygen-sensors\/","title":{"rendered":"C\u1ea3m bi\u1ebfn oxy c\u00f4ng nghi\u1ec7p"},"content":{"rendered":"<div data-elementor-type=\"wp-page\" data-elementor-id=\"485\" class=\"elementor elementor-485\" data-elementor-post-type=\"page\">\n\t\t\t\t\t\t<section class=\"elementor-section elementor-top-section elementor-element elementor-element-11048109 elementor-section-items-stretch elementor-section-height-min-height elementor-section-boxed elementor-section-height-default\" data-id=\"11048109\" data-element_type=\"section\" data-e-type=\"section\" data-settings=\"{&quot;background_background&quot;:&quot;classic&quot;}\">\n\t\t\t\t\t\t<div class=\"elementor-container elementor-column-gap-no\">\n\t\t\t\t\t<div class=\"elementor-column elementor-col-50 elementor-top-column elementor-element elementor-element-6e188138\" data-id=\"6e188138\" data-element_type=\"column\" data-e-type=\"column\">\n\t\t\t<div class=\"elementor-widget-wrap elementor-element-populated\">\n\t\t\t\t\t\t<section class=\"elementor-section elementor-inner-section elementor-element elementor-element-3791848d elementor-section-boxed elementor-section-height-default elementor-section-height-default\" data-id=\"3791848d\" data-element_type=\"section\" data-e-type=\"section\">\n\t\t\t\t\t\t<div class=\"elementor-container elementor-column-gap-no\">\n\t\t\t\t\t<div class=\"elementor-column elementor-col-100 elementor-inner-column elementor-element elementor-element-2d5fa10c\" data-id=\"2d5fa10c\" data-element_type=\"column\" data-e-type=\"column\">\n\t\t\t<div class=\"elementor-widget-wrap elementor-element-populated\">\n\t\t\t\t\t\t<div class=\"elementor-element elementor-element-4a6d7383 elementor-widget__width-auto elementor-widget elementor-widget-heading\" data-id=\"4a6d7383\" data-element_type=\"widget\" data-e-type=\"widget\" data-widget_type=\"heading.default\">\n\t\t\t\t<div class=\"elementor-widget-container\">\n\t\t\t\t\t<div class=\"elementor-heading-title elementor-size-default\"><a href=\"https:\/\/sso2.com\/vi\/\">Trang ch\u1ee7<\/a><\/div>\t\t\t\t<\/div>\n\t\t\t\t<\/div>\n\t\t\t\t<div class=\"elementor-element elementor-element-783a935b elementor-widget__width-initial elementor-view-default elementor-widget elementor-widget-icon\" data-id=\"783a935b\" data-element_type=\"widget\" data-e-type=\"widget\" data-widget_type=\"icon.default\">\n\t\t\t\t<div class=\"elementor-widget-container\">\n\t\t\t\t\t\t\t<div class=\"elementor-icon-wrapper\">\n\t\t\t<div class=\"elementor-icon\">\n\t\t\t<svg aria-hidden=\"true\" class=\"e-font-icon-svg e-fas-slash\" viewbox=\"0 0 640 512\" xmlns=\"http:\/\/www.w3.org\/2000\/svg\"><path d=\"M594.53 508.63L6.18 53.9c-6.97-5.42-8.23-15.47-2.81-22.45L23.01 6.18C28.43-.8 38.49-2.06 45.47 3.37L633.82 458.1c6.97 5.42 8.23 15.47 2.81 22.45l-19.64 25.27c-5.42 6.98-15.48 8.23-22.46 2.81z\"><\/path><\/svg>\t\t\t<\/div>\n\t\t<\/div>\n\t\t\t\t\t\t<\/div>\n\t\t\t\t<\/div>\n\t\t\t\t<div class=\"elementor-element elementor-element-60c6eb38 elementor-widget__width-auto elementor-widget elementor-widget-heading\" data-id=\"60c6eb38\" data-element_type=\"widget\" data-e-type=\"widget\" data-widget_type=\"heading.default\">\n\t\t\t\t<div class=\"elementor-widget-container\">\n\t\t\t\t\t<div class=\"elementor-heading-title elementor-size-default\"><a href=\"#\">C\u1ea3m bi\u1ebfn oxy c\u00f4ng nghi\u1ec7p<\/a><\/div>\t\t\t\t<\/div>\n\t\t\t\t<\/div>\n\t\t\t\t\t<\/div>\n\t\t<\/div>\n\t\t\t\t\t<\/div>\n\t\t<\/section>\n\t\t\t\t<section class=\"elementor-section elementor-inner-section elementor-element elementor-element-1b36b0b7 elementor-reverse-tablet elementor-reverse-mobile elementor-section-boxed elementor-section-height-default elementor-section-height-default\" data-id=\"1b36b0b7\" data-element_type=\"section\" data-e-type=\"section\">\n\t\t\t\t\t\t<div class=\"elementor-container elementor-column-gap-no\">\n\t\t\t\t\t<div class=\"elementor-column elementor-col-100 elementor-inner-column elementor-element elementor-element-66b181e6\" data-id=\"66b181e6\" data-element_type=\"column\" data-e-type=\"column\">\n\t\t\t<div class=\"elementor-widget-wrap elementor-element-populated\">\n\t\t\t\t\t\t<div class=\"elementor-element elementor-element-2213a3eb elementor-widget elementor-widget-heading\" data-id=\"2213a3eb\" data-element_type=\"widget\" data-e-type=\"widget\" data-widget_type=\"heading.default\">\n\t\t\t\t<div class=\"elementor-widget-container\">\n\t\t\t\t\t<h1 class=\"elementor-heading-title elementor-size-default\">C\u1ea3m bi\u1ebfn oxy c\u00f4ng nghi\u1ec7p<\/h1>\t\t\t\t<\/div>\n\t\t\t\t<\/div>\n\t\t\t\t\t<\/div>\n\t\t<\/div>\n\t\t\t\t\t<\/div>\n\t\t<\/section>\n\t\t\t\t\t<\/div>\n\t\t<\/div>\n\t\t\t\t<div class=\"elementor-column elementor-col-50 elementor-top-column elementor-element elementor-element-14475ca0\" data-id=\"14475ca0\" data-element_type=\"column\" data-e-type=\"column\">\n\t\t\t<div class=\"elementor-widget-wrap elementor-element-populated\">\n\t\t\t\t\t\t<div class=\"elementor-element elementor-element-5d36ecd4 animated-fast elementor-invisible elementor-widget elementor-widget-image\" data-id=\"5d36ecd4\" data-element_type=\"widget\" data-e-type=\"widget\" data-settings=\"{&quot;_animation&quot;:&quot;fadeInLeft&quot;,&quot;_animation_mobile&quot;:&quot;none&quot;}\" data-widget_type=\"image.default\">\n\t\t\t\t<div class=\"elementor-widget-container\">\n\t\t\t\t\t\t\t\t\t\t\t\t\t\t\t<img decoding=\"async\" width=\"1344\" height=\"1140\" src=\"https:\/\/i0.wp.com\/sso2.com\/wp-content\/uploads\/2025\/01\/to2-1x.png?fit=1344%2C1140&amp;ssl=1\" class=\"attachment-full size-full wp-image-2921\" alt=\"\" srcset=\"https:\/\/i0.wp.com\/sso2.com\/wp-content\/uploads\/2025\/01\/to2-1x.png?w=1344&amp;ssl=1 1344w, https:\/\/i0.wp.com\/sso2.com\/wp-content\/uploads\/2025\/01\/to2-1x.png?resize=300%2C254&amp;ssl=1 300w, https:\/\/i0.wp.com\/sso2.com\/wp-content\/uploads\/2025\/01\/to2-1x.png?resize=1024%2C869&amp;ssl=1 1024w, https:\/\/i0.wp.com\/sso2.com\/wp-content\/uploads\/2025\/01\/to2-1x.png?resize=768%2C651&amp;ssl=1 768w, https:\/\/i0.wp.com\/sso2.com\/wp-content\/uploads\/2025\/01\/to2-1x.png?resize=600%2C509&amp;ssl=1 600w\" sizes=\"(max-width: 800px) 100vw, 800px\" \/>\t\t\t\t\t\t\t\t\t\t\t\t\t\t\t<\/div>\n\t\t\t\t<\/div>\n\t\t\t\t\t<\/div>\n\t\t<\/div>\n\t\t\t\t\t<\/div>\n\t\t<\/section>\n\t\t<div class=\"elementor-element elementor-element-75bacff2 e-flex e-con-boxed e-con e-parent\" data-id=\"75bacff2\" data-element_type=\"container\" data-e-type=\"container\">\n\t\t\t\t\t<div class=\"e-con-inner\">\n\t\t\t\t<div class=\"elementor-element elementor-element-6a309628 elementor-widget elementor-widget-text-editor\" data-id=\"6a309628\" data-element_type=\"widget\" data-e-type=\"widget\" data-widget_type=\"text-editor.default\">\n\t\t\t\t<div class=\"elementor-widget-container\">\n\t\t\t\t\t\t\t\t\t<p><strong>C\u00f4ng ty TNHH Southland Sensing.<\/strong> oferece uma extensa linha de sensores de oxig\u00e9nio eletroqu\u00edmicos de micro c\u00e9lula de combust\u00edvel, de alta qualidade, fabricados nos EUA e concebidos com precis\u00e3o. Estes sensores est\u00e3o dispon\u00edveis numa ampla gama de configura\u00e7\u00f5es, com medi\u00e7\u00f5es desde 0,001 PPM at\u00e9 100,0 % de oxig\u00e9nio.<\/p><p>\u0110\u01b0\u1ee3c h\u1ed7 tr\u1ee3 b\u1edfi d\u1ecbch v\u1ee5 kh\u00e1ch h\u00e0ng xu\u1ea5t s\u1eafc v\u00e0 thi\u1ebft k\u1ebf s\u1ea3n ph\u1ea9m \u0111\u00e3 \u0111\u01b0\u1ee3c ch\u1ee9ng minh trong ng\u00e0nh, c\u00e1c c\u1ea3m bi\u1ebfn c\u1ee7a ch\u00fang t\u00f4i \u0111\u01b0\u1ee3c s\u1eed d\u1ee5ng trong nhi\u1ec1u \u1ee9ng d\u1ee5ng tr\u00ean to\u00e0n th\u1ebf gi\u1edbi, bao g\u1ed3m nh\u00e0 m\u00e1y t\u00e1ch kh\u00ed, quy tr\u00ecnh h\u00f3a ch\u1ea5t v\u00e0 h\u00f3a d\u1ea7u, s\u1ea3n xu\u1ea5t th\u00e9p v\u00e0 nhi\u1ec1u l\u0129nh v\u1ef1c kh\u00e1c.<\/p><p>C\u00e1c nh\u00e0 cung c\u1ea5p d\u1ecbch v\u1ee5 y t\u1ebf h\u00e0ng \u0111\u1ea7u v\u00e0 c\u00e1c nh\u00e0 s\u1ea3n xu\u1ea5t OEM tr\u00ean to\u00e0n th\u1ebf gi\u1edbi h\u1ee3p t\u00e1c v\u1edbi Southland Sensing Ltd. \u0111\u1ec3 n\u00e2ng cao hi\u1ec7u su\u1ea5t v\u00e0 ch\u1ea5t l\u01b0\u1ee3ng c\u1ea3m bi\u1ebfn \u0111\u1ed3ng th\u1eddi gi\u1ea3m chi ph\u00ed b\u1ea3o tr\u00ec h\u00e0ng n\u0103m c\u1ee7a h\u1ecd.<\/p><p><strong>B\u1ea1n \u0111ang t\u00ecm gi\u1ea3i ph\u00e1p thay th\u1ebf c\u1ea3m bi\u1ebfn oxy c\u1ee7a \u0111\u1ed1i th\u1ee7 ho\u1eb7c c\u1ea7n gi\u1ea3i ph\u00e1p OEM? H\u00e3y xem\u00a0<a href=\"\/\/sso2.com\/vi\/replacement-guide\/\">H\u01b0\u1edbng d\u1eabn thay th\u1ebf<\/a>.<\/strong><\/p><p><strong>Ch\u1ecdn c\u1ea3m bi\u1ebfn oxy \u0111\u1ed9c quy\u1ec1n c\u1ee7a Southland Sensing:<\/strong><\/p><p>\n<table id=\"tablepress-6\" class=\"tablepress tablepress-id-6\">\n<thead>\n<tr class=\"row-1\">\n\t<th class=\"column-1\">Class<\/th><th class=\"column-2\">Part Number<\/th><th class=\"column-3\">Application<\/th><th class=\"column-4\">Comments<\/th>\n<\/tr>\n<\/thead>\n<tbody class=\"row-striping row-hover\">\n<tr class=\"row-2\">\n\t<td class=\"column-1\">D\u1ea5u v\u1ebft (PPM)<\/td><td class=\"column-2\"><a href=\"https:\/\/sso2.com\/vi\/san-pham\/to2-1x-ppm-oxygen-sensor\/\">TO2-1x<\/a><\/td><td class=\"column-3\">Medi\u00e7\u00e3o de O\u2082 de uso geral<\/td><td class=\"column-4\">Baixa faixa de 0\u201310 ppm, utilizada na maioria das aplica\u00e7\u00f5es industriais<\/td>\n<\/tr>\n<tr class=\"row-3\">\n\t<td class=\"column-1\">D\u1ea5u v\u1ebft (PPM)<\/td><td class=\"column-2\"><a href=\"https:\/\/sso2.com\/vi\/san-pham\/to2-2x-ppm-oxygen-sensor-for-use-in-co2\/\">TO2-2x<\/a><\/td><td class=\"column-3\">\u0110o O\u2082 khi CO\u2082 &gt; 0,1%<\/td><td class=\"column-4\">Baixa faixa de 0\u201310 ppm, utilizada quando est\u00e3o presentes gases \u00e1cidos (CO\u2082, etc.) <\/td>\n<\/tr>\n<tr class=\"row-4\">\n\t<td class=\"column-1\">D\u1ea5u v\u1ebft (PPM)<\/td><td class=\"column-2\"><a href=\"https:\/\/sso2.com\/vi\/san-pham\/to2-133-ppm-oxygen-sensor\/\">TO2-133<\/a><\/td><td class=\"column-3\">Medi\u00e7\u00e3o de O\u2082 de uso geral<\/td><td class=\"column-4\">Baixa faixa de 0\u201310 ppm, utilizada na maioria das aplica\u00e7\u00f5es industriais<\/td>\n<\/tr>\n<tr class=\"row-5\">\n\t<td class=\"column-1\">D\u1ea5u v\u1ebft (PPM)<\/td><td class=\"column-2\"><a href=\"https:\/\/sso2.com\/vi\/san-pham\/to2-233-ppm-oxygen-sensor\/\">TO2-233<\/a><\/td><td class=\"column-3\">\u0110o O\u2082 khi CO\u2082 &gt; 0,1%<\/td><td class=\"column-4\">Baixa faixa de 0\u201310 ppm, utilizada quando est\u00e3o presentes gases \u00e1cidos (CO\u2082, etc.) <\/td>\n<\/tr>\n<tr class=\"row-6\">\n\t<td class=\"column-1\">D\u1ea5u v\u1ebft (PPM)<\/td><td class=\"column-2\"><a href=\"https:\/\/sso2.com\/vi\/san-pham\/to2-238-ppm-oxygen-sensor\/\">TO2-238<\/a><\/td><td class=\"column-3\">\u0110o O\u2082 khi CO\u2082 &gt; 0,1%<br \/>\nH2S < 500 PPM<\/td><td class=\"column-4\">Baixa faixa de 0\u201310 ppm, utilizada quando est\u00e3o presentes gases \u00e1cidos (CO\u2082, etc.)<\/td>\n<\/tr>\n<tr class=\"row-7\">\n\t<td class=\"column-1\">lai<\/td><td class=\"column-2\"><a href=\"https:\/\/sso2.com\/vi\/san-pham\/to2-19-hybrid-ppm-oxygen-sensor\/\">TO2-19<\/a><\/td><td class=\"column-3\">Medi\u00e7\u00e3o de O\u2082 de uso geral<\/td><td class=\"column-4\">D\u00f9ng \u0111\u1ec3 \u0111o t\u1eeb 45 ppm \u0111\u1ebfn 25,0% v\u1edbi ti\u1ebfp x\u00fac th\u01b0\u1eddng xuy\u00ean v\u1edbi kh\u00f4ng kh\u00ed xung quanh<\/td>\n<\/tr>\n<tr class=\"row-8\">\n\t<td class=\"column-1\">Ph\u1ea7n tr\u0103m<\/td><td class=\"column-2\"><a href=\"https:\/\/sso2.com\/vi\/san-pham\/po2-1x-percent-oxygen-sensor\/\">PO2-1x<\/a><\/td><td class=\"column-3\">Medi\u00e7\u00e3o de O\u2082 de uso geral<\/td><td class=\"column-4\">Gi\u1edbi h\u1ea1n ph\u00e1t hi\u1ec7n LDL 1000 ppm (0,1%), ch\u1ee7 y\u1ebfu s\u1eed d\u1ee5ng cho ph\u1ea3n \u1ee9ng nhanh trong c\u00e1c \u1ee9ng d\u1ee5ng theo ph\u1ea7n tr\u0103m<\/td>\n<\/tr>\n<tr class=\"row-9\">\n\t<td class=\"column-1\">Ph\u1ea7n tr\u0103m<\/td><td class=\"column-2\"><a href=\"https:\/\/sso2.com\/vi\/san-pham\/po2-160-percent-oxygen-sensor\/\">PO2-160<\/a><\/td><td class=\"column-3\">Medi\u00e7\u00e3o de O\u2082 de uso geral<\/td><td class=\"column-4\">Gi\u1edbi h\u1ea1n ph\u00e1t hi\u1ec7n LDL 1000 ppm (0,1%), ch\u1ee7 y\u1ebfu s\u1eed d\u1ee5ng cho ph\u1ea3n \u1ee9ng nhanh trong c\u00e1c \u1ee9ng d\u1ee5ng theo ph\u1ea7n tr\u0103m<\/td>\n<\/tr>\n<tr class=\"row-10\">\n\t<td class=\"column-1\">Ph\u1ea7n tr\u0103m<\/td><td class=\"column-2\"><a href=\"https:\/\/sso2.com\/vi\/san-pham\/po2-24-percent-oxygen-sensor\/\">PO2-24<\/a><\/td><td class=\"column-3\">\u0110o O\u2082 khi CO\u2082 &gt; 0,1%<\/td><td class=\"column-4\">Baixa faixa de 0\u201310 ppm, utilizada quando est\u00e3o presentes gases \u00e1cidos (CO\u2082, etc.)<\/td>\n<\/tr>\n<tr class=\"row-11\">\n\t<td class=\"column-1\">\u0111\u1ed9 tinh khi\u1ebft<\/td><td class=\"column-2\"><a href=\"https:\/\/sso2.com\/vi\/san-pham\/po2-1120-high-purity-oxygen-sensor\/\">PO2-1120<\/a><\/td><td class=\"column-3\">Medi\u00e7\u00e3o de O\u2082 de uso geral<\/td><td class=\"column-4\">\u0110\u01b0\u1ee3c thi\u1ebft k\u1ebf \u0111\u1ec3 \u0111o n\u1ed3ng \u0111\u1ed9 oxy cao (21,0% \u2013 100%)<\/td>\n<\/tr>\n<\/tbody>\n<\/table>\n<!-- #tablepress-6 from cache --><\/p><p>*** Se n\u00e3o encontrar o seu n\u00famero de pe\u00e7a, envie um e-mail ao seu representante de vendas e pergunte se oferecemos uma substitui\u00e7\u00e3o direta.<\/p>\t\t\t\t\t\t\t\t<\/div>\n\t\t\t\t<\/div>\n\t\t\t\t\t<\/div>\n\t\t\t\t<\/div>\n\t\t\t\t<\/div>","protected":false},"excerpt":{"rendered":"<p>Home Southland Sensing Ltd. offers an extensive line of high quality, manufactured in the USA, engineered precision electrochemical micro-fuel cell oxygen sensors. These sensors are offered in a wide range of configurations with analysis from 0.001 PPM up to 100.0% oxygen. Backed with excellent customer service and an industry proven product design, our sensors are [&hellip;]<\/p>\n","protected":false},"author":6,"featured_media":0,"parent":0,"menu_order":0,"comment_status":"closed","ping_status":"closed","template":"elementor_header_footer","meta":{"footnotes":""},"class_list":["post-485","page","type-page","status-publish","hentry"],"yoast_head":"<!-- This site is optimized with the Yoast SEO Premium plugin v27.2 (Yoast SEO v27.2) - https:\/\/yoast.com\/product\/yoast-seo-premium-wordpress\/ -->\n<title>Industrial Oxygen Sensors | O\u2082 Sensors for Harsh Enviromint<\/title>\n<meta name=\"description\" content=\"SSO2 industrial oxygen sensors offer robust, long-life performance for demanding manufacturing and process environments.\" \/>\n<meta name=\"robots\" content=\"index, follow, max-snippet:-1, max-image-preview:large, max-video-preview:-1\" \/>\n<link rel=\"canonical\" href=\"https:\/\/sso2.com\/vi\/industrial-oxygen-sensors\/\" \/>\n<meta property=\"og:locale\" content=\"vi_VN\" \/>\n<meta property=\"og:type\" content=\"article\" \/>\n<meta property=\"og:title\" content=\"Industrial Oxygen Sensors\" \/>\n<meta property=\"og:description\" content=\"SSO2 industrial oxygen sensors offer robust, long-life performance for demanding manufacturing and process environments.\" \/>\n<meta property=\"og:url\" content=\"https:\/\/sso2.com\/vi\/industrial-oxygen-sensors\/\" \/>\n<meta property=\"og:site_name\" content=\"Southland Sensing Ltd.\" \/>\n<meta property=\"article:modified_time\" content=\"2025-10-10T17:51:06+00:00\" \/>\n<meta property=\"og:image\" content=\"https:\/\/sso2.com\/wp-content\/uploads\/2025\/01\/to2-1x.png\" \/>\n<meta name=\"twitter:card\" content=\"summary_large_image\" \/>\n<meta name=\"twitter:label1\" content=\"\u01af\u1edbc t\u00ednh th\u1eddi gian \u0111\u1ecdc\" \/>\n\t<meta name=\"twitter:data1\" content=\"1 ph\u00fat\" \/>\n<script type=\"application\/ld+json\" class=\"yoast-schema-graph\">{\"@context\":\"https:\/\/schema.org\",\"@graph\":[{\"@type\":\"WebPage\",\"@id\":\"https:\/\/sso2.com\/industrial-oxygen-sensors\/\",\"url\":\"https:\/\/sso2.com\/industrial-oxygen-sensors\/\",\"name\":\"Industrial Oxygen Sensors | O\u2082 Sensors for Harsh Enviromint\",\"isPartOf\":{\"@id\":\"https:\/\/sso2.com\/#website\"},\"primaryImageOfPage\":{\"@id\":\"https:\/\/sso2.com\/industrial-oxygen-sensors\/#primaryimage\"},\"image\":{\"@id\":\"https:\/\/sso2.com\/industrial-oxygen-sensors\/#primaryimage\"},\"thumbnailUrl\":\"https:\/\/sso2.com\/wp-content\/uploads\/2025\/01\/to2-1x.png\",\"datePublished\":\"2019-04-03T03:54:25+00:00\",\"dateModified\":\"2025-10-10T17:51:06+00:00\",\"description\":\"SSO2 industrial oxygen sensors offer robust, long-life performance for demanding manufacturing and process environments.\",\"breadcrumb\":{\"@id\":\"https:\/\/sso2.com\/industrial-oxygen-sensors\/#breadcrumb\"},\"inLanguage\":\"vi\",\"potentialAction\":[{\"@type\":\"ReadAction\",\"target\":[\"https:\/\/sso2.com\/industrial-oxygen-sensors\/\"]}]},{\"@type\":\"ImageObject\",\"inLanguage\":\"vi\",\"@id\":\"https:\/\/sso2.com\/industrial-oxygen-sensors\/#primaryimage\",\"url\":\"https:\/\/sso2.com\/wp-content\/uploads\/2025\/01\/to2-1x.png\",\"contentUrl\":\"https:\/\/sso2.com\/wp-content\/uploads\/2025\/01\/to2-1x.png\"},{\"@type\":\"BreadcrumbList\",\"@id\":\"https:\/\/sso2.com\/industrial-oxygen-sensors\/#breadcrumb\",\"itemListElement\":[{\"@type\":\"ListItem\",\"position\":1,\"name\":\"Home\",\"item\":\"https:\/\/sso2.com\/en\/\"},{\"@type\":\"ListItem\",\"position\":2,\"name\":\"Industrial Oxygen Sensors\"}]},{\"@type\":\"WebSite\",\"@id\":\"https:\/\/sso2.com\/#website\",\"url\":\"https:\/\/sso2.com\/\",\"name\":\"Southland Sensing Ltd.\",\"description\":\"Industrial &amp; Medical Gas Analyzers Oxygen CO\u2082, &amp; H\u2082 Monitors\",\"publisher\":{\"@id\":\"https:\/\/sso2.com\/#organization\"},\"alternateName\":\"SSO2\",\"potentialAction\":[{\"@type\":\"SearchAction\",\"target\":{\"@type\":\"EntryPoint\",\"urlTemplate\":\"https:\/\/sso2.com\/?s={search_term_string}\"},\"query-input\":{\"@type\":\"PropertyValueSpecification\",\"valueRequired\":true,\"valueName\":\"search_term_string\"}}],\"inLanguage\":\"vi\"},{\"@type\":\"Organization\",\"@id\":\"https:\/\/sso2.com\/#organization\",\"name\":\"Southland Sensing Ltd.\",\"alternateName\":\"SSO2\",\"url\":\"https:\/\/sso2.com\/\",\"logo\":{\"@type\":\"ImageObject\",\"inLanguage\":\"vi\",\"@id\":\"https:\/\/sso2.com\/#\/schema\/logo\/image\/\",\"url\":\"https:\/\/sso2.com\/wp-content\/uploads\/2025\/10\/sso2_300pixel.webp\",\"contentUrl\":\"https:\/\/sso2.com\/wp-content\/uploads\/2025\/10\/sso2_300pixel.webp\",\"width\":300,\"height\":50,\"caption\":\"Southland Sensing Ltd.\"},\"image\":{\"@id\":\"https:\/\/sso2.com\/#\/schema\/logo\/image\/\"},\"sameAs\":[\"https:\/\/www.linkedin.com\/company\/southland-sensing-ltd\/\"],\"description\":\"Southland Sensing Ltd. brings together superior performance, an improved user experience, and unmatched application expertise to deliver an accurate and reliable measurement solution. That\u2019s why multinationals, small companies and universities alike turn to us again and again.\",\"email\":\"sales@sso2.com\",\"telephone\":\"1-949-398-2879\",\"legalName\":\"Southland Sensing Ltd.\",\"foundingDate\":\"2013-01-01\",\"numberOfEmployees\":{\"@type\":\"QuantitativeValue\",\"minValue\":\"11\",\"maxValue\":\"50\"},\"publishingPrinciples\":\"https:\/\/sso2.com\/contact-us\/\",\"ownershipFundingInfo\":\"https:\/\/sso2.com\/about-us\/\",\"actionableFeedbackPolicy\":\"https:\/\/sso2.com\/contact-us\/\"}]}<\/script>\n<!-- \/ Yoast SEO Premium plugin. -->","yoast_head_json":{"title":"C\u1ea3m bi\u1ebfn oxy c\u00f4ng nghi\u1ec7p | C\u1ea3m bi\u1ebfn O\u2082 cho m\u00f4i tr\u01b0\u1eddng kh\u1eafc nghi\u1ec7t","description":"C\u1ea3m bi\u1ebfn oxy c\u00f4ng nghi\u1ec7p SSO2 mang l\u1ea1i hi\u1ec7u su\u1ea5t m\u1ea1nh m\u1ebd, tu\u1ed5i th\u1ecd cao cho c\u00e1c m\u00f4i tr\u01b0\u1eddng s\u1ea3n xu\u1ea5t v\u00e0 ch\u1ebf bi\u1ebfn \u0111\u00f2i h\u1ecfi kh\u1eaft khe.","robots":{"index":"index","follow":"follow","max-snippet":"max-snippet:-1","max-image-preview":"max-image-preview:large","max-video-preview":"max-video-preview:-1"},"canonical":"https:\/\/sso2.com\/vi\/industrial-oxygen-sensors\/","og_locale":"vi_VN","og_type":"article","og_title":"Industrial Oxygen Sensors","og_description":"SSO2 industrial oxygen sensors offer robust, long-life performance for demanding manufacturing and process environments.","og_url":"https:\/\/sso2.com\/vi\/industrial-oxygen-sensors\/","og_site_name":"Southland Sensing Ltd.","article_modified_time":"2025-10-10T17:51:06+00:00","og_image":[{"url":"https:\/\/sso2.com\/wp-content\/uploads\/2025\/01\/to2-1x.png","type":"","width":"","height":""}],"twitter_card":"summary_large_image","twitter_misc":{"\u01af\u1edbc t\u00ednh th\u1eddi gian \u0111\u1ecdc":"1 ph\u00fat"},"schema":{"@context":"https:\/\/schema.org","@graph":[{"@type":"WebPage","@id":"https:\/\/sso2.com\/industrial-oxygen-sensors\/","url":"https:\/\/sso2.com\/industrial-oxygen-sensors\/","name":"C\u1ea3m bi\u1ebfn oxy c\u00f4ng nghi\u1ec7p | C\u1ea3m bi\u1ebfn O\u2082 cho m\u00f4i tr\u01b0\u1eddng kh\u1eafc nghi\u1ec7t","isPartOf":{"@id":"https:\/\/sso2.com\/#website"},"primaryImageOfPage":{"@id":"https:\/\/sso2.com\/industrial-oxygen-sensors\/#primaryimage"},"image":{"@id":"https:\/\/sso2.com\/industrial-oxygen-sensors\/#primaryimage"},"thumbnailUrl":"https:\/\/sso2.com\/wp-content\/uploads\/2025\/01\/to2-1x.png","datePublished":"2019-04-03T03:54:25+00:00","dateModified":"2025-10-10T17:51:06+00:00","description":"C\u1ea3m bi\u1ebfn oxy c\u00f4ng nghi\u1ec7p SSO2 mang l\u1ea1i hi\u1ec7u su\u1ea5t m\u1ea1nh m\u1ebd, tu\u1ed5i th\u1ecd cao cho c\u00e1c m\u00f4i tr\u01b0\u1eddng s\u1ea3n xu\u1ea5t v\u00e0 ch\u1ebf bi\u1ebfn \u0111\u00f2i h\u1ecfi kh\u1eaft khe.","breadcrumb":{"@id":"https:\/\/sso2.com\/industrial-oxygen-sensors\/#breadcrumb"},"inLanguage":"vi","potentialAction":[{"@type":"ReadAction","target":["https:\/\/sso2.com\/industrial-oxygen-sensors\/"]}]},{"@type":"ImageObject","inLanguage":"vi","@id":"https:\/\/sso2.com\/industrial-oxygen-sensors\/#primaryimage","url":"https:\/\/sso2.com\/wp-content\/uploads\/2025\/01\/to2-1x.png","contentUrl":"https:\/\/sso2.com\/wp-content\/uploads\/2025\/01\/to2-1x.png"},{"@type":"BreadcrumbList","@id":"https:\/\/sso2.com\/industrial-oxygen-sensors\/#breadcrumb","itemListElement":[{"@type":"ListItem","position":1,"name":"Home","item":"https:\/\/sso2.com\/en\/"},{"@type":"ListItem","position":2,"name":"Industrial Oxygen Sensors"}]},{"@type":"WebSite","@id":"https:\/\/sso2.com\/#website","url":"https:\/\/sso2.com\/","name":"C\u00f4ng ty TNHH Southland Sensing.","description":"Industrial &amp; Medical Gas Analyzers Oxygen CO\u2082, &amp; H\u2082 Monitors","publisher":{"@id":"https:\/\/sso2.com\/#organization"},"alternateName":"SSO2","potentialAction":[{"@type":"SearchAction","target":{"@type":"EntryPoint","urlTemplate":"https:\/\/sso2.com\/?s={search_term_string}"},"query-input":{"@type":"PropertyValueSpecification","valueRequired":true,"valueName":"search_term_string"}}],"inLanguage":"vi"},{"@type":"Organization","@id":"https:\/\/sso2.com\/#organization","name":"C\u00f4ng ty TNHH Southland Sensing.","alternateName":"SSO2","url":"https:\/\/sso2.com\/","logo":{"@type":"ImageObject","inLanguage":"vi","@id":"https:\/\/sso2.com\/#\/schema\/logo\/image\/","url":"https:\/\/sso2.com\/wp-content\/uploads\/2025\/10\/sso2_300pixel.webp","contentUrl":"https:\/\/sso2.com\/wp-content\/uploads\/2025\/10\/sso2_300pixel.webp","width":300,"height":50,"caption":"Southland Sensing Ltd."},"image":{"@id":"https:\/\/sso2.com\/#\/schema\/logo\/image\/"},"sameAs":["https:\/\/www.linkedin.com\/company\/southland-sensing-ltd\/"],"description":"Southland Sensing Ltd. brings together superior performance, an improved user experience, and unmatched application expertise to deliver an accurate and reliable measurement solution. That\u2019s why multinationals, small companies and universities alike turn to us again and again.","email":"sales@sso2.com","telephone":"1-949-398-2879","legalName":"Southland Sensing Ltd.","foundingDate":"2013-01-01","numberOfEmployees":{"@type":"QuantitativeValue","minValue":"11","maxValue":"50"},"publishingPrinciples":"https:\/\/sso2.com\/contact-us\/","ownershipFundingInfo":"https:\/\/sso2.com\/about-us\/","actionableFeedbackPolicy":"https:\/\/sso2.com\/contact-us\/"}]}},"jetpack_sharing_enabled":true,"jetpack_shortlink":"https:\/\/wp.me\/PaSzwI-7P","_links":{"self":[{"href":"https:\/\/sso2.com\/vi\/wp-json\/wp\/v2\/pages\/485","targetHints":{"allow":["GET"]}}],"collection":[{"href":"https:\/\/sso2.com\/vi\/wp-json\/wp\/v2\/pages"}],"about":[{"href":"https:\/\/sso2.com\/vi\/wp-json\/wp\/v2\/types\/page"}],"author":[{"embeddable":true,"href":"https:\/\/sso2.com\/vi\/wp-json\/wp\/v2\/users\/6"}],"replies":[{"embeddable":true,"href":"https:\/\/sso2.com\/vi\/wp-json\/wp\/v2\/comments?post=485"}],"version-history":[{"count":0,"href":"https:\/\/sso2.com\/vi\/wp-json\/wp\/v2\/pages\/485\/revisions"}],"wp:attachment":[{"href":"https:\/\/sso2.com\/vi\/wp-json\/wp\/v2\/media?parent=485"}],"curies":[{"name":"wp","href":"https:\/\/api.w.org\/{rel}","templated":true}]}}