{"id":3614,"date":"2025-04-25T00:40:50","date_gmt":"2025-04-25T00:40:50","guid":{"rendered":"https:\/\/sso2.com\/?page_id=3614"},"modified":"2025-11-19T18:13:41","modified_gmt":"2025-11-19T18:13:41","slug":"middle-east-and-africa","status":"publish","type":"page","link":"https:\/\/sso2.com\/vi\/middle-east-and-africa\/","title":{"rendered":"Trung \u0110\u00f4ng v\u00e0 Ch\u00e2u Phi"},"content":{"rendered":"<!-- Added by Post\/Page Specific Custom Code plugin, thank you for using! -->\n<style>h1 {\r\ncolor: #fff !important; \r\n}<\/style>\n\t\t<div data-elementor-type=\"wp-page\" data-elementor-id=\"3614\" class=\"elementor elementor-3614\" data-elementor-post-type=\"page\">\n\t\t\t\t<div class=\"elementor-element elementor-element-387dd23b e-flex e-con-boxed e-con e-parent\" data-id=\"387dd23b\" data-element_type=\"container\" data-e-type=\"container\">\n\t\t\t\t\t<div class=\"e-con-inner\">\n\t\t\t\t<div class=\"elementor-element elementor-element-21a029b5 elementor-widget elementor-widget-text-editor\" data-id=\"21a029b5\" data-element_type=\"widget\" data-e-type=\"widget\" data-widget_type=\"text-editor.default\">\n\t\t\t\t<div class=\"elementor-widget-container\">\n\t\t\t\t\t\t\t\t\t<div class=\"map_wrapper\" id=\"map_wrapper_3663\">\n<div class=\"map_box\" style=\"max-width:2000px\">\n<div class=\"map_aspect_ratio\" style=\"padding-top:56%\" data-padding-top=\"56%\" data-padding-top-mobile=\"0%\">\n<div class=\"map_container\">\n<div class=\"map_render map_loading\" id=\"map_3663\"><\/div>\n<\/div>\n<\/div>\n<\/div>\n<\/div>\r\n\r\n\n<table id=\"tablepress-22\" class=\"tablepress tablepress-id-22\">\n<thead>\n<tr class=\"row-1\">\n\t<th class=\"column-1\">Qu\u1ed1c gia<\/th><th class=\"column-2\">Nh\u00e0 ph\u00e2n ph\u1ed1i<\/th><td class=\"column-3\"><\/td>\n<\/tr>\n<\/thead>\n<tbody class=\"row-striping row-hover\">\n<tr class=\"row-2\">\n\t<td class=\"column-1\">Israel<\/td><td class=\"column-2\"><a href=\"http:\/\/www.inpc.co.il\">C\u00f4ng ty TNHH IN.P.C. 1982<\/a><br \/>\n8 \u0110\u01b0\u1eddng Ha Zarhan,<br \/>\nKiryat Gat, 8211001, Israel<br \/>\n\u0110i\u1ec7n tho\u1ea1i: +972 8 6677955<br \/>\nEmail: <a href=\"mailto:sales@inpc.co.il\">sales@inpc.co.il<\/a><br \/>\n<\/td><td class=\"column-3\"><br><center><img data-recalc-dims=\"1\" decoding=\"async\" src=\"https:\/\/i0.wp.com\/sso2.com\/wp-content\/uploads\/2025\/10\/inpc-logo-slogen.webp?w=800&#038;ssl=1\" ><\/center><\/td>\n<\/tr>\n<tr class=\"row-3\">\n\t<td class=\"column-1\">C\u00e1c Ti\u1ec3u v\u01b0\u01a1ng qu\u1ed1c \u1ea2 R\u1eadp Th\u1ed1ng nh\u1ea5t<br \/>\n<\/td><td class=\"column-2\"><a href=\"http:\/\/www.zahratliwa.org\">C\u00f4ng ty TNHH Th\u01b0\u01a1ng m\u1ea1i Thi\u1ebft b\u1ecb \u0110i\u1ec7n Zahrat Liwa<\/a><br \/>\nLi\u00ean h\u1ec7: Manuel Asirvatham             <br \/>\n\u0110\u01b0\u1eddng Khalpa, Khu c\u00f4ng nghi\u1ec7p s\u1ed1 17         <br \/>\nSharjah, C\u00e1c Ti\u1ec3u v\u01b0\u01a1ng qu\u1ed1c \u1ea2 R\u1eadp Th\u1ed1ng nh\u1ea5t (UAE)                                   <br \/>\nS\u1ed1 \u0111i\u1ec7n tho\u1ea1i: 971-52-7504381 <br \/>\nEmail: <a href=\"mailto:zahrat@zahratliwa.com\">zahrat@zahratliwa.com<\/a> <br \/>\n<\/td><td class=\"column-3\"><br><center><img data-recalc-dims=\"1\" decoding=\"async\" src=\"https:\/\/i0.wp.com\/sso2.com\/wp-content\/uploads\/2025\/05\/zahrat-1.png?w=800&#038;ssl=1\"><\/center><\/td>\n<\/tr>\n<\/tbody>\n<\/table>\n<!-- #tablepress-22 from cache -->\t\t\t\t\t\t\t\t<\/div>\n\t\t\t\t<\/div>\n\t\t\t\t\t<\/div>\n\t\t\t\t<\/div>\n\t\t\t\t<\/div>","protected":false},"excerpt":{"rendered":"","protected":false},"author":6,"featured_media":0,"parent":0,"menu_order":0,"comment_status":"closed","ping_status":"closed","template":"","meta":{"footnotes":""},"class_list":["post-3614","page","type-page","status-publish","hentry"],"yoast_head":"<!-- This site is optimized with the Yoast SEO Premium plugin v27.2 (Yoast SEO v27.2) - https:\/\/yoast.com\/product\/yoast-seo-premium-wordpress\/ -->\n<title>Middle East &amp; Africa Industrial Gas &amp; Oxygen Monitoring<\/title>\n<meta name=\"description\" content=\"Advanced oxygen sensors, O\u2082 analyzers, and depletion\/deficiency monitors for industrial applications across the Middle East and Africa, ensuring safety and efficiency.\" \/>\n<meta name=\"robots\" content=\"index, follow, max-snippet:-1, max-image-preview:large, max-video-preview:-1\" \/>\n<link rel=\"canonical\" href=\"https:\/\/sso2.com\/vi\/middle-east-and-africa\/\" \/>\n<meta property=\"og:locale\" content=\"vi_VN\" \/>\n<meta property=\"og:type\" content=\"article\" \/>\n<meta property=\"og:title\" content=\"Middle East and Africa\" \/>\n<meta property=\"og:description\" content=\"Advanced oxygen sensors, O\u2082 analyzers, and depletion\/deficiency monitors for industrial applications across the Middle East and Africa, ensuring safety and efficiency.\" \/>\n<meta property=\"og:url\" content=\"https:\/\/sso2.com\/vi\/middle-east-and-africa\/\" \/>\n<meta property=\"og:site_name\" content=\"Southland Sensing Ltd.\" \/>\n<meta property=\"article:modified_time\" content=\"2025-11-19T18:13:41+00:00\" \/>\n<meta property=\"og:image\" content=\"https:\/\/i0.wp.com\/sso2.com\/wp-content\/uploads\/2025\/02\/omd-21.png?fit=1290%2C1158&ssl=1\" \/>\n\t<meta property=\"og:image:width\" content=\"1290\" \/>\n\t<meta property=\"og:image:height\" content=\"1158\" \/>\n\t<meta property=\"og:image:type\" content=\"image\/png\" \/>\n<meta name=\"twitter:card\" content=\"summary_large_image\" \/>\n<meta name=\"twitter:label1\" content=\"\u01af\u1edbc t\u00ednh th\u1eddi gian \u0111\u1ecdc\" \/>\n\t<meta name=\"twitter:data1\" content=\"1 ph\u00fat\" \/>\n<script type=\"application\/ld+json\" class=\"yoast-schema-graph\">{\"@context\":\"https:\/\/schema.org\",\"@graph\":[{\"@type\":\"WebPage\",\"@id\":\"https:\/\/sso2.com\/middle-east-and-africa\/\",\"url\":\"https:\/\/sso2.com\/middle-east-and-africa\/\",\"name\":\"Middle East & Africa Industrial Gas & Oxygen Monitoring\",\"isPartOf\":{\"@id\":\"https:\/\/sso2.com\/#website\"},\"datePublished\":\"2025-04-25T00:40:50+00:00\",\"dateModified\":\"2025-11-19T18:13:41+00:00\",\"description\":\"Advanced oxygen sensors, O\u2082 analyzers, and depletion\/deficiency monitors for industrial applications across the Middle East and Africa, ensuring safety and efficiency.\",\"breadcrumb\":{\"@id\":\"https:\/\/sso2.com\/middle-east-and-africa\/#breadcrumb\"},\"inLanguage\":\"vi\",\"potentialAction\":[{\"@type\":\"ReadAction\",\"target\":[\"https:\/\/sso2.com\/middle-east-and-africa\/\"]}]},{\"@type\":\"BreadcrumbList\",\"@id\":\"https:\/\/sso2.com\/middle-east-and-africa\/#breadcrumb\",\"itemListElement\":[{\"@type\":\"ListItem\",\"position\":1,\"name\":\"Home\",\"item\":\"https:\/\/sso2.com\/en\/\"},{\"@type\":\"ListItem\",\"position\":2,\"name\":\"Middle East and Africa\"}]},{\"@type\":\"WebSite\",\"@id\":\"https:\/\/sso2.com\/#website\",\"url\":\"https:\/\/sso2.com\/\",\"name\":\"Southland Sensing Ltd.\",\"description\":\"Industrial &amp; Medical Gas Analyzers Oxygen CO\u2082, &amp; H\u2082 Monitors\",\"publisher\":{\"@id\":\"https:\/\/sso2.com\/#organization\"},\"alternateName\":\"SSO2\",\"potentialAction\":[{\"@type\":\"SearchAction\",\"target\":{\"@type\":\"EntryPoint\",\"urlTemplate\":\"https:\/\/sso2.com\/?s={search_term_string}\"},\"query-input\":{\"@type\":\"PropertyValueSpecification\",\"valueRequired\":true,\"valueName\":\"search_term_string\"}}],\"inLanguage\":\"vi\"},{\"@type\":\"Organization\",\"@id\":\"https:\/\/sso2.com\/#organization\",\"name\":\"Southland Sensing Ltd.\",\"alternateName\":\"SSO2\",\"url\":\"https:\/\/sso2.com\/\",\"logo\":{\"@type\":\"ImageObject\",\"inLanguage\":\"vi\",\"@id\":\"https:\/\/sso2.com\/#\/schema\/logo\/image\/\",\"url\":\"https:\/\/sso2.com\/wp-content\/uploads\/2025\/10\/sso2_300pixel.webp\",\"contentUrl\":\"https:\/\/sso2.com\/wp-content\/uploads\/2025\/10\/sso2_300pixel.webp\",\"width\":300,\"height\":50,\"caption\":\"Southland Sensing Ltd.\"},\"image\":{\"@id\":\"https:\/\/sso2.com\/#\/schema\/logo\/image\/\"},\"sameAs\":[\"https:\/\/www.linkedin.com\/company\/southland-sensing-ltd\/\"],\"description\":\"Southland Sensing Ltd. brings together superior performance, an improved user experience, and unmatched application expertise to deliver an accurate and reliable measurement solution. That\u2019s why multinationals, small companies and universities alike turn to us again and again.\",\"email\":\"sales@sso2.com\",\"telephone\":\"1-949-398-2879\",\"legalName\":\"Southland Sensing Ltd.\",\"foundingDate\":\"2013-01-01\",\"numberOfEmployees\":{\"@type\":\"QuantitativeValue\",\"minValue\":\"11\",\"maxValue\":\"50\"},\"publishingPrinciples\":\"https:\/\/sso2.com\/contact-us\/\",\"ownershipFundingInfo\":\"https:\/\/sso2.com\/about-us\/\",\"actionableFeedbackPolicy\":\"https:\/\/sso2.com\/contact-us\/\"}]}<\/script>\n<!-- \/ Yoast SEO Premium plugin. -->","yoast_head_json":{"title":"Middle East & Africa Industrial Gas & Oxygen Monitoring","description":"Advanced oxygen sensors, O\u2082 analyzers, and depletion\/deficiency monitors for industrial applications across the Middle East and Africa, ensuring safety and efficiency.","robots":{"index":"index","follow":"follow","max-snippet":"max-snippet:-1","max-image-preview":"max-image-preview:large","max-video-preview":"max-video-preview:-1"},"canonical":"https:\/\/sso2.com\/vi\/middle-east-and-africa\/","og_locale":"vi_VN","og_type":"article","og_title":"Middle East and Africa","og_description":"Advanced oxygen sensors, O\u2082 analyzers, and depletion\/deficiency monitors for industrial applications across the Middle East and Africa, ensuring safety and efficiency.","og_url":"https:\/\/sso2.com\/vi\/middle-east-and-africa\/","og_site_name":"Southland Sensing Ltd.","article_modified_time":"2025-11-19T18:13:41+00:00","og_image":[{"width":1290,"height":1158,"url":"https:\/\/i0.wp.com\/sso2.com\/wp-content\/uploads\/2025\/02\/omd-21.png?fit=1290%2C1158&ssl=1","type":"image\/png"}],"twitter_card":"summary_large_image","twitter_misc":{"\u01af\u1edbc t\u00ednh th\u1eddi gian \u0111\u1ecdc":"1 ph\u00fat"},"schema":{"@context":"https:\/\/schema.org","@graph":[{"@type":"WebPage","@id":"https:\/\/sso2.com\/middle-east-and-africa\/","url":"https:\/\/sso2.com\/middle-east-and-africa\/","name":"Middle East & Africa Industrial Gas & Oxygen Monitoring","isPartOf":{"@id":"https:\/\/sso2.com\/#website"},"datePublished":"2025-04-25T00:40:50+00:00","dateModified":"2025-11-19T18:13:41+00:00","description":"Advanced oxygen sensors, O\u2082 analyzers, and depletion\/deficiency monitors for industrial applications across the Middle East and Africa, ensuring safety and efficiency.","breadcrumb":{"@id":"https:\/\/sso2.com\/middle-east-and-africa\/#breadcrumb"},"inLanguage":"vi","potentialAction":[{"@type":"ReadAction","target":["https:\/\/sso2.com\/middle-east-and-africa\/"]}]},{"@type":"BreadcrumbList","@id":"https:\/\/sso2.com\/middle-east-and-africa\/#breadcrumb","itemListElement":[{"@type":"ListItem","position":1,"name":"Home","item":"https:\/\/sso2.com\/en\/"},{"@type":"ListItem","position":2,"name":"Middle East and Africa"}]},{"@type":"WebSite","@id":"https:\/\/sso2.com\/#website","url":"https:\/\/sso2.com\/","name":"C\u00f4ng ty TNHH Southland Sensing.","description":"Industrial &amp; Medical Gas Analyzers Oxygen CO\u2082, &amp; H\u2082 Monitors","publisher":{"@id":"https:\/\/sso2.com\/#organization"},"alternateName":"SSO2","potentialAction":[{"@type":"SearchAction","target":{"@type":"EntryPoint","urlTemplate":"https:\/\/sso2.com\/?s={search_term_string}"},"query-input":{"@type":"PropertyValueSpecification","valueRequired":true,"valueName":"search_term_string"}}],"inLanguage":"vi"},{"@type":"Organization","@id":"https:\/\/sso2.com\/#organization","name":"C\u00f4ng ty TNHH Southland Sensing.","alternateName":"SSO2","url":"https:\/\/sso2.com\/","logo":{"@type":"ImageObject","inLanguage":"vi","@id":"https:\/\/sso2.com\/#\/schema\/logo\/image\/","url":"https:\/\/sso2.com\/wp-content\/uploads\/2025\/10\/sso2_300pixel.webp","contentUrl":"https:\/\/sso2.com\/wp-content\/uploads\/2025\/10\/sso2_300pixel.webp","width":300,"height":50,"caption":"Southland Sensing Ltd."},"image":{"@id":"https:\/\/sso2.com\/#\/schema\/logo\/image\/"},"sameAs":["https:\/\/www.linkedin.com\/company\/southland-sensing-ltd\/"],"description":"Southland Sensing Ltd. brings together superior performance, an improved user experience, and unmatched application expertise to deliver an accurate and reliable measurement solution. That\u2019s why multinationals, small companies and universities alike turn to us again and again.","email":"sales@sso2.com","telephone":"1-949-398-2879","legalName":"Southland Sensing Ltd.","foundingDate":"2013-01-01","numberOfEmployees":{"@type":"QuantitativeValue","minValue":"11","maxValue":"50"},"publishingPrinciples":"https:\/\/sso2.com\/contact-us\/","ownershipFundingInfo":"https:\/\/sso2.com\/about-us\/","actionableFeedbackPolicy":"https:\/\/sso2.com\/contact-us\/"}]}},"jetpack_sharing_enabled":true,"jetpack_shortlink":"https:\/\/wp.me\/PaSzwI-Wi","_links":{"self":[{"href":"https:\/\/sso2.com\/vi\/wp-json\/wp\/v2\/pages\/3614","targetHints":{"allow":["GET"]}}],"collection":[{"href":"https:\/\/sso2.com\/vi\/wp-json\/wp\/v2\/pages"}],"about":[{"href":"https:\/\/sso2.com\/vi\/wp-json\/wp\/v2\/types\/page"}],"author":[{"embeddable":true,"href":"https:\/\/sso2.com\/vi\/wp-json\/wp\/v2\/users\/6"}],"replies":[{"embeddable":true,"href":"https:\/\/sso2.com\/vi\/wp-json\/wp\/v2\/comments?post=3614"}],"version-history":[{"count":0,"href":"https:\/\/sso2.com\/vi\/wp-json\/wp\/v2\/pages\/3614\/revisions"}],"wp:attachment":[{"href":"https:\/\/sso2.com\/vi\/wp-json\/wp\/v2\/media?parent=3614"}],"curies":[{"name":"wp","href":"https:\/\/api.w.org\/{rel}","templated":true}]}}