{"id":1377,"date":"2021-03-17T23:04:07","date_gmt":"2021-03-17T23:04:07","guid":{"rendered":"https:\/\/sso2.com\/?page_id=1377"},"modified":"2025-11-29T13:28:19","modified_gmt":"2025-11-29T13:28:19","slug":"confined-space-monitoring","status":"publish","type":"page","link":"https:\/\/sso2.com\/vi\/application-notes\/confined-space-monitoring\/","title":{"rendered":"Gi\u00e1m s\u00e1t kh\u00f4ng gian h\u1ea1n ch\u1ebf"},"content":{"rendered":"<div data-elementor-type=\"wp-page\" data-elementor-id=\"1377\" class=\"elementor elementor-1377\" data-elementor-post-type=\"page\">\n\t\t\t\t<div class=\"elementor-element elementor-element-1fe0608f e-flex e-con-boxed e-con e-parent\" data-id=\"1fe0608f\" data-element_type=\"container\" data-e-type=\"container\">\n\t\t\t\t\t<div class=\"e-con-inner\">\n\t\t\t\t<div class=\"elementor-element elementor-element-5f9532e7 elementor-widget elementor-widget-text-editor\" data-id=\"5f9532e7\" data-element_type=\"widget\" data-e-type=\"widget\" data-widget_type=\"text-editor.default\">\n\t\t\t\t<div class=\"elementor-widget-container\">\n\t\t\t\t\t\t\t\t\t<p>The ability to reliably measure oxygen concentration in ambient air and provide warning when it dips below safe levels is extremely important for personnel safety in industrial environments, especially when confined spaces are involved. Oxygen concentration in normal ambient air is approximately 20.9%. When the oxygen concentration in air drops to 19.5%, it is considered by OSHA to be oxygen deficient, and at 16% or below it is considered unsafe for humans and may be lethal. \u00a0Oxygen deficiency is particularly dangerous as humans are unable to sense it on their own, and many inert gases that displace oxygen are odorless, tasteless, and invisible.<\/p><p>Common reasons for oxygen deficiency in confined spaces include oxidation of metals, combustion during welding and cutting, and displacement of oxygen by an inert gas. Additionally, poor ventilation can lead to oxygen deficiency in areas such as silos, process plant vessels, and large tanks. Confined spaces are especially dangerous as they can be difficult to escape quickly, and the small volume of oxygen can be displaced or used up much faster than in open spaces.<\/p><p>Fixed oxygen monitoring offers a convenient, lower cost, and reliable alternative to portable monitors. We manufacture a line of fixed ambient air monitors for both <a href=\"https:\/\/sso2.com\/vi\/san-pham\/ambient-air-oxygen-analyzer\/\">oxygen<\/a> as well as a <a href=\"https:\/\/sso2.com\/vi\/san-pham\/ambient-air-oxygen-analyzer-carbon-dioxide-analyzer\/\">dual O2 &amp; CO2<\/a> analyzer in the form of our <a href=\"https:\/\/sso2.com\/vi\/cac-thiet-bi-giam-sat-khong-khi-xung-quanh\/\">OMD-351<\/a> series utilizing our state-of-the-art precision electrochemical sensor technology. They feature a real-time oxygen concentration display, an audible alarm, two configurable non-latching form C alarm contacts, visual LED alarms, and an integrated battery backup to ensure safety even in the event of a power failure. The OMD-351\u2019s small footprint (9.5\u201dx6.5\u201dx3.8\u201d) and wall mountable aluminum enclosure allows it to easily fit into even relatively confined spaces.<\/p>\t\t\t\t\t\t\t\t<\/div>\n\t\t\t\t<\/div>\n\t\t\t\t\t<\/div>\n\t\t\t\t<\/div>\n\t\t\t\t<\/div>","protected":false},"excerpt":{"rendered":"<p>The ability to reliably measure oxygen concentration in ambient air and provide warning when it dips below safe levels is extremely important for personnel safety in industrial environments, especially when confined spaces are involved. Oxygen concentration in normal ambient air is approximately 20.9%. When the oxygen concentration in air drops to 19.5%, it is considered [&hellip;]<\/p>\n","protected":false},"author":6,"featured_media":0,"parent":388,"menu_order":0,"comment_status":"closed","ping_status":"closed","template":"","meta":{"footnotes":""},"class_list":["post-1377","page","type-page","status-publish","hentry"],"yoast_head":"<!-- This site is optimized with the Yoast SEO Premium plugin v27.2 (Yoast SEO v27.2) - https:\/\/yoast.com\/product\/yoast-seo-premium-wordpress\/ -->\n<title>Confined Space Monitoring | Oxygen &amp; O\u2082 Safety Sensors<\/title>\n<meta name=\"description\" content=\"Ensure worker safety with confined space monitoring solutions. Includes oxygen sensors, O\u2082 analyzers, depletion and deficiency monitors for hazardous areas.\" \/>\n<meta name=\"robots\" content=\"index, follow, max-snippet:-1, max-image-preview:large, max-video-preview:-1\" \/>\n<link rel=\"canonical\" href=\"https:\/\/sso2.com\/vi\/application-notes\/confined-space-monitoring\/\" \/>\n<meta property=\"og:locale\" content=\"vi_VN\" \/>\n<meta property=\"og:type\" content=\"article\" \/>\n<meta property=\"og:title\" content=\"Confined Space Monitoring\" \/>\n<meta property=\"og:description\" content=\"Ensure worker safety with confined space monitoring solutions. Includes oxygen sensors, O\u2082 analyzers, depletion and deficiency monitors for hazardous areas.\" \/>\n<meta property=\"og:url\" content=\"https:\/\/sso2.com\/vi\/application-notes\/confined-space-monitoring\/\" \/>\n<meta property=\"og:site_name\" content=\"Southland Sensing Ltd.\" \/>\n<meta property=\"article:modified_time\" content=\"2025-11-29T13:28:19+00:00\" \/>\n<meta property=\"og:image\" content=\"https:\/\/i0.wp.com\/sso2.com\/wp-content\/uploads\/2025\/02\/omd-21.png?fit=1290%2C1158&ssl=1\" \/>\n\t<meta property=\"og:image:width\" content=\"1290\" \/>\n\t<meta property=\"og:image:height\" content=\"1158\" \/>\n\t<meta property=\"og:image:type\" content=\"image\/png\" \/>\n<meta name=\"twitter:card\" content=\"summary_large_image\" \/>\n<meta name=\"twitter:label1\" content=\"\u01af\u1edbc t\u00ednh th\u1eddi gian \u0111\u1ecdc\" \/>\n\t<meta name=\"twitter:data1\" content=\"2 ph\u00fat\" \/>\n<script type=\"application\/ld+json\" class=\"yoast-schema-graph\">{\"@context\":\"https:\/\/schema.org\",\"@graph\":[{\"@type\":\"WebPage\",\"@id\":\"https:\/\/sso2.com\/application-notes\/confined-space-monitoring\/\",\"url\":\"https:\/\/sso2.com\/application-notes\/confined-space-monitoring\/\",\"name\":\"Confined Space Monitoring | Oxygen & O\u2082 Safety Sensors\",\"isPartOf\":{\"@id\":\"https:\/\/sso2.com\/#website\"},\"datePublished\":\"2021-03-17T23:04:07+00:00\",\"dateModified\":\"2025-11-29T13:28:19+00:00\",\"description\":\"Ensure worker safety with confined space monitoring solutions. Includes oxygen sensors, O\u2082 analyzers, depletion and deficiency monitors for hazardous areas.\",\"breadcrumb\":{\"@id\":\"https:\/\/sso2.com\/application-notes\/confined-space-monitoring\/#breadcrumb\"},\"inLanguage\":\"vi\",\"potentialAction\":[{\"@type\":\"ReadAction\",\"target\":[\"https:\/\/sso2.com\/application-notes\/confined-space-monitoring\/\"]}]},{\"@type\":\"BreadcrumbList\",\"@id\":\"https:\/\/sso2.com\/application-notes\/confined-space-monitoring\/#breadcrumb\",\"itemListElement\":[{\"@type\":\"ListItem\",\"position\":1,\"name\":\"Home\",\"item\":\"https:\/\/sso2.com\/en\/\"},{\"@type\":\"ListItem\",\"position\":2,\"name\":\"Application Notes\",\"item\":\"https:\/\/sso2.com\/application-notes\/\"},{\"@type\":\"ListItem\",\"position\":3,\"name\":\"Confined Space Monitoring\"}]},{\"@type\":\"WebSite\",\"@id\":\"https:\/\/sso2.com\/#website\",\"url\":\"https:\/\/sso2.com\/\",\"name\":\"Southland Sensing Ltd.\",\"description\":\"Industrial &amp; Medical Gas Analyzers Oxygen CO\u2082, &amp; H\u2082 Monitors\",\"publisher\":{\"@id\":\"https:\/\/sso2.com\/#organization\"},\"alternateName\":\"SSO2\",\"potentialAction\":[{\"@type\":\"SearchAction\",\"target\":{\"@type\":\"EntryPoint\",\"urlTemplate\":\"https:\/\/sso2.com\/?s={search_term_string}\"},\"query-input\":{\"@type\":\"PropertyValueSpecification\",\"valueRequired\":true,\"valueName\":\"search_term_string\"}}],\"inLanguage\":\"vi\"},{\"@type\":\"Organization\",\"@id\":\"https:\/\/sso2.com\/#organization\",\"name\":\"Southland Sensing Ltd.\",\"alternateName\":\"SSO2\",\"url\":\"https:\/\/sso2.com\/\",\"logo\":{\"@type\":\"ImageObject\",\"inLanguage\":\"vi\",\"@id\":\"https:\/\/sso2.com\/#\/schema\/logo\/image\/\",\"url\":\"https:\/\/sso2.com\/wp-content\/uploads\/2025\/10\/sso2_300pixel.webp\",\"contentUrl\":\"https:\/\/sso2.com\/wp-content\/uploads\/2025\/10\/sso2_300pixel.webp\",\"width\":300,\"height\":50,\"caption\":\"Southland Sensing Ltd.\"},\"image\":{\"@id\":\"https:\/\/sso2.com\/#\/schema\/logo\/image\/\"},\"sameAs\":[\"https:\/\/www.linkedin.com\/company\/southland-sensing-ltd\/\"],\"description\":\"Southland Sensing Ltd. brings together superior performance, an improved user experience, and unmatched application expertise to deliver an accurate and reliable measurement solution. That\u2019s why multinationals, small companies and universities alike turn to us again and again.\",\"email\":\"sales@sso2.com\",\"telephone\":\"1-949-398-2879\",\"legalName\":\"Southland Sensing Ltd.\",\"foundingDate\":\"2013-01-01\",\"numberOfEmployees\":{\"@type\":\"QuantitativeValue\",\"minValue\":\"11\",\"maxValue\":\"50\"},\"publishingPrinciples\":\"https:\/\/sso2.com\/contact-us\/\",\"ownershipFundingInfo\":\"https:\/\/sso2.com\/about-us\/\",\"actionableFeedbackPolicy\":\"https:\/\/sso2.com\/contact-us\/\"}]}<\/script>\n<!-- \/ Yoast SEO Premium plugin. -->","yoast_head_json":{"title":"Confined Space Monitoring | Oxygen & O\u2082 Safety Sensors","description":"Ensure worker safety with confined space monitoring solutions. Includes oxygen sensors, O\u2082 analyzers, depletion and deficiency monitors for hazardous areas.","robots":{"index":"index","follow":"follow","max-snippet":"max-snippet:-1","max-image-preview":"max-image-preview:large","max-video-preview":"max-video-preview:-1"},"canonical":"https:\/\/sso2.com\/vi\/application-notes\/confined-space-monitoring\/","og_locale":"vi_VN","og_type":"article","og_title":"Confined Space Monitoring","og_description":"Ensure worker safety with confined space monitoring solutions. Includes oxygen sensors, O\u2082 analyzers, depletion and deficiency monitors for hazardous areas.","og_url":"https:\/\/sso2.com\/vi\/application-notes\/confined-space-monitoring\/","og_site_name":"Southland Sensing Ltd.","article_modified_time":"2025-11-29T13:28:19+00:00","og_image":[{"width":1290,"height":1158,"url":"https:\/\/i0.wp.com\/sso2.com\/wp-content\/uploads\/2025\/02\/omd-21.png?fit=1290%2C1158&ssl=1","type":"image\/png"}],"twitter_card":"summary_large_image","twitter_misc":{"\u01af\u1edbc t\u00ednh th\u1eddi gian \u0111\u1ecdc":"2 ph\u00fat"},"schema":{"@context":"https:\/\/schema.org","@graph":[{"@type":"WebPage","@id":"https:\/\/sso2.com\/application-notes\/confined-space-monitoring\/","url":"https:\/\/sso2.com\/application-notes\/confined-space-monitoring\/","name":"Confined Space Monitoring | Oxygen & O\u2082 Safety Sensors","isPartOf":{"@id":"https:\/\/sso2.com\/#website"},"datePublished":"2021-03-17T23:04:07+00:00","dateModified":"2025-11-29T13:28:19+00:00","description":"Ensure worker safety with confined space monitoring solutions. Includes oxygen sensors, O\u2082 analyzers, depletion and deficiency monitors for hazardous areas.","breadcrumb":{"@id":"https:\/\/sso2.com\/application-notes\/confined-space-monitoring\/#breadcrumb"},"inLanguage":"vi","potentialAction":[{"@type":"ReadAction","target":["https:\/\/sso2.com\/application-notes\/confined-space-monitoring\/"]}]},{"@type":"BreadcrumbList","@id":"https:\/\/sso2.com\/application-notes\/confined-space-monitoring\/#breadcrumb","itemListElement":[{"@type":"ListItem","position":1,"name":"Home","item":"https:\/\/sso2.com\/en\/"},{"@type":"ListItem","position":2,"name":"Application Notes","item":"https:\/\/sso2.com\/application-notes\/"},{"@type":"ListItem","position":3,"name":"Confined Space Monitoring"}]},{"@type":"WebSite","@id":"https:\/\/sso2.com\/#website","url":"https:\/\/sso2.com\/","name":"C\u00f4ng ty TNHH Southland Sensing.","description":"Industrial &amp; Medical Gas Analyzers Oxygen CO\u2082, &amp; H\u2082 Monitors","publisher":{"@id":"https:\/\/sso2.com\/#organization"},"alternateName":"SSO2","potentialAction":[{"@type":"SearchAction","target":{"@type":"EntryPoint","urlTemplate":"https:\/\/sso2.com\/?s={search_term_string}"},"query-input":{"@type":"PropertyValueSpecification","valueRequired":true,"valueName":"search_term_string"}}],"inLanguage":"vi"},{"@type":"Organization","@id":"https:\/\/sso2.com\/#organization","name":"C\u00f4ng ty TNHH Southland Sensing.","alternateName":"SSO2","url":"https:\/\/sso2.com\/","logo":{"@type":"ImageObject","inLanguage":"vi","@id":"https:\/\/sso2.com\/#\/schema\/logo\/image\/","url":"https:\/\/sso2.com\/wp-content\/uploads\/2025\/10\/sso2_300pixel.webp","contentUrl":"https:\/\/sso2.com\/wp-content\/uploads\/2025\/10\/sso2_300pixel.webp","width":300,"height":50,"caption":"Southland Sensing Ltd."},"image":{"@id":"https:\/\/sso2.com\/#\/schema\/logo\/image\/"},"sameAs":["https:\/\/www.linkedin.com\/company\/southland-sensing-ltd\/"],"description":"Southland Sensing Ltd. brings together superior performance, an improved user experience, and unmatched application expertise to deliver an accurate and reliable measurement solution. That\u2019s why multinationals, small companies and universities alike turn to us again and again.","email":"sales@sso2.com","telephone":"1-949-398-2879","legalName":"Southland Sensing Ltd.","foundingDate":"2013-01-01","numberOfEmployees":{"@type":"QuantitativeValue","minValue":"11","maxValue":"50"},"publishingPrinciples":"https:\/\/sso2.com\/contact-us\/","ownershipFundingInfo":"https:\/\/sso2.com\/about-us\/","actionableFeedbackPolicy":"https:\/\/sso2.com\/contact-us\/"}]}},"jetpack_sharing_enabled":true,"jetpack_shortlink":"https:\/\/wp.me\/PaSzwI-md","_links":{"self":[{"href":"https:\/\/sso2.com\/vi\/wp-json\/wp\/v2\/pages\/1377","targetHints":{"allow":["GET"]}}],"collection":[{"href":"https:\/\/sso2.com\/vi\/wp-json\/wp\/v2\/pages"}],"about":[{"href":"https:\/\/sso2.com\/vi\/wp-json\/wp\/v2\/types\/page"}],"author":[{"embeddable":true,"href":"https:\/\/sso2.com\/vi\/wp-json\/wp\/v2\/users\/6"}],"replies":[{"embeddable":true,"href":"https:\/\/sso2.com\/vi\/wp-json\/wp\/v2\/comments?post=1377"}],"version-history":[{"count":0,"href":"https:\/\/sso2.com\/vi\/wp-json\/wp\/v2\/pages\/1377\/revisions"}],"up":[{"embeddable":true,"href":"https:\/\/sso2.com\/vi\/wp-json\/wp\/v2\/pages\/388"}],"wp:attachment":[{"href":"https:\/\/sso2.com\/vi\/wp-json\/wp\/v2\/media?parent=1377"}],"curies":[{"name":"wp","href":"https:\/\/api.w.org\/{rel}","templated":true}]}}