{"id":1294,"date":"2021-02-10T17:55:47","date_gmt":"2021-02-10T17:55:47","guid":{"rendered":"https:\/\/sso2.com\/?page_id=1294"},"modified":"2025-11-19T12:24:06","modified_gmt":"2025-11-19T12:24:06","slug":"food-and-beverage","status":"publish","type":"page","link":"https:\/\/sso2.com\/vi\/application-notes\/food-and-beverage\/","title":{"rendered":"Th\u1ef1c ph\u1ea9m &amp; \u0110\u1ed3 u\u1ed1ng"},"content":{"rendered":"<p>\u0110\u00f3ng g\u00f3i trong m\u00f4i tr\u01b0\u1eddng kh\u00ed quy\u1ec3n \u0111\u01b0\u1ee3c \u0111i\u1ec1u ch\u1ec9nh (MAP) l\u00e0 qu\u00e1 tr\u00ecnh thay th\u1ebf kh\u00f4ng kh\u00ed xung quanh trong bao b\u00ec th\u1ef1c ph\u1ea9m b\u1eb1ng kh\u00ed tr\u01a1 ho\u1eb7c h\u1ed7n h\u1ee3p kh\u00ed. Ph\u01b0\u01a1ng ph\u00e1p n\u00e0y gi\u00fap duy tr\u00ec ch\u1ea5t l\u01b0\u1ee3ng c\u1ee7a th\u1ef1c ph\u1ea9m t\u01b0\u01a1i l\u00e2u h\u01a1n, k\u00e9o d\u00e0i th\u1eddi gian b\u1ea3o qu\u1ea3n v\u00e0 cho ph\u00e9p v\u1eadn chuy\u1ec3n c\u00e1c s\u1ea3n ph\u1ea9m d\u1ec5 h\u01b0 h\u1ecfng \u0111\u1ebfn c\u00e1c khu v\u1ef1c xa h\u01a1n. MAP th\u01b0\u1eddng \u0111\u01b0\u1ee3c s\u1eed d\u1ee5ng cho th\u1ecbt, s\u1eefa, b\u00e1nh m\u00ec, tr\u00e1i c\u00e2y, rau c\u1ee7 v\u00e0 c\u00e1c lo\u1ea1i \u0111\u1ed3 \u0103n v\u1eb7t.<\/p>\n<p>Oxy g\u00e2y h\u01b0 h\u1ecfng th\u1ef1c ph\u1ea9m do qu\u00e1 tr\u00ecnh oxy h\u00f3a v\u00e0 t\u1ea1o \u0111i\u1ec1u ki\u1ec7n l\u00fd t\u01b0\u1edfng cho vi sinh v\u1eadt ph\u00e1t tri\u1ec3n, do \u0111\u00f3 th\u01b0\u1eddng \u0111\u01b0\u1ee3c lo\u1ea1i tr\u1eeb kh\u1ecfi MAP \u2013 tuy nhi\u00ean trong m\u1ed9t s\u1ed1 tr\u01b0\u1eddng h\u1ee3p, n\u1ed3ng \u0111\u1ed9 oxy r\u1ea5t cao \u0111\u01b0\u1ee3c s\u1eed d\u1ee5ng, v\u00ed d\u1ee5 \u0111\u1ec3 ng\u0103n ng\u1eeba s\u1ef1 bi\u1ebfn m\u00e0u c\u1ee7a th\u1ecbt \u0111\u1ecf v\u00e0 \u1ee9c ch\u1ebf s\u1ef1 ph\u00e1t tri\u1ec3n c\u1ee7a vi sinh v\u1eadt k\u1ef5 kh\u00ed. C\u00e1c kh\u00ed kh\u00e1c th\u01b0\u1eddng \u0111\u01b0\u1ee3c s\u1eed d\u1ee5ng trong MAP bao g\u1ed3m carbon monoxide v\u00e0 dioxide, nit\u01a1, argon, v\u00e0 trong m\u1ed9t s\u1ed1 tr\u01b0\u1eddng h\u1ee3p l\u00e0 hydro ho\u1eb7c heli.<\/p>\n<p>C\u00e1c lo\u1ea1i \u0111\u1ed3 u\u1ed1ng nh\u01b0 bia c\u0169ng b\u1ecb oxy h\u00f3a v\u00e0 s\u1eed d\u1ee5ng m\u1ed9t l\u1edbp kh\u00ed tr\u01a1 \u201cl\u1edbp ph\u1ee7\u201d trong qu\u00e1 tr\u00ecnh s\u1ea3n xu\u1ea5t bia \u0111\u1ec3 ng\u0103n ch\u1eb7n s\u1ef1 h\u01b0 h\u1ecfng, th\u01b0\u1eddng \u0111\u01b0\u1ee3c th\u1ef1c hi\u1ec7n b\u1eb1ng CO2. Ngo\u00e0i vi\u1ec7c lo\u1ea1i b\u1ecf oxy kh\u1ecfi bao b\u00ec, vi\u1ec7c cung c\u1ea5p \u00e1p su\u1ea5t kh\u00ed tr\u01a1 tr\u00ean b\u1ec1 m\u1eb7t bia gi\u00fap ng\u0103n kh\u00ed tho\u00e1t ra kh\u1ecfi dung d\u1ecbch v\u00e0 l\u00e0m cho \u0111\u1ed3 u\u1ed1ng c\u1ee7a b\u1ea1n b\u1ecb m\u1ea5t ga.<\/p>\n<p>\u0110\u1ec3 cung c\u1ea5p kh\u00ed nit\u01a1 cho qu\u00e1 tr\u00ecnh \u0111\u00f3ng g\u00f3i, m\u00e1y ph\u00e1t kh\u00ed PSA\/VPSA th\u01b0\u1eddng \u0111\u01b0\u1ee3c s\u1eed d\u1ee5ng \u0111\u1ec3 s\u1ea3n xu\u1ea5t kh\u00ed t\u1ea1i ch\u1ed7. <a href=\"https:\/\/sso2.com\/vi\/san-pham\/wall-mount-oxygen-transmitter-ce\/\">OMD-150<\/a> C\u00f3 th\u1ec3 cung c\u1ea5p gi\u00e1m s\u00e1t tr\u1ef1c tuy\u1ebfn li\u00ean t\u1ee5c \u0111\u1ec3 \u0111\u1ea3m b\u1ea3o kh\u00ed \u0111\u01b0\u1ee3c s\u1ea3n xu\u1ea5t \u0111\u00e1p \u1ee9ng y\u00eau c\u1ea7u ch\u1ea5t l\u01b0\u1ee3ng. Ki\u1ec3m tra ng\u1eabu nhi\u00ean v\u1ec1 l\u1edbp ph\u1ee7 CO2 c\u00f3 th\u1ec3 \u0111\u01b0\u1ee3c th\u1ef1c hi\u1ec7n b\u1eb1ng thi\u1ebft b\u1ecb di \u0111\u1ed9ng, <a href=\"https:\/\/sso2.com\/vi\/san-pham\/portable-trace-oxygen-analyzer-ce\/\">OMD-640<\/a>. N\u00f3 cung c\u1ea5p c\u00e1c t\u00ednh n\u0103ng \u0111\u1ed9c \u0111\u00e1o nh\u01b0 ghi d\u1eef li\u1ec7u qua USB \u0111\u1ec3 ghi l\u1ea1i m\u1ee9c oxy d\u01b0\u1edbi \u0111\u1ecbnh d\u1ea1ng t\u01b0\u01a1ng th\u00edch v\u1edbi Excel (.csv).<\/p>","protected":false},"excerpt":{"rendered":"<p>Modified atmosphere packaging (MAP) involves replacing the ambient air in food packaging with an inert gas or gas mixture. This preserves the quality of fresh produce longer, prolongs food shelf life, and allows perishable products to be shipped further. MAP is often used for meats, dairy, bread, fruits and vegetables, and snack foods. Oxygen causes [&hellip;]<\/p>\n","protected":false},"author":6,"featured_media":0,"parent":388,"menu_order":0,"comment_status":"closed","ping_status":"closed","template":"","meta":{"footnotes":""},"class_list":["post-1294","page","type-page","status-publish","hentry"],"yoast_head":"<!-- This site is optimized with the Yoast SEO Premium plugin v27.2 (Yoast SEO v27.2) - https:\/\/yoast.com\/product\/yoast-seo-premium-wordpress\/ -->\n<title>Food &amp; Beverage Oxygen Monitoring | O\u2082 Sensors &amp; Analyzers<\/title>\n<meta name=\"description\" content=\"Ensure food and beverage safety with advanced oxygen sensors, O\u2082 analyzers, and deficiency\/depletion monitors for production and storage environments.\" \/>\n<meta name=\"robots\" content=\"index, follow, max-snippet:-1, max-image-preview:large, max-video-preview:-1\" \/>\n<link rel=\"canonical\" href=\"https:\/\/sso2.com\/vi\/application-notes\/food-and-beverage\/\" \/>\n<meta property=\"og:locale\" content=\"vi_VN\" \/>\n<meta property=\"og:type\" content=\"article\" \/>\n<meta property=\"og:title\" content=\"Food &amp; Beverage\" \/>\n<meta property=\"og:description\" content=\"Ensure food and beverage safety with advanced oxygen sensors, O\u2082 analyzers, and deficiency\/depletion monitors for production and storage environments.\" \/>\n<meta property=\"og:url\" content=\"https:\/\/sso2.com\/vi\/application-notes\/food-and-beverage\/\" \/>\n<meta property=\"og:site_name\" content=\"Southland Sensing Ltd.\" \/>\n<meta property=\"article:modified_time\" content=\"2025-11-19T12:24:06+00:00\" \/>\n<meta property=\"og:image\" content=\"https:\/\/i0.wp.com\/sso2.com\/wp-content\/uploads\/2025\/02\/omd-21.png?fit=1290%2C1158&ssl=1\" \/>\n\t<meta property=\"og:image:width\" content=\"1290\" \/>\n\t<meta property=\"og:image:height\" content=\"1158\" \/>\n\t<meta property=\"og:image:type\" content=\"image\/png\" \/>\n<meta name=\"twitter:card\" content=\"summary_large_image\" \/>\n<meta name=\"twitter:label1\" content=\"\u01af\u1edbc t\u00ednh th\u1eddi gian \u0111\u1ecdc\" \/>\n\t<meta name=\"twitter:data1\" content=\"2 ph\u00fat\" \/>\n<script type=\"application\/ld+json\" class=\"yoast-schema-graph\">{\"@context\":\"https:\/\/schema.org\",\"@graph\":[{\"@type\":\"WebPage\",\"@id\":\"https:\/\/sso2.com\/application-notes\/food-and-beverage\/\",\"url\":\"https:\/\/sso2.com\/application-notes\/food-and-beverage\/\",\"name\":\"Food & Beverage Oxygen Monitoring | O\u2082 Sensors & Analyzers\",\"isPartOf\":{\"@id\":\"https:\/\/sso2.com\/#website\"},\"datePublished\":\"2021-02-10T17:55:47+00:00\",\"dateModified\":\"2025-11-19T12:24:06+00:00\",\"description\":\"Ensure food and beverage safety with advanced oxygen sensors, O\u2082 analyzers, and deficiency\/depletion monitors for production and storage environments.\",\"breadcrumb\":{\"@id\":\"https:\/\/sso2.com\/application-notes\/food-and-beverage\/#breadcrumb\"},\"inLanguage\":\"vi\",\"potentialAction\":[{\"@type\":\"ReadAction\",\"target\":[\"https:\/\/sso2.com\/application-notes\/food-and-beverage\/\"]}]},{\"@type\":\"BreadcrumbList\",\"@id\":\"https:\/\/sso2.com\/application-notes\/food-and-beverage\/#breadcrumb\",\"itemListElement\":[{\"@type\":\"ListItem\",\"position\":1,\"name\":\"Home\",\"item\":\"https:\/\/sso2.com\/en\/\"},{\"@type\":\"ListItem\",\"position\":2,\"name\":\"Application Notes\",\"item\":\"https:\/\/sso2.com\/application-notes\/\"},{\"@type\":\"ListItem\",\"position\":3,\"name\":\"Food &#038; Beverage\"}]},{\"@type\":\"WebSite\",\"@id\":\"https:\/\/sso2.com\/#website\",\"url\":\"https:\/\/sso2.com\/\",\"name\":\"Southland Sensing Ltd.\",\"description\":\"Industrial &amp; Medical Gas Analyzers Oxygen CO\u2082, &amp; H\u2082 Monitors\",\"publisher\":{\"@id\":\"https:\/\/sso2.com\/#organization\"},\"alternateName\":\"SSO2\",\"potentialAction\":[{\"@type\":\"SearchAction\",\"target\":{\"@type\":\"EntryPoint\",\"urlTemplate\":\"https:\/\/sso2.com\/?s={search_term_string}\"},\"query-input\":{\"@type\":\"PropertyValueSpecification\",\"valueRequired\":true,\"valueName\":\"search_term_string\"}}],\"inLanguage\":\"vi\"},{\"@type\":\"Organization\",\"@id\":\"https:\/\/sso2.com\/#organization\",\"name\":\"Southland Sensing Ltd.\",\"alternateName\":\"SSO2\",\"url\":\"https:\/\/sso2.com\/\",\"logo\":{\"@type\":\"ImageObject\",\"inLanguage\":\"vi\",\"@id\":\"https:\/\/sso2.com\/#\/schema\/logo\/image\/\",\"url\":\"https:\/\/sso2.com\/wp-content\/uploads\/2025\/10\/sso2_300pixel.webp\",\"contentUrl\":\"https:\/\/sso2.com\/wp-content\/uploads\/2025\/10\/sso2_300pixel.webp\",\"width\":300,\"height\":50,\"caption\":\"Southland Sensing Ltd.\"},\"image\":{\"@id\":\"https:\/\/sso2.com\/#\/schema\/logo\/image\/\"},\"sameAs\":[\"https:\/\/www.linkedin.com\/company\/southland-sensing-ltd\/\"],\"description\":\"Southland Sensing Ltd. brings together superior performance, an improved user experience, and unmatched application expertise to deliver an accurate and reliable measurement solution. That\u2019s why multinationals, small companies and universities alike turn to us again and again.\",\"email\":\"sales@sso2.com\",\"telephone\":\"1-949-398-2879\",\"legalName\":\"Southland Sensing Ltd.\",\"foundingDate\":\"2013-01-01\",\"numberOfEmployees\":{\"@type\":\"QuantitativeValue\",\"minValue\":\"11\",\"maxValue\":\"50\"},\"publishingPrinciples\":\"https:\/\/sso2.com\/contact-us\/\",\"ownershipFundingInfo\":\"https:\/\/sso2.com\/about-us\/\",\"actionableFeedbackPolicy\":\"https:\/\/sso2.com\/contact-us\/\"}]}<\/script>\n<!-- \/ Yoast SEO Premium plugin. -->","yoast_head_json":{"title":"Food & Beverage Oxygen Monitoring | O\u2082 Sensors & Analyzers","description":"Ensure food and beverage safety with advanced oxygen sensors, O\u2082 analyzers, and deficiency\/depletion monitors for production and storage environments.","robots":{"index":"index","follow":"follow","max-snippet":"max-snippet:-1","max-image-preview":"max-image-preview:large","max-video-preview":"max-video-preview:-1"},"canonical":"https:\/\/sso2.com\/vi\/application-notes\/food-and-beverage\/","og_locale":"vi_VN","og_type":"article","og_title":"Food & Beverage","og_description":"Ensure food and beverage safety with advanced oxygen sensors, O\u2082 analyzers, and deficiency\/depletion monitors for production and storage environments.","og_url":"https:\/\/sso2.com\/vi\/application-notes\/food-and-beverage\/","og_site_name":"Southland Sensing Ltd.","article_modified_time":"2025-11-19T12:24:06+00:00","og_image":[{"width":1290,"height":1158,"url":"https:\/\/i0.wp.com\/sso2.com\/wp-content\/uploads\/2025\/02\/omd-21.png?fit=1290%2C1158&ssl=1","type":"image\/png"}],"twitter_card":"summary_large_image","twitter_misc":{"\u01af\u1edbc t\u00ednh th\u1eddi gian \u0111\u1ecdc":"2 ph\u00fat"},"schema":{"@context":"https:\/\/schema.org","@graph":[{"@type":"WebPage","@id":"https:\/\/sso2.com\/application-notes\/food-and-beverage\/","url":"https:\/\/sso2.com\/application-notes\/food-and-beverage\/","name":"Food & Beverage Oxygen Monitoring | O\u2082 Sensors & Analyzers","isPartOf":{"@id":"https:\/\/sso2.com\/#website"},"datePublished":"2021-02-10T17:55:47+00:00","dateModified":"2025-11-19T12:24:06+00:00","description":"Ensure food and beverage safety with advanced oxygen sensors, O\u2082 analyzers, and deficiency\/depletion monitors for production and storage environments.","breadcrumb":{"@id":"https:\/\/sso2.com\/application-notes\/food-and-beverage\/#breadcrumb"},"inLanguage":"vi","potentialAction":[{"@type":"ReadAction","target":["https:\/\/sso2.com\/application-notes\/food-and-beverage\/"]}]},{"@type":"BreadcrumbList","@id":"https:\/\/sso2.com\/application-notes\/food-and-beverage\/#breadcrumb","itemListElement":[{"@type":"ListItem","position":1,"name":"Home","item":"https:\/\/sso2.com\/en\/"},{"@type":"ListItem","position":2,"name":"Application Notes","item":"https:\/\/sso2.com\/application-notes\/"},{"@type":"ListItem","position":3,"name":"Food &#038; Beverage"}]},{"@type":"WebSite","@id":"https:\/\/sso2.com\/#website","url":"https:\/\/sso2.com\/","name":"C\u00f4ng ty TNHH Southland Sensing.","description":"Industrial &amp; Medical Gas Analyzers Oxygen CO\u2082, &amp; H\u2082 Monitors","publisher":{"@id":"https:\/\/sso2.com\/#organization"},"alternateName":"SSO2","potentialAction":[{"@type":"SearchAction","target":{"@type":"EntryPoint","urlTemplate":"https:\/\/sso2.com\/?s={search_term_string}"},"query-input":{"@type":"PropertyValueSpecification","valueRequired":true,"valueName":"search_term_string"}}],"inLanguage":"vi"},{"@type":"Organization","@id":"https:\/\/sso2.com\/#organization","name":"C\u00f4ng ty TNHH Southland Sensing.","alternateName":"SSO2","url":"https:\/\/sso2.com\/","logo":{"@type":"ImageObject","inLanguage":"vi","@id":"https:\/\/sso2.com\/#\/schema\/logo\/image\/","url":"https:\/\/sso2.com\/wp-content\/uploads\/2025\/10\/sso2_300pixel.webp","contentUrl":"https:\/\/sso2.com\/wp-content\/uploads\/2025\/10\/sso2_300pixel.webp","width":300,"height":50,"caption":"Southland Sensing Ltd."},"image":{"@id":"https:\/\/sso2.com\/#\/schema\/logo\/image\/"},"sameAs":["https:\/\/www.linkedin.com\/company\/southland-sensing-ltd\/"],"description":"Southland Sensing Ltd. brings together superior performance, an improved user experience, and unmatched application expertise to deliver an accurate and reliable measurement solution. That\u2019s why multinationals, small companies and universities alike turn to us again and again.","email":"sales@sso2.com","telephone":"1-949-398-2879","legalName":"Southland Sensing Ltd.","foundingDate":"2013-01-01","numberOfEmployees":{"@type":"QuantitativeValue","minValue":"11","maxValue":"50"},"publishingPrinciples":"https:\/\/sso2.com\/contact-us\/","ownershipFundingInfo":"https:\/\/sso2.com\/about-us\/","actionableFeedbackPolicy":"https:\/\/sso2.com\/contact-us\/"}]}},"jetpack_sharing_enabled":true,"jetpack_shortlink":"https:\/\/wp.me\/PaSzwI-kS","_links":{"self":[{"href":"https:\/\/sso2.com\/vi\/wp-json\/wp\/v2\/pages\/1294","targetHints":{"allow":["GET"]}}],"collection":[{"href":"https:\/\/sso2.com\/vi\/wp-json\/wp\/v2\/pages"}],"about":[{"href":"https:\/\/sso2.com\/vi\/wp-json\/wp\/v2\/types\/page"}],"author":[{"embeddable":true,"href":"https:\/\/sso2.com\/vi\/wp-json\/wp\/v2\/users\/6"}],"replies":[{"embeddable":true,"href":"https:\/\/sso2.com\/vi\/wp-json\/wp\/v2\/comments?post=1294"}],"version-history":[{"count":0,"href":"https:\/\/sso2.com\/vi\/wp-json\/wp\/v2\/pages\/1294\/revisions"}],"up":[{"embeddable":true,"href":"https:\/\/sso2.com\/vi\/wp-json\/wp\/v2\/pages\/388"}],"wp:attachment":[{"href":"https:\/\/sso2.com\/vi\/wp-json\/wp\/v2\/media?parent=1294"}],"curies":[{"name":"wp","href":"https:\/\/api.w.org\/{rel}","templated":true}]}}