{"id":1162,"date":"2021-02-09T23:28:17","date_gmt":"2021-02-09T23:28:17","guid":{"rendered":"https:\/\/sso2.com\/?page_id=1162"},"modified":"2025-11-29T13:56:45","modified_gmt":"2025-11-29T13:56:45","slug":"psa-and-vpsa-processing","status":"publish","type":"page","link":"https:\/\/sso2.com\/vi\/application-notes\/psa-and-vpsa-processing\/","title":{"rendered":"X\u1eed l\u00fd PSA v\u00e0 VPSA"},"content":{"rendered":"<div data-elementor-type=\"wp-page\" data-elementor-id=\"1162\" class=\"elementor elementor-1162\" data-elementor-post-type=\"page\">\n\t\t\t\t<div class=\"elementor-element elementor-element-4bfa18e8 e-flex e-con-boxed e-con e-parent\" data-id=\"4bfa18e8\" data-element_type=\"container\" data-e-type=\"container\">\n\t\t\t\t\t<div class=\"e-con-inner\">\n\t\t\t\t<div class=\"elementor-element elementor-element-26e6f0fc elementor-widget elementor-widget-text-editor\" data-id=\"26e6f0fc\" data-element_type=\"widget\" data-e-type=\"widget\" data-widget_type=\"text-editor.default\">\n\t\t\t\t<div class=\"elementor-widget-container\">\n\t\t\t\t\t\t\t\t\t<p>Vi\u1ec7c c\u00f3 \u0111\u01b0\u1ee3c oxy v\u00e0 nit\u01a1 c\u00f3 \u0111\u1ed9 tinh khi\u1ebft cao l\u00e0 r\u1ea5t quan tr\u1ecdng \u0111\u1ed1i v\u1edbi nhi\u1ec1u ng\u00e0nh c\u00f4ng nghi\u1ec7p. \u0110\u1ed1i v\u1edbi c\u00e1c nh\u00e0 m\u00e1y quy m\u00f4 nh\u1ecf, vi\u1ec7c s\u1ea3n xu\u1ea5t kh\u00ed n\u00e0y t\u1ea1i ch\u1ed7 t\u1eeb kh\u00f4ng kh\u00ed xung quanh b\u1eb1ng m\u00e1y t\u1ea1o kh\u00ed \u00e1p su\u1ea5t dao \u0111\u1ed9ng (PSA) th\u01b0\u1eddng l\u00e0 l\u1ef1a ch\u1ecdn kinh t\u1ebf. M\u00e1y t\u1ea1o kh\u00ed PSA c\u00f3 th\u1ec3 c\u00f3 k\u00edch th\u01b0\u1edbc t\u1eeb c\u00e1c g\u00f3i nh\u1ecf c\u00f3 th\u1ec3 l\u1eafp \u0111\u1eb7t tr\u00ean khung di \u0111\u1ed9ng cho \u0111\u1ebfn c\u00e1c h\u1ec7 th\u1ed1ng c\u00f3 quy m\u00f4 c\u1ef1c l\u1edbn. Ch\u00fang c\u00f3 th\u1ec3 \u0111\u01b0\u1ee3c s\u1eed d\u1ee5ng \u0111\u1ec3 s\u1ea3n xu\u1ea5t kh\u00ed oxy ho\u1eb7c nit\u01a1.<\/p><p>C\u00e1c m\u00e1y ph\u00e1t PSA t\u1eadn d\u1ee5ng \u0111\u1eb7c t\u00ednh r\u1eb1ng d\u01b0\u1edbi \u00e1p su\u1ea5t cao, m\u1ed9t s\u1ed1 kh\u00ed c\u00f3 xu h\u01b0\u1edbng h\u1ea5p ph\u1ee5, t\u1ee9c l\u00e0 b\u00e1m d\u00ednh, v\u00e0o m\u1ed9t s\u1ed1 v\u1eadt li\u1ec7u. V\u00ed d\u1ee5: \u0111\u1ec3 t\u1ea1o ra oxy, kh\u00f4ng kh\u00ed \u0111\u01b0\u1ee3c n\u00e9n v\u00e0 d\u1eabn qua zeolite, ch\u1ea5t n\u00e0y h\u1ea5p ph\u1ee5 nit\u01a1 v\u00e0 \u0111\u1ec3 l\u1ea1i kh\u00f4ng kh\u00ed gi\u00e0u oxy h\u01a1n. Khi zeolite \u0111\u00e3 b\u00e3o h\u00f2a ho\u00e0n to\u00e0n, \u00e1p su\u1ea5t \u0111\u01b0\u1ee3c gi\u1ea3m xu\u1ed1ng \u0111\u1ec3 gi\u1ea3i h\u1ea5p, t\u1ee9c l\u00e0 t\u00e1ch nit\u01a1 kh\u1ecfi zeolite \u0111\u1ec3 c\u00f3 th\u1ec3 x\u1ea3 ra ngo\u00e0i. \u0110\u1ec3 t\u1ea1o ra nit\u01a1, ng\u01b0\u1eddi ta s\u1eed d\u1ee5ng than ho\u1ea1t t\u00ednh thay cho zeolite. C\u00e1c m\u00e1y t\u1ea1o kh\u00ed PSA ch\u00e2n kh\u00f4ng (VPSA) ho\u1ea1t \u0111\u1ed9ng theo nguy\u00ean l\u00fd t\u01b0\u01a1ng t\u1ef1, nh\u01b0ng s\u1eed d\u1ee5ng qu\u1ea1t ch\u00e2n kh\u00f4ng \u0111\u1ec3 gi\u1ea3m \u00e1p su\u1ea5t gi\u1ea3i h\u1ea5p, t\u1eeb \u0111\u00f3 c\u1ea3i thi\u1ec7n l\u01b0\u1ee3ng kh\u00ed th\u1ea3i \u0111\u01b0\u1ee3c x\u1ea3 ra.<\/p><p>C\u1ea3m bi\u1ebfn oxy l\u00e0 y\u1ebfu t\u1ed1 quan tr\u1ecdng trong ho\u1ea1t \u0111\u1ed9ng c\u1ee7a c\u00e1c m\u00e1y ph\u00e1t (V)PSA, v\u00ec c\u1ea7n ph\u1ea3i \u0111\u1ea3m b\u1ea3o r\u1eb1ng kh\u00ed b\u1ea1n s\u1ea3n xu\u1ea5t \u0111\u1ea1t ch\u1ea5t l\u01b0\u1ee3ng mong mu\u1ed1n. Ch\u00fang t\u00f4i cung c\u1ea5p c\u00e1c c\u1ea3m bi\u1ebfn \u0111i\u1ec7n h\u00f3a ti\u00ean ti\u1ebfn, \u0111\u00e1ng tin c\u1eady c\u00f3 th\u1ec3 \u0111o l\u01b0\u1eddng n\u1ed3ng \u0111\u1ed9 oxy xu\u1ed1ng \u0111\u1ebfn m\u1ee9c ph\u1ea7n tri\u1ec7u (ppm) ho\u1eb7c ph\u1ea7n tr\u0103m th\u1ea5p cho qu\u00e1 tr\u00ecnh s\u1ea3n xu\u1ea5t nit\u01a1, ho\u1eb7c l\u00ean \u0111\u1ebfn 100% oxy cho qu\u00e1 tr\u00ecnh s\u1ea3n xu\u1ea5t oxy tinh khi\u1ebft. C\u00e1c thi\u1ebft b\u1ecb ph\u00e2n t\u00edch c\u1ee7a ch\u00fang t\u00f4i c\u00f3 k\u00edch th\u01b0\u1edbc t\u1eeb 19\u201d rack mount. <a href=\"https:\/\/sso2.com\/vi\/san-pham\/omd-675\/\">OMD-675<\/a> v\u00e0 <a href=\"https:\/\/sso2.com\/vi\/san-pham\/omd-775\/\">OMD-775<\/a>, \u0111\u1ebfn phi\u00ean b\u1ea3n g\u1ecdn nh\u1eb9 <a href=\"https:\/\/sso2.com\/vi\/san-pham\/compact-in-line-oxygen-transmitter-ce\/\">OMD-507<\/a> Ph\u00f9 h\u1ee3p v\u1edbi t\u1ea5t c\u1ea3 c\u00e1c giai \u0111o\u1ea1n s\u1ea3n xu\u1ea5t kh\u00ed v\u00e0 t\u1ea5t c\u1ea3 c\u00e1c k\u00edch c\u1ee1 c\u1ee7a m\u00e1y t\u1ea1o kh\u00ed PSA.<\/p>\t\t\t\t\t\t\t\t<\/div>\n\t\t\t\t<\/div>\n\t\t\t\t\t<\/div>\n\t\t\t\t<\/div>\n\t\t\t\t<\/div>","protected":false},"excerpt":{"rendered":"<p>Having access to high purity oxygen and nitrogen is important for many industries. Often an economical choice for smaller plants to get this gas is to generate it from the air around us on-site using a pressure swing adsorption (PSA) generator. \u00a0PSA generators can vary from small packages that can fit on a skid, all [&hellip;]<\/p>\n","protected":false},"author":6,"featured_media":0,"parent":388,"menu_order":0,"comment_status":"closed","ping_status":"closed","template":"","meta":{"footnotes":""},"class_list":["post-1162","page","type-page","status-publish","hentry"],"yoast_head":"<!-- This site is optimized with the Yoast SEO Premium plugin v27.2 (Yoast SEO v27.2) - https:\/\/yoast.com\/product\/yoast-seo-premium-wordpress\/ -->\n<title>PSA &amp; VPSA Processing | Oxygen &amp; O\u2082 Monitoring Systems<\/title>\n<meta name=\"description\" content=\"Optimize PSA and VPSA gas separation processes with advanced oxygen sensors, O\u2082 analyzers, and depletion\/deficiency monitors for safe and efficient operation.\" \/>\n<meta name=\"robots\" content=\"index, follow, max-snippet:-1, max-image-preview:large, max-video-preview:-1\" \/>\n<link rel=\"canonical\" href=\"https:\/\/sso2.com\/vi\/application-notes\/psa-and-vpsa-processing\/\" \/>\n<meta property=\"og:locale\" content=\"vi_VN\" \/>\n<meta property=\"og:type\" content=\"article\" \/>\n<meta property=\"og:title\" content=\"PSA and VPSA Processing\" \/>\n<meta property=\"og:description\" content=\"Optimize PSA and VPSA gas separation processes with advanced oxygen sensors, O\u2082 analyzers, and depletion\/deficiency monitors for safe and efficient operation.\" \/>\n<meta property=\"og:url\" content=\"https:\/\/sso2.com\/vi\/application-notes\/psa-and-vpsa-processing\/\" \/>\n<meta property=\"og:site_name\" content=\"Southland Sensing Ltd.\" \/>\n<meta property=\"article:modified_time\" content=\"2025-11-29T13:56:45+00:00\" \/>\n<meta property=\"og:image\" content=\"https:\/\/i0.wp.com\/sso2.com\/wp-content\/uploads\/2025\/02\/omd-21.png?fit=1290%2C1158&ssl=1\" \/>\n\t<meta property=\"og:image:width\" content=\"1290\" \/>\n\t<meta property=\"og:image:height\" content=\"1158\" \/>\n\t<meta property=\"og:image:type\" content=\"image\/png\" \/>\n<meta name=\"twitter:card\" content=\"summary_large_image\" \/>\n<meta name=\"twitter:label1\" content=\"\u01af\u1edbc t\u00ednh th\u1eddi gian \u0111\u1ecdc\" \/>\n\t<meta name=\"twitter:data1\" content=\"2 ph\u00fat\" \/>\n<script type=\"application\/ld+json\" class=\"yoast-schema-graph\">{\"@context\":\"https:\/\/schema.org\",\"@graph\":[{\"@type\":\"WebPage\",\"@id\":\"https:\/\/sso2.com\/application-notes\/psa-and-vpsa-processing\/\",\"url\":\"https:\/\/sso2.com\/application-notes\/psa-and-vpsa-processing\/\",\"name\":\"PSA & VPSA Processing | Oxygen & O\u2082 Monitoring Systems\",\"isPartOf\":{\"@id\":\"https:\/\/sso2.com\/#website\"},\"datePublished\":\"2021-02-09T23:28:17+00:00\",\"dateModified\":\"2025-11-29T13:56:45+00:00\",\"description\":\"Optimize PSA and VPSA gas separation processes with advanced oxygen sensors, O\u2082 analyzers, and depletion\/deficiency monitors for safe and efficient operation.\",\"breadcrumb\":{\"@id\":\"https:\/\/sso2.com\/application-notes\/psa-and-vpsa-processing\/#breadcrumb\"},\"inLanguage\":\"vi\",\"potentialAction\":[{\"@type\":\"ReadAction\",\"target\":[\"https:\/\/sso2.com\/application-notes\/psa-and-vpsa-processing\/\"]}]},{\"@type\":\"BreadcrumbList\",\"@id\":\"https:\/\/sso2.com\/application-notes\/psa-and-vpsa-processing\/#breadcrumb\",\"itemListElement\":[{\"@type\":\"ListItem\",\"position\":1,\"name\":\"Home\",\"item\":\"https:\/\/sso2.com\/en\/\"},{\"@type\":\"ListItem\",\"position\":2,\"name\":\"Application Notes\",\"item\":\"https:\/\/sso2.com\/application-notes\/\"},{\"@type\":\"ListItem\",\"position\":3,\"name\":\"PSA and VPSA Processing\"}]},{\"@type\":\"WebSite\",\"@id\":\"https:\/\/sso2.com\/#website\",\"url\":\"https:\/\/sso2.com\/\",\"name\":\"Southland Sensing Ltd.\",\"description\":\"Industrial &amp; Medical Gas Analyzers Oxygen CO\u2082, &amp; H\u2082 Monitors\",\"publisher\":{\"@id\":\"https:\/\/sso2.com\/#organization\"},\"alternateName\":\"SSO2\",\"potentialAction\":[{\"@type\":\"SearchAction\",\"target\":{\"@type\":\"EntryPoint\",\"urlTemplate\":\"https:\/\/sso2.com\/?s={search_term_string}\"},\"query-input\":{\"@type\":\"PropertyValueSpecification\",\"valueRequired\":true,\"valueName\":\"search_term_string\"}}],\"inLanguage\":\"vi\"},{\"@type\":\"Organization\",\"@id\":\"https:\/\/sso2.com\/#organization\",\"name\":\"Southland Sensing Ltd.\",\"alternateName\":\"SSO2\",\"url\":\"https:\/\/sso2.com\/\",\"logo\":{\"@type\":\"ImageObject\",\"inLanguage\":\"vi\",\"@id\":\"https:\/\/sso2.com\/#\/schema\/logo\/image\/\",\"url\":\"https:\/\/sso2.com\/wp-content\/uploads\/2025\/10\/sso2_300pixel.webp\",\"contentUrl\":\"https:\/\/sso2.com\/wp-content\/uploads\/2025\/10\/sso2_300pixel.webp\",\"width\":300,\"height\":50,\"caption\":\"Southland Sensing Ltd.\"},\"image\":{\"@id\":\"https:\/\/sso2.com\/#\/schema\/logo\/image\/\"},\"sameAs\":[\"https:\/\/www.linkedin.com\/company\/southland-sensing-ltd\/\"],\"description\":\"Southland Sensing Ltd. brings together superior performance, an improved user experience, and unmatched application expertise to deliver an accurate and reliable measurement solution. That\u2019s why multinationals, small companies and universities alike turn to us again and again.\",\"email\":\"sales@sso2.com\",\"telephone\":\"1-949-398-2879\",\"legalName\":\"Southland Sensing Ltd.\",\"foundingDate\":\"2013-01-01\",\"numberOfEmployees\":{\"@type\":\"QuantitativeValue\",\"minValue\":\"11\",\"maxValue\":\"50\"},\"publishingPrinciples\":\"https:\/\/sso2.com\/contact-us\/\",\"ownershipFundingInfo\":\"https:\/\/sso2.com\/about-us\/\",\"actionableFeedbackPolicy\":\"https:\/\/sso2.com\/contact-us\/\"}]}<\/script>\n<!-- \/ Yoast SEO Premium plugin. -->","yoast_head_json":{"title":"PSA & VPSA Processing | Oxygen & O\u2082 Monitoring Systems","description":"Optimize PSA and VPSA gas separation processes with advanced oxygen sensors, O\u2082 analyzers, and depletion\/deficiency monitors for safe and efficient operation.","robots":{"index":"index","follow":"follow","max-snippet":"max-snippet:-1","max-image-preview":"max-image-preview:large","max-video-preview":"max-video-preview:-1"},"canonical":"https:\/\/sso2.com\/vi\/application-notes\/psa-and-vpsa-processing\/","og_locale":"vi_VN","og_type":"article","og_title":"PSA and VPSA Processing","og_description":"Optimize PSA and VPSA gas separation processes with advanced oxygen sensors, O\u2082 analyzers, and depletion\/deficiency monitors for safe and efficient operation.","og_url":"https:\/\/sso2.com\/vi\/application-notes\/psa-and-vpsa-processing\/","og_site_name":"Southland Sensing Ltd.","article_modified_time":"2025-11-29T13:56:45+00:00","og_image":[{"width":1290,"height":1158,"url":"https:\/\/i0.wp.com\/sso2.com\/wp-content\/uploads\/2025\/02\/omd-21.png?fit=1290%2C1158&ssl=1","type":"image\/png"}],"twitter_card":"summary_large_image","twitter_misc":{"\u01af\u1edbc t\u00ednh th\u1eddi gian \u0111\u1ecdc":"2 ph\u00fat"},"schema":{"@context":"https:\/\/schema.org","@graph":[{"@type":"WebPage","@id":"https:\/\/sso2.com\/application-notes\/psa-and-vpsa-processing\/","url":"https:\/\/sso2.com\/application-notes\/psa-and-vpsa-processing\/","name":"PSA & VPSA Processing | Oxygen & O\u2082 Monitoring Systems","isPartOf":{"@id":"https:\/\/sso2.com\/#website"},"datePublished":"2021-02-09T23:28:17+00:00","dateModified":"2025-11-29T13:56:45+00:00","description":"Optimize PSA and VPSA gas separation processes with advanced oxygen sensors, O\u2082 analyzers, and depletion\/deficiency monitors for safe and efficient operation.","breadcrumb":{"@id":"https:\/\/sso2.com\/application-notes\/psa-and-vpsa-processing\/#breadcrumb"},"inLanguage":"vi","potentialAction":[{"@type":"ReadAction","target":["https:\/\/sso2.com\/application-notes\/psa-and-vpsa-processing\/"]}]},{"@type":"BreadcrumbList","@id":"https:\/\/sso2.com\/application-notes\/psa-and-vpsa-processing\/#breadcrumb","itemListElement":[{"@type":"ListItem","position":1,"name":"Home","item":"https:\/\/sso2.com\/en\/"},{"@type":"ListItem","position":2,"name":"Application Notes","item":"https:\/\/sso2.com\/application-notes\/"},{"@type":"ListItem","position":3,"name":"PSA and VPSA Processing"}]},{"@type":"WebSite","@id":"https:\/\/sso2.com\/#website","url":"https:\/\/sso2.com\/","name":"C\u00f4ng ty TNHH Southland Sensing.","description":"Industrial &amp; Medical Gas Analyzers Oxygen CO\u2082, &amp; H\u2082 Monitors","publisher":{"@id":"https:\/\/sso2.com\/#organization"},"alternateName":"SSO2","potentialAction":[{"@type":"SearchAction","target":{"@type":"EntryPoint","urlTemplate":"https:\/\/sso2.com\/?s={search_term_string}"},"query-input":{"@type":"PropertyValueSpecification","valueRequired":true,"valueName":"search_term_string"}}],"inLanguage":"vi"},{"@type":"Organization","@id":"https:\/\/sso2.com\/#organization","name":"C\u00f4ng ty TNHH Southland Sensing.","alternateName":"SSO2","url":"https:\/\/sso2.com\/","logo":{"@type":"ImageObject","inLanguage":"vi","@id":"https:\/\/sso2.com\/#\/schema\/logo\/image\/","url":"https:\/\/sso2.com\/wp-content\/uploads\/2025\/10\/sso2_300pixel.webp","contentUrl":"https:\/\/sso2.com\/wp-content\/uploads\/2025\/10\/sso2_300pixel.webp","width":300,"height":50,"caption":"Southland Sensing Ltd."},"image":{"@id":"https:\/\/sso2.com\/#\/schema\/logo\/image\/"},"sameAs":["https:\/\/www.linkedin.com\/company\/southland-sensing-ltd\/"],"description":"Southland Sensing Ltd. brings together superior performance, an improved user experience, and unmatched application expertise to deliver an accurate and reliable measurement solution. That\u2019s why multinationals, small companies and universities alike turn to us again and again.","email":"sales@sso2.com","telephone":"1-949-398-2879","legalName":"Southland Sensing Ltd.","foundingDate":"2013-01-01","numberOfEmployees":{"@type":"QuantitativeValue","minValue":"11","maxValue":"50"},"publishingPrinciples":"https:\/\/sso2.com\/contact-us\/","ownershipFundingInfo":"https:\/\/sso2.com\/about-us\/","actionableFeedbackPolicy":"https:\/\/sso2.com\/contact-us\/"}]}},"jetpack_sharing_enabled":true,"jetpack_shortlink":"https:\/\/wp.me\/PaSzwI-iK","_links":{"self":[{"href":"https:\/\/sso2.com\/vi\/wp-json\/wp\/v2\/pages\/1162","targetHints":{"allow":["GET"]}}],"collection":[{"href":"https:\/\/sso2.com\/vi\/wp-json\/wp\/v2\/pages"}],"about":[{"href":"https:\/\/sso2.com\/vi\/wp-json\/wp\/v2\/types\/page"}],"author":[{"embeddable":true,"href":"https:\/\/sso2.com\/vi\/wp-json\/wp\/v2\/users\/6"}],"replies":[{"embeddable":true,"href":"https:\/\/sso2.com\/vi\/wp-json\/wp\/v2\/comments?post=1162"}],"version-history":[{"count":0,"href":"https:\/\/sso2.com\/vi\/wp-json\/wp\/v2\/pages\/1162\/revisions"}],"up":[{"embeddable":true,"href":"https:\/\/sso2.com\/vi\/wp-json\/wp\/v2\/pages\/388"}],"wp:attachment":[{"href":"https:\/\/sso2.com\/vi\/wp-json\/wp\/v2\/media?parent=1162"}],"curies":[{"name":"wp","href":"https:\/\/api.w.org\/{rel}","templated":true}]}}