{"id":896,"date":"2019-06-06T16:30:14","date_gmt":"2019-06-06T16:30:14","guid":{"rendered":"https:\/\/demo.activebizsolutions.com\/?post_type=product&#038;p=896"},"modified":"2025-11-19T12:23:04","modified_gmt":"2025-11-19T12:23:04","slug":"h2s-150","status":"publish","type":"product","link":"https:\/\/sso2.com\/tr\/product\/h2s-150\/","title":{"rendered":"H2S-150 Wall Mount Outdoor H2S Analyzer"},"content":{"rendered":"<p>The H2S-150 online H2S analyzer is designed to continuously measure hydrogen sulfide with very little maintenance requirement..\u00a0 The unit combines an advanced set of electronic features including a smart MENU interface with our industry leading precision H2S sensor technology. The result is a highly reliable and cost effective design with easy-to-use user interface.<\/p>\n<ul>\n<li>Muhafaza Tipi: Duvara Montaj; IP66 \/ NEMA 4X<\/li>\n<li>Muhafaza Malzemesi: Sa\u011flam Eloksall\u0131 Al\u00fcminyum<\/li>\n<li>Standart Aral\u0131klar: 0 - 10\/50\/100\/200 PPM<\/li>\n<li>Opsiyonel Aral\u0131klar: 0 - 100\/500\/1000\/2000 PPM<\/li>\n<li>Opsiyonel Aral\u0131klar: 0 - 1000\/2000\/5000\/10000 PPM<\/li>\n<li>\u00c7\u00f6z\u00fcn\u00fcrl\u00fck: 0,01 PPM, 0,1 PPM veya 1 PPM<\/li>\n<li>Input Power: 12 &#8211; 24V DC<\/li>\n<\/ul>\n<p>Dahili ak\u0131ll\u0131 MEN\u00dc aray\u00fcz\u00fc, kullan\u0131c\u0131n\u0131n yerle\u015fik MEN\u00dc sistemi arac\u0131l\u0131\u011f\u0131yla analiz\u00f6r\u00fc tamamen yap\u0131land\u0131rmas\u0131na olanak tan\u0131r.  Sahada analiz\u00f6r\u00fc ayarlamak i\u00e7in karma\u015f\u0131k bir diz\u00fcst\u00fc bilgisayara veya ba\u015fka bir kontrol cihaz\u0131na gerek yoktur.<\/p>\n<p>The H2S-150 comes in a 6-wire configuration with 12 \u2013 24V DC input power and non-isolated 4 \u2013 20mA, 0 \u2013 10VDC and 0 \u2013 1VDC analog output.<\/p>\n<p>H2S sens\u00f6r\u00fc galvanik elektrokimyasal yak\u0131t h\u00fccresi prensibine dayanmaktad\u0131r.  Sens\u00f6rler ba\u011f\u0131ms\u0131zd\u0131r ve minimum bak\u0131m gerektirir - elektrotlar\u0131 temizlemeye veya elektrolit eklemeye gerek yoktur.  Hassas sens\u00f6rler, beklenen \u00f6mr\u00fc en \u00fcst d\u00fczeye \u00e7\u0131kar\u0131rken m\u00fckemmel performans, do\u011fruluk ve kararl\u0131l\u0131k sunar.  Analiz\u00f6r 3 opsiyonel sens\u00f6rle birlikte gelir, H2S-1x 0 - 10 ppm, 0 - 50 ppm, 0 - 100 ppm, 0 - 200 ppm olmak \u00fczere d\u00f6rt aral\u0131\u011fa sahiptir.  H2S-2x 0 - 100 ppm, 0 - 500 ppm, 0 - 1000 ppm ve 0 - 2000 ppm aral\u0131\u011f\u0131na sahiptir. H2S-3x 0 - 1000 ppm, 0 - 2000 ppm, 0 - 5000 ppm ve 0 - 10000 ppm de\u011ferlerine sahiptir.<\/p>\n<p>Sens\u00f6rler ba\u011f\u0131ms\u0131zd\u0131r ve minimum bak\u0131m gerektirir - elektrotlar\u0131 temizlemeye veya elektrolit eklemeye gerek yoktur.<\/p>\n<p>Bu analiz\u00f6r\u00fcn ba\u015fl\u0131ca kullan\u0131m alanlar\u0131 aras\u0131nda do\u011fal gaz, \u00e7\u00f6p sahas\u0131 ve biyogaz uygulamalar\u0131 yer almaktad\u0131r.<\/p>","protected":false},"excerpt":{"rendered":"<p>The H2S-150 online H2S analyzer is designed to continuously measure hydrogen sulfide with very little maintenance requirement..\u00a0 The unit combines an advanced set of electronic features including a smart MENU interface with our industry leading precision H2S sensor technology. The result is a highly reliable and cost effective design with easy-to-use user interface. Enclosure Type: [&hellip;]<\/p>\n","protected":false},"featured_media":3940,"comment_status":"open","ping_status":"closed","template":"","meta":[],"product_brand":[],"product_cat":[26],"product_tag":[],"class_list":{"0":"post-896","1":"product","2":"type-product","3":"status-publish","4":"has-post-thumbnail","6":"product_cat-industrial-oxygen-analyzers","8":"first","9":"instock","10":"shipping-taxable","11":"product-type-external"},"yoast_head":"<!-- This site is optimized with the Yoast SEO Premium plugin v27.4 (Yoast SEO v27.4) - https:\/\/yoast.com\/product\/yoast-seo-premium-wordpress\/ -->\n<title>H2S-150 Wall Mount Outdoor H2S Analyzer | Gas Detector<\/title>\n<meta name=\"description\" content=\"The H2S-150 is a wall mount outdoor H2S analyzer and gas detector. Reliable monitoring for industrial areas and environmental applications.\" \/>\n<meta name=\"robots\" content=\"index, follow, max-snippet:-1, max-image-preview:large, max-video-preview:-1\" \/>\n<link rel=\"canonical\" href=\"https:\/\/sso2.com\/tr\/urun\/h2s-150\/\" \/>\n<meta property=\"og:locale\" content=\"tr_TR\" \/>\n<meta property=\"og:type\" content=\"article\" \/>\n<meta property=\"og:title\" content=\"H2S-150 Wall Mount Outdoor H2S Analyzer\" \/>\n<meta property=\"og:description\" content=\"The H2S-150 is a wall mount outdoor H2S analyzer and gas detector. Reliable monitoring for industrial areas and environmental applications.\" \/>\n<meta property=\"og:url\" content=\"https:\/\/sso2.com\/tr\/urun\/h2s-150\/\" \/>\n<meta property=\"og:site_name\" content=\"Southland Sensing Ltd.\" \/>\n<meta property=\"article:modified_time\" content=\"2025-11-19T12:23:04+00:00\" \/>\n<meta property=\"og:image\" content=\"https:\/\/sso2.com\/wp-content\/uploads\/2025\/07\/h2s-150.png\" \/>\n\t<meta property=\"og:image:width\" content=\"349\" \/>\n\t<meta property=\"og:image:height\" content=\"480\" \/>\n\t<meta property=\"og:image:type\" content=\"image\/png\" \/>\n<meta name=\"twitter:card\" content=\"summary_large_image\" \/>\n<meta name=\"twitter:label1\" content=\"Fiyat\" \/>\n\t<meta name=\"twitter:data1\" content=\"\" \/>\n\t<meta name=\"twitter:label2\" content=\"Durumu\" \/>\n\t<meta name=\"twitter:data2\" content=\"Stokta var\" \/>\n<script type=\"application\/ld+json\" class=\"yoast-schema-graph\">{\"@context\":\"https:\\\/\\\/schema.org\",\"@graph\":[{\"@type\":\"WebPage\",\"@id\":\"https:\\\/\\\/sso2.com\\\/product\\\/h2s-150\\\/\",\"url\":\"https:\\\/\\\/sso2.com\\\/product\\\/h2s-150\\\/\",\"name\":\"H2S-150 Wall Mount Outdoor H2S Analyzer | Gas Detector\",\"isPartOf\":{\"@id\":\"https:\\\/\\\/sso2.com\\\/#website\"},\"primaryImageOfPage\":{\"@id\":\"https:\\\/\\\/sso2.com\\\/product\\\/h2s-150\\\/#primaryimage\"},\"image\":{\"@id\":\"https:\\\/\\\/sso2.com\\\/product\\\/h2s-150\\\/#primaryimage\"},\"thumbnailUrl\":\"https:\\\/\\\/i0.wp.com\\\/sso2.com\\\/wp-content\\\/uploads\\\/2025\\\/07\\\/h2s-150.png?fit=349%2C480&ssl=1\",\"datePublished\":\"2019-06-06T16:30:14+00:00\",\"dateModified\":\"2025-11-19T12:23:04+00:00\",\"description\":\"The H2S-150 is a wall mount outdoor H2S analyzer and gas detector. Reliable monitoring for industrial areas and environmental applications.\",\"breadcrumb\":{\"@id\":\"https:\\\/\\\/sso2.com\\\/product\\\/h2s-150\\\/#breadcrumb\"},\"inLanguage\":\"tr\",\"potentialAction\":[{\"@type\":\"ReadAction\",\"target\":[\"https:\\\/\\\/sso2.com\\\/product\\\/h2s-150\\\/\"]}]},{\"@type\":\"ImageObject\",\"inLanguage\":\"tr\",\"@id\":\"https:\\\/\\\/sso2.com\\\/product\\\/h2s-150\\\/#primaryimage\",\"url\":\"https:\\\/\\\/i0.wp.com\\\/sso2.com\\\/wp-content\\\/uploads\\\/2025\\\/07\\\/h2s-150.png?fit=349%2C480&ssl=1\",\"contentUrl\":\"https:\\\/\\\/i0.wp.com\\\/sso2.com\\\/wp-content\\\/uploads\\\/2025\\\/07\\\/h2s-150.png?fit=349%2C480&ssl=1\",\"width\":349,\"height\":480},{\"@type\":\"BreadcrumbList\",\"@id\":\"https:\\\/\\\/sso2.com\\\/product\\\/h2s-150\\\/#breadcrumb\",\"itemListElement\":[{\"@type\":\"ListItem\",\"position\":1,\"name\":\"Home\",\"item\":\"https:\\\/\\\/sso2.com\\\/en\\\/\"},{\"@type\":\"ListItem\",\"position\":2,\"name\":\"Shop\",\"item\":\"https:\\\/\\\/sso2.com\\\/shop\\\/\"},{\"@type\":\"ListItem\",\"position\":3,\"name\":\"H2S-150 Wall Mount Outdoor H2S Analyzer\"}]},{\"@type\":\"WebSite\",\"@id\":\"https:\\\/\\\/sso2.com\\\/#website\",\"url\":\"https:\\\/\\\/sso2.com\\\/\",\"name\":\"Southland Sensing Ltd.\",\"description\":\"Industrial &amp; Medical Gas Analyzers Oxygen CO\u2082, &amp; H\u2082 Monitors\",\"publisher\":{\"@id\":\"https:\\\/\\\/sso2.com\\\/#organization\"},\"alternateName\":\"SSO2\",\"potentialAction\":[{\"@type\":\"SearchAction\",\"target\":{\"@type\":\"EntryPoint\",\"urlTemplate\":\"https:\\\/\\\/sso2.com\\\/?s={search_term_string}\"},\"query-input\":{\"@type\":\"PropertyValueSpecification\",\"valueRequired\":true,\"valueName\":\"search_term_string\"}}],\"inLanguage\":\"tr\"},{\"@type\":\"Organization\",\"@id\":\"https:\\\/\\\/sso2.com\\\/#organization\",\"name\":\"Southland Sensing Ltd.\",\"alternateName\":\"SSO2\",\"url\":\"https:\\\/\\\/sso2.com\\\/\",\"logo\":{\"@type\":\"ImageObject\",\"inLanguage\":\"tr\",\"@id\":\"https:\\\/\\\/sso2.com\\\/#\\\/schema\\\/logo\\\/image\\\/\",\"url\":\"https:\\\/\\\/sso2.com\\\/wp-content\\\/uploads\\\/2025\\\/10\\\/sso2_300pixel.webp\",\"contentUrl\":\"https:\\\/\\\/sso2.com\\\/wp-content\\\/uploads\\\/2025\\\/10\\\/sso2_300pixel.webp\",\"width\":300,\"height\":50,\"caption\":\"Southland Sensing Ltd.\"},\"image\":{\"@id\":\"https:\\\/\\\/sso2.com\\\/#\\\/schema\\\/logo\\\/image\\\/\"},\"sameAs\":[\"https:\\\/\\\/www.linkedin.com\\\/company\\\/southland-sensing-ltd\\\/\"],\"description\":\"Southland Sensing Ltd. brings together superior performance, an improved user experience, and unmatched application expertise to deliver an accurate and reliable measurement solution. That\u2019s why multinationals, small companies and universities alike turn to us again and again.\",\"email\":\"sales@sso2.com\",\"telephone\":\"1-949-398-2879\",\"legalName\":\"Southland Sensing Ltd.\",\"foundingDate\":\"2013-01-01\",\"numberOfEmployees\":{\"@type\":\"QuantitativeValue\",\"minValue\":\"11\",\"maxValue\":\"50\"},\"publishingPrinciples\":\"https:\\\/\\\/sso2.com\\\/contact-us\\\/\",\"ownershipFundingInfo\":\"https:\\\/\\\/sso2.com\\\/about-us\\\/\",\"actionableFeedbackPolicy\":\"https:\\\/\\\/sso2.com\\\/contact-us\\\/\"}]}<\/script>\n<meta property=\"product:price:currency\" content=\"USD\" \/>\n<meta property=\"og:availability\" content=\"instock\" \/>\n<meta property=\"product:availability\" content=\"instock\" \/>\n<meta property=\"product:condition\" content=\"new\" \/>\n<!-- \/ Yoast SEO Premium plugin. -->","yoast_head_json":{"title":"H2S-150 Duvara Monte Edilebilir D\u0131\u015f Mekan H2S Analiz Cihaz\u0131 | Gaz Dedekt\u00f6r\u00fc","description":"H2S-150, duvara monte edilebilen, d\u0131\u015f mekan kullan\u0131m\u0131na uygun bir H2S analiz\u00f6r\u00fc ve gaz dedekt\u00f6r\u00fcd\u00fcr. End\u00fcstriyel alanlar ve \u00e7evresel uygulamalar i\u00e7in g\u00fcvenilir izleme sa\u011flar.","robots":{"index":"index","follow":"follow","max-snippet":"max-snippet:-1","max-image-preview":"max-image-preview:large","max-video-preview":"max-video-preview:-1"},"canonical":"https:\/\/sso2.com\/tr\/urun\/h2s-150\/","og_locale":"tr_TR","og_type":"article","og_title":"H2S-150 Wall Mount Outdoor H2S Analyzer","og_description":"The H2S-150 is a wall mount outdoor H2S analyzer and gas detector. Reliable monitoring for industrial areas and environmental applications.","og_url":"https:\/\/sso2.com\/tr\/urun\/h2s-150\/","og_site_name":"Southland Sensing Ltd.","article_modified_time":"2025-11-19T12:23:04+00:00","og_image":[{"width":349,"height":480,"url":"https:\/\/sso2.com\/wp-content\/uploads\/2025\/07\/h2s-150.png","type":"image\/png"}],"twitter_card":"summary_large_image","twitter_misc":{"Fiyat":"","Durumu":"Stokta var"},"schema":{"@context":"https:\/\/schema.org","@graph":[{"@type":"WebPage","@id":"https:\/\/sso2.com\/product\/h2s-150\/","url":"https:\/\/sso2.com\/product\/h2s-150\/","name":"H2S-150 Duvara Monte Edilebilir D\u0131\u015f Mekan H2S Analiz Cihaz\u0131 | Gaz Dedekt\u00f6r\u00fc","isPartOf":{"@id":"https:\/\/sso2.com\/#website"},"primaryImageOfPage":{"@id":"https:\/\/sso2.com\/product\/h2s-150\/#primaryimage"},"image":{"@id":"https:\/\/sso2.com\/product\/h2s-150\/#primaryimage"},"thumbnailUrl":"https:\/\/i0.wp.com\/sso2.com\/wp-content\/uploads\/2025\/07\/h2s-150.png?fit=349%2C480&ssl=1","datePublished":"2019-06-06T16:30:14+00:00","dateModified":"2025-11-19T12:23:04+00:00","description":"H2S-150, duvara monte edilebilen, d\u0131\u015f mekan kullan\u0131m\u0131na uygun bir H2S analiz\u00f6r\u00fc ve gaz dedekt\u00f6r\u00fcd\u00fcr. End\u00fcstriyel alanlar ve \u00e7evresel uygulamalar i\u00e7in g\u00fcvenilir izleme sa\u011flar.","breadcrumb":{"@id":"https:\/\/sso2.com\/product\/h2s-150\/#breadcrumb"},"inLanguage":"tr","potentialAction":[{"@type":"ReadAction","target":["https:\/\/sso2.com\/product\/h2s-150\/"]}]},{"@type":"ImageObject","inLanguage":"tr","@id":"https:\/\/sso2.com\/product\/h2s-150\/#primaryimage","url":"https:\/\/i0.wp.com\/sso2.com\/wp-content\/uploads\/2025\/07\/h2s-150.png?fit=349%2C480&ssl=1","contentUrl":"https:\/\/i0.wp.com\/sso2.com\/wp-content\/uploads\/2025\/07\/h2s-150.png?fit=349%2C480&ssl=1","width":349,"height":480},{"@type":"BreadcrumbList","@id":"https:\/\/sso2.com\/product\/h2s-150\/#breadcrumb","itemListElement":[{"@type":"ListItem","position":1,"name":"Home","item":"https:\/\/sso2.com\/en\/"},{"@type":"ListItem","position":2,"name":"Shop","item":"https:\/\/sso2.com\/shop\/"},{"@type":"ListItem","position":3,"name":"H2S-150 Wall Mount Outdoor H2S Analyzer"}]},{"@type":"WebSite","@id":"https:\/\/sso2.com\/#website","url":"https:\/\/sso2.com\/","name":"Southland Sensing Ltd.","description":"Industrial &amp; Medical Gas Analyzers Oxygen CO\u2082, &amp; H\u2082 Monitors","publisher":{"@id":"https:\/\/sso2.com\/#organization"},"alternateName":"SSO2","potentialAction":[{"@type":"SearchAction","target":{"@type":"EntryPoint","urlTemplate":"https:\/\/sso2.com\/?s={search_term_string}"},"query-input":{"@type":"PropertyValueSpecification","valueRequired":true,"valueName":"search_term_string"}}],"inLanguage":"tr"},{"@type":"Organization","@id":"https:\/\/sso2.com\/#organization","name":"Southland Sensing Ltd.","alternateName":"SSO2","url":"https:\/\/sso2.com\/","logo":{"@type":"ImageObject","inLanguage":"tr","@id":"https:\/\/sso2.com\/#\/schema\/logo\/image\/","url":"https:\/\/sso2.com\/wp-content\/uploads\/2025\/10\/sso2_300pixel.webp","contentUrl":"https:\/\/sso2.com\/wp-content\/uploads\/2025\/10\/sso2_300pixel.webp","width":300,"height":50,"caption":"Southland Sensing Ltd."},"image":{"@id":"https:\/\/sso2.com\/#\/schema\/logo\/image\/"},"sameAs":["https:\/\/www.linkedin.com\/company\/southland-sensing-ltd\/"],"description":"Southland Sensing Ltd. brings together superior performance, an improved user experience, and unmatched application expertise to deliver an accurate and reliable measurement solution. That\u2019s why multinationals, small companies and universities alike turn to us again and again.","email":"sales@sso2.com","telephone":"1-949-398-2879","legalName":"Southland Sensing Ltd.","foundingDate":"2013-01-01","numberOfEmployees":{"@type":"QuantitativeValue","minValue":"11","maxValue":"50"},"publishingPrinciples":"https:\/\/sso2.com\/contact-us\/","ownershipFundingInfo":"https:\/\/sso2.com\/about-us\/","actionableFeedbackPolicy":"https:\/\/sso2.com\/contact-us\/"}]},"product_price_currency":"USD","og_availability":"instock","product_availability":"instock","product_condition":"new"},"jetpack_sharing_enabled":true,"_links":{"self":[{"href":"https:\/\/sso2.com\/tr\/wp-json\/wp\/v2\/product\/896","targetHints":{"allow":["GET"]}}],"collection":[{"href":"https:\/\/sso2.com\/tr\/wp-json\/wp\/v2\/product"}],"about":[{"href":"https:\/\/sso2.com\/tr\/wp-json\/wp\/v2\/types\/product"}],"replies":[{"embeddable":true,"href":"https:\/\/sso2.com\/tr\/wp-json\/wp\/v2\/comments?post=896"}],"wp:featuredmedia":[{"embeddable":true,"href":"https:\/\/sso2.com\/tr\/wp-json\/wp\/v2\/media\/3940"}],"wp:attachment":[{"href":"https:\/\/sso2.com\/tr\/wp-json\/wp\/v2\/media?parent=896"}],"wp:term":[{"taxonomy":"product_brand","embeddable":true,"href":"https:\/\/sso2.com\/tr\/wp-json\/wp\/v2\/product_brand?post=896"},{"taxonomy":"product_cat","embeddable":true,"href":"https:\/\/sso2.com\/tr\/wp-json\/wp\/v2\/product_cat?post=896"},{"taxonomy":"product_tag","embeddable":true,"href":"https:\/\/sso2.com\/tr\/wp-json\/wp\/v2\/product_tag?post=896"}],"curies":[{"name":"wp","href":"https:\/\/api.w.org\/{rel}","templated":true}]}}