{"id":862,"date":"2019-05-07T17:24:48","date_gmt":"2019-05-07T17:24:48","guid":{"rendered":"https:\/\/demo.activebizsolutions.com\/?post_type=product&#038;p=862"},"modified":"2025-11-19T12:27:10","modified_gmt":"2025-11-19T12:27:10","slug":"portable-trace-hydrogen-sulfide-analyzer-ce","status":"publish","type":"product","link":"https:\/\/sso2.com\/tr\/product\/portable-trace-hydrogen-sulfide-analyzer-ce\/","title":{"rendered":"H2S-740 Ta\u015f\u0131nabilir Eser Hidrojen S\u00fclf\u00fcr Analiz\u00f6r\u00fc"},"content":{"rendered":"<p>H2S-740 Ta\u015f\u0131nabilir Hidrojen S\u00fclf\u00fcr analiz\u00f6r\u00fc, sa\u011flam bir anodize al\u00fcminyum muhafazay\u0131 ve ak\u0131ll\u0131 bir MEN\u00dc aray\u00fcz\u00fc de dahil olmak \u00fczere geli\u015fmi\u015f bir dizi elektronik \u00f6zelli\u011fi SSO2\u2019nin hassas sens\u00f6r teknolojimizle birle\u015ftirir.  Sonu\u00e7, kullan\u0131m\u0131 kolay kullan\u0131c\u0131 aray\u00fcz\u00fcne sahip son derece g\u00fcvenilir ve uygun maliyetli bir tasar\u0131md\u0131r.<\/p>\n<ul>\n<li>Muhafaza: Eloksall\u0131 Al\u00fcminyum; Ta\u015f\u0131nabilir<\/li>\n<li>Standart Aral\u0131klar: 0 - 10\/50\/100\/200 PPM<\/li>\n<li>Opsiyonel Aral\u0131klar: 0 - 100\/500\/1000\/2000 PPM<\/li>\n<li>Opsiyonel Aral\u0131klar: 0 - 1000\/2000\/5000\/10000 PPM<\/li>\n<li>\u00c7\u00f6z\u00fcn\u00fcrl\u00fck: 0,01 PPM, 0,1 PPM veya 1 PPM<\/li>\n<li>Giri\u015f G\u00fcc\u00fc: 100 - 240 VAC w\/ Uluslararas\u0131 Fi\u015f<\/li>\n<li>Analog \u00c7\u0131k\u0131\u015f: 0 - 1V DC<\/li>\n<li>Veri Kayd\u0131: \u00c7\u0131kar\u0131labilir USB Flash S\u00fcr\u00fcc\u00fc<\/li>\n<li>Opsiyonel Entegre Numune Alma Pompas\u0131<\/li>\n<\/ul>\n<p>Dahili ak\u0131ll\u0131 MEN\u00dc aray\u00fcz\u00fc, kullan\u0131c\u0131n\u0131n yerle\u015fik MEN\u00dc sistemi arac\u0131l\u0131\u011f\u0131yla analiz\u00f6r\u00fc tamamen yap\u0131land\u0131rmas\u0131na olanak tan\u0131r.  Sahada analiz\u00f6r\u00fc ayarlamak i\u00e7in karma\u015f\u0131k bir diz\u00fcst\u00fc bilgisayara veya ba\u015fka bir kontrol cihaz\u0131na gerek yoktur.<\/p>\n<p>H2S sens\u00f6r\u00fc galvanik elektrokimyasal yak\u0131t h\u00fccresi prensibine dayanmaktad\u0131r.  Sens\u00f6rler ba\u011f\u0131ms\u0131zd\u0131r ve minimum bak\u0131m gerektirir - elektrotlar\u0131 temizlemeye veya elektrolit eklemeye gerek yoktur.  Hassas sens\u00f6rler, beklenen \u00f6mr\u00fc en \u00fcst d\u00fczeye \u00e7\u0131kar\u0131rken m\u00fckemmel performans, do\u011fruluk ve kararl\u0131l\u0131k sunar.  Analiz\u00f6r 3 opsiyonel sens\u00f6rle birlikte gelir, H2S-1x 0 - 10 ppm, 0 - 50 ppm, 0 - 100 ppm, 0 - 200 ppm olmak \u00fczere d\u00f6rt aral\u0131\u011fa sahiptir.  H2S-2x 0 - 100 ppm, 0 - 500 ppm, 0 - 1000 ppm ve 0 - 2000 ppm aral\u0131\u011f\u0131na sahiptir. H2S-3x 0 - 1000 ppm, 0 - 2000 ppm, 0 - 5000 ppm ve 0 - 10000 ppm de\u011ferlerine sahiptir.<\/p>\n<p>CSV (Excel) dosya format\u0131 arac\u0131l\u0131\u011f\u0131yla veri kayd\u0131 i\u00e7in \u00e7\u0131kar\u0131labilir bir USB flash s\u00fcr\u00fcc\u00fc. 8GB USB Flash S\u00fcr\u00fcc\u00fc ile depolama alan\u0131n\u0131z t\u00fckenmeden yakla\u015f\u0131k 50 y\u0131l boyunca 1 dakikal\u0131k aral\u0131klarla veri kayd\u0131 yapabilirsiniz. Geli\u015fmi\u015f elektronik \u00f6zellikler ve verilere kolayca eri\u015fme esnekli\u011fi, bu analiz\u00f6r\u00fcn piyasada e\u015fsiz olmas\u0131n\u0131 sa\u011flar.<\/p>\n<p>Analiz\u00f6r\u00fcn ekran\u0131 do\u011frudan g\u00fcne\u015f \u0131\u015f\u0131\u011f\u0131 alt\u0131nda kullan\u0131lmak \u00fczere tasarlanm\u0131\u015ft\u0131r. Ekran\u0131 g\u00f6rmek i\u00e7in bir g\u00f6lge veya ba\u015fka bir y\u00f6ntem getirmenize gerek yoktur.<\/p>\n<p>Analiz\u00f6r, ak\u0131\u015f kontrol d\u00fc\u011fmesi ve ak\u0131\u015f g\u00f6stergesi i\u00e7eren dahili bir numune sistemi ile birlikte gelir.  Gaz giri\u015fi 1\/8\u2033 S\u0131k\u0131\u015ft\u0131rma t\u00fcp\u00fc ba\u011flant\u0131s\u0131 ile yap\u0131l\u0131r.<\/p>","protected":false},"excerpt":{"rendered":"<p>The H2S-740 Portable Hydrogen Sulfide analyzer combine a rugged anodized aluminum enclosure and an advanced set of electronic features including a smart MENU interface with our SSO2&#8217;s precision sensor technology.\u00a0 The result is a highly reliable and cost effective design with easy-to-use user interface. Enclosure: Anodized Aluminum; Portable Standard Ranges: 0 \u2013 10\/50\/100\/200 PPM Optional [&hellip;]<\/p>\n","protected":false},"featured_media":3941,"comment_status":"open","ping_status":"closed","template":"","meta":[],"product_brand":[],"product_cat":[26],"product_tag":[],"class_list":{"0":"post-862","1":"product","2":"type-product","3":"status-publish","4":"has-post-thumbnail","6":"product_cat-industrial-oxygen-analyzers","8":"first","9":"instock","10":"shipping-taxable","11":"product-type-external"},"yoast_head":"<!-- This site is optimized with the Yoast SEO Premium plugin v27.2 (Yoast SEO v27.2) - https:\/\/yoast.com\/product\/yoast-seo-premium-wordpress\/ -->\n<title>H2S-740 Portable Trace H2S Analyzer | Gas Detector<\/title>\n<meta name=\"description\" content=\"The H2S-740 is a portable analyzer for trace hydrogen sulfide (H2S). Reliable gas detection for ambient air and deficient atmosphere monitoring.\" \/>\n<meta name=\"robots\" content=\"index, follow, max-snippet:-1, max-image-preview:large, max-video-preview:-1\" \/>\n<link rel=\"canonical\" href=\"https:\/\/sso2.com\/tr\/urun\/portable-trace-hydrogen-sulfide-analyzer-ce\/\" \/>\n<meta property=\"og:locale\" content=\"tr_TR\" \/>\n<meta property=\"og:type\" content=\"article\" \/>\n<meta property=\"og:title\" content=\"H2S-740 Portable Trace Hydrogen Sulfide Analyzer\" \/>\n<meta property=\"og:description\" content=\"The H2S-740 is a portable analyzer for trace hydrogen sulfide (H2S). Reliable gas detection for ambient air and deficient atmosphere monitoring.\" \/>\n<meta property=\"og:url\" content=\"https:\/\/sso2.com\/tr\/urun\/portable-trace-hydrogen-sulfide-analyzer-ce\/\" \/>\n<meta property=\"og:site_name\" content=\"Southland Sensing Ltd.\" \/>\n<meta property=\"article:modified_time\" content=\"2025-11-19T12:27:10+00:00\" \/>\n<meta property=\"og:image\" content=\"https:\/\/sso2.com\/wp-content\/uploads\/2025\/07\/h2s-740.png\" \/>\n\t<meta property=\"og:image:width\" content=\"334\" \/>\n\t<meta property=\"og:image:height\" content=\"412\" \/>\n\t<meta property=\"og:image:type\" content=\"image\/png\" \/>\n<meta name=\"twitter:card\" content=\"summary_large_image\" \/>\n<meta name=\"twitter:label1\" content=\"Fiyat\" \/>\n\t<meta name=\"twitter:data1\" content=\"\" \/>\n\t<meta name=\"twitter:label2\" content=\"Durumu\" \/>\n\t<meta name=\"twitter:data2\" content=\"Stokta var\" \/>\n<script type=\"application\/ld+json\" class=\"yoast-schema-graph\">{\"@context\":\"https:\/\/schema.org\",\"@graph\":[{\"@type\":\"WebPage\",\"@id\":\"https:\/\/sso2.com\/product\/portable-trace-hydrogen-sulfide-analyzer-ce\/\",\"url\":\"https:\/\/sso2.com\/product\/portable-trace-hydrogen-sulfide-analyzer-ce\/\",\"name\":\"H2S-740 Portable Trace H2S Analyzer | Gas Detector\",\"isPartOf\":{\"@id\":\"https:\/\/sso2.com\/#website\"},\"primaryImageOfPage\":{\"@id\":\"https:\/\/sso2.com\/product\/portable-trace-hydrogen-sulfide-analyzer-ce\/#primaryimage\"},\"image\":{\"@id\":\"https:\/\/sso2.com\/product\/portable-trace-hydrogen-sulfide-analyzer-ce\/#primaryimage\"},\"thumbnailUrl\":\"https:\/\/i0.wp.com\/sso2.com\/wp-content\/uploads\/2025\/07\/h2s-740.png?fit=334%2C412&ssl=1\",\"datePublished\":\"2019-05-07T17:24:48+00:00\",\"dateModified\":\"2025-11-19T12:27:10+00:00\",\"description\":\"The H2S-740 is a portable analyzer for trace hydrogen sulfide (H2S). Reliable gas detection for ambient air and deficient atmosphere monitoring.\",\"breadcrumb\":{\"@id\":\"https:\/\/sso2.com\/product\/portable-trace-hydrogen-sulfide-analyzer-ce\/#breadcrumb\"},\"inLanguage\":\"tr\",\"potentialAction\":[{\"@type\":\"ReadAction\",\"target\":[\"https:\/\/sso2.com\/product\/portable-trace-hydrogen-sulfide-analyzer-ce\/\"]}]},{\"@type\":\"ImageObject\",\"inLanguage\":\"tr\",\"@id\":\"https:\/\/sso2.com\/product\/portable-trace-hydrogen-sulfide-analyzer-ce\/#primaryimage\",\"url\":\"https:\/\/i0.wp.com\/sso2.com\/wp-content\/uploads\/2025\/07\/h2s-740.png?fit=334%2C412&ssl=1\",\"contentUrl\":\"https:\/\/i0.wp.com\/sso2.com\/wp-content\/uploads\/2025\/07\/h2s-740.png?fit=334%2C412&ssl=1\",\"width\":334,\"height\":412},{\"@type\":\"BreadcrumbList\",\"@id\":\"https:\/\/sso2.com\/product\/portable-trace-hydrogen-sulfide-analyzer-ce\/#breadcrumb\",\"itemListElement\":[{\"@type\":\"ListItem\",\"position\":1,\"name\":\"Home\",\"item\":\"https:\/\/sso2.com\/en\/\"},{\"@type\":\"ListItem\",\"position\":2,\"name\":\"Shop\",\"item\":\"https:\/\/sso2.com\/shop\/\"},{\"@type\":\"ListItem\",\"position\":3,\"name\":\"H2S-740 Portable Trace Hydrogen Sulfide Analyzer\"}]},{\"@type\":\"WebSite\",\"@id\":\"https:\/\/sso2.com\/#website\",\"url\":\"https:\/\/sso2.com\/\",\"name\":\"Southland Sensing Ltd.\",\"description\":\"Industrial &amp; Medical Gas Analyzers Oxygen CO\u2082, &amp; H\u2082 Monitors\",\"publisher\":{\"@id\":\"https:\/\/sso2.com\/#organization\"},\"alternateName\":\"SSO2\",\"potentialAction\":[{\"@type\":\"SearchAction\",\"target\":{\"@type\":\"EntryPoint\",\"urlTemplate\":\"https:\/\/sso2.com\/?s={search_term_string}\"},\"query-input\":{\"@type\":\"PropertyValueSpecification\",\"valueRequired\":true,\"valueName\":\"search_term_string\"}}],\"inLanguage\":\"tr\"},{\"@type\":\"Organization\",\"@id\":\"https:\/\/sso2.com\/#organization\",\"name\":\"Southland Sensing Ltd.\",\"alternateName\":\"SSO2\",\"url\":\"https:\/\/sso2.com\/\",\"logo\":{\"@type\":\"ImageObject\",\"inLanguage\":\"tr\",\"@id\":\"https:\/\/sso2.com\/#\/schema\/logo\/image\/\",\"url\":\"https:\/\/sso2.com\/wp-content\/uploads\/2025\/10\/sso2_300pixel.webp\",\"contentUrl\":\"https:\/\/sso2.com\/wp-content\/uploads\/2025\/10\/sso2_300pixel.webp\",\"width\":300,\"height\":50,\"caption\":\"Southland Sensing Ltd.\"},\"image\":{\"@id\":\"https:\/\/sso2.com\/#\/schema\/logo\/image\/\"},\"sameAs\":[\"https:\/\/www.linkedin.com\/company\/southland-sensing-ltd\/\"],\"description\":\"Southland Sensing Ltd. brings together superior performance, an improved user experience, and unmatched application expertise to deliver an accurate and reliable measurement solution. That\u2019s why multinationals, small companies and universities alike turn to us again and again.\",\"email\":\"sales@sso2.com\",\"telephone\":\"1-949-398-2879\",\"legalName\":\"Southland Sensing Ltd.\",\"foundingDate\":\"2013-01-01\",\"numberOfEmployees\":{\"@type\":\"QuantitativeValue\",\"minValue\":\"11\",\"maxValue\":\"50\"},\"publishingPrinciples\":\"https:\/\/sso2.com\/contact-us\/\",\"ownershipFundingInfo\":\"https:\/\/sso2.com\/about-us\/\",\"actionableFeedbackPolicy\":\"https:\/\/sso2.com\/contact-us\/\"}]}<\/script>\n<meta property=\"product:price:currency\" content=\"USD\" \/>\n<meta property=\"og:availability\" content=\"instock\" \/>\n<meta property=\"product:availability\" content=\"instock\" \/>\n<meta property=\"product:condition\" content=\"new\" \/>\n<!-- \/ Yoast SEO Premium plugin. -->","yoast_head_json":{"title":"H2S-740 Ta\u015f\u0131nabilir \u0130z H2S Analiz Cihaz\u0131 | Gaz Dedekt\u00f6r\u00fc","description":"H2S-740, eser miktardaki hidrojen s\u00fclf\u00fcr (H2S) i\u00e7in ta\u015f\u0131nabilir bir analiz cihaz\u0131d\u0131r. Ortam havas\u0131 ve eksik atmosfer izleme i\u00e7in g\u00fcvenilir gaz tespiti sa\u011flar.","robots":{"index":"index","follow":"follow","max-snippet":"max-snippet:-1","max-image-preview":"max-image-preview:large","max-video-preview":"max-video-preview:-1"},"canonical":"https:\/\/sso2.com\/tr\/urun\/portable-trace-hydrogen-sulfide-analyzer-ce\/","og_locale":"tr_TR","og_type":"article","og_title":"H2S-740 Portable Trace Hydrogen Sulfide Analyzer","og_description":"The H2S-740 is a portable analyzer for trace hydrogen sulfide (H2S). Reliable gas detection for ambient air and deficient atmosphere monitoring.","og_url":"https:\/\/sso2.com\/tr\/urun\/portable-trace-hydrogen-sulfide-analyzer-ce\/","og_site_name":"Southland Sensing Ltd.","article_modified_time":"2025-11-19T12:27:10+00:00","og_image":[{"width":334,"height":412,"url":"https:\/\/sso2.com\/wp-content\/uploads\/2025\/07\/h2s-740.png","type":"image\/png"}],"twitter_card":"summary_large_image","twitter_misc":{"Fiyat":"","Durumu":"Stokta var"},"schema":{"@context":"https:\/\/schema.org","@graph":[{"@type":"WebPage","@id":"https:\/\/sso2.com\/product\/portable-trace-hydrogen-sulfide-analyzer-ce\/","url":"https:\/\/sso2.com\/product\/portable-trace-hydrogen-sulfide-analyzer-ce\/","name":"H2S-740 Ta\u015f\u0131nabilir \u0130z H2S Analiz Cihaz\u0131 | Gaz Dedekt\u00f6r\u00fc","isPartOf":{"@id":"https:\/\/sso2.com\/#website"},"primaryImageOfPage":{"@id":"https:\/\/sso2.com\/product\/portable-trace-hydrogen-sulfide-analyzer-ce\/#primaryimage"},"image":{"@id":"https:\/\/sso2.com\/product\/portable-trace-hydrogen-sulfide-analyzer-ce\/#primaryimage"},"thumbnailUrl":"https:\/\/i0.wp.com\/sso2.com\/wp-content\/uploads\/2025\/07\/h2s-740.png?fit=334%2C412&ssl=1","datePublished":"2019-05-07T17:24:48+00:00","dateModified":"2025-11-19T12:27:10+00:00","description":"H2S-740, eser miktardaki hidrojen s\u00fclf\u00fcr (H2S) i\u00e7in ta\u015f\u0131nabilir bir analiz cihaz\u0131d\u0131r. Ortam havas\u0131 ve eksik atmosfer izleme i\u00e7in g\u00fcvenilir gaz tespiti sa\u011flar.","breadcrumb":{"@id":"https:\/\/sso2.com\/product\/portable-trace-hydrogen-sulfide-analyzer-ce\/#breadcrumb"},"inLanguage":"tr","potentialAction":[{"@type":"ReadAction","target":["https:\/\/sso2.com\/product\/portable-trace-hydrogen-sulfide-analyzer-ce\/"]}]},{"@type":"ImageObject","inLanguage":"tr","@id":"https:\/\/sso2.com\/product\/portable-trace-hydrogen-sulfide-analyzer-ce\/#primaryimage","url":"https:\/\/i0.wp.com\/sso2.com\/wp-content\/uploads\/2025\/07\/h2s-740.png?fit=334%2C412&ssl=1","contentUrl":"https:\/\/i0.wp.com\/sso2.com\/wp-content\/uploads\/2025\/07\/h2s-740.png?fit=334%2C412&ssl=1","width":334,"height":412},{"@type":"BreadcrumbList","@id":"https:\/\/sso2.com\/product\/portable-trace-hydrogen-sulfide-analyzer-ce\/#breadcrumb","itemListElement":[{"@type":"ListItem","position":1,"name":"Home","item":"https:\/\/sso2.com\/en\/"},{"@type":"ListItem","position":2,"name":"Shop","item":"https:\/\/sso2.com\/shop\/"},{"@type":"ListItem","position":3,"name":"H2S-740 Portable Trace Hydrogen Sulfide Analyzer"}]},{"@type":"WebSite","@id":"https:\/\/sso2.com\/#website","url":"https:\/\/sso2.com\/","name":"Southland Sensing Ltd.","description":"Industrial &amp; Medical Gas Analyzers Oxygen CO\u2082, &amp; H\u2082 Monitors","publisher":{"@id":"https:\/\/sso2.com\/#organization"},"alternateName":"SSO2","potentialAction":[{"@type":"SearchAction","target":{"@type":"EntryPoint","urlTemplate":"https:\/\/sso2.com\/?s={search_term_string}"},"query-input":{"@type":"PropertyValueSpecification","valueRequired":true,"valueName":"search_term_string"}}],"inLanguage":"tr"},{"@type":"Organization","@id":"https:\/\/sso2.com\/#organization","name":"Southland Sensing Ltd.","alternateName":"SSO2","url":"https:\/\/sso2.com\/","logo":{"@type":"ImageObject","inLanguage":"tr","@id":"https:\/\/sso2.com\/#\/schema\/logo\/image\/","url":"https:\/\/sso2.com\/wp-content\/uploads\/2025\/10\/sso2_300pixel.webp","contentUrl":"https:\/\/sso2.com\/wp-content\/uploads\/2025\/10\/sso2_300pixel.webp","width":300,"height":50,"caption":"Southland Sensing Ltd."},"image":{"@id":"https:\/\/sso2.com\/#\/schema\/logo\/image\/"},"sameAs":["https:\/\/www.linkedin.com\/company\/southland-sensing-ltd\/"],"description":"Southland Sensing Ltd. brings together superior performance, an improved user experience, and unmatched application expertise to deliver an accurate and reliable measurement solution. That\u2019s why multinationals, small companies and universities alike turn to us again and again.","email":"sales@sso2.com","telephone":"1-949-398-2879","legalName":"Southland Sensing Ltd.","foundingDate":"2013-01-01","numberOfEmployees":{"@type":"QuantitativeValue","minValue":"11","maxValue":"50"},"publishingPrinciples":"https:\/\/sso2.com\/contact-us\/","ownershipFundingInfo":"https:\/\/sso2.com\/about-us\/","actionableFeedbackPolicy":"https:\/\/sso2.com\/contact-us\/"}]},"product_price_currency":"USD","og_availability":"instock","product_availability":"instock","product_condition":"new"},"jetpack_sharing_enabled":true,"_links":{"self":[{"href":"https:\/\/sso2.com\/tr\/wp-json\/wp\/v2\/product\/862","targetHints":{"allow":["GET"]}}],"collection":[{"href":"https:\/\/sso2.com\/tr\/wp-json\/wp\/v2\/product"}],"about":[{"href":"https:\/\/sso2.com\/tr\/wp-json\/wp\/v2\/types\/product"}],"replies":[{"embeddable":true,"href":"https:\/\/sso2.com\/tr\/wp-json\/wp\/v2\/comments?post=862"}],"wp:featuredmedia":[{"embeddable":true,"href":"https:\/\/sso2.com\/tr\/wp-json\/wp\/v2\/media\/3941"}],"wp:attachment":[{"href":"https:\/\/sso2.com\/tr\/wp-json\/wp\/v2\/media?parent=862"}],"wp:term":[{"taxonomy":"product_brand","embeddable":true,"href":"https:\/\/sso2.com\/tr\/wp-json\/wp\/v2\/product_brand?post=862"},{"taxonomy":"product_cat","embeddable":true,"href":"https:\/\/sso2.com\/tr\/wp-json\/wp\/v2\/product_cat?post=862"},{"taxonomy":"product_tag","embeddable":true,"href":"https:\/\/sso2.com\/tr\/wp-json\/wp\/v2\/product_tag?post=862"}],"curies":[{"name":"wp","href":"https:\/\/api.w.org\/{rel}","templated":true}]}}