{"id":728,"date":"2019-04-18T08:32:55","date_gmt":"2019-04-18T08:32:55","guid":{"rendered":"http:\/\/sso2.com\/?post_type=product&#038;p=728"},"modified":"2025-11-19T12:28:45","modified_gmt":"2025-11-19T12:28:45","slug":"oem-oxygen-transmitter-kit-circuit-board-sensor-sensor-housing","status":"publish","type":"product","link":"https:\/\/sso2.com\/tr\/product\/oem-oxygen-transmitter-kit-circuit-board-sensor-sensor-housing\/","title":{"rendered":"EMD Serisi Oksijen Transmitter Kiti"},"content":{"rendered":"<p>EMD-485D\/485M\/482D oksijen transmitteri, \u00f6ncelikle bu \u00fcniteyi Inert Glovebox Sistemi veya Azot \/ Oksijen jenerat\u00f6r\u00fc gibi daha b\u00fcy\u00fck bir sisteme entegre etmek isteyen OEM kullan\u0131c\u0131lar\u0131 i\u00e7in tasarlanm\u0131\u015ft\u0131r.  Oksijen analiz\u00f6r\u00fc kiti \u0130z veya Y\u00fczde uygulamalar\u0131 i\u00e7in yap\u0131land\u0131r\u0131labilir ve bir devre kart\u0131, sens\u00f6r ve 72\u2033 kablolu uzak sens\u00f6r muhafazas\u0131 ile birlikte gelir.<\/p>\n<p>Analiz\u00f6r fabrikada a\u015fa\u011f\u0131daki aral\u0131klardan birine se\u00e7ili olarak gelir: 0 - 10 ppm, 0 - 100 ppm, 0 - 1000 ppm, 0 - 1 %, 0 - 5%, 0 - 10%, 0 - 25%, 0 - 100%.  Ortam havas\u0131 kalibrasyonuna izin vermek i\u00e7in ge\u00e7i\u015f anahtar\u0131 arac\u0131l\u0131\u011f\u0131yla ikinci bir aral\u0131k y\u00fcklenir.  Yerel ekran her zaman ger\u00e7ek oksijen de\u011ferini g\u00f6sterecektir, tek aral\u0131k analog \u00e7\u0131k\u0131\u015f\u0131 kilitlemek i\u00e7indir.<\/p>\n<p>EMD-482D, izole edilmemi\u015f 4 - 20mA \u00e7\u0131k\u0131\u015fl\u0131 2 telli d\u00f6ng\u00fc g\u00fcc\u00fc olarak yap\u0131land\u0131r\u0131lm\u0131\u015f olarak gelir.  EMD-485D, izole edilmemi\u015f 4 - 20mA, 0 - 10VDC ve 0 - 1VDC ile 6 telli 12 - 24VDC olarak yap\u0131land\u0131r\u0131lm\u0131\u015f olarak gelir.  EMD-485M, izole edilmemi\u015f 4 - 20mA, 0 - 10VDC, 0 - 1VDC ve \u00e7ift y\u00f6nl\u00fc MODBUS RS485 ASCII ile 6 telli 12 - 24VDC olarak yap\u0131land\u0131r\u0131lm\u0131\u015f olarak gelir.<\/p>\n<p>Oksijen sens\u00f6r\u00fc galvanik elektrokimyasal yak\u0131t h\u00fccresi prensibine dayan\u0131r ve s\u0131k\u0131 bir kalite prosed\u00fcr\u00fc alt\u0131nda \u015firket i\u00e7inde \u00fcretilir.  Sens\u00f6rler ba\u011f\u0131ms\u0131zd\u0131r ve minimum bak\u0131m gerektirir - elektrotlar\u0131 temizlemeye veya elektrolit eklemeye gerek yoktur.  Hassas sens\u00f6rler, beklenen \u00f6mr\u00fc en \u00fcst d\u00fczeye \u00e7\u0131kar\u0131rken m\u00fckemmel performans, do\u011fruluk ve kararl\u0131l\u0131k sunar.<\/p>\n<p>Sens\u00f6r Muhafazas\u0131 yap\u0131land\u0131rma se\u00e7enekleri aras\u0131nda 72 in\u00e7 kablo bulunur ve 6 mm, 1\/8\u2033 veya 1\/4\u2033 s\u0131k\u0131\u015ft\u0131rma t\u00fcp\u00fc ba\u011flant\u0131 par\u00e7alar\u0131 ile KF-40 (inert eldiven kutusu, NW40F) do\u011frudan tak\u0131lan veya ak\u0131\u015fl\u0131 sens\u00f6r muhafazas\u0131 olarak yap\u0131land\u0131r\u0131labilir<\/p>","protected":false},"excerpt":{"rendered":"<p>The EMD-485D\/485M\/482D oxygen transmitter is designed primarily for OEM users who are looking to integrate this unit into a larger system such as an Inert Glovebox System or Nitrogen \/ Oxygen generator.\u00a0 The oxygen analyzer kit is configurable for Trace or Percent applications and comes with a circuit board, sensor and remote sensor housing with [&hellip;]<\/p>\n","protected":false},"featured_media":717,"comment_status":"open","ping_status":"closed","template":"","meta":[],"product_brand":[],"product_cat":[26],"product_tag":[],"class_list":{"0":"post-728","1":"product","2":"type-product","3":"status-publish","4":"has-post-thumbnail","6":"product_cat-industrial-oxygen-analyzers","8":"first","9":"instock","10":"shipping-taxable","11":"product-type-external"},"yoast_head":"<!-- This site is optimized with the Yoast SEO Premium plugin v27.2 (Yoast SEO v27.2) - https:\/\/yoast.com\/product\/yoast-seo-premium-wordpress\/ -->\n<title>EMD Series Oxygen Transmitter Kit | O2 Sensor &amp; Probe<\/title>\n<meta name=\"description\" content=\"EMD Series Oxygen Transmitter Kit. Includes a high-performance oxygen sensor and probe for accurate, continuous O2 monitoring.\" \/>\n<meta name=\"robots\" content=\"index, follow, max-snippet:-1, max-image-preview:large, max-video-preview:-1\" \/>\n<link rel=\"canonical\" href=\"https:\/\/sso2.com\/tr\/urun\/oem-oxygen-transmitter-kit-circuit-board-sensor-sensor-housing\/\" \/>\n<meta property=\"og:locale\" content=\"tr_TR\" \/>\n<meta property=\"og:type\" content=\"article\" \/>\n<meta property=\"og:title\" content=\"EMD Series Oxygen Transmitter Kit\" \/>\n<meta property=\"og:description\" content=\"EMD Series Oxygen Transmitter Kit. Includes a high-performance oxygen sensor and probe for accurate, continuous O2 monitoring.\" \/>\n<meta property=\"og:url\" content=\"https:\/\/sso2.com\/tr\/urun\/oem-oxygen-transmitter-kit-circuit-board-sensor-sensor-housing\/\" \/>\n<meta property=\"og:site_name\" content=\"Southland Sensing Ltd.\" \/>\n<meta property=\"article:modified_time\" content=\"2025-11-19T12:28:45+00:00\" \/>\n<meta property=\"og:image\" content=\"https:\/\/sso2.com\/wp-content\/uploads\/2019\/04\/oem-oxygen-transmitter-kit-circuit-board-sensor-sensor-housing-min.jpg\" \/>\n\t<meta property=\"og:image:width\" content=\"703\" \/>\n\t<meta property=\"og:image:height\" content=\"527\" \/>\n\t<meta property=\"og:image:type\" content=\"image\/jpeg\" \/>\n<meta name=\"twitter:card\" content=\"summary_large_image\" \/>\n<meta name=\"twitter:label1\" content=\"Fiyat\" \/>\n\t<meta name=\"twitter:data1\" content=\"\" \/>\n\t<meta name=\"twitter:label2\" content=\"Durumu\" \/>\n\t<meta name=\"twitter:data2\" content=\"Stokta var\" \/>\n<script type=\"application\/ld+json\" class=\"yoast-schema-graph\">{\"@context\":\"https:\/\/schema.org\",\"@graph\":[{\"@type\":\"WebPage\",\"@id\":\"https:\/\/sso2.com\/product\/oem-oxygen-transmitter-kit-circuit-board-sensor-sensor-housing\/\",\"url\":\"https:\/\/sso2.com\/product\/oem-oxygen-transmitter-kit-circuit-board-sensor-sensor-housing\/\",\"name\":\"EMD Series Oxygen Transmitter Kit | O2 Sensor & Probe\",\"isPartOf\":{\"@id\":\"https:\/\/sso2.com\/#website\"},\"primaryImageOfPage\":{\"@id\":\"https:\/\/sso2.com\/product\/oem-oxygen-transmitter-kit-circuit-board-sensor-sensor-housing\/#primaryimage\"},\"image\":{\"@id\":\"https:\/\/sso2.com\/product\/oem-oxygen-transmitter-kit-circuit-board-sensor-sensor-housing\/#primaryimage\"},\"thumbnailUrl\":\"https:\/\/i0.wp.com\/sso2.com\/wp-content\/uploads\/2019\/04\/oem-oxygen-transmitter-kit-circuit-board-sensor-sensor-housing-min.jpg?fit=703%2C527&ssl=1\",\"datePublished\":\"2019-04-18T08:32:55+00:00\",\"dateModified\":\"2025-11-19T12:28:45+00:00\",\"description\":\"EMD Series Oxygen Transmitter Kit. Includes a high-performance oxygen sensor and probe for accurate, continuous O2 monitoring.\",\"breadcrumb\":{\"@id\":\"https:\/\/sso2.com\/product\/oem-oxygen-transmitter-kit-circuit-board-sensor-sensor-housing\/#breadcrumb\"},\"inLanguage\":\"tr\",\"potentialAction\":[{\"@type\":\"ReadAction\",\"target\":[\"https:\/\/sso2.com\/product\/oem-oxygen-transmitter-kit-circuit-board-sensor-sensor-housing\/\"]}]},{\"@type\":\"ImageObject\",\"inLanguage\":\"tr\",\"@id\":\"https:\/\/sso2.com\/product\/oem-oxygen-transmitter-kit-circuit-board-sensor-sensor-housing\/#primaryimage\",\"url\":\"https:\/\/i0.wp.com\/sso2.com\/wp-content\/uploads\/2019\/04\/oem-oxygen-transmitter-kit-circuit-board-sensor-sensor-housing-min.jpg?fit=703%2C527&ssl=1\",\"contentUrl\":\"https:\/\/i0.wp.com\/sso2.com\/wp-content\/uploads\/2019\/04\/oem-oxygen-transmitter-kit-circuit-board-sensor-sensor-housing-min.jpg?fit=703%2C527&ssl=1\",\"width\":703,\"height\":527},{\"@type\":\"BreadcrumbList\",\"@id\":\"https:\/\/sso2.com\/product\/oem-oxygen-transmitter-kit-circuit-board-sensor-sensor-housing\/#breadcrumb\",\"itemListElement\":[{\"@type\":\"ListItem\",\"position\":1,\"name\":\"Home\",\"item\":\"https:\/\/sso2.com\/en\/\"},{\"@type\":\"ListItem\",\"position\":2,\"name\":\"Shop\",\"item\":\"https:\/\/sso2.com\/shop\/\"},{\"@type\":\"ListItem\",\"position\":3,\"name\":\"EMD Series Oxygen Transmitter Kit\"}]},{\"@type\":\"WebSite\",\"@id\":\"https:\/\/sso2.com\/#website\",\"url\":\"https:\/\/sso2.com\/\",\"name\":\"Southland Sensing Ltd.\",\"description\":\"Industrial &amp; Medical Gas Analyzers Oxygen CO\u2082, &amp; H\u2082 Monitors\",\"publisher\":{\"@id\":\"https:\/\/sso2.com\/#organization\"},\"alternateName\":\"SSO2\",\"potentialAction\":[{\"@type\":\"SearchAction\",\"target\":{\"@type\":\"EntryPoint\",\"urlTemplate\":\"https:\/\/sso2.com\/?s={search_term_string}\"},\"query-input\":{\"@type\":\"PropertyValueSpecification\",\"valueRequired\":true,\"valueName\":\"search_term_string\"}}],\"inLanguage\":\"tr\"},{\"@type\":\"Organization\",\"@id\":\"https:\/\/sso2.com\/#organization\",\"name\":\"Southland Sensing Ltd.\",\"alternateName\":\"SSO2\",\"url\":\"https:\/\/sso2.com\/\",\"logo\":{\"@type\":\"ImageObject\",\"inLanguage\":\"tr\",\"@id\":\"https:\/\/sso2.com\/#\/schema\/logo\/image\/\",\"url\":\"https:\/\/sso2.com\/wp-content\/uploads\/2025\/10\/sso2_300pixel.webp\",\"contentUrl\":\"https:\/\/sso2.com\/wp-content\/uploads\/2025\/10\/sso2_300pixel.webp\",\"width\":300,\"height\":50,\"caption\":\"Southland Sensing Ltd.\"},\"image\":{\"@id\":\"https:\/\/sso2.com\/#\/schema\/logo\/image\/\"},\"sameAs\":[\"https:\/\/www.linkedin.com\/company\/southland-sensing-ltd\/\"],\"description\":\"Southland Sensing Ltd. brings together superior performance, an improved user experience, and unmatched application expertise to deliver an accurate and reliable measurement solution. That\u2019s why multinationals, small companies and universities alike turn to us again and again.\",\"email\":\"sales@sso2.com\",\"telephone\":\"1-949-398-2879\",\"legalName\":\"Southland Sensing Ltd.\",\"foundingDate\":\"2013-01-01\",\"numberOfEmployees\":{\"@type\":\"QuantitativeValue\",\"minValue\":\"11\",\"maxValue\":\"50\"},\"publishingPrinciples\":\"https:\/\/sso2.com\/contact-us\/\",\"ownershipFundingInfo\":\"https:\/\/sso2.com\/about-us\/\",\"actionableFeedbackPolicy\":\"https:\/\/sso2.com\/contact-us\/\"}]}<\/script>\n<meta property=\"product:price:currency\" content=\"USD\" \/>\n<meta property=\"og:availability\" content=\"instock\" \/>\n<meta property=\"product:availability\" content=\"instock\" \/>\n<meta property=\"product:condition\" content=\"new\" \/>\n<!-- \/ Yoast SEO Premium plugin. -->","yoast_head_json":{"title":"EMD Serisi Oksijen Verici Kiti | O2 Sens\u00f6r\u00fc ve Probu","description":"EMD Serisi Oksijen Verici Kiti. Do\u011fru ve s\u00fcrekli O2 izleme i\u00e7in y\u00fcksek performansl\u0131 bir oksijen sens\u00f6r\u00fc ve probu i\u00e7erir.","robots":{"index":"index","follow":"follow","max-snippet":"max-snippet:-1","max-image-preview":"max-image-preview:large","max-video-preview":"max-video-preview:-1"},"canonical":"https:\/\/sso2.com\/tr\/urun\/oem-oxygen-transmitter-kit-circuit-board-sensor-sensor-housing\/","og_locale":"tr_TR","og_type":"article","og_title":"EMD Series Oxygen Transmitter Kit","og_description":"EMD Series Oxygen Transmitter Kit. Includes a high-performance oxygen sensor and probe for accurate, continuous O2 monitoring.","og_url":"https:\/\/sso2.com\/tr\/urun\/oem-oxygen-transmitter-kit-circuit-board-sensor-sensor-housing\/","og_site_name":"Southland Sensing Ltd.","article_modified_time":"2025-11-19T12:28:45+00:00","og_image":[{"width":703,"height":527,"url":"https:\/\/sso2.com\/wp-content\/uploads\/2019\/04\/oem-oxygen-transmitter-kit-circuit-board-sensor-sensor-housing-min.jpg","type":"image\/jpeg"}],"twitter_card":"summary_large_image","twitter_misc":{"Fiyat":"","Durumu":"Stokta var"},"schema":{"@context":"https:\/\/schema.org","@graph":[{"@type":"WebPage","@id":"https:\/\/sso2.com\/product\/oem-oxygen-transmitter-kit-circuit-board-sensor-sensor-housing\/","url":"https:\/\/sso2.com\/product\/oem-oxygen-transmitter-kit-circuit-board-sensor-sensor-housing\/","name":"EMD Serisi Oksijen Verici Kiti | O2 Sens\u00f6r\u00fc ve Probu","isPartOf":{"@id":"https:\/\/sso2.com\/#website"},"primaryImageOfPage":{"@id":"https:\/\/sso2.com\/product\/oem-oxygen-transmitter-kit-circuit-board-sensor-sensor-housing\/#primaryimage"},"image":{"@id":"https:\/\/sso2.com\/product\/oem-oxygen-transmitter-kit-circuit-board-sensor-sensor-housing\/#primaryimage"},"thumbnailUrl":"https:\/\/i0.wp.com\/sso2.com\/wp-content\/uploads\/2019\/04\/oem-oxygen-transmitter-kit-circuit-board-sensor-sensor-housing-min.jpg?fit=703%2C527&ssl=1","datePublished":"2019-04-18T08:32:55+00:00","dateModified":"2025-11-19T12:28:45+00:00","description":"EMD Serisi Oksijen Verici Kiti. Do\u011fru ve s\u00fcrekli O2 izleme i\u00e7in y\u00fcksek performansl\u0131 bir oksijen sens\u00f6r\u00fc ve probu i\u00e7erir.","breadcrumb":{"@id":"https:\/\/sso2.com\/product\/oem-oxygen-transmitter-kit-circuit-board-sensor-sensor-housing\/#breadcrumb"},"inLanguage":"tr","potentialAction":[{"@type":"ReadAction","target":["https:\/\/sso2.com\/product\/oem-oxygen-transmitter-kit-circuit-board-sensor-sensor-housing\/"]}]},{"@type":"ImageObject","inLanguage":"tr","@id":"https:\/\/sso2.com\/product\/oem-oxygen-transmitter-kit-circuit-board-sensor-sensor-housing\/#primaryimage","url":"https:\/\/i0.wp.com\/sso2.com\/wp-content\/uploads\/2019\/04\/oem-oxygen-transmitter-kit-circuit-board-sensor-sensor-housing-min.jpg?fit=703%2C527&ssl=1","contentUrl":"https:\/\/i0.wp.com\/sso2.com\/wp-content\/uploads\/2019\/04\/oem-oxygen-transmitter-kit-circuit-board-sensor-sensor-housing-min.jpg?fit=703%2C527&ssl=1","width":703,"height":527},{"@type":"BreadcrumbList","@id":"https:\/\/sso2.com\/product\/oem-oxygen-transmitter-kit-circuit-board-sensor-sensor-housing\/#breadcrumb","itemListElement":[{"@type":"ListItem","position":1,"name":"Home","item":"https:\/\/sso2.com\/en\/"},{"@type":"ListItem","position":2,"name":"Shop","item":"https:\/\/sso2.com\/shop\/"},{"@type":"ListItem","position":3,"name":"EMD Series Oxygen Transmitter Kit"}]},{"@type":"WebSite","@id":"https:\/\/sso2.com\/#website","url":"https:\/\/sso2.com\/","name":"Southland Sensing Ltd.","description":"Industrial &amp; Medical Gas Analyzers Oxygen CO\u2082, &amp; H\u2082 Monitors","publisher":{"@id":"https:\/\/sso2.com\/#organization"},"alternateName":"SSO2","potentialAction":[{"@type":"SearchAction","target":{"@type":"EntryPoint","urlTemplate":"https:\/\/sso2.com\/?s={search_term_string}"},"query-input":{"@type":"PropertyValueSpecification","valueRequired":true,"valueName":"search_term_string"}}],"inLanguage":"tr"},{"@type":"Organization","@id":"https:\/\/sso2.com\/#organization","name":"Southland Sensing Ltd.","alternateName":"SSO2","url":"https:\/\/sso2.com\/","logo":{"@type":"ImageObject","inLanguage":"tr","@id":"https:\/\/sso2.com\/#\/schema\/logo\/image\/","url":"https:\/\/sso2.com\/wp-content\/uploads\/2025\/10\/sso2_300pixel.webp","contentUrl":"https:\/\/sso2.com\/wp-content\/uploads\/2025\/10\/sso2_300pixel.webp","width":300,"height":50,"caption":"Southland Sensing Ltd."},"image":{"@id":"https:\/\/sso2.com\/#\/schema\/logo\/image\/"},"sameAs":["https:\/\/www.linkedin.com\/company\/southland-sensing-ltd\/"],"description":"Southland Sensing Ltd. brings together superior performance, an improved user experience, and unmatched application expertise to deliver an accurate and reliable measurement solution. That\u2019s why multinationals, small companies and universities alike turn to us again and again.","email":"sales@sso2.com","telephone":"1-949-398-2879","legalName":"Southland Sensing Ltd.","foundingDate":"2013-01-01","numberOfEmployees":{"@type":"QuantitativeValue","minValue":"11","maxValue":"50"},"publishingPrinciples":"https:\/\/sso2.com\/contact-us\/","ownershipFundingInfo":"https:\/\/sso2.com\/about-us\/","actionableFeedbackPolicy":"https:\/\/sso2.com\/contact-us\/"}]},"product_price_currency":"USD","og_availability":"instock","product_availability":"instock","product_condition":"new"},"jetpack_sharing_enabled":true,"_links":{"self":[{"href":"https:\/\/sso2.com\/tr\/wp-json\/wp\/v2\/product\/728","targetHints":{"allow":["GET"]}}],"collection":[{"href":"https:\/\/sso2.com\/tr\/wp-json\/wp\/v2\/product"}],"about":[{"href":"https:\/\/sso2.com\/tr\/wp-json\/wp\/v2\/types\/product"}],"replies":[{"embeddable":true,"href":"https:\/\/sso2.com\/tr\/wp-json\/wp\/v2\/comments?post=728"}],"wp:featuredmedia":[{"embeddable":true,"href":"https:\/\/sso2.com\/tr\/wp-json\/wp\/v2\/media\/717"}],"wp:attachment":[{"href":"https:\/\/sso2.com\/tr\/wp-json\/wp\/v2\/media?parent=728"}],"wp:term":[{"taxonomy":"product_brand","embeddable":true,"href":"https:\/\/sso2.com\/tr\/wp-json\/wp\/v2\/product_brand?post=728"},{"taxonomy":"product_cat","embeddable":true,"href":"https:\/\/sso2.com\/tr\/wp-json\/wp\/v2\/product_cat?post=728"},{"taxonomy":"product_tag","embeddable":true,"href":"https:\/\/sso2.com\/tr\/wp-json\/wp\/v2\/product_tag?post=728"}],"curies":[{"name":"wp","href":"https:\/\/api.w.org\/{rel}","templated":true}]}}