{"id":723,"date":"2019-04-18T08:17:11","date_gmt":"2019-04-18T08:17:11","guid":{"rendered":"http:\/\/sso2.com\/?post_type=product&#038;p=723"},"modified":"2025-11-20T12:09:41","modified_gmt":"2025-11-20T12:09:41","slug":"wall-mount-ip66-nema4x-oxygen-analyzer","status":"publish","type":"product","link":"https:\/\/sso2.com\/tr\/product\/wall-mount-ip66-nema4x-oxygen-analyzer\/","title":{"rendered":"OMD-525X Duvara Monte D\u0131\u015f Mekan Oksijen Analiz\u00f6r\u00fc"},"content":{"rendered":"<p>OMD-525X online oksijen analiz\u00f6r\u00fc, oksijeni milyonda 0,01 par\u00e7adan 100%'ye kadar \u00f6l\u00e7mek i\u00e7in tasarlanm\u0131\u015ft\u0131r.  \u00dcnite, ak\u0131ll\u0131 bir MEN\u00dc aray\u00fcz\u00fc de dahil olmak \u00fczere geli\u015fmi\u015f bir dizi elektronik \u00f6zelli\u011fi sekt\u00f6r lideri hassas elektrokimyasal oksijen sens\u00f6r\u00fc teknolojimizle birle\u015ftirir. Sonu\u00e7, kullan\u0131m\u0131 kolay kullan\u0131c\u0131 aray\u00fcz\u00fcne sahip son derece g\u00fcvenilir ve uygun maliyetli bir tasar\u0131md\u0131r.<\/p>\n<ul>\n<li>Muhafaza Tipi: Duvara Montaj; IP66 \/ NEMA 4X<\/li>\n<li>Muhafaza Malzemesi: Sa\u011flam Eloksall\u0131 Al\u00fcminyum<\/li>\n<li>Standart Aral\u0131klar: 0 - 10\/100\/1000\/10000 PPM &amp; 25%<\/li>\n<li>Opsiyonel Aral\u0131klar: 0 - 1\/5\/10\/25 &amp; 100 %<\/li>\n<li>Menzil Modu: Otomatik Menzil veya Manuel Menzil<\/li>\n<li>\u00c7\u00f6z\u00fcn\u00fcrl\u00fck: 0.01 PPM veya 0.01 %<\/li>\n<li>Giri\u015f G\u00fcc\u00fc: 100 - 240 VAC veya 10 - 28 VDC<\/li>\n<li>Analog \u00c7\u0131k\u0131\u015f: 4 - 20mA<\/li>\n<li>Haberle\u015fme: \u00c7ift Y\u00f6nl\u00fc MODBUS RS485 ASCII<\/li>\n<li>Alarmlar: 2 Tamamen ayarlanabilir Form C r\u00f6le konta\u011f\u0131<\/li>\n<li>Veri Kayd\u0131: \u00c7\u0131kar\u0131labilir USB Flash S\u00fcr\u00fcc\u00fc<\/li>\n<\/ul>\n<p>Dahili ak\u0131ll\u0131 MEN\u00dc aray\u00fcz\u00fc, kullan\u0131c\u0131n\u0131n yerle\u015fik MEN\u00dc sistemi arac\u0131l\u0131\u011f\u0131yla analiz\u00f6r\u00fc tamamen yap\u0131land\u0131rmas\u0131na olanak tan\u0131r.  Sahada analiz\u00f6r\u00fc ayarlamak i\u00e7in karma\u015f\u0131k bir diz\u00fcst\u00fc bilgisayara veya ba\u015fka bir kontrol cihaz\u0131na gerek yoktur.<\/p>\n<p>Elektronik aksam son derece g\u00fcvenilirdir ve kullan\u0131m\u0131 \u00e7ok kolay bir MEN\u00dc aray\u00fcz\u00fc ile donat\u0131lm\u0131\u015ft\u0131r.  Elektronik \u00f6zellikler aras\u0131nda 4 - 20mA \u00e7\u0131k\u0131\u015f, RANGE ID 1 - 5VDC \u00e7\u0131k\u0131\u015f, 2 alarm r\u00f6lesi konta\u011f\u0131, \u00e7oklu aral\u0131klar ve 10 - 28VDC veya 100 - 240V AC g\u00fc\u00e7 giri\u015fi ve USB veri kayd\u0131 \u00f6zelli\u011fi bulunmaktad\u0131r.<\/p>\n<p>Oksijen sens\u00f6r\u00fc galvanik elektrokimyasal yak\u0131t h\u00fccresi prensibine dayan\u0131r ve s\u0131k\u0131 bir kalite prosed\u00fcr\u00fc alt\u0131nda \u015firket i\u00e7inde \u00fcretilir.  Sens\u00f6rler ba\u011f\u0131ms\u0131zd\u0131r ve minimum bak\u0131m gerektirir - elektrotlar\u0131 temizlemeye veya elektrolit eklemeye gerek yoktur.  Hassas sens\u00f6rler, beklenen \u00f6mr\u00fc en \u00fcst d\u00fczeye \u00e7\u0131kar\u0131rken m\u00fckemmel performans, do\u011fruluk ve kararl\u0131l\u0131k sunar.<\/p>\n<p>Analiz\u00f6r, 0 - 10 PPM'den 0 - 100%'ye kadar \u00e7oklu aral\u0131klarla birlikte gelir. Yerle\u015fik men\u00fc ve uygun sens\u00f6r kullan\u0131larak eser (PPM), y\u00fczde veya saf oksijen analizi i\u00e7in yap\u0131land\u0131r\u0131labilir. Asidik\/CO2 arka plan gaz uygulamalar\u0131 i\u00e7in tasarlanm\u0131\u015f sens\u00f6rler de mevcuttur.<\/p>\n<p>Gaz ba\u011flant\u0131 par\u00e7alar\u0131 6 mm, 1\/8\u2033 veya 1\/4\u2033 s\u0131k\u0131\u015ft\u0131rma borusu ba\u011flant\u0131 par\u00e7alar\u0131 olarak mevcuttur.<\/p>\n<p>Geli\u015fmi\u015f elektronik setinin en \u00f6nemli \u00f6zelli\u011fi veri kayd\u0131 i\u00e7in bir USB \u00e7\u0131k\u0131\u015f\u0131 i\u00e7ermesidir.  Veri kayd\u0131 \u00e7\u0131kar\u0131labilir bir USB flash s\u00fcr\u00fcc\u00fc arac\u0131l\u0131\u011f\u0131yla yap\u0131labilir ve veriler 1 dakikal\u0131k aral\u0131klarla al\u0131nabilir.  8 GB'l\u0131k bir flash s\u00fcr\u00fcc\u00fc verileri 50+ y\u0131l boyunca saklayabilir.<\/p>","protected":false},"excerpt":{"rendered":"<p>The OMD-525X online oxygen analyzer is designed to measure oxygen from 0.01 parts-per-million up to 100%.\u00a0 The unit combines an advanced set of electronic features including a smart MENU interface with our industry leading precision electrochemical oxygen sensor technology. The result is a highly reliable and cost effective design with easy-to-use user interface. Enclosure Type: [&hellip;]<\/p>\n","protected":false},"featured_media":3934,"comment_status":"open","ping_status":"closed","template":"","meta":[],"product_brand":[],"product_cat":[26],"product_tag":[],"class_list":{"0":"post-723","1":"product","2":"type-product","3":"status-publish","4":"has-post-thumbnail","6":"product_cat-industrial-oxygen-analyzers","8":"first","9":"instock","10":"shipping-taxable","11":"product-type-external"},"yoast_head":"<!-- This site is optimized with the Yoast SEO Premium plugin v27.2 (Yoast SEO v27.2) - https:\/\/yoast.com\/product\/yoast-seo-premium-wordpress\/ -->\n<title>OMD-525X Wall Mount Outdoor Oxygen Analyzer | SSO2<\/title>\n<meta name=\"description\" content=\"The OMD-525X is a rugged outdoor oxygen analyzer and sensor. Continuous monitoring for oxygen deficiency and deficient atmosphere levels.\" \/>\n<meta name=\"robots\" content=\"index, follow, max-snippet:-1, max-image-preview:large, max-video-preview:-1\" \/>\n<link rel=\"canonical\" href=\"https:\/\/sso2.com\/tr\/urun\/wall-mount-ip66-nema4x-oxygen-analyzer\/\" \/>\n<meta property=\"og:locale\" content=\"tr_TR\" \/>\n<meta property=\"og:type\" content=\"article\" \/>\n<meta property=\"og:title\" content=\"OMD-525X Wall Mount Outdoor Oxygen Analyzer\" \/>\n<meta property=\"og:description\" content=\"The OMD-525X is a rugged outdoor oxygen analyzer and sensor. Continuous monitoring for oxygen deficiency and deficient atmosphere levels.\" \/>\n<meta property=\"og:url\" content=\"https:\/\/sso2.com\/tr\/urun\/wall-mount-ip66-nema4x-oxygen-analyzer\/\" \/>\n<meta property=\"og:site_name\" content=\"Southland Sensing Ltd.\" \/>\n<meta property=\"article:modified_time\" content=\"2025-11-20T12:09:41+00:00\" \/>\n<meta property=\"og:image\" content=\"https:\/\/sso2.com\/wp-content\/uploads\/2025\/07\/omd-525x.png\" \/>\n\t<meta property=\"og:image:width\" content=\"846\" \/>\n\t<meta property=\"og:image:height\" content=\"1161\" \/>\n\t<meta property=\"og:image:type\" content=\"image\/png\" \/>\n<meta name=\"twitter:card\" content=\"summary_large_image\" \/>\n<meta name=\"twitter:label1\" content=\"Fiyat\" \/>\n\t<meta name=\"twitter:data1\" content=\"\" \/>\n\t<meta name=\"twitter:label2\" content=\"Durumu\" \/>\n\t<meta name=\"twitter:data2\" content=\"Stokta var\" \/>\n<script type=\"application\/ld+json\" class=\"yoast-schema-graph\">{\"@context\":\"https:\/\/schema.org\",\"@graph\":[{\"@type\":\"WebPage\",\"@id\":\"https:\/\/sso2.com\/product\/wall-mount-ip66-nema4x-oxygen-analyzer\/\",\"url\":\"https:\/\/sso2.com\/product\/wall-mount-ip66-nema4x-oxygen-analyzer\/\",\"name\":\"OMD-525X Wall Mount Outdoor Oxygen Analyzer | SSO2\",\"isPartOf\":{\"@id\":\"https:\/\/sso2.com\/#website\"},\"primaryImageOfPage\":{\"@id\":\"https:\/\/sso2.com\/product\/wall-mount-ip66-nema4x-oxygen-analyzer\/#primaryimage\"},\"image\":{\"@id\":\"https:\/\/sso2.com\/product\/wall-mount-ip66-nema4x-oxygen-analyzer\/#primaryimage\"},\"thumbnailUrl\":\"https:\/\/i0.wp.com\/sso2.com\/wp-content\/uploads\/2025\/07\/omd-525x.png?fit=846%2C1161&ssl=1\",\"datePublished\":\"2019-04-18T08:17:11+00:00\",\"dateModified\":\"2025-11-20T12:09:41+00:00\",\"description\":\"The OMD-525X is a rugged outdoor oxygen analyzer and sensor. Continuous monitoring for oxygen deficiency and deficient atmosphere levels.\",\"breadcrumb\":{\"@id\":\"https:\/\/sso2.com\/product\/wall-mount-ip66-nema4x-oxygen-analyzer\/#breadcrumb\"},\"inLanguage\":\"tr\",\"potentialAction\":[{\"@type\":\"ReadAction\",\"target\":[\"https:\/\/sso2.com\/product\/wall-mount-ip66-nema4x-oxygen-analyzer\/\"]}]},{\"@type\":\"ImageObject\",\"inLanguage\":\"tr\",\"@id\":\"https:\/\/sso2.com\/product\/wall-mount-ip66-nema4x-oxygen-analyzer\/#primaryimage\",\"url\":\"https:\/\/i0.wp.com\/sso2.com\/wp-content\/uploads\/2025\/07\/omd-525x.png?fit=846%2C1161&ssl=1\",\"contentUrl\":\"https:\/\/i0.wp.com\/sso2.com\/wp-content\/uploads\/2025\/07\/omd-525x.png?fit=846%2C1161&ssl=1\",\"width\":846,\"height\":1161},{\"@type\":\"BreadcrumbList\",\"@id\":\"https:\/\/sso2.com\/product\/wall-mount-ip66-nema4x-oxygen-analyzer\/#breadcrumb\",\"itemListElement\":[{\"@type\":\"ListItem\",\"position\":1,\"name\":\"Home\",\"item\":\"https:\/\/sso2.com\/en\/\"},{\"@type\":\"ListItem\",\"position\":2,\"name\":\"Shop\",\"item\":\"https:\/\/sso2.com\/shop\/\"},{\"@type\":\"ListItem\",\"position\":3,\"name\":\"OMD-525X Wall Mount Outdoor Oxygen Analyzer\"}]},{\"@type\":\"WebSite\",\"@id\":\"https:\/\/sso2.com\/#website\",\"url\":\"https:\/\/sso2.com\/\",\"name\":\"Southland Sensing Ltd.\",\"description\":\"Industrial &amp; Medical Gas Analyzers Oxygen CO\u2082, &amp; H\u2082 Monitors\",\"publisher\":{\"@id\":\"https:\/\/sso2.com\/#organization\"},\"alternateName\":\"SSO2\",\"potentialAction\":[{\"@type\":\"SearchAction\",\"target\":{\"@type\":\"EntryPoint\",\"urlTemplate\":\"https:\/\/sso2.com\/?s={search_term_string}\"},\"query-input\":{\"@type\":\"PropertyValueSpecification\",\"valueRequired\":true,\"valueName\":\"search_term_string\"}}],\"inLanguage\":\"tr\"},{\"@type\":\"Organization\",\"@id\":\"https:\/\/sso2.com\/#organization\",\"name\":\"Southland Sensing Ltd.\",\"alternateName\":\"SSO2\",\"url\":\"https:\/\/sso2.com\/\",\"logo\":{\"@type\":\"ImageObject\",\"inLanguage\":\"tr\",\"@id\":\"https:\/\/sso2.com\/#\/schema\/logo\/image\/\",\"url\":\"https:\/\/sso2.com\/wp-content\/uploads\/2025\/10\/sso2_300pixel.webp\",\"contentUrl\":\"https:\/\/sso2.com\/wp-content\/uploads\/2025\/10\/sso2_300pixel.webp\",\"width\":300,\"height\":50,\"caption\":\"Southland Sensing Ltd.\"},\"image\":{\"@id\":\"https:\/\/sso2.com\/#\/schema\/logo\/image\/\"},\"sameAs\":[\"https:\/\/www.linkedin.com\/company\/southland-sensing-ltd\/\"],\"description\":\"Southland Sensing Ltd. brings together superior performance, an improved user experience, and unmatched application expertise to deliver an accurate and reliable measurement solution. That\u2019s why multinationals, small companies and universities alike turn to us again and again.\",\"email\":\"sales@sso2.com\",\"telephone\":\"1-949-398-2879\",\"legalName\":\"Southland Sensing Ltd.\",\"foundingDate\":\"2013-01-01\",\"numberOfEmployees\":{\"@type\":\"QuantitativeValue\",\"minValue\":\"11\",\"maxValue\":\"50\"},\"publishingPrinciples\":\"https:\/\/sso2.com\/contact-us\/\",\"ownershipFundingInfo\":\"https:\/\/sso2.com\/about-us\/\",\"actionableFeedbackPolicy\":\"https:\/\/sso2.com\/contact-us\/\"}]}<\/script>\n<meta property=\"product:price:currency\" content=\"USD\" \/>\n<meta property=\"og:availability\" content=\"instock\" \/>\n<meta property=\"product:availability\" content=\"instock\" \/>\n<meta property=\"product:condition\" content=\"new\" \/>\n<!-- \/ Yoast SEO Premium plugin. -->","yoast_head_json":{"title":"OMD-525X Duvara Monte Edilebilir D\u0131\u015f Mekan Oksijen Analiz Cihaz\u0131 | SSO2","description":"OMD-525X, dayan\u0131kl\u0131 d\u0131\u015f mekan oksijen analiz\u00f6r\u00fc ve sens\u00f6r\u00fcd\u00fcr. Oksijen eksikli\u011fi ve yetersiz atmosfer seviyeleri i\u00e7in s\u00fcrekli izleme sa\u011flar.","robots":{"index":"index","follow":"follow","max-snippet":"max-snippet:-1","max-image-preview":"max-image-preview:large","max-video-preview":"max-video-preview:-1"},"canonical":"https:\/\/sso2.com\/tr\/urun\/wall-mount-ip66-nema4x-oxygen-analyzer\/","og_locale":"tr_TR","og_type":"article","og_title":"OMD-525X Wall Mount Outdoor Oxygen Analyzer","og_description":"The OMD-525X is a rugged outdoor oxygen analyzer and sensor. Continuous monitoring for oxygen deficiency and deficient atmosphere levels.","og_url":"https:\/\/sso2.com\/tr\/urun\/wall-mount-ip66-nema4x-oxygen-analyzer\/","og_site_name":"Southland Sensing Ltd.","article_modified_time":"2025-11-20T12:09:41+00:00","og_image":[{"width":846,"height":1161,"url":"https:\/\/sso2.com\/wp-content\/uploads\/2025\/07\/omd-525x.png","type":"image\/png"}],"twitter_card":"summary_large_image","twitter_misc":{"Fiyat":"","Durumu":"Stokta var"},"schema":{"@context":"https:\/\/schema.org","@graph":[{"@type":"WebPage","@id":"https:\/\/sso2.com\/product\/wall-mount-ip66-nema4x-oxygen-analyzer\/","url":"https:\/\/sso2.com\/product\/wall-mount-ip66-nema4x-oxygen-analyzer\/","name":"OMD-525X Duvara Monte Edilebilir D\u0131\u015f Mekan Oksijen Analiz Cihaz\u0131 | SSO2","isPartOf":{"@id":"https:\/\/sso2.com\/#website"},"primaryImageOfPage":{"@id":"https:\/\/sso2.com\/product\/wall-mount-ip66-nema4x-oxygen-analyzer\/#primaryimage"},"image":{"@id":"https:\/\/sso2.com\/product\/wall-mount-ip66-nema4x-oxygen-analyzer\/#primaryimage"},"thumbnailUrl":"https:\/\/i0.wp.com\/sso2.com\/wp-content\/uploads\/2025\/07\/omd-525x.png?fit=846%2C1161&ssl=1","datePublished":"2019-04-18T08:17:11+00:00","dateModified":"2025-11-20T12:09:41+00:00","description":"OMD-525X, dayan\u0131kl\u0131 d\u0131\u015f mekan oksijen analiz\u00f6r\u00fc ve sens\u00f6r\u00fcd\u00fcr. Oksijen eksikli\u011fi ve yetersiz atmosfer seviyeleri i\u00e7in s\u00fcrekli izleme sa\u011flar.","breadcrumb":{"@id":"https:\/\/sso2.com\/product\/wall-mount-ip66-nema4x-oxygen-analyzer\/#breadcrumb"},"inLanguage":"tr","potentialAction":[{"@type":"ReadAction","target":["https:\/\/sso2.com\/product\/wall-mount-ip66-nema4x-oxygen-analyzer\/"]}]},{"@type":"ImageObject","inLanguage":"tr","@id":"https:\/\/sso2.com\/product\/wall-mount-ip66-nema4x-oxygen-analyzer\/#primaryimage","url":"https:\/\/i0.wp.com\/sso2.com\/wp-content\/uploads\/2025\/07\/omd-525x.png?fit=846%2C1161&ssl=1","contentUrl":"https:\/\/i0.wp.com\/sso2.com\/wp-content\/uploads\/2025\/07\/omd-525x.png?fit=846%2C1161&ssl=1","width":846,"height":1161},{"@type":"BreadcrumbList","@id":"https:\/\/sso2.com\/product\/wall-mount-ip66-nema4x-oxygen-analyzer\/#breadcrumb","itemListElement":[{"@type":"ListItem","position":1,"name":"Home","item":"https:\/\/sso2.com\/en\/"},{"@type":"ListItem","position":2,"name":"Shop","item":"https:\/\/sso2.com\/shop\/"},{"@type":"ListItem","position":3,"name":"OMD-525X Wall Mount Outdoor Oxygen Analyzer"}]},{"@type":"WebSite","@id":"https:\/\/sso2.com\/#website","url":"https:\/\/sso2.com\/","name":"Southland Sensing Ltd.","description":"Industrial &amp; Medical Gas Analyzers Oxygen CO\u2082, &amp; H\u2082 Monitors","publisher":{"@id":"https:\/\/sso2.com\/#organization"},"alternateName":"SSO2","potentialAction":[{"@type":"SearchAction","target":{"@type":"EntryPoint","urlTemplate":"https:\/\/sso2.com\/?s={search_term_string}"},"query-input":{"@type":"PropertyValueSpecification","valueRequired":true,"valueName":"search_term_string"}}],"inLanguage":"tr"},{"@type":"Organization","@id":"https:\/\/sso2.com\/#organization","name":"Southland Sensing Ltd.","alternateName":"SSO2","url":"https:\/\/sso2.com\/","logo":{"@type":"ImageObject","inLanguage":"tr","@id":"https:\/\/sso2.com\/#\/schema\/logo\/image\/","url":"https:\/\/sso2.com\/wp-content\/uploads\/2025\/10\/sso2_300pixel.webp","contentUrl":"https:\/\/sso2.com\/wp-content\/uploads\/2025\/10\/sso2_300pixel.webp","width":300,"height":50,"caption":"Southland Sensing Ltd."},"image":{"@id":"https:\/\/sso2.com\/#\/schema\/logo\/image\/"},"sameAs":["https:\/\/www.linkedin.com\/company\/southland-sensing-ltd\/"],"description":"Southland Sensing Ltd. brings together superior performance, an improved user experience, and unmatched application expertise to deliver an accurate and reliable measurement solution. That\u2019s why multinationals, small companies and universities alike turn to us again and again.","email":"sales@sso2.com","telephone":"1-949-398-2879","legalName":"Southland Sensing Ltd.","foundingDate":"2013-01-01","numberOfEmployees":{"@type":"QuantitativeValue","minValue":"11","maxValue":"50"},"publishingPrinciples":"https:\/\/sso2.com\/contact-us\/","ownershipFundingInfo":"https:\/\/sso2.com\/about-us\/","actionableFeedbackPolicy":"https:\/\/sso2.com\/contact-us\/"}]},"product_price_currency":"USD","og_availability":"instock","product_availability":"instock","product_condition":"new"},"jetpack_sharing_enabled":true,"_links":{"self":[{"href":"https:\/\/sso2.com\/tr\/wp-json\/wp\/v2\/product\/723","targetHints":{"allow":["GET"]}}],"collection":[{"href":"https:\/\/sso2.com\/tr\/wp-json\/wp\/v2\/product"}],"about":[{"href":"https:\/\/sso2.com\/tr\/wp-json\/wp\/v2\/types\/product"}],"replies":[{"embeddable":true,"href":"https:\/\/sso2.com\/tr\/wp-json\/wp\/v2\/comments?post=723"}],"wp:featuredmedia":[{"embeddable":true,"href":"https:\/\/sso2.com\/tr\/wp-json\/wp\/v2\/media\/3934"}],"wp:attachment":[{"href":"https:\/\/sso2.com\/tr\/wp-json\/wp\/v2\/media?parent=723"}],"wp:term":[{"taxonomy":"product_brand","embeddable":true,"href":"https:\/\/sso2.com\/tr\/wp-json\/wp\/v2\/product_brand?post=723"},{"taxonomy":"product_cat","embeddable":true,"href":"https:\/\/sso2.com\/tr\/wp-json\/wp\/v2\/product_cat?post=723"},{"taxonomy":"product_tag","embeddable":true,"href":"https:\/\/sso2.com\/tr\/wp-json\/wp\/v2\/product_tag?post=723"}],"curies":[{"name":"wp","href":"https:\/\/api.w.org\/{rel}","templated":true}]}}