{"id":638,"date":"2019-04-10T14:13:00","date_gmt":"2019-04-10T14:13:00","guid":{"rendered":"https:\/\/sso2.com\/?post_type=product&#038;p=638"},"modified":"2025-11-19T13:36:34","modified_gmt":"2025-11-19T13:36:34","slug":"po2-1120-high-purity-oxygen-sensor","status":"publish","type":"product","link":"https:\/\/sso2.com\/tr\/product\/po2-1120-high-purity-oxygen-sensor\/","title":{"rendered":"PO2-1120 Y\u00fcksek Safl\u0131kta Oksijen Sens\u00f6r\u00fc"},"content":{"rendered":"<div class=\"horizontalTab\">\n<div class=\"resp-tabs-container\">\n<div class=\"resp-tab-content resp-tab-content-active\" aria-labelledby=\"tab_item-0\">\n<p>PO2-1120 Uzun \u00d6m\u00fcrl\u00fc Y\u00fczde Oksijen Sens\u00f6r\u00fc, \u00f6l\u00e7\u00fcm aral\u0131klar\u0131 boyunca y\u00fcksek d\u00fczeyde do\u011fruluk, g\u00fcvenilirlik ve do\u011frusall\u0131k sa\u011flar. Oksijen sens\u00f6r\u00fc galvanik elektrokimyasal yak\u0131t h\u00fccresi prensibine dayan\u0131r ve s\u0131k\u0131 bir kalite prosed\u00fcr\u00fc alt\u0131nda \u015firket i\u00e7inde \u00fcretilir.  Sens\u00f6rler ba\u011f\u0131ms\u0131zd\u0131r ve minimum bak\u0131m gerektirir - elektrotlar\u0131 temizlemeye veya elektrolit eklemeye gerek yoktur.  Hassas sens\u00f6rler, beklenen \u00f6mr\u00fc en \u00fcst d\u00fczeye \u00e7\u0131kar\u0131rken m\u00fckemmel performans, do\u011fruluk ve kararl\u0131l\u0131k sunar.<\/p>\n<p>Sens\u00f6r 0,1%'den 100%'ye kadar oksijen \u00f6l\u00e7\u00fcm\u00fc yapabilmektedir.  Ortam havas\u0131n\u0131n (20,9%) \u00fczerinde \u00f6l\u00e7\u00fcm yaparken, konsantre oksijen i\u00e7eren bir span gaz\u0131 \u00f6nerilir.<\/p>\n<p>PO2-1120 standart KOH elektrolitimizi kullan\u0131r.  Bu sens\u00f6r Azot, Argon, Helyum, Hidrojen vb. gibi inert gazlarda optimum performans i\u00e7in tasarlanm\u0131\u015ft\u0131r.<\/p>\n<p>SSO2 sens\u00f6rlerinin farkl\u0131 performans avantajlar\u0131 boyutlarda, ba\u011flant\u0131larda ve paketlemede yap\u0131lan k\u00fc\u00e7\u00fck de\u011fi\u015fikliklere ba\u011flanabilir. Ancak \u00e7al\u0131\u015fma prensibi ve temel bile\u015fenler ayn\u0131 kal\u0131r.<\/p>\n<\/div>\n<\/div>\n<\/div>","protected":false},"excerpt":{"rendered":"<p>The PO2-1120 Long Life Percent Oxygen Sensor provides high levels of accuracy, reliability and linearity throughout its measurement ranges. The oxygen sensor is based on the galvanic electrochemical fuel cell principal and is manufactured in house under a strict quality procedure.\u00a0 The sensors are self contained and minimal maintenance is required \u2013 no need to [&hellip;]<\/p>\n","protected":false},"featured_media":2932,"comment_status":"open","ping_status":"closed","template":"","meta":[],"product_brand":[],"product_cat":[23],"product_tag":[],"class_list":{"0":"post-638","1":"product","2":"type-product","3":"status-publish","4":"has-post-thumbnail","6":"product_cat-industrial-oxygen-sensors","8":"first","9":"instock","10":"shipping-taxable","11":"product-type-external"},"yoast_head":"<!-- This site is optimized with the Yoast SEO Premium plugin v27.2 (Yoast SEO v27.2) - https:\/\/yoast.com\/product\/yoast-seo-premium-wordpress\/ -->\n<title>PO2-1120 High Purity Oxygen Sensor | O2 Cell<\/title>\n<meta name=\"description\" content=\"The PO2-1120 is a high purity oxygen sensor and O2 cell. Ideal for measuring O2 levels in high-purity gas applications and medical oxygen sensor needs.\" \/>\n<meta name=\"robots\" content=\"index, follow, max-snippet:-1, max-image-preview:large, max-video-preview:-1\" \/>\n<link rel=\"canonical\" href=\"https:\/\/sso2.com\/tr\/urun\/po2-1120-high-purity-oxygen-sensor\/\" \/>\n<meta property=\"og:locale\" content=\"tr_TR\" \/>\n<meta property=\"og:type\" content=\"article\" \/>\n<meta property=\"og:title\" content=\"PO2-1120 High Purity Oxygen Sensor\" \/>\n<meta property=\"og:description\" content=\"The PO2-1120 is a high purity oxygen sensor and O2 cell. Ideal for measuring O2 levels in high-purity gas applications and medical oxygen sensor needs.\" \/>\n<meta property=\"og:url\" content=\"https:\/\/sso2.com\/tr\/urun\/po2-1120-high-purity-oxygen-sensor\/\" \/>\n<meta property=\"og:site_name\" content=\"Southland Sensing Ltd.\" \/>\n<meta property=\"article:modified_time\" content=\"2025-11-19T13:36:34+00:00\" \/>\n<meta property=\"og:image\" content=\"https:\/\/sso2.com\/wp-content\/uploads\/2019\/04\/po2-1120.jpg\" \/>\n\t<meta property=\"og:image:width\" content=\"1314\" \/>\n\t<meta property=\"og:image:height\" content=\"1128\" \/>\n\t<meta property=\"og:image:type\" content=\"image\/jpeg\" \/>\n<meta name=\"twitter:card\" content=\"summary_large_image\" \/>\n<meta name=\"twitter:label1\" content=\"Fiyat\" \/>\n\t<meta name=\"twitter:data1\" content=\"\" \/>\n\t<meta name=\"twitter:label2\" content=\"Durumu\" \/>\n\t<meta name=\"twitter:data2\" content=\"Stokta var\" \/>\n<script type=\"application\/ld+json\" class=\"yoast-schema-graph\">{\"@context\":\"https:\/\/schema.org\",\"@graph\":[{\"@type\":\"WebPage\",\"@id\":\"https:\/\/sso2.com\/product\/po2-1120-high-purity-oxygen-sensor\/\",\"url\":\"https:\/\/sso2.com\/product\/po2-1120-high-purity-oxygen-sensor\/\",\"name\":\"PO2-1120 High Purity Oxygen Sensor | O2 Cell\",\"isPartOf\":{\"@id\":\"https:\/\/sso2.com\/#website\"},\"primaryImageOfPage\":{\"@id\":\"https:\/\/sso2.com\/product\/po2-1120-high-purity-oxygen-sensor\/#primaryimage\"},\"image\":{\"@id\":\"https:\/\/sso2.com\/product\/po2-1120-high-purity-oxygen-sensor\/#primaryimage\"},\"thumbnailUrl\":\"https:\/\/i0.wp.com\/sso2.com\/wp-content\/uploads\/2019\/04\/po2-1120.jpg?fit=1314%2C1128&ssl=1\",\"datePublished\":\"2019-04-10T14:13:00+00:00\",\"dateModified\":\"2025-11-19T13:36:34+00:00\",\"description\":\"The PO2-1120 is a high purity oxygen sensor and O2 cell. Ideal for measuring O2 levels in high-purity gas applications and medical oxygen sensor needs.\",\"breadcrumb\":{\"@id\":\"https:\/\/sso2.com\/product\/po2-1120-high-purity-oxygen-sensor\/#breadcrumb\"},\"inLanguage\":\"tr\",\"potentialAction\":[{\"@type\":\"ReadAction\",\"target\":[\"https:\/\/sso2.com\/product\/po2-1120-high-purity-oxygen-sensor\/\"]}]},{\"@type\":\"ImageObject\",\"inLanguage\":\"tr\",\"@id\":\"https:\/\/sso2.com\/product\/po2-1120-high-purity-oxygen-sensor\/#primaryimage\",\"url\":\"https:\/\/i0.wp.com\/sso2.com\/wp-content\/uploads\/2019\/04\/po2-1120.jpg?fit=1314%2C1128&ssl=1\",\"contentUrl\":\"https:\/\/i0.wp.com\/sso2.com\/wp-content\/uploads\/2019\/04\/po2-1120.jpg?fit=1314%2C1128&ssl=1\",\"width\":1314,\"height\":1128},{\"@type\":\"BreadcrumbList\",\"@id\":\"https:\/\/sso2.com\/product\/po2-1120-high-purity-oxygen-sensor\/#breadcrumb\",\"itemListElement\":[{\"@type\":\"ListItem\",\"position\":1,\"name\":\"Home\",\"item\":\"https:\/\/sso2.com\/en\/\"},{\"@type\":\"ListItem\",\"position\":2,\"name\":\"Shop\",\"item\":\"https:\/\/sso2.com\/shop\/\"},{\"@type\":\"ListItem\",\"position\":3,\"name\":\"PO2-1120 High Purity Oxygen Sensor\"}]},{\"@type\":\"WebSite\",\"@id\":\"https:\/\/sso2.com\/#website\",\"url\":\"https:\/\/sso2.com\/\",\"name\":\"Southland Sensing Ltd.\",\"description\":\"Industrial &amp; Medical Gas Analyzers Oxygen CO\u2082, &amp; H\u2082 Monitors\",\"publisher\":{\"@id\":\"https:\/\/sso2.com\/#organization\"},\"alternateName\":\"SSO2\",\"potentialAction\":[{\"@type\":\"SearchAction\",\"target\":{\"@type\":\"EntryPoint\",\"urlTemplate\":\"https:\/\/sso2.com\/?s={search_term_string}\"},\"query-input\":{\"@type\":\"PropertyValueSpecification\",\"valueRequired\":true,\"valueName\":\"search_term_string\"}}],\"inLanguage\":\"tr\"},{\"@type\":\"Organization\",\"@id\":\"https:\/\/sso2.com\/#organization\",\"name\":\"Southland Sensing Ltd.\",\"alternateName\":\"SSO2\",\"url\":\"https:\/\/sso2.com\/\",\"logo\":{\"@type\":\"ImageObject\",\"inLanguage\":\"tr\",\"@id\":\"https:\/\/sso2.com\/#\/schema\/logo\/image\/\",\"url\":\"https:\/\/sso2.com\/wp-content\/uploads\/2025\/10\/sso2_300pixel.webp\",\"contentUrl\":\"https:\/\/sso2.com\/wp-content\/uploads\/2025\/10\/sso2_300pixel.webp\",\"width\":300,\"height\":50,\"caption\":\"Southland Sensing Ltd.\"},\"image\":{\"@id\":\"https:\/\/sso2.com\/#\/schema\/logo\/image\/\"},\"sameAs\":[\"https:\/\/www.linkedin.com\/company\/southland-sensing-ltd\/\"],\"description\":\"Southland Sensing Ltd. brings together superior performance, an improved user experience, and unmatched application expertise to deliver an accurate and reliable measurement solution. That\u2019s why multinationals, small companies and universities alike turn to us again and again.\",\"email\":\"sales@sso2.com\",\"telephone\":\"1-949-398-2879\",\"legalName\":\"Southland Sensing Ltd.\",\"foundingDate\":\"2013-01-01\",\"numberOfEmployees\":{\"@type\":\"QuantitativeValue\",\"minValue\":\"11\",\"maxValue\":\"50\"},\"publishingPrinciples\":\"https:\/\/sso2.com\/contact-us\/\",\"ownershipFundingInfo\":\"https:\/\/sso2.com\/about-us\/\",\"actionableFeedbackPolicy\":\"https:\/\/sso2.com\/contact-us\/\"}]}<\/script>\n<meta property=\"product:price:currency\" content=\"USD\" \/>\n<meta property=\"og:availability\" content=\"instock\" \/>\n<meta property=\"product:availability\" content=\"instock\" \/>\n<meta property=\"product:condition\" content=\"new\" \/>\n<!-- \/ Yoast SEO Premium plugin. -->","yoast_head_json":{"title":"PO2-1120 Y\u00fcksek Safl\u0131kta Oksijen Sens\u00f6r\u00fc | O2 H\u00fccresi","description":"PO2-1120, y\u00fcksek safl\u0131kta oksijen sens\u00f6r\u00fc ve O2 h\u00fccresidir. Y\u00fcksek safl\u0131kta gaz uygulamalar\u0131nda ve t\u0131bbi oksijen sens\u00f6r\u00fc ihtiya\u00e7lar\u0131nda O2 seviyelerini \u00f6l\u00e7mek i\u00e7in idealdir.","robots":{"index":"index","follow":"follow","max-snippet":"max-snippet:-1","max-image-preview":"max-image-preview:large","max-video-preview":"max-video-preview:-1"},"canonical":"https:\/\/sso2.com\/tr\/urun\/po2-1120-high-purity-oxygen-sensor\/","og_locale":"tr_TR","og_type":"article","og_title":"PO2-1120 High Purity Oxygen Sensor","og_description":"The PO2-1120 is a high purity oxygen sensor and O2 cell. Ideal for measuring O2 levels in high-purity gas applications and medical oxygen sensor needs.","og_url":"https:\/\/sso2.com\/tr\/urun\/po2-1120-high-purity-oxygen-sensor\/","og_site_name":"Southland Sensing Ltd.","article_modified_time":"2025-11-19T13:36:34+00:00","og_image":[{"width":1314,"height":1128,"url":"https:\/\/sso2.com\/wp-content\/uploads\/2019\/04\/po2-1120.jpg","type":"image\/jpeg"}],"twitter_card":"summary_large_image","twitter_misc":{"Fiyat":"","Durumu":"Stokta var"},"schema":{"@context":"https:\/\/schema.org","@graph":[{"@type":"WebPage","@id":"https:\/\/sso2.com\/product\/po2-1120-high-purity-oxygen-sensor\/","url":"https:\/\/sso2.com\/product\/po2-1120-high-purity-oxygen-sensor\/","name":"PO2-1120 Y\u00fcksek Safl\u0131kta Oksijen Sens\u00f6r\u00fc | O2 H\u00fccresi","isPartOf":{"@id":"https:\/\/sso2.com\/#website"},"primaryImageOfPage":{"@id":"https:\/\/sso2.com\/product\/po2-1120-high-purity-oxygen-sensor\/#primaryimage"},"image":{"@id":"https:\/\/sso2.com\/product\/po2-1120-high-purity-oxygen-sensor\/#primaryimage"},"thumbnailUrl":"https:\/\/i0.wp.com\/sso2.com\/wp-content\/uploads\/2019\/04\/po2-1120.jpg?fit=1314%2C1128&ssl=1","datePublished":"2019-04-10T14:13:00+00:00","dateModified":"2025-11-19T13:36:34+00:00","description":"PO2-1120, y\u00fcksek safl\u0131kta oksijen sens\u00f6r\u00fc ve O2 h\u00fccresidir. Y\u00fcksek safl\u0131kta gaz uygulamalar\u0131nda ve t\u0131bbi oksijen sens\u00f6r\u00fc ihtiya\u00e7lar\u0131nda O2 seviyelerini \u00f6l\u00e7mek i\u00e7in idealdir.","breadcrumb":{"@id":"https:\/\/sso2.com\/product\/po2-1120-high-purity-oxygen-sensor\/#breadcrumb"},"inLanguage":"tr","potentialAction":[{"@type":"ReadAction","target":["https:\/\/sso2.com\/product\/po2-1120-high-purity-oxygen-sensor\/"]}]},{"@type":"ImageObject","inLanguage":"tr","@id":"https:\/\/sso2.com\/product\/po2-1120-high-purity-oxygen-sensor\/#primaryimage","url":"https:\/\/i0.wp.com\/sso2.com\/wp-content\/uploads\/2019\/04\/po2-1120.jpg?fit=1314%2C1128&ssl=1","contentUrl":"https:\/\/i0.wp.com\/sso2.com\/wp-content\/uploads\/2019\/04\/po2-1120.jpg?fit=1314%2C1128&ssl=1","width":1314,"height":1128},{"@type":"BreadcrumbList","@id":"https:\/\/sso2.com\/product\/po2-1120-high-purity-oxygen-sensor\/#breadcrumb","itemListElement":[{"@type":"ListItem","position":1,"name":"Home","item":"https:\/\/sso2.com\/en\/"},{"@type":"ListItem","position":2,"name":"Shop","item":"https:\/\/sso2.com\/shop\/"},{"@type":"ListItem","position":3,"name":"PO2-1120 High Purity Oxygen Sensor"}]},{"@type":"WebSite","@id":"https:\/\/sso2.com\/#website","url":"https:\/\/sso2.com\/","name":"Southland Sensing Ltd.","description":"Industrial &amp; Medical Gas Analyzers Oxygen CO\u2082, &amp; H\u2082 Monitors","publisher":{"@id":"https:\/\/sso2.com\/#organization"},"alternateName":"SSO2","potentialAction":[{"@type":"SearchAction","target":{"@type":"EntryPoint","urlTemplate":"https:\/\/sso2.com\/?s={search_term_string}"},"query-input":{"@type":"PropertyValueSpecification","valueRequired":true,"valueName":"search_term_string"}}],"inLanguage":"tr"},{"@type":"Organization","@id":"https:\/\/sso2.com\/#organization","name":"Southland Sensing Ltd.","alternateName":"SSO2","url":"https:\/\/sso2.com\/","logo":{"@type":"ImageObject","inLanguage":"tr","@id":"https:\/\/sso2.com\/#\/schema\/logo\/image\/","url":"https:\/\/sso2.com\/wp-content\/uploads\/2025\/10\/sso2_300pixel.webp","contentUrl":"https:\/\/sso2.com\/wp-content\/uploads\/2025\/10\/sso2_300pixel.webp","width":300,"height":50,"caption":"Southland Sensing Ltd."},"image":{"@id":"https:\/\/sso2.com\/#\/schema\/logo\/image\/"},"sameAs":["https:\/\/www.linkedin.com\/company\/southland-sensing-ltd\/"],"description":"Southland Sensing Ltd. brings together superior performance, an improved user experience, and unmatched application expertise to deliver an accurate and reliable measurement solution. That\u2019s why multinationals, small companies and universities alike turn to us again and again.","email":"sales@sso2.com","telephone":"1-949-398-2879","legalName":"Southland Sensing Ltd.","foundingDate":"2013-01-01","numberOfEmployees":{"@type":"QuantitativeValue","minValue":"11","maxValue":"50"},"publishingPrinciples":"https:\/\/sso2.com\/contact-us\/","ownershipFundingInfo":"https:\/\/sso2.com\/about-us\/","actionableFeedbackPolicy":"https:\/\/sso2.com\/contact-us\/"}]},"product_price_currency":"USD","og_availability":"instock","product_availability":"instock","product_condition":"new"},"jetpack_sharing_enabled":true,"_links":{"self":[{"href":"https:\/\/sso2.com\/tr\/wp-json\/wp\/v2\/product\/638","targetHints":{"allow":["GET"]}}],"collection":[{"href":"https:\/\/sso2.com\/tr\/wp-json\/wp\/v2\/product"}],"about":[{"href":"https:\/\/sso2.com\/tr\/wp-json\/wp\/v2\/types\/product"}],"replies":[{"embeddable":true,"href":"https:\/\/sso2.com\/tr\/wp-json\/wp\/v2\/comments?post=638"}],"wp:featuredmedia":[{"embeddable":true,"href":"https:\/\/sso2.com\/tr\/wp-json\/wp\/v2\/media\/2932"}],"wp:attachment":[{"href":"https:\/\/sso2.com\/tr\/wp-json\/wp\/v2\/media?parent=638"}],"wp:term":[{"taxonomy":"product_brand","embeddable":true,"href":"https:\/\/sso2.com\/tr\/wp-json\/wp\/v2\/product_brand?post=638"},{"taxonomy":"product_cat","embeddable":true,"href":"https:\/\/sso2.com\/tr\/wp-json\/wp\/v2\/product_cat?post=638"},{"taxonomy":"product_tag","embeddable":true,"href":"https:\/\/sso2.com\/tr\/wp-json\/wp\/v2\/product_tag?post=638"}],"curies":[{"name":"wp","href":"https:\/\/api.w.org\/{rel}","templated":true}]}}