{"id":2985,"date":"2025-01-29T17:46:37","date_gmt":"2025-01-29T17:46:37","guid":{"rendered":"https:\/\/sso2.com\/?post_type=product&#038;p=2985"},"modified":"2025-11-19T10:54:19","modified_gmt":"2025-11-19T10:54:19","slug":"hazardous-area-online-process-carbon-dioxide-analyzer-ce","status":"publish","type":"product","link":"https:\/\/sso2.com\/tr\/product\/hazardous-area-online-process-carbon-dioxide-analyzer-ce\/","title":{"rendered":"CO2-625 Tehlikeli Alan CO2 Analiz\u00f6r\u00fc"},"content":{"rendered":"<p>CO2-625 Tehlikeli Alan \u00c7evrimi\u00e7i Oksijen Analiz\u00f6r\u00fc, 100%'ye kadar \u00e7ok az bak\u0131mla s\u00fcrekli Karbon Dioksit \u00f6l\u00e7\u00fcm\u00fc i\u00e7in tasarlanm\u0131\u015ft\u0131r.  \u00dcnite, ak\u0131ll\u0131 bir MEN\u00dc aray\u00fcz\u00fc de dahil olmak \u00fczere geli\u015fmi\u015f bir dizi elektronik \u00f6zelli\u011fi sekt\u00f6r lideri hassas k\u0131z\u0131l\u00f6tesi \u00f6l\u00e7\u00fcm prensibimizle birle\u015ftirir. Sonu\u00e7, kullan\u0131m\u0131 kolay kullan\u0131c\u0131 aray\u00fcz\u00fcne sahip son derece g\u00fcvenilir ve uygun maliyetli bir tasar\u0131md\u0131r.<\/p>\n<ul>\n<li>Muhafaza Tipi: Duvar Montaj\u0131; Direk Montaj\u0131<\/li>\n<li>Standart Aral\u0131klar: 0 - 5000PPM, 0 - 5%, 0 - 25%, 0 - 100%<\/li>\n<li>Menzil Modu: Otomatik Menzil veya Manuel Menzil<\/li>\n<li>\u00c7\u00f6z\u00fcn\u00fcrl\u00fck: 1 PPM veya 0,01 %<\/li>\n<li>Giri\u015f G\u00fcc\u00fc: 100 - 240 VAC veya 12 - 24 VDC<\/li>\n<li>Analog \u00c7\u0131k\u0131\u015f: 4 - 20mA veya 1 - 5V DC<\/li>\n<li>Haberle\u015fme: \u00c7ift Y\u00f6nl\u00fc MODBUS RS485 RTU<\/li>\n<li>Alarmlar: 2 Tamamen ayarlanabilir Form C r\u00f6le konta\u011f\u0131<\/li>\n<\/ul>\n<p>Yerle\u015fik ak\u0131ll\u0131 MEN\u00dc aray\u00fcz\u00fc, kullan\u0131c\u0131n\u0131n analiz\u00f6r\u00fc yerle\u015fik MEN\u00dc sistemi arac\u0131l\u0131\u011f\u0131yla tamamen yap\u0131land\u0131rmas\u0131na olanak tan\u0131r; analiz\u00f6r\u00fc sahada kurmak i\u00e7in karma\u015f\u0131k bir diz\u00fcst\u00fc bilgisayara veya ba\u015fka bir kontrol cihaz\u0131na gerek yoktur.<\/p>\n<p>Analiz\u00f6r, numuneyi 3 yollu bir numune \/ aral\u0131k valfi ve ak\u0131\u015f kontrol valfli g\u00f6rsel bir rotametre \/ ak\u0131\u015f \u00f6l\u00e7er i\u00e7eren entegre numune sistemi arac\u0131l\u0131\u011f\u0131yla \u00e7ekmek i\u00e7in ekstraktif tip bir \u00fcnite olarak tasarlanm\u0131\u015ft\u0131r.  CO2 sens\u00f6r\u00fc k\u0131z\u0131l\u00f6tesi \u00f6l\u00e7\u00fcm prensibine dayanmaktad\u0131r.  Sens\u00f6rler ba\u011f\u0131ms\u0131zd\u0131r ve minimum bak\u0131m gerektirir.  Hassas sens\u00f6rler, beklenen \u00f6mr\u00fc en \u00fcst d\u00fczeye \u00e7\u0131kar\u0131rken m\u00fckemmel performans, do\u011fruluk ve kararl\u0131l\u0131k sunar.<\/p>\n<p>Bu analiz\u00f6r\u00fcn ba\u015fl\u0131ca kullan\u0131m alanlar\u0131 aras\u0131nda do\u011fal gaz, \u00e7\u00f6p sahas\u0131, biyogaz ve di\u011fer end\u00fcstriyel uygulamalar yer almaktad\u0131r.<\/p>","protected":false},"excerpt":{"rendered":"<p>The CO2-625 Hazardous Area Online Oxygen Analyzer is designed for measuring Carbon Dioxide continuously with very little maintenance up to 100%.\u00a0 The unit combines an advanced set of electronic features including a smart MENU interface with our industry leading precision infrared measurement principal. The result is a highly reliable and cost effective design with easy-to-use [&hellip;]<\/p>\n","protected":false},"featured_media":2977,"comment_status":"open","ping_status":"closed","template":"","meta":[],"product_brand":[],"product_cat":[22],"product_tag":[],"class_list":{"0":"post-2985","1":"product","2":"type-product","3":"status-publish","4":"has-post-thumbnail","6":"product_cat-uncategorized","8":"first","9":"instock","10":"shipping-taxable","11":"product-type-external"},"yoast_head":"<!-- This site is optimized with the Yoast SEO Premium plugin v27.4 (Yoast SEO v27.4) - https:\/\/yoast.com\/product\/yoast-seo-premium-wordpress\/ -->\n<title>CO2-625 Hazardous Area CO2 Analyzer for Safety Monitoring<\/title>\n<meta name=\"description\" content=\"The CO2-625 Hazardous Area CO2 Analyzer provides precise CO2 monitoring in dangerous environments, ensuring safety, reliability, and accurate gas analysis.\" \/>\n<meta name=\"robots\" content=\"index, follow, max-snippet:-1, max-image-preview:large, max-video-preview:-1\" \/>\n<link rel=\"canonical\" href=\"https:\/\/sso2.com\/tr\/urun\/hazardous-area-online-process-carbon-dioxide-analyzer-ce\/\" \/>\n<meta property=\"og:locale\" content=\"tr_TR\" \/>\n<meta property=\"og:type\" content=\"article\" \/>\n<meta property=\"og:title\" content=\"CO2-625 Hazardous Area CO2 Analyzer\" \/>\n<meta property=\"og:description\" content=\"The CO2-625 Hazardous Area CO2 Analyzer provides precise CO2 monitoring in dangerous environments, ensuring safety, reliability, and accurate gas analysis.\" \/>\n<meta property=\"og:url\" content=\"https:\/\/sso2.com\/tr\/urun\/hazardous-area-online-process-carbon-dioxide-analyzer-ce\/\" \/>\n<meta property=\"og:site_name\" content=\"Southland Sensing Ltd.\" \/>\n<meta property=\"article:modified_time\" content=\"2025-11-19T10:54:19+00:00\" \/>\n<meta property=\"og:image\" content=\"https:\/\/sso2.com\/wp-content\/uploads\/2025\/01\/co2-625-1024x977.png\" \/>\n\t<meta property=\"og:image:width\" content=\"1024\" \/>\n\t<meta property=\"og:image:height\" content=\"977\" \/>\n\t<meta property=\"og:image:type\" content=\"image\/png\" \/>\n<meta name=\"twitter:card\" content=\"summary_large_image\" \/>\n<meta name=\"twitter:label1\" content=\"Fiyat\" \/>\n\t<meta name=\"twitter:data1\" content=\"\" \/>\n\t<meta name=\"twitter:label2\" content=\"Durumu\" \/>\n\t<meta name=\"twitter:data2\" content=\"Stokta var\" \/>\n<script type=\"application\/ld+json\" class=\"yoast-schema-graph\">{\"@context\":\"https:\\\/\\\/schema.org\",\"@graph\":[{\"@type\":\"WebPage\",\"@id\":\"https:\\\/\\\/sso2.com\\\/product\\\/hazardous-area-online-process-carbon-dioxide-analyzer-ce\\\/\",\"url\":\"https:\\\/\\\/sso2.com\\\/product\\\/hazardous-area-online-process-carbon-dioxide-analyzer-ce\\\/\",\"name\":\"CO2-625 Hazardous Area CO2 Analyzer for Safety Monitoring\",\"isPartOf\":{\"@id\":\"https:\\\/\\\/sso2.com\\\/#website\"},\"primaryImageOfPage\":{\"@id\":\"https:\\\/\\\/sso2.com\\\/product\\\/hazardous-area-online-process-carbon-dioxide-analyzer-ce\\\/#primaryimage\"},\"image\":{\"@id\":\"https:\\\/\\\/sso2.com\\\/product\\\/hazardous-area-online-process-carbon-dioxide-analyzer-ce\\\/#primaryimage\"},\"thumbnailUrl\":\"https:\\\/\\\/i0.wp.com\\\/sso2.com\\\/wp-content\\\/uploads\\\/2025\\\/01\\\/co2-625.png?fit=3158%2C3013&ssl=1\",\"datePublished\":\"2025-01-29T17:46:37+00:00\",\"dateModified\":\"2025-11-19T10:54:19+00:00\",\"description\":\"The CO2-625 Hazardous Area CO2 Analyzer provides precise CO2 monitoring in dangerous environments, ensuring safety, reliability, and accurate gas analysis.\",\"breadcrumb\":{\"@id\":\"https:\\\/\\\/sso2.com\\\/product\\\/hazardous-area-online-process-carbon-dioxide-analyzer-ce\\\/#breadcrumb\"},\"inLanguage\":\"tr\",\"potentialAction\":[{\"@type\":\"ReadAction\",\"target\":[\"https:\\\/\\\/sso2.com\\\/product\\\/hazardous-area-online-process-carbon-dioxide-analyzer-ce\\\/\"]}]},{\"@type\":\"ImageObject\",\"inLanguage\":\"tr\",\"@id\":\"https:\\\/\\\/sso2.com\\\/product\\\/hazardous-area-online-process-carbon-dioxide-analyzer-ce\\\/#primaryimage\",\"url\":\"https:\\\/\\\/i0.wp.com\\\/sso2.com\\\/wp-content\\\/uploads\\\/2025\\\/01\\\/co2-625.png?fit=3158%2C3013&ssl=1\",\"contentUrl\":\"https:\\\/\\\/i0.wp.com\\\/sso2.com\\\/wp-content\\\/uploads\\\/2025\\\/01\\\/co2-625.png?fit=3158%2C3013&ssl=1\",\"width\":3158,\"height\":3013},{\"@type\":\"BreadcrumbList\",\"@id\":\"https:\\\/\\\/sso2.com\\\/product\\\/hazardous-area-online-process-carbon-dioxide-analyzer-ce\\\/#breadcrumb\",\"itemListElement\":[{\"@type\":\"ListItem\",\"position\":1,\"name\":\"Home\",\"item\":\"https:\\\/\\\/sso2.com\\\/en\\\/\"},{\"@type\":\"ListItem\",\"position\":2,\"name\":\"Shop\",\"item\":\"https:\\\/\\\/sso2.com\\\/shop\\\/\"},{\"@type\":\"ListItem\",\"position\":3,\"name\":\"CO2-625 Hazardous Area CO2 Analyzer\"}]},{\"@type\":\"WebSite\",\"@id\":\"https:\\\/\\\/sso2.com\\\/#website\",\"url\":\"https:\\\/\\\/sso2.com\\\/\",\"name\":\"Southland Sensing Ltd.\",\"description\":\"Industrial &amp; Medical Gas Analyzers Oxygen CO\u2082, &amp; H\u2082 Monitors\",\"publisher\":{\"@id\":\"https:\\\/\\\/sso2.com\\\/#organization\"},\"alternateName\":\"SSO2\",\"potentialAction\":[{\"@type\":\"SearchAction\",\"target\":{\"@type\":\"EntryPoint\",\"urlTemplate\":\"https:\\\/\\\/sso2.com\\\/?s={search_term_string}\"},\"query-input\":{\"@type\":\"PropertyValueSpecification\",\"valueRequired\":true,\"valueName\":\"search_term_string\"}}],\"inLanguage\":\"tr\"},{\"@type\":\"Organization\",\"@id\":\"https:\\\/\\\/sso2.com\\\/#organization\",\"name\":\"Southland Sensing Ltd.\",\"alternateName\":\"SSO2\",\"url\":\"https:\\\/\\\/sso2.com\\\/\",\"logo\":{\"@type\":\"ImageObject\",\"inLanguage\":\"tr\",\"@id\":\"https:\\\/\\\/sso2.com\\\/#\\\/schema\\\/logo\\\/image\\\/\",\"url\":\"https:\\\/\\\/sso2.com\\\/wp-content\\\/uploads\\\/2025\\\/10\\\/sso2_300pixel.webp\",\"contentUrl\":\"https:\\\/\\\/sso2.com\\\/wp-content\\\/uploads\\\/2025\\\/10\\\/sso2_300pixel.webp\",\"width\":300,\"height\":50,\"caption\":\"Southland Sensing Ltd.\"},\"image\":{\"@id\":\"https:\\\/\\\/sso2.com\\\/#\\\/schema\\\/logo\\\/image\\\/\"},\"sameAs\":[\"https:\\\/\\\/www.linkedin.com\\\/company\\\/southland-sensing-ltd\\\/\"],\"description\":\"Southland Sensing Ltd. brings together superior performance, an improved user experience, and unmatched application expertise to deliver an accurate and reliable measurement solution. That\u2019s why multinationals, small companies and universities alike turn to us again and again.\",\"email\":\"sales@sso2.com\",\"telephone\":\"1-949-398-2879\",\"legalName\":\"Southland Sensing Ltd.\",\"foundingDate\":\"2013-01-01\",\"numberOfEmployees\":{\"@type\":\"QuantitativeValue\",\"minValue\":\"11\",\"maxValue\":\"50\"},\"publishingPrinciples\":\"https:\\\/\\\/sso2.com\\\/contact-us\\\/\",\"ownershipFundingInfo\":\"https:\\\/\\\/sso2.com\\\/about-us\\\/\",\"actionableFeedbackPolicy\":\"https:\\\/\\\/sso2.com\\\/contact-us\\\/\"}]}<\/script>\n<meta property=\"product:price:currency\" content=\"USD\" \/>\n<meta property=\"og:availability\" content=\"instock\" \/>\n<meta property=\"product:availability\" content=\"instock\" \/>\n<meta property=\"product:condition\" content=\"new\" \/>\n<!-- \/ Yoast SEO Premium plugin. -->","yoast_head_json":{"title":"CO2-625 Tehlikeli Alanlarda G\u00fcvenlik \u0130zleme i\u00e7in CO2 Analiz Cihaz\u0131","description":"CO2-625 Tehlikeli Alan CO2 Analiz Cihaz\u0131, tehlikeli ortamlarda hassas CO2 izleme olana\u011f\u0131 sa\u011flayarak g\u00fcvenlik, g\u00fcvenilirlik ve do\u011fru gaz analizini garanti eder.","robots":{"index":"index","follow":"follow","max-snippet":"max-snippet:-1","max-image-preview":"max-image-preview:large","max-video-preview":"max-video-preview:-1"},"canonical":"https:\/\/sso2.com\/tr\/urun\/hazardous-area-online-process-carbon-dioxide-analyzer-ce\/","og_locale":"tr_TR","og_type":"article","og_title":"CO2-625 Hazardous Area CO2 Analyzer","og_description":"The CO2-625 Hazardous Area CO2 Analyzer provides precise CO2 monitoring in dangerous environments, ensuring safety, reliability, and accurate gas analysis.","og_url":"https:\/\/sso2.com\/tr\/urun\/hazardous-area-online-process-carbon-dioxide-analyzer-ce\/","og_site_name":"Southland Sensing Ltd.","article_modified_time":"2025-11-19T10:54:19+00:00","og_image":[{"width":1024,"height":977,"url":"https:\/\/sso2.com\/wp-content\/uploads\/2025\/01\/co2-625-1024x977.png","type":"image\/png"}],"twitter_card":"summary_large_image","twitter_misc":{"Fiyat":"","Durumu":"Stokta var"},"schema":{"@context":"https:\/\/schema.org","@graph":[{"@type":"WebPage","@id":"https:\/\/sso2.com\/product\/hazardous-area-online-process-carbon-dioxide-analyzer-ce\/","url":"https:\/\/sso2.com\/product\/hazardous-area-online-process-carbon-dioxide-analyzer-ce\/","name":"CO2-625 Tehlikeli Alanlarda G\u00fcvenlik \u0130zleme i\u00e7in CO2 Analiz Cihaz\u0131","isPartOf":{"@id":"https:\/\/sso2.com\/#website"},"primaryImageOfPage":{"@id":"https:\/\/sso2.com\/product\/hazardous-area-online-process-carbon-dioxide-analyzer-ce\/#primaryimage"},"image":{"@id":"https:\/\/sso2.com\/product\/hazardous-area-online-process-carbon-dioxide-analyzer-ce\/#primaryimage"},"thumbnailUrl":"https:\/\/i0.wp.com\/sso2.com\/wp-content\/uploads\/2025\/01\/co2-625.png?fit=3158%2C3013&ssl=1","datePublished":"2025-01-29T17:46:37+00:00","dateModified":"2025-11-19T10:54:19+00:00","description":"CO2-625 Tehlikeli Alan CO2 Analiz Cihaz\u0131, tehlikeli ortamlarda hassas CO2 izleme olana\u011f\u0131 sa\u011flayarak g\u00fcvenlik, g\u00fcvenilirlik ve do\u011fru gaz analizini garanti eder.","breadcrumb":{"@id":"https:\/\/sso2.com\/product\/hazardous-area-online-process-carbon-dioxide-analyzer-ce\/#breadcrumb"},"inLanguage":"tr","potentialAction":[{"@type":"ReadAction","target":["https:\/\/sso2.com\/product\/hazardous-area-online-process-carbon-dioxide-analyzer-ce\/"]}]},{"@type":"ImageObject","inLanguage":"tr","@id":"https:\/\/sso2.com\/product\/hazardous-area-online-process-carbon-dioxide-analyzer-ce\/#primaryimage","url":"https:\/\/i0.wp.com\/sso2.com\/wp-content\/uploads\/2025\/01\/co2-625.png?fit=3158%2C3013&ssl=1","contentUrl":"https:\/\/i0.wp.com\/sso2.com\/wp-content\/uploads\/2025\/01\/co2-625.png?fit=3158%2C3013&ssl=1","width":3158,"height":3013},{"@type":"BreadcrumbList","@id":"https:\/\/sso2.com\/product\/hazardous-area-online-process-carbon-dioxide-analyzer-ce\/#breadcrumb","itemListElement":[{"@type":"ListItem","position":1,"name":"Home","item":"https:\/\/sso2.com\/en\/"},{"@type":"ListItem","position":2,"name":"Shop","item":"https:\/\/sso2.com\/shop\/"},{"@type":"ListItem","position":3,"name":"CO2-625 Hazardous Area CO2 Analyzer"}]},{"@type":"WebSite","@id":"https:\/\/sso2.com\/#website","url":"https:\/\/sso2.com\/","name":"Southland Sensing Ltd.","description":"Industrial &amp; Medical Gas Analyzers Oxygen CO\u2082, &amp; H\u2082 Monitors","publisher":{"@id":"https:\/\/sso2.com\/#organization"},"alternateName":"SSO2","potentialAction":[{"@type":"SearchAction","target":{"@type":"EntryPoint","urlTemplate":"https:\/\/sso2.com\/?s={search_term_string}"},"query-input":{"@type":"PropertyValueSpecification","valueRequired":true,"valueName":"search_term_string"}}],"inLanguage":"tr"},{"@type":"Organization","@id":"https:\/\/sso2.com\/#organization","name":"Southland Sensing Ltd.","alternateName":"SSO2","url":"https:\/\/sso2.com\/","logo":{"@type":"ImageObject","inLanguage":"tr","@id":"https:\/\/sso2.com\/#\/schema\/logo\/image\/","url":"https:\/\/sso2.com\/wp-content\/uploads\/2025\/10\/sso2_300pixel.webp","contentUrl":"https:\/\/sso2.com\/wp-content\/uploads\/2025\/10\/sso2_300pixel.webp","width":300,"height":50,"caption":"Southland Sensing Ltd."},"image":{"@id":"https:\/\/sso2.com\/#\/schema\/logo\/image\/"},"sameAs":["https:\/\/www.linkedin.com\/company\/southland-sensing-ltd\/"],"description":"Southland Sensing Ltd. brings together superior performance, an improved user experience, and unmatched application expertise to deliver an accurate and reliable measurement solution. That\u2019s why multinationals, small companies and universities alike turn to us again and again.","email":"sales@sso2.com","telephone":"1-949-398-2879","legalName":"Southland Sensing Ltd.","foundingDate":"2013-01-01","numberOfEmployees":{"@type":"QuantitativeValue","minValue":"11","maxValue":"50"},"publishingPrinciples":"https:\/\/sso2.com\/contact-us\/","ownershipFundingInfo":"https:\/\/sso2.com\/about-us\/","actionableFeedbackPolicy":"https:\/\/sso2.com\/contact-us\/"}]},"product_price_currency":"USD","og_availability":"instock","product_availability":"instock","product_condition":"new"},"jetpack_sharing_enabled":true,"_links":{"self":[{"href":"https:\/\/sso2.com\/tr\/wp-json\/wp\/v2\/product\/2985","targetHints":{"allow":["GET"]}}],"collection":[{"href":"https:\/\/sso2.com\/tr\/wp-json\/wp\/v2\/product"}],"about":[{"href":"https:\/\/sso2.com\/tr\/wp-json\/wp\/v2\/types\/product"}],"replies":[{"embeddable":true,"href":"https:\/\/sso2.com\/tr\/wp-json\/wp\/v2\/comments?post=2985"}],"wp:featuredmedia":[{"embeddable":true,"href":"https:\/\/sso2.com\/tr\/wp-json\/wp\/v2\/media\/2977"}],"wp:attachment":[{"href":"https:\/\/sso2.com\/tr\/wp-json\/wp\/v2\/media?parent=2985"}],"wp:term":[{"taxonomy":"product_brand","embeddable":true,"href":"https:\/\/sso2.com\/tr\/wp-json\/wp\/v2\/product_brand?post=2985"},{"taxonomy":"product_cat","embeddable":true,"href":"https:\/\/sso2.com\/tr\/wp-json\/wp\/v2\/product_cat?post=2985"},{"taxonomy":"product_tag","embeddable":true,"href":"https:\/\/sso2.com\/tr\/wp-json\/wp\/v2\/product_tag?post=2985"}],"curies":[{"name":"wp","href":"https:\/\/api.w.org\/{rel}","templated":true}]}}