{"id":1961,"date":"2023-05-11T21:06:02","date_gmt":"2023-05-11T21:06:02","guid":{"rendered":"https:\/\/sso2.com\/?post_type=product&#038;p=1961"},"modified":"2025-11-19T11:16:01","modified_gmt":"2025-11-19T11:16:01","slug":"explosion-proof-online-trace-oxygen-analyzer-0-1-ppm-ce-copy","status":"publish","type":"product","link":"https:\/\/sso2.com\/tr\/product\/explosion-proof-online-trace-oxygen-analyzer-0-1-ppm-ce-copy\/","title":{"rendered":"OMD-690 Explosion Proof Oxygen Analyzer"},"content":{"rendered":"<p>The OMD-690 Explosion Proof Oxygen Analyzer is designed to measure trace oxygen in the parts-per-billion range \/ sub 1 ppm region but can also be used to measure oxygen up to 1000 parts-per-million. The unit combines an advanced set of electronic features including a smart MENU interface including our innovative touch glass technology with our industry leading leading precision electrochemical oxygen sensor technology. The result is a highly reliable and cost effective design with easy-to-use user interface for petrochemical and chemical applications.<\/p>\n<ul>\n<li>Enclosure Type: Explosion Proof Wall Mount<\/li>\n<li>Available Ranges: 0 &#8211; 1\/10\/100\/1000 PPM &amp; 0 &#8211; 25%<\/li>\n<li>Menzil Modu: Otomatik Menzil veya Manuel Menzil<\/li>\n<li>Resolution: 0.001 PPM<\/li>\n<li>Input Power: 100 &#8211; 240 VAC<\/li>\n<li>Analog Output: 4 &#8211; 20mA, 0 &#8211; 10V DC, 0 &#8211; 1V DC<\/li>\n<li>Haberle\u015fme: \u00c7ift Y\u00f6nl\u00fc MODBUS RS485 RTU<\/li>\n<\/ul>\n<p>Dahili ak\u0131ll\u0131 MEN\u00dc aray\u00fcz\u00fc, kullan\u0131c\u0131n\u0131n yerle\u015fik MEN\u00dc sistemi arac\u0131l\u0131\u011f\u0131yla analiz\u00f6r\u00fc tamamen yap\u0131land\u0131rmas\u0131na olanak tan\u0131r.  Sahada analiz\u00f6r\u00fc ayarlamak i\u00e7in karma\u015f\u0131k bir diz\u00fcst\u00fc bilgisayara veya ba\u015fka bir kontrol cihaz\u0131na gerek yoktur.<\/p>\n<p>Alarm functionality comes in the way of 2 fully adjustable form C non-latching relay contacts. These can be configured as NO or NC and can be set as HIGH or LOW with optional delay mode. A power failure alarm is also standard and comes as a form C non-latching relay contact.<\/p>\n<p>The analyzer is designed as an extractive type unit to draw the sample through its integrated sample system which includes a bypass \/ isolation valve, flow needle valve and a visual rotameter \/ flowmeter.<\/p>\n<p>The standard cell (TO2-133) is unaffected by other background gases such as hydrogen, helium, or hydrocarbons. The optional acidic cell (TO2-233) works well when acid gases such as CO2 or Natural Gas are present.\u00a0 All oxygen sensors are manufactured in house by Southland Sensing Ltd. under a strict ISO9001:2015 \/ ISO13485:2016 quality system.<\/p>\n<p>The sensors are self-contained and minimal maintenance is required &#8211; no need to clean electrodes or add electrolyte.<\/p>","protected":false},"excerpt":{"rendered":"<p>The OMD-690 Explosion Proof Oxygen Analyzer is designed to measure trace oxygen in the parts-per-billion range \/ sub 1 ppm region but can also be used to measure oxygen up to 1000 parts-per-million. The unit combines an advanced set of electronic features including a smart MENU interface including our innovative touch glass technology with our [&hellip;]<\/p>\n","protected":false},"featured_media":1963,"comment_status":"open","ping_status":"closed","template":"","meta":[],"product_brand":[],"product_cat":[26],"product_tag":[],"class_list":{"0":"post-1961","1":"product","2":"type-product","3":"status-publish","4":"has-post-thumbnail","6":"product_cat-industrial-oxygen-analyzers","8":"first","9":"instock","10":"shipping-taxable","11":"product-type-external"},"yoast_head":"<!-- This site is optimized with the Yoast SEO Premium plugin v27.2 (Yoast SEO v27.2) - https:\/\/yoast.com\/product\/yoast-seo-premium-wordpress\/ -->\n<title>OMD-690 Explosion Proof Oxygen Analyzer $\\vert$ O2 Detector<\/title>\n<meta name=\"description\" content=\"The OMD-690 is an explosion proof oxygen analyzer and O2 detector. Ensure safety in hazardous, oxygen-deficient atmosphere areas.\" \/>\n<meta name=\"robots\" content=\"index, follow, max-snippet:-1, max-image-preview:large, max-video-preview:-1\" \/>\n<link rel=\"canonical\" href=\"https:\/\/sso2.com\/tr\/urun\/explosion-proof-online-trace-oxygen-analyzer-0-1-ppm-ce-copy\/\" \/>\n<meta property=\"og:locale\" content=\"tr_TR\" \/>\n<meta property=\"og:type\" content=\"article\" \/>\n<meta property=\"og:title\" content=\"OMD-690 Explosion Proof Oxygen Analyzer\" \/>\n<meta property=\"og:description\" content=\"The OMD-690 is an explosion proof oxygen analyzer and O2 detector. Ensure safety in hazardous, oxygen-deficient atmosphere areas.\" \/>\n<meta property=\"og:url\" content=\"https:\/\/sso2.com\/tr\/urun\/explosion-proof-online-trace-oxygen-analyzer-0-1-ppm-ce-copy\/\" \/>\n<meta property=\"og:site_name\" content=\"Southland Sensing Ltd.\" \/>\n<meta property=\"article:modified_time\" content=\"2025-11-19T11:16:01+00:00\" \/>\n<meta property=\"og:image\" content=\"https:\/\/sso2.com\/wp-content\/uploads\/2023\/05\/omd-690_cover.png\" \/>\n\t<meta property=\"og:image:width\" content=\"1264\" \/>\n\t<meta property=\"og:image:height\" content=\"1040\" \/>\n\t<meta property=\"og:image:type\" content=\"image\/png\" \/>\n<meta name=\"twitter:card\" content=\"summary_large_image\" \/>\n<meta name=\"twitter:label1\" content=\"Fiyat\" \/>\n\t<meta name=\"twitter:data1\" content=\"\" \/>\n\t<meta name=\"twitter:label2\" content=\"Durumu\" \/>\n\t<meta name=\"twitter:data2\" content=\"Stokta var\" \/>\n<script type=\"application\/ld+json\" class=\"yoast-schema-graph\">{\"@context\":\"https:\/\/schema.org\",\"@graph\":[{\"@type\":\"WebPage\",\"@id\":\"https:\/\/sso2.com\/product\/explosion-proof-online-trace-oxygen-analyzer-0-1-ppm-ce-copy\/\",\"url\":\"https:\/\/sso2.com\/product\/explosion-proof-online-trace-oxygen-analyzer-0-1-ppm-ce-copy\/\",\"name\":\"OMD-690 Explosion Proof Oxygen Analyzer $\\\\vert$ O2 Detector\",\"isPartOf\":{\"@id\":\"https:\/\/sso2.com\/#website\"},\"primaryImageOfPage\":{\"@id\":\"https:\/\/sso2.com\/product\/explosion-proof-online-trace-oxygen-analyzer-0-1-ppm-ce-copy\/#primaryimage\"},\"image\":{\"@id\":\"https:\/\/sso2.com\/product\/explosion-proof-online-trace-oxygen-analyzer-0-1-ppm-ce-copy\/#primaryimage\"},\"thumbnailUrl\":\"https:\/\/i0.wp.com\/sso2.com\/wp-content\/uploads\/2023\/05\/omd-690_cover.png?fit=1264%2C1040&ssl=1\",\"datePublished\":\"2023-05-11T21:06:02+00:00\",\"dateModified\":\"2025-11-19T11:16:01+00:00\",\"description\":\"The OMD-690 is an explosion proof oxygen analyzer and O2 detector. Ensure safety in hazardous, oxygen-deficient atmosphere areas.\",\"breadcrumb\":{\"@id\":\"https:\/\/sso2.com\/product\/explosion-proof-online-trace-oxygen-analyzer-0-1-ppm-ce-copy\/#breadcrumb\"},\"inLanguage\":\"tr\",\"potentialAction\":[{\"@type\":\"ReadAction\",\"target\":[\"https:\/\/sso2.com\/product\/explosion-proof-online-trace-oxygen-analyzer-0-1-ppm-ce-copy\/\"]}]},{\"@type\":\"ImageObject\",\"inLanguage\":\"tr\",\"@id\":\"https:\/\/sso2.com\/product\/explosion-proof-online-trace-oxygen-analyzer-0-1-ppm-ce-copy\/#primaryimage\",\"url\":\"https:\/\/i0.wp.com\/sso2.com\/wp-content\/uploads\/2023\/05\/omd-690_cover.png?fit=1264%2C1040&ssl=1\",\"contentUrl\":\"https:\/\/i0.wp.com\/sso2.com\/wp-content\/uploads\/2023\/05\/omd-690_cover.png?fit=1264%2C1040&ssl=1\",\"width\":1264,\"height\":1040},{\"@type\":\"BreadcrumbList\",\"@id\":\"https:\/\/sso2.com\/product\/explosion-proof-online-trace-oxygen-analyzer-0-1-ppm-ce-copy\/#breadcrumb\",\"itemListElement\":[{\"@type\":\"ListItem\",\"position\":1,\"name\":\"Home\",\"item\":\"https:\/\/sso2.com\/en\/\"},{\"@type\":\"ListItem\",\"position\":2,\"name\":\"Shop\",\"item\":\"https:\/\/sso2.com\/shop\/\"},{\"@type\":\"ListItem\",\"position\":3,\"name\":\"OMD-690 Explosion Proof Oxygen Analyzer\"}]},{\"@type\":\"WebSite\",\"@id\":\"https:\/\/sso2.com\/#website\",\"url\":\"https:\/\/sso2.com\/\",\"name\":\"Southland Sensing Ltd.\",\"description\":\"Industrial &amp; Medical Gas Analyzers Oxygen CO\u2082, &amp; H\u2082 Monitors\",\"publisher\":{\"@id\":\"https:\/\/sso2.com\/#organization\"},\"alternateName\":\"SSO2\",\"potentialAction\":[{\"@type\":\"SearchAction\",\"target\":{\"@type\":\"EntryPoint\",\"urlTemplate\":\"https:\/\/sso2.com\/?s={search_term_string}\"},\"query-input\":{\"@type\":\"PropertyValueSpecification\",\"valueRequired\":true,\"valueName\":\"search_term_string\"}}],\"inLanguage\":\"tr\"},{\"@type\":\"Organization\",\"@id\":\"https:\/\/sso2.com\/#organization\",\"name\":\"Southland Sensing Ltd.\",\"alternateName\":\"SSO2\",\"url\":\"https:\/\/sso2.com\/\",\"logo\":{\"@type\":\"ImageObject\",\"inLanguage\":\"tr\",\"@id\":\"https:\/\/sso2.com\/#\/schema\/logo\/image\/\",\"url\":\"https:\/\/sso2.com\/wp-content\/uploads\/2025\/10\/sso2_300pixel.webp\",\"contentUrl\":\"https:\/\/sso2.com\/wp-content\/uploads\/2025\/10\/sso2_300pixel.webp\",\"width\":300,\"height\":50,\"caption\":\"Southland Sensing Ltd.\"},\"image\":{\"@id\":\"https:\/\/sso2.com\/#\/schema\/logo\/image\/\"},\"sameAs\":[\"https:\/\/www.linkedin.com\/company\/southland-sensing-ltd\/\"],\"description\":\"Southland Sensing Ltd. brings together superior performance, an improved user experience, and unmatched application expertise to deliver an accurate and reliable measurement solution. That\u2019s why multinationals, small companies and universities alike turn to us again and again.\",\"email\":\"sales@sso2.com\",\"telephone\":\"1-949-398-2879\",\"legalName\":\"Southland Sensing Ltd.\",\"foundingDate\":\"2013-01-01\",\"numberOfEmployees\":{\"@type\":\"QuantitativeValue\",\"minValue\":\"11\",\"maxValue\":\"50\"},\"publishingPrinciples\":\"https:\/\/sso2.com\/contact-us\/\",\"ownershipFundingInfo\":\"https:\/\/sso2.com\/about-us\/\",\"actionableFeedbackPolicy\":\"https:\/\/sso2.com\/contact-us\/\"}]}<\/script>\n<meta property=\"product:price:currency\" content=\"USD\" \/>\n<meta property=\"og:availability\" content=\"instock\" \/>\n<meta property=\"product:availability\" content=\"instock\" \/>\n<meta property=\"product:condition\" content=\"new\" \/>\n<!-- \/ Yoast SEO Premium plugin. -->","yoast_head_json":{"title":"OMD-690 Patlamaya Dayan\u0131kl\u0131 Oksijen Analiz Cihaz\u0131 $\\vert$ O2 Dedekt\u00f6r\u00fc","description":"OMD-690, patlamaya dayan\u0131kl\u0131 bir oksijen analiz\u00f6r\u00fc ve O2 dedekt\u00f6r\u00fcd\u00fcr. Tehlikeli, oksijen yetersizli\u011fi olan atmosfer alanlar\u0131nda g\u00fcvenli\u011fi sa\u011flar.","robots":{"index":"index","follow":"follow","max-snippet":"max-snippet:-1","max-image-preview":"max-image-preview:large","max-video-preview":"max-video-preview:-1"},"canonical":"https:\/\/sso2.com\/tr\/urun\/explosion-proof-online-trace-oxygen-analyzer-0-1-ppm-ce-copy\/","og_locale":"tr_TR","og_type":"article","og_title":"OMD-690 Explosion Proof Oxygen Analyzer","og_description":"The OMD-690 is an explosion proof oxygen analyzer and O2 detector. Ensure safety in hazardous, oxygen-deficient atmosphere areas.","og_url":"https:\/\/sso2.com\/tr\/urun\/explosion-proof-online-trace-oxygen-analyzer-0-1-ppm-ce-copy\/","og_site_name":"Southland Sensing Ltd.","article_modified_time":"2025-11-19T11:16:01+00:00","og_image":[{"width":1264,"height":1040,"url":"https:\/\/sso2.com\/wp-content\/uploads\/2023\/05\/omd-690_cover.png","type":"image\/png"}],"twitter_card":"summary_large_image","twitter_misc":{"Fiyat":"","Durumu":"Stokta var"},"schema":{"@context":"https:\/\/schema.org","@graph":[{"@type":"WebPage","@id":"https:\/\/sso2.com\/product\/explosion-proof-online-trace-oxygen-analyzer-0-1-ppm-ce-copy\/","url":"https:\/\/sso2.com\/product\/explosion-proof-online-trace-oxygen-analyzer-0-1-ppm-ce-copy\/","name":"OMD-690 Patlamaya Dayan\u0131kl\u0131 Oksijen Analiz Cihaz\u0131 $\\vert$ O2 Dedekt\u00f6r\u00fc","isPartOf":{"@id":"https:\/\/sso2.com\/#website"},"primaryImageOfPage":{"@id":"https:\/\/sso2.com\/product\/explosion-proof-online-trace-oxygen-analyzer-0-1-ppm-ce-copy\/#primaryimage"},"image":{"@id":"https:\/\/sso2.com\/product\/explosion-proof-online-trace-oxygen-analyzer-0-1-ppm-ce-copy\/#primaryimage"},"thumbnailUrl":"https:\/\/i0.wp.com\/sso2.com\/wp-content\/uploads\/2023\/05\/omd-690_cover.png?fit=1264%2C1040&ssl=1","datePublished":"2023-05-11T21:06:02+00:00","dateModified":"2025-11-19T11:16:01+00:00","description":"OMD-690, patlamaya dayan\u0131kl\u0131 bir oksijen analiz\u00f6r\u00fc ve O2 dedekt\u00f6r\u00fcd\u00fcr. Tehlikeli, oksijen yetersizli\u011fi olan atmosfer alanlar\u0131nda g\u00fcvenli\u011fi sa\u011flar.","breadcrumb":{"@id":"https:\/\/sso2.com\/product\/explosion-proof-online-trace-oxygen-analyzer-0-1-ppm-ce-copy\/#breadcrumb"},"inLanguage":"tr","potentialAction":[{"@type":"ReadAction","target":["https:\/\/sso2.com\/product\/explosion-proof-online-trace-oxygen-analyzer-0-1-ppm-ce-copy\/"]}]},{"@type":"ImageObject","inLanguage":"tr","@id":"https:\/\/sso2.com\/product\/explosion-proof-online-trace-oxygen-analyzer-0-1-ppm-ce-copy\/#primaryimage","url":"https:\/\/i0.wp.com\/sso2.com\/wp-content\/uploads\/2023\/05\/omd-690_cover.png?fit=1264%2C1040&ssl=1","contentUrl":"https:\/\/i0.wp.com\/sso2.com\/wp-content\/uploads\/2023\/05\/omd-690_cover.png?fit=1264%2C1040&ssl=1","width":1264,"height":1040},{"@type":"BreadcrumbList","@id":"https:\/\/sso2.com\/product\/explosion-proof-online-trace-oxygen-analyzer-0-1-ppm-ce-copy\/#breadcrumb","itemListElement":[{"@type":"ListItem","position":1,"name":"Home","item":"https:\/\/sso2.com\/en\/"},{"@type":"ListItem","position":2,"name":"Shop","item":"https:\/\/sso2.com\/shop\/"},{"@type":"ListItem","position":3,"name":"OMD-690 Explosion Proof Oxygen Analyzer"}]},{"@type":"WebSite","@id":"https:\/\/sso2.com\/#website","url":"https:\/\/sso2.com\/","name":"Southland Sensing Ltd.","description":"Industrial &amp; Medical Gas Analyzers Oxygen CO\u2082, &amp; H\u2082 Monitors","publisher":{"@id":"https:\/\/sso2.com\/#organization"},"alternateName":"SSO2","potentialAction":[{"@type":"SearchAction","target":{"@type":"EntryPoint","urlTemplate":"https:\/\/sso2.com\/?s={search_term_string}"},"query-input":{"@type":"PropertyValueSpecification","valueRequired":true,"valueName":"search_term_string"}}],"inLanguage":"tr"},{"@type":"Organization","@id":"https:\/\/sso2.com\/#organization","name":"Southland Sensing Ltd.","alternateName":"SSO2","url":"https:\/\/sso2.com\/","logo":{"@type":"ImageObject","inLanguage":"tr","@id":"https:\/\/sso2.com\/#\/schema\/logo\/image\/","url":"https:\/\/sso2.com\/wp-content\/uploads\/2025\/10\/sso2_300pixel.webp","contentUrl":"https:\/\/sso2.com\/wp-content\/uploads\/2025\/10\/sso2_300pixel.webp","width":300,"height":50,"caption":"Southland Sensing Ltd."},"image":{"@id":"https:\/\/sso2.com\/#\/schema\/logo\/image\/"},"sameAs":["https:\/\/www.linkedin.com\/company\/southland-sensing-ltd\/"],"description":"Southland Sensing Ltd. brings together superior performance, an improved user experience, and unmatched application expertise to deliver an accurate and reliable measurement solution. That\u2019s why multinationals, small companies and universities alike turn to us again and again.","email":"sales@sso2.com","telephone":"1-949-398-2879","legalName":"Southland Sensing Ltd.","foundingDate":"2013-01-01","numberOfEmployees":{"@type":"QuantitativeValue","minValue":"11","maxValue":"50"},"publishingPrinciples":"https:\/\/sso2.com\/contact-us\/","ownershipFundingInfo":"https:\/\/sso2.com\/about-us\/","actionableFeedbackPolicy":"https:\/\/sso2.com\/contact-us\/"}]},"product_price_currency":"USD","og_availability":"instock","product_availability":"instock","product_condition":"new"},"jetpack_sharing_enabled":true,"_links":{"self":[{"href":"https:\/\/sso2.com\/tr\/wp-json\/wp\/v2\/product\/1961","targetHints":{"allow":["GET"]}}],"collection":[{"href":"https:\/\/sso2.com\/tr\/wp-json\/wp\/v2\/product"}],"about":[{"href":"https:\/\/sso2.com\/tr\/wp-json\/wp\/v2\/types\/product"}],"replies":[{"embeddable":true,"href":"https:\/\/sso2.com\/tr\/wp-json\/wp\/v2\/comments?post=1961"}],"wp:featuredmedia":[{"embeddable":true,"href":"https:\/\/sso2.com\/tr\/wp-json\/wp\/v2\/media\/1963"}],"wp:attachment":[{"href":"https:\/\/sso2.com\/tr\/wp-json\/wp\/v2\/media?parent=1961"}],"wp:term":[{"taxonomy":"product_brand","embeddable":true,"href":"https:\/\/sso2.com\/tr\/wp-json\/wp\/v2\/product_brand?post=1961"},{"taxonomy":"product_cat","embeddable":true,"href":"https:\/\/sso2.com\/tr\/wp-json\/wp\/v2\/product_cat?post=1961"},{"taxonomy":"product_tag","embeddable":true,"href":"https:\/\/sso2.com\/tr\/wp-json\/wp\/v2\/product_tag?post=1961"}],"curies":[{"name":"wp","href":"https:\/\/api.w.org\/{rel}","templated":true}]}}