{"id":1204,"date":"2021-01-14T18:04:56","date_gmt":"2021-01-14T18:04:56","guid":{"rendered":"https:\/\/sso2.com\/?post_type=product&#038;p=1204"},"modified":"2025-11-19T11:26:40","modified_gmt":"2025-11-19T11:26:40","slug":"portable-trace-oxygen-purity-analyzer-ce","status":"publish","type":"product","link":"https:\/\/sso2.com\/tr\/product\/portable-trace-oxygen-purity-analyzer-ce\/","title":{"rendered":"OMD-740 Portable Oxygen Purity Analyzer, CE"},"content":{"rendered":"<p>The OMD-740 Portable oxygen purity analyzer combine a rugged anodized aluminum enclosure and an advanced set of electronic features including a smart MENU interface with our industry leading precision electrochemical oxygen sensor technology.\u00a0 The result is a highly reliable and cost effective design with easy-to-use user interface.<\/p>\n<ul>\n<li>Muhafaza: Eloksall\u0131 Al\u00fcminyum; Ta\u015f\u0131nabilir<\/li>\n<li>Ranges: 0 \u2013 100% &amp; 50\/70\/80\/90 &#8211; 100%<\/li>\n<li>Resolution: 0.01 %<\/li>\n<li>Giri\u015f G\u00fcc\u00fc: 100 - 240 VAC w\/ Uluslararas\u0131 Fi\u015f<\/li>\n<li>Analog \u00c7\u0131k\u0131\u015f: 0 - 1V DC<\/li>\n<li>Veri Kayd\u0131: \u00c7\u0131kar\u0131labilir USB Flash S\u00fcr\u00fcc\u00fc<\/li>\n<li>Opsiyonel Entegre Numune Alma Pompas\u0131<\/li>\n<\/ul>\n<p>Dahili ak\u0131ll\u0131 MEN\u00dc aray\u00fcz\u00fc, kullan\u0131c\u0131n\u0131n yerle\u015fik MEN\u00dc sistemi arac\u0131l\u0131\u011f\u0131yla analiz\u00f6r\u00fc tamamen yap\u0131land\u0131rmas\u0131na olanak tan\u0131r.  Sahada analiz\u00f6r\u00fc ayarlamak i\u00e7in karma\u015f\u0131k bir diz\u00fcst\u00fc bilgisayara veya ba\u015fka bir kontrol cihaz\u0131na gerek yoktur.<\/p>\n<p>The analyzer comes standard with a 0 \u2013 100% full scale range with a resolution of 0.01%. The analyzer can also be configured by the end user in the field for suppressed ranges of 50 \u2013 100%, 70 &#8211; 100%, 80 \u2013 100% and 90 \u2013 100%. A removable USB flash drive for data logging via .CSV (Excel) file format. With an 8GB USB Flash Drive, you can data log for 1 minute intervals for about 50 years before running out of storage. The advanced set of electronic features and flexibility to easily access data allows this analyzer to be unmatched in the market.<\/p>\n<p>Analiz\u00f6r\u00fcn ekran\u0131 do\u011frudan g\u00fcne\u015f \u0131\u015f\u0131\u011f\u0131 alt\u0131nda kullan\u0131lmak \u00fczere tasarlanm\u0131\u015ft\u0131r. Ekran\u0131 g\u00f6rmek i\u00e7in bir g\u00f6lge veya ba\u015fka bir y\u00f6ntem getirmenize gerek yoktur.<\/p>\n<p>The oxygen sensor used in the OMD-740 is based on the galvanic electrochemical fuel cell principal and is compensated for both pressure and temperature giving the user added accuracy. All oxygen sensors are manufactured in house by Southland Sensing Ltd. under a strict quality program.<\/p>\n<p>The sensors are self-contained and minimal maintenance is required &#8211; no need to clean electrodes or add electrolyte.<\/p>","protected":false},"excerpt":{"rendered":"<p>The OMD-740 Portable oxygen purity analyzer combine a rugged anodized aluminum enclosure and an advanced set of electronic features including a smart MENU interface with our industry leading precision electrochemical oxygen sensor technology.\u00a0 The result is a highly reliable and cost effective design with easy-to-use user interface. Enclosure: Anodized Aluminum; Portable Ranges: 0 \u2013 100% [&hellip;]<\/p>\n","protected":false},"featured_media":1203,"comment_status":"open","ping_status":"closed","template":"","meta":[],"product_brand":[],"product_cat":[26],"product_tag":[],"class_list":{"0":"post-1204","1":"product","2":"type-product","3":"status-publish","4":"has-post-thumbnail","6":"product_cat-industrial-oxygen-analyzers","8":"first","9":"instock","10":"shipping-taxable","11":"product-type-external"},"yoast_head":"<!-- This site is optimized with the Yoast SEO Premium plugin v27.2 (Yoast SEO v27.2) - https:\/\/yoast.com\/product\/yoast-seo-premium-wordpress\/ -->\n<title>OMD-740 Portable Oxygen Purity Analyzer | O2 Sensor<\/title>\n<meta name=\"description\" content=\"The OMD-740 is a portable, CE-certified oxygen purity analyzer and O2 sensor. Perfect for checking oxygen concentrator output purity.\" \/>\n<meta name=\"robots\" content=\"index, follow, max-snippet:-1, max-image-preview:large, max-video-preview:-1\" \/>\n<link rel=\"canonical\" href=\"https:\/\/sso2.com\/tr\/urun\/portable-trace-oxygen-purity-analyzer-ce\/\" \/>\n<meta property=\"og:locale\" content=\"tr_TR\" \/>\n<meta property=\"og:type\" content=\"article\" \/>\n<meta property=\"og:title\" content=\"OMD-740 Portable Oxygen Purity Analyzer, CE\" \/>\n<meta property=\"og:description\" content=\"The OMD-740 is a portable, CE-certified oxygen purity analyzer and O2 sensor. Perfect for checking oxygen concentrator output purity.\" \/>\n<meta property=\"og:url\" content=\"https:\/\/sso2.com\/tr\/urun\/portable-trace-oxygen-purity-analyzer-ce\/\" \/>\n<meta property=\"og:site_name\" content=\"Southland Sensing Ltd.\" \/>\n<meta property=\"article:modified_time\" content=\"2025-11-19T11:26:40+00:00\" \/>\n<meta property=\"og:image\" content=\"https:\/\/sso2.com\/wp-content\/uploads\/2021\/01\/omd-740_purity_oxygen_analyzer.png\" \/>\n\t<meta property=\"og:image:width\" content=\"1040\" \/>\n\t<meta property=\"og:image:height\" content=\"1312\" \/>\n\t<meta property=\"og:image:type\" content=\"image\/png\" \/>\n<meta name=\"twitter:card\" content=\"summary_large_image\" \/>\n<meta name=\"twitter:label1\" content=\"Fiyat\" \/>\n\t<meta name=\"twitter:data1\" content=\"\" \/>\n\t<meta name=\"twitter:label2\" content=\"Durumu\" \/>\n\t<meta name=\"twitter:data2\" content=\"Stokta var\" \/>\n<script type=\"application\/ld+json\" class=\"yoast-schema-graph\">{\"@context\":\"https:\/\/schema.org\",\"@graph\":[{\"@type\":\"WebPage\",\"@id\":\"https:\/\/sso2.com\/product\/portable-trace-oxygen-purity-analyzer-ce\/\",\"url\":\"https:\/\/sso2.com\/product\/portable-trace-oxygen-purity-analyzer-ce\/\",\"name\":\"OMD-740 Portable Oxygen Purity Analyzer | O2 Sensor\",\"isPartOf\":{\"@id\":\"https:\/\/sso2.com\/#website\"},\"primaryImageOfPage\":{\"@id\":\"https:\/\/sso2.com\/product\/portable-trace-oxygen-purity-analyzer-ce\/#primaryimage\"},\"image\":{\"@id\":\"https:\/\/sso2.com\/product\/portable-trace-oxygen-purity-analyzer-ce\/#primaryimage\"},\"thumbnailUrl\":\"https:\/\/i0.wp.com\/sso2.com\/wp-content\/uploads\/2021\/01\/omd-740_purity_oxygen_analyzer.png?fit=1040%2C1312&ssl=1\",\"datePublished\":\"2021-01-14T18:04:56+00:00\",\"dateModified\":\"2025-11-19T11:26:40+00:00\",\"description\":\"The OMD-740 is a portable, CE-certified oxygen purity analyzer and O2 sensor. Perfect for checking oxygen concentrator output purity.\",\"breadcrumb\":{\"@id\":\"https:\/\/sso2.com\/product\/portable-trace-oxygen-purity-analyzer-ce\/#breadcrumb\"},\"inLanguage\":\"tr\",\"potentialAction\":[{\"@type\":\"ReadAction\",\"target\":[\"https:\/\/sso2.com\/product\/portable-trace-oxygen-purity-analyzer-ce\/\"]}]},{\"@type\":\"ImageObject\",\"inLanguage\":\"tr\",\"@id\":\"https:\/\/sso2.com\/product\/portable-trace-oxygen-purity-analyzer-ce\/#primaryimage\",\"url\":\"https:\/\/i0.wp.com\/sso2.com\/wp-content\/uploads\/2021\/01\/omd-740_purity_oxygen_analyzer.png?fit=1040%2C1312&ssl=1\",\"contentUrl\":\"https:\/\/i0.wp.com\/sso2.com\/wp-content\/uploads\/2021\/01\/omd-740_purity_oxygen_analyzer.png?fit=1040%2C1312&ssl=1\",\"width\":1040,\"height\":1312,\"caption\":\"OMD-740 oxygen analyzer\"},{\"@type\":\"BreadcrumbList\",\"@id\":\"https:\/\/sso2.com\/product\/portable-trace-oxygen-purity-analyzer-ce\/#breadcrumb\",\"itemListElement\":[{\"@type\":\"ListItem\",\"position\":1,\"name\":\"Home\",\"item\":\"https:\/\/sso2.com\/en\/\"},{\"@type\":\"ListItem\",\"position\":2,\"name\":\"Shop\",\"item\":\"https:\/\/sso2.com\/shop\/\"},{\"@type\":\"ListItem\",\"position\":3,\"name\":\"OMD-740 Portable Oxygen Purity Analyzer, CE\"}]},{\"@type\":\"WebSite\",\"@id\":\"https:\/\/sso2.com\/#website\",\"url\":\"https:\/\/sso2.com\/\",\"name\":\"Southland Sensing Ltd.\",\"description\":\"Industrial &amp; Medical Gas Analyzers Oxygen CO\u2082, &amp; H\u2082 Monitors\",\"publisher\":{\"@id\":\"https:\/\/sso2.com\/#organization\"},\"alternateName\":\"SSO2\",\"potentialAction\":[{\"@type\":\"SearchAction\",\"target\":{\"@type\":\"EntryPoint\",\"urlTemplate\":\"https:\/\/sso2.com\/?s={search_term_string}\"},\"query-input\":{\"@type\":\"PropertyValueSpecification\",\"valueRequired\":true,\"valueName\":\"search_term_string\"}}],\"inLanguage\":\"tr\"},{\"@type\":\"Organization\",\"@id\":\"https:\/\/sso2.com\/#organization\",\"name\":\"Southland Sensing Ltd.\",\"alternateName\":\"SSO2\",\"url\":\"https:\/\/sso2.com\/\",\"logo\":{\"@type\":\"ImageObject\",\"inLanguage\":\"tr\",\"@id\":\"https:\/\/sso2.com\/#\/schema\/logo\/image\/\",\"url\":\"https:\/\/sso2.com\/wp-content\/uploads\/2025\/10\/sso2_300pixel.webp\",\"contentUrl\":\"https:\/\/sso2.com\/wp-content\/uploads\/2025\/10\/sso2_300pixel.webp\",\"width\":300,\"height\":50,\"caption\":\"Southland Sensing Ltd.\"},\"image\":{\"@id\":\"https:\/\/sso2.com\/#\/schema\/logo\/image\/\"},\"sameAs\":[\"https:\/\/www.linkedin.com\/company\/southland-sensing-ltd\/\"],\"description\":\"Southland Sensing Ltd. brings together superior performance, an improved user experience, and unmatched application expertise to deliver an accurate and reliable measurement solution. That\u2019s why multinationals, small companies and universities alike turn to us again and again.\",\"email\":\"sales@sso2.com\",\"telephone\":\"1-949-398-2879\",\"legalName\":\"Southland Sensing Ltd.\",\"foundingDate\":\"2013-01-01\",\"numberOfEmployees\":{\"@type\":\"QuantitativeValue\",\"minValue\":\"11\",\"maxValue\":\"50\"},\"publishingPrinciples\":\"https:\/\/sso2.com\/contact-us\/\",\"ownershipFundingInfo\":\"https:\/\/sso2.com\/about-us\/\",\"actionableFeedbackPolicy\":\"https:\/\/sso2.com\/contact-us\/\"}]}<\/script>\n<meta property=\"product:price:currency\" content=\"USD\" \/>\n<meta property=\"og:availability\" content=\"instock\" \/>\n<meta property=\"product:availability\" content=\"instock\" \/>\n<meta property=\"product:condition\" content=\"new\" \/>\n<!-- \/ Yoast SEO Premium plugin. -->","yoast_head_json":{"title":"OMD-740 Ta\u015f\u0131nabilir Oksijen Safl\u0131k Analiz Cihaz\u0131 | O2 Sens\u00f6r\u00fc","description":"OMD-740, ta\u015f\u0131nabilir, CE sertifikal\u0131 bir oksijen safl\u0131k analiz\u00f6r\u00fc ve O2 sens\u00f6r\u00fcd\u00fcr. Oksijen konsantrat\u00f6r\u00fcn\u00fcn \u00e7\u0131k\u0131\u015f safl\u0131\u011f\u0131n\u0131 kontrol etmek i\u00e7in idealdir.","robots":{"index":"index","follow":"follow","max-snippet":"max-snippet:-1","max-image-preview":"max-image-preview:large","max-video-preview":"max-video-preview:-1"},"canonical":"https:\/\/sso2.com\/tr\/urun\/portable-trace-oxygen-purity-analyzer-ce\/","og_locale":"tr_TR","og_type":"article","og_title":"OMD-740 Portable Oxygen Purity Analyzer, CE","og_description":"The OMD-740 is a portable, CE-certified oxygen purity analyzer and O2 sensor. Perfect for checking oxygen concentrator output purity.","og_url":"https:\/\/sso2.com\/tr\/urun\/portable-trace-oxygen-purity-analyzer-ce\/","og_site_name":"Southland Sensing Ltd.","article_modified_time":"2025-11-19T11:26:40+00:00","og_image":[{"width":1040,"height":1312,"url":"https:\/\/sso2.com\/wp-content\/uploads\/2021\/01\/omd-740_purity_oxygen_analyzer.png","type":"image\/png"}],"twitter_card":"summary_large_image","twitter_misc":{"Fiyat":"","Durumu":"Stokta var"},"schema":{"@context":"https:\/\/schema.org","@graph":[{"@type":"WebPage","@id":"https:\/\/sso2.com\/product\/portable-trace-oxygen-purity-analyzer-ce\/","url":"https:\/\/sso2.com\/product\/portable-trace-oxygen-purity-analyzer-ce\/","name":"OMD-740 Ta\u015f\u0131nabilir Oksijen Safl\u0131k Analiz Cihaz\u0131 | O2 Sens\u00f6r\u00fc","isPartOf":{"@id":"https:\/\/sso2.com\/#website"},"primaryImageOfPage":{"@id":"https:\/\/sso2.com\/product\/portable-trace-oxygen-purity-analyzer-ce\/#primaryimage"},"image":{"@id":"https:\/\/sso2.com\/product\/portable-trace-oxygen-purity-analyzer-ce\/#primaryimage"},"thumbnailUrl":"https:\/\/i0.wp.com\/sso2.com\/wp-content\/uploads\/2021\/01\/omd-740_purity_oxygen_analyzer.png?fit=1040%2C1312&ssl=1","datePublished":"2021-01-14T18:04:56+00:00","dateModified":"2025-11-19T11:26:40+00:00","description":"OMD-740, ta\u015f\u0131nabilir, CE sertifikal\u0131 bir oksijen safl\u0131k analiz\u00f6r\u00fc ve O2 sens\u00f6r\u00fcd\u00fcr. Oksijen konsantrat\u00f6r\u00fcn\u00fcn \u00e7\u0131k\u0131\u015f safl\u0131\u011f\u0131n\u0131 kontrol etmek i\u00e7in idealdir.","breadcrumb":{"@id":"https:\/\/sso2.com\/product\/portable-trace-oxygen-purity-analyzer-ce\/#breadcrumb"},"inLanguage":"tr","potentialAction":[{"@type":"ReadAction","target":["https:\/\/sso2.com\/product\/portable-trace-oxygen-purity-analyzer-ce\/"]}]},{"@type":"ImageObject","inLanguage":"tr","@id":"https:\/\/sso2.com\/product\/portable-trace-oxygen-purity-analyzer-ce\/#primaryimage","url":"https:\/\/i0.wp.com\/sso2.com\/wp-content\/uploads\/2021\/01\/omd-740_purity_oxygen_analyzer.png?fit=1040%2C1312&ssl=1","contentUrl":"https:\/\/i0.wp.com\/sso2.com\/wp-content\/uploads\/2021\/01\/omd-740_purity_oxygen_analyzer.png?fit=1040%2C1312&ssl=1","width":1040,"height":1312,"caption":"OMD-740 oxygen analyzer"},{"@type":"BreadcrumbList","@id":"https:\/\/sso2.com\/product\/portable-trace-oxygen-purity-analyzer-ce\/#breadcrumb","itemListElement":[{"@type":"ListItem","position":1,"name":"Home","item":"https:\/\/sso2.com\/en\/"},{"@type":"ListItem","position":2,"name":"Shop","item":"https:\/\/sso2.com\/shop\/"},{"@type":"ListItem","position":3,"name":"OMD-740 Portable Oxygen Purity Analyzer, CE"}]},{"@type":"WebSite","@id":"https:\/\/sso2.com\/#website","url":"https:\/\/sso2.com\/","name":"Southland Sensing Ltd.","description":"Industrial &amp; Medical Gas Analyzers Oxygen CO\u2082, &amp; H\u2082 Monitors","publisher":{"@id":"https:\/\/sso2.com\/#organization"},"alternateName":"SSO2","potentialAction":[{"@type":"SearchAction","target":{"@type":"EntryPoint","urlTemplate":"https:\/\/sso2.com\/?s={search_term_string}"},"query-input":{"@type":"PropertyValueSpecification","valueRequired":true,"valueName":"search_term_string"}}],"inLanguage":"tr"},{"@type":"Organization","@id":"https:\/\/sso2.com\/#organization","name":"Southland Sensing Ltd.","alternateName":"SSO2","url":"https:\/\/sso2.com\/","logo":{"@type":"ImageObject","inLanguage":"tr","@id":"https:\/\/sso2.com\/#\/schema\/logo\/image\/","url":"https:\/\/sso2.com\/wp-content\/uploads\/2025\/10\/sso2_300pixel.webp","contentUrl":"https:\/\/sso2.com\/wp-content\/uploads\/2025\/10\/sso2_300pixel.webp","width":300,"height":50,"caption":"Southland Sensing Ltd."},"image":{"@id":"https:\/\/sso2.com\/#\/schema\/logo\/image\/"},"sameAs":["https:\/\/www.linkedin.com\/company\/southland-sensing-ltd\/"],"description":"Southland Sensing Ltd. brings together superior performance, an improved user experience, and unmatched application expertise to deliver an accurate and reliable measurement solution. That\u2019s why multinationals, small companies and universities alike turn to us again and again.","email":"sales@sso2.com","telephone":"1-949-398-2879","legalName":"Southland Sensing Ltd.","foundingDate":"2013-01-01","numberOfEmployees":{"@type":"QuantitativeValue","minValue":"11","maxValue":"50"},"publishingPrinciples":"https:\/\/sso2.com\/contact-us\/","ownershipFundingInfo":"https:\/\/sso2.com\/about-us\/","actionableFeedbackPolicy":"https:\/\/sso2.com\/contact-us\/"}]},"product_price_currency":"USD","og_availability":"instock","product_availability":"instock","product_condition":"new"},"jetpack_sharing_enabled":true,"_links":{"self":[{"href":"https:\/\/sso2.com\/tr\/wp-json\/wp\/v2\/product\/1204","targetHints":{"allow":["GET"]}}],"collection":[{"href":"https:\/\/sso2.com\/tr\/wp-json\/wp\/v2\/product"}],"about":[{"href":"https:\/\/sso2.com\/tr\/wp-json\/wp\/v2\/types\/product"}],"replies":[{"embeddable":true,"href":"https:\/\/sso2.com\/tr\/wp-json\/wp\/v2\/comments?post=1204"}],"wp:featuredmedia":[{"embeddable":true,"href":"https:\/\/sso2.com\/tr\/wp-json\/wp\/v2\/media\/1203"}],"wp:attachment":[{"href":"https:\/\/sso2.com\/tr\/wp-json\/wp\/v2\/media?parent=1204"}],"wp:term":[{"taxonomy":"product_brand","embeddable":true,"href":"https:\/\/sso2.com\/tr\/wp-json\/wp\/v2\/product_brand?post=1204"},{"taxonomy":"product_cat","embeddable":true,"href":"https:\/\/sso2.com\/tr\/wp-json\/wp\/v2\/product_cat?post=1204"},{"taxonomy":"product_tag","embeddable":true,"href":"https:\/\/sso2.com\/tr\/wp-json\/wp\/v2\/product_tag?post=1204"}],"curies":[{"name":"wp","href":"https:\/\/api.w.org\/{rel}","templated":true}]}}