{"id":80,"date":"2015-12-04T10:15:14","date_gmt":"2015-12-04T10:15:14","guid":{"rendered":"http:\/\/demos.artbees.net\/jupiter5\/factory\/?page_id=80"},"modified":"2025-12-19T17:43:42","modified_gmt":"2025-12-19T17:43:42","slug":"about-us","status":"publish","type":"page","link":"https:\/\/sso2.com\/tr\/about-us\/","title":{"rendered":"Hakk\u0131m\u0131zda"},"content":{"rendered":"<div data-elementor-type=\"wp-page\" data-elementor-id=\"80\" class=\"elementor elementor-80\" data-elementor-post-type=\"page\">\n\t\t\t\t\t\t<section class=\"elementor-section elementor-top-section elementor-element elementor-element-bf2a122 elementor-section-items-stretch elementor-section-height-min-height elementor-section-boxed elementor-section-height-default\" data-id=\"bf2a122\" data-element_type=\"section\" data-e-type=\"section\" data-settings=\"{&quot;background_background&quot;:&quot;classic&quot;}\">\n\t\t\t\t\t\t<div class=\"elementor-container elementor-column-gap-no\">\n\t\t\t\t\t<div class=\"elementor-column elementor-col-50 elementor-top-column elementor-element elementor-element-3bfd0024\" data-id=\"3bfd0024\" data-element_type=\"column\" data-e-type=\"column\">\n\t\t\t<div class=\"elementor-widget-wrap elementor-element-populated\">\n\t\t\t\t\t\t<section class=\"elementor-section elementor-inner-section elementor-element elementor-element-1869f66d elementor-section-boxed elementor-section-height-default elementor-section-height-default\" data-id=\"1869f66d\" data-element_type=\"section\" data-e-type=\"section\">\n\t\t\t\t\t\t<div class=\"elementor-container elementor-column-gap-no\">\n\t\t\t\t\t<div class=\"elementor-column elementor-col-100 elementor-inner-column elementor-element elementor-element-542a44da\" data-id=\"542a44da\" data-element_type=\"column\" data-e-type=\"column\">\n\t\t\t<div class=\"elementor-widget-wrap elementor-element-populated\">\n\t\t\t\t\t\t<div class=\"elementor-element elementor-element-7900f551 elementor-widget__width-auto elementor-widget elementor-widget-heading\" data-id=\"7900f551\" data-element_type=\"widget\" data-e-type=\"widget\" data-widget_type=\"heading.default\">\n\t\t\t\t<div class=\"elementor-widget-container\">\n\t\t\t\t\t<div class=\"elementor-heading-title elementor-size-default\"><a href=\"https:\/\/sso2.com\/tr\/\">Ev<\/a><\/div>\t\t\t\t<\/div>\n\t\t\t\t<\/div>\n\t\t\t\t<div class=\"elementor-element elementor-element-725ccf9b elementor-widget__width-initial elementor-view-default elementor-widget elementor-widget-icon\" data-id=\"725ccf9b\" data-element_type=\"widget\" data-e-type=\"widget\" data-widget_type=\"icon.default\">\n\t\t\t\t<div class=\"elementor-widget-container\">\n\t\t\t\t\t\t\t<div class=\"elementor-icon-wrapper\">\n\t\t\t<div class=\"elementor-icon\">\n\t\t\t<svg aria-hidden=\"true\" class=\"e-font-icon-svg e-fas-slash\" viewbox=\"0 0 640 512\" xmlns=\"http:\/\/www.w3.org\/2000\/svg\"><path d=\"M594.53 508.63L6.18 53.9c-6.97-5.42-8.23-15.47-2.81-22.45L23.01 6.18C28.43-.8 38.49-2.06 45.47 3.37L633.82 458.1c6.97 5.42 8.23 15.47 2.81 22.45l-19.64 25.27c-5.42 6.98-15.48 8.23-22.46 2.81z\"><\/path><\/svg>\t\t\t<\/div>\n\t\t<\/div>\n\t\t\t\t\t\t<\/div>\n\t\t\t\t<\/div>\n\t\t\t\t<div class=\"elementor-element elementor-element-62ae1647 elementor-widget__width-auto elementor-widget elementor-widget-heading\" data-id=\"62ae1647\" data-element_type=\"widget\" data-e-type=\"widget\" data-widget_type=\"heading.default\">\n\t\t\t\t<div class=\"elementor-widget-container\">\n\t\t\t\t\t<div class=\"elementor-heading-title elementor-size-default\"><a href=\"#\">Hakk\u0131m\u0131zda<\/a><\/div>\t\t\t\t<\/div>\n\t\t\t\t<\/div>\n\t\t\t\t\t<\/div>\n\t\t<\/div>\n\t\t\t\t\t<\/div>\n\t\t<\/section>\n\t\t\t\t<section class=\"elementor-section elementor-inner-section elementor-element elementor-element-3c63b770 elementor-reverse-tablet elementor-reverse-mobile elementor-section-boxed elementor-section-height-default elementor-section-height-default\" data-id=\"3c63b770\" data-element_type=\"section\" data-e-type=\"section\">\n\t\t\t\t\t\t<div class=\"elementor-container elementor-column-gap-no\">\n\t\t\t\t\t<div class=\"elementor-column elementor-col-100 elementor-inner-column elementor-element elementor-element-71ccff7b\" data-id=\"71ccff7b\" data-element_type=\"column\" data-e-type=\"column\">\n\t\t\t<div class=\"elementor-widget-wrap elementor-element-populated\">\n\t\t\t\t\t\t<div class=\"elementor-element elementor-element-34b08e37 elementor-widget elementor-widget-heading\" data-id=\"34b08e37\" data-element_type=\"widget\" data-e-type=\"widget\" data-widget_type=\"heading.default\">\n\t\t\t\t<div class=\"elementor-widget-container\">\n\t\t\t\t\t<h1 class=\"elementor-heading-title elementor-size-default\">Hakk\u0131m\u0131zda<\/h1>\t\t\t\t<\/div>\n\t\t\t\t<\/div>\n\t\t\t\t\t<\/div>\n\t\t<\/div>\n\t\t\t\t\t<\/div>\n\t\t<\/section>\n\t\t\t\t\t<\/div>\n\t\t<\/div>\n\t\t\t\t<div class=\"elementor-column elementor-col-50 elementor-top-column elementor-element elementor-element-1b162610\" data-id=\"1b162610\" data-element_type=\"column\" data-e-type=\"column\">\n\t\t\t<div class=\"elementor-widget-wrap elementor-element-populated\">\n\t\t\t\t\t\t<div class=\"elementor-element elementor-element-73b63caf animated-fast elementor-invisible elementor-widget elementor-widget-image\" data-id=\"73b63caf\" data-element_type=\"widget\" data-e-type=\"widget\" data-settings=\"{&quot;_animation&quot;:&quot;fadeInLeft&quot;,&quot;_animation_mobile&quot;:&quot;none&quot;}\" data-widget_type=\"image.default\">\n\t\t\t\t<div class=\"elementor-widget-container\">\n\t\t\t\t\t\t\t\t\t\t\t\t\t\t\t<img decoding=\"async\" width=\"1140\" height=\"630\" src=\"https:\/\/i0.wp.com\/sso2.com\/wp-content\/uploads\/2014\/08\/portolio-001.jpg?fit=1140%2C630&amp;ssl=1\" class=\"attachment-full size-full wp-image-294\" alt=\"\" srcset=\"https:\/\/i0.wp.com\/sso2.com\/wp-content\/uploads\/2014\/08\/portolio-001.jpg?w=1140&amp;ssl=1 1140w, https:\/\/i0.wp.com\/sso2.com\/wp-content\/uploads\/2014\/08\/portolio-001.jpg?resize=600%2C332&amp;ssl=1 600w, https:\/\/i0.wp.com\/sso2.com\/wp-content\/uploads\/2014\/08\/portolio-001.jpg?resize=300%2C166&amp;ssl=1 300w, https:\/\/i0.wp.com\/sso2.com\/wp-content\/uploads\/2014\/08\/portolio-001.jpg?resize=768%2C424&amp;ssl=1 768w, https:\/\/i0.wp.com\/sso2.com\/wp-content\/uploads\/2014\/08\/portolio-001.jpg?resize=1024%2C566&amp;ssl=1 1024w\" sizes=\"(max-width: 800px) 100vw, 800px\" \/>\t\t\t\t\t\t\t\t\t\t\t\t\t\t\t<\/div>\n\t\t\t\t<\/div>\n\t\t\t\t\t<\/div>\n\t\t<\/div>\n\t\t\t\t\t<\/div>\n\t\t<\/section>\n\t\t<div class=\"elementor-element elementor-element-1858b244 e-flex e-con-boxed e-con e-parent\" data-id=\"1858b244\" data-element_type=\"container\" data-e-type=\"container\">\n\t\t\t\t\t<div class=\"e-con-inner\">\n\t\t\t\t<div class=\"elementor-element elementor-element-2909a5b elementor-widget elementor-widget-heading\" data-id=\"2909a5b\" data-element_type=\"widget\" data-e-type=\"widget\" data-widget_type=\"heading.default\">\n\t\t\t\t<div class=\"elementor-widget-container\">\n\t\t\t\t\t<h2 class=\"elementor-heading-title elementor-size-default\">Biz Kimiz<\/h2>\t\t\t\t<\/div>\n\t\t\t\t<\/div>\n\t\t\t\t<div class=\"elementor-element elementor-element-588c51b9 elementor-widget elementor-widget-text-editor\" data-id=\"588c51b9\" data-element_type=\"widget\" data-e-type=\"widget\" data-widget_type=\"text-editor.default\">\n\t\t\t\t<div class=\"elementor-widget-container\">\n\t\t\t\t\t\t\t\t\t<p style=\"text-align: left;\">At <strong data-start=\"851\" data-end=\"859\">SSO\u2082<\/strong>Biz, oksijen, karbondioksit ve hidrojen s\u00fclf\u00fcr izleme i\u00e7in geli\u015fmi\u015f teknolojiler geli\u015ftirme konusunda uzmanla\u015fm\u0131\u015f bir \u015firketiz. Ortamlar\u0131 daha g\u00fcvenli hale getirme ve \u00fcretim s\u00fcre\u00e7lerini daha verimli k\u0131lma vizyonuyla kurulan \u015firketimiz, y\u00fcksek hassasiyetli \u00e7\u00f6z\u00fcmler sunmaktad\u0131r. <strong data-start=\"1041\" data-end=\"1059\">oksijen sens\u00f6rleri<\/strong>, <strong data-start=\"1061\" data-end=\"1077\">O\u2082 analiz\u00f6rleri<\/strong>, <strong data-start=\"1061\" data-end=\"1077\">CO\u2082 analyzers<\/strong>, <strong data-start=\"1061\" data-end=\"1077\">H\u2082S analyzers<\/strong>Kimya tesislerinden do\u011falgaz sahalar\u0131na, yar\u0131 iletken \u00fcretiminden sera ara\u015ft\u0131rmalar\u0131na kadar geni\u015f bir yelpazedeki sekt\u00f6rler i\u00e7in kapsaml\u0131 g\u00fcvenlik \u00e7\u00f6z\u00fcmleri sunuyoruz.<\/p>\t\t\t\t\t\t\t\t<\/div>\n\t\t\t\t<\/div>\n\t\t\t\t\t<\/div>\n\t\t\t\t<\/div>\n\t\t<div class=\"elementor-element elementor-element-564854c e-flex e-con-boxed e-con e-parent\" data-id=\"564854c\" data-element_type=\"container\" data-e-type=\"container\">\n\t\t\t\t\t<div class=\"e-con-inner\">\n\t\t\t\t<div class=\"elementor-element elementor-element-a7c2458 elementor-widget elementor-widget-text-editor\" data-id=\"a7c2458\" data-element_type=\"widget\" data-e-type=\"widget\" data-widget_type=\"text-editor.default\">\n\t\t\t\t<div class=\"elementor-widget-container\">\n\t\t\t\t\t\t\t\t\t<p><img decoding=\"async\" data-recalc-dims=\"1\" class=\"lightbox-false alignleft\" title=\"img_278_1\" src=\"https:\/\/i0.wp.com\/sso2.com\/wp-content\/uploads\/2025\/11\/4405_Building.webp?resize=267%2C185&#038;ssl=1\" alt=\"img_278_1\" width=\"267\" height=\"185\" \/><\/p><p>Southland Sensing Ltd. d\u00fcnya \u00e7ap\u0131nda bir m\u00fc\u015fteri taban\u0131 i\u00e7in geli\u015fmi\u015f sens\u00f6rler ve yenilik\u00e7i analitik enstr\u00fcmantasyon tasarlar, \u00fcretir ve monte eder.<\/p><p><span style=\"letter-spacing: 0.1px;\">Southland Sensing, d\u00fcnya \u00e7ap\u0131ndaki \u00f6nde gelen baz\u0131 \u015firketlere yenilik\u00e7i \u00e7\u00f6z\u00fcmler sunmaktad\u0131r. Hassas sens\u00f6r teknolojimiz, e\u015fsiz m\u00fc\u015fteri hizmeti ve uygulama deste\u011fimizle birle\u015fti\u011finde, m\u00fc\u015fterilerimizin kaliteyi art\u0131rmas\u0131na, bak\u0131m maliyetlerini azaltmas\u0131na ve yerel \u00e7evresel ve g\u00fcvenlik gereksinimlerini kar\u015f\u0131lamas\u0131na \u00f6nemli avantajlar sa\u011flar.<\/span><\/p><p><span style=\"letter-spacing: 0.1px;\">Southland Sensing olarak, sens\u00f6rlerimizin ve analiz\u00f6r platformlar\u0131m\u0131z\u0131n yenilik\u00e7i tasar\u0131m\u0131 ve \u00fcst\u00fcn kalitesiyle b\u00fcy\u00fck gurur duyuyoruz. Amac\u0131m\u0131z, size en son teknolojiyi, m\u00fcmk\u00fcn olan en y\u00fcksek performans\u0131 ve istedi\u011finiz en iyi hizmet ve deste\u011fi sunmakt\u0131r.<\/span><\/p><p><span style=\"letter-spacing: 0.1px;\">\u00d6nceden yap\u0131land\u0131r\u0131lm\u0131\u015f gaz analiz \u00fcr\u00fcnlerinin yan\u0131 s\u0131ra, Southland Sensing sens\u00f6rleri, elektronik bile\u015fenleri ve ambalajlar\u0131 \u00f6zelle\u015ftirme yetene\u011fine de sahiptir.<\/span><\/p><p><img decoding=\"async\" data-recalc-dims=\"1\" class=\"lightbox-false alignright\" title=\"img_278_2\" src=\"https:\/\/i0.wp.com\/sso2.com\/wp-content\/uploads\/2019\/03\/img_278_2.jpg?resize=267%2C185&#038;ssl=1\" alt=\"img_278_2\" width=\"267\" height=\"185\" \/><\/p><p>2013\u2019teki ilk lansman\u0131m\u0131zdan bu yana baz\u0131 \u00e7\u0131\u011f\u0131r a\u00e7an teknolojiler tan\u0131tt\u0131k ve bug\u00fcn h\u00e2l\u00e2 analiz, \u00f6l\u00e7\u00fcm ve kontrol \u00fcr\u00fcnlerinin s\u00fcrekli geli\u015fimine odaklanm\u0131\u015f durumday\u0131z.<\/p><p><span style=\"letter-spacing: 0.1px;\">Southland Sensing, sekt\u00f6rde lider bireyselle\u015ftirilmi\u015f teknik ve \u00fcr\u00fcn deste\u011fi sunman\u0131n yan\u0131 s\u0131ra, yerli ve uluslararas\u0131 da\u011f\u0131t\u0131m ortaklar\u0131 a\u011f\u0131na sahiptir. Bu, h\u0131zl\u0131 teslimat ile sorunsuz bir sat\u0131n alma deneyimi sa\u011flar.<\/span><\/p><p><span style=\"letter-spacing: 0.1px;\">T\u00fcm \u00fcr\u00fcnler, ABD, Kaliforniya\u2019daki tesisimizde tasarlanmakta, test edilmekte ve monte edilmektedir.<\/span><\/p>\t\t\t\t\t\t\t\t<\/div>\n\t\t\t\t<\/div>\n\t\t\t\t\t<\/div>\n\t\t\t\t<\/div>\n\t\t\t\t<\/div>","protected":false},"excerpt":{"rendered":"<p>Home Who We Are At SSO\u2082, we\u2019re specialists in developing advanced technology for oxygen, carbon dioxide and hydrogen sulfide monitoring. Founded with a vision to make environments safer and manufacturing processes more efficient, we provide high-precision oxygen sensors, O\u2082 analyzers, CO\u2082 analyzers, H\u2082S analyzers, and comprehensive safety solutions for a wide range of industries \u2014 [&hellip;]<\/p>\n","protected":false},"author":6,"featured_media":0,"parent":0,"menu_order":0,"comment_status":"closed","ping_status":"closed","template":"elementor_header_footer","meta":{"footnotes":""},"class_list":["post-80","page","type-page","status-publish","hentry"],"yoast_head":"<!-- This site is optimized with the Yoast SEO Premium plugin v27.2 (Yoast SEO v27.2) - https:\/\/yoast.com\/product\/yoast-seo-premium-wordpress\/ -->\n<title>About SSO2 | Global Leader in Gas Analyzers &amp; Oxygen Sensors<\/title>\n<meta name=\"description\" content=\"Learn about SSO2\u2019s mission, innovation, and global expertise in manufacturing high-quality gas analyzers and oxygen sensors for multiple industries.\" \/>\n<meta name=\"robots\" content=\"index, follow, max-snippet:-1, max-image-preview:large, max-video-preview:-1\" \/>\n<link rel=\"canonical\" href=\"https:\/\/sso2.com\/tr\/about-us\/\" \/>\n<meta property=\"og:locale\" content=\"tr_TR\" \/>\n<meta property=\"og:type\" content=\"article\" \/>\n<meta property=\"og:title\" content=\"About Us\" \/>\n<meta property=\"og:description\" content=\"Learn about SSO2\u2019s mission, innovation, and global expertise in manufacturing high-quality gas analyzers and oxygen sensors for multiple industries.\" \/>\n<meta property=\"og:url\" content=\"https:\/\/sso2.com\/tr\/about-us\/\" \/>\n<meta property=\"og:site_name\" content=\"Southland Sensing Ltd.\" \/>\n<meta property=\"article:modified_time\" content=\"2025-12-19T17:43:42+00:00\" \/>\n<meta property=\"og:image\" content=\"https:\/\/sso2.com\/wp-content\/uploads\/2014\/08\/portolio-001.jpg\" \/>\n<meta name=\"twitter:card\" content=\"summary_large_image\" \/>\n<meta name=\"twitter:label1\" content=\"Tahmini okuma s\u00fcresi\" \/>\n\t<meta name=\"twitter:data1\" content=\"2 dakika\" \/>\n<script type=\"application\/ld+json\" class=\"yoast-schema-graph\">{\"@context\":\"https:\/\/schema.org\",\"@graph\":[{\"@type\":\"WebPage\",\"@id\":\"https:\/\/sso2.com\/about-us\/\",\"url\":\"https:\/\/sso2.com\/about-us\/\",\"name\":\"About SSO2 | Global Leader in Gas Analyzers & Oxygen Sensors\",\"isPartOf\":{\"@id\":\"https:\/\/sso2.com\/#website\"},\"primaryImageOfPage\":{\"@id\":\"https:\/\/sso2.com\/about-us\/#primaryimage\"},\"image\":{\"@id\":\"https:\/\/sso2.com\/about-us\/#primaryimage\"},\"thumbnailUrl\":\"https:\/\/sso2.com\/wp-content\/uploads\/2014\/08\/portolio-001.jpg\",\"datePublished\":\"2015-12-04T10:15:14+00:00\",\"dateModified\":\"2025-12-19T17:43:42+00:00\",\"description\":\"Learn about SSO2\u2019s mission, innovation, and global expertise in manufacturing high-quality gas analyzers and oxygen sensors for multiple industries.\",\"breadcrumb\":{\"@id\":\"https:\/\/sso2.com\/about-us\/#breadcrumb\"},\"inLanguage\":\"tr\",\"potentialAction\":[{\"@type\":\"ReadAction\",\"target\":[\"https:\/\/sso2.com\/about-us\/\"]}]},{\"@type\":\"ImageObject\",\"inLanguage\":\"tr\",\"@id\":\"https:\/\/sso2.com\/about-us\/#primaryimage\",\"url\":\"https:\/\/sso2.com\/wp-content\/uploads\/2014\/08\/portolio-001.jpg\",\"contentUrl\":\"https:\/\/sso2.com\/wp-content\/uploads\/2014\/08\/portolio-001.jpg\"},{\"@type\":\"BreadcrumbList\",\"@id\":\"https:\/\/sso2.com\/about-us\/#breadcrumb\",\"itemListElement\":[{\"@type\":\"ListItem\",\"position\":1,\"name\":\"Home\",\"item\":\"https:\/\/sso2.com\/en\/\"},{\"@type\":\"ListItem\",\"position\":2,\"name\":\"About Us\"}]},{\"@type\":\"WebSite\",\"@id\":\"https:\/\/sso2.com\/#website\",\"url\":\"https:\/\/sso2.com\/\",\"name\":\"Southland Sensing Ltd.\",\"description\":\"Industrial &amp; Medical Gas Analyzers Oxygen CO\u2082, &amp; H\u2082 Monitors\",\"publisher\":{\"@id\":\"https:\/\/sso2.com\/#organization\"},\"alternateName\":\"SSO2\",\"potentialAction\":[{\"@type\":\"SearchAction\",\"target\":{\"@type\":\"EntryPoint\",\"urlTemplate\":\"https:\/\/sso2.com\/?s={search_term_string}\"},\"query-input\":{\"@type\":\"PropertyValueSpecification\",\"valueRequired\":true,\"valueName\":\"search_term_string\"}}],\"inLanguage\":\"tr\"},{\"@type\":\"Organization\",\"@id\":\"https:\/\/sso2.com\/#organization\",\"name\":\"Southland Sensing Ltd.\",\"alternateName\":\"SSO2\",\"url\":\"https:\/\/sso2.com\/\",\"logo\":{\"@type\":\"ImageObject\",\"inLanguage\":\"tr\",\"@id\":\"https:\/\/sso2.com\/#\/schema\/logo\/image\/\",\"url\":\"https:\/\/sso2.com\/wp-content\/uploads\/2025\/10\/sso2_300pixel.webp\",\"contentUrl\":\"https:\/\/sso2.com\/wp-content\/uploads\/2025\/10\/sso2_300pixel.webp\",\"width\":300,\"height\":50,\"caption\":\"Southland Sensing Ltd.\"},\"image\":{\"@id\":\"https:\/\/sso2.com\/#\/schema\/logo\/image\/\"},\"sameAs\":[\"https:\/\/www.linkedin.com\/company\/southland-sensing-ltd\/\"],\"description\":\"Southland Sensing Ltd. brings together superior performance, an improved user experience, and unmatched application expertise to deliver an accurate and reliable measurement solution. That\u2019s why multinationals, small companies and universities alike turn to us again and again.\",\"email\":\"sales@sso2.com\",\"telephone\":\"1-949-398-2879\",\"legalName\":\"Southland Sensing Ltd.\",\"foundingDate\":\"2013-01-01\",\"numberOfEmployees\":{\"@type\":\"QuantitativeValue\",\"minValue\":\"11\",\"maxValue\":\"50\"},\"publishingPrinciples\":\"https:\/\/sso2.com\/contact-us\/\",\"ownershipFundingInfo\":\"https:\/\/sso2.com\/about-us\/\",\"actionableFeedbackPolicy\":\"https:\/\/sso2.com\/contact-us\/\"}]}<\/script>\n<!-- \/ Yoast SEO Premium plugin. -->","yoast_head_json":{"title":"SSO2 Hakk\u0131nda | Gaz Analiz Cihazlar\u0131 ve Oksijen Sens\u00f6rlerinde K\u00fcresel Lider","description":"SSO2'nin misyonu, yenilik\u00e7ili\u011fi ve \u00e7e\u015fitli sekt\u00f6rler i\u00e7in y\u00fcksek kaliteli gaz analiz\u00f6rleri ve oksijen sens\u00f6rleri \u00fcretimindeki k\u00fcresel uzmanl\u0131\u011f\u0131 hakk\u0131nda bilgi edinin.","robots":{"index":"index","follow":"follow","max-snippet":"max-snippet:-1","max-image-preview":"max-image-preview:large","max-video-preview":"max-video-preview:-1"},"canonical":"https:\/\/sso2.com\/tr\/about-us\/","og_locale":"tr_TR","og_type":"article","og_title":"About Us","og_description":"Learn about SSO2\u2019s mission, innovation, and global expertise in manufacturing high-quality gas analyzers and oxygen sensors for multiple industries.","og_url":"https:\/\/sso2.com\/tr\/about-us\/","og_site_name":"Southland Sensing Ltd.","article_modified_time":"2025-12-19T17:43:42+00:00","og_image":[{"url":"https:\/\/sso2.com\/wp-content\/uploads\/2014\/08\/portolio-001.jpg","type":"","width":"","height":""}],"twitter_card":"summary_large_image","twitter_misc":{"Tahmini okuma s\u00fcresi":"2 dakika"},"schema":{"@context":"https:\/\/schema.org","@graph":[{"@type":"WebPage","@id":"https:\/\/sso2.com\/about-us\/","url":"https:\/\/sso2.com\/about-us\/","name":"SSO2 Hakk\u0131nda | Gaz Analiz Cihazlar\u0131 ve Oksijen Sens\u00f6rlerinde K\u00fcresel Lider","isPartOf":{"@id":"https:\/\/sso2.com\/#website"},"primaryImageOfPage":{"@id":"https:\/\/sso2.com\/about-us\/#primaryimage"},"image":{"@id":"https:\/\/sso2.com\/about-us\/#primaryimage"},"thumbnailUrl":"https:\/\/sso2.com\/wp-content\/uploads\/2014\/08\/portolio-001.jpg","datePublished":"2015-12-04T10:15:14+00:00","dateModified":"2025-12-19T17:43:42+00:00","description":"SSO2'nin misyonu, yenilik\u00e7ili\u011fi ve \u00e7e\u015fitli sekt\u00f6rler i\u00e7in y\u00fcksek kaliteli gaz analiz\u00f6rleri ve oksijen sens\u00f6rleri \u00fcretimindeki k\u00fcresel uzmanl\u0131\u011f\u0131 hakk\u0131nda bilgi edinin.","breadcrumb":{"@id":"https:\/\/sso2.com\/about-us\/#breadcrumb"},"inLanguage":"tr","potentialAction":[{"@type":"ReadAction","target":["https:\/\/sso2.com\/about-us\/"]}]},{"@type":"ImageObject","inLanguage":"tr","@id":"https:\/\/sso2.com\/about-us\/#primaryimage","url":"https:\/\/sso2.com\/wp-content\/uploads\/2014\/08\/portolio-001.jpg","contentUrl":"https:\/\/sso2.com\/wp-content\/uploads\/2014\/08\/portolio-001.jpg"},{"@type":"BreadcrumbList","@id":"https:\/\/sso2.com\/about-us\/#breadcrumb","itemListElement":[{"@type":"ListItem","position":1,"name":"Home","item":"https:\/\/sso2.com\/en\/"},{"@type":"ListItem","position":2,"name":"About Us"}]},{"@type":"WebSite","@id":"https:\/\/sso2.com\/#website","url":"https:\/\/sso2.com\/","name":"Southland Sensing Ltd.","description":"Industrial &amp; Medical Gas Analyzers Oxygen CO\u2082, &amp; H\u2082 Monitors","publisher":{"@id":"https:\/\/sso2.com\/#organization"},"alternateName":"SSO2","potentialAction":[{"@type":"SearchAction","target":{"@type":"EntryPoint","urlTemplate":"https:\/\/sso2.com\/?s={search_term_string}"},"query-input":{"@type":"PropertyValueSpecification","valueRequired":true,"valueName":"search_term_string"}}],"inLanguage":"tr"},{"@type":"Organization","@id":"https:\/\/sso2.com\/#organization","name":"Southland Sensing Ltd.","alternateName":"SSO2","url":"https:\/\/sso2.com\/","logo":{"@type":"ImageObject","inLanguage":"tr","@id":"https:\/\/sso2.com\/#\/schema\/logo\/image\/","url":"https:\/\/sso2.com\/wp-content\/uploads\/2025\/10\/sso2_300pixel.webp","contentUrl":"https:\/\/sso2.com\/wp-content\/uploads\/2025\/10\/sso2_300pixel.webp","width":300,"height":50,"caption":"Southland Sensing Ltd."},"image":{"@id":"https:\/\/sso2.com\/#\/schema\/logo\/image\/"},"sameAs":["https:\/\/www.linkedin.com\/company\/southland-sensing-ltd\/"],"description":"Southland Sensing Ltd. brings together superior performance, an improved user experience, and unmatched application expertise to deliver an accurate and reliable measurement solution. That\u2019s why multinationals, small companies and universities alike turn to us again and again.","email":"sales@sso2.com","telephone":"1-949-398-2879","legalName":"Southland Sensing Ltd.","foundingDate":"2013-01-01","numberOfEmployees":{"@type":"QuantitativeValue","minValue":"11","maxValue":"50"},"publishingPrinciples":"https:\/\/sso2.com\/contact-us\/","ownershipFundingInfo":"https:\/\/sso2.com\/about-us\/","actionableFeedbackPolicy":"https:\/\/sso2.com\/contact-us\/"}]}},"jetpack_sharing_enabled":true,"jetpack_shortlink":"https:\/\/wp.me\/PaSzwI-1i","_links":{"self":[{"href":"https:\/\/sso2.com\/tr\/wp-json\/wp\/v2\/pages\/80","targetHints":{"allow":["GET"]}}],"collection":[{"href":"https:\/\/sso2.com\/tr\/wp-json\/wp\/v2\/pages"}],"about":[{"href":"https:\/\/sso2.com\/tr\/wp-json\/wp\/v2\/types\/page"}],"author":[{"embeddable":true,"href":"https:\/\/sso2.com\/tr\/wp-json\/wp\/v2\/users\/6"}],"replies":[{"embeddable":true,"href":"https:\/\/sso2.com\/tr\/wp-json\/wp\/v2\/comments?post=80"}],"version-history":[{"count":0,"href":"https:\/\/sso2.com\/tr\/wp-json\/wp\/v2\/pages\/80\/revisions"}],"wp:attachment":[{"href":"https:\/\/sso2.com\/tr\/wp-json\/wp\/v2\/media?parent=80"}],"curies":[{"name":"wp","href":"https:\/\/api.w.org\/{rel}","templated":true}]}}