{"id":485,"date":"2019-04-03T03:54:25","date_gmt":"2019-04-03T03:54:25","guid":{"rendered":"https:\/\/sso2.com\/?page_id=485"},"modified":"2025-10-10T17:51:06","modified_gmt":"2025-10-10T17:51:06","slug":"industrial-oxygen-sensors","status":"publish","type":"page","link":"https:\/\/sso2.com\/tr\/industrial-oxygen-sensors\/","title":{"rendered":"End\u00fcstriyel Oksijen Sens\u00f6rleri"},"content":{"rendered":"<div data-elementor-type=\"wp-page\" data-elementor-id=\"485\" class=\"elementor elementor-485\" data-elementor-post-type=\"page\">\n\t\t\t\t\t\t<section class=\"elementor-section elementor-top-section elementor-element elementor-element-11048109 elementor-section-items-stretch elementor-section-height-min-height elementor-section-boxed elementor-section-height-default\" data-id=\"11048109\" data-element_type=\"section\" data-e-type=\"section\" data-settings=\"{&quot;background_background&quot;:&quot;classic&quot;}\">\n\t\t\t\t\t\t<div class=\"elementor-container elementor-column-gap-no\">\n\t\t\t\t\t<div class=\"elementor-column elementor-col-50 elementor-top-column elementor-element elementor-element-6e188138\" data-id=\"6e188138\" data-element_type=\"column\" data-e-type=\"column\">\n\t\t\t<div class=\"elementor-widget-wrap elementor-element-populated\">\n\t\t\t\t\t\t<section class=\"elementor-section elementor-inner-section elementor-element elementor-element-3791848d elementor-section-boxed elementor-section-height-default elementor-section-height-default\" data-id=\"3791848d\" data-element_type=\"section\" data-e-type=\"section\">\n\t\t\t\t\t\t<div class=\"elementor-container elementor-column-gap-no\">\n\t\t\t\t\t<div class=\"elementor-column elementor-col-100 elementor-inner-column elementor-element elementor-element-2d5fa10c\" data-id=\"2d5fa10c\" data-element_type=\"column\" data-e-type=\"column\">\n\t\t\t<div class=\"elementor-widget-wrap elementor-element-populated\">\n\t\t\t\t\t\t<div class=\"elementor-element elementor-element-4a6d7383 elementor-widget__width-auto elementor-widget elementor-widget-heading\" data-id=\"4a6d7383\" data-element_type=\"widget\" data-e-type=\"widget\" data-widget_type=\"heading.default\">\n\t\t\t\t<div class=\"elementor-widget-container\">\n\t\t\t\t\t<div class=\"elementor-heading-title elementor-size-default\"><a href=\"https:\/\/sso2.com\/tr\/\">Ev<\/a><\/div>\t\t\t\t<\/div>\n\t\t\t\t<\/div>\n\t\t\t\t<div class=\"elementor-element elementor-element-783a935b elementor-widget__width-initial elementor-view-default elementor-widget elementor-widget-icon\" data-id=\"783a935b\" data-element_type=\"widget\" data-e-type=\"widget\" data-widget_type=\"icon.default\">\n\t\t\t\t<div class=\"elementor-widget-container\">\n\t\t\t\t\t\t\t<div class=\"elementor-icon-wrapper\">\n\t\t\t<div class=\"elementor-icon\">\n\t\t\t<svg aria-hidden=\"true\" class=\"e-font-icon-svg e-fas-slash\" viewbox=\"0 0 640 512\" xmlns=\"http:\/\/www.w3.org\/2000\/svg\"><path d=\"M594.53 508.63L6.18 53.9c-6.97-5.42-8.23-15.47-2.81-22.45L23.01 6.18C28.43-.8 38.49-2.06 45.47 3.37L633.82 458.1c6.97 5.42 8.23 15.47 2.81 22.45l-19.64 25.27c-5.42 6.98-15.48 8.23-22.46 2.81z\"><\/path><\/svg>\t\t\t<\/div>\n\t\t<\/div>\n\t\t\t\t\t\t<\/div>\n\t\t\t\t<\/div>\n\t\t\t\t<div class=\"elementor-element elementor-element-60c6eb38 elementor-widget__width-auto elementor-widget elementor-widget-heading\" data-id=\"60c6eb38\" data-element_type=\"widget\" data-e-type=\"widget\" data-widget_type=\"heading.default\">\n\t\t\t\t<div class=\"elementor-widget-container\">\n\t\t\t\t\t<div class=\"elementor-heading-title elementor-size-default\"><a href=\"#\">End\u00fcstriyel Oksijen Sens\u00f6rleri<\/a><\/div>\t\t\t\t<\/div>\n\t\t\t\t<\/div>\n\t\t\t\t\t<\/div>\n\t\t<\/div>\n\t\t\t\t\t<\/div>\n\t\t<\/section>\n\t\t\t\t<section class=\"elementor-section elementor-inner-section elementor-element elementor-element-1b36b0b7 elementor-reverse-tablet elementor-reverse-mobile elementor-section-boxed elementor-section-height-default elementor-section-height-default\" data-id=\"1b36b0b7\" data-element_type=\"section\" data-e-type=\"section\">\n\t\t\t\t\t\t<div class=\"elementor-container elementor-column-gap-no\">\n\t\t\t\t\t<div class=\"elementor-column elementor-col-100 elementor-inner-column elementor-element elementor-element-66b181e6\" data-id=\"66b181e6\" data-element_type=\"column\" data-e-type=\"column\">\n\t\t\t<div class=\"elementor-widget-wrap elementor-element-populated\">\n\t\t\t\t\t\t<div class=\"elementor-element elementor-element-2213a3eb elementor-widget elementor-widget-heading\" data-id=\"2213a3eb\" data-element_type=\"widget\" data-e-type=\"widget\" data-widget_type=\"heading.default\">\n\t\t\t\t<div class=\"elementor-widget-container\">\n\t\t\t\t\t<h1 class=\"elementor-heading-title elementor-size-default\">End\u00fcstriyel Oksijen Sens\u00f6rleri<\/h1>\t\t\t\t<\/div>\n\t\t\t\t<\/div>\n\t\t\t\t\t<\/div>\n\t\t<\/div>\n\t\t\t\t\t<\/div>\n\t\t<\/section>\n\t\t\t\t\t<\/div>\n\t\t<\/div>\n\t\t\t\t<div class=\"elementor-column elementor-col-50 elementor-top-column elementor-element elementor-element-14475ca0\" data-id=\"14475ca0\" data-element_type=\"column\" data-e-type=\"column\">\n\t\t\t<div class=\"elementor-widget-wrap elementor-element-populated\">\n\t\t\t\t\t\t<div class=\"elementor-element elementor-element-5d36ecd4 animated-fast elementor-invisible elementor-widget elementor-widget-image\" data-id=\"5d36ecd4\" data-element_type=\"widget\" data-e-type=\"widget\" data-settings=\"{&quot;_animation&quot;:&quot;fadeInLeft&quot;,&quot;_animation_mobile&quot;:&quot;none&quot;}\" data-widget_type=\"image.default\">\n\t\t\t\t<div class=\"elementor-widget-container\">\n\t\t\t\t\t\t\t\t\t\t\t\t\t\t\t<img decoding=\"async\" width=\"1344\" height=\"1140\" src=\"https:\/\/i0.wp.com\/sso2.com\/wp-content\/uploads\/2025\/01\/to2-1x.png?fit=1344%2C1140&amp;ssl=1\" class=\"attachment-full size-full wp-image-2921\" alt=\"\" srcset=\"https:\/\/i0.wp.com\/sso2.com\/wp-content\/uploads\/2025\/01\/to2-1x.png?w=1344&amp;ssl=1 1344w, https:\/\/i0.wp.com\/sso2.com\/wp-content\/uploads\/2025\/01\/to2-1x.png?resize=300%2C254&amp;ssl=1 300w, https:\/\/i0.wp.com\/sso2.com\/wp-content\/uploads\/2025\/01\/to2-1x.png?resize=1024%2C869&amp;ssl=1 1024w, https:\/\/i0.wp.com\/sso2.com\/wp-content\/uploads\/2025\/01\/to2-1x.png?resize=768%2C651&amp;ssl=1 768w, https:\/\/i0.wp.com\/sso2.com\/wp-content\/uploads\/2025\/01\/to2-1x.png?resize=600%2C509&amp;ssl=1 600w\" sizes=\"(max-width: 800px) 100vw, 800px\" \/>\t\t\t\t\t\t\t\t\t\t\t\t\t\t\t<\/div>\n\t\t\t\t<\/div>\n\t\t\t\t\t<\/div>\n\t\t<\/div>\n\t\t\t\t\t<\/div>\n\t\t<\/section>\n\t\t<div class=\"elementor-element elementor-element-75bacff2 e-flex e-con-boxed e-con e-parent\" data-id=\"75bacff2\" data-element_type=\"container\" data-e-type=\"container\">\n\t\t\t\t\t<div class=\"e-con-inner\">\n\t\t\t\t<div class=\"elementor-element elementor-element-6a309628 elementor-widget elementor-widget-text-editor\" data-id=\"6a309628\" data-element_type=\"widget\" data-e-type=\"widget\" data-widget_type=\"text-editor.default\">\n\t\t\t\t<div class=\"elementor-widget-container\">\n\t\t\t\t\t\t\t\t\t<p><strong>Southland Sensing Ltd.<\/strong> ABD'de \u00fcretilen y\u00fcksek kaliteli, m\u00fchendislik \u00fcr\u00fcn\u00fc hassas elektrokimyasal mikro-yak\u0131t h\u00fccresi oksijen sens\u00f6rlerinden olu\u015fan geni\u015f bir \u00fcr\u00fcn yelpazesi sunmaktad\u0131r. Bu sens\u00f6rler, 0,001 PPM'den 100,0% oksijene kadar analiz yapabilen geni\u015f bir konfig\u00fcrasyon yelpazesinde sunulmaktad\u0131r.<\/p><p>M\u00fckemmel m\u00fc\u015fteri hizmetleri ve sekt\u00f6rde kendini kan\u0131tlam\u0131\u015f \u00fcr\u00fcn tasar\u0131m\u0131 ile desteklenen sens\u00f6rlerimiz, hava ayr\u0131\u015ft\u0131rma tesisleri, kimyasal ve petrokimyasal prosesler, \u00e7elik \u00fcretimi ve di\u011ferleri dahil olmak \u00fczere d\u00fcnya \u00e7ap\u0131nda bir dizi uygulamada bulunur.<\/p><p>D\u00fcnyan\u0131n \u00f6nde gelen \u015firketleri, sens\u00f6r performanslar\u0131n\u0131 iyile\u015ftirmek ve y\u0131ll\u0131k analiz\u00f6r bak\u0131m maliyetlerini d\u00fc\u015f\u00fcrmek i\u00e7in Southland Sensing Ltd. ile ortakl\u0131k yapmaktad\u0131r.<\/p><p><strong>Rakip bir oksijen sens\u00f6r\u00fcn\u00fc m\u00fc de\u011fi\u015ftirmek istiyorsunuz yoksa bir OEM \u00c7\u00f6z\u00fcm\u00fc m\u00fc ar\u0131yorsunuz?  Bizim bir g\u00f6z at\u0131n\u00a0<a href=\"\/\/sso2.com\/tr\/replacement-guide\/\">De\u011fi\u015ftirme K\u0131lavuzu<\/a>.<\/strong><\/p><p><strong>Southland Sensing Tescilli Oksijen Sens\u00f6r\u00fcn\u00fcn Se\u00e7ilmesi:<\/strong><\/p><p>\n<table id=\"tablepress-6\" class=\"tablepress tablepress-id-6\">\n<thead>\n<tr class=\"row-1\">\n\t<th class=\"column-1\">S\u0131n\u0131f<\/th><th class=\"column-2\">Par\u00e7a Numaras\u0131<\/th><th class=\"column-3\">Uygulama<\/th><th class=\"column-4\">Yorumlar<\/th>\n<\/tr>\n<\/thead>\n<tbody class=\"row-striping row-hover\">\n<tr class=\"row-2\">\n\t<td class=\"column-1\">\u0130z (PPM)<\/td><td class=\"column-2\"><a href=\"https:\/\/sso2.com\/tr\/urun\/to2-1x-ppm-oxygen-sensor\/\">TO2-1x<\/a><\/td><td class=\"column-3\">Genel Ama\u00e7l\u0131 O2 \u00d6l\u00e7\u00fcm\u00fc<\/td><td class=\"column-4\">0 - 10 ppm d\u00fc\u015f\u00fck aral\u0131k, \u00c7o\u011fu end\u00fcstriyel uygulamada kullan\u0131l\u0131r<\/td>\n<\/tr>\n<tr class=\"row-3\">\n\t<td class=\"column-1\">\u0130z (PPM)<\/td><td class=\"column-2\"><a href=\"https:\/\/sso2.com\/tr\/urun\/to2-2x-ppm-oxygen-sensor-for-use-in-co2\/\">TO2-2x<\/a><\/td><td class=\"column-3\">CO2 &gt; 0,1% oldu\u011funda O2 \u00d6l\u00e7\u00fcm\u00fc<\/td><td class=\"column-4\">0 - 10 ppm d\u00fc\u015f\u00fck aral\u0131k, asit gazlar mevcut oldu\u011funda kullan\u0131l\u0131r (CO2, vb.) <\/td>\n<\/tr>\n<tr class=\"row-4\">\n\t<td class=\"column-1\">\u0130z (PPM)<\/td><td class=\"column-2\"><a href=\"https:\/\/sso2.com\/tr\/urun\/to2-133-ppm-oxygen-sensor\/\">TO2-133<\/a><\/td><td class=\"column-3\">Genel Ama\u00e7l\u0131 O2 \u00d6l\u00e7\u00fcm\u00fc<\/td><td class=\"column-4\">0 - 1 ppm d\u00fc\u015f\u00fck aral\u0131k, \u00c7o\u011fu end\u00fcstriyel uygulamada kullan\u0131l\u0131r<\/td>\n<\/tr>\n<tr class=\"row-5\">\n\t<td class=\"column-1\">\u0130z (PPM)<\/td><td class=\"column-2\"><a href=\"https:\/\/sso2.com\/tr\/urun\/to2-233-ppm-oxygen-sensor\/\">TO2-233<\/a><\/td><td class=\"column-3\">CO2 &gt; 0,1% oldu\u011funda O2 \u00d6l\u00e7\u00fcm\u00fc<\/td><td class=\"column-4\">0 - 1 ppm d\u00fc\u015f\u00fck aral\u0131k, asit gazlar mevcut oldu\u011funda kullan\u0131l\u0131r (CO2, vb.) <\/td>\n<\/tr>\n<tr class=\"row-6\">\n\t<td class=\"column-1\">\u0130z (PPM)<\/td><td class=\"column-2\"><a href=\"https:\/\/sso2.com\/tr\/urun\/to2-238-ppm-oxygen-sensor\/\">TO2-238<\/a><\/td><td class=\"column-3\">CO2 &gt; 0,1% oldu\u011funda O2 \u00d6l\u00e7\u00fcm\u00fc<br \/>\nH2S &lt; 500 PPM<\/td><td class=\"column-4\">0 - 1 ppm d\u00fc\u015f\u00fck aral\u0131k, asit gazlar mevcut oldu\u011funda kullan\u0131l\u0131r (CO2, vb.)<\/td>\n<\/tr>\n<tr class=\"row-7\">\n\t<td class=\"column-1\">Hibrit<\/td><td class=\"column-2\"><a href=\"https:\/\/sso2.com\/tr\/urun\/to2-19-hybrid-ppm-oxygen-sensor\/\">TO2-19<\/a><\/td><td class=\"column-3\">Genel Ama\u00e7l\u0131 O2 \u00d6l\u00e7\u00fcm\u00fc<\/td><td class=\"column-4\">Ortam havas\u0131na d\u00fczenli maruz kalma ile 45 ppm ila 25.0% \u00f6l\u00e7\u00fcm\u00fc i\u00e7in<\/td>\n<\/tr>\n<tr class=\"row-8\">\n\t<td class=\"column-1\">Y\u00fczde<\/td><td class=\"column-2\"><a href=\"https:\/\/sso2.com\/tr\/urun\/po2-1x-percent-oxygen-sensor\/\">PO2-1x<\/a><\/td><td class=\"column-3\">Genel Ama\u00e7l\u0131 O2 \u00d6l\u00e7\u00fcm\u00fc<\/td><td class=\"column-4\">LDL 1000 ppm (0.1%), \u00f6zellikle y\u00fczde uygulamalar\u0131nda h\u0131zl\u0131 yan\u0131t i\u00e7in kullan\u0131l\u0131r<\/td>\n<\/tr>\n<tr class=\"row-9\">\n\t<td class=\"column-1\">Y\u00fczde<\/td><td class=\"column-2\"><a href=\"https:\/\/sso2.com\/tr\/urun\/po2-160-percent-oxygen-sensor\/\">PO2-160<\/a><\/td><td class=\"column-3\">Genel Ama\u00e7l\u0131 O2 \u00d6l\u00e7\u00fcm\u00fc<\/td><td class=\"column-4\">LDL 1000 ppm (0.1%), \u00f6zellikle uzun \u00f6m\u00fcrl\u00fc y\u00fczde uygulamalar\u0131 i\u00e7in kullan\u0131l\u0131r<\/td>\n<\/tr>\n<tr class=\"row-10\">\n\t<td class=\"column-1\">Y\u00fczde<\/td><td class=\"column-2\"><a href=\"https:\/\/sso2.com\/tr\/urun\/po2-24-percent-oxygen-sensor\/\">PO2-24<\/a><\/td><td class=\"column-3\">CO2 &gt; 0,1% oldu\u011funda O2 \u00d6l\u00e7\u00fcm\u00fc<\/td><td class=\"column-4\">LDL 1000 ppm (0,1%), asit gazlar\u0131 mevcut oldu\u011funda kullan\u0131l\u0131r (CO2, vb.)<\/td>\n<\/tr>\n<tr class=\"row-11\">\n\t<td class=\"column-1\">Safl\u0131k<\/td><td class=\"column-2\"><a href=\"https:\/\/sso2.com\/tr\/urun\/po2-1120-high-purity-oxygen-sensor\/\">PO2-1120<\/a><\/td><td class=\"column-3\">Genel Ama\u00e7l\u0131 O2 \u00d6l\u00e7\u00fcm\u00fc<\/td><td class=\"column-4\">Y\u00fcksek oksijen \u00f6l\u00e7\u00fcm\u00fc i\u00e7in tasarlanm\u0131\u015ft\u0131r (21.0% - 100%)<\/td>\n<\/tr>\n<\/tbody>\n<\/table>\n<!-- #tablepress-6 from cache --><\/p><p>*** Par\u00e7a numaran\u0131z\u0131 g\u00f6remiyorsan\u0131z, sat\u0131\u015f temsilcinize bir e-posta g\u00f6nderin ve yedek par\u00e7a sunup sunmad\u0131\u011f\u0131m\u0131z\u0131 sorun.<\/p>\t\t\t\t\t\t\t\t<\/div>\n\t\t\t\t<\/div>\n\t\t\t\t\t<\/div>\n\t\t\t\t<\/div>\n\t\t\t\t<\/div>","protected":false},"excerpt":{"rendered":"<p>Home Southland Sensing Ltd. offers an extensive line of high quality, manufactured in the USA, engineered precision electrochemical micro-fuel cell oxygen sensors. These sensors are offered in a wide range of configurations with analysis from 0.001 PPM up to 100.0% oxygen. Backed with excellent customer service and an industry proven product design, our sensors are [&hellip;]<\/p>\n","protected":false},"author":6,"featured_media":0,"parent":0,"menu_order":0,"comment_status":"closed","ping_status":"closed","template":"elementor_header_footer","meta":{"footnotes":""},"class_list":["post-485","page","type-page","status-publish","hentry"],"yoast_head":"<!-- This site is optimized with the Yoast SEO Premium plugin v27.2 (Yoast SEO v27.2) - https:\/\/yoast.com\/product\/yoast-seo-premium-wordpress\/ -->\n<title>Industrial Oxygen Sensors | O\u2082 Sensors for Harsh Enviromint<\/title>\n<meta name=\"description\" content=\"SSO2 industrial oxygen sensors offer robust, long-life performance for demanding manufacturing and process environments.\" \/>\n<meta name=\"robots\" content=\"index, follow, max-snippet:-1, max-image-preview:large, max-video-preview:-1\" \/>\n<link rel=\"canonical\" href=\"https:\/\/sso2.com\/tr\/industrial-oxygen-sensors\/\" \/>\n<meta property=\"og:locale\" content=\"tr_TR\" \/>\n<meta property=\"og:type\" content=\"article\" \/>\n<meta property=\"og:title\" content=\"Industrial Oxygen Sensors\" \/>\n<meta property=\"og:description\" content=\"SSO2 industrial oxygen sensors offer robust, long-life performance for demanding manufacturing and process environments.\" \/>\n<meta property=\"og:url\" content=\"https:\/\/sso2.com\/tr\/industrial-oxygen-sensors\/\" \/>\n<meta property=\"og:site_name\" content=\"Southland Sensing Ltd.\" \/>\n<meta property=\"article:modified_time\" content=\"2025-10-10T17:51:06+00:00\" \/>\n<meta property=\"og:image\" content=\"https:\/\/sso2.com\/wp-content\/uploads\/2025\/01\/to2-1x.png\" \/>\n<meta name=\"twitter:card\" content=\"summary_large_image\" \/>\n<meta name=\"twitter:label1\" content=\"Tahmini okuma s\u00fcresi\" \/>\n\t<meta name=\"twitter:data1\" content=\"1 dakika\" \/>\n<script type=\"application\/ld+json\" class=\"yoast-schema-graph\">{\"@context\":\"https:\/\/schema.org\",\"@graph\":[{\"@type\":\"WebPage\",\"@id\":\"https:\/\/sso2.com\/industrial-oxygen-sensors\/\",\"url\":\"https:\/\/sso2.com\/industrial-oxygen-sensors\/\",\"name\":\"Industrial Oxygen Sensors | O\u2082 Sensors for Harsh Enviromint\",\"isPartOf\":{\"@id\":\"https:\/\/sso2.com\/#website\"},\"primaryImageOfPage\":{\"@id\":\"https:\/\/sso2.com\/industrial-oxygen-sensors\/#primaryimage\"},\"image\":{\"@id\":\"https:\/\/sso2.com\/industrial-oxygen-sensors\/#primaryimage\"},\"thumbnailUrl\":\"https:\/\/sso2.com\/wp-content\/uploads\/2025\/01\/to2-1x.png\",\"datePublished\":\"2019-04-03T03:54:25+00:00\",\"dateModified\":\"2025-10-10T17:51:06+00:00\",\"description\":\"SSO2 industrial oxygen sensors offer robust, long-life performance for demanding manufacturing and process environments.\",\"breadcrumb\":{\"@id\":\"https:\/\/sso2.com\/industrial-oxygen-sensors\/#breadcrumb\"},\"inLanguage\":\"tr\",\"potentialAction\":[{\"@type\":\"ReadAction\",\"target\":[\"https:\/\/sso2.com\/industrial-oxygen-sensors\/\"]}]},{\"@type\":\"ImageObject\",\"inLanguage\":\"tr\",\"@id\":\"https:\/\/sso2.com\/industrial-oxygen-sensors\/#primaryimage\",\"url\":\"https:\/\/sso2.com\/wp-content\/uploads\/2025\/01\/to2-1x.png\",\"contentUrl\":\"https:\/\/sso2.com\/wp-content\/uploads\/2025\/01\/to2-1x.png\"},{\"@type\":\"BreadcrumbList\",\"@id\":\"https:\/\/sso2.com\/industrial-oxygen-sensors\/#breadcrumb\",\"itemListElement\":[{\"@type\":\"ListItem\",\"position\":1,\"name\":\"Home\",\"item\":\"https:\/\/sso2.com\/en\/\"},{\"@type\":\"ListItem\",\"position\":2,\"name\":\"Industrial Oxygen Sensors\"}]},{\"@type\":\"WebSite\",\"@id\":\"https:\/\/sso2.com\/#website\",\"url\":\"https:\/\/sso2.com\/\",\"name\":\"Southland Sensing Ltd.\",\"description\":\"Industrial &amp; Medical Gas Analyzers Oxygen CO\u2082, &amp; H\u2082 Monitors\",\"publisher\":{\"@id\":\"https:\/\/sso2.com\/#organization\"},\"alternateName\":\"SSO2\",\"potentialAction\":[{\"@type\":\"SearchAction\",\"target\":{\"@type\":\"EntryPoint\",\"urlTemplate\":\"https:\/\/sso2.com\/?s={search_term_string}\"},\"query-input\":{\"@type\":\"PropertyValueSpecification\",\"valueRequired\":true,\"valueName\":\"search_term_string\"}}],\"inLanguage\":\"tr\"},{\"@type\":\"Organization\",\"@id\":\"https:\/\/sso2.com\/#organization\",\"name\":\"Southland Sensing Ltd.\",\"alternateName\":\"SSO2\",\"url\":\"https:\/\/sso2.com\/\",\"logo\":{\"@type\":\"ImageObject\",\"inLanguage\":\"tr\",\"@id\":\"https:\/\/sso2.com\/#\/schema\/logo\/image\/\",\"url\":\"https:\/\/sso2.com\/wp-content\/uploads\/2025\/10\/sso2_300pixel.webp\",\"contentUrl\":\"https:\/\/sso2.com\/wp-content\/uploads\/2025\/10\/sso2_300pixel.webp\",\"width\":300,\"height\":50,\"caption\":\"Southland Sensing Ltd.\"},\"image\":{\"@id\":\"https:\/\/sso2.com\/#\/schema\/logo\/image\/\"},\"sameAs\":[\"https:\/\/www.linkedin.com\/company\/southland-sensing-ltd\/\"],\"description\":\"Southland Sensing Ltd. brings together superior performance, an improved user experience, and unmatched application expertise to deliver an accurate and reliable measurement solution. That\u2019s why multinationals, small companies and universities alike turn to us again and again.\",\"email\":\"sales@sso2.com\",\"telephone\":\"1-949-398-2879\",\"legalName\":\"Southland Sensing Ltd.\",\"foundingDate\":\"2013-01-01\",\"numberOfEmployees\":{\"@type\":\"QuantitativeValue\",\"minValue\":\"11\",\"maxValue\":\"50\"},\"publishingPrinciples\":\"https:\/\/sso2.com\/contact-us\/\",\"ownershipFundingInfo\":\"https:\/\/sso2.com\/about-us\/\",\"actionableFeedbackPolicy\":\"https:\/\/sso2.com\/contact-us\/\"}]}<\/script>\n<!-- \/ Yoast SEO Premium plugin. -->","yoast_head_json":{"title":"End\u00fcstriyel Oksijen Sens\u00f6rleri | Zorlu Ortamlar \u0130\u00e7in O\u2082 Sens\u00f6rleri","description":"SSO2 end\u00fcstriyel oksijen sens\u00f6rleri, zorlu \u00fcretim ve proses ortamlar\u0131 i\u00e7in sa\u011flam ve uzun \u00f6m\u00fcrl\u00fc performans sunar.","robots":{"index":"index","follow":"follow","max-snippet":"max-snippet:-1","max-image-preview":"max-image-preview:large","max-video-preview":"max-video-preview:-1"},"canonical":"https:\/\/sso2.com\/tr\/industrial-oxygen-sensors\/","og_locale":"tr_TR","og_type":"article","og_title":"Industrial Oxygen Sensors","og_description":"SSO2 industrial oxygen sensors offer robust, long-life performance for demanding manufacturing and process environments.","og_url":"https:\/\/sso2.com\/tr\/industrial-oxygen-sensors\/","og_site_name":"Southland Sensing Ltd.","article_modified_time":"2025-10-10T17:51:06+00:00","og_image":[{"url":"https:\/\/sso2.com\/wp-content\/uploads\/2025\/01\/to2-1x.png","type":"","width":"","height":""}],"twitter_card":"summary_large_image","twitter_misc":{"Tahmini okuma s\u00fcresi":"1 dakika"},"schema":{"@context":"https:\/\/schema.org","@graph":[{"@type":"WebPage","@id":"https:\/\/sso2.com\/industrial-oxygen-sensors\/","url":"https:\/\/sso2.com\/industrial-oxygen-sensors\/","name":"End\u00fcstriyel Oksijen Sens\u00f6rleri | Zorlu Ortamlar \u0130\u00e7in O\u2082 Sens\u00f6rleri","isPartOf":{"@id":"https:\/\/sso2.com\/#website"},"primaryImageOfPage":{"@id":"https:\/\/sso2.com\/industrial-oxygen-sensors\/#primaryimage"},"image":{"@id":"https:\/\/sso2.com\/industrial-oxygen-sensors\/#primaryimage"},"thumbnailUrl":"https:\/\/sso2.com\/wp-content\/uploads\/2025\/01\/to2-1x.png","datePublished":"2019-04-03T03:54:25+00:00","dateModified":"2025-10-10T17:51:06+00:00","description":"SSO2 end\u00fcstriyel oksijen sens\u00f6rleri, zorlu \u00fcretim ve proses ortamlar\u0131 i\u00e7in sa\u011flam ve uzun \u00f6m\u00fcrl\u00fc performans sunar.","breadcrumb":{"@id":"https:\/\/sso2.com\/industrial-oxygen-sensors\/#breadcrumb"},"inLanguage":"tr","potentialAction":[{"@type":"ReadAction","target":["https:\/\/sso2.com\/industrial-oxygen-sensors\/"]}]},{"@type":"ImageObject","inLanguage":"tr","@id":"https:\/\/sso2.com\/industrial-oxygen-sensors\/#primaryimage","url":"https:\/\/sso2.com\/wp-content\/uploads\/2025\/01\/to2-1x.png","contentUrl":"https:\/\/sso2.com\/wp-content\/uploads\/2025\/01\/to2-1x.png"},{"@type":"BreadcrumbList","@id":"https:\/\/sso2.com\/industrial-oxygen-sensors\/#breadcrumb","itemListElement":[{"@type":"ListItem","position":1,"name":"Home","item":"https:\/\/sso2.com\/en\/"},{"@type":"ListItem","position":2,"name":"Industrial Oxygen Sensors"}]},{"@type":"WebSite","@id":"https:\/\/sso2.com\/#website","url":"https:\/\/sso2.com\/","name":"Southland Sensing Ltd.","description":"Industrial &amp; Medical Gas Analyzers Oxygen CO\u2082, &amp; H\u2082 Monitors","publisher":{"@id":"https:\/\/sso2.com\/#organization"},"alternateName":"SSO2","potentialAction":[{"@type":"SearchAction","target":{"@type":"EntryPoint","urlTemplate":"https:\/\/sso2.com\/?s={search_term_string}"},"query-input":{"@type":"PropertyValueSpecification","valueRequired":true,"valueName":"search_term_string"}}],"inLanguage":"tr"},{"@type":"Organization","@id":"https:\/\/sso2.com\/#organization","name":"Southland Sensing Ltd.","alternateName":"SSO2","url":"https:\/\/sso2.com\/","logo":{"@type":"ImageObject","inLanguage":"tr","@id":"https:\/\/sso2.com\/#\/schema\/logo\/image\/","url":"https:\/\/sso2.com\/wp-content\/uploads\/2025\/10\/sso2_300pixel.webp","contentUrl":"https:\/\/sso2.com\/wp-content\/uploads\/2025\/10\/sso2_300pixel.webp","width":300,"height":50,"caption":"Southland Sensing Ltd."},"image":{"@id":"https:\/\/sso2.com\/#\/schema\/logo\/image\/"},"sameAs":["https:\/\/www.linkedin.com\/company\/southland-sensing-ltd\/"],"description":"Southland Sensing Ltd. brings together superior performance, an improved user experience, and unmatched application expertise to deliver an accurate and reliable measurement solution. That\u2019s why multinationals, small companies and universities alike turn to us again and again.","email":"sales@sso2.com","telephone":"1-949-398-2879","legalName":"Southland Sensing Ltd.","foundingDate":"2013-01-01","numberOfEmployees":{"@type":"QuantitativeValue","minValue":"11","maxValue":"50"},"publishingPrinciples":"https:\/\/sso2.com\/contact-us\/","ownershipFundingInfo":"https:\/\/sso2.com\/about-us\/","actionableFeedbackPolicy":"https:\/\/sso2.com\/contact-us\/"}]}},"jetpack_sharing_enabled":true,"jetpack_shortlink":"https:\/\/wp.me\/PaSzwI-7P","_links":{"self":[{"href":"https:\/\/sso2.com\/tr\/wp-json\/wp\/v2\/pages\/485","targetHints":{"allow":["GET"]}}],"collection":[{"href":"https:\/\/sso2.com\/tr\/wp-json\/wp\/v2\/pages"}],"about":[{"href":"https:\/\/sso2.com\/tr\/wp-json\/wp\/v2\/types\/page"}],"author":[{"embeddable":true,"href":"https:\/\/sso2.com\/tr\/wp-json\/wp\/v2\/users\/6"}],"replies":[{"embeddable":true,"href":"https:\/\/sso2.com\/tr\/wp-json\/wp\/v2\/comments?post=485"}],"version-history":[{"count":0,"href":"https:\/\/sso2.com\/tr\/wp-json\/wp\/v2\/pages\/485\/revisions"}],"wp:attachment":[{"href":"https:\/\/sso2.com\/tr\/wp-json\/wp\/v2\/media?parent=485"}],"curies":[{"name":"wp","href":"https:\/\/api.w.org\/{rel}","templated":true}]}}