{"id":388,"date":"2020-11-30T06:00:53","date_gmt":"2020-11-30T06:00:53","guid":{"rendered":"https:\/\/sso2.com\/?page_id=388"},"modified":"2025-11-20T11:13:57","modified_gmt":"2025-11-20T11:13:57","slug":"application-notes","status":"publish","type":"page","link":"https:\/\/sso2.com\/tr\/application-notes\/","title":{"rendered":"Uygulama Notlar\u0131"},"content":{"rendered":"\t\t<div data-elementor-type=\"wp-page\" data-elementor-id=\"388\" class=\"elementor elementor-388\" data-elementor-post-type=\"page\">\n\t\t\t\t\t\t<section class=\"elementor-section elementor-top-section elementor-element elementor-element-6be5ff37 elementor-section-items-stretch elementor-section-height-min-height elementor-section-boxed elementor-section-height-default\" data-id=\"6be5ff37\" data-element_type=\"section\" data-e-type=\"section\" data-settings=\"{&quot;background_background&quot;:&quot;classic&quot;}\">\n\t\t\t\t\t\t<div class=\"elementor-container elementor-column-gap-no\">\n\t\t\t\t\t<div class=\"elementor-column elementor-col-50 elementor-top-column elementor-element elementor-element-74c49356\" data-id=\"74c49356\" data-element_type=\"column\" data-e-type=\"column\">\n\t\t\t<div class=\"elementor-widget-wrap elementor-element-populated\">\n\t\t\t\t\t\t<section class=\"elementor-section elementor-inner-section elementor-element elementor-element-6deefccd elementor-section-boxed elementor-section-height-default elementor-section-height-default\" data-id=\"6deefccd\" data-element_type=\"section\" data-e-type=\"section\">\n\t\t\t\t\t\t<div class=\"elementor-container elementor-column-gap-no\">\n\t\t\t\t\t<div class=\"elementor-column elementor-col-100 elementor-inner-column elementor-element elementor-element-1f801522\" data-id=\"1f801522\" data-element_type=\"column\" data-e-type=\"column\">\n\t\t\t<div class=\"elementor-widget-wrap elementor-element-populated\">\n\t\t\t\t\t\t<div class=\"elementor-element elementor-element-7c06ff7f elementor-widget__width-auto elementor-widget elementor-widget-heading\" data-id=\"7c06ff7f\" data-element_type=\"widget\" data-e-type=\"widget\" data-widget_type=\"heading.default\">\n\t\t\t\t<div class=\"elementor-widget-container\">\n\t\t\t\t\t<div class=\"elementor-heading-title elementor-size-default\"><a href=\"https:\/\/sso2.com\/\">Home<\/a><\/div>\t\t\t\t<\/div>\n\t\t\t\t<\/div>\n\t\t\t\t<div class=\"elementor-element elementor-element-cf275fc elementor-widget__width-initial elementor-view-default elementor-widget elementor-widget-icon\" data-id=\"cf275fc\" data-element_type=\"widget\" data-e-type=\"widget\" data-widget_type=\"icon.default\">\n\t\t\t\t<div class=\"elementor-widget-container\">\n\t\t\t\t\t\t\t<div class=\"elementor-icon-wrapper\">\n\t\t\t<div class=\"elementor-icon\">\n\t\t\t<svg aria-hidden=\"true\" class=\"e-font-icon-svg e-fas-slash\" viewBox=\"0 0 640 512\" xmlns=\"http:\/\/www.w3.org\/2000\/svg\"><path d=\"M594.53 508.63L6.18 53.9c-6.97-5.42-8.23-15.47-2.81-22.45L23.01 6.18C28.43-.8 38.49-2.06 45.47 3.37L633.82 458.1c6.97 5.42 8.23 15.47 2.81 22.45l-19.64 25.27c-5.42 6.98-15.48 8.23-22.46 2.81z\"><\/path><\/svg>\t\t\t<\/div>\n\t\t<\/div>\n\t\t\t\t\t\t<\/div>\n\t\t\t\t<\/div>\n\t\t\t\t<div class=\"elementor-element elementor-element-45fa9c0c elementor-widget__width-auto elementor-widget elementor-widget-heading\" data-id=\"45fa9c0c\" data-element_type=\"widget\" data-e-type=\"widget\" data-widget_type=\"heading.default\">\n\t\t\t\t<div class=\"elementor-widget-container\">\n\t\t\t\t\t<div class=\"elementor-heading-title elementor-size-default\"><a href=\"#\">Application Notes<\/a><\/div>\t\t\t\t<\/div>\n\t\t\t\t<\/div>\n\t\t\t\t\t<\/div>\n\t\t<\/div>\n\t\t\t\t\t<\/div>\n\t\t<\/section>\n\t\t\t\t<section class=\"elementor-section elementor-inner-section elementor-element elementor-element-38a8f065 elementor-reverse-tablet elementor-reverse-mobile elementor-section-boxed elementor-section-height-default elementor-section-height-default\" data-id=\"38a8f065\" data-element_type=\"section\" data-e-type=\"section\">\n\t\t\t\t\t\t<div class=\"elementor-container elementor-column-gap-no\">\n\t\t\t\t\t<div class=\"elementor-column elementor-col-100 elementor-inner-column elementor-element elementor-element-52d29956\" data-id=\"52d29956\" data-element_type=\"column\" data-e-type=\"column\">\n\t\t\t<div class=\"elementor-widget-wrap elementor-element-populated\">\n\t\t\t\t\t\t<div class=\"elementor-element elementor-element-6ca22e1f elementor-widget elementor-widget-heading\" data-id=\"6ca22e1f\" data-element_type=\"widget\" data-e-type=\"widget\" data-widget_type=\"heading.default\">\n\t\t\t\t<div class=\"elementor-widget-container\">\n\t\t\t\t\t<h1 class=\"elementor-heading-title elementor-size-default\">Application Notes<\/h1>\t\t\t\t<\/div>\n\t\t\t\t<\/div>\n\t\t\t\t\t<\/div>\n\t\t<\/div>\n\t\t\t\t\t<\/div>\n\t\t<\/section>\n\t\t\t\t\t<\/div>\n\t\t<\/div>\n\t\t\t\t<div class=\"elementor-column elementor-col-50 elementor-top-column elementor-element elementor-element-139e8975\" data-id=\"139e8975\" data-element_type=\"column\" data-e-type=\"column\">\n\t\t\t<div class=\"elementor-widget-wrap elementor-element-populated\">\n\t\t\t\t\t\t<div class=\"elementor-element elementor-element-247c1c7d animated-fast elementor-invisible elementor-widget elementor-widget-image\" data-id=\"247c1c7d\" data-element_type=\"widget\" data-e-type=\"widget\" data-settings=\"{&quot;_animation&quot;:&quot;fadeInLeft&quot;,&quot;_animation_mobile&quot;:&quot;none&quot;}\" data-widget_type=\"image.default\">\n\t\t\t\t<div class=\"elementor-widget-container\">\n\t\t\t\t\t\t\t\t\t\t\t\t\t\t\t<img decoding=\"async\" width=\"164\" height=\"145\" src=\"https:\/\/i0.wp.com\/sso2.com\/wp-content\/uploads\/2019\/03\/application-notes-image.jpg?fit=164%2C145&amp;ssl=1\" class=\"attachment-full size-full wp-image-390\" alt=\"\" \/>\t\t\t\t\t\t\t\t\t\t\t\t\t\t\t<\/div>\n\t\t\t\t<\/div>\n\t\t\t\t\t<\/div>\n\t\t<\/div>\n\t\t\t\t\t<\/div>\n\t\t<\/section>\n\t\t<div class=\"elementor-element elementor-element-69b90830 e-flex e-con-boxed e-con e-parent\" data-id=\"69b90830\" data-element_type=\"container\" data-e-type=\"container\">\n\t\t\t\t\t<div class=\"e-con-inner\">\n\t\t\t\t<div class=\"elementor-element elementor-element-2bd4eb7 elementor-widget elementor-widget-heading\" data-id=\"2bd4eb7\" data-element_type=\"widget\" data-e-type=\"widget\" data-widget_type=\"heading.default\">\n\t\t\t\t<div class=\"elementor-widget-container\">\n\t\t\t\t\t<h2 class=\"elementor-heading-title elementor-size-default\">Why Application Notes Matter<\/h2>\t\t\t\t<\/div>\n\t\t\t\t<\/div>\n\t\t\t\t<div class=\"elementor-element elementor-element-2c2f09c0 elementor-widget elementor-widget-text-editor\" data-id=\"2c2f09c0\" data-element_type=\"widget\" data-e-type=\"widget\" data-widget_type=\"text-editor.default\">\n\t\t\t\t<div class=\"elementor-widget-container\">\n\t\t\t\t\t\t\t\t\t<p>At <strong data-start=\"1005\" data-end=\"1013\">SSO\u2082<\/strong>, our application notes provide practical insights into how oxygen sensors, O\u2082 analyzers, and gas monitors are used in real-world environments. These guides help engineers, safety professionals, and facility managers understand the best practices, risks, and system design considerations for different industrial and safety applications.<\/p>\t\t\t\t\t\t\t\t<\/div>\n\t\t\t\t<\/div>\n\t\t\t\t<div class=\"elementor-element elementor-element-a620769 elementor-widget elementor-widget-text-editor\" data-id=\"a620769\" data-element_type=\"widget\" data-e-type=\"widget\" data-widget_type=\"text-editor.default\">\n\t\t\t\t<div class=\"elementor-widget-container\">\n\t\t\t\t\t\t\t\t\t<h4 data-start=\"1391\" data-end=\"1429\"><strong data-start=\"1396\" data-end=\"1427\">Ambient Area Monitoring<\/strong><\/h4><p data-start=\"1430\" data-end=\"2077\">Oxygen concentration in normal air is about <strong data-start=\"1474\" data-end=\"1483\">20.9%<\/strong>, but in environments storing or using inert gases (like nitrogen or argon), this can drop to dangerous levels without warning. Humans cannot reliably sense low oxygen \u2014 so our application notes explain how to place <strong data-start=\"1699\" data-end=\"1729\">fixed ambient air monitors<\/strong> (such as the OMD-351 series) to provide early warning when oxygen falls below safe thresholds. <span class=\"\" data-state=\"closed\"><span class=\"ms-1 inline-flex max-w-full items-center relative top-[-0.094rem] animate-[show_150ms_ease-in]\" data-testid=\"webpage-citation-pill\"><a class=\"flex h-4.5 overflow-hidden rounded-xl px-2 text-[9px] font-medium transition-colors duration-150 ease-in-out text-token-text-secondary! bg-[#F4F4F4]! dark:bg-[#303030]!\" href=\"https:\/\/sso2.com\/\" target=\"_blank\" rel=\"noopener\"><span class=\"relative start-0 bottom-0 flex h-full w-full items-center\"><span class=\"flex h-4 w-full items-center justify-between overflow-hidden\"><span class=\"max-w-[15ch] grow truncate overflow-hidden text-center\">SSO2<\/span><\/span><\/span><\/a><\/span><\/span><br data-start=\"1862\" data-end=\"1865\" \/>We recommend mounting monitors <strong data-start=\"1896\" data-end=\"1923\">3\u20135 feet off the ground<\/strong> and keeping them <strong data-start=\"1941\" data-end=\"1977\">3\u20135 feet away from gas cylinders<\/strong>, with multiple units every <strong data-start=\"2005\" data-end=\"2020\">400\u2013600 ft\u00b2<\/strong> for full coverage. <span class=\"\" data-state=\"closed\"><span class=\"ms-1 inline-flex max-w-full items-center relative top-[-0.094rem] animate-[show_150ms_ease-in]\" data-testid=\"webpage-citation-pill\"><a class=\"flex h-4.5 overflow-hidden rounded-xl px-2 text-[9px] font-medium transition-colors duration-150 ease-in-out text-token-text-secondary! bg-[#F4F4F4]! dark:bg-[#303030]!\" href=\"https:\/\/sso2.com\/\" target=\"_blank\" rel=\"noopener\"><span class=\"relative start-0 bottom-0 flex h-full w-full items-center\"><span class=\"flex h-4 w-full items-center justify-between overflow-hidden\"><span class=\"max-w-[15ch] grow truncate overflow-hidden text-center\">SSO2<\/span><\/span><\/span><\/a><\/span><\/span><\/p><h4 data-start=\"2079\" data-end=\"2115\"><strong data-start=\"2084\" data-end=\"2113\">Confined Space Safety<\/strong><\/h4><p data-start=\"2116\" data-end=\"2553\">Confined spaces \u2014 like storage tanks, pits, and enclosed process vessels \u2014 often present serious oxygen-deficiency hazards. Our application notes outline how to use both <strong data-start=\"2286\" data-end=\"2324\">portable and fixed oxygen monitors<\/strong> to detect unsafe oxygen levels, deploy alarms, and integrate the devices into safety protocols. It is critical to ensure that oxygen levels are measured <em data-start=\"2478\" data-end=\"2486\">before<\/em> personnel enter and continuously monitored while they stay inside.<\/p>\t\t\t\t\t\t\t\t<\/div>\n\t\t\t\t<\/div>\n\t\t\t\t\t<\/div>\n\t\t\t\t<\/div>\n\t\t<div class=\"elementor-element elementor-element-42e3ef3 e-flex e-con-boxed e-con e-parent\" data-id=\"42e3ef3\" data-element_type=\"container\" data-e-type=\"container\">\n\t\t\t\t\t<div class=\"e-con-inner\">\n\t\t\t\t<div class=\"elementor-element elementor-element-2968c53 elementor-widget elementor-widget-text-editor\" data-id=\"2968c53\" data-element_type=\"widget\" data-e-type=\"widget\" data-widget_type=\"text-editor.default\">\n\t\t\t\t<div class=\"elementor-widget-container\">\n\t\t\t\t\t\t\t\t\t<p>We strive to support our customers with application-specific products and services. This database includes links to many of our recommended sensor and instrumentation solutions for specific industries, which provide an overview of our gas measurement solutions.<\/p><p><strong>Industrial Applications:<\/strong><\/p>\t\t\t\t\t\t\t\t<\/div>\n\t\t\t\t<\/div>\n\t\t\t\t<div class=\"elementor-element elementor-element-22bdb69 elementor-widget elementor-widget-text-editor\" data-id=\"22bdb69\" data-element_type=\"widget\" data-e-type=\"widget\" data-widget_type=\"text-editor.default\">\n\t\t\t\t<div class=\"elementor-widget-container\">\n\t\t\t\t\t\t\t\t\t<div class=\"msg-push cf\"><ul><li><a href=\"https:\/\/sso2.com\/application-notes\/bulk-industrial-gas-plants\/\">Bulk Industrial Gas Plants<\/a><\/li><li><a href=\"https:\/\/sso2.com\/application-notes\/psa-and-vpsa-processing\/\">PSA and VPSA Processing<\/a><\/li><li><a href=\"https:\/\/sso2.com\/application-notes\/combustion-control\/\">Combustion Control<\/a><\/li><li><a href=\"https:\/\/sso2.com\/application-notes\/petrochemical\/\">Petrochemical<\/a><\/li><li>Nuclear<\/li><li>Metals \/ Heat Treating<\/li><li><a href=\"https:\/\/sso2.com\/application-notes\/chemical-chemical-storage\/\">Chemical &amp; Chemical Storage<\/a><\/li><li><a href=\"https:\/\/sso2.com\/application-notes\/3d-printing\/\">3D Metal Printing<\/a><\/li><li>Aerospace &amp; Defense<\/li><li><a href=\"https:\/\/sso2.com\/application-notes\/natural-gas-extraction-processing\/\">Natural Gas Extraction &amp; Processing<\/a><\/li><li><a href=\"https:\/\/sso2.com\/application-notes\/coalbed-methane\/\">Coal Bed Methane<\/a><\/li><li><a href=\"https:\/\/sso2.com\/application-notes\/landfill-gas-monitoring-biogas\/\">Landfill Gas Monitoring \/ Biogas<\/a><\/li><li><a href=\"https:\/\/sso2.com\/application-notes\/inert-gloveboxes\/\">Inert Glovebox \/ Isolator<\/a><\/li><li>Light Bulb Manufacturing<\/li><li><a href=\"https:\/\/sso2.com\/application-notes\/semiconductor-manufacturing\/\">Semiconductor<\/a><\/li><li><a href=\"https:\/\/sso2.com\/application-notes\/ambient-area-monitoring\/\">Ambient Area Monitoring<\/a><\/li><li><a href=\"https:\/\/sso2.com\/application-notes\/welding\/\">Welding<\/a><\/li><li>Electronic Transformers<\/li><li><a href=\"https:\/\/sso2.com\/application-notes\/hydrogen-production\/\">Hydrogen Production<\/a><\/li><li><a href=\"https:\/\/sso2.com\/application-notes\/fiber-optic-research\/\">Fiber Optic Research<\/a><\/li><li><a href=\"https:\/\/sso2.com\/application-notes\/pharmaceutical\/\">Pharmaceutical<\/a><\/li><li><a href=\"https:\/\/sso2.com\/application-notes\/inert-gas-generators\/\">Inert Gas Generators<\/a><\/li><li><a href=\"https:\/\/sso2.com\/application-notes\/glass-and-window-manufacturing\/\">Glass &amp; Window Manufacturing<\/a><\/li><li><a href=\"https:\/\/sso2.com\/application-notes\/reflow-soldering\/\">Reflow Soldering<\/a><\/li><li><a href=\"https:\/\/sso2.com\/application-notes\/flare-stack-monitoring\/\">Flare Stack Monitoring<\/a><\/li><li><a href=\"https:\/\/sso2.com\/application-notes\/food-and-beverage\/\">Food &amp; Beverage<\/a><\/li><li><a href=\"https:\/\/sso2.com\/application-notes\/confined-space-monitoring\/\">Confined Space Monitoring<\/a><\/li><li><a href=\"https:\/\/sso2.com\/application-notes\/greenhouse-research\/\">Greenhouse Research<\/a><\/li><li>Coking Ovens<\/li><li>Environmental Monitoring<\/li><li>Bulk Transportation<\/li><li><a href=\"https:\/\/sso2.com\/application-notes\/steel-production\/\">Steel Production<\/a><\/li><li><a href=\"https:\/\/sso2.com\/application-notes\/hyperbaric-chambers\/\">Hyperbaric Chamber<\/a><\/li><li><a href=\"https:\/\/sso2.com\/application-notes\/smog-check-stations\/\">Smog Check Stations<\/a><\/li><li><a href=\"https:\/\/sso2.com\/application-notes\/ethylene-production\/\">Ethylene Production<\/a><\/li><li><a href=\"https:\/\/sso2.com\/application-notes\/co2-production\/\">CO2 production<\/a><\/li><li>Solar Energy<\/li><li><a href=\"https:\/\/sso2.com\/application-notes\/specialty-gases\/\">Specialty Gases<\/a><\/li><\/ul><\/div>\t\t\t\t\t\t\t\t<\/div>\n\t\t\t\t<\/div>\n\t\t\t\t<div class=\"elementor-element elementor-element-c33b979 elementor-widget elementor-widget-text-editor\" data-id=\"c33b979\" data-element_type=\"widget\" data-e-type=\"widget\" data-widget_type=\"text-editor.default\">\n\t\t\t\t<div class=\"elementor-widget-container\">\n\t\t\t\t\t\t\t\t\t<p><strong>Medical Applications:<\/strong><\/p>\t\t\t\t\t\t\t\t<\/div>\n\t\t\t\t<\/div>\n\t\t\t\t<div class=\"elementor-element elementor-element-2829979 elementor-widget elementor-widget-text-editor\" data-id=\"2829979\" data-element_type=\"widget\" data-e-type=\"widget\" data-widget_type=\"text-editor.default\">\n\t\t\t\t<div class=\"elementor-widget-container\">\n\t\t\t\t\t\t\t\t\t<ul>\n \t<li>Anesthesia<\/li>\n \t<li>Respiratory<\/li>\n \t<li>Pre-natal care<\/li>\n \t<li>Veterinary<\/li>\n \t<li>Animal Incubators<\/li>\n \t<li>Bulk Oxygen Delivery<\/li>\n<\/ul>\t\t\t\t\t\t\t\t<\/div>\n\t\t\t\t<\/div>\n\t\t\t\t\t<\/div>\n\t\t\t\t<\/div>\n\t\t\t\t<\/div>\n\t\t","protected":false},"excerpt":{"rendered":"<p>Home Why Application Notes Matter At SSO\u2082, our application notes provide practical insights into how oxygen sensors, O\u2082 analyzers, and gas monitors are used in real-world environments. These guides help engineers, safety professionals, and facility managers understand the best practices, risks, and system design considerations for different industrial and safety applications. Ambient Area Monitoring Oxygen [&hellip;]<\/p>\n","protected":false},"author":6,"featured_media":0,"parent":0,"menu_order":0,"comment_status":"closed","ping_status":"closed","template":"elementor_header_footer","meta":{"footnotes":""},"class_list":["post-388","page","type-page","status-publish","hentry"],"yoast_head":"<!-- This site is optimized with the Yoast SEO Premium plugin v27.2 (Yoast SEO v27.2) - https:\/\/yoast.com\/product\/yoast-seo-premium-wordpress\/ -->\n<title>Application Notes | Gas Analyzer Use Cases &amp; Technical Insights<\/title>\n<meta name=\"description\" content=\"Learn how SSO2 gas analyzers and oxygen sensors perform across industries. Explore practical applications and technical notes.\" \/>\n<meta name=\"robots\" content=\"index, follow, max-snippet:-1, max-image-preview:large, max-video-preview:-1\" \/>\n<link rel=\"canonical\" href=\"https:\/\/sso2.com\/tr\/application-notes\/\" \/>\n<meta property=\"og:locale\" content=\"tr_TR\" \/>\n<meta property=\"og:type\" content=\"article\" \/>\n<meta property=\"og:title\" content=\"Application Notes\" \/>\n<meta property=\"og:description\" content=\"Learn how SSO2 gas analyzers and oxygen sensors perform across industries. Explore practical applications and technical notes.\" \/>\n<meta property=\"og:url\" content=\"https:\/\/sso2.com\/tr\/application-notes\/\" \/>\n<meta property=\"og:site_name\" content=\"Southland Sensing Ltd.\" \/>\n<meta property=\"article:modified_time\" content=\"2025-11-20T11:13:57+00:00\" \/>\n<meta property=\"og:image\" content=\"https:\/\/sso2.com\/wp-content\/uploads\/2019\/03\/application-notes-image.jpg\" \/>\n<meta name=\"twitter:card\" content=\"summary_large_image\" \/>\n<meta name=\"twitter:label1\" content=\"Tahmini okuma s\u00fcresi\" \/>\n\t<meta name=\"twitter:data1\" content=\"2 dakika\" \/>\n<script type=\"application\/ld+json\" class=\"yoast-schema-graph\">{\"@context\":\"https:\/\/schema.org\",\"@graph\":[{\"@type\":\"WebPage\",\"@id\":\"https:\/\/sso2.com\/application-notes\/\",\"url\":\"https:\/\/sso2.com\/application-notes\/\",\"name\":\"Application Notes | Gas Analyzer Use Cases & Technical Insights\",\"isPartOf\":{\"@id\":\"https:\/\/sso2.com\/#website\"},\"primaryImageOfPage\":{\"@id\":\"https:\/\/sso2.com\/application-notes\/#primaryimage\"},\"image\":{\"@id\":\"https:\/\/sso2.com\/application-notes\/#primaryimage\"},\"thumbnailUrl\":\"https:\/\/sso2.com\/wp-content\/uploads\/2019\/03\/application-notes-image.jpg\",\"datePublished\":\"2020-11-30T06:00:53+00:00\",\"dateModified\":\"2025-11-20T11:13:57+00:00\",\"description\":\"Learn how SSO2 gas analyzers and oxygen sensors perform across industries. Explore practical applications and technical notes.\",\"breadcrumb\":{\"@id\":\"https:\/\/sso2.com\/application-notes\/#breadcrumb\"},\"inLanguage\":\"tr\",\"potentialAction\":[{\"@type\":\"ReadAction\",\"target\":[\"https:\/\/sso2.com\/application-notes\/\"]}]},{\"@type\":\"ImageObject\",\"inLanguage\":\"tr\",\"@id\":\"https:\/\/sso2.com\/application-notes\/#primaryimage\",\"url\":\"https:\/\/sso2.com\/wp-content\/uploads\/2019\/03\/application-notes-image.jpg\",\"contentUrl\":\"https:\/\/sso2.com\/wp-content\/uploads\/2019\/03\/application-notes-image.jpg\"},{\"@type\":\"BreadcrumbList\",\"@id\":\"https:\/\/sso2.com\/application-notes\/#breadcrumb\",\"itemListElement\":[{\"@type\":\"ListItem\",\"position\":1,\"name\":\"Home\",\"item\":\"https:\/\/sso2.com\/en\/\"},{\"@type\":\"ListItem\",\"position\":2,\"name\":\"Application Notes\"}]},{\"@type\":\"WebSite\",\"@id\":\"https:\/\/sso2.com\/#website\",\"url\":\"https:\/\/sso2.com\/\",\"name\":\"Southland Sensing Ltd.\",\"description\":\"Industrial &amp; Medical Gas Analyzers Oxygen CO\u2082, &amp; H\u2082 Monitors\",\"publisher\":{\"@id\":\"https:\/\/sso2.com\/#organization\"},\"alternateName\":\"SSO2\",\"potentialAction\":[{\"@type\":\"SearchAction\",\"target\":{\"@type\":\"EntryPoint\",\"urlTemplate\":\"https:\/\/sso2.com\/?s={search_term_string}\"},\"query-input\":{\"@type\":\"PropertyValueSpecification\",\"valueRequired\":true,\"valueName\":\"search_term_string\"}}],\"inLanguage\":\"tr\"},{\"@type\":\"Organization\",\"@id\":\"https:\/\/sso2.com\/#organization\",\"name\":\"Southland Sensing Ltd.\",\"alternateName\":\"SSO2\",\"url\":\"https:\/\/sso2.com\/\",\"logo\":{\"@type\":\"ImageObject\",\"inLanguage\":\"tr\",\"@id\":\"https:\/\/sso2.com\/#\/schema\/logo\/image\/\",\"url\":\"https:\/\/sso2.com\/wp-content\/uploads\/2025\/10\/sso2_300pixel.webp\",\"contentUrl\":\"https:\/\/sso2.com\/wp-content\/uploads\/2025\/10\/sso2_300pixel.webp\",\"width\":300,\"height\":50,\"caption\":\"Southland Sensing Ltd.\"},\"image\":{\"@id\":\"https:\/\/sso2.com\/#\/schema\/logo\/image\/\"},\"sameAs\":[\"https:\/\/www.linkedin.com\/company\/southland-sensing-ltd\/\"],\"description\":\"Southland Sensing Ltd. brings together superior performance, an improved user experience, and unmatched application expertise to deliver an accurate and reliable measurement solution. That\u2019s why multinationals, small companies and universities alike turn to us again and again.\",\"email\":\"sales@sso2.com\",\"telephone\":\"1-949-398-2879\",\"legalName\":\"Southland Sensing Ltd.\",\"foundingDate\":\"2013-01-01\",\"numberOfEmployees\":{\"@type\":\"QuantitativeValue\",\"minValue\":\"11\",\"maxValue\":\"50\"},\"publishingPrinciples\":\"https:\/\/sso2.com\/contact-us\/\",\"ownershipFundingInfo\":\"https:\/\/sso2.com\/about-us\/\",\"actionableFeedbackPolicy\":\"https:\/\/sso2.com\/contact-us\/\"}]}<\/script>\n<!-- \/ Yoast SEO Premium plugin. -->","yoast_head_json":{"title":"Uygulama Notlar\u0131 | Gaz Analiz Cihaz\u0131 Kullan\u0131m Alanlar\u0131 ve Teknik Bilgiler","description":"SSO2 gaz analiz\u00f6rlerinin ve oksijen sens\u00f6rlerinin \u00e7e\u015fitli sekt\u00f6rlerdeki performans\u0131n\u0131 \u00f6\u011frenin. Pratik uygulamalar\u0131 ve teknik notlar\u0131 inceleyin.","robots":{"index":"index","follow":"follow","max-snippet":"max-snippet:-1","max-image-preview":"max-image-preview:large","max-video-preview":"max-video-preview:-1"},"canonical":"https:\/\/sso2.com\/tr\/application-notes\/","og_locale":"tr_TR","og_type":"article","og_title":"Application Notes","og_description":"Learn how SSO2 gas analyzers and oxygen sensors perform across industries. Explore practical applications and technical notes.","og_url":"https:\/\/sso2.com\/tr\/application-notes\/","og_site_name":"Southland Sensing Ltd.","article_modified_time":"2025-11-20T11:13:57+00:00","og_image":[{"url":"https:\/\/sso2.com\/wp-content\/uploads\/2019\/03\/application-notes-image.jpg","type":"","width":"","height":""}],"twitter_card":"summary_large_image","twitter_misc":{"Tahmini okuma s\u00fcresi":"2 dakika"},"schema":{"@context":"https:\/\/schema.org","@graph":[{"@type":"WebPage","@id":"https:\/\/sso2.com\/application-notes\/","url":"https:\/\/sso2.com\/application-notes\/","name":"Uygulama Notlar\u0131 | Gaz Analiz Cihaz\u0131 Kullan\u0131m Alanlar\u0131 ve Teknik Bilgiler","isPartOf":{"@id":"https:\/\/sso2.com\/#website"},"primaryImageOfPage":{"@id":"https:\/\/sso2.com\/application-notes\/#primaryimage"},"image":{"@id":"https:\/\/sso2.com\/application-notes\/#primaryimage"},"thumbnailUrl":"https:\/\/sso2.com\/wp-content\/uploads\/2019\/03\/application-notes-image.jpg","datePublished":"2020-11-30T06:00:53+00:00","dateModified":"2025-11-20T11:13:57+00:00","description":"SSO2 gaz analiz\u00f6rlerinin ve oksijen sens\u00f6rlerinin \u00e7e\u015fitli sekt\u00f6rlerdeki performans\u0131n\u0131 \u00f6\u011frenin. Pratik uygulamalar\u0131 ve teknik notlar\u0131 inceleyin.","breadcrumb":{"@id":"https:\/\/sso2.com\/application-notes\/#breadcrumb"},"inLanguage":"tr","potentialAction":[{"@type":"ReadAction","target":["https:\/\/sso2.com\/application-notes\/"]}]},{"@type":"ImageObject","inLanguage":"tr","@id":"https:\/\/sso2.com\/application-notes\/#primaryimage","url":"https:\/\/sso2.com\/wp-content\/uploads\/2019\/03\/application-notes-image.jpg","contentUrl":"https:\/\/sso2.com\/wp-content\/uploads\/2019\/03\/application-notes-image.jpg"},{"@type":"BreadcrumbList","@id":"https:\/\/sso2.com\/application-notes\/#breadcrumb","itemListElement":[{"@type":"ListItem","position":1,"name":"Home","item":"https:\/\/sso2.com\/en\/"},{"@type":"ListItem","position":2,"name":"Application Notes"}]},{"@type":"WebSite","@id":"https:\/\/sso2.com\/#website","url":"https:\/\/sso2.com\/","name":"Southland Sensing Ltd.","description":"Industrial &amp; Medical Gas Analyzers Oxygen CO\u2082, &amp; H\u2082 Monitors","publisher":{"@id":"https:\/\/sso2.com\/#organization"},"alternateName":"SSO2","potentialAction":[{"@type":"SearchAction","target":{"@type":"EntryPoint","urlTemplate":"https:\/\/sso2.com\/?s={search_term_string}"},"query-input":{"@type":"PropertyValueSpecification","valueRequired":true,"valueName":"search_term_string"}}],"inLanguage":"tr"},{"@type":"Organization","@id":"https:\/\/sso2.com\/#organization","name":"Southland Sensing Ltd.","alternateName":"SSO2","url":"https:\/\/sso2.com\/","logo":{"@type":"ImageObject","inLanguage":"tr","@id":"https:\/\/sso2.com\/#\/schema\/logo\/image\/","url":"https:\/\/sso2.com\/wp-content\/uploads\/2025\/10\/sso2_300pixel.webp","contentUrl":"https:\/\/sso2.com\/wp-content\/uploads\/2025\/10\/sso2_300pixel.webp","width":300,"height":50,"caption":"Southland Sensing Ltd."},"image":{"@id":"https:\/\/sso2.com\/#\/schema\/logo\/image\/"},"sameAs":["https:\/\/www.linkedin.com\/company\/southland-sensing-ltd\/"],"description":"Southland Sensing Ltd. brings together superior performance, an improved user experience, and unmatched application expertise to deliver an accurate and reliable measurement solution. That\u2019s why multinationals, small companies and universities alike turn to us again and again.","email":"sales@sso2.com","telephone":"1-949-398-2879","legalName":"Southland Sensing Ltd.","foundingDate":"2013-01-01","numberOfEmployees":{"@type":"QuantitativeValue","minValue":"11","maxValue":"50"},"publishingPrinciples":"https:\/\/sso2.com\/contact-us\/","ownershipFundingInfo":"https:\/\/sso2.com\/about-us\/","actionableFeedbackPolicy":"https:\/\/sso2.com\/contact-us\/"}]}},"jetpack_sharing_enabled":true,"jetpack_shortlink":"https:\/\/wp.me\/PaSzwI-6g","_links":{"self":[{"href":"https:\/\/sso2.com\/tr\/wp-json\/wp\/v2\/pages\/388","targetHints":{"allow":["GET"]}}],"collection":[{"href":"https:\/\/sso2.com\/tr\/wp-json\/wp\/v2\/pages"}],"about":[{"href":"https:\/\/sso2.com\/tr\/wp-json\/wp\/v2\/types\/page"}],"author":[{"embeddable":true,"href":"https:\/\/sso2.com\/tr\/wp-json\/wp\/v2\/users\/6"}],"replies":[{"embeddable":true,"href":"https:\/\/sso2.com\/tr\/wp-json\/wp\/v2\/comments?post=388"}],"version-history":[{"count":0,"href":"https:\/\/sso2.com\/tr\/wp-json\/wp\/v2\/pages\/388\/revisions"}],"wp:attachment":[{"href":"https:\/\/sso2.com\/tr\/wp-json\/wp\/v2\/media?parent=388"}],"curies":[{"name":"wp","href":"https:\/\/api.w.org\/{rel}","templated":true}]}}