{"id":2453,"date":"2024-02-08T01:36:27","date_gmt":"2024-02-08T01:36:27","guid":{"rendered":"https:\/\/sso2.com\/?page_id=2453"},"modified":"2025-10-10T18:05:12","modified_gmt":"2025-10-10T18:05:12","slug":"replacement-guide","status":"publish","type":"page","link":"https:\/\/sso2.com\/tr\/replacement-guide\/","title":{"rendered":"Yak\u0131t Pili Oksijen Sens\u00f6rleri i\u00e7in End\u00fcstriyel De\u011fi\u015ftirme K\u0131lavuzu"},"content":{"rendered":"<div data-elementor-type=\"wp-page\" data-elementor-id=\"2453\" class=\"elementor elementor-2453\" data-elementor-post-type=\"page\">\n\t\t\t\t\t\t<section class=\"elementor-section elementor-top-section elementor-element elementor-element-55e6e41b elementor-section-items-stretch elementor-section-height-min-height elementor-section-boxed elementor-section-height-default\" data-id=\"55e6e41b\" data-element_type=\"section\" data-e-type=\"section\" data-settings=\"{&quot;background_background&quot;:&quot;classic&quot;}\">\n\t\t\t\t\t\t<div class=\"elementor-container elementor-column-gap-no\">\n\t\t\t\t\t<div class=\"elementor-column elementor-col-50 elementor-top-column elementor-element elementor-element-2860322\" data-id=\"2860322\" data-element_type=\"column\" data-e-type=\"column\">\n\t\t\t<div class=\"elementor-widget-wrap elementor-element-populated\">\n\t\t\t\t\t\t<section class=\"elementor-section elementor-inner-section elementor-element elementor-element-9b76fe7 elementor-section-boxed elementor-section-height-default elementor-section-height-default\" data-id=\"9b76fe7\" data-element_type=\"section\" data-e-type=\"section\">\n\t\t\t\t\t\t<div class=\"elementor-container elementor-column-gap-no\">\n\t\t\t\t\t<div class=\"elementor-column elementor-col-100 elementor-inner-column elementor-element elementor-element-60b7c5b1\" data-id=\"60b7c5b1\" data-element_type=\"column\" data-e-type=\"column\">\n\t\t\t<div class=\"elementor-widget-wrap elementor-element-populated\">\n\t\t\t\t\t\t<div class=\"elementor-element elementor-element-40dbaaaf elementor-widget__width-auto elementor-widget elementor-widget-heading\" data-id=\"40dbaaaf\" data-element_type=\"widget\" data-e-type=\"widget\" data-widget_type=\"heading.default\">\n\t\t\t\t<div class=\"elementor-widget-container\">\n\t\t\t\t\t<div class=\"elementor-heading-title elementor-size-default\"><a href=\"https:\/\/sso2.com\/tr\/\">Ev<\/a><\/div>\t\t\t\t<\/div>\n\t\t\t\t<\/div>\n\t\t\t\t<div class=\"elementor-element elementor-element-6ad1243a elementor-widget__width-initial elementor-view-default elementor-widget elementor-widget-icon\" data-id=\"6ad1243a\" data-element_type=\"widget\" data-e-type=\"widget\" data-widget_type=\"icon.default\">\n\t\t\t\t<div class=\"elementor-widget-container\">\n\t\t\t\t\t\t\t<div class=\"elementor-icon-wrapper\">\n\t\t\t<div class=\"elementor-icon\">\n\t\t\t<svg aria-hidden=\"true\" class=\"e-font-icon-svg e-fas-slash\" viewbox=\"0 0 640 512\" xmlns=\"http:\/\/www.w3.org\/2000\/svg\"><path d=\"M594.53 508.63L6.18 53.9c-6.97-5.42-8.23-15.47-2.81-22.45L23.01 6.18C28.43-.8 38.49-2.06 45.47 3.37L633.82 458.1c6.97 5.42 8.23 15.47 2.81 22.45l-19.64 25.27c-5.42 6.98-15.48 8.23-22.46 2.81z\"><\/path><\/svg>\t\t\t<\/div>\n\t\t<\/div>\n\t\t\t\t\t\t<\/div>\n\t\t\t\t<\/div>\n\t\t\t\t<div class=\"elementor-element elementor-element-2d92ac4 elementor-widget__width-auto elementor-widget elementor-widget-heading\" data-id=\"2d92ac4\" data-element_type=\"widget\" data-e-type=\"widget\" data-widget_type=\"heading.default\">\n\t\t\t\t<div class=\"elementor-widget-container\">\n\t\t\t\t\t<div class=\"elementor-heading-title elementor-size-default\"><a href=\"#\">Yak\u0131t Pili Oksijen Sens\u00f6rleri i\u00e7in End\u00fcstriyel De\u011fi\u015ftirme K\u0131lavuzu<\/a><\/div>\t\t\t\t<\/div>\n\t\t\t\t<\/div>\n\t\t\t\t\t<\/div>\n\t\t<\/div>\n\t\t\t\t\t<\/div>\n\t\t<\/section>\n\t\t\t\t<section class=\"elementor-section elementor-inner-section elementor-element elementor-element-24094e28 elementor-reverse-tablet elementor-reverse-mobile elementor-section-boxed elementor-section-height-default elementor-section-height-default\" data-id=\"24094e28\" data-element_type=\"section\" data-e-type=\"section\">\n\t\t\t\t\t\t<div class=\"elementor-container elementor-column-gap-no\">\n\t\t\t\t\t<div class=\"elementor-column elementor-col-100 elementor-inner-column elementor-element elementor-element-97f1540\" data-id=\"97f1540\" data-element_type=\"column\" data-e-type=\"column\">\n\t\t\t<div class=\"elementor-widget-wrap elementor-element-populated\">\n\t\t\t\t\t\t<div class=\"elementor-element elementor-element-5e1bb6a5 elementor-widget elementor-widget-heading\" data-id=\"5e1bb6a5\" data-element_type=\"widget\" data-e-type=\"widget\" data-widget_type=\"heading.default\">\n\t\t\t\t<div class=\"elementor-widget-container\">\n\t\t\t\t\t<h1 class=\"elementor-heading-title elementor-size-default\">Yak\u0131t Pili Oksijen Sens\u00f6rleri i\u00e7in End\u00fcstriyel De\u011fi\u015ftirme K\u0131lavuzu<\/h1>\t\t\t\t<\/div>\n\t\t\t\t<\/div>\n\t\t\t\t\t<\/div>\n\t\t<\/div>\n\t\t\t\t\t<\/div>\n\t\t<\/section>\n\t\t\t\t\t<\/div>\n\t\t<\/div>\n\t\t\t\t<div class=\"elementor-column elementor-col-50 elementor-top-column elementor-element elementor-element-140935f6\" data-id=\"140935f6\" data-element_type=\"column\" data-e-type=\"column\">\n\t\t\t<div class=\"elementor-widget-wrap elementor-element-populated\">\n\t\t\t\t\t\t<div class=\"elementor-element elementor-element-b298db0 animated-fast elementor-invisible elementor-widget elementor-widget-image\" data-id=\"b298db0\" data-element_type=\"widget\" data-e-type=\"widget\" data-settings=\"{&quot;_animation&quot;:&quot;fadeInLeft&quot;,&quot;_animation_mobile&quot;:&quot;none&quot;}\" data-widget_type=\"image.default\">\n\t\t\t\t<div class=\"elementor-widget-container\">\n\t\t\t\t\t\t\t\t\t\t\t\t\t\t\t<img decoding=\"async\" width=\"2560\" height=\"1707\" src=\"https:\/\/i0.wp.com\/sso2.com\/wp-content\/uploads\/2021\/02\/oil_gas_processing_facility-scaled.jpg?fit=2560%2C1707&amp;ssl=1\" class=\"attachment-full size-full wp-image-1310\" alt=\"\" srcset=\"https:\/\/i0.wp.com\/sso2.com\/wp-content\/uploads\/2021\/02\/oil_gas_processing_facility-scaled.jpg?w=2560&amp;ssl=1 2560w, https:\/\/i0.wp.com\/sso2.com\/wp-content\/uploads\/2021\/02\/oil_gas_processing_facility-scaled.jpg?resize=300%2C200&amp;ssl=1 300w, https:\/\/i0.wp.com\/sso2.com\/wp-content\/uploads\/2021\/02\/oil_gas_processing_facility-scaled.jpg?resize=1024%2C683&amp;ssl=1 1024w, https:\/\/i0.wp.com\/sso2.com\/wp-content\/uploads\/2021\/02\/oil_gas_processing_facility-scaled.jpg?resize=768%2C512&amp;ssl=1 768w, https:\/\/i0.wp.com\/sso2.com\/wp-content\/uploads\/2021\/02\/oil_gas_processing_facility-scaled.jpg?resize=600%2C400&amp;ssl=1 600w, https:\/\/i0.wp.com\/sso2.com\/wp-content\/uploads\/2021\/02\/oil_gas_processing_facility-scaled.jpg?w=1600&amp;ssl=1 1600w, https:\/\/i0.wp.com\/sso2.com\/wp-content\/uploads\/2021\/02\/oil_gas_processing_facility-scaled.jpg?w=2400&amp;ssl=1 2400w\" sizes=\"(max-width: 800px) 100vw, 800px\" \/>\t\t\t\t\t\t\t\t\t\t\t\t\t\t\t<\/div>\n\t\t\t\t<\/div>\n\t\t\t\t\t<\/div>\n\t\t<\/div>\n\t\t\t\t\t<\/div>\n\t\t<\/section>\n\t\t\t\t<section class=\"elementor-section elementor-top-section elementor-element elementor-element-296d2ac8 elementor-section-boxed elementor-section-height-default elementor-section-height-default\" data-id=\"296d2ac8\" data-element_type=\"section\" data-e-type=\"section\">\n\t\t\t\t\t\t<div class=\"elementor-container elementor-column-gap-no\">\n\t\t\t\t\t<div class=\"elementor-column elementor-col-100 elementor-top-column elementor-element elementor-element-679813d6\" data-id=\"679813d6\" data-element_type=\"column\" data-e-type=\"column\">\n\t\t\t<div class=\"elementor-widget-wrap elementor-element-populated\">\n\t\t\t\t\t\t<section class=\"elementor-section elementor-inner-section elementor-element elementor-element-73afd15f elementor-section-full_width elementor-section-height-default elementor-section-height-default\" data-id=\"73afd15f\" data-element_type=\"section\" data-e-type=\"section\">\n\t\t\t\t\t\t<div class=\"elementor-container elementor-column-gap-no\">\n\t\t\t\t\t<div class=\"elementor-column elementor-col-100 elementor-inner-column elementor-element elementor-element-484e3c0a animated-fast elementor-invisible\" data-id=\"484e3c0a\" data-element_type=\"column\" data-e-type=\"column\" data-settings=\"{&quot;animation&quot;:&quot;fadeInUp&quot;,&quot;animation_delay&quot;:700}\">\n\t\t\t<div class=\"elementor-widget-wrap elementor-element-populated\">\n\t\t\t\t\t\t<div class=\"elementor-element elementor-element-17440685 elementor-widget__width-inherit elementor-widget elementor-widget-heading\" data-id=\"17440685\" data-element_type=\"widget\" data-e-type=\"widget\" data-widget_type=\"heading.default\">\n\t\t\t\t<div class=\"elementor-widget-container\">\n\t\t\t\t\t<h2 class=\"elementor-heading-title elementor-size-default\">Southland Sensing Ltd'nin Rekabet\u00e7i Sens\u00f6rler i\u00e7in End\u00fcstriyel Do\u011frudan Ge\u00e7meli Yedek E\u015fde\u011ferleri<\/h2>\t\t\t\t<\/div>\n\t\t\t\t<\/div>\n\t\t\t\t<div class=\"elementor-element elementor-element-6f239f41 elementor-widget elementor-widget-text-editor\" data-id=\"6f239f41\" data-element_type=\"widget\" data-e-type=\"widget\" data-widget_type=\"text-editor.default\">\n\t\t\t\t<div class=\"elementor-widget-container\">\n\t\t\t\t\t\t\t\t\t<p>Southland Sensing Ltd'de, end\u00fcstriyel oksijen sens\u00f6rleri s\u00f6z konusu oldu\u011funda uyumlu ve \/ veya alternatif \u00e7\u00f6z\u00fcmler bulman\u0131n \u00f6nemini anl\u0131yoruz. Belki de mevcut sens\u00f6r\u00fcn\u00fcz\u00fcn performans\u0131ndan memnun de\u011filsiniz, daha uzun \u00f6m\u00fcrl\u00fc bir \u015fey ar\u0131yorsunuz veya kolayca bulunabilen bir alternatif ar\u0131yorsunuz. Uygulamalar\u0131n\u0131zda Teledyne, Analytical Industries, Panametrics, Advanced Micro Instruments veya di\u011fer tedarik\u00e7ileri kullanm\u0131\u015f olsan\u0131z da, \u00f6zel gereksinimlerinizi kar\u015f\u0131lamak i\u00e7in bir dizi do\u011frudan tak\u0131labilir yedek par\u00e7a sunuyoruz. Y\u00fcksek kalite, ola\u011fan\u00fcst\u00fc performans ve e\u015fsiz de\u011fer sunma taahh\u00fcd\u00fcm\u00fcz, ihtiya\u00e7lar\u0131n\u0131z i\u00e7in m\u00fckemmel uyumu bulman\u0131z\u0131 sa\u011flar ve \u00e7o\u011fu sens\u00f6r\u00fc sipari\u015f ald\u0131\u011f\u0131m\u0131z g\u00fcn g\u00f6nderebiliriz.<\/p><p>Uzman ekibimiz, kat\u0131 kalite standartlar\u0131m\u0131z\u0131 (IS09001 ve ISO13485 Sertifikal\u0131y\u0131z) kar\u015f\u0131lamak i\u00e7in her \u00fcr\u00fcn\u00fc dikkatle se\u00e7er ve test eder. Kalitenin m\u00fc\u015fterilerimiz i\u00e7in \u00e7ok \u00f6nemli oldu\u011funu biliyoruz ve \u00e7apraz referans sayfam\u0131zda listelenen her \u00fcr\u00fcn\u00fcn e\u015fde\u011fer sens\u00f6r\u00fcn\u00fc kar\u015f\u0131lad\u0131\u011f\u0131ndan veya a\u015ft\u0131\u011f\u0131ndan emin oluyoruz.<\/p><p>\u015eu anda sahip oldu\u011funuz \u00fcreticiye bak\u0131n, sens\u00f6r\u00fcn\u00fcz i\u00e7in bir \u00e7apraz referans g\u00f6remiyorsan\u0131z, bize bir not b\u0131rak\u0131n ve uyumlulu\u011fu kontrol edebiliriz.<\/p>\t\t\t\t\t\t\t\t<\/div>\n\t\t\t\t<\/div>\n\t\t\t\t\t<\/div>\n\t\t<\/div>\n\t\t\t\t\t<\/div>\n\t\t<\/section>\n\t\t\t\t\t<\/div>\n\t\t<\/div>\n\t\t\t\t\t<\/div>\n\t\t<\/section>\n\t\t<div class=\"elementor-element elementor-element-e7c1481 e-flex e-con-boxed e-con e-parent\" data-id=\"e7c1481\" data-element_type=\"container\" data-e-type=\"container\">\n\t\t\t\t\t<div class=\"e-con-inner\">\n\t\t\t\t<div class=\"elementor-element elementor-element-bf04f70 elementor-widget elementor-widget-shortcode\" data-id=\"bf04f70\" data-element_type=\"widget\" data-e-type=\"widget\" data-widget_type=\"shortcode.default\">\n\t\t\t\t<div class=\"elementor-widget-container\">\n\t\t\t\t\t\t\t<div class=\"elementor-shortcode\"><div id=\"tablesome__container\" data-table-id=\"2481\" class=\"tablesome__container tablesome__container--2481  tablesome__container--read-only tablesome__customstyle fit-to-container scroll-mode min-column-width max-column-width serialNumberColumn stickyFirstColumn disable_filter sm-disable_filter\" data-exclude-column-ids=\"\" data-page-limit=\"50\"><div class=\"tablesome-border tablesome-border-solid tablesome-border-slate-200 tablesome-rounded-sm tablesome-p-4  tablesome-w-full tablesome-mx-auto tablesome-my-6\">\n                <div class=\"tablesome-animate-pulse tablesome-space-y-4\">\n                    <div class=\"tablesome-flex tablesome-gap-4 tablesome-justify-end\" >\n                        <div class=\"tablesome-h-7 tablesome-w-40 tablesome-bg-slate-200 tablesome-rounded tablesome-col-span-1\"><\/div>\n                        <div class=\"tablesome-h-7 tablesome-w-20 tablesome-bg-slate-200 tablesome-rounded tablesome-col-span-2\"><\/div>\n                    <\/div>\n                    <div class=\"tablesome-h-7 tablesome-bg-slate-200 tablesome-rounded tablesome-col-span-1\"><\/div>\n\n                    <div class=\"tablesome-grid tablesome-grid-cols-4 tablesome-gap-4\">\n                    <div class=\"tablesome-h-6 tablesome-bg-slate-200 tablesome-rounded tablesome-col-span-1\"><\/div>\n                    <div class=\"tablesome-h-6 tablesome-bg-slate-200 tablesome-rounded tablesome-col-span-1\"><\/div>\n                    <div class=\"tablesome-h-6 tablesome-bg-slate-200 tablesome-rounded tablesome-col-span-1\"><\/div>\n                    <div class=\"tablesome-h-6 tablesome-bg-slate-200 tablesome-rounded tablesome-col-span-1\"><\/div>\n                    <\/div>\n\n                    <div class=\"tablesome-grid tablesome-grid-cols-4 tablesome-gap-4\">\n                    <div class=\"tablesome-h-6 tablesome-bg-slate-200 tablesome-rounded tablesome-col-span-1\"><\/div>\n                    <div class=\"tablesome-h-6 tablesome-bg-slate-200 tablesome-rounded tablesome-col-span-1\"><\/div>\n                    <div class=\"tablesome-h-6 tablesome-bg-slate-200 tablesome-rounded tablesome-col-span-1\"><\/div>\n                    <div class=\"tablesome-h-6 tablesome-bg-slate-200 tablesome-rounded tablesome-col-span-1\"><\/div>\n                    <\/div>\n\n                    <div class=\"tablesome-grid tablesome-grid-cols-4 tablesome-gap-4\">\n                    <div class=\"tablesome-h-6 tablesome-bg-slate-200 tablesome-rounded tablesome-col-span-1\"><\/div>\n                    <div class=\"tablesome-h-6 tablesome-bg-slate-200 tablesome-rounded tablesome-col-span-1\"><\/div>\n                    <div class=\"tablesome-h-6 tablesome-bg-slate-200 tablesome-rounded tablesome-col-span-1\"><\/div>\n                    <div class=\"tablesome-h-6 tablesome-bg-slate-200 tablesome-rounded tablesome-col-span-1\"><\/div>\n                    <\/div>\n\n                    <div class=\"tablesome-flex tablesome-gap-4 tablesome-max-w-sm tablesome-mx-auto tablesome-justify-center\">\n                    <div class=\"tablesome-h-5 tablesome-w-5 tablesome-bg-slate-200 tablesome-rounded tablesome-col-span-1\"><\/div>\n                    <div class=\"tablesome-h-5 tablesome-w-5 tablesome-bg-slate-200 tablesome-rounded tablesome-col-span-1\"><\/div>\n                    <div class=\"tablesome-h-5 tablesome-w-5 tablesome-bg-slate-200 tablesome-rounded tablesome-col-span-1\"><\/div>\n                    <div class=\"tablesome-h-5 tablesome-w-5 tablesome-bg-slate-200 tablesome-rounded tablesome-col-span-1\"><\/div>\n                    <div class=\"tablesome-h-5 tablesome-w-5 tablesome-bg-slate-200 tablesome-rounded tablesome-col-span-1\"><\/div>\n                    <div class=\"tablesome-h-5 tablesome-w-5 tablesome-bg-slate-200 tablesome-rounded tablesome-col-span-1\"><\/div>\n                    <\/div>\n                <\/div>\n            <\/div><\/div><\/div>\n\t\t\t\t\t\t<\/div>\n\t\t\t\t<\/div>\n\t\t\t\t\t<\/div>\n\t\t\t\t<\/div>\n\t\t\t\t<\/div>","protected":false},"excerpt":{"rendered":"<p>Home Southland Sensing Ltd&#8217;s Industrial Direct-Fit Drop in Replacement Equivalents for Competitive Sensors At Southland Sensing Ltd, we understand the importance of finding compatible and or alternative solutions when it comes to industrial oxygen sensors. Perhaps you are not happy with the performance of your current sensor, are looking for something with a longer life [&hellip;]<\/p>\n","protected":false},"author":6,"featured_media":0,"parent":0,"menu_order":0,"comment_status":"closed","ping_status":"closed","template":"elementor_header_footer","meta":{"footnotes":""},"class_list":["post-2453","page","type-page","status-publish","hentry"],"yoast_head":"<!-- This site is optimized with the Yoast SEO Premium plugin v27.2 (Yoast SEO v27.2) - https:\/\/yoast.com\/product\/yoast-seo-premium-wordpress\/ -->\n<title>Industrial Replacement Guide | Compatible Oxygen Sensor &amp; Parts<\/title>\n<meta name=\"description\" content=\"Find compatible oxygen sensors and replacement parts for industrial analyzers. SSO2 helps you maintain consistent gas measurement performance.\" \/>\n<meta name=\"robots\" content=\"index, follow, max-snippet:-1, max-image-preview:large, max-video-preview:-1\" \/>\n<link rel=\"canonical\" href=\"https:\/\/sso2.com\/tr\/replacement-guide\/\" \/>\n<meta property=\"og:locale\" content=\"tr_TR\" \/>\n<meta property=\"og:type\" content=\"article\" \/>\n<meta property=\"og:title\" content=\"Industrial Replacement Guide for Fuel Cell Oxygen Sensors\" \/>\n<meta property=\"og:description\" content=\"Find compatible oxygen sensors and replacement parts for industrial analyzers. SSO2 helps you maintain consistent gas measurement performance.\" \/>\n<meta property=\"og:url\" content=\"https:\/\/sso2.com\/tr\/replacement-guide\/\" \/>\n<meta property=\"og:site_name\" content=\"Southland Sensing Ltd.\" \/>\n<meta property=\"article:modified_time\" content=\"2025-10-10T18:05:12+00:00\" \/>\n<meta property=\"og:image\" content=\"https:\/\/sso2.com\/wp-content\/uploads\/2021\/02\/oil_gas_processing_facility-scaled.jpg\" \/>\n<meta name=\"twitter:card\" content=\"summary_large_image\" \/>\n<meta name=\"twitter:label1\" content=\"Tahmini okuma s\u00fcresi\" \/>\n\t<meta name=\"twitter:data1\" content=\"2 dakika\" \/>\n<script type=\"application\/ld+json\" class=\"yoast-schema-graph\">{\"@context\":\"https:\/\/schema.org\",\"@graph\":[{\"@type\":\"WebPage\",\"@id\":\"https:\/\/sso2.com\/replacement-guide\/\",\"url\":\"https:\/\/sso2.com\/replacement-guide\/\",\"name\":\"Industrial Replacement Guide | Compatible Oxygen Sensor & Parts\",\"isPartOf\":{\"@id\":\"https:\/\/sso2.com\/#website\"},\"primaryImageOfPage\":{\"@id\":\"https:\/\/sso2.com\/replacement-guide\/#primaryimage\"},\"image\":{\"@id\":\"https:\/\/sso2.com\/replacement-guide\/#primaryimage\"},\"thumbnailUrl\":\"https:\/\/sso2.com\/wp-content\/uploads\/2021\/02\/oil_gas_processing_facility-scaled.jpg\",\"datePublished\":\"2024-02-08T01:36:27+00:00\",\"dateModified\":\"2025-10-10T18:05:12+00:00\",\"description\":\"Find compatible oxygen sensors and replacement parts for industrial analyzers. SSO2 helps you maintain consistent gas measurement performance.\",\"breadcrumb\":{\"@id\":\"https:\/\/sso2.com\/replacement-guide\/#breadcrumb\"},\"inLanguage\":\"tr\",\"potentialAction\":[{\"@type\":\"ReadAction\",\"target\":[\"https:\/\/sso2.com\/replacement-guide\/\"]}]},{\"@type\":\"ImageObject\",\"inLanguage\":\"tr\",\"@id\":\"https:\/\/sso2.com\/replacement-guide\/#primaryimage\",\"url\":\"https:\/\/sso2.com\/wp-content\/uploads\/2021\/02\/oil_gas_processing_facility-scaled.jpg\",\"contentUrl\":\"https:\/\/sso2.com\/wp-content\/uploads\/2021\/02\/oil_gas_processing_facility-scaled.jpg\"},{\"@type\":\"BreadcrumbList\",\"@id\":\"https:\/\/sso2.com\/replacement-guide\/#breadcrumb\",\"itemListElement\":[{\"@type\":\"ListItem\",\"position\":1,\"name\":\"Home\",\"item\":\"https:\/\/sso2.com\/en\/\"},{\"@type\":\"ListItem\",\"position\":2,\"name\":\"Industrial Replacement Guide for Fuel Cell Oxygen Sensors\"}]},{\"@type\":\"WebSite\",\"@id\":\"https:\/\/sso2.com\/#website\",\"url\":\"https:\/\/sso2.com\/\",\"name\":\"Southland Sensing Ltd.\",\"description\":\"Industrial &amp; Medical Gas Analyzers Oxygen CO\u2082, &amp; H\u2082 Monitors\",\"publisher\":{\"@id\":\"https:\/\/sso2.com\/#organization\"},\"alternateName\":\"SSO2\",\"potentialAction\":[{\"@type\":\"SearchAction\",\"target\":{\"@type\":\"EntryPoint\",\"urlTemplate\":\"https:\/\/sso2.com\/?s={search_term_string}\"},\"query-input\":{\"@type\":\"PropertyValueSpecification\",\"valueRequired\":true,\"valueName\":\"search_term_string\"}}],\"inLanguage\":\"tr\"},{\"@type\":\"Organization\",\"@id\":\"https:\/\/sso2.com\/#organization\",\"name\":\"Southland Sensing Ltd.\",\"alternateName\":\"SSO2\",\"url\":\"https:\/\/sso2.com\/\",\"logo\":{\"@type\":\"ImageObject\",\"inLanguage\":\"tr\",\"@id\":\"https:\/\/sso2.com\/#\/schema\/logo\/image\/\",\"url\":\"https:\/\/sso2.com\/wp-content\/uploads\/2025\/10\/sso2_300pixel.webp\",\"contentUrl\":\"https:\/\/sso2.com\/wp-content\/uploads\/2025\/10\/sso2_300pixel.webp\",\"width\":300,\"height\":50,\"caption\":\"Southland Sensing Ltd.\"},\"image\":{\"@id\":\"https:\/\/sso2.com\/#\/schema\/logo\/image\/\"},\"sameAs\":[\"https:\/\/www.linkedin.com\/company\/southland-sensing-ltd\/\"],\"description\":\"Southland Sensing Ltd. brings together superior performance, an improved user experience, and unmatched application expertise to deliver an accurate and reliable measurement solution. That\u2019s why multinationals, small companies and universities alike turn to us again and again.\",\"email\":\"sales@sso2.com\",\"telephone\":\"1-949-398-2879\",\"legalName\":\"Southland Sensing Ltd.\",\"foundingDate\":\"2013-01-01\",\"numberOfEmployees\":{\"@type\":\"QuantitativeValue\",\"minValue\":\"11\",\"maxValue\":\"50\"},\"publishingPrinciples\":\"https:\/\/sso2.com\/contact-us\/\",\"ownershipFundingInfo\":\"https:\/\/sso2.com\/about-us\/\",\"actionableFeedbackPolicy\":\"https:\/\/sso2.com\/contact-us\/\"}]}<\/script>\n<!-- \/ Yoast SEO Premium plugin. -->","yoast_head_json":{"title":"End\u00fcstriyel Yedek Par\u00e7a K\u0131lavuzu | Uyumlu Oksijen Sens\u00f6r\u00fc ve Par\u00e7alar\u0131","description":"End\u00fcstriyel analiz\u00f6rler i\u00e7in uyumlu oksijen sens\u00f6rleri ve yedek par\u00e7alar\u0131 bulun. SSO2, tutarl\u0131 gaz \u00f6l\u00e7\u00fcm performans\u0131 sa\u011flaman\u0131za yard\u0131mc\u0131 olur.","robots":{"index":"index","follow":"follow","max-snippet":"max-snippet:-1","max-image-preview":"max-image-preview:large","max-video-preview":"max-video-preview:-1"},"canonical":"https:\/\/sso2.com\/tr\/replacement-guide\/","og_locale":"tr_TR","og_type":"article","og_title":"Industrial Replacement Guide for Fuel Cell Oxygen Sensors","og_description":"Find compatible oxygen sensors and replacement parts for industrial analyzers. SSO2 helps you maintain consistent gas measurement performance.","og_url":"https:\/\/sso2.com\/tr\/replacement-guide\/","og_site_name":"Southland Sensing Ltd.","article_modified_time":"2025-10-10T18:05:12+00:00","og_image":[{"url":"https:\/\/sso2.com\/wp-content\/uploads\/2021\/02\/oil_gas_processing_facility-scaled.jpg","type":"","width":"","height":""}],"twitter_card":"summary_large_image","twitter_misc":{"Tahmini okuma s\u00fcresi":"2 dakika"},"schema":{"@context":"https:\/\/schema.org","@graph":[{"@type":"WebPage","@id":"https:\/\/sso2.com\/replacement-guide\/","url":"https:\/\/sso2.com\/replacement-guide\/","name":"End\u00fcstriyel Yedek Par\u00e7a K\u0131lavuzu | Uyumlu Oksijen Sens\u00f6r\u00fc ve Par\u00e7alar\u0131","isPartOf":{"@id":"https:\/\/sso2.com\/#website"},"primaryImageOfPage":{"@id":"https:\/\/sso2.com\/replacement-guide\/#primaryimage"},"image":{"@id":"https:\/\/sso2.com\/replacement-guide\/#primaryimage"},"thumbnailUrl":"https:\/\/sso2.com\/wp-content\/uploads\/2021\/02\/oil_gas_processing_facility-scaled.jpg","datePublished":"2024-02-08T01:36:27+00:00","dateModified":"2025-10-10T18:05:12+00:00","description":"End\u00fcstriyel analiz\u00f6rler i\u00e7in uyumlu oksijen sens\u00f6rleri ve yedek par\u00e7alar\u0131 bulun. SSO2, tutarl\u0131 gaz \u00f6l\u00e7\u00fcm performans\u0131 sa\u011flaman\u0131za yard\u0131mc\u0131 olur.","breadcrumb":{"@id":"https:\/\/sso2.com\/replacement-guide\/#breadcrumb"},"inLanguage":"tr","potentialAction":[{"@type":"ReadAction","target":["https:\/\/sso2.com\/replacement-guide\/"]}]},{"@type":"ImageObject","inLanguage":"tr","@id":"https:\/\/sso2.com\/replacement-guide\/#primaryimage","url":"https:\/\/sso2.com\/wp-content\/uploads\/2021\/02\/oil_gas_processing_facility-scaled.jpg","contentUrl":"https:\/\/sso2.com\/wp-content\/uploads\/2021\/02\/oil_gas_processing_facility-scaled.jpg"},{"@type":"BreadcrumbList","@id":"https:\/\/sso2.com\/replacement-guide\/#breadcrumb","itemListElement":[{"@type":"ListItem","position":1,"name":"Home","item":"https:\/\/sso2.com\/en\/"},{"@type":"ListItem","position":2,"name":"Industrial Replacement Guide for Fuel Cell Oxygen Sensors"}]},{"@type":"WebSite","@id":"https:\/\/sso2.com\/#website","url":"https:\/\/sso2.com\/","name":"Southland Sensing Ltd.","description":"Industrial &amp; Medical Gas Analyzers Oxygen CO\u2082, &amp; H\u2082 Monitors","publisher":{"@id":"https:\/\/sso2.com\/#organization"},"alternateName":"SSO2","potentialAction":[{"@type":"SearchAction","target":{"@type":"EntryPoint","urlTemplate":"https:\/\/sso2.com\/?s={search_term_string}"},"query-input":{"@type":"PropertyValueSpecification","valueRequired":true,"valueName":"search_term_string"}}],"inLanguage":"tr"},{"@type":"Organization","@id":"https:\/\/sso2.com\/#organization","name":"Southland Sensing Ltd.","alternateName":"SSO2","url":"https:\/\/sso2.com\/","logo":{"@type":"ImageObject","inLanguage":"tr","@id":"https:\/\/sso2.com\/#\/schema\/logo\/image\/","url":"https:\/\/sso2.com\/wp-content\/uploads\/2025\/10\/sso2_300pixel.webp","contentUrl":"https:\/\/sso2.com\/wp-content\/uploads\/2025\/10\/sso2_300pixel.webp","width":300,"height":50,"caption":"Southland Sensing Ltd."},"image":{"@id":"https:\/\/sso2.com\/#\/schema\/logo\/image\/"},"sameAs":["https:\/\/www.linkedin.com\/company\/southland-sensing-ltd\/"],"description":"Southland Sensing Ltd. brings together superior performance, an improved user experience, and unmatched application expertise to deliver an accurate and reliable measurement solution. That\u2019s why multinationals, small companies and universities alike turn to us again and again.","email":"sales@sso2.com","telephone":"1-949-398-2879","legalName":"Southland Sensing Ltd.","foundingDate":"2013-01-01","numberOfEmployees":{"@type":"QuantitativeValue","minValue":"11","maxValue":"50"},"publishingPrinciples":"https:\/\/sso2.com\/contact-us\/","ownershipFundingInfo":"https:\/\/sso2.com\/about-us\/","actionableFeedbackPolicy":"https:\/\/sso2.com\/contact-us\/"}]}},"jetpack_sharing_enabled":true,"jetpack_shortlink":"https:\/\/wp.me\/PaSzwI-Dz","_links":{"self":[{"href":"https:\/\/sso2.com\/tr\/wp-json\/wp\/v2\/pages\/2453","targetHints":{"allow":["GET"]}}],"collection":[{"href":"https:\/\/sso2.com\/tr\/wp-json\/wp\/v2\/pages"}],"about":[{"href":"https:\/\/sso2.com\/tr\/wp-json\/wp\/v2\/types\/page"}],"author":[{"embeddable":true,"href":"https:\/\/sso2.com\/tr\/wp-json\/wp\/v2\/users\/6"}],"replies":[{"embeddable":true,"href":"https:\/\/sso2.com\/tr\/wp-json\/wp\/v2\/comments?post=2453"}],"version-history":[{"count":0,"href":"https:\/\/sso2.com\/tr\/wp-json\/wp\/v2\/pages\/2453\/revisions"}],"wp:attachment":[{"href":"https:\/\/sso2.com\/tr\/wp-json\/wp\/v2\/media?parent=2453"}],"curies":[{"name":"wp","href":"https:\/\/api.w.org\/{rel}","templated":true}]}}