{"id":1696,"date":"2021-06-09T17:50:39","date_gmt":"2021-06-09T17:50:39","guid":{"rendered":"https:\/\/sso2.com\/?page_id=1696"},"modified":"2025-11-29T13:34:36","modified_gmt":"2025-11-29T13:34:36","slug":"fiber-optic-research","status":"publish","type":"page","link":"https:\/\/sso2.com\/tr\/application-notes\/fiber-optic-research\/","title":{"rendered":"Fiber Optik Ara\u015ft\u0131rma"},"content":{"rendered":"<div data-elementor-type=\"wp-page\" data-elementor-id=\"1696\" class=\"elementor elementor-1696\" data-elementor-post-type=\"page\">\n\t\t\t\t<div class=\"elementor-element elementor-element-2386e124 e-flex e-con-boxed e-con e-parent\" data-id=\"2386e124\" data-element_type=\"container\" data-e-type=\"container\">\n\t\t\t\t\t<div class=\"e-con-inner\">\n\t\t\t\t<div class=\"elementor-element elementor-element-3a628b71 elementor-widget elementor-widget-text-editor\" data-id=\"3a628b71\" data-element_type=\"widget\" data-e-type=\"widget\" data-widget_type=\"text-editor.default\">\n\t\t\t\t<div class=\"elementor-widget-container\">\n\t\t\t\t\t\t\t\t\t<p>Bir fiber optik kablo, verilerin \u0131\u015f\u0131k yoluyla iletilmesini sa\u011flayan silika cam\u0131n k\u0131l kadar ince filamentlerinden olu\u015fur. Kablolar i\u00e7in fiber optik filamentler \u00fcretmenin bir y\u00f6ntemi, uzun mesafeli kablolar i\u00e7in \u00e7ok uygun olan d\u00fc\u015f\u00fck kay\u0131pl\u0131 bir fiber \u00fcreten modifiye kimyasal buhar biriktirme olarak bilinir. Bu i\u015flemde, kaplamal\u0131 kat\u0131 silindirik bir silikon dioksit \u00e7ekirde\u011fi olu\u015fturulur, ard\u0131ndan \u0131s\u0131t\u0131l\u0131r ve uzun, ince lifler halinde \u00e7ekilir.<\/p><p>\u00c7ekirde\u011fi olu\u015fturmaya ba\u015flamak i\u00e7in, silisyum dioksit katmanlar\u0131, y\u00fcksek s\u0131cakl\u0131klarda tutulurken silisyum tetraklor\u00fcr gibi di\u011fer kimyasal buharlarla birlikte saf oksijenin \u00e7ubuktan ge\u00e7irilmesiyle i\u00e7i bo\u015f bir \u00e7ubuk \u00fczerinde biriktirilir. Elde edilen cams\u0131 kurum, istenen kal\u0131nl\u0131\u011fa getirildikten sonra \u00e7ekirdek haline gelecektir. \u00c7ekirdek daha sonra mevcut olabilecek nem ve kabarc\u0131klar\u0131 gidermek i\u00e7in di\u011fer ad\u0131mlardan ge\u00e7irilir ve bu s\u00fcre\u00e7te \u00e7ubuk ve kurum katmanlar\u0131 kat\u0131la\u015farak son derece saf silikon dioksite d\u00f6n\u00fc\u015f\u00fcr. \u00c7ekirdek daha sonra bir f\u0131r\u0131ndan ge\u00e7irilir, burada u\u00e7ta erimi\u015f bir cam k\u00fcre olu\u015fur ve ard\u0131ndan d\u00fc\u015ferek tek, ince bir optik fiber \u00e7izer, bu fiber daha sonra \u00e7ekilir ve bir makaraya sar\u0131lmadan \u00f6nce sertle\u015ftirilir.<\/p><p>Ayr\u0131ca, ihtiya\u00e7 duyulan saf oksijeni bir oksijen kayna\u011f\u0131 kullanarak yerinde \u00fcretmek de genellikle yararl\u0131 ve ekonomiktir. <a href=\"https:\/\/sso2.com\/tr\/application-notes\/psa-and-vpsa-processing\/\">bas\u0131n\u00e7 sal\u0131n\u0131ml\u0131 adsorpsiyon (PSA) jenerat\u00f6r\u00fc<\/a>, ve oksijen \u00f6l\u00e7\u00fcm\u00fc, gaz\u0131n do\u011fru safl\u0131k seviyesinde oldu\u011fundan ve sistemde ortam havas\u0131n\u0131n gaz\u0131 kirletmesine izin veren herhangi bir s\u0131z\u0131nt\u0131 olmad\u0131\u011f\u0131ndan emin olmak i\u00e7in gereklidir. Y\u00fcksek safl\u0131kta oksijen \u00f6l\u00e7\u00fcm\u00fc yapabilen analiz\u00f6rlerimiz 19\u201d raf tipi ve <a href=\"https:\/\/sso2.com\/tr\/urun\/omd-775\/\">OMD-775<\/a>, ta\u015f\u0131nabilir <a href=\"https:\/\/sso2.com\/tr\/urun\/portable-trace-oxygen-purity-analyzer-ce\/\">OMD-740<\/a> 90-100% O2 aral\u0131\u011f\u0131nda 0,01%'ye kadar hassasiyet sa\u011flamak i\u00e7in geli\u015fmi\u015f s\u0131cakl\u0131k ve bas\u0131n\u00e7 kompanzasyonu kullan\u0131r.<\/p>\t\t\t\t\t\t\t\t<\/div>\n\t\t\t\t<\/div>\n\t\t\t\t\t<\/div>\n\t\t\t\t<\/div>\n\t\t\t\t<\/div>","protected":false},"excerpt":{"rendered":"<p>An optical fiber cable is made up of hair-fine filaments of silica glass which allows data to be transmitted via light. One method of manufacturing fiber optic filaments for cables is known as modified chemical vapor deposition, which produces a low-loss fiber well-suited for long-distance cables. In this process a solid cylindrical core of silicon [&hellip;]<\/p>\n","protected":false},"author":6,"featured_media":0,"parent":388,"menu_order":0,"comment_status":"closed","ping_status":"closed","template":"","meta":{"footnotes":""},"class_list":["post-1696","page","type-page","status-publish","hentry"],"yoast_head":"<!-- This site is optimized with the Yoast SEO Premium plugin v27.2 (Yoast SEO v27.2) - https:\/\/yoast.com\/product\/yoast-seo-premium-wordpress\/ -->\n<title>Fiber Optic Research | Oxygen &amp; O\u2082 Monitoring Solutions<\/title>\n<meta name=\"description\" content=\"Advanced fiber optic research solutions with oxygen sensors, O\u2082 analyzers, and depletion monitors. Ensure accurate monitoring for labs and industrial applications.\" \/>\n<meta name=\"robots\" content=\"index, follow, max-snippet:-1, max-image-preview:large, max-video-preview:-1\" \/>\n<link rel=\"canonical\" href=\"https:\/\/sso2.com\/tr\/application-notes\/fiber-optic-research\/\" \/>\n<meta property=\"og:locale\" content=\"tr_TR\" \/>\n<meta property=\"og:type\" content=\"article\" \/>\n<meta property=\"og:title\" content=\"Fiber Optic Research\" \/>\n<meta property=\"og:description\" content=\"Advanced fiber optic research solutions with oxygen sensors, O\u2082 analyzers, and depletion monitors. Ensure accurate monitoring for labs and industrial applications.\" \/>\n<meta property=\"og:url\" content=\"https:\/\/sso2.com\/tr\/application-notes\/fiber-optic-research\/\" \/>\n<meta property=\"og:site_name\" content=\"Southland Sensing Ltd.\" \/>\n<meta property=\"article:modified_time\" content=\"2025-11-29T13:34:36+00:00\" \/>\n<meta property=\"og:image\" content=\"https:\/\/i0.wp.com\/sso2.com\/wp-content\/uploads\/2025\/02\/omd-21.png?fit=1290%2C1158&ssl=1\" \/>\n\t<meta property=\"og:image:width\" content=\"1290\" \/>\n\t<meta property=\"og:image:height\" content=\"1158\" \/>\n\t<meta property=\"og:image:type\" content=\"image\/png\" \/>\n<meta name=\"twitter:card\" content=\"summary_large_image\" \/>\n<meta name=\"twitter:label1\" content=\"Tahmini okuma s\u00fcresi\" \/>\n\t<meta name=\"twitter:data1\" content=\"2 dakika\" \/>\n<script type=\"application\/ld+json\" class=\"yoast-schema-graph\">{\"@context\":\"https:\/\/schema.org\",\"@graph\":[{\"@type\":\"WebPage\",\"@id\":\"https:\/\/sso2.com\/application-notes\/fiber-optic-research\/\",\"url\":\"https:\/\/sso2.com\/application-notes\/fiber-optic-research\/\",\"name\":\"Fiber Optic Research | Oxygen & O\u2082 Monitoring Solutions\",\"isPartOf\":{\"@id\":\"https:\/\/sso2.com\/#website\"},\"datePublished\":\"2021-06-09T17:50:39+00:00\",\"dateModified\":\"2025-11-29T13:34:36+00:00\",\"description\":\"Advanced fiber optic research solutions with oxygen sensors, O\u2082 analyzers, and depletion monitors. Ensure accurate monitoring for labs and industrial applications.\",\"breadcrumb\":{\"@id\":\"https:\/\/sso2.com\/application-notes\/fiber-optic-research\/#breadcrumb\"},\"inLanguage\":\"tr\",\"potentialAction\":[{\"@type\":\"ReadAction\",\"target\":[\"https:\/\/sso2.com\/application-notes\/fiber-optic-research\/\"]}]},{\"@type\":\"BreadcrumbList\",\"@id\":\"https:\/\/sso2.com\/application-notes\/fiber-optic-research\/#breadcrumb\",\"itemListElement\":[{\"@type\":\"ListItem\",\"position\":1,\"name\":\"Home\",\"item\":\"https:\/\/sso2.com\/en\/\"},{\"@type\":\"ListItem\",\"position\":2,\"name\":\"Application Notes\",\"item\":\"https:\/\/sso2.com\/application-notes\/\"},{\"@type\":\"ListItem\",\"position\":3,\"name\":\"Fiber Optic Research\"}]},{\"@type\":\"WebSite\",\"@id\":\"https:\/\/sso2.com\/#website\",\"url\":\"https:\/\/sso2.com\/\",\"name\":\"Southland Sensing Ltd.\",\"description\":\"Industrial &amp; Medical Gas Analyzers Oxygen CO\u2082, &amp; H\u2082 Monitors\",\"publisher\":{\"@id\":\"https:\/\/sso2.com\/#organization\"},\"alternateName\":\"SSO2\",\"potentialAction\":[{\"@type\":\"SearchAction\",\"target\":{\"@type\":\"EntryPoint\",\"urlTemplate\":\"https:\/\/sso2.com\/?s={search_term_string}\"},\"query-input\":{\"@type\":\"PropertyValueSpecification\",\"valueRequired\":true,\"valueName\":\"search_term_string\"}}],\"inLanguage\":\"tr\"},{\"@type\":\"Organization\",\"@id\":\"https:\/\/sso2.com\/#organization\",\"name\":\"Southland Sensing Ltd.\",\"alternateName\":\"SSO2\",\"url\":\"https:\/\/sso2.com\/\",\"logo\":{\"@type\":\"ImageObject\",\"inLanguage\":\"tr\",\"@id\":\"https:\/\/sso2.com\/#\/schema\/logo\/image\/\",\"url\":\"https:\/\/sso2.com\/wp-content\/uploads\/2025\/10\/sso2_300pixel.webp\",\"contentUrl\":\"https:\/\/sso2.com\/wp-content\/uploads\/2025\/10\/sso2_300pixel.webp\",\"width\":300,\"height\":50,\"caption\":\"Southland Sensing Ltd.\"},\"image\":{\"@id\":\"https:\/\/sso2.com\/#\/schema\/logo\/image\/\"},\"sameAs\":[\"https:\/\/www.linkedin.com\/company\/southland-sensing-ltd\/\"],\"description\":\"Southland Sensing Ltd. brings together superior performance, an improved user experience, and unmatched application expertise to deliver an accurate and reliable measurement solution. That\u2019s why multinationals, small companies and universities alike turn to us again and again.\",\"email\":\"sales@sso2.com\",\"telephone\":\"1-949-398-2879\",\"legalName\":\"Southland Sensing Ltd.\",\"foundingDate\":\"2013-01-01\",\"numberOfEmployees\":{\"@type\":\"QuantitativeValue\",\"minValue\":\"11\",\"maxValue\":\"50\"},\"publishingPrinciples\":\"https:\/\/sso2.com\/contact-us\/\",\"ownershipFundingInfo\":\"https:\/\/sso2.com\/about-us\/\",\"actionableFeedbackPolicy\":\"https:\/\/sso2.com\/contact-us\/\"}]}<\/script>\n<!-- \/ Yoast SEO Premium plugin. -->","yoast_head_json":{"title":"Fiber Optic Research | Oxygen & O\u2082 Monitoring Solutions","description":"Advanced fiber optic research solutions with oxygen sensors, O\u2082 analyzers, and depletion monitors. Ensure accurate monitoring for labs and industrial applications.","robots":{"index":"index","follow":"follow","max-snippet":"max-snippet:-1","max-image-preview":"max-image-preview:large","max-video-preview":"max-video-preview:-1"},"canonical":"https:\/\/sso2.com\/tr\/application-notes\/fiber-optic-research\/","og_locale":"tr_TR","og_type":"article","og_title":"Fiber Optic Research","og_description":"Advanced fiber optic research solutions with oxygen sensors, O\u2082 analyzers, and depletion monitors. Ensure accurate monitoring for labs and industrial applications.","og_url":"https:\/\/sso2.com\/tr\/application-notes\/fiber-optic-research\/","og_site_name":"Southland Sensing Ltd.","article_modified_time":"2025-11-29T13:34:36+00:00","og_image":[{"width":1290,"height":1158,"url":"https:\/\/i0.wp.com\/sso2.com\/wp-content\/uploads\/2025\/02\/omd-21.png?fit=1290%2C1158&ssl=1","type":"image\/png"}],"twitter_card":"summary_large_image","twitter_misc":{"Tahmini okuma s\u00fcresi":"2 dakika"},"schema":{"@context":"https:\/\/schema.org","@graph":[{"@type":"WebPage","@id":"https:\/\/sso2.com\/application-notes\/fiber-optic-research\/","url":"https:\/\/sso2.com\/application-notes\/fiber-optic-research\/","name":"Fiber Optic Research | Oxygen & O\u2082 Monitoring Solutions","isPartOf":{"@id":"https:\/\/sso2.com\/#website"},"datePublished":"2021-06-09T17:50:39+00:00","dateModified":"2025-11-29T13:34:36+00:00","description":"Advanced fiber optic research solutions with oxygen sensors, O\u2082 analyzers, and depletion monitors. Ensure accurate monitoring for labs and industrial applications.","breadcrumb":{"@id":"https:\/\/sso2.com\/application-notes\/fiber-optic-research\/#breadcrumb"},"inLanguage":"tr","potentialAction":[{"@type":"ReadAction","target":["https:\/\/sso2.com\/application-notes\/fiber-optic-research\/"]}]},{"@type":"BreadcrumbList","@id":"https:\/\/sso2.com\/application-notes\/fiber-optic-research\/#breadcrumb","itemListElement":[{"@type":"ListItem","position":1,"name":"Home","item":"https:\/\/sso2.com\/en\/"},{"@type":"ListItem","position":2,"name":"Application Notes","item":"https:\/\/sso2.com\/application-notes\/"},{"@type":"ListItem","position":3,"name":"Fiber Optic Research"}]},{"@type":"WebSite","@id":"https:\/\/sso2.com\/#website","url":"https:\/\/sso2.com\/","name":"Southland Sensing Ltd.","description":"Industrial &amp; Medical Gas Analyzers Oxygen CO\u2082, &amp; H\u2082 Monitors","publisher":{"@id":"https:\/\/sso2.com\/#organization"},"alternateName":"SSO2","potentialAction":[{"@type":"SearchAction","target":{"@type":"EntryPoint","urlTemplate":"https:\/\/sso2.com\/?s={search_term_string}"},"query-input":{"@type":"PropertyValueSpecification","valueRequired":true,"valueName":"search_term_string"}}],"inLanguage":"tr"},{"@type":"Organization","@id":"https:\/\/sso2.com\/#organization","name":"Southland Sensing Ltd.","alternateName":"SSO2","url":"https:\/\/sso2.com\/","logo":{"@type":"ImageObject","inLanguage":"tr","@id":"https:\/\/sso2.com\/#\/schema\/logo\/image\/","url":"https:\/\/sso2.com\/wp-content\/uploads\/2025\/10\/sso2_300pixel.webp","contentUrl":"https:\/\/sso2.com\/wp-content\/uploads\/2025\/10\/sso2_300pixel.webp","width":300,"height":50,"caption":"Southland Sensing Ltd."},"image":{"@id":"https:\/\/sso2.com\/#\/schema\/logo\/image\/"},"sameAs":["https:\/\/www.linkedin.com\/company\/southland-sensing-ltd\/"],"description":"Southland Sensing Ltd. brings together superior performance, an improved user experience, and unmatched application expertise to deliver an accurate and reliable measurement solution. That\u2019s why multinationals, small companies and universities alike turn to us again and again.","email":"sales@sso2.com","telephone":"1-949-398-2879","legalName":"Southland Sensing Ltd.","foundingDate":"2013-01-01","numberOfEmployees":{"@type":"QuantitativeValue","minValue":"11","maxValue":"50"},"publishingPrinciples":"https:\/\/sso2.com\/contact-us\/","ownershipFundingInfo":"https:\/\/sso2.com\/about-us\/","actionableFeedbackPolicy":"https:\/\/sso2.com\/contact-us\/"}]}},"jetpack_sharing_enabled":true,"jetpack_shortlink":"https:\/\/wp.me\/PaSzwI-rm","_links":{"self":[{"href":"https:\/\/sso2.com\/tr\/wp-json\/wp\/v2\/pages\/1696","targetHints":{"allow":["GET"]}}],"collection":[{"href":"https:\/\/sso2.com\/tr\/wp-json\/wp\/v2\/pages"}],"about":[{"href":"https:\/\/sso2.com\/tr\/wp-json\/wp\/v2\/types\/page"}],"author":[{"embeddable":true,"href":"https:\/\/sso2.com\/tr\/wp-json\/wp\/v2\/users\/6"}],"replies":[{"embeddable":true,"href":"https:\/\/sso2.com\/tr\/wp-json\/wp\/v2\/comments?post=1696"}],"version-history":[{"count":0,"href":"https:\/\/sso2.com\/tr\/wp-json\/wp\/v2\/pages\/1696\/revisions"}],"up":[{"embeddable":true,"href":"https:\/\/sso2.com\/tr\/wp-json\/wp\/v2\/pages\/388"}],"wp:attachment":[{"href":"https:\/\/sso2.com\/tr\/wp-json\/wp\/v2\/media?parent=1696"}],"curies":[{"name":"wp","href":"https:\/\/api.w.org\/{rel}","templated":true}]}}