{"id":1692,"date":"2021-06-09T18:23:20","date_gmt":"2021-06-09T18:23:20","guid":{"rendered":"https:\/\/sso2.com\/?page_id=1692"},"modified":"2025-11-29T13:43:43","modified_gmt":"2025-11-29T13:43:43","slug":"hydrogen-production","status":"publish","type":"page","link":"https:\/\/sso2.com\/tr\/application-notes\/hydrogen-production\/","title":{"rendered":"Hidrojen \u00dcretimi"},"content":{"rendered":"<div data-elementor-type=\"wp-page\" data-elementor-id=\"1692\" class=\"elementor elementor-1692\" data-elementor-post-type=\"page\">\n\t\t\t\t<div class=\"elementor-element elementor-element-4101d930 e-flex e-con-boxed e-con e-parent\" data-id=\"4101d930\" data-element_type=\"container\" data-e-type=\"container\">\n\t\t\t\t\t<div class=\"e-con-inner\">\n\t\t\t\t<div class=\"elementor-element elementor-element-6ed6fa47 elementor-widget elementor-widget-text-editor\" data-id=\"6ed6fa47\" data-element_type=\"widget\" data-e-type=\"widget\" data-widget_type=\"text-editor.default\">\n\t\t\t\t<div class=\"elementor-widget-container\">\n\t\t\t\t\t\t\t\t\t<p>Hidrojen fosil yak\u0131t kaynaklar\u0131ndan \u00fcretilebildi\u011fi gibi, elektroliz ad\u0131 verilen bir i\u015flemle su molek\u00fcllerinin hidrojen ve oksijene ayr\u0131lmas\u0131yla da \u00fcretilebilir. Hidrojen \u00fcretiminin en yayg\u0131n \u015fekli, do\u011fal gaz\u0131n buhar ve bir kataliz\u00f6r varl\u0131\u011f\u0131nda 700-1100 santigrat derece aras\u0131nda \u0131s\u0131t\u0131ld\u0131\u011f\u0131 ve karbon monoksit ve hidrojen olu\u015fturmak \u00fczere molek\u00fcllerin par\u00e7aland\u0131\u011f\u0131 buhar reformudur. Kar\u0131\u015f\u0131m daha sonra metal oksitlerin \u00fczerinden ge\u00e7irilerek daha fazla hidrojen \u00fcretmek \u00fczere ba\u015fka reaksiyonlara tabi tutulabilir. Bu s\u00fcre\u00e7, yiyecek ve i\u00e7ecek end\u00fcstrisi gibi di\u011fer end\u00fcstriyel kullan\u0131mlar i\u00e7in konsantre edilebilen \u00f6nemli miktarda karbondioksit \u00fcretir.<\/p><p>Elektroliz, suyu oksijen ve hidrojene ayr\u0131\u015ft\u0131rmak i\u00e7in elektrik kullan\u0131r ve masa \u00fcst\u00fc boyutundan b\u00fcy\u00fck end\u00fcstriyel tesislere kadar de\u011fi\u015fen \u00fcnitelerde yap\u0131labilir. Suyun i\u00e7ine yerle\u015ftirilen iki elektroda elektrik verilerek yap\u0131l\u0131r. Katotta sudan hidrojen kabarc\u0131klar\u0131 \u00e7\u0131kacak ve anotta oksijen olu\u015facakt\u0131r. Saf suyun elektrik iletkenli\u011fi zay\u0131f oldu\u011fundan, reaksiyon i\u00e7in gereken elektrik miktar\u0131n\u0131 azaltmak i\u00e7in tuz, asit veya baz gibi bir elektrolit eklenecektir. \u00c7\u00f6zeltiden kabarc\u0131klar halinde \u00e7\u0131kan hidrojen daha sonra yakalan\u0131r.<\/p><p>\u00dcretilen gaz\u0131n oksijen i\u00e7eri\u011fini \u00f6l\u00e7ebilmek, sisteminizde hava giri\u015fine izin veren herhangi bir s\u0131z\u0131nt\u0131 olup olmad\u0131\u011f\u0131n\u0131 belirlemek ve hidrojeninizin istedi\u011finiz kalitede olmas\u0131n\u0131 sa\u011flamak i\u00e7in \u00f6nemlidir. Analiz\u00f6rlerimiz 19\u201d raf montajl\u0131\u00a0<a href=\"https:\/\/sso2.com\/tr\/urun\/omd-675\/\">OMD-675<\/a>, kompakt yap\u0131ya\u00a0<a href=\"https:\/\/sso2.com\/tr\/urun\/compact-in-line-oxygen-transmitter-ce\/\">OMD-507<\/a>\u00a0veya ta\u015f\u0131nabilir\u00a0<a href=\"https:\/\/sso2.com\/tr\/urun\/omd-580\/\">OMD-580<\/a> Gaz \u00fcretiminin t\u00fcm a\u015famalar\u0131na uyacak \u015fekilde. Hidrojen yan\u0131c\u0131 bir gaz oldu\u011fundan, analitik ekipman i\u00e7in bazen tehlikeli alan s\u0131n\u0131fland\u0131rmas\u0131 gerekir, bu nedenle ayr\u0131ca <a href=\"https:\/\/sso2.com\/tr\/urun\/hazardous-area-online-process-oxygen-analyzer-ce\/\">OMD-625<\/a> Ex db ib IIB+H2 T4 Gb tehlikeli alanlarda kullan\u0131m i\u00e7in ATEX ve IECEx sertifikas\u0131na sahiptir.<\/p>\t\t\t\t\t\t\t\t<\/div>\n\t\t\t\t<\/div>\n\t\t\t\t\t<\/div>\n\t\t\t\t<\/div>\n\t\t\t\t<\/div>","protected":false},"excerpt":{"rendered":"<p>Hydrogen can be produced from fossil fuel sources, as well as by splitting water molecules into hydrogen and oxygen in a process called electrolysis. The most common form of hydrogen production is steam reforming, where natural gas is heated to between 700-1100 degrees Celsius in the presence of steam and a catalyst, breaking up the [&hellip;]<\/p>\n","protected":false},"author":6,"featured_media":0,"parent":388,"menu_order":0,"comment_status":"closed","ping_status":"closed","template":"","meta":{"footnotes":""},"class_list":["post-1692","page","type-page","status-publish","hentry"],"yoast_head":"<!-- This site is optimized with the Yoast SEO Premium plugin v27.2 (Yoast SEO v27.2) - https:\/\/yoast.com\/product\/yoast-seo-premium-wordpress\/ -->\n<title>Hydrogen Production Systems | Oxygen &amp; O\u2082 Monitoring Solutions<\/title>\n<meta name=\"description\" content=\"Safe and efficient hydrogen production with advanced oxygen sensors, O\u2082 analyzers, and deficiency\/depletion monitors for industrial gas safety and process control.\" \/>\n<meta name=\"robots\" content=\"index, follow, max-snippet:-1, max-image-preview:large, max-video-preview:-1\" \/>\n<link rel=\"canonical\" href=\"https:\/\/sso2.com\/tr\/application-notes\/hydrogen-production\/\" \/>\n<meta property=\"og:locale\" content=\"tr_TR\" \/>\n<meta property=\"og:type\" content=\"article\" \/>\n<meta property=\"og:title\" content=\"Hydrogen Production\" \/>\n<meta property=\"og:description\" content=\"Safe and efficient hydrogen production with advanced oxygen sensors, O\u2082 analyzers, and deficiency\/depletion monitors for industrial gas safety and process control.\" \/>\n<meta property=\"og:url\" content=\"https:\/\/sso2.com\/tr\/application-notes\/hydrogen-production\/\" \/>\n<meta property=\"og:site_name\" content=\"Southland Sensing Ltd.\" \/>\n<meta property=\"article:modified_time\" content=\"2025-11-29T13:43:43+00:00\" \/>\n<meta property=\"og:image\" content=\"https:\/\/i0.wp.com\/sso2.com\/wp-content\/uploads\/2025\/02\/omd-21.png?fit=1290%2C1158&ssl=1\" \/>\n\t<meta property=\"og:image:width\" content=\"1290\" \/>\n\t<meta property=\"og:image:height\" content=\"1158\" \/>\n\t<meta property=\"og:image:type\" content=\"image\/png\" \/>\n<meta name=\"twitter:card\" content=\"summary_large_image\" \/>\n<meta name=\"twitter:label1\" content=\"Tahmini okuma s\u00fcresi\" \/>\n\t<meta name=\"twitter:data1\" content=\"2 dakika\" \/>\n<script type=\"application\/ld+json\" class=\"yoast-schema-graph\">{\"@context\":\"https:\/\/schema.org\",\"@graph\":[{\"@type\":\"WebPage\",\"@id\":\"https:\/\/sso2.com\/application-notes\/hydrogen-production\/\",\"url\":\"https:\/\/sso2.com\/application-notes\/hydrogen-production\/\",\"name\":\"Hydrogen Production Systems | Oxygen & O\u2082 Monitoring Solutions\",\"isPartOf\":{\"@id\":\"https:\/\/sso2.com\/#website\"},\"datePublished\":\"2021-06-09T18:23:20+00:00\",\"dateModified\":\"2025-11-29T13:43:43+00:00\",\"description\":\"Safe and efficient hydrogen production with advanced oxygen sensors, O\u2082 analyzers, and deficiency\/depletion monitors for industrial gas safety and process control.\",\"breadcrumb\":{\"@id\":\"https:\/\/sso2.com\/application-notes\/hydrogen-production\/#breadcrumb\"},\"inLanguage\":\"tr\",\"potentialAction\":[{\"@type\":\"ReadAction\",\"target\":[\"https:\/\/sso2.com\/application-notes\/hydrogen-production\/\"]}]},{\"@type\":\"BreadcrumbList\",\"@id\":\"https:\/\/sso2.com\/application-notes\/hydrogen-production\/#breadcrumb\",\"itemListElement\":[{\"@type\":\"ListItem\",\"position\":1,\"name\":\"Home\",\"item\":\"https:\/\/sso2.com\/en\/\"},{\"@type\":\"ListItem\",\"position\":2,\"name\":\"Application Notes\",\"item\":\"https:\/\/sso2.com\/application-notes\/\"},{\"@type\":\"ListItem\",\"position\":3,\"name\":\"Hydrogen Production\"}]},{\"@type\":\"WebSite\",\"@id\":\"https:\/\/sso2.com\/#website\",\"url\":\"https:\/\/sso2.com\/\",\"name\":\"Southland Sensing Ltd.\",\"description\":\"Industrial &amp; Medical Gas Analyzers Oxygen CO\u2082, &amp; H\u2082 Monitors\",\"publisher\":{\"@id\":\"https:\/\/sso2.com\/#organization\"},\"alternateName\":\"SSO2\",\"potentialAction\":[{\"@type\":\"SearchAction\",\"target\":{\"@type\":\"EntryPoint\",\"urlTemplate\":\"https:\/\/sso2.com\/?s={search_term_string}\"},\"query-input\":{\"@type\":\"PropertyValueSpecification\",\"valueRequired\":true,\"valueName\":\"search_term_string\"}}],\"inLanguage\":\"tr\"},{\"@type\":\"Organization\",\"@id\":\"https:\/\/sso2.com\/#organization\",\"name\":\"Southland Sensing Ltd.\",\"alternateName\":\"SSO2\",\"url\":\"https:\/\/sso2.com\/\",\"logo\":{\"@type\":\"ImageObject\",\"inLanguage\":\"tr\",\"@id\":\"https:\/\/sso2.com\/#\/schema\/logo\/image\/\",\"url\":\"https:\/\/sso2.com\/wp-content\/uploads\/2025\/10\/sso2_300pixel.webp\",\"contentUrl\":\"https:\/\/sso2.com\/wp-content\/uploads\/2025\/10\/sso2_300pixel.webp\",\"width\":300,\"height\":50,\"caption\":\"Southland Sensing Ltd.\"},\"image\":{\"@id\":\"https:\/\/sso2.com\/#\/schema\/logo\/image\/\"},\"sameAs\":[\"https:\/\/www.linkedin.com\/company\/southland-sensing-ltd\/\"],\"description\":\"Southland Sensing Ltd. brings together superior performance, an improved user experience, and unmatched application expertise to deliver an accurate and reliable measurement solution. That\u2019s why multinationals, small companies and universities alike turn to us again and again.\",\"email\":\"sales@sso2.com\",\"telephone\":\"1-949-398-2879\",\"legalName\":\"Southland Sensing Ltd.\",\"foundingDate\":\"2013-01-01\",\"numberOfEmployees\":{\"@type\":\"QuantitativeValue\",\"minValue\":\"11\",\"maxValue\":\"50\"},\"publishingPrinciples\":\"https:\/\/sso2.com\/contact-us\/\",\"ownershipFundingInfo\":\"https:\/\/sso2.com\/about-us\/\",\"actionableFeedbackPolicy\":\"https:\/\/sso2.com\/contact-us\/\"}]}<\/script>\n<!-- \/ Yoast SEO Premium plugin. -->","yoast_head_json":{"title":"Hydrogen Production Systems | Oxygen & O\u2082 Monitoring Solutions","description":"Safe and efficient hydrogen production with advanced oxygen sensors, O\u2082 analyzers, and deficiency\/depletion monitors for industrial gas safety and process control.","robots":{"index":"index","follow":"follow","max-snippet":"max-snippet:-1","max-image-preview":"max-image-preview:large","max-video-preview":"max-video-preview:-1"},"canonical":"https:\/\/sso2.com\/tr\/application-notes\/hydrogen-production\/","og_locale":"tr_TR","og_type":"article","og_title":"Hydrogen Production","og_description":"Safe and efficient hydrogen production with advanced oxygen sensors, O\u2082 analyzers, and deficiency\/depletion monitors for industrial gas safety and process control.","og_url":"https:\/\/sso2.com\/tr\/application-notes\/hydrogen-production\/","og_site_name":"Southland Sensing Ltd.","article_modified_time":"2025-11-29T13:43:43+00:00","og_image":[{"width":1290,"height":1158,"url":"https:\/\/i0.wp.com\/sso2.com\/wp-content\/uploads\/2025\/02\/omd-21.png?fit=1290%2C1158&ssl=1","type":"image\/png"}],"twitter_card":"summary_large_image","twitter_misc":{"Tahmini okuma s\u00fcresi":"2 dakika"},"schema":{"@context":"https:\/\/schema.org","@graph":[{"@type":"WebPage","@id":"https:\/\/sso2.com\/application-notes\/hydrogen-production\/","url":"https:\/\/sso2.com\/application-notes\/hydrogen-production\/","name":"Hydrogen Production Systems | Oxygen & O\u2082 Monitoring Solutions","isPartOf":{"@id":"https:\/\/sso2.com\/#website"},"datePublished":"2021-06-09T18:23:20+00:00","dateModified":"2025-11-29T13:43:43+00:00","description":"Safe and efficient hydrogen production with advanced oxygen sensors, O\u2082 analyzers, and deficiency\/depletion monitors for industrial gas safety and process control.","breadcrumb":{"@id":"https:\/\/sso2.com\/application-notes\/hydrogen-production\/#breadcrumb"},"inLanguage":"tr","potentialAction":[{"@type":"ReadAction","target":["https:\/\/sso2.com\/application-notes\/hydrogen-production\/"]}]},{"@type":"BreadcrumbList","@id":"https:\/\/sso2.com\/application-notes\/hydrogen-production\/#breadcrumb","itemListElement":[{"@type":"ListItem","position":1,"name":"Home","item":"https:\/\/sso2.com\/en\/"},{"@type":"ListItem","position":2,"name":"Application Notes","item":"https:\/\/sso2.com\/application-notes\/"},{"@type":"ListItem","position":3,"name":"Hydrogen Production"}]},{"@type":"WebSite","@id":"https:\/\/sso2.com\/#website","url":"https:\/\/sso2.com\/","name":"Southland Sensing Ltd.","description":"Industrial &amp; Medical Gas Analyzers Oxygen CO\u2082, &amp; H\u2082 Monitors","publisher":{"@id":"https:\/\/sso2.com\/#organization"},"alternateName":"SSO2","potentialAction":[{"@type":"SearchAction","target":{"@type":"EntryPoint","urlTemplate":"https:\/\/sso2.com\/?s={search_term_string}"},"query-input":{"@type":"PropertyValueSpecification","valueRequired":true,"valueName":"search_term_string"}}],"inLanguage":"tr"},{"@type":"Organization","@id":"https:\/\/sso2.com\/#organization","name":"Southland Sensing Ltd.","alternateName":"SSO2","url":"https:\/\/sso2.com\/","logo":{"@type":"ImageObject","inLanguage":"tr","@id":"https:\/\/sso2.com\/#\/schema\/logo\/image\/","url":"https:\/\/sso2.com\/wp-content\/uploads\/2025\/10\/sso2_300pixel.webp","contentUrl":"https:\/\/sso2.com\/wp-content\/uploads\/2025\/10\/sso2_300pixel.webp","width":300,"height":50,"caption":"Southland Sensing Ltd."},"image":{"@id":"https:\/\/sso2.com\/#\/schema\/logo\/image\/"},"sameAs":["https:\/\/www.linkedin.com\/company\/southland-sensing-ltd\/"],"description":"Southland Sensing Ltd. brings together superior performance, an improved user experience, and unmatched application expertise to deliver an accurate and reliable measurement solution. That\u2019s why multinationals, small companies and universities alike turn to us again and again.","email":"sales@sso2.com","telephone":"1-949-398-2879","legalName":"Southland Sensing Ltd.","foundingDate":"2013-01-01","numberOfEmployees":{"@type":"QuantitativeValue","minValue":"11","maxValue":"50"},"publishingPrinciples":"https:\/\/sso2.com\/contact-us\/","ownershipFundingInfo":"https:\/\/sso2.com\/about-us\/","actionableFeedbackPolicy":"https:\/\/sso2.com\/contact-us\/"}]}},"jetpack_sharing_enabled":true,"jetpack_shortlink":"https:\/\/wp.me\/PaSzwI-ri","_links":{"self":[{"href":"https:\/\/sso2.com\/tr\/wp-json\/wp\/v2\/pages\/1692","targetHints":{"allow":["GET"]}}],"collection":[{"href":"https:\/\/sso2.com\/tr\/wp-json\/wp\/v2\/pages"}],"about":[{"href":"https:\/\/sso2.com\/tr\/wp-json\/wp\/v2\/types\/page"}],"author":[{"embeddable":true,"href":"https:\/\/sso2.com\/tr\/wp-json\/wp\/v2\/users\/6"}],"replies":[{"embeddable":true,"href":"https:\/\/sso2.com\/tr\/wp-json\/wp\/v2\/comments?post=1692"}],"version-history":[{"count":0,"href":"https:\/\/sso2.com\/tr\/wp-json\/wp\/v2\/pages\/1692\/revisions"}],"up":[{"embeddable":true,"href":"https:\/\/sso2.com\/tr\/wp-json\/wp\/v2\/pages\/388"}],"wp:attachment":[{"href":"https:\/\/sso2.com\/tr\/wp-json\/wp\/v2\/media?parent=1692"}],"curies":[{"name":"wp","href":"https:\/\/api.w.org\/{rel}","templated":true}]}}