{"id":1621,"date":"2021-04-14T21:07:08","date_gmt":"2021-04-14T21:07:08","guid":{"rendered":"https:\/\/sso2.com\/?page_id=1621"},"modified":"2025-11-19T17:19:57","modified_gmt":"2025-11-19T17:19:57","slug":"petrochemical","status":"publish","type":"page","link":"https:\/\/sso2.com\/tr\/application-notes\/petrochemical\/","title":{"rendered":"Petrokimya"},"content":{"rendered":"<p>Petrokimya end\u00fcstrisi, hidrokarbonlar\u0131n \u00fcretimi, i\u015flenmesi, da\u011f\u0131t\u0131m\u0131 ve ta\u015f\u0131nmas\u0131n\u0131 i\u00e7eren bir\u00e7ok s\u00fcre\u00e7 ve uygulamaya sahip geni\u015f kapsaml\u0131 bir end\u00fcstridir. Oksijen izleme gerektiren petrokimyasal uygulamalardan biri de buhar geri kazan\u0131m izlemedir. \u00c7e\u015fitli petrokimyasal \u00fcr\u00fcnler mavnalar arac\u0131l\u0131\u011f\u0131yla ta\u015f\u0131n\u0131r ve gemilerin ambarlar\u0131n\u0131 temizlemeden \u00f6nce, ambarlardaki kimyasal duman\u0131 \u00e7\u0131karmak ve yerine normal hava koymak i\u00e7in r\u0131ht\u0131mdaki vakum \u00fcfleyiciler kullan\u0131larak gazlar\u0131n\u0131n al\u0131nmas\u0131 gerekir.<\/p>\n<p>Ambarlardan \u00e7\u0131kar\u0131ld\u0131ktan sonra, buhar yakma \u00fcnitesindeki buharlar\u0131 yok etmek i\u00e7in yeterli hava\/yak\u0131t kar\u0131\u015f\u0131m\u0131 olmas\u0131n\u0131 sa\u011flamak amac\u0131yla buhar ak\u0131\u015f\u0131na do\u011fal gaz eklenir. Oksijen analiz\u00f6rleri genellikle do\u011fal gaz ak\u0131\u015fa enjekte edildikten hemen sonra O2 konsantrasyonunu kontrol etmek ve O2 seviyelerinin yeterli yanma i\u00e7in 14.5%'nin alt\u0131nda kalmas\u0131n\u0131 sa\u011flamak i\u00e7in ne kadar do\u011fal gaz gerekti\u011fini belirlemek i\u00e7in kullan\u0131l\u0131r.<\/p>\n<p>Bu uygulama patlay\u0131c\u0131 gazlarla ilgili oldu\u011fundan, analitik ekipman i\u00e7in bir t\u00fcr tehlikeli alan s\u0131n\u0131fland\u0131rmas\u0131 gereklidir. Bizim <a href=\"https:\/\/sso2.com\/tr\/urun\/hazardous-area-online-process-oxygen-analyzer-ce\/\">OMD-625<\/a> do\u011fal gazla kullan\u0131lmak \u00fczere tasarlanm\u0131\u015ft\u0131r ve s\u0131ras\u0131yla s\u0131n\u0131f 1, b\u00f6l\u00fcm 1 ve s\u0131n\u0131f 1, b\u00f6l\u00fcm 2 tehlikeli alan \u00f6zelliklerine g\u00f6re tasarlanm\u0131\u015ft\u0131r. Analiz\u00f6rlerdeki izole analog veya dijital \u00e7\u0131k\u0131\u015flar, merkezi bir kontrol odas\u0131ndan t\u00fcm r\u0131ht\u0131m \u00e7al\u0131\u015fmalar\u0131n\u0131 izleyen bir PLC sistemi ile aray\u00fcz olu\u015fturmalar\u0131n\u0131 sa\u011flar.<\/p>","protected":false},"excerpt":{"rendered":"<p>The petrochemical industry is a wide-ranging industry with many processes and applications involving the production, processing, distribution, and transportation of hydrocarbons. One petrochemical application that requires oxygen monitoring is vapor recovery monitoring. A variety of petrochemical products are transported via barges, and before cleaning the holds of the vessels they must be de-gassed using vacuum [&hellip;]<\/p>\n","protected":false},"author":6,"featured_media":0,"parent":388,"menu_order":0,"comment_status":"closed","ping_status":"closed","template":"","meta":{"footnotes":""},"class_list":["post-1621","page","type-page","status-publish","hentry"],"yoast_head":"<!-- This site is optimized with the Yoast SEO Premium plugin v27.2 (Yoast SEO v27.2) - https:\/\/yoast.com\/product\/yoast-seo-premium-wordpress\/ -->\n<title>Petrochemical Industry Monitoring | Oxygen &amp; O\u2082 Analyzer Systems<\/title>\n<meta name=\"description\" content=\"Advanced oxygen sensors, O\u2082 analyzers, and depletion\/deficiency monitors for safe and efficient petrochemical processing and industrial gas control.\" \/>\n<meta name=\"robots\" content=\"index, follow, max-snippet:-1, max-image-preview:large, max-video-preview:-1\" \/>\n<link rel=\"canonical\" href=\"https:\/\/sso2.com\/tr\/application-notes\/petrochemical\/\" \/>\n<meta property=\"og:locale\" content=\"tr_TR\" \/>\n<meta property=\"og:type\" content=\"article\" \/>\n<meta property=\"og:title\" content=\"Petrochemical\" \/>\n<meta property=\"og:description\" content=\"Advanced oxygen sensors, O\u2082 analyzers, and depletion\/deficiency monitors for safe and efficient petrochemical processing and industrial gas control.\" \/>\n<meta property=\"og:url\" content=\"https:\/\/sso2.com\/tr\/application-notes\/petrochemical\/\" \/>\n<meta property=\"og:site_name\" content=\"Southland Sensing Ltd.\" \/>\n<meta property=\"article:modified_time\" content=\"2025-11-19T17:19:57+00:00\" \/>\n<meta property=\"og:image\" content=\"https:\/\/i0.wp.com\/sso2.com\/wp-content\/uploads\/2025\/02\/omd-21.png?fit=1290%2C1158&ssl=1\" \/>\n\t<meta property=\"og:image:width\" content=\"1290\" \/>\n\t<meta property=\"og:image:height\" content=\"1158\" \/>\n\t<meta property=\"og:image:type\" content=\"image\/png\" \/>\n<meta name=\"twitter:card\" content=\"summary_large_image\" \/>\n<meta name=\"twitter:label1\" content=\"Tahmini okuma s\u00fcresi\" \/>\n\t<meta name=\"twitter:data1\" content=\"1 dakika\" \/>\n<script type=\"application\/ld+json\" class=\"yoast-schema-graph\">{\"@context\":\"https:\/\/schema.org\",\"@graph\":[{\"@type\":\"WebPage\",\"@id\":\"https:\/\/sso2.com\/application-notes\/petrochemical\/\",\"url\":\"https:\/\/sso2.com\/application-notes\/petrochemical\/\",\"name\":\"Petrochemical Industry Monitoring | Oxygen & O\u2082 Analyzer Systems\",\"isPartOf\":{\"@id\":\"https:\/\/sso2.com\/#website\"},\"datePublished\":\"2021-04-14T21:07:08+00:00\",\"dateModified\":\"2025-11-19T17:19:57+00:00\",\"description\":\"Advanced oxygen sensors, O\u2082 analyzers, and depletion\/deficiency monitors for safe and efficient petrochemical processing and industrial gas control.\",\"breadcrumb\":{\"@id\":\"https:\/\/sso2.com\/application-notes\/petrochemical\/#breadcrumb\"},\"inLanguage\":\"tr\",\"potentialAction\":[{\"@type\":\"ReadAction\",\"target\":[\"https:\/\/sso2.com\/application-notes\/petrochemical\/\"]}]},{\"@type\":\"BreadcrumbList\",\"@id\":\"https:\/\/sso2.com\/application-notes\/petrochemical\/#breadcrumb\",\"itemListElement\":[{\"@type\":\"ListItem\",\"position\":1,\"name\":\"Home\",\"item\":\"https:\/\/sso2.com\/en\/\"},{\"@type\":\"ListItem\",\"position\":2,\"name\":\"Application Notes\",\"item\":\"https:\/\/sso2.com\/application-notes\/\"},{\"@type\":\"ListItem\",\"position\":3,\"name\":\"Petrochemical\"}]},{\"@type\":\"WebSite\",\"@id\":\"https:\/\/sso2.com\/#website\",\"url\":\"https:\/\/sso2.com\/\",\"name\":\"Southland Sensing Ltd.\",\"description\":\"Industrial &amp; Medical Gas Analyzers Oxygen CO\u2082, &amp; H\u2082 Monitors\",\"publisher\":{\"@id\":\"https:\/\/sso2.com\/#organization\"},\"alternateName\":\"SSO2\",\"potentialAction\":[{\"@type\":\"SearchAction\",\"target\":{\"@type\":\"EntryPoint\",\"urlTemplate\":\"https:\/\/sso2.com\/?s={search_term_string}\"},\"query-input\":{\"@type\":\"PropertyValueSpecification\",\"valueRequired\":true,\"valueName\":\"search_term_string\"}}],\"inLanguage\":\"tr\"},{\"@type\":\"Organization\",\"@id\":\"https:\/\/sso2.com\/#organization\",\"name\":\"Southland Sensing Ltd.\",\"alternateName\":\"SSO2\",\"url\":\"https:\/\/sso2.com\/\",\"logo\":{\"@type\":\"ImageObject\",\"inLanguage\":\"tr\",\"@id\":\"https:\/\/sso2.com\/#\/schema\/logo\/image\/\",\"url\":\"https:\/\/sso2.com\/wp-content\/uploads\/2025\/10\/sso2_300pixel.webp\",\"contentUrl\":\"https:\/\/sso2.com\/wp-content\/uploads\/2025\/10\/sso2_300pixel.webp\",\"width\":300,\"height\":50,\"caption\":\"Southland Sensing Ltd.\"},\"image\":{\"@id\":\"https:\/\/sso2.com\/#\/schema\/logo\/image\/\"},\"sameAs\":[\"https:\/\/www.linkedin.com\/company\/southland-sensing-ltd\/\"],\"description\":\"Southland Sensing Ltd. brings together superior performance, an improved user experience, and unmatched application expertise to deliver an accurate and reliable measurement solution. That\u2019s why multinationals, small companies and universities alike turn to us again and again.\",\"email\":\"sales@sso2.com\",\"telephone\":\"1-949-398-2879\",\"legalName\":\"Southland Sensing Ltd.\",\"foundingDate\":\"2013-01-01\",\"numberOfEmployees\":{\"@type\":\"QuantitativeValue\",\"minValue\":\"11\",\"maxValue\":\"50\"},\"publishingPrinciples\":\"https:\/\/sso2.com\/contact-us\/\",\"ownershipFundingInfo\":\"https:\/\/sso2.com\/about-us\/\",\"actionableFeedbackPolicy\":\"https:\/\/sso2.com\/contact-us\/\"}]}<\/script>\n<!-- \/ Yoast SEO Premium plugin. -->","yoast_head_json":{"title":"Petrochemical Industry Monitoring | Oxygen & O\u2082 Analyzer Systems","description":"Advanced oxygen sensors, O\u2082 analyzers, and depletion\/deficiency monitors for safe and efficient petrochemical processing and industrial gas control.","robots":{"index":"index","follow":"follow","max-snippet":"max-snippet:-1","max-image-preview":"max-image-preview:large","max-video-preview":"max-video-preview:-1"},"canonical":"https:\/\/sso2.com\/tr\/application-notes\/petrochemical\/","og_locale":"tr_TR","og_type":"article","og_title":"Petrochemical","og_description":"Advanced oxygen sensors, O\u2082 analyzers, and depletion\/deficiency monitors for safe and efficient petrochemical processing and industrial gas control.","og_url":"https:\/\/sso2.com\/tr\/application-notes\/petrochemical\/","og_site_name":"Southland Sensing Ltd.","article_modified_time":"2025-11-19T17:19:57+00:00","og_image":[{"width":1290,"height":1158,"url":"https:\/\/i0.wp.com\/sso2.com\/wp-content\/uploads\/2025\/02\/omd-21.png?fit=1290%2C1158&ssl=1","type":"image\/png"}],"twitter_card":"summary_large_image","twitter_misc":{"Tahmini okuma s\u00fcresi":"1 dakika"},"schema":{"@context":"https:\/\/schema.org","@graph":[{"@type":"WebPage","@id":"https:\/\/sso2.com\/application-notes\/petrochemical\/","url":"https:\/\/sso2.com\/application-notes\/petrochemical\/","name":"Petrochemical Industry Monitoring | Oxygen & O\u2082 Analyzer Systems","isPartOf":{"@id":"https:\/\/sso2.com\/#website"},"datePublished":"2021-04-14T21:07:08+00:00","dateModified":"2025-11-19T17:19:57+00:00","description":"Advanced oxygen sensors, O\u2082 analyzers, and depletion\/deficiency monitors for safe and efficient petrochemical processing and industrial gas control.","breadcrumb":{"@id":"https:\/\/sso2.com\/application-notes\/petrochemical\/#breadcrumb"},"inLanguage":"tr","potentialAction":[{"@type":"ReadAction","target":["https:\/\/sso2.com\/application-notes\/petrochemical\/"]}]},{"@type":"BreadcrumbList","@id":"https:\/\/sso2.com\/application-notes\/petrochemical\/#breadcrumb","itemListElement":[{"@type":"ListItem","position":1,"name":"Home","item":"https:\/\/sso2.com\/en\/"},{"@type":"ListItem","position":2,"name":"Application Notes","item":"https:\/\/sso2.com\/application-notes\/"},{"@type":"ListItem","position":3,"name":"Petrochemical"}]},{"@type":"WebSite","@id":"https:\/\/sso2.com\/#website","url":"https:\/\/sso2.com\/","name":"Southland Sensing Ltd.","description":"Industrial &amp; Medical Gas Analyzers Oxygen CO\u2082, &amp; H\u2082 Monitors","publisher":{"@id":"https:\/\/sso2.com\/#organization"},"alternateName":"SSO2","potentialAction":[{"@type":"SearchAction","target":{"@type":"EntryPoint","urlTemplate":"https:\/\/sso2.com\/?s={search_term_string}"},"query-input":{"@type":"PropertyValueSpecification","valueRequired":true,"valueName":"search_term_string"}}],"inLanguage":"tr"},{"@type":"Organization","@id":"https:\/\/sso2.com\/#organization","name":"Southland Sensing Ltd.","alternateName":"SSO2","url":"https:\/\/sso2.com\/","logo":{"@type":"ImageObject","inLanguage":"tr","@id":"https:\/\/sso2.com\/#\/schema\/logo\/image\/","url":"https:\/\/sso2.com\/wp-content\/uploads\/2025\/10\/sso2_300pixel.webp","contentUrl":"https:\/\/sso2.com\/wp-content\/uploads\/2025\/10\/sso2_300pixel.webp","width":300,"height":50,"caption":"Southland Sensing Ltd."},"image":{"@id":"https:\/\/sso2.com\/#\/schema\/logo\/image\/"},"sameAs":["https:\/\/www.linkedin.com\/company\/southland-sensing-ltd\/"],"description":"Southland Sensing Ltd. brings together superior performance, an improved user experience, and unmatched application expertise to deliver an accurate and reliable measurement solution. That\u2019s why multinationals, small companies and universities alike turn to us again and again.","email":"sales@sso2.com","telephone":"1-949-398-2879","legalName":"Southland Sensing Ltd.","foundingDate":"2013-01-01","numberOfEmployees":{"@type":"QuantitativeValue","minValue":"11","maxValue":"50"},"publishingPrinciples":"https:\/\/sso2.com\/contact-us\/","ownershipFundingInfo":"https:\/\/sso2.com\/about-us\/","actionableFeedbackPolicy":"https:\/\/sso2.com\/contact-us\/"}]}},"jetpack_sharing_enabled":true,"jetpack_shortlink":"https:\/\/wp.me\/PaSzwI-q9","_links":{"self":[{"href":"https:\/\/sso2.com\/tr\/wp-json\/wp\/v2\/pages\/1621","targetHints":{"allow":["GET"]}}],"collection":[{"href":"https:\/\/sso2.com\/tr\/wp-json\/wp\/v2\/pages"}],"about":[{"href":"https:\/\/sso2.com\/tr\/wp-json\/wp\/v2\/types\/page"}],"author":[{"embeddable":true,"href":"https:\/\/sso2.com\/tr\/wp-json\/wp\/v2\/users\/6"}],"replies":[{"embeddable":true,"href":"https:\/\/sso2.com\/tr\/wp-json\/wp\/v2\/comments?post=1621"}],"version-history":[{"count":0,"href":"https:\/\/sso2.com\/tr\/wp-json\/wp\/v2\/pages\/1621\/revisions"}],"up":[{"embeddable":true,"href":"https:\/\/sso2.com\/tr\/wp-json\/wp\/v2\/pages\/388"}],"wp:attachment":[{"href":"https:\/\/sso2.com\/tr\/wp-json\/wp\/v2\/media?parent=1621"}],"curies":[{"name":"wp","href":"https:\/\/api.w.org\/{rel}","templated":true}]}}