{"id":1434,"date":"2021-06-09T18:38:43","date_gmt":"2021-06-09T18:38:43","guid":{"rendered":"https:\/\/sso2.com\/?page_id=1434"},"modified":"2025-11-19T12:43:19","modified_gmt":"2025-11-19T12:43:19","slug":"hyperbaric-chambers","status":"publish","type":"page","link":"https:\/\/sso2.com\/tr\/application-notes\/hyperbaric-chambers\/","title":{"rendered":"Hiperbarik Odalar"},"content":{"rendered":"<div data-elementor-type=\"wp-page\" data-elementor-id=\"1434\" class=\"elementor elementor-1434\" data-elementor-post-type=\"page\">\n\t\t\t\t<div class=\"elementor-element elementor-element-2147fea0 e-flex e-con-boxed e-con e-parent\" data-id=\"2147fea0\" data-element_type=\"container\" data-e-type=\"container\">\n\t\t\t\t\t<div class=\"e-con-inner\">\n\t\t\t\t<div class=\"elementor-element elementor-element-79d4b639 elementor-widget elementor-widget-text-editor\" data-id=\"79d4b639\" data-element_type=\"widget\" data-e-type=\"widget\" data-widget_type=\"text-editor.default\">\n\t\t\t\t<div class=\"elementor-widget-container\">\n\t\t\t\t\t\t\t\t\t<p>Hiperbarik oksijen tedavisi, hastan\u0131n y\u00fcksek bas\u0131n\u00e7l\u0131 bir odaya yerle\u015ftirilmesini ve bir maske veya ba\u015fl\u0131k arac\u0131l\u0131\u011f\u0131yla y\u00fcksek safl\u0131kta oksijen verilmesini i\u00e7erir. Odalardaki y\u00fcksek bas\u0131n\u00e7, v\u00fccudun daha fazla oksijen emmesini sa\u011flar, bu da hastan\u0131n soludu\u011fu ekstra O2 ile desteklenir ve hasarl\u0131 dokularda iyile\u015fmeyi uyar\u0131r. Hiperbarik odalar, t\u00fcpl\u00fc dal\u0131\u015ftan kaynaklanabilecek dekompresyon hastal\u0131\u011f\u0131n\u0131n yan\u0131 s\u0131ra kan damarlar\u0131ndaki hava kabarc\u0131klar\u0131n\u0131 ve diyabet veya radyasyondan kaynaklanan hasar nedeniyle kendi kendine iyi iyile\u015femeyen yaralar\u0131 tedavi etmek i\u00e7in yayg\u0131n olarak kullan\u0131lmaktad\u0131r.<\/p>\n<p>Hastaya verilen oksijen seviyelerinin safl\u0131\u011f\u0131n\u0131 \u00f6l\u00e7ebilmek, s\u00fcre\u00e7te kullan\u0131lan gaz\u0131n uygun \u015fekilde saf oldu\u011fundan ve i\u00e7erideki hastan\u0131n m\u00fcmk\u00fcn olan en iyi tedaviyi ald\u0131\u011f\u0131ndan emin olmak i\u00e7in \u00f6nemlidir. Ta\u015f\u0131nabilir <a href=\"https:\/\/sso2.com\/tr\/urun\/omd-480\/\">OMD-480<\/a> oksijen t\u00fcp\u00fcn\u00fc yerinde kontrol etmek i\u00e7in kullan\u0131labilir ve <a href=\"https:\/\/sso2.com\/tr\/urun\/omd-775\/\">OMD-775<\/a> b\u00fcy\u00fck kriyojenik oksijen tanklar\u0131ndaki y\u00fcksek safl\u0131ktaki O2 seviyelerini izlemek i\u00e7in kullan\u0131labilir.<\/p>\n<p>Bas\u0131n\u00e7 sal\u0131n\u0131ml\u0131 adsorpsiyon jenerat\u00f6r\u00fc veya benzeri bir \u015fey kullanarak t\u0131bbi ama\u00e7lar i\u00e7in gereken oksijeni yerinde \u00fcretmek de genellikle yararl\u0131d\u0131r ve gaz\u0131n do\u011fru safl\u0131k seviyesinde oldu\u011fundan ve sistemde ortam havas\u0131n\u0131n gaz\u0131 kirletmesine izin veren herhangi bir s\u0131z\u0131nt\u0131 olmad\u0131\u011f\u0131ndan emin olmak i\u00e7in oksijen \u00f6l\u00e7\u00fcm\u00fc gereklidir. Analiz\u00f6rlerimiz 19\u201d raf montajl\u0131 ve <a href=\"https:\/\/sso2.com\/tr\/urun\/omd-775\/\">OMD-775<\/a> kompakt yap\u0131ya <a href=\"https:\/\/sso2.com\/tr\/urun\/compact-in-line-oxygen-transmitter-ce\/\">OMD-507<\/a> gaz \u00fcretiminin t\u00fcm a\u015famalar\u0131na ve her boyuttaki gaz jenerat\u00f6r\u00fcne uyacak \u015fekilde tasarlanm\u0131\u015ft\u0131r.<\/p>\t\t\t\t\t\t\t\t<\/div>\n\t\t\t\t<\/div>\n\t\t\t\t\t<\/div>\n\t\t\t\t<\/div>\n\t\t\t\t<\/div>","protected":false},"excerpt":{"rendered":"<p>Hyperbaric oxygen therapy involves a placing a patient in a chamber with elevated pressure and delivering high purity oxygen to them via a mask or hood. The high pressure in the chambers allows the body to absorb more oxygen, which is assisted by the extra O2 the patient breathes, and stimulates healing in damaged tissues. [&hellip;]<\/p>\n","protected":false},"author":6,"featured_media":0,"parent":388,"menu_order":0,"comment_status":"closed","ping_status":"closed","template":"","meta":{"footnotes":""},"class_list":["post-1434","page","type-page","status-publish","hentry"],"yoast_head":"<!-- This site is optimized with the Yoast SEO Premium plugin v27.2 (Yoast SEO v27.2) - https:\/\/yoast.com\/product\/yoast-seo-premium-wordpress\/ -->\n<title>Hyperbaric Chambers | Oxygen &amp; O\u2082 Monitoring Solutions<\/title>\n<meta name=\"description\" content=\"Ensure safe hyperbaric chamber operations with advanced oxygen sensors, O\u2082 analyzers, and depletion\/deficiency monitors for medical and industrial applications.\" \/>\n<meta name=\"robots\" content=\"index, follow, max-snippet:-1, max-image-preview:large, max-video-preview:-1\" \/>\n<link rel=\"canonical\" href=\"https:\/\/sso2.com\/tr\/application-notes\/hyperbaric-chambers\/\" \/>\n<meta property=\"og:locale\" content=\"tr_TR\" \/>\n<meta property=\"og:type\" content=\"article\" \/>\n<meta property=\"og:title\" content=\"Hyperbaric Chambers\" \/>\n<meta property=\"og:description\" content=\"Ensure safe hyperbaric chamber operations with advanced oxygen sensors, O\u2082 analyzers, and depletion\/deficiency monitors for medical and industrial applications.\" \/>\n<meta property=\"og:url\" content=\"https:\/\/sso2.com\/tr\/application-notes\/hyperbaric-chambers\/\" \/>\n<meta property=\"og:site_name\" content=\"Southland Sensing Ltd.\" \/>\n<meta property=\"article:modified_time\" content=\"2025-11-19T12:43:19+00:00\" \/>\n<meta property=\"og:image\" content=\"https:\/\/i0.wp.com\/sso2.com\/wp-content\/uploads\/2025\/02\/omd-21.png?fit=1290%2C1158&ssl=1\" \/>\n\t<meta property=\"og:image:width\" content=\"1290\" \/>\n\t<meta property=\"og:image:height\" content=\"1158\" \/>\n\t<meta property=\"og:image:type\" content=\"image\/png\" \/>\n<meta name=\"twitter:card\" content=\"summary_large_image\" \/>\n<meta name=\"twitter:label1\" content=\"Tahmini okuma s\u00fcresi\" \/>\n\t<meta name=\"twitter:data1\" content=\"2 dakika\" \/>\n<script type=\"application\/ld+json\" class=\"yoast-schema-graph\">{\"@context\":\"https:\/\/schema.org\",\"@graph\":[{\"@type\":\"WebPage\",\"@id\":\"https:\/\/sso2.com\/application-notes\/hyperbaric-chambers\/\",\"url\":\"https:\/\/sso2.com\/application-notes\/hyperbaric-chambers\/\",\"name\":\"Hyperbaric Chambers | Oxygen & O\u2082 Monitoring Solutions\",\"isPartOf\":{\"@id\":\"https:\/\/sso2.com\/#website\"},\"datePublished\":\"2021-06-09T18:38:43+00:00\",\"dateModified\":\"2025-11-19T12:43:19+00:00\",\"description\":\"Ensure safe hyperbaric chamber operations with advanced oxygen sensors, O\u2082 analyzers, and depletion\/deficiency monitors for medical and industrial applications.\",\"breadcrumb\":{\"@id\":\"https:\/\/sso2.com\/application-notes\/hyperbaric-chambers\/#breadcrumb\"},\"inLanguage\":\"tr\",\"potentialAction\":[{\"@type\":\"ReadAction\",\"target\":[\"https:\/\/sso2.com\/application-notes\/hyperbaric-chambers\/\"]}]},{\"@type\":\"BreadcrumbList\",\"@id\":\"https:\/\/sso2.com\/application-notes\/hyperbaric-chambers\/#breadcrumb\",\"itemListElement\":[{\"@type\":\"ListItem\",\"position\":1,\"name\":\"Home\",\"item\":\"https:\/\/sso2.com\/en\/\"},{\"@type\":\"ListItem\",\"position\":2,\"name\":\"Application Notes\",\"item\":\"https:\/\/sso2.com\/application-notes\/\"},{\"@type\":\"ListItem\",\"position\":3,\"name\":\"Hyperbaric Chambers\"}]},{\"@type\":\"WebSite\",\"@id\":\"https:\/\/sso2.com\/#website\",\"url\":\"https:\/\/sso2.com\/\",\"name\":\"Southland Sensing Ltd.\",\"description\":\"Industrial &amp; Medical Gas Analyzers Oxygen CO\u2082, &amp; H\u2082 Monitors\",\"publisher\":{\"@id\":\"https:\/\/sso2.com\/#organization\"},\"alternateName\":\"SSO2\",\"potentialAction\":[{\"@type\":\"SearchAction\",\"target\":{\"@type\":\"EntryPoint\",\"urlTemplate\":\"https:\/\/sso2.com\/?s={search_term_string}\"},\"query-input\":{\"@type\":\"PropertyValueSpecification\",\"valueRequired\":true,\"valueName\":\"search_term_string\"}}],\"inLanguage\":\"tr\"},{\"@type\":\"Organization\",\"@id\":\"https:\/\/sso2.com\/#organization\",\"name\":\"Southland Sensing Ltd.\",\"alternateName\":\"SSO2\",\"url\":\"https:\/\/sso2.com\/\",\"logo\":{\"@type\":\"ImageObject\",\"inLanguage\":\"tr\",\"@id\":\"https:\/\/sso2.com\/#\/schema\/logo\/image\/\",\"url\":\"https:\/\/sso2.com\/wp-content\/uploads\/2025\/10\/sso2_300pixel.webp\",\"contentUrl\":\"https:\/\/sso2.com\/wp-content\/uploads\/2025\/10\/sso2_300pixel.webp\",\"width\":300,\"height\":50,\"caption\":\"Southland Sensing Ltd.\"},\"image\":{\"@id\":\"https:\/\/sso2.com\/#\/schema\/logo\/image\/\"},\"sameAs\":[\"https:\/\/www.linkedin.com\/company\/southland-sensing-ltd\/\"],\"description\":\"Southland Sensing Ltd. brings together superior performance, an improved user experience, and unmatched application expertise to deliver an accurate and reliable measurement solution. That\u2019s why multinationals, small companies and universities alike turn to us again and again.\",\"email\":\"sales@sso2.com\",\"telephone\":\"1-949-398-2879\",\"legalName\":\"Southland Sensing Ltd.\",\"foundingDate\":\"2013-01-01\",\"numberOfEmployees\":{\"@type\":\"QuantitativeValue\",\"minValue\":\"11\",\"maxValue\":\"50\"},\"publishingPrinciples\":\"https:\/\/sso2.com\/contact-us\/\",\"ownershipFundingInfo\":\"https:\/\/sso2.com\/about-us\/\",\"actionableFeedbackPolicy\":\"https:\/\/sso2.com\/contact-us\/\"}]}<\/script>\n<!-- \/ Yoast SEO Premium plugin. -->","yoast_head_json":{"title":"Hyperbaric Chambers | Oxygen & O\u2082 Monitoring Solutions","description":"Ensure safe hyperbaric chamber operations with advanced oxygen sensors, O\u2082 analyzers, and depletion\/deficiency monitors for medical and industrial applications.","robots":{"index":"index","follow":"follow","max-snippet":"max-snippet:-1","max-image-preview":"max-image-preview:large","max-video-preview":"max-video-preview:-1"},"canonical":"https:\/\/sso2.com\/tr\/application-notes\/hyperbaric-chambers\/","og_locale":"tr_TR","og_type":"article","og_title":"Hyperbaric Chambers","og_description":"Ensure safe hyperbaric chamber operations with advanced oxygen sensors, O\u2082 analyzers, and depletion\/deficiency monitors for medical and industrial applications.","og_url":"https:\/\/sso2.com\/tr\/application-notes\/hyperbaric-chambers\/","og_site_name":"Southland Sensing Ltd.","article_modified_time":"2025-11-19T12:43:19+00:00","og_image":[{"width":1290,"height":1158,"url":"https:\/\/i0.wp.com\/sso2.com\/wp-content\/uploads\/2025\/02\/omd-21.png?fit=1290%2C1158&ssl=1","type":"image\/png"}],"twitter_card":"summary_large_image","twitter_misc":{"Tahmini okuma s\u00fcresi":"2 dakika"},"schema":{"@context":"https:\/\/schema.org","@graph":[{"@type":"WebPage","@id":"https:\/\/sso2.com\/application-notes\/hyperbaric-chambers\/","url":"https:\/\/sso2.com\/application-notes\/hyperbaric-chambers\/","name":"Hyperbaric Chambers | Oxygen & O\u2082 Monitoring Solutions","isPartOf":{"@id":"https:\/\/sso2.com\/#website"},"datePublished":"2021-06-09T18:38:43+00:00","dateModified":"2025-11-19T12:43:19+00:00","description":"Ensure safe hyperbaric chamber operations with advanced oxygen sensors, O\u2082 analyzers, and depletion\/deficiency monitors for medical and industrial applications.","breadcrumb":{"@id":"https:\/\/sso2.com\/application-notes\/hyperbaric-chambers\/#breadcrumb"},"inLanguage":"tr","potentialAction":[{"@type":"ReadAction","target":["https:\/\/sso2.com\/application-notes\/hyperbaric-chambers\/"]}]},{"@type":"BreadcrumbList","@id":"https:\/\/sso2.com\/application-notes\/hyperbaric-chambers\/#breadcrumb","itemListElement":[{"@type":"ListItem","position":1,"name":"Home","item":"https:\/\/sso2.com\/en\/"},{"@type":"ListItem","position":2,"name":"Application Notes","item":"https:\/\/sso2.com\/application-notes\/"},{"@type":"ListItem","position":3,"name":"Hyperbaric Chambers"}]},{"@type":"WebSite","@id":"https:\/\/sso2.com\/#website","url":"https:\/\/sso2.com\/","name":"Southland Sensing Ltd.","description":"Industrial &amp; Medical Gas Analyzers Oxygen CO\u2082, &amp; H\u2082 Monitors","publisher":{"@id":"https:\/\/sso2.com\/#organization"},"alternateName":"SSO2","potentialAction":[{"@type":"SearchAction","target":{"@type":"EntryPoint","urlTemplate":"https:\/\/sso2.com\/?s={search_term_string}"},"query-input":{"@type":"PropertyValueSpecification","valueRequired":true,"valueName":"search_term_string"}}],"inLanguage":"tr"},{"@type":"Organization","@id":"https:\/\/sso2.com\/#organization","name":"Southland Sensing Ltd.","alternateName":"SSO2","url":"https:\/\/sso2.com\/","logo":{"@type":"ImageObject","inLanguage":"tr","@id":"https:\/\/sso2.com\/#\/schema\/logo\/image\/","url":"https:\/\/sso2.com\/wp-content\/uploads\/2025\/10\/sso2_300pixel.webp","contentUrl":"https:\/\/sso2.com\/wp-content\/uploads\/2025\/10\/sso2_300pixel.webp","width":300,"height":50,"caption":"Southland Sensing Ltd."},"image":{"@id":"https:\/\/sso2.com\/#\/schema\/logo\/image\/"},"sameAs":["https:\/\/www.linkedin.com\/company\/southland-sensing-ltd\/"],"description":"Southland Sensing Ltd. brings together superior performance, an improved user experience, and unmatched application expertise to deliver an accurate and reliable measurement solution. That\u2019s why multinationals, small companies and universities alike turn to us again and again.","email":"sales@sso2.com","telephone":"1-949-398-2879","legalName":"Southland Sensing Ltd.","foundingDate":"2013-01-01","numberOfEmployees":{"@type":"QuantitativeValue","minValue":"11","maxValue":"50"},"publishingPrinciples":"https:\/\/sso2.com\/contact-us\/","ownershipFundingInfo":"https:\/\/sso2.com\/about-us\/","actionableFeedbackPolicy":"https:\/\/sso2.com\/contact-us\/"}]}},"jetpack_sharing_enabled":true,"jetpack_shortlink":"https:\/\/wp.me\/PaSzwI-n8","_links":{"self":[{"href":"https:\/\/sso2.com\/tr\/wp-json\/wp\/v2\/pages\/1434","targetHints":{"allow":["GET"]}}],"collection":[{"href":"https:\/\/sso2.com\/tr\/wp-json\/wp\/v2\/pages"}],"about":[{"href":"https:\/\/sso2.com\/tr\/wp-json\/wp\/v2\/types\/page"}],"author":[{"embeddable":true,"href":"https:\/\/sso2.com\/tr\/wp-json\/wp\/v2\/users\/6"}],"replies":[{"embeddable":true,"href":"https:\/\/sso2.com\/tr\/wp-json\/wp\/v2\/comments?post=1434"}],"version-history":[{"count":0,"href":"https:\/\/sso2.com\/tr\/wp-json\/wp\/v2\/pages\/1434\/revisions"}],"up":[{"embeddable":true,"href":"https:\/\/sso2.com\/tr\/wp-json\/wp\/v2\/pages\/388"}],"wp:attachment":[{"href":"https:\/\/sso2.com\/tr\/wp-json\/wp\/v2\/media?parent=1434"}],"curies":[{"name":"wp","href":"https:\/\/api.w.org\/{rel}","templated":true}]}}