{"id":1433,"date":"2021-06-09T18:00:21","date_gmt":"2021-06-09T18:00:21","guid":{"rendered":"https:\/\/sso2.com\/?page_id=1433"},"modified":"2025-11-29T13:31:59","modified_gmt":"2025-11-29T13:31:59","slug":"ethylene-production","status":"publish","type":"page","link":"https:\/\/sso2.com\/tr\/application-notes\/ethylene-production\/","title":{"rendered":"Etilen \u00dcretimi"},"content":{"rendered":"<div data-elementor-type=\"wp-page\" data-elementor-id=\"1433\" class=\"elementor elementor-1433\" data-elementor-post-type=\"page\">\n\t\t\t\t<div class=\"elementor-element elementor-element-6571183 e-flex e-con-boxed e-con e-parent\" data-id=\"6571183\" data-element_type=\"container\" data-e-type=\"container\">\n\t\t\t\t\t<div class=\"e-con-inner\">\n\t\t\t\t<div class=\"elementor-element elementor-element-13535ef0 elementor-widget elementor-widget-text-editor\" data-id=\"13535ef0\" data-element_type=\"widget\" data-e-type=\"widget\" data-widget_type=\"text-editor.default\">\n\t\t\t\t<div class=\"elementor-widget-container\">\n\t\t\t\t\t\t\t\t\t<p>Etilen (C2H4), kimya end\u00fcstrisinde yayg\u0131n olarak kullan\u0131lan ve d\u00fcnya \u00e7ap\u0131nda yayg\u0131n olarak \u00fcretilen renksiz, yan\u0131c\u0131 bir gazd\u0131r. \u00dcretilen t\u00fcm etilenin yar\u0131s\u0131ndan fazlas\u0131, d\u00fcnyan\u0131n en yayg\u0131n kullan\u0131lan plasti\u011fi olan polietilen yap\u0131m\u0131nda kullan\u0131l\u0131r. Ayr\u0131ca di\u011fer plastiklerin \u00fcretiminde ve sentetik kau\u00e7ukta kullan\u0131lmak \u00fczere end\u00fcstriyel etanol, asetik asit ve stiren gibi bir\u00e7ok bile\u015fik i\u00e7in ba\u015flang\u0131\u00e7 malzemesi olarak kullan\u0131l\u0131r.<\/p><p>Etilen genellikle etan ve propan gibi \u00e7ok \u00e7e\u015fitli hidrokarbon hammaddelerinin buharla par\u00e7alanmas\u0131yla \u00fcretilir. Buharla par\u00e7alama, bir hidrokarbonun buharla seyreltilmesini ve b\u00fcy\u00fck hidrokarbonlar\u0131 daha k\u00fc\u00e7\u00fck hidrokarbonlara ay\u0131rmak i\u00e7in anaerobik bir atmosferde \u0131s\u0131t\u0131lmas\u0131n\u0131 i\u00e7erir. Kar\u0131\u015f\u0131m daha sonra s\u0131k\u0131\u015ft\u0131r\u0131l\u0131r ve etileni di\u011fer yan \u00fcr\u00fcnlerden ay\u0131rmak i\u00e7in dam\u0131t\u0131l\u0131r.<\/p><p>\u00dcretilen nihai gaz\u0131n oksijen i\u00e7eri\u011fini \u00f6l\u00e7ebilmek, sisteminizde hava giri\u015fine izin veren herhangi bir s\u0131z\u0131nt\u0131 olup olmad\u0131\u011f\u0131n\u0131 belirlemek ve etileninizin istedi\u011finiz kalitede olmas\u0131n\u0131 sa\u011flamak i\u00e7in \u00f6nemlidir. Analiz\u00f6rlerimiz 19\u201d raf montajl\u0131 <a href=\"https:\/\/sso2.com\/tr\/urun\/omd-675\/\">OMD-675<\/a>, kompakt yap\u0131ya <a href=\"https:\/\/sso2.com\/tr\/urun\/compact-in-line-oxygen-transmitter-ce\/\">OMD-507<\/a> veya ta\u015f\u0131nabilir <a href=\"https:\/\/sso2.com\/tr\/urun\/omd-580\/\">OMD-580<\/a> Gaz \u00fcretiminin t\u00fcm a\u015famalar\u0131na uyacak \u015fekilde. Etilen yan\u0131c\u0131 bir gaz oldu\u011fundan, analitik ekipman i\u00e7in bazen tehlikeli alan s\u0131n\u0131fland\u0131rmas\u0131 gereklidir, bu nedenle ayr\u0131ca <a href=\"https:\/\/sso2.com\/tr\/urun\/hazardous-area-online-process-oxygen-analyzer-ce\/\">OMD-625<\/a> ve <a href=\"https:\/\/sso2.com\/tr\/urun\/explosion-proof-online-trace-oxygen-analyzer-0-1-ppm-ce-copy\/\">OMD-690<\/a> s\u0131ras\u0131yla s\u0131n\u0131f 1, b\u00f6l\u00fcm 1 ve s\u0131n\u0131f 1, b\u00f6l\u00fcm 2 tehlikeli alan \u00f6zelliklerine g\u00f6re tasarlanm\u0131\u015ft\u0131r.<\/p>\t\t\t\t\t\t\t\t<\/div>\n\t\t\t\t<\/div>\n\t\t\t\t\t<\/div>\n\t\t\t\t<\/div>\n\t\t\t\t<\/div>","protected":false},"excerpt":{"rendered":"<p>Ethylene (C2H4) is a colorless, flammable gas that is widely used in the chemical industry and is commonly produced worldwide. More than half of all ethylene produced is used to make polyethylene, the world\u2019s most commonly used plastic. It also is used as a starting material for many compounds such as industrial ethanol, acetic acid, [&hellip;]<\/p>\n","protected":false},"author":6,"featured_media":0,"parent":388,"menu_order":0,"comment_status":"closed","ping_status":"closed","template":"","meta":{"footnotes":""},"class_list":["post-1433","page","type-page","status-publish","hentry"],"yoast_head":"<!-- This site is optimized with the Yoast SEO Premium plugin v27.2 (Yoast SEO v27.2) - https:\/\/yoast.com\/product\/yoast-seo-premium-wordpress\/ -->\n<title>Ethylene Production Systems | Oxygen &amp; O\u2082 Monitoring Solutions<\/title>\n<meta name=\"description\" content=\"Optimize ethylene production with advanced oxygen sensors, O\u2082 analyzers, and depletion monitors. Ensure safe, efficient, and reliable industrial gas operations.\" \/>\n<meta name=\"robots\" content=\"index, follow, max-snippet:-1, max-image-preview:large, max-video-preview:-1\" \/>\n<link rel=\"canonical\" href=\"https:\/\/sso2.com\/tr\/application-notes\/ethylene-production\/\" \/>\n<meta property=\"og:locale\" content=\"tr_TR\" \/>\n<meta property=\"og:type\" content=\"article\" \/>\n<meta property=\"og:title\" content=\"Ethylene Production\" \/>\n<meta property=\"og:description\" content=\"Optimize ethylene production with advanced oxygen sensors, O\u2082 analyzers, and depletion monitors. Ensure safe, efficient, and reliable industrial gas operations.\" \/>\n<meta property=\"og:url\" content=\"https:\/\/sso2.com\/tr\/application-notes\/ethylene-production\/\" \/>\n<meta property=\"og:site_name\" content=\"Southland Sensing Ltd.\" \/>\n<meta property=\"article:modified_time\" content=\"2025-11-29T13:31:59+00:00\" \/>\n<meta property=\"og:image\" content=\"https:\/\/i0.wp.com\/sso2.com\/wp-content\/uploads\/2025\/02\/omd-21.png?fit=1290%2C1158&ssl=1\" \/>\n\t<meta property=\"og:image:width\" content=\"1290\" \/>\n\t<meta property=\"og:image:height\" content=\"1158\" \/>\n\t<meta property=\"og:image:type\" content=\"image\/png\" \/>\n<meta name=\"twitter:card\" content=\"summary_large_image\" \/>\n<meta name=\"twitter:label1\" content=\"Tahmini okuma s\u00fcresi\" \/>\n\t<meta name=\"twitter:data1\" content=\"1 dakika\" \/>\n<script type=\"application\/ld+json\" class=\"yoast-schema-graph\">{\"@context\":\"https:\/\/schema.org\",\"@graph\":[{\"@type\":\"WebPage\",\"@id\":\"https:\/\/sso2.com\/application-notes\/ethylene-production\/\",\"url\":\"https:\/\/sso2.com\/application-notes\/ethylene-production\/\",\"name\":\"Ethylene Production Systems | Oxygen & O\u2082 Monitoring Solutions\",\"isPartOf\":{\"@id\":\"https:\/\/sso2.com\/#website\"},\"datePublished\":\"2021-06-09T18:00:21+00:00\",\"dateModified\":\"2025-11-29T13:31:59+00:00\",\"description\":\"Optimize ethylene production with advanced oxygen sensors, O\u2082 analyzers, and depletion monitors. Ensure safe, efficient, and reliable industrial gas operations.\",\"breadcrumb\":{\"@id\":\"https:\/\/sso2.com\/application-notes\/ethylene-production\/#breadcrumb\"},\"inLanguage\":\"tr\",\"potentialAction\":[{\"@type\":\"ReadAction\",\"target\":[\"https:\/\/sso2.com\/application-notes\/ethylene-production\/\"]}]},{\"@type\":\"BreadcrumbList\",\"@id\":\"https:\/\/sso2.com\/application-notes\/ethylene-production\/#breadcrumb\",\"itemListElement\":[{\"@type\":\"ListItem\",\"position\":1,\"name\":\"Home\",\"item\":\"https:\/\/sso2.com\/en\/\"},{\"@type\":\"ListItem\",\"position\":2,\"name\":\"Application Notes\",\"item\":\"https:\/\/sso2.com\/application-notes\/\"},{\"@type\":\"ListItem\",\"position\":3,\"name\":\"Ethylene Production\"}]},{\"@type\":\"WebSite\",\"@id\":\"https:\/\/sso2.com\/#website\",\"url\":\"https:\/\/sso2.com\/\",\"name\":\"Southland Sensing Ltd.\",\"description\":\"Industrial &amp; Medical Gas Analyzers Oxygen CO\u2082, &amp; H\u2082 Monitors\",\"publisher\":{\"@id\":\"https:\/\/sso2.com\/#organization\"},\"alternateName\":\"SSO2\",\"potentialAction\":[{\"@type\":\"SearchAction\",\"target\":{\"@type\":\"EntryPoint\",\"urlTemplate\":\"https:\/\/sso2.com\/?s={search_term_string}\"},\"query-input\":{\"@type\":\"PropertyValueSpecification\",\"valueRequired\":true,\"valueName\":\"search_term_string\"}}],\"inLanguage\":\"tr\"},{\"@type\":\"Organization\",\"@id\":\"https:\/\/sso2.com\/#organization\",\"name\":\"Southland Sensing Ltd.\",\"alternateName\":\"SSO2\",\"url\":\"https:\/\/sso2.com\/\",\"logo\":{\"@type\":\"ImageObject\",\"inLanguage\":\"tr\",\"@id\":\"https:\/\/sso2.com\/#\/schema\/logo\/image\/\",\"url\":\"https:\/\/sso2.com\/wp-content\/uploads\/2025\/10\/sso2_300pixel.webp\",\"contentUrl\":\"https:\/\/sso2.com\/wp-content\/uploads\/2025\/10\/sso2_300pixel.webp\",\"width\":300,\"height\":50,\"caption\":\"Southland Sensing Ltd.\"},\"image\":{\"@id\":\"https:\/\/sso2.com\/#\/schema\/logo\/image\/\"},\"sameAs\":[\"https:\/\/www.linkedin.com\/company\/southland-sensing-ltd\/\"],\"description\":\"Southland Sensing Ltd. brings together superior performance, an improved user experience, and unmatched application expertise to deliver an accurate and reliable measurement solution. That\u2019s why multinationals, small companies and universities alike turn to us again and again.\",\"email\":\"sales@sso2.com\",\"telephone\":\"1-949-398-2879\",\"legalName\":\"Southland Sensing Ltd.\",\"foundingDate\":\"2013-01-01\",\"numberOfEmployees\":{\"@type\":\"QuantitativeValue\",\"minValue\":\"11\",\"maxValue\":\"50\"},\"publishingPrinciples\":\"https:\/\/sso2.com\/contact-us\/\",\"ownershipFundingInfo\":\"https:\/\/sso2.com\/about-us\/\",\"actionableFeedbackPolicy\":\"https:\/\/sso2.com\/contact-us\/\"}]}<\/script>\n<!-- \/ Yoast SEO Premium plugin. -->","yoast_head_json":{"title":"Ethylene Production Systems | Oxygen & O\u2082 Monitoring Solutions","description":"Optimize ethylene production with advanced oxygen sensors, O\u2082 analyzers, and depletion monitors. Ensure safe, efficient, and reliable industrial gas operations.","robots":{"index":"index","follow":"follow","max-snippet":"max-snippet:-1","max-image-preview":"max-image-preview:large","max-video-preview":"max-video-preview:-1"},"canonical":"https:\/\/sso2.com\/tr\/application-notes\/ethylene-production\/","og_locale":"tr_TR","og_type":"article","og_title":"Ethylene Production","og_description":"Optimize ethylene production with advanced oxygen sensors, O\u2082 analyzers, and depletion monitors. Ensure safe, efficient, and reliable industrial gas operations.","og_url":"https:\/\/sso2.com\/tr\/application-notes\/ethylene-production\/","og_site_name":"Southland Sensing Ltd.","article_modified_time":"2025-11-29T13:31:59+00:00","og_image":[{"width":1290,"height":1158,"url":"https:\/\/i0.wp.com\/sso2.com\/wp-content\/uploads\/2025\/02\/omd-21.png?fit=1290%2C1158&ssl=1","type":"image\/png"}],"twitter_card":"summary_large_image","twitter_misc":{"Tahmini okuma s\u00fcresi":"1 dakika"},"schema":{"@context":"https:\/\/schema.org","@graph":[{"@type":"WebPage","@id":"https:\/\/sso2.com\/application-notes\/ethylene-production\/","url":"https:\/\/sso2.com\/application-notes\/ethylene-production\/","name":"Ethylene Production Systems | Oxygen & O\u2082 Monitoring Solutions","isPartOf":{"@id":"https:\/\/sso2.com\/#website"},"datePublished":"2021-06-09T18:00:21+00:00","dateModified":"2025-11-29T13:31:59+00:00","description":"Optimize ethylene production with advanced oxygen sensors, O\u2082 analyzers, and depletion monitors. Ensure safe, efficient, and reliable industrial gas operations.","breadcrumb":{"@id":"https:\/\/sso2.com\/application-notes\/ethylene-production\/#breadcrumb"},"inLanguage":"tr","potentialAction":[{"@type":"ReadAction","target":["https:\/\/sso2.com\/application-notes\/ethylene-production\/"]}]},{"@type":"BreadcrumbList","@id":"https:\/\/sso2.com\/application-notes\/ethylene-production\/#breadcrumb","itemListElement":[{"@type":"ListItem","position":1,"name":"Home","item":"https:\/\/sso2.com\/en\/"},{"@type":"ListItem","position":2,"name":"Application Notes","item":"https:\/\/sso2.com\/application-notes\/"},{"@type":"ListItem","position":3,"name":"Ethylene Production"}]},{"@type":"WebSite","@id":"https:\/\/sso2.com\/#website","url":"https:\/\/sso2.com\/","name":"Southland Sensing Ltd.","description":"Industrial &amp; Medical Gas Analyzers Oxygen CO\u2082, &amp; H\u2082 Monitors","publisher":{"@id":"https:\/\/sso2.com\/#organization"},"alternateName":"SSO2","potentialAction":[{"@type":"SearchAction","target":{"@type":"EntryPoint","urlTemplate":"https:\/\/sso2.com\/?s={search_term_string}"},"query-input":{"@type":"PropertyValueSpecification","valueRequired":true,"valueName":"search_term_string"}}],"inLanguage":"tr"},{"@type":"Organization","@id":"https:\/\/sso2.com\/#organization","name":"Southland Sensing Ltd.","alternateName":"SSO2","url":"https:\/\/sso2.com\/","logo":{"@type":"ImageObject","inLanguage":"tr","@id":"https:\/\/sso2.com\/#\/schema\/logo\/image\/","url":"https:\/\/sso2.com\/wp-content\/uploads\/2025\/10\/sso2_300pixel.webp","contentUrl":"https:\/\/sso2.com\/wp-content\/uploads\/2025\/10\/sso2_300pixel.webp","width":300,"height":50,"caption":"Southland Sensing Ltd."},"image":{"@id":"https:\/\/sso2.com\/#\/schema\/logo\/image\/"},"sameAs":["https:\/\/www.linkedin.com\/company\/southland-sensing-ltd\/"],"description":"Southland Sensing Ltd. brings together superior performance, an improved user experience, and unmatched application expertise to deliver an accurate and reliable measurement solution. That\u2019s why multinationals, small companies and universities alike turn to us again and again.","email":"sales@sso2.com","telephone":"1-949-398-2879","legalName":"Southland Sensing Ltd.","foundingDate":"2013-01-01","numberOfEmployees":{"@type":"QuantitativeValue","minValue":"11","maxValue":"50"},"publishingPrinciples":"https:\/\/sso2.com\/contact-us\/","ownershipFundingInfo":"https:\/\/sso2.com\/about-us\/","actionableFeedbackPolicy":"https:\/\/sso2.com\/contact-us\/"}]}},"jetpack_sharing_enabled":true,"jetpack_shortlink":"https:\/\/wp.me\/PaSzwI-n7","_links":{"self":[{"href":"https:\/\/sso2.com\/tr\/wp-json\/wp\/v2\/pages\/1433","targetHints":{"allow":["GET"]}}],"collection":[{"href":"https:\/\/sso2.com\/tr\/wp-json\/wp\/v2\/pages"}],"about":[{"href":"https:\/\/sso2.com\/tr\/wp-json\/wp\/v2\/types\/page"}],"author":[{"embeddable":true,"href":"https:\/\/sso2.com\/tr\/wp-json\/wp\/v2\/users\/6"}],"replies":[{"embeddable":true,"href":"https:\/\/sso2.com\/tr\/wp-json\/wp\/v2\/comments?post=1433"}],"version-history":[{"count":0,"href":"https:\/\/sso2.com\/tr\/wp-json\/wp\/v2\/pages\/1433\/revisions"}],"up":[{"embeddable":true,"href":"https:\/\/sso2.com\/tr\/wp-json\/wp\/v2\/pages\/388"}],"wp:attachment":[{"href":"https:\/\/sso2.com\/tr\/wp-json\/wp\/v2\/media?parent=1433"}],"curies":[{"name":"wp","href":"https:\/\/api.w.org\/{rel}","templated":true}]}}