{"id":1430,"date":"2021-05-05T22:48:57","date_gmt":"2021-05-05T22:48:57","guid":{"rendered":"https:\/\/sso2.com\/?page_id=1430"},"modified":"2025-11-29T13:45:44","modified_gmt":"2025-11-29T13:45:44","slug":"inert-gas-generators","status":"publish","type":"page","link":"https:\/\/sso2.com\/tr\/application-notes\/inert-gas-generators\/","title":{"rendered":"\u0130nert Gaz Jenerat\u00f6rleri"},"content":{"rendered":"<div data-elementor-type=\"wp-page\" data-elementor-id=\"1430\" class=\"elementor elementor-1430\" data-elementor-post-type=\"page\">\n\t\t\t\t<div class=\"elementor-element elementor-element-573db532 e-flex e-con-boxed e-con e-parent\" data-id=\"573db532\" data-element_type=\"container\" data-e-type=\"container\">\n\t\t\t\t\t<div class=\"e-con-inner\">\n\t\t\t\t<div class=\"elementor-element elementor-element-6bb5c262 elementor-widget elementor-widget-text-editor\" data-id=\"6bb5c262\" data-element_type=\"widget\" data-e-type=\"widget\" data-widget_type=\"text-editor.default\">\n\t\t\t\t<div class=\"elementor-widget-container\">\n\t\t\t\t\t\t\t\t\t<p>Bir\u00e7ok end\u00fcstriyel uygulama, kolayl\u0131k sa\u011flamak ve paradan tasarruf etmek i\u00e7in genellikle yerinde \u00fcretilebilen inert gaza ihtiya\u00e7 duyar. \u0130nert gaz \u00f6rt\u00fcs\u00fc, ila\u00e7tan yiyecek ve i\u00e7ece\u011fe ve elektronik PCB'lerin yeniden lehimlenmesine kadar \u00e7e\u015fitli end\u00fcstrilerde oksidasyonu \u00f6nlemek veya g\u00fcvenlik i\u00e7in nitrojen gibi bir gaz yata\u011f\u0131n\u0131n bir prosesin \u00fczerine ak\u0131t\u0131ld\u0131\u011f\u0131 \u00e7ok yayg\u0131n olarak kullan\u0131lan bir proses \u00f6rne\u011fidir. Azot ve Argon, tek amac\u0131n safla\u015ft\u0131r\u0131lm\u0131\u015f gaz olu\u015fturmak oldu\u011fu \u00e7ok daha b\u00fcy\u00fck tesislere kadar, bir forklift k\u0131za\u011f\u0131na s\u0131\u011facak kadar k\u00fc\u00e7\u00fck paketlerde bir bas\u0131n\u00e7 sal\u0131n\u0131ml\u0131 adsorpsiyon (PSA) veya membran jenerat\u00f6r\u00fc kullan\u0131larak ortam havas\u0131ndan ayr\u0131labilir ve konsantre edilebilir. Karbondioksit yayg\u0131n olarak kullan\u0131lan bir di\u011fer inert gazd\u0131r ve di\u011fer end\u00fcstriyel proseslerin at\u0131k gazlar\u0131ndan ayr\u0131\u015ft\u0131r\u0131labilir.<\/p><p>\u00dcretilen gazlardaki oksijeni \u00f6l\u00e7ebilmek, \u00fcr\u00fcn\u00fcn hatas\u0131z oldu\u011fundan ve \u00fcretim sisteminin s\u0131zd\u0131rmaz oldu\u011fundan emin olmak i\u00e7in \u00f6nemlidir. Milyonda bir par\u00e7aya veya d\u00fc\u015f\u00fck oksijen y\u00fczdesine kadar \u00f6l\u00e7\u00fcm yapabilen son teknoloji \u00fcr\u00fcn\u00fc, g\u00fcvenilir elektrokimyasal sens\u00f6rler sunuyoruz ve analiz\u00f6rlerimiz raf tipi <a href=\"https:\/\/sso2.com\/tr\/urun\/omd-675\/\">OMD-675<\/a>, ta\u015f\u0131nabilir <a href=\"https:\/\/sso2.com\/tr\/urun\/portable-trace-oxygen-analyzer-ce\/\">OMD-640<\/a>, kompakt yap\u0131ya <a href=\"https:\/\/sso2.com\/tr\/urun\/compact-in-line-oxygen-transmitter-ce\/\">OMD-507<\/a> gaz \u00fcretiminin t\u00fcm a\u015famalar\u0131na uyacak \u015fekilde tasarlanm\u0131\u015ft\u0131r.<\/p><p>Bir\u00e7ok inert gaz insanlar taraf\u0131ndan tamamen tespit edilemedi\u011finden ve bir alan\u0131 h\u0131zla doldurarak bo\u011fulma tehlikesi yaratabildi\u011finden, ortam havas\u0131n\u0131n izlenmesi b\u00fcy\u00fck miktarlarda gaz mevcut oldu\u011funda da \u00e7ok \u00f6nemlidir. Bu nedenle <a href=\"https:\/\/sso2.com\/tr\/urun\/ambient-air-oxygen-analyzer\/\">OMD-351-O2<\/a> ger\u00e7ek zamanl\u0131 oksijen konsantrasyonu ekran\u0131, sesli alarm, iki yap\u0131land\u0131r\u0131labilir mandall\u0131 olmayan form C alarm konta\u011f\u0131, g\u00f6rsel LED alarmlar\u0131 ve elektrik kesintisi durumunda bile g\u00fcvenli\u011fi sa\u011flamak i\u00e7in entegre bir pil yedekleme \u00f6zelli\u011fine sahiptir.<\/p>\t\t\t\t\t\t\t\t<\/div>\n\t\t\t\t<\/div>\n\t\t\t\t\t<\/div>\n\t\t\t\t<\/div>\n\t\t\t\t<\/div>","protected":false},"excerpt":{"rendered":"<p>Many industrial applications require inert gas, which can often be generated on-site for convenience and to save money. Inert gas blanketing is an example of a very broadly used process, where a bed of a gas such as nitrogen is flowed over a process to prevent oxidation or for safety in industries varying from pharmaceutical [&hellip;]<\/p>\n","protected":false},"author":6,"featured_media":0,"parent":388,"menu_order":0,"comment_status":"closed","ping_status":"closed","template":"","meta":{"footnotes":""},"class_list":["post-1430","page","type-page","status-publish","hentry"],"yoast_head":"<!-- This site is optimized with the Yoast SEO Premium plugin v27.2 (Yoast SEO v27.2) - https:\/\/yoast.com\/product\/yoast-seo-premium-wordpress\/ -->\n<title>Inert Gas Generators | Oxygen &amp; O\u2082 Monitoring Systems<\/title>\n<meta name=\"description\" content=\"Safe and efficient inert gas generation with oxygen sensors, O\u2082 analyzers, and depletion\/deficiency monitors to ensure industrial gas safety and reliability.\" \/>\n<meta name=\"robots\" content=\"index, follow, max-snippet:-1, max-image-preview:large, max-video-preview:-1\" \/>\n<link rel=\"canonical\" href=\"https:\/\/sso2.com\/tr\/application-notes\/inert-gas-generators\/\" \/>\n<meta property=\"og:locale\" content=\"tr_TR\" \/>\n<meta property=\"og:type\" content=\"article\" \/>\n<meta property=\"og:title\" content=\"Inert Gas Generators\" \/>\n<meta property=\"og:description\" content=\"Safe and efficient inert gas generation with oxygen sensors, O\u2082 analyzers, and depletion\/deficiency monitors to ensure industrial gas safety and reliability.\" \/>\n<meta property=\"og:url\" content=\"https:\/\/sso2.com\/tr\/application-notes\/inert-gas-generators\/\" \/>\n<meta property=\"og:site_name\" content=\"Southland Sensing Ltd.\" \/>\n<meta property=\"article:modified_time\" content=\"2025-11-29T13:45:44+00:00\" \/>\n<meta property=\"og:image\" content=\"https:\/\/i0.wp.com\/sso2.com\/wp-content\/uploads\/2025\/02\/omd-21.png?fit=1290%2C1158&ssl=1\" \/>\n\t<meta property=\"og:image:width\" content=\"1290\" \/>\n\t<meta property=\"og:image:height\" content=\"1158\" \/>\n\t<meta property=\"og:image:type\" content=\"image\/png\" \/>\n<meta name=\"twitter:card\" content=\"summary_large_image\" \/>\n<meta name=\"twitter:label1\" content=\"Tahmini okuma s\u00fcresi\" \/>\n\t<meta name=\"twitter:data1\" content=\"2 dakika\" \/>\n<script type=\"application\/ld+json\" class=\"yoast-schema-graph\">{\"@context\":\"https:\/\/schema.org\",\"@graph\":[{\"@type\":\"WebPage\",\"@id\":\"https:\/\/sso2.com\/application-notes\/inert-gas-generators\/\",\"url\":\"https:\/\/sso2.com\/application-notes\/inert-gas-generators\/\",\"name\":\"Inert Gas Generators | Oxygen & O\u2082 Monitoring Systems\",\"isPartOf\":{\"@id\":\"https:\/\/sso2.com\/#website\"},\"datePublished\":\"2021-05-05T22:48:57+00:00\",\"dateModified\":\"2025-11-29T13:45:44+00:00\",\"description\":\"Safe and efficient inert gas generation with oxygen sensors, O\u2082 analyzers, and depletion\/deficiency monitors to ensure industrial gas safety and reliability.\",\"breadcrumb\":{\"@id\":\"https:\/\/sso2.com\/application-notes\/inert-gas-generators\/#breadcrumb\"},\"inLanguage\":\"tr\",\"potentialAction\":[{\"@type\":\"ReadAction\",\"target\":[\"https:\/\/sso2.com\/application-notes\/inert-gas-generators\/\"]}]},{\"@type\":\"BreadcrumbList\",\"@id\":\"https:\/\/sso2.com\/application-notes\/inert-gas-generators\/#breadcrumb\",\"itemListElement\":[{\"@type\":\"ListItem\",\"position\":1,\"name\":\"Home\",\"item\":\"https:\/\/sso2.com\/en\/\"},{\"@type\":\"ListItem\",\"position\":2,\"name\":\"Application Notes\",\"item\":\"https:\/\/sso2.com\/application-notes\/\"},{\"@type\":\"ListItem\",\"position\":3,\"name\":\"Inert Gas Generators\"}]},{\"@type\":\"WebSite\",\"@id\":\"https:\/\/sso2.com\/#website\",\"url\":\"https:\/\/sso2.com\/\",\"name\":\"Southland Sensing Ltd.\",\"description\":\"Industrial &amp; Medical Gas Analyzers Oxygen CO\u2082, &amp; H\u2082 Monitors\",\"publisher\":{\"@id\":\"https:\/\/sso2.com\/#organization\"},\"alternateName\":\"SSO2\",\"potentialAction\":[{\"@type\":\"SearchAction\",\"target\":{\"@type\":\"EntryPoint\",\"urlTemplate\":\"https:\/\/sso2.com\/?s={search_term_string}\"},\"query-input\":{\"@type\":\"PropertyValueSpecification\",\"valueRequired\":true,\"valueName\":\"search_term_string\"}}],\"inLanguage\":\"tr\"},{\"@type\":\"Organization\",\"@id\":\"https:\/\/sso2.com\/#organization\",\"name\":\"Southland Sensing Ltd.\",\"alternateName\":\"SSO2\",\"url\":\"https:\/\/sso2.com\/\",\"logo\":{\"@type\":\"ImageObject\",\"inLanguage\":\"tr\",\"@id\":\"https:\/\/sso2.com\/#\/schema\/logo\/image\/\",\"url\":\"https:\/\/sso2.com\/wp-content\/uploads\/2025\/10\/sso2_300pixel.webp\",\"contentUrl\":\"https:\/\/sso2.com\/wp-content\/uploads\/2025\/10\/sso2_300pixel.webp\",\"width\":300,\"height\":50,\"caption\":\"Southland Sensing Ltd.\"},\"image\":{\"@id\":\"https:\/\/sso2.com\/#\/schema\/logo\/image\/\"},\"sameAs\":[\"https:\/\/www.linkedin.com\/company\/southland-sensing-ltd\/\"],\"description\":\"Southland Sensing Ltd. brings together superior performance, an improved user experience, and unmatched application expertise to deliver an accurate and reliable measurement solution. That\u2019s why multinationals, small companies and universities alike turn to us again and again.\",\"email\":\"sales@sso2.com\",\"telephone\":\"1-949-398-2879\",\"legalName\":\"Southland Sensing Ltd.\",\"foundingDate\":\"2013-01-01\",\"numberOfEmployees\":{\"@type\":\"QuantitativeValue\",\"minValue\":\"11\",\"maxValue\":\"50\"},\"publishingPrinciples\":\"https:\/\/sso2.com\/contact-us\/\",\"ownershipFundingInfo\":\"https:\/\/sso2.com\/about-us\/\",\"actionableFeedbackPolicy\":\"https:\/\/sso2.com\/contact-us\/\"}]}<\/script>\n<!-- \/ Yoast SEO Premium plugin. -->","yoast_head_json":{"title":"Inert Gas Generators | Oxygen & O\u2082 Monitoring Systems","description":"Safe and efficient inert gas generation with oxygen sensors, O\u2082 analyzers, and depletion\/deficiency monitors to ensure industrial gas safety and reliability.","robots":{"index":"index","follow":"follow","max-snippet":"max-snippet:-1","max-image-preview":"max-image-preview:large","max-video-preview":"max-video-preview:-1"},"canonical":"https:\/\/sso2.com\/tr\/application-notes\/inert-gas-generators\/","og_locale":"tr_TR","og_type":"article","og_title":"Inert Gas Generators","og_description":"Safe and efficient inert gas generation with oxygen sensors, O\u2082 analyzers, and depletion\/deficiency monitors to ensure industrial gas safety and reliability.","og_url":"https:\/\/sso2.com\/tr\/application-notes\/inert-gas-generators\/","og_site_name":"Southland Sensing Ltd.","article_modified_time":"2025-11-29T13:45:44+00:00","og_image":[{"width":1290,"height":1158,"url":"https:\/\/i0.wp.com\/sso2.com\/wp-content\/uploads\/2025\/02\/omd-21.png?fit=1290%2C1158&ssl=1","type":"image\/png"}],"twitter_card":"summary_large_image","twitter_misc":{"Tahmini okuma s\u00fcresi":"2 dakika"},"schema":{"@context":"https:\/\/schema.org","@graph":[{"@type":"WebPage","@id":"https:\/\/sso2.com\/application-notes\/inert-gas-generators\/","url":"https:\/\/sso2.com\/application-notes\/inert-gas-generators\/","name":"Inert Gas Generators | Oxygen & O\u2082 Monitoring Systems","isPartOf":{"@id":"https:\/\/sso2.com\/#website"},"datePublished":"2021-05-05T22:48:57+00:00","dateModified":"2025-11-29T13:45:44+00:00","description":"Safe and efficient inert gas generation with oxygen sensors, O\u2082 analyzers, and depletion\/deficiency monitors to ensure industrial gas safety and reliability.","breadcrumb":{"@id":"https:\/\/sso2.com\/application-notes\/inert-gas-generators\/#breadcrumb"},"inLanguage":"tr","potentialAction":[{"@type":"ReadAction","target":["https:\/\/sso2.com\/application-notes\/inert-gas-generators\/"]}]},{"@type":"BreadcrumbList","@id":"https:\/\/sso2.com\/application-notes\/inert-gas-generators\/#breadcrumb","itemListElement":[{"@type":"ListItem","position":1,"name":"Home","item":"https:\/\/sso2.com\/en\/"},{"@type":"ListItem","position":2,"name":"Application Notes","item":"https:\/\/sso2.com\/application-notes\/"},{"@type":"ListItem","position":3,"name":"Inert Gas Generators"}]},{"@type":"WebSite","@id":"https:\/\/sso2.com\/#website","url":"https:\/\/sso2.com\/","name":"Southland Sensing Ltd.","description":"Industrial &amp; Medical Gas Analyzers Oxygen CO\u2082, &amp; H\u2082 Monitors","publisher":{"@id":"https:\/\/sso2.com\/#organization"},"alternateName":"SSO2","potentialAction":[{"@type":"SearchAction","target":{"@type":"EntryPoint","urlTemplate":"https:\/\/sso2.com\/?s={search_term_string}"},"query-input":{"@type":"PropertyValueSpecification","valueRequired":true,"valueName":"search_term_string"}}],"inLanguage":"tr"},{"@type":"Organization","@id":"https:\/\/sso2.com\/#organization","name":"Southland Sensing Ltd.","alternateName":"SSO2","url":"https:\/\/sso2.com\/","logo":{"@type":"ImageObject","inLanguage":"tr","@id":"https:\/\/sso2.com\/#\/schema\/logo\/image\/","url":"https:\/\/sso2.com\/wp-content\/uploads\/2025\/10\/sso2_300pixel.webp","contentUrl":"https:\/\/sso2.com\/wp-content\/uploads\/2025\/10\/sso2_300pixel.webp","width":300,"height":50,"caption":"Southland Sensing Ltd."},"image":{"@id":"https:\/\/sso2.com\/#\/schema\/logo\/image\/"},"sameAs":["https:\/\/www.linkedin.com\/company\/southland-sensing-ltd\/"],"description":"Southland Sensing Ltd. brings together superior performance, an improved user experience, and unmatched application expertise to deliver an accurate and reliable measurement solution. That\u2019s why multinationals, small companies and universities alike turn to us again and again.","email":"sales@sso2.com","telephone":"1-949-398-2879","legalName":"Southland Sensing Ltd.","foundingDate":"2013-01-01","numberOfEmployees":{"@type":"QuantitativeValue","minValue":"11","maxValue":"50"},"publishingPrinciples":"https:\/\/sso2.com\/contact-us\/","ownershipFundingInfo":"https:\/\/sso2.com\/about-us\/","actionableFeedbackPolicy":"https:\/\/sso2.com\/contact-us\/"}]}},"jetpack_sharing_enabled":true,"jetpack_shortlink":"https:\/\/wp.me\/PaSzwI-n4","_links":{"self":[{"href":"https:\/\/sso2.com\/tr\/wp-json\/wp\/v2\/pages\/1430","targetHints":{"allow":["GET"]}}],"collection":[{"href":"https:\/\/sso2.com\/tr\/wp-json\/wp\/v2\/pages"}],"about":[{"href":"https:\/\/sso2.com\/tr\/wp-json\/wp\/v2\/types\/page"}],"author":[{"embeddable":true,"href":"https:\/\/sso2.com\/tr\/wp-json\/wp\/v2\/users\/6"}],"replies":[{"embeddable":true,"href":"https:\/\/sso2.com\/tr\/wp-json\/wp\/v2\/comments?post=1430"}],"version-history":[{"count":0,"href":"https:\/\/sso2.com\/tr\/wp-json\/wp\/v2\/pages\/1430\/revisions"}],"up":[{"embeddable":true,"href":"https:\/\/sso2.com\/tr\/wp-json\/wp\/v2\/pages\/388"}],"wp:attachment":[{"href":"https:\/\/sso2.com\/tr\/wp-json\/wp\/v2\/media?parent=1430"}],"curies":[{"name":"wp","href":"https:\/\/api.w.org\/{rel}","templated":true}]}}