{"id":1428,"date":"2021-04-16T19:55:04","date_gmt":"2021-04-16T19:55:04","guid":{"rendered":"https:\/\/sso2.com\/?page_id=1428"},"modified":"2025-11-29T13:14:40","modified_gmt":"2025-11-29T13:14:40","slug":"bulk-industrial-gas-plants","status":"publish","type":"page","link":"https:\/\/sso2.com\/tr\/application-notes\/bulk-industrial-gas-plants\/","title":{"rendered":"D\u00f6kme End\u00fcstriyel Gaz Tesisleri"},"content":{"rendered":"<div data-elementor-type=\"wp-page\" data-elementor-id=\"1428\" class=\"elementor elementor-1428\" data-elementor-post-type=\"page\">\n\t\t\t\t<div class=\"elementor-element elementor-element-3cd0db83 e-flex e-con-boxed e-con e-parent\" data-id=\"3cd0db83\" data-element_type=\"container\" data-e-type=\"container\">\n\t\t\t\t\t<div class=\"e-con-inner\">\n\t\t\t\t<div class=\"elementor-element elementor-element-63e79859 elementor-widget elementor-widget-text-editor\" data-id=\"63e79859\" data-element_type=\"widget\" data-e-type=\"widget\" data-widget_type=\"text-editor.default\">\n\t\t\t\t<div class=\"elementor-widget-container\">\n\t\t\t\t\t\t\t\t\t<p>SS O\u2082 provides high-efficiency bulk industrial gas plants equipped with advanced oxygen sensors, O\u2082 analyzers, depletion monitors, and oxygen safety systems. Our solutions ensure continuous, accurate monitoring for oxygen deficiency, room oxygen levels, and production quality in industrial environments.<\/p><p>Wide variety of gases and gas mixtures are used in various industries, some of which can be generated from the air around us. A few examples of gas generation are <a href=\"https:\/\/sso2.com\/tr\/application-notes\/psa-and-vpsa-processing\/\">pressure swing adsorption (PSA)<\/a> generators, which can remove and concentrate the oxygen or nitrogen from the air, and <a href=\"https:\/\/sso2.com\/tr\/application-notes\/co2-production\/\">carbon dioxide<\/a> which can be removed from the waste gas produced by some industries with a similar method of action.<\/p><p>Being able to measure oxygen in the gases being generated is important to ensure the product is free from defects. We offer state-of-the-art, reliable electrochemical sensors that can measure down to parts-per-million or low percent oxygen, or up to 100% oxygen for pure O2 generation. Our analyzers range from the 19\u201d rack mount <a href=\"https:\/\/sso2.com\/tr\/urun\/omd-675\/\">OMD-675<\/a> ve <a href=\"https:\/\/sso2.com\/tr\/urun\/omd-775\/\">OMD-775<\/a>, kompakt yap\u0131ya <a href=\"https:\/\/sso2.com\/tr\/urun\/compact-in-line-oxygen-transmitter-ce\/\">OMD-507<\/a> gaz \u00fcretiminin t\u00fcm a\u015famalar\u0131na uyacak \u015fekilde tasarlanm\u0131\u015ft\u0131r.<\/p><p>Ambient air monitoring is also very important when bulk amounts of gas are present. Many inert gases are completely undetectable by humans and can quickly fill an area and create an asphyxiation hazard. Elevated oxygen levels can also cause a hazard as it can create an increased risk of accidental fire. The <a href=\"https:\/\/sso2.com\/tr\/ortam-havasi-moni%cc%87torleri%cc%87\/\">OMD-351<\/a> series includes an oxygen monitor, as well as monitors for other dangerous gases such as chlorine or carbon monoxide.<\/p>\t\t\t\t\t\t\t\t<\/div>\n\t\t\t\t<\/div>\n\t\t\t\t\t<\/div>\n\t\t\t\t<\/div>\n\t\t\t\t<\/div>","protected":false},"excerpt":{"rendered":"<p>SS O\u2082 provides high-efficiency bulk industrial gas plants equipped with advanced oxygen sensors, O\u2082 analyzers, depletion monitors, and oxygen safety systems. Our solutions ensure continuous, accurate monitoring for oxygen deficiency, room oxygen levels, and production quality in industrial environments. Wide variety of gases and gas mixtures are used in various industries, some of which can [&hellip;]<\/p>\n","protected":false},"author":6,"featured_media":0,"parent":388,"menu_order":0,"comment_status":"closed","ping_status":"closed","template":"","meta":{"footnotes":""},"class_list":["post-1428","page","type-page","status-publish","hentry"],"yoast_head":"<!-- This site is optimized with the Yoast SEO Premium plugin v27.2 (Yoast SEO v27.2) - https:\/\/yoast.com\/product\/yoast-seo-premium-wordpress\/ -->\n<title>Bulk Industrial Gas Plants | Oxygen Sensor &amp; O\u2082 Analyzer Systems<\/title>\n<meta name=\"description\" content=\"High-efficiency bulk industrial gas plants equipped with oxygen sensors, O\u2082 analyzers, oxygen depletion monitors, and complete gas safety systems.\" \/>\n<meta name=\"robots\" content=\"index, follow, max-snippet:-1, max-image-preview:large, max-video-preview:-1\" \/>\n<link rel=\"canonical\" href=\"https:\/\/sso2.com\/tr\/application-notes\/bulk-industrial-gas-plants\/\" \/>\n<meta property=\"og:locale\" content=\"tr_TR\" \/>\n<meta property=\"og:type\" content=\"article\" \/>\n<meta property=\"og:title\" content=\"Bulk Industrial Gas Plants\" \/>\n<meta property=\"og:description\" content=\"High-efficiency bulk industrial gas plants equipped with oxygen sensors, O\u2082 analyzers, oxygen depletion monitors, and complete gas safety systems.\" \/>\n<meta property=\"og:url\" content=\"https:\/\/sso2.com\/tr\/application-notes\/bulk-industrial-gas-plants\/\" \/>\n<meta property=\"og:site_name\" content=\"Southland Sensing Ltd.\" \/>\n<meta property=\"article:modified_time\" content=\"2025-11-29T13:14:40+00:00\" \/>\n<meta property=\"og:image\" content=\"https:\/\/i0.wp.com\/sso2.com\/wp-content\/uploads\/2025\/02\/omd-21.png?fit=1290%2C1158&ssl=1\" \/>\n\t<meta property=\"og:image:width\" content=\"1290\" \/>\n\t<meta property=\"og:image:height\" content=\"1158\" \/>\n\t<meta property=\"og:image:type\" content=\"image\/png\" \/>\n<meta name=\"twitter:card\" content=\"summary_large_image\" \/>\n<meta name=\"twitter:label1\" content=\"Tahmini okuma s\u00fcresi\" \/>\n\t<meta name=\"twitter:data1\" content=\"2 dakika\" \/>\n<script type=\"application\/ld+json\" class=\"yoast-schema-graph\">{\"@context\":\"https:\/\/schema.org\",\"@graph\":[{\"@type\":\"WebPage\",\"@id\":\"https:\/\/sso2.com\/application-notes\/bulk-industrial-gas-plants\/\",\"url\":\"https:\/\/sso2.com\/application-notes\/bulk-industrial-gas-plants\/\",\"name\":\"Bulk Industrial Gas Plants | Oxygen Sensor & O\u2082 Analyzer Systems\",\"isPartOf\":{\"@id\":\"https:\/\/sso2.com\/#website\"},\"datePublished\":\"2021-04-16T19:55:04+00:00\",\"dateModified\":\"2025-11-29T13:14:40+00:00\",\"description\":\"High-efficiency bulk industrial gas plants equipped with oxygen sensors, O\u2082 analyzers, oxygen depletion monitors, and complete gas safety systems.\",\"breadcrumb\":{\"@id\":\"https:\/\/sso2.com\/application-notes\/bulk-industrial-gas-plants\/#breadcrumb\"},\"inLanguage\":\"tr\",\"potentialAction\":[{\"@type\":\"ReadAction\",\"target\":[\"https:\/\/sso2.com\/application-notes\/bulk-industrial-gas-plants\/\"]}]},{\"@type\":\"BreadcrumbList\",\"@id\":\"https:\/\/sso2.com\/application-notes\/bulk-industrial-gas-plants\/#breadcrumb\",\"itemListElement\":[{\"@type\":\"ListItem\",\"position\":1,\"name\":\"Home\",\"item\":\"https:\/\/sso2.com\/en\/\"},{\"@type\":\"ListItem\",\"position\":2,\"name\":\"Application Notes\",\"item\":\"https:\/\/sso2.com\/application-notes\/\"},{\"@type\":\"ListItem\",\"position\":3,\"name\":\"Bulk Industrial Gas Plants\"}]},{\"@type\":\"WebSite\",\"@id\":\"https:\/\/sso2.com\/#website\",\"url\":\"https:\/\/sso2.com\/\",\"name\":\"Southland Sensing Ltd.\",\"description\":\"Industrial &amp; Medical Gas Analyzers Oxygen CO\u2082, &amp; H\u2082 Monitors\",\"publisher\":{\"@id\":\"https:\/\/sso2.com\/#organization\"},\"alternateName\":\"SSO2\",\"potentialAction\":[{\"@type\":\"SearchAction\",\"target\":{\"@type\":\"EntryPoint\",\"urlTemplate\":\"https:\/\/sso2.com\/?s={search_term_string}\"},\"query-input\":{\"@type\":\"PropertyValueSpecification\",\"valueRequired\":true,\"valueName\":\"search_term_string\"}}],\"inLanguage\":\"tr\"},{\"@type\":\"Organization\",\"@id\":\"https:\/\/sso2.com\/#organization\",\"name\":\"Southland Sensing Ltd.\",\"alternateName\":\"SSO2\",\"url\":\"https:\/\/sso2.com\/\",\"logo\":{\"@type\":\"ImageObject\",\"inLanguage\":\"tr\",\"@id\":\"https:\/\/sso2.com\/#\/schema\/logo\/image\/\",\"url\":\"https:\/\/sso2.com\/wp-content\/uploads\/2025\/10\/sso2_300pixel.webp\",\"contentUrl\":\"https:\/\/sso2.com\/wp-content\/uploads\/2025\/10\/sso2_300pixel.webp\",\"width\":300,\"height\":50,\"caption\":\"Southland Sensing Ltd.\"},\"image\":{\"@id\":\"https:\/\/sso2.com\/#\/schema\/logo\/image\/\"},\"sameAs\":[\"https:\/\/www.linkedin.com\/company\/southland-sensing-ltd\/\"],\"description\":\"Southland Sensing Ltd. brings together superior performance, an improved user experience, and unmatched application expertise to deliver an accurate and reliable measurement solution. That\u2019s why multinationals, small companies and universities alike turn to us again and again.\",\"email\":\"sales@sso2.com\",\"telephone\":\"1-949-398-2879\",\"legalName\":\"Southland Sensing Ltd.\",\"foundingDate\":\"2013-01-01\",\"numberOfEmployees\":{\"@type\":\"QuantitativeValue\",\"minValue\":\"11\",\"maxValue\":\"50\"},\"publishingPrinciples\":\"https:\/\/sso2.com\/contact-us\/\",\"ownershipFundingInfo\":\"https:\/\/sso2.com\/about-us\/\",\"actionableFeedbackPolicy\":\"https:\/\/sso2.com\/contact-us\/\"}]}<\/script>\n<!-- \/ Yoast SEO Premium plugin. -->","yoast_head_json":{"title":"Bulk Industrial Gas Plants | Oxygen Sensor & O\u2082 Analyzer Systems","description":"High-efficiency bulk industrial gas plants equipped with oxygen sensors, O\u2082 analyzers, oxygen depletion monitors, and complete gas safety systems.","robots":{"index":"index","follow":"follow","max-snippet":"max-snippet:-1","max-image-preview":"max-image-preview:large","max-video-preview":"max-video-preview:-1"},"canonical":"https:\/\/sso2.com\/tr\/application-notes\/bulk-industrial-gas-plants\/","og_locale":"tr_TR","og_type":"article","og_title":"Bulk Industrial Gas Plants","og_description":"High-efficiency bulk industrial gas plants equipped with oxygen sensors, O\u2082 analyzers, oxygen depletion monitors, and complete gas safety systems.","og_url":"https:\/\/sso2.com\/tr\/application-notes\/bulk-industrial-gas-plants\/","og_site_name":"Southland Sensing Ltd.","article_modified_time":"2025-11-29T13:14:40+00:00","og_image":[{"width":1290,"height":1158,"url":"https:\/\/i0.wp.com\/sso2.com\/wp-content\/uploads\/2025\/02\/omd-21.png?fit=1290%2C1158&ssl=1","type":"image\/png"}],"twitter_card":"summary_large_image","twitter_misc":{"Tahmini okuma s\u00fcresi":"2 dakika"},"schema":{"@context":"https:\/\/schema.org","@graph":[{"@type":"WebPage","@id":"https:\/\/sso2.com\/application-notes\/bulk-industrial-gas-plants\/","url":"https:\/\/sso2.com\/application-notes\/bulk-industrial-gas-plants\/","name":"Bulk Industrial Gas Plants | Oxygen Sensor & O\u2082 Analyzer Systems","isPartOf":{"@id":"https:\/\/sso2.com\/#website"},"datePublished":"2021-04-16T19:55:04+00:00","dateModified":"2025-11-29T13:14:40+00:00","description":"High-efficiency bulk industrial gas plants equipped with oxygen sensors, O\u2082 analyzers, oxygen depletion monitors, and complete gas safety systems.","breadcrumb":{"@id":"https:\/\/sso2.com\/application-notes\/bulk-industrial-gas-plants\/#breadcrumb"},"inLanguage":"tr","potentialAction":[{"@type":"ReadAction","target":["https:\/\/sso2.com\/application-notes\/bulk-industrial-gas-plants\/"]}]},{"@type":"BreadcrumbList","@id":"https:\/\/sso2.com\/application-notes\/bulk-industrial-gas-plants\/#breadcrumb","itemListElement":[{"@type":"ListItem","position":1,"name":"Home","item":"https:\/\/sso2.com\/en\/"},{"@type":"ListItem","position":2,"name":"Application Notes","item":"https:\/\/sso2.com\/application-notes\/"},{"@type":"ListItem","position":3,"name":"Bulk Industrial Gas Plants"}]},{"@type":"WebSite","@id":"https:\/\/sso2.com\/#website","url":"https:\/\/sso2.com\/","name":"Southland Sensing Ltd.","description":"Industrial &amp; Medical Gas Analyzers Oxygen CO\u2082, &amp; H\u2082 Monitors","publisher":{"@id":"https:\/\/sso2.com\/#organization"},"alternateName":"SSO2","potentialAction":[{"@type":"SearchAction","target":{"@type":"EntryPoint","urlTemplate":"https:\/\/sso2.com\/?s={search_term_string}"},"query-input":{"@type":"PropertyValueSpecification","valueRequired":true,"valueName":"search_term_string"}}],"inLanguage":"tr"},{"@type":"Organization","@id":"https:\/\/sso2.com\/#organization","name":"Southland Sensing Ltd.","alternateName":"SSO2","url":"https:\/\/sso2.com\/","logo":{"@type":"ImageObject","inLanguage":"tr","@id":"https:\/\/sso2.com\/#\/schema\/logo\/image\/","url":"https:\/\/sso2.com\/wp-content\/uploads\/2025\/10\/sso2_300pixel.webp","contentUrl":"https:\/\/sso2.com\/wp-content\/uploads\/2025\/10\/sso2_300pixel.webp","width":300,"height":50,"caption":"Southland Sensing Ltd."},"image":{"@id":"https:\/\/sso2.com\/#\/schema\/logo\/image\/"},"sameAs":["https:\/\/www.linkedin.com\/company\/southland-sensing-ltd\/"],"description":"Southland Sensing Ltd. brings together superior performance, an improved user experience, and unmatched application expertise to deliver an accurate and reliable measurement solution. That\u2019s why multinationals, small companies and universities alike turn to us again and again.","email":"sales@sso2.com","telephone":"1-949-398-2879","legalName":"Southland Sensing Ltd.","foundingDate":"2013-01-01","numberOfEmployees":{"@type":"QuantitativeValue","minValue":"11","maxValue":"50"},"publishingPrinciples":"https:\/\/sso2.com\/contact-us\/","ownershipFundingInfo":"https:\/\/sso2.com\/about-us\/","actionableFeedbackPolicy":"https:\/\/sso2.com\/contact-us\/"}]}},"jetpack_sharing_enabled":true,"jetpack_shortlink":"https:\/\/wp.me\/PaSzwI-n2","_links":{"self":[{"href":"https:\/\/sso2.com\/tr\/wp-json\/wp\/v2\/pages\/1428","targetHints":{"allow":["GET"]}}],"collection":[{"href":"https:\/\/sso2.com\/tr\/wp-json\/wp\/v2\/pages"}],"about":[{"href":"https:\/\/sso2.com\/tr\/wp-json\/wp\/v2\/types\/page"}],"author":[{"embeddable":true,"href":"https:\/\/sso2.com\/tr\/wp-json\/wp\/v2\/users\/6"}],"replies":[{"embeddable":true,"href":"https:\/\/sso2.com\/tr\/wp-json\/wp\/v2\/comments?post=1428"}],"version-history":[{"count":0,"href":"https:\/\/sso2.com\/tr\/wp-json\/wp\/v2\/pages\/1428\/revisions"}],"up":[{"embeddable":true,"href":"https:\/\/sso2.com\/tr\/wp-json\/wp\/v2\/pages\/388"}],"wp:attachment":[{"href":"https:\/\/sso2.com\/tr\/wp-json\/wp\/v2\/media?parent=1428"}],"curies":[{"name":"wp","href":"https:\/\/api.w.org\/{rel}","templated":true}]}}