{"id":1425,"date":"2021-04-16T20:11:33","date_gmt":"2021-04-16T20:11:33","guid":{"rendered":"https:\/\/sso2.com\/?page_id=1425"},"modified":"2025-11-29T13:17:59","modified_gmt":"2025-11-29T13:17:59","slug":"co2-production","status":"publish","type":"page","link":"https:\/\/sso2.com\/tr\/application-notes\/co2-production\/","title":{"rendered":"CO2 \u00dcretimi"},"content":{"rendered":"<div data-elementor-type=\"wp-page\" data-elementor-id=\"1425\" class=\"elementor elementor-1425\" data-elementor-post-type=\"page\">\n\t\t\t\t<div class=\"elementor-element elementor-element-1a1b0db8 e-flex e-con-boxed e-con e-parent\" data-id=\"1a1b0db8\" data-element_type=\"container\" data-e-type=\"container\">\n\t\t\t\t\t<div class=\"e-con-inner\">\n\t\t\t\t<div class=\"elementor-element elementor-element-423dbd5 elementor-widget elementor-widget-text-editor\" data-id=\"423dbd5\" data-element_type=\"widget\" data-e-type=\"widget\" data-widget_type=\"text-editor.default\">\n\t\t\t\t<div class=\"elementor-widget-container\">\n\t\t\t\t\t\t\t\t\t<p>Karbondioksit \u00e7e\u015fitli end\u00fcstriyel, farmas\u00f6tik ve g\u0131da ve i\u00e7ecek uygulamalar\u0131nda kullan\u0131lmaktad\u0131r. Ortam havas\u0131ndaki CO2 konsantrasyonu sadece yakla\u015f\u0131k 0,04%'dir, bu da havadan ayr\u0131\u015ft\u0131rmay\u0131 ticari olarak m\u00fcmk\u00fcn k\u0131lmamaktad\u0131r. Karbondioksit \u00fcretmek i\u00e7in, y\u00fcksek hacimlerde nispeten CO2 bak\u0131m\u0131ndan zengin at\u0131k gaz \u00fcreten b\u00fcy\u00fck \u00f6l\u00e7ekli kimyasal veya biyolojik proseslerin yan \u00fcr\u00fcnlerinden geri kazan\u0131lmas\u0131 ve safla\u015ft\u0131r\u0131lmas\u0131 gerekir. En yayg\u0131n kaynaklar hidrojen veya amonyak tesislerinin yan\u0131 s\u0131ra etanol \u00fcretimi gibi fermantasyon s\u00fcre\u00e7leridir. CO2 a\u00e7\u0131s\u0131ndan zengin do\u011fal gaz rezervuarlar\u0131 da iyi birer CO2 kayna\u011f\u0131 olabilir.<\/p><p>Monoetanolamin (MEA) gibi CO2 adsorban malzemeleri gaz ak\u0131\u015f\u0131n\u0131 f\u0131r\u00e7alamak i\u00e7in kullan\u0131l\u0131r ve CO2 i\u00e7eri\u011fini adsorbe eder. MEA daha sonra \u0131s\u0131t\u0131larak \u00e7\u00f6z\u00fcnm\u00fc\u015f CO2 gaz\u0131n\u0131n serbest kalmas\u0131 sa\u011flan\u0131r ve bu gaz daha sonra yakalan\u0131r ve MEA daha fazla CO2 yakalamak i\u00e7in yeniden kullan\u0131l\u0131r ve i\u015flem tekrarlan\u0131r.<\/p><p>Oksijen alg\u0131lama, CO2 jenerat\u00f6rlerinin \u00e7al\u0131\u015fmas\u0131 i\u00e7in \u00e7ok \u00f6nemlidir, \u00e7\u00fcnk\u00fc \u00fcretti\u011finiz gaz\u0131n istedi\u011finiz kalitede oldu\u011funu bilmeniz gerekir. CO2 ile uyumlu, milyonda bir par\u00e7aya kadar \u00f6l\u00e7\u00fcm yapabilen son teknoloji \u00fcr\u00fcn\u00fc, g\u00fcvenilir elektrokimyasal sens\u00f6rler veya CO2 yakalama i\u00e7in d\u00fc\u015f\u00fck oksijen y\u00fczdesi sunuyoruz. Analiz\u00f6rlerimiz 19\u201d raf montajl\u0131 <a href=\"https:\/\/sso2.com\/tr\/urun\/omd-675\/\">OMD-675,<\/a>\u00a0kompakt yap\u0131ya <a href=\"https:\/\/sso2.com\/tr\/urun\/compact-in-line-oxygen-transmitter-ce\/\">OMD-507,<\/a> ta\u015f\u0131nabilir <a href=\"https:\/\/sso2.com\/tr\/urun\/omd-580\/\">OMD-580<\/a> Gaz \u00fcretiminin t\u00fcm a\u015famalar\u0131na ve her boyuttaki CO2 jenerat\u00f6r\u00fcne uyacak \u015fekilde nokta kontrol\u00fc i\u00e7in.<\/p>\t\t\t\t\t\t\t\t<\/div>\n\t\t\t\t<\/div>\n\t\t\t\t\t<\/div>\n\t\t\t\t<\/div>\n\t\t\t\t<\/div>","protected":false},"excerpt":{"rendered":"<p>Carbon dioxide is used in a variety of industrial, pharmaceutical, and food and drink applications. The concentration of CO2 in ambient air is only approximately 0.04%, making air separation commercially unfeasible. Producing carbon dioxide requires that it be recovered and purified from the byproduct of large-scale chemical or biological processes, which produce high volumes of [&hellip;]<\/p>\n","protected":false},"author":6,"featured_media":0,"parent":388,"menu_order":0,"comment_status":"closed","ping_status":"closed","template":"","meta":{"footnotes":""},"class_list":["post-1425","page","type-page","status-publish","hentry"],"yoast_head":"<!-- This site is optimized with the Yoast SEO Premium plugin v27.4 (Yoast SEO v27.4) - https:\/\/yoast.com\/product\/yoast-seo-premium-wordpress\/ -->\n<title>CO\u2082 Production Systems | Oxygen Sensors &amp; O\u2082\/CO\u2082 Analyzer Safety<\/title>\n<meta name=\"description\" content=\"High-efficiency CO\u2082 production systems supported by advanced oxygen sensors, O\u2082 analyzers, depletion monitors, and gas-safety solutions for industrial environments.\" \/>\n<meta name=\"robots\" content=\"index, follow, max-snippet:-1, max-image-preview:large, max-video-preview:-1\" \/>\n<link rel=\"canonical\" href=\"https:\/\/sso2.com\/tr\/application-notes\/co2-production\/\" \/>\n<meta property=\"og:locale\" content=\"tr_TR\" \/>\n<meta property=\"og:type\" content=\"article\" \/>\n<meta property=\"og:title\" content=\"CO2 Production\" \/>\n<meta property=\"og:description\" content=\"High-efficiency CO\u2082 production systems supported by advanced oxygen sensors, O\u2082 analyzers, depletion monitors, and gas-safety solutions for industrial environments.\" \/>\n<meta property=\"og:url\" content=\"https:\/\/sso2.com\/tr\/application-notes\/co2-production\/\" \/>\n<meta property=\"og:site_name\" content=\"Southland Sensing Ltd.\" \/>\n<meta property=\"article:modified_time\" content=\"2025-11-29T13:17:59+00:00\" \/>\n<meta property=\"og:image\" content=\"https:\/\/i0.wp.com\/sso2.com\/wp-content\/uploads\/2025\/02\/omd-21.png?fit=1290%2C1158&ssl=1\" \/>\n\t<meta property=\"og:image:width\" content=\"1290\" \/>\n\t<meta property=\"og:image:height\" content=\"1158\" \/>\n\t<meta property=\"og:image:type\" content=\"image\/png\" \/>\n<meta name=\"twitter:card\" content=\"summary_large_image\" \/>\n<meta name=\"twitter:label1\" content=\"Tahmini okuma s\u00fcresi\" \/>\n\t<meta name=\"twitter:data1\" content=\"1 dakika\" \/>\n<script type=\"application\/ld+json\" class=\"yoast-schema-graph\">{\"@context\":\"https:\\\/\\\/schema.org\",\"@graph\":[{\"@type\":\"WebPage\",\"@id\":\"https:\\\/\\\/sso2.com\\\/application-notes\\\/co2-production\\\/\",\"url\":\"https:\\\/\\\/sso2.com\\\/application-notes\\\/co2-production\\\/\",\"name\":\"CO\u2082 Production Systems | Oxygen Sensors & O\u2082\\\/CO\u2082 Analyzer Safety\",\"isPartOf\":{\"@id\":\"https:\\\/\\\/sso2.com\\\/#website\"},\"datePublished\":\"2021-04-16T20:11:33+00:00\",\"dateModified\":\"2025-11-29T13:17:59+00:00\",\"description\":\"High-efficiency CO\u2082 production systems supported by advanced oxygen sensors, O\u2082 analyzers, depletion monitors, and gas-safety solutions for industrial environments.\",\"breadcrumb\":{\"@id\":\"https:\\\/\\\/sso2.com\\\/application-notes\\\/co2-production\\\/#breadcrumb\"},\"inLanguage\":\"tr\",\"potentialAction\":[{\"@type\":\"ReadAction\",\"target\":[\"https:\\\/\\\/sso2.com\\\/application-notes\\\/co2-production\\\/\"]}]},{\"@type\":\"BreadcrumbList\",\"@id\":\"https:\\\/\\\/sso2.com\\\/application-notes\\\/co2-production\\\/#breadcrumb\",\"itemListElement\":[{\"@type\":\"ListItem\",\"position\":1,\"name\":\"Home\",\"item\":\"https:\\\/\\\/sso2.com\\\/en\\\/\"},{\"@type\":\"ListItem\",\"position\":2,\"name\":\"Application Notes\",\"item\":\"https:\\\/\\\/sso2.com\\\/application-notes\\\/\"},{\"@type\":\"ListItem\",\"position\":3,\"name\":\"CO2 Production\"}]},{\"@type\":\"WebSite\",\"@id\":\"https:\\\/\\\/sso2.com\\\/#website\",\"url\":\"https:\\\/\\\/sso2.com\\\/\",\"name\":\"Southland Sensing Ltd.\",\"description\":\"Industrial &amp; Medical Gas Analyzers Oxygen CO\u2082, &amp; H\u2082 Monitors\",\"publisher\":{\"@id\":\"https:\\\/\\\/sso2.com\\\/#organization\"},\"alternateName\":\"SSO2\",\"potentialAction\":[{\"@type\":\"SearchAction\",\"target\":{\"@type\":\"EntryPoint\",\"urlTemplate\":\"https:\\\/\\\/sso2.com\\\/?s={search_term_string}\"},\"query-input\":{\"@type\":\"PropertyValueSpecification\",\"valueRequired\":true,\"valueName\":\"search_term_string\"}}],\"inLanguage\":\"tr\"},{\"@type\":\"Organization\",\"@id\":\"https:\\\/\\\/sso2.com\\\/#organization\",\"name\":\"Southland Sensing Ltd.\",\"alternateName\":\"SSO2\",\"url\":\"https:\\\/\\\/sso2.com\\\/\",\"logo\":{\"@type\":\"ImageObject\",\"inLanguage\":\"tr\",\"@id\":\"https:\\\/\\\/sso2.com\\\/#\\\/schema\\\/logo\\\/image\\\/\",\"url\":\"https:\\\/\\\/sso2.com\\\/wp-content\\\/uploads\\\/2025\\\/10\\\/sso2_300pixel.webp\",\"contentUrl\":\"https:\\\/\\\/sso2.com\\\/wp-content\\\/uploads\\\/2025\\\/10\\\/sso2_300pixel.webp\",\"width\":300,\"height\":50,\"caption\":\"Southland Sensing Ltd.\"},\"image\":{\"@id\":\"https:\\\/\\\/sso2.com\\\/#\\\/schema\\\/logo\\\/image\\\/\"},\"sameAs\":[\"https:\\\/\\\/www.linkedin.com\\\/company\\\/southland-sensing-ltd\\\/\"],\"description\":\"Southland Sensing Ltd. brings together superior performance, an improved user experience, and unmatched application expertise to deliver an accurate and reliable measurement solution. That\u2019s why multinationals, small companies and universities alike turn to us again and again.\",\"email\":\"sales@sso2.com\",\"telephone\":\"1-949-398-2879\",\"legalName\":\"Southland Sensing Ltd.\",\"foundingDate\":\"2013-01-01\",\"numberOfEmployees\":{\"@type\":\"QuantitativeValue\",\"minValue\":\"11\",\"maxValue\":\"50\"},\"publishingPrinciples\":\"https:\\\/\\\/sso2.com\\\/contact-us\\\/\",\"ownershipFundingInfo\":\"https:\\\/\\\/sso2.com\\\/about-us\\\/\",\"actionableFeedbackPolicy\":\"https:\\\/\\\/sso2.com\\\/contact-us\\\/\"}]}<\/script>\n<!-- \/ Yoast SEO Premium plugin. -->","yoast_head_json":{"title":"CO\u2082 Production Systems | Oxygen Sensors & O\u2082\/CO\u2082 Analyzer Safety","description":"High-efficiency CO\u2082 production systems supported by advanced oxygen sensors, O\u2082 analyzers, depletion monitors, and gas-safety solutions for industrial environments.","robots":{"index":"index","follow":"follow","max-snippet":"max-snippet:-1","max-image-preview":"max-image-preview:large","max-video-preview":"max-video-preview:-1"},"canonical":"https:\/\/sso2.com\/tr\/application-notes\/co2-production\/","og_locale":"tr_TR","og_type":"article","og_title":"CO2 Production","og_description":"High-efficiency CO\u2082 production systems supported by advanced oxygen sensors, O\u2082 analyzers, depletion monitors, and gas-safety solutions for industrial environments.","og_url":"https:\/\/sso2.com\/tr\/application-notes\/co2-production\/","og_site_name":"Southland Sensing Ltd.","article_modified_time":"2025-11-29T13:17:59+00:00","og_image":[{"width":1290,"height":1158,"url":"https:\/\/i0.wp.com\/sso2.com\/wp-content\/uploads\/2025\/02\/omd-21.png?fit=1290%2C1158&ssl=1","type":"image\/png"}],"twitter_card":"summary_large_image","twitter_misc":{"Tahmini okuma s\u00fcresi":"1 dakika"},"schema":{"@context":"https:\/\/schema.org","@graph":[{"@type":"WebPage","@id":"https:\/\/sso2.com\/application-notes\/co2-production\/","url":"https:\/\/sso2.com\/application-notes\/co2-production\/","name":"CO\u2082 Production Systems | Oxygen Sensors & O\u2082\/CO\u2082 Analyzer Safety","isPartOf":{"@id":"https:\/\/sso2.com\/#website"},"datePublished":"2021-04-16T20:11:33+00:00","dateModified":"2025-11-29T13:17:59+00:00","description":"High-efficiency CO\u2082 production systems supported by advanced oxygen sensors, O\u2082 analyzers, depletion monitors, and gas-safety solutions for industrial environments.","breadcrumb":{"@id":"https:\/\/sso2.com\/application-notes\/co2-production\/#breadcrumb"},"inLanguage":"tr","potentialAction":[{"@type":"ReadAction","target":["https:\/\/sso2.com\/application-notes\/co2-production\/"]}]},{"@type":"BreadcrumbList","@id":"https:\/\/sso2.com\/application-notes\/co2-production\/#breadcrumb","itemListElement":[{"@type":"ListItem","position":1,"name":"Home","item":"https:\/\/sso2.com\/en\/"},{"@type":"ListItem","position":2,"name":"Application Notes","item":"https:\/\/sso2.com\/application-notes\/"},{"@type":"ListItem","position":3,"name":"CO2 Production"}]},{"@type":"WebSite","@id":"https:\/\/sso2.com\/#website","url":"https:\/\/sso2.com\/","name":"Southland Sensing Ltd.","description":"Industrial &amp; Medical Gas Analyzers Oxygen CO\u2082, &amp; H\u2082 Monitors","publisher":{"@id":"https:\/\/sso2.com\/#organization"},"alternateName":"SSO2","potentialAction":[{"@type":"SearchAction","target":{"@type":"EntryPoint","urlTemplate":"https:\/\/sso2.com\/?s={search_term_string}"},"query-input":{"@type":"PropertyValueSpecification","valueRequired":true,"valueName":"search_term_string"}}],"inLanguage":"tr"},{"@type":"Organization","@id":"https:\/\/sso2.com\/#organization","name":"Southland Sensing Ltd.","alternateName":"SSO2","url":"https:\/\/sso2.com\/","logo":{"@type":"ImageObject","inLanguage":"tr","@id":"https:\/\/sso2.com\/#\/schema\/logo\/image\/","url":"https:\/\/sso2.com\/wp-content\/uploads\/2025\/10\/sso2_300pixel.webp","contentUrl":"https:\/\/sso2.com\/wp-content\/uploads\/2025\/10\/sso2_300pixel.webp","width":300,"height":50,"caption":"Southland Sensing Ltd."},"image":{"@id":"https:\/\/sso2.com\/#\/schema\/logo\/image\/"},"sameAs":["https:\/\/www.linkedin.com\/company\/southland-sensing-ltd\/"],"description":"Southland Sensing Ltd. brings together superior performance, an improved user experience, and unmatched application expertise to deliver an accurate and reliable measurement solution. That\u2019s why multinationals, small companies and universities alike turn to us again and again.","email":"sales@sso2.com","telephone":"1-949-398-2879","legalName":"Southland Sensing Ltd.","foundingDate":"2013-01-01","numberOfEmployees":{"@type":"QuantitativeValue","minValue":"11","maxValue":"50"},"publishingPrinciples":"https:\/\/sso2.com\/contact-us\/","ownershipFundingInfo":"https:\/\/sso2.com\/about-us\/","actionableFeedbackPolicy":"https:\/\/sso2.com\/contact-us\/"}]}},"jetpack_sharing_enabled":true,"jetpack_shortlink":"https:\/\/wp.me\/PaSzwI-mZ","_links":{"self":[{"href":"https:\/\/sso2.com\/tr\/wp-json\/wp\/v2\/pages\/1425","targetHints":{"allow":["GET"]}}],"collection":[{"href":"https:\/\/sso2.com\/tr\/wp-json\/wp\/v2\/pages"}],"about":[{"href":"https:\/\/sso2.com\/tr\/wp-json\/wp\/v2\/types\/page"}],"author":[{"embeddable":true,"href":"https:\/\/sso2.com\/tr\/wp-json\/wp\/v2\/users\/6"}],"replies":[{"embeddable":true,"href":"https:\/\/sso2.com\/tr\/wp-json\/wp\/v2\/comments?post=1425"}],"version-history":[{"count":0,"href":"https:\/\/sso2.com\/tr\/wp-json\/wp\/v2\/pages\/1425\/revisions"}],"up":[{"embeddable":true,"href":"https:\/\/sso2.com\/tr\/wp-json\/wp\/v2\/pages\/388"}],"wp:attachment":[{"href":"https:\/\/sso2.com\/tr\/wp-json\/wp\/v2\/media?parent=1425"}],"curies":[{"name":"wp","href":"https:\/\/api.w.org\/{rel}","templated":true}]}}