{"id":1416,"date":"2021-05-05T22:03:32","date_gmt":"2021-05-05T22:03:32","guid":{"rendered":"https:\/\/sso2.com\/?page_id=1416"},"modified":"2025-11-19T17:51:56","modified_gmt":"2025-11-19T17:51:56","slug":"specialty-gases","status":"publish","type":"page","link":"https:\/\/sso2.com\/tr\/application-notes\/specialty-gases\/","title":{"rendered":"\u00d6zel Gazlar"},"content":{"rendered":"<p>End\u00fcstriyel, Ar-Ge, laboratuvar ve di\u011fer bir\u00e7ok proseste \u00e7ok \u00e7e\u015fitli \u00f6zel gaz kar\u0131\u015f\u0131mlar\u0131na ihtiya\u00e7 duyulmaktad\u0131r. \u00d6zel gaz kar\u0131\u015f\u0131mlar\u0131n\u0131n \u00fcretimi, kalite ve do\u011frulu\u011fu sa\u011flamak i\u00e7in belirli gaz kar\u0131\u015f\u0131m\u0131 i\u00e7in silindirlerin haz\u0131rlanmas\u0131 ve y\u00fczey i\u015flemiyle ba\u015flar. \u00d6rne\u011fin, k\u00fc\u00e7\u00fck konsantrasyonlarda bile reaktif olan gazlarla (HCL, NO2, H2S, vb.) kullan\u0131lacak silindirlerin \u00f6zel olarak i\u015flenmesi gerekir. \u00d6zel kar\u0131\u015f\u0131mlarda kullan\u0131lacak gazlar da kar\u0131\u015ft\u0131rma i\u015fleminden \u00f6nce kar\u0131\u015f\u0131m i\u00e7in yeterli safl\u0131kta olmal\u0131d\u0131r.<\/p>\n<p>Gazlar\u0131n harmanlanmas\u0131 genellikle \u00fc\u00e7 \u015fekilde yap\u0131l\u0131r: gravimetrik, volumetrik ve dinamik harmanlama. Gravimetrik, \u00fc\u00e7 harmanlama y\u00f6ntemi aras\u0131nda en hassas olan\u0131d\u0131r ve son derece hassas gravimetrik \u00f6l\u00e7eklerle yap\u0131l\u0131r ve safs\u0131zl\u0131klar\u0131 tespit etmek i\u00e7in harmanlamadan sonra titizlikle analiz edilmelidir. \u00dcretim s\u00fcreci de yol boyunca dikkatle izlenmelidir; ortam havas\u0131n\u0131n kar\u0131\u015f\u0131m\u0131n\u0131za herhangi bir a\u015famada girmedi\u011finden emin olmak i\u00e7in \u00f6l\u00e7\u00fclen safs\u0131zl\u0131klardan biri de oksijendir.<\/p>\n<p>Bu <a href=\"https:\/\/sso2.com\/tr\/urun\/omd-675\/\">OMD-675<\/a> ve <a href=\"https:\/\/sso2.com\/tr\/urun\/omd-677-online-trace-oxygen-analyzer-0-1-ppm-ce\/\">OMD-677<\/a> 0-1 ppm O2 aral\u0131\u011f\u0131na kadar d\u00fc\u015f\u00fck seviyelerde in-line oksijen \u00f6l\u00e7\u00fcmleri sa\u011flayarak proses s\u0131ras\u0131nda gaz\u0131 safs\u0131zl\u0131klara kar\u015f\u0131 s\u00fcrekli olarak izler. Bu <a href=\"https:\/\/sso2.com\/tr\/urun\/portable-trace-oxygen-analyzer-ce\/\">OMD-640<\/a> ayn\u0131 hassasiyeti ta\u015f\u0131nabilir bir pakette sunarak nihai \u00fcr\u00fcn\u00fcn m\u00fc\u015fteriye g\u00f6nderilmeden \u00f6nce son bir safl\u0131k kontrol\u00fc i\u00e7in silindire ula\u015ft\u0131\u011f\u0131nda yerinde kontrol edilmesini sa\u011flar.<\/p>","protected":false},"excerpt":{"rendered":"<p>A wide variety of specialty gas mixtures are required in industrial, R&amp;D, laboratory, and many other processes. Manufacturing specialty gas mixtures begins with the prep and surface treatment of the cylinders for the specific gas mixture to ensure quality and accuracy. For example, cylinders that are going to be used with gases that are reactive [&hellip;]<\/p>\n","protected":false},"author":6,"featured_media":0,"parent":388,"menu_order":0,"comment_status":"closed","ping_status":"closed","template":"","meta":{"footnotes":""},"class_list":["post-1416","page","type-page","status-publish","hentry"],"yoast_head":"<!-- This site is optimized with the Yoast SEO Premium plugin v27.2 (Yoast SEO v27.2) - https:\/\/yoast.com\/product\/yoast-seo-premium-wordpress\/ -->\n<title>Specialty Gases Monitoring | Oxygen &amp; O\u2082 Analyzer Solutions<\/title>\n<meta name=\"description\" content=\"Reliable specialty gas monitoring with advanced oxygen sensors, O\u2082 analyzers, and depletion\/deficiency monitors for high-purity gas production and handling.\" \/>\n<meta name=\"robots\" content=\"index, follow, max-snippet:-1, max-image-preview:large, max-video-preview:-1\" \/>\n<link rel=\"canonical\" href=\"https:\/\/sso2.com\/tr\/application-notes\/specialty-gases\/\" \/>\n<meta property=\"og:locale\" content=\"tr_TR\" \/>\n<meta property=\"og:type\" content=\"article\" \/>\n<meta property=\"og:title\" content=\"Specialty Gases\" \/>\n<meta property=\"og:description\" content=\"Reliable specialty gas monitoring with advanced oxygen sensors, O\u2082 analyzers, and depletion\/deficiency monitors for high-purity gas production and handling.\" \/>\n<meta property=\"og:url\" content=\"https:\/\/sso2.com\/tr\/application-notes\/specialty-gases\/\" \/>\n<meta property=\"og:site_name\" content=\"Southland Sensing Ltd.\" \/>\n<meta property=\"article:modified_time\" content=\"2025-11-19T17:51:56+00:00\" \/>\n<meta property=\"og:image\" content=\"https:\/\/i0.wp.com\/sso2.com\/wp-content\/uploads\/2025\/02\/omd-21.png?fit=1290%2C1158&ssl=1\" \/>\n\t<meta property=\"og:image:width\" content=\"1290\" \/>\n\t<meta property=\"og:image:height\" content=\"1158\" \/>\n\t<meta property=\"og:image:type\" content=\"image\/png\" \/>\n<meta name=\"twitter:card\" content=\"summary_large_image\" \/>\n<meta name=\"twitter:label1\" content=\"Tahmini okuma s\u00fcresi\" \/>\n\t<meta name=\"twitter:data1\" content=\"1 dakika\" \/>\n<script type=\"application\/ld+json\" class=\"yoast-schema-graph\">{\"@context\":\"https:\/\/schema.org\",\"@graph\":[{\"@type\":\"WebPage\",\"@id\":\"https:\/\/sso2.com\/application-notes\/specialty-gases\/\",\"url\":\"https:\/\/sso2.com\/application-notes\/specialty-gases\/\",\"name\":\"Specialty Gases Monitoring | Oxygen & O\u2082 Analyzer Solutions\",\"isPartOf\":{\"@id\":\"https:\/\/sso2.com\/#website\"},\"datePublished\":\"2021-05-05T22:03:32+00:00\",\"dateModified\":\"2025-11-19T17:51:56+00:00\",\"description\":\"Reliable specialty gas monitoring with advanced oxygen sensors, O\u2082 analyzers, and depletion\/deficiency monitors for high-purity gas production and handling.\",\"breadcrumb\":{\"@id\":\"https:\/\/sso2.com\/application-notes\/specialty-gases\/#breadcrumb\"},\"inLanguage\":\"tr\",\"potentialAction\":[{\"@type\":\"ReadAction\",\"target\":[\"https:\/\/sso2.com\/application-notes\/specialty-gases\/\"]}]},{\"@type\":\"BreadcrumbList\",\"@id\":\"https:\/\/sso2.com\/application-notes\/specialty-gases\/#breadcrumb\",\"itemListElement\":[{\"@type\":\"ListItem\",\"position\":1,\"name\":\"Home\",\"item\":\"https:\/\/sso2.com\/en\/\"},{\"@type\":\"ListItem\",\"position\":2,\"name\":\"Application Notes\",\"item\":\"https:\/\/sso2.com\/application-notes\/\"},{\"@type\":\"ListItem\",\"position\":3,\"name\":\"Specialty Gases\"}]},{\"@type\":\"WebSite\",\"@id\":\"https:\/\/sso2.com\/#website\",\"url\":\"https:\/\/sso2.com\/\",\"name\":\"Southland Sensing Ltd.\",\"description\":\"Industrial &amp; Medical Gas Analyzers Oxygen CO\u2082, &amp; H\u2082 Monitors\",\"publisher\":{\"@id\":\"https:\/\/sso2.com\/#organization\"},\"alternateName\":\"SSO2\",\"potentialAction\":[{\"@type\":\"SearchAction\",\"target\":{\"@type\":\"EntryPoint\",\"urlTemplate\":\"https:\/\/sso2.com\/?s={search_term_string}\"},\"query-input\":{\"@type\":\"PropertyValueSpecification\",\"valueRequired\":true,\"valueName\":\"search_term_string\"}}],\"inLanguage\":\"tr\"},{\"@type\":\"Organization\",\"@id\":\"https:\/\/sso2.com\/#organization\",\"name\":\"Southland Sensing Ltd.\",\"alternateName\":\"SSO2\",\"url\":\"https:\/\/sso2.com\/\",\"logo\":{\"@type\":\"ImageObject\",\"inLanguage\":\"tr\",\"@id\":\"https:\/\/sso2.com\/#\/schema\/logo\/image\/\",\"url\":\"https:\/\/sso2.com\/wp-content\/uploads\/2025\/10\/sso2_300pixel.webp\",\"contentUrl\":\"https:\/\/sso2.com\/wp-content\/uploads\/2025\/10\/sso2_300pixel.webp\",\"width\":300,\"height\":50,\"caption\":\"Southland Sensing Ltd.\"},\"image\":{\"@id\":\"https:\/\/sso2.com\/#\/schema\/logo\/image\/\"},\"sameAs\":[\"https:\/\/www.linkedin.com\/company\/southland-sensing-ltd\/\"],\"description\":\"Southland Sensing Ltd. brings together superior performance, an improved user experience, and unmatched application expertise to deliver an accurate and reliable measurement solution. That\u2019s why multinationals, small companies and universities alike turn to us again and again.\",\"email\":\"sales@sso2.com\",\"telephone\":\"1-949-398-2879\",\"legalName\":\"Southland Sensing Ltd.\",\"foundingDate\":\"2013-01-01\",\"numberOfEmployees\":{\"@type\":\"QuantitativeValue\",\"minValue\":\"11\",\"maxValue\":\"50\"},\"publishingPrinciples\":\"https:\/\/sso2.com\/contact-us\/\",\"ownershipFundingInfo\":\"https:\/\/sso2.com\/about-us\/\",\"actionableFeedbackPolicy\":\"https:\/\/sso2.com\/contact-us\/\"}]}<\/script>\n<!-- \/ Yoast SEO Premium plugin. -->","yoast_head_json":{"title":"Specialty Gases Monitoring | Oxygen & O\u2082 Analyzer Solutions","description":"Reliable specialty gas monitoring with advanced oxygen sensors, O\u2082 analyzers, and depletion\/deficiency monitors for high-purity gas production and handling.","robots":{"index":"index","follow":"follow","max-snippet":"max-snippet:-1","max-image-preview":"max-image-preview:large","max-video-preview":"max-video-preview:-1"},"canonical":"https:\/\/sso2.com\/tr\/application-notes\/specialty-gases\/","og_locale":"tr_TR","og_type":"article","og_title":"Specialty Gases","og_description":"Reliable specialty gas monitoring with advanced oxygen sensors, O\u2082 analyzers, and depletion\/deficiency monitors for high-purity gas production and handling.","og_url":"https:\/\/sso2.com\/tr\/application-notes\/specialty-gases\/","og_site_name":"Southland Sensing Ltd.","article_modified_time":"2025-11-19T17:51:56+00:00","og_image":[{"width":1290,"height":1158,"url":"https:\/\/i0.wp.com\/sso2.com\/wp-content\/uploads\/2025\/02\/omd-21.png?fit=1290%2C1158&ssl=1","type":"image\/png"}],"twitter_card":"summary_large_image","twitter_misc":{"Tahmini okuma s\u00fcresi":"1 dakika"},"schema":{"@context":"https:\/\/schema.org","@graph":[{"@type":"WebPage","@id":"https:\/\/sso2.com\/application-notes\/specialty-gases\/","url":"https:\/\/sso2.com\/application-notes\/specialty-gases\/","name":"Specialty Gases Monitoring | Oxygen & O\u2082 Analyzer Solutions","isPartOf":{"@id":"https:\/\/sso2.com\/#website"},"datePublished":"2021-05-05T22:03:32+00:00","dateModified":"2025-11-19T17:51:56+00:00","description":"Reliable specialty gas monitoring with advanced oxygen sensors, O\u2082 analyzers, and depletion\/deficiency monitors for high-purity gas production and handling.","breadcrumb":{"@id":"https:\/\/sso2.com\/application-notes\/specialty-gases\/#breadcrumb"},"inLanguage":"tr","potentialAction":[{"@type":"ReadAction","target":["https:\/\/sso2.com\/application-notes\/specialty-gases\/"]}]},{"@type":"BreadcrumbList","@id":"https:\/\/sso2.com\/application-notes\/specialty-gases\/#breadcrumb","itemListElement":[{"@type":"ListItem","position":1,"name":"Home","item":"https:\/\/sso2.com\/en\/"},{"@type":"ListItem","position":2,"name":"Application Notes","item":"https:\/\/sso2.com\/application-notes\/"},{"@type":"ListItem","position":3,"name":"Specialty Gases"}]},{"@type":"WebSite","@id":"https:\/\/sso2.com\/#website","url":"https:\/\/sso2.com\/","name":"Southland Sensing Ltd.","description":"Industrial &amp; Medical Gas Analyzers Oxygen CO\u2082, &amp; H\u2082 Monitors","publisher":{"@id":"https:\/\/sso2.com\/#organization"},"alternateName":"SSO2","potentialAction":[{"@type":"SearchAction","target":{"@type":"EntryPoint","urlTemplate":"https:\/\/sso2.com\/?s={search_term_string}"},"query-input":{"@type":"PropertyValueSpecification","valueRequired":true,"valueName":"search_term_string"}}],"inLanguage":"tr"},{"@type":"Organization","@id":"https:\/\/sso2.com\/#organization","name":"Southland Sensing Ltd.","alternateName":"SSO2","url":"https:\/\/sso2.com\/","logo":{"@type":"ImageObject","inLanguage":"tr","@id":"https:\/\/sso2.com\/#\/schema\/logo\/image\/","url":"https:\/\/sso2.com\/wp-content\/uploads\/2025\/10\/sso2_300pixel.webp","contentUrl":"https:\/\/sso2.com\/wp-content\/uploads\/2025\/10\/sso2_300pixel.webp","width":300,"height":50,"caption":"Southland Sensing Ltd."},"image":{"@id":"https:\/\/sso2.com\/#\/schema\/logo\/image\/"},"sameAs":["https:\/\/www.linkedin.com\/company\/southland-sensing-ltd\/"],"description":"Southland Sensing Ltd. brings together superior performance, an improved user experience, and unmatched application expertise to deliver an accurate and reliable measurement solution. That\u2019s why multinationals, small companies and universities alike turn to us again and again.","email":"sales@sso2.com","telephone":"1-949-398-2879","legalName":"Southland Sensing Ltd.","foundingDate":"2013-01-01","numberOfEmployees":{"@type":"QuantitativeValue","minValue":"11","maxValue":"50"},"publishingPrinciples":"https:\/\/sso2.com\/contact-us\/","ownershipFundingInfo":"https:\/\/sso2.com\/about-us\/","actionableFeedbackPolicy":"https:\/\/sso2.com\/contact-us\/"}]}},"jetpack_sharing_enabled":true,"jetpack_shortlink":"https:\/\/wp.me\/PaSzwI-mQ","_links":{"self":[{"href":"https:\/\/sso2.com\/tr\/wp-json\/wp\/v2\/pages\/1416","targetHints":{"allow":["GET"]}}],"collection":[{"href":"https:\/\/sso2.com\/tr\/wp-json\/wp\/v2\/pages"}],"about":[{"href":"https:\/\/sso2.com\/tr\/wp-json\/wp\/v2\/types\/page"}],"author":[{"embeddable":true,"href":"https:\/\/sso2.com\/tr\/wp-json\/wp\/v2\/users\/6"}],"replies":[{"embeddable":true,"href":"https:\/\/sso2.com\/tr\/wp-json\/wp\/v2\/comments?post=1416"}],"version-history":[{"count":0,"href":"https:\/\/sso2.com\/tr\/wp-json\/wp\/v2\/pages\/1416\/revisions"}],"up":[{"embeddable":true,"href":"https:\/\/sso2.com\/tr\/wp-json\/wp\/v2\/pages\/388"}],"wp:attachment":[{"href":"https:\/\/sso2.com\/tr\/wp-json\/wp\/v2\/media?parent=1416"}],"curies":[{"name":"wp","href":"https:\/\/api.w.org\/{rel}","templated":true}]}}