{"id":1411,"date":"2021-04-14T20:38:26","date_gmt":"2021-04-14T20:38:26","guid":{"rendered":"https:\/\/sso2.com\/?page_id=1411"},"modified":"2025-11-19T17:48:28","modified_gmt":"2025-11-19T17:48:28","slug":"smog-check-stations","status":"publish","type":"page","link":"https:\/\/sso2.com\/tr\/application-notes\/smog-check-stations\/","title":{"rendered":"Smog Kontrol \u0130stasyonlar\u0131"},"content":{"rendered":"<div data-elementor-type=\"wp-page\" data-elementor-id=\"1411\" class=\"elementor elementor-1411\" data-elementor-post-type=\"page\">\n\t\t\t\t<div class=\"elementor-element elementor-element-3cebcab7 e-flex e-con-boxed e-con e-parent\" data-id=\"3cebcab7\" data-element_type=\"container\" data-e-type=\"container\">\n\t\t\t\t\t<div class=\"e-con-inner\">\n\t\t\t\t<div class=\"elementor-element elementor-element-5293f098 elementor-widget elementor-widget-text-editor\" data-id=\"5293f098\" data-element_type=\"widget\" data-e-type=\"widget\" data-widget_type=\"text-editor.default\">\n\t\t\t\t<div class=\"elementor-widget-container\">\n\t\t\t\t\t\t\t\t\t<p>Eski ara\u00e7larda smog kontrol\u00fc, sal\u0131nan emisyonlar\u0131n zorunlu s\u0131n\u0131rlar\u0131 a\u015fmad\u0131\u011f\u0131ndan emin olmak i\u00e7in bir\u00e7ok eyalette gereklidir. Gaz egzozunun analiz edilmesi motorlar\u0131n performans\u0131n\u0131n de\u011ferlendirilmesine ve sorunlar\u0131n te\u015fhis edilmesine de yard\u0131mc\u0131 olabilir. \u00d6l\u00e7\u00fclen ana gazlar oksijen, hidrokarbonlar (yanmam\u0131\u015f yak\u0131t), karbondioksit, karbon monoksit ve NO\/NO2'dir.<\/p><p>Egzozdaki y\u00fcksek O2 seviyeleri, ortam havas\u0131ndan gelen yanmam\u0131\u015f oksijeni g\u00f6sterir; bu oksijen ideal olarak yak\u0131t yand\u0131k\u00e7a t\u00fcketilir ve bu da fakir bir hava\/yak\u0131t oran\u0131na i\u015faret eder. Daha y\u00fcksek karbondioksit seviyeleri daha eksiksiz bir yanmaya i\u015faret ederken, y\u00fcksek CO seviyeleri daha zengin bir yak\u0131t kar\u0131\u015f\u0131m\u0131na i\u015faret eder. NOx de nitrojenin yanmas\u0131yla olu\u015ftu\u011fu i\u00e7in fakir yak\u0131t kar\u0131\u015f\u0131mlar\u0131n\u0131n bir g\u00f6stergesi olabilir. \u0130deal yak\u0131t kar\u0131\u015f\u0131m\u0131, ak\u0131\u015ftaki t\u00fcm O2'yi t\u00fcketmek i\u00e7in tam olarak yeterli yak\u0131tt\u0131r.<\/p><p>Bu <a href=\"https:\/\/sso2.com\/tr\/urun\/omd-480\/\">OMD-480<\/a> egzoz gazlar\u0131ndaki y\u00fczde oksijen seviyelerini \u00f6l\u00e7mek i\u00e7in kolayca kullan\u0131labilen kullan\u0131\u015fl\u0131, sa\u011flam bir pakette ta\u015f\u0131nabilir bir O2 analiz\u00f6r\u00fcd\u00fcr. Egzozdaki \u0131s\u0131y\u0131 h\u0131zl\u0131 bir \u015fekilde da\u011f\u0131tmak ve analiz\u00f6r\u00fcm\u00fczde g\u00fcvenle kullan\u0131labilecek seviyelere getirmek i\u00e7in paslanmaz \u00e7elik borunun sarmal b\u00f6l\u00fcmlerine sahip bir gaz probu kullan\u0131labilir.<\/p>\t\t\t\t\t\t\t\t<\/div>\n\t\t\t\t<\/div>\n\t\t\t\t\t<\/div>\n\t\t\t\t<\/div>\n\t\t\t\t<\/div>","protected":false},"excerpt":{"rendered":"<p>Smog checking on older vehicles is required in many states to ensure that the emissions being released don\u2019t exceed mandated limits. Analyzing gas exhaust can also help evaluate the performance of the engines and diagnose problems. The main gases measured are oxygen, hydrocarbons (unburnt fuel), carbon dioxide, carbon monoxide and NO\/NO2. High O2 levels in [&hellip;]<\/p>\n","protected":false},"author":6,"featured_media":0,"parent":388,"menu_order":0,"comment_status":"closed","ping_status":"closed","template":"","meta":{"footnotes":""},"class_list":["post-1411","page","type-page","status-publish","hentry"],"yoast_head":"<!-- This site is optimized with the Yoast SEO Premium plugin v27.2 (Yoast SEO v27.2) - https:\/\/yoast.com\/product\/yoast-seo-premium-wordpress\/ -->\n<title>Smog Check Station Monitoring | Oxygen &amp; O\u2082 Analyzer Systems<\/title>\n<meta name=\"description\" content=\"Accurate smog check testing with advanced oxygen sensors, O\u2082 analyzers, and gas monitoring systems designed for emission testing and automotive inspection stations.\" \/>\n<meta name=\"robots\" content=\"index, follow, max-snippet:-1, max-image-preview:large, max-video-preview:-1\" \/>\n<link rel=\"canonical\" href=\"https:\/\/sso2.com\/tr\/application-notes\/smog-check-stations\/\" \/>\n<meta property=\"og:locale\" content=\"tr_TR\" \/>\n<meta property=\"og:type\" content=\"article\" \/>\n<meta property=\"og:title\" content=\"Smog Check Stations\" \/>\n<meta property=\"og:description\" content=\"Accurate smog check testing with advanced oxygen sensors, O\u2082 analyzers, and gas monitoring systems designed for emission testing and automotive inspection stations.\" \/>\n<meta property=\"og:url\" content=\"https:\/\/sso2.com\/tr\/application-notes\/smog-check-stations\/\" \/>\n<meta property=\"og:site_name\" content=\"Southland Sensing Ltd.\" \/>\n<meta property=\"article:modified_time\" content=\"2025-11-19T17:48:28+00:00\" \/>\n<meta property=\"og:image\" content=\"https:\/\/i0.wp.com\/sso2.com\/wp-content\/uploads\/2025\/02\/omd-21.png?fit=1290%2C1158&ssl=1\" \/>\n\t<meta property=\"og:image:width\" content=\"1290\" \/>\n\t<meta property=\"og:image:height\" content=\"1158\" \/>\n\t<meta property=\"og:image:type\" content=\"image\/png\" \/>\n<meta name=\"twitter:card\" content=\"summary_large_image\" \/>\n<meta name=\"twitter:label1\" content=\"Tahmini okuma s\u00fcresi\" \/>\n\t<meta name=\"twitter:data1\" content=\"1 dakika\" \/>\n<script type=\"application\/ld+json\" class=\"yoast-schema-graph\">{\"@context\":\"https:\/\/schema.org\",\"@graph\":[{\"@type\":\"WebPage\",\"@id\":\"https:\/\/sso2.com\/application-notes\/smog-check-stations\/\",\"url\":\"https:\/\/sso2.com\/application-notes\/smog-check-stations\/\",\"name\":\"Smog Check Station Monitoring | Oxygen & O\u2082 Analyzer Systems\",\"isPartOf\":{\"@id\":\"https:\/\/sso2.com\/#website\"},\"datePublished\":\"2021-04-14T20:38:26+00:00\",\"dateModified\":\"2025-11-19T17:48:28+00:00\",\"description\":\"Accurate smog check testing with advanced oxygen sensors, O\u2082 analyzers, and gas monitoring systems designed for emission testing and automotive inspection stations.\",\"breadcrumb\":{\"@id\":\"https:\/\/sso2.com\/application-notes\/smog-check-stations\/#breadcrumb\"},\"inLanguage\":\"tr\",\"potentialAction\":[{\"@type\":\"ReadAction\",\"target\":[\"https:\/\/sso2.com\/application-notes\/smog-check-stations\/\"]}]},{\"@type\":\"BreadcrumbList\",\"@id\":\"https:\/\/sso2.com\/application-notes\/smog-check-stations\/#breadcrumb\",\"itemListElement\":[{\"@type\":\"ListItem\",\"position\":1,\"name\":\"Home\",\"item\":\"https:\/\/sso2.com\/en\/\"},{\"@type\":\"ListItem\",\"position\":2,\"name\":\"Application Notes\",\"item\":\"https:\/\/sso2.com\/application-notes\/\"},{\"@type\":\"ListItem\",\"position\":3,\"name\":\"Smog Check Stations\"}]},{\"@type\":\"WebSite\",\"@id\":\"https:\/\/sso2.com\/#website\",\"url\":\"https:\/\/sso2.com\/\",\"name\":\"Southland Sensing Ltd.\",\"description\":\"Industrial &amp; Medical Gas Analyzers Oxygen CO\u2082, &amp; H\u2082 Monitors\",\"publisher\":{\"@id\":\"https:\/\/sso2.com\/#organization\"},\"alternateName\":\"SSO2\",\"potentialAction\":[{\"@type\":\"SearchAction\",\"target\":{\"@type\":\"EntryPoint\",\"urlTemplate\":\"https:\/\/sso2.com\/?s={search_term_string}\"},\"query-input\":{\"@type\":\"PropertyValueSpecification\",\"valueRequired\":true,\"valueName\":\"search_term_string\"}}],\"inLanguage\":\"tr\"},{\"@type\":\"Organization\",\"@id\":\"https:\/\/sso2.com\/#organization\",\"name\":\"Southland Sensing Ltd.\",\"alternateName\":\"SSO2\",\"url\":\"https:\/\/sso2.com\/\",\"logo\":{\"@type\":\"ImageObject\",\"inLanguage\":\"tr\",\"@id\":\"https:\/\/sso2.com\/#\/schema\/logo\/image\/\",\"url\":\"https:\/\/sso2.com\/wp-content\/uploads\/2025\/10\/sso2_300pixel.webp\",\"contentUrl\":\"https:\/\/sso2.com\/wp-content\/uploads\/2025\/10\/sso2_300pixel.webp\",\"width\":300,\"height\":50,\"caption\":\"Southland Sensing Ltd.\"},\"image\":{\"@id\":\"https:\/\/sso2.com\/#\/schema\/logo\/image\/\"},\"sameAs\":[\"https:\/\/www.linkedin.com\/company\/southland-sensing-ltd\/\"],\"description\":\"Southland Sensing Ltd. brings together superior performance, an improved user experience, and unmatched application expertise to deliver an accurate and reliable measurement solution. That\u2019s why multinationals, small companies and universities alike turn to us again and again.\",\"email\":\"sales@sso2.com\",\"telephone\":\"1-949-398-2879\",\"legalName\":\"Southland Sensing Ltd.\",\"foundingDate\":\"2013-01-01\",\"numberOfEmployees\":{\"@type\":\"QuantitativeValue\",\"minValue\":\"11\",\"maxValue\":\"50\"},\"publishingPrinciples\":\"https:\/\/sso2.com\/contact-us\/\",\"ownershipFundingInfo\":\"https:\/\/sso2.com\/about-us\/\",\"actionableFeedbackPolicy\":\"https:\/\/sso2.com\/contact-us\/\"}]}<\/script>\n<!-- \/ Yoast SEO Premium plugin. -->","yoast_head_json":{"title":"Smog Check Station Monitoring | Oxygen & O\u2082 Analyzer Systems","description":"Accurate smog check testing with advanced oxygen sensors, O\u2082 analyzers, and gas monitoring systems designed for emission testing and automotive inspection stations.","robots":{"index":"index","follow":"follow","max-snippet":"max-snippet:-1","max-image-preview":"max-image-preview:large","max-video-preview":"max-video-preview:-1"},"canonical":"https:\/\/sso2.com\/tr\/application-notes\/smog-check-stations\/","og_locale":"tr_TR","og_type":"article","og_title":"Smog Check Stations","og_description":"Accurate smog check testing with advanced oxygen sensors, O\u2082 analyzers, and gas monitoring systems designed for emission testing and automotive inspection stations.","og_url":"https:\/\/sso2.com\/tr\/application-notes\/smog-check-stations\/","og_site_name":"Southland Sensing Ltd.","article_modified_time":"2025-11-19T17:48:28+00:00","og_image":[{"width":1290,"height":1158,"url":"https:\/\/i0.wp.com\/sso2.com\/wp-content\/uploads\/2025\/02\/omd-21.png?fit=1290%2C1158&ssl=1","type":"image\/png"}],"twitter_card":"summary_large_image","twitter_misc":{"Tahmini okuma s\u00fcresi":"1 dakika"},"schema":{"@context":"https:\/\/schema.org","@graph":[{"@type":"WebPage","@id":"https:\/\/sso2.com\/application-notes\/smog-check-stations\/","url":"https:\/\/sso2.com\/application-notes\/smog-check-stations\/","name":"Smog Check Station Monitoring | Oxygen & O\u2082 Analyzer Systems","isPartOf":{"@id":"https:\/\/sso2.com\/#website"},"datePublished":"2021-04-14T20:38:26+00:00","dateModified":"2025-11-19T17:48:28+00:00","description":"Accurate smog check testing with advanced oxygen sensors, O\u2082 analyzers, and gas monitoring systems designed for emission testing and automotive inspection stations.","breadcrumb":{"@id":"https:\/\/sso2.com\/application-notes\/smog-check-stations\/#breadcrumb"},"inLanguage":"tr","potentialAction":[{"@type":"ReadAction","target":["https:\/\/sso2.com\/application-notes\/smog-check-stations\/"]}]},{"@type":"BreadcrumbList","@id":"https:\/\/sso2.com\/application-notes\/smog-check-stations\/#breadcrumb","itemListElement":[{"@type":"ListItem","position":1,"name":"Home","item":"https:\/\/sso2.com\/en\/"},{"@type":"ListItem","position":2,"name":"Application Notes","item":"https:\/\/sso2.com\/application-notes\/"},{"@type":"ListItem","position":3,"name":"Smog Check Stations"}]},{"@type":"WebSite","@id":"https:\/\/sso2.com\/#website","url":"https:\/\/sso2.com\/","name":"Southland Sensing Ltd.","description":"Industrial &amp; Medical Gas Analyzers Oxygen CO\u2082, &amp; H\u2082 Monitors","publisher":{"@id":"https:\/\/sso2.com\/#organization"},"alternateName":"SSO2","potentialAction":[{"@type":"SearchAction","target":{"@type":"EntryPoint","urlTemplate":"https:\/\/sso2.com\/?s={search_term_string}"},"query-input":{"@type":"PropertyValueSpecification","valueRequired":true,"valueName":"search_term_string"}}],"inLanguage":"tr"},{"@type":"Organization","@id":"https:\/\/sso2.com\/#organization","name":"Southland Sensing Ltd.","alternateName":"SSO2","url":"https:\/\/sso2.com\/","logo":{"@type":"ImageObject","inLanguage":"tr","@id":"https:\/\/sso2.com\/#\/schema\/logo\/image\/","url":"https:\/\/sso2.com\/wp-content\/uploads\/2025\/10\/sso2_300pixel.webp","contentUrl":"https:\/\/sso2.com\/wp-content\/uploads\/2025\/10\/sso2_300pixel.webp","width":300,"height":50,"caption":"Southland Sensing Ltd."},"image":{"@id":"https:\/\/sso2.com\/#\/schema\/logo\/image\/"},"sameAs":["https:\/\/www.linkedin.com\/company\/southland-sensing-ltd\/"],"description":"Southland Sensing Ltd. brings together superior performance, an improved user experience, and unmatched application expertise to deliver an accurate and reliable measurement solution. That\u2019s why multinationals, small companies and universities alike turn to us again and again.","email":"sales@sso2.com","telephone":"1-949-398-2879","legalName":"Southland Sensing Ltd.","foundingDate":"2013-01-01","numberOfEmployees":{"@type":"QuantitativeValue","minValue":"11","maxValue":"50"},"publishingPrinciples":"https:\/\/sso2.com\/contact-us\/","ownershipFundingInfo":"https:\/\/sso2.com\/about-us\/","actionableFeedbackPolicy":"https:\/\/sso2.com\/contact-us\/"}]}},"jetpack_sharing_enabled":true,"jetpack_shortlink":"https:\/\/wp.me\/PaSzwI-mL","_links":{"self":[{"href":"https:\/\/sso2.com\/tr\/wp-json\/wp\/v2\/pages\/1411","targetHints":{"allow":["GET"]}}],"collection":[{"href":"https:\/\/sso2.com\/tr\/wp-json\/wp\/v2\/pages"}],"about":[{"href":"https:\/\/sso2.com\/tr\/wp-json\/wp\/v2\/types\/page"}],"author":[{"embeddable":true,"href":"https:\/\/sso2.com\/tr\/wp-json\/wp\/v2\/users\/6"}],"replies":[{"embeddable":true,"href":"https:\/\/sso2.com\/tr\/wp-json\/wp\/v2\/comments?post=1411"}],"version-history":[{"count":0,"href":"https:\/\/sso2.com\/tr\/wp-json\/wp\/v2\/pages\/1411\/revisions"}],"up":[{"embeddable":true,"href":"https:\/\/sso2.com\/tr\/wp-json\/wp\/v2\/pages\/388"}],"wp:attachment":[{"href":"https:\/\/sso2.com\/tr\/wp-json\/wp\/v2\/media?parent=1411"}],"curies":[{"name":"wp","href":"https:\/\/api.w.org\/{rel}","templated":true}]}}