{"id":1377,"date":"2021-03-17T23:04:07","date_gmt":"2021-03-17T23:04:07","guid":{"rendered":"https:\/\/sso2.com\/?page_id=1377"},"modified":"2025-11-29T13:28:19","modified_gmt":"2025-11-29T13:28:19","slug":"confined-space-monitoring","status":"publish","type":"page","link":"https:\/\/sso2.com\/tr\/application-notes\/confined-space-monitoring\/","title":{"rendered":"Kapal\u0131 Alan \u0130zleme"},"content":{"rendered":"<div data-elementor-type=\"wp-page\" data-elementor-id=\"1377\" class=\"elementor elementor-1377\" data-elementor-post-type=\"page\">\n\t\t\t\t<div class=\"elementor-element elementor-element-1fe0608f e-flex e-con-boxed e-con e-parent\" data-id=\"1fe0608f\" data-element_type=\"container\" data-e-type=\"container\">\n\t\t\t\t\t<div class=\"e-con-inner\">\n\t\t\t\t<div class=\"elementor-element elementor-element-5f9532e7 elementor-widget elementor-widget-text-editor\" data-id=\"5f9532e7\" data-element_type=\"widget\" data-e-type=\"widget\" data-widget_type=\"text-editor.default\">\n\t\t\t\t<div class=\"elementor-widget-container\">\n\t\t\t\t\t\t\t\t\t<p>Ortam havas\u0131ndaki oksijen konsantrasyonunu g\u00fcvenilir bir \u015fekilde \u00f6l\u00e7me ve g\u00fcvenli seviyelerin alt\u0131na d\u00fc\u015ft\u00fc\u011f\u00fcnde uyar\u0131 sa\u011flama yetene\u011fi, \u00f6zellikle kapal\u0131 alanlar s\u00f6z konusu oldu\u011funda end\u00fcstriyel ortamlarda personel g\u00fcvenli\u011fi i\u00e7in son derece \u00f6nemlidir. Normal ortam havas\u0131ndaki oksijen konsantrasyonu yakla\u015f\u0131k 20,9%'dir. Havadaki oksijen konsantrasyonu 19,5%'ye d\u00fc\u015ft\u00fc\u011f\u00fcnde, OSHA taraf\u0131ndan oksijen eksikli\u011fi olarak kabul edilir ve 16% veya alt\u0131nda insanlar i\u00e7in g\u00fcvensiz kabul edilir ve \u00f6l\u00fcmc\u00fcl olabilir.  Oksijen eksikli\u011fi \u00f6zellikle tehlikelidir \u00e7\u00fcnk\u00fc insanlar bunu kendi ba\u015flar\u0131na alg\u0131layamazlar ve oksijenin yerini alan bir\u00e7ok inert gaz kokusuz, tats\u0131z ve g\u00f6r\u00fcnmezdir.<\/p><p>Kapal\u0131 alanlarda oksijen eksikli\u011finin yayg\u0131n nedenleri aras\u0131nda metallerin oksidasyonu, kaynak ve kesme s\u0131ras\u0131nda yanma ve oksijenin inert bir gazla yer de\u011fi\u015ftirmesi yer al\u0131r. Ayr\u0131ca, yetersiz havaland\u0131rma silolar, proses tesisi kaplar\u0131 ve b\u00fcy\u00fck tanklar gibi alanlarda oksijen eksikli\u011fine yol a\u00e7abilir. Kapal\u0131 alanlar \u00f6zellikle tehlikelidir \u00e7\u00fcnk\u00fc h\u0131zl\u0131 bir \u015fekilde ka\u00e7mak zor olabilir ve k\u00fc\u00e7\u00fck hacimli oksijen a\u00e7\u0131k alanlara g\u00f6re \u00e7ok daha h\u0131zl\u0131 bir \u015fekilde yer de\u011fi\u015ftirebilir veya t\u00fcketilebilir.<\/p><p>Sabit oksijen izleme, ta\u015f\u0131nabilir monit\u00f6rlere uygun, daha d\u00fc\u015f\u00fck maliyetli ve g\u00fcvenilir bir alternatif sunar. Her ikisi i\u00e7in de bir dizi sabit ortam havas\u0131 monit\u00f6r\u00fc \u00fcretiyoruz <a href=\"https:\/\/sso2.com\/tr\/urun\/ambient-air-oxygen-analyzer\/\">Oksijen<\/a> yan\u0131 s\u0131ra <a href=\"https:\/\/sso2.com\/tr\/urun\/ambient-air-oxygen-analyzer-carbon-dioxide-analyzer\/\">\u00e7ift O2 ve CO2<\/a> analiz\u00f6r\u00fcm\u00fcz \u015feklinde <a href=\"https:\/\/sso2.com\/tr\/ortam-havasi-moni%cc%87torleri%cc%87\/\">OMD-351<\/a> serisi, son teknoloji hassas elektrokimyasal sens\u00f6r teknolojimizi kullanmaktad\u0131r. Ger\u00e7ek zamanl\u0131 oksijen konsantrasyonu ekran\u0131, sesli alarm, iki yap\u0131land\u0131r\u0131labilir mandall\u0131 olmayan C formu alarm konta\u011f\u0131, g\u00f6rsel LED alarmlar\u0131 ve elektrik kesintisi durumunda bile g\u00fcvenli\u011fi sa\u011flamak i\u00e7in entegre bir pil yede\u011fi i\u00e7erirler. OMD-351\u2019in az yer kaplamas\u0131 (9,5 \u201dx6,5 \u201dx3,8\u201d) ve duvara monte edilebilir al\u00fcminyum muhafazas\u0131, nispeten dar alanlara bile kolayca s\u0131\u011fmas\u0131n\u0131 sa\u011flar.<\/p>\t\t\t\t\t\t\t\t<\/div>\n\t\t\t\t<\/div>\n\t\t\t\t\t<\/div>\n\t\t\t\t<\/div>\n\t\t\t\t<\/div>","protected":false},"excerpt":{"rendered":"<p>The ability to reliably measure oxygen concentration in ambient air and provide warning when it dips below safe levels is extremely important for personnel safety in industrial environments, especially when confined spaces are involved. Oxygen concentration in normal ambient air is approximately 20.9%. When the oxygen concentration in air drops to 19.5%, it is considered [&hellip;]<\/p>\n","protected":false},"author":6,"featured_media":0,"parent":388,"menu_order":0,"comment_status":"closed","ping_status":"closed","template":"","meta":{"footnotes":""},"class_list":["post-1377","page","type-page","status-publish","hentry"],"yoast_head":"<!-- This site is optimized with the Yoast SEO Premium plugin v27.2 (Yoast SEO v27.2) - https:\/\/yoast.com\/product\/yoast-seo-premium-wordpress\/ -->\n<title>Confined Space Monitoring | Oxygen &amp; O\u2082 Safety Sensors<\/title>\n<meta name=\"description\" content=\"Ensure worker safety with confined space monitoring solutions. Includes oxygen sensors, O\u2082 analyzers, depletion and deficiency monitors for hazardous areas.\" \/>\n<meta name=\"robots\" content=\"index, follow, max-snippet:-1, max-image-preview:large, max-video-preview:-1\" \/>\n<link rel=\"canonical\" href=\"https:\/\/sso2.com\/tr\/application-notes\/confined-space-monitoring\/\" \/>\n<meta property=\"og:locale\" content=\"tr_TR\" \/>\n<meta property=\"og:type\" content=\"article\" \/>\n<meta property=\"og:title\" content=\"Confined Space Monitoring\" \/>\n<meta property=\"og:description\" content=\"Ensure worker safety with confined space monitoring solutions. Includes oxygen sensors, O\u2082 analyzers, depletion and deficiency monitors for hazardous areas.\" \/>\n<meta property=\"og:url\" content=\"https:\/\/sso2.com\/tr\/application-notes\/confined-space-monitoring\/\" \/>\n<meta property=\"og:site_name\" content=\"Southland Sensing Ltd.\" \/>\n<meta property=\"article:modified_time\" content=\"2025-11-29T13:28:19+00:00\" \/>\n<meta property=\"og:image\" content=\"https:\/\/i0.wp.com\/sso2.com\/wp-content\/uploads\/2025\/02\/omd-21.png?fit=1290%2C1158&ssl=1\" \/>\n\t<meta property=\"og:image:width\" content=\"1290\" \/>\n\t<meta property=\"og:image:height\" content=\"1158\" \/>\n\t<meta property=\"og:image:type\" content=\"image\/png\" \/>\n<meta name=\"twitter:card\" content=\"summary_large_image\" \/>\n<meta name=\"twitter:label1\" content=\"Tahmini okuma s\u00fcresi\" \/>\n\t<meta name=\"twitter:data1\" content=\"2 dakika\" \/>\n<script type=\"application\/ld+json\" class=\"yoast-schema-graph\">{\"@context\":\"https:\/\/schema.org\",\"@graph\":[{\"@type\":\"WebPage\",\"@id\":\"https:\/\/sso2.com\/application-notes\/confined-space-monitoring\/\",\"url\":\"https:\/\/sso2.com\/application-notes\/confined-space-monitoring\/\",\"name\":\"Confined Space Monitoring | Oxygen & O\u2082 Safety Sensors\",\"isPartOf\":{\"@id\":\"https:\/\/sso2.com\/#website\"},\"datePublished\":\"2021-03-17T23:04:07+00:00\",\"dateModified\":\"2025-11-29T13:28:19+00:00\",\"description\":\"Ensure worker safety with confined space monitoring solutions. Includes oxygen sensors, O\u2082 analyzers, depletion and deficiency monitors for hazardous areas.\",\"breadcrumb\":{\"@id\":\"https:\/\/sso2.com\/application-notes\/confined-space-monitoring\/#breadcrumb\"},\"inLanguage\":\"tr\",\"potentialAction\":[{\"@type\":\"ReadAction\",\"target\":[\"https:\/\/sso2.com\/application-notes\/confined-space-monitoring\/\"]}]},{\"@type\":\"BreadcrumbList\",\"@id\":\"https:\/\/sso2.com\/application-notes\/confined-space-monitoring\/#breadcrumb\",\"itemListElement\":[{\"@type\":\"ListItem\",\"position\":1,\"name\":\"Home\",\"item\":\"https:\/\/sso2.com\/en\/\"},{\"@type\":\"ListItem\",\"position\":2,\"name\":\"Application Notes\",\"item\":\"https:\/\/sso2.com\/application-notes\/\"},{\"@type\":\"ListItem\",\"position\":3,\"name\":\"Confined Space Monitoring\"}]},{\"@type\":\"WebSite\",\"@id\":\"https:\/\/sso2.com\/#website\",\"url\":\"https:\/\/sso2.com\/\",\"name\":\"Southland Sensing Ltd.\",\"description\":\"Industrial &amp; Medical Gas Analyzers Oxygen CO\u2082, &amp; H\u2082 Monitors\",\"publisher\":{\"@id\":\"https:\/\/sso2.com\/#organization\"},\"alternateName\":\"SSO2\",\"potentialAction\":[{\"@type\":\"SearchAction\",\"target\":{\"@type\":\"EntryPoint\",\"urlTemplate\":\"https:\/\/sso2.com\/?s={search_term_string}\"},\"query-input\":{\"@type\":\"PropertyValueSpecification\",\"valueRequired\":true,\"valueName\":\"search_term_string\"}}],\"inLanguage\":\"tr\"},{\"@type\":\"Organization\",\"@id\":\"https:\/\/sso2.com\/#organization\",\"name\":\"Southland Sensing Ltd.\",\"alternateName\":\"SSO2\",\"url\":\"https:\/\/sso2.com\/\",\"logo\":{\"@type\":\"ImageObject\",\"inLanguage\":\"tr\",\"@id\":\"https:\/\/sso2.com\/#\/schema\/logo\/image\/\",\"url\":\"https:\/\/sso2.com\/wp-content\/uploads\/2025\/10\/sso2_300pixel.webp\",\"contentUrl\":\"https:\/\/sso2.com\/wp-content\/uploads\/2025\/10\/sso2_300pixel.webp\",\"width\":300,\"height\":50,\"caption\":\"Southland Sensing Ltd.\"},\"image\":{\"@id\":\"https:\/\/sso2.com\/#\/schema\/logo\/image\/\"},\"sameAs\":[\"https:\/\/www.linkedin.com\/company\/southland-sensing-ltd\/\"],\"description\":\"Southland Sensing Ltd. brings together superior performance, an improved user experience, and unmatched application expertise to deliver an accurate and reliable measurement solution. That\u2019s why multinationals, small companies and universities alike turn to us again and again.\",\"email\":\"sales@sso2.com\",\"telephone\":\"1-949-398-2879\",\"legalName\":\"Southland Sensing Ltd.\",\"foundingDate\":\"2013-01-01\",\"numberOfEmployees\":{\"@type\":\"QuantitativeValue\",\"minValue\":\"11\",\"maxValue\":\"50\"},\"publishingPrinciples\":\"https:\/\/sso2.com\/contact-us\/\",\"ownershipFundingInfo\":\"https:\/\/sso2.com\/about-us\/\",\"actionableFeedbackPolicy\":\"https:\/\/sso2.com\/contact-us\/\"}]}<\/script>\n<!-- \/ Yoast SEO Premium plugin. -->","yoast_head_json":{"title":"Confined Space Monitoring | Oxygen & O\u2082 Safety Sensors","description":"Ensure worker safety with confined space monitoring solutions. Includes oxygen sensors, O\u2082 analyzers, depletion and deficiency monitors for hazardous areas.","robots":{"index":"index","follow":"follow","max-snippet":"max-snippet:-1","max-image-preview":"max-image-preview:large","max-video-preview":"max-video-preview:-1"},"canonical":"https:\/\/sso2.com\/tr\/application-notes\/confined-space-monitoring\/","og_locale":"tr_TR","og_type":"article","og_title":"Confined Space Monitoring","og_description":"Ensure worker safety with confined space monitoring solutions. Includes oxygen sensors, O\u2082 analyzers, depletion and deficiency monitors for hazardous areas.","og_url":"https:\/\/sso2.com\/tr\/application-notes\/confined-space-monitoring\/","og_site_name":"Southland Sensing Ltd.","article_modified_time":"2025-11-29T13:28:19+00:00","og_image":[{"width":1290,"height":1158,"url":"https:\/\/i0.wp.com\/sso2.com\/wp-content\/uploads\/2025\/02\/omd-21.png?fit=1290%2C1158&ssl=1","type":"image\/png"}],"twitter_card":"summary_large_image","twitter_misc":{"Tahmini okuma s\u00fcresi":"2 dakika"},"schema":{"@context":"https:\/\/schema.org","@graph":[{"@type":"WebPage","@id":"https:\/\/sso2.com\/application-notes\/confined-space-monitoring\/","url":"https:\/\/sso2.com\/application-notes\/confined-space-monitoring\/","name":"Confined Space Monitoring | Oxygen & O\u2082 Safety Sensors","isPartOf":{"@id":"https:\/\/sso2.com\/#website"},"datePublished":"2021-03-17T23:04:07+00:00","dateModified":"2025-11-29T13:28:19+00:00","description":"Ensure worker safety with confined space monitoring solutions. Includes oxygen sensors, O\u2082 analyzers, depletion and deficiency monitors for hazardous areas.","breadcrumb":{"@id":"https:\/\/sso2.com\/application-notes\/confined-space-monitoring\/#breadcrumb"},"inLanguage":"tr","potentialAction":[{"@type":"ReadAction","target":["https:\/\/sso2.com\/application-notes\/confined-space-monitoring\/"]}]},{"@type":"BreadcrumbList","@id":"https:\/\/sso2.com\/application-notes\/confined-space-monitoring\/#breadcrumb","itemListElement":[{"@type":"ListItem","position":1,"name":"Home","item":"https:\/\/sso2.com\/en\/"},{"@type":"ListItem","position":2,"name":"Application Notes","item":"https:\/\/sso2.com\/application-notes\/"},{"@type":"ListItem","position":3,"name":"Confined Space Monitoring"}]},{"@type":"WebSite","@id":"https:\/\/sso2.com\/#website","url":"https:\/\/sso2.com\/","name":"Southland Sensing Ltd.","description":"Industrial &amp; Medical Gas Analyzers Oxygen CO\u2082, &amp; H\u2082 Monitors","publisher":{"@id":"https:\/\/sso2.com\/#organization"},"alternateName":"SSO2","potentialAction":[{"@type":"SearchAction","target":{"@type":"EntryPoint","urlTemplate":"https:\/\/sso2.com\/?s={search_term_string}"},"query-input":{"@type":"PropertyValueSpecification","valueRequired":true,"valueName":"search_term_string"}}],"inLanguage":"tr"},{"@type":"Organization","@id":"https:\/\/sso2.com\/#organization","name":"Southland Sensing Ltd.","alternateName":"SSO2","url":"https:\/\/sso2.com\/","logo":{"@type":"ImageObject","inLanguage":"tr","@id":"https:\/\/sso2.com\/#\/schema\/logo\/image\/","url":"https:\/\/sso2.com\/wp-content\/uploads\/2025\/10\/sso2_300pixel.webp","contentUrl":"https:\/\/sso2.com\/wp-content\/uploads\/2025\/10\/sso2_300pixel.webp","width":300,"height":50,"caption":"Southland Sensing Ltd."},"image":{"@id":"https:\/\/sso2.com\/#\/schema\/logo\/image\/"},"sameAs":["https:\/\/www.linkedin.com\/company\/southland-sensing-ltd\/"],"description":"Southland Sensing Ltd. brings together superior performance, an improved user experience, and unmatched application expertise to deliver an accurate and reliable measurement solution. That\u2019s why multinationals, small companies and universities alike turn to us again and again.","email":"sales@sso2.com","telephone":"1-949-398-2879","legalName":"Southland Sensing Ltd.","foundingDate":"2013-01-01","numberOfEmployees":{"@type":"QuantitativeValue","minValue":"11","maxValue":"50"},"publishingPrinciples":"https:\/\/sso2.com\/contact-us\/","ownershipFundingInfo":"https:\/\/sso2.com\/about-us\/","actionableFeedbackPolicy":"https:\/\/sso2.com\/contact-us\/"}]}},"jetpack_sharing_enabled":true,"jetpack_shortlink":"https:\/\/wp.me\/PaSzwI-md","_links":{"self":[{"href":"https:\/\/sso2.com\/tr\/wp-json\/wp\/v2\/pages\/1377","targetHints":{"allow":["GET"]}}],"collection":[{"href":"https:\/\/sso2.com\/tr\/wp-json\/wp\/v2\/pages"}],"about":[{"href":"https:\/\/sso2.com\/tr\/wp-json\/wp\/v2\/types\/page"}],"author":[{"embeddable":true,"href":"https:\/\/sso2.com\/tr\/wp-json\/wp\/v2\/users\/6"}],"replies":[{"embeddable":true,"href":"https:\/\/sso2.com\/tr\/wp-json\/wp\/v2\/comments?post=1377"}],"version-history":[{"count":0,"href":"https:\/\/sso2.com\/tr\/wp-json\/wp\/v2\/pages\/1377\/revisions"}],"up":[{"embeddable":true,"href":"https:\/\/sso2.com\/tr\/wp-json\/wp\/v2\/pages\/388"}],"wp:attachment":[{"href":"https:\/\/sso2.com\/tr\/wp-json\/wp\/v2\/media?parent=1377"}],"curies":[{"name":"wp","href":"https:\/\/api.w.org\/{rel}","templated":true}]}}