{"id":1375,"date":"2021-03-17T23:06:45","date_gmt":"2021-03-17T23:06:45","guid":{"rendered":"https:\/\/sso2.com\/?page_id=1375"},"modified":"2025-11-19T12:20:42","modified_gmt":"2025-11-19T12:20:42","slug":"flare-stack-monitoring","status":"publish","type":"page","link":"https:\/\/sso2.com\/tr\/application-notes\/flare-stack-monitoring\/","title":{"rendered":"Flare Y\u0131\u011f\u0131n \u0130zleme"},"content":{"rendered":"<p>Flare stacks are employed by petrochemical plants, natural gas processing facilities, and chemical plants and refineries. They serve to burn off flammable gases released by pressure release valves as well as planned burns over short periods for plant start-ups or shutdowns. Combustion of vent gas is often more environmentally friendly than releasing the gas into the air, for example if methane is burnt the products are CO2 and water, which are less harmful to the environment than the methane.<\/p>\n<p>Oxygen analysis is required both at the burner and at the flare header to prevent build-ups of oxygen that may cause an unwanted explosion that could cause serious damage to the plant. At the flare header, gases from many points in the plant meet and oxygen levels should be kept below 0.1% which necessitates low-level detection and accuracy. At the burner itself oxygen should be kept below 1%.<\/p>\n<p>We manufacture analyzers designed to for hazardous areas to enable the measurement of gases in hazardous environments, including our <a href=\"https:\/\/sso2.com\/tr\/urun\/hazardous-area-online-process-oxygen-analyzer-ce\/\">OMD-625<\/a>. The OMD-625 features an ATEX and IECEx certification for use in Ex db ib IIB+H2 T4 Gb areas hazardous areas. With a simple sample system gases can be easily conditioned to be compatible with our analyzers and oxygen levels can be continuously monitored for safety.<\/p>","protected":false},"excerpt":{"rendered":"<p>Flare stacks are employed by petrochemical plants, natural gas processing facilities, and chemical plants and refineries. They serve to burn off flammable gases released by pressure release valves as well as planned burns over short periods for plant start-ups or shutdowns. Combustion of vent gas is often more environmentally friendly than releasing the gas into [&hellip;]<\/p>\n","protected":false},"author":6,"featured_media":0,"parent":388,"menu_order":0,"comment_status":"closed","ping_status":"closed","template":"","meta":{"footnotes":""},"class_list":["post-1375","page","type-page","status-publish","hentry"],"yoast_head":"<!-- This site is optimized with the Yoast SEO Premium plugin v27.2 (Yoast SEO v27.2) - https:\/\/yoast.com\/product\/yoast-seo-premium-wordpress\/ -->\n<title>Flare Stack Monitoring | Oxygen &amp; O\u2082 Safety Sensors<\/title>\n<meta name=\"description\" content=\"Ensure safe and efficient flare stack operations with oxygen sensors, O\u2082 analyzers, and deficiency\/depletion monitors for industrial gas safety.\" \/>\n<meta name=\"robots\" content=\"index, follow, max-snippet:-1, max-image-preview:large, max-video-preview:-1\" \/>\n<link rel=\"canonical\" href=\"https:\/\/sso2.com\/tr\/application-notes\/flare-stack-monitoring\/\" \/>\n<meta property=\"og:locale\" content=\"tr_TR\" \/>\n<meta property=\"og:type\" content=\"article\" \/>\n<meta property=\"og:title\" content=\"Flare Stack Monitoring\" \/>\n<meta property=\"og:description\" content=\"Ensure safe and efficient flare stack operations with oxygen sensors, O\u2082 analyzers, and deficiency\/depletion monitors for industrial gas safety.\" \/>\n<meta property=\"og:url\" content=\"https:\/\/sso2.com\/tr\/application-notes\/flare-stack-monitoring\/\" \/>\n<meta property=\"og:site_name\" content=\"Southland Sensing Ltd.\" \/>\n<meta property=\"article:modified_time\" content=\"2025-11-19T12:20:42+00:00\" \/>\n<meta property=\"og:image\" content=\"https:\/\/i0.wp.com\/sso2.com\/wp-content\/uploads\/2025\/02\/omd-21.png?fit=1290%2C1158&ssl=1\" \/>\n\t<meta property=\"og:image:width\" content=\"1290\" \/>\n\t<meta property=\"og:image:height\" content=\"1158\" \/>\n\t<meta property=\"og:image:type\" content=\"image\/png\" \/>\n<meta name=\"twitter:card\" content=\"summary_large_image\" \/>\n<meta name=\"twitter:label1\" content=\"Tahmini okuma s\u00fcresi\" \/>\n\t<meta name=\"twitter:data1\" content=\"1 dakika\" \/>\n<script type=\"application\/ld+json\" class=\"yoast-schema-graph\">{\"@context\":\"https:\/\/schema.org\",\"@graph\":[{\"@type\":\"WebPage\",\"@id\":\"https:\/\/sso2.com\/application-notes\/flare-stack-monitoring\/\",\"url\":\"https:\/\/sso2.com\/application-notes\/flare-stack-monitoring\/\",\"name\":\"Flare Stack Monitoring | Oxygen & O\u2082 Safety Sensors\",\"isPartOf\":{\"@id\":\"https:\/\/sso2.com\/#website\"},\"datePublished\":\"2021-03-17T23:06:45+00:00\",\"dateModified\":\"2025-11-19T12:20:42+00:00\",\"description\":\"Ensure safe and efficient flare stack operations with oxygen sensors, O\u2082 analyzers, and deficiency\/depletion monitors for industrial gas safety.\",\"breadcrumb\":{\"@id\":\"https:\/\/sso2.com\/application-notes\/flare-stack-monitoring\/#breadcrumb\"},\"inLanguage\":\"tr\",\"potentialAction\":[{\"@type\":\"ReadAction\",\"target\":[\"https:\/\/sso2.com\/application-notes\/flare-stack-monitoring\/\"]}]},{\"@type\":\"BreadcrumbList\",\"@id\":\"https:\/\/sso2.com\/application-notes\/flare-stack-monitoring\/#breadcrumb\",\"itemListElement\":[{\"@type\":\"ListItem\",\"position\":1,\"name\":\"Home\",\"item\":\"https:\/\/sso2.com\/en\/\"},{\"@type\":\"ListItem\",\"position\":2,\"name\":\"Application Notes\",\"item\":\"https:\/\/sso2.com\/application-notes\/\"},{\"@type\":\"ListItem\",\"position\":3,\"name\":\"Flare Stack Monitoring\"}]},{\"@type\":\"WebSite\",\"@id\":\"https:\/\/sso2.com\/#website\",\"url\":\"https:\/\/sso2.com\/\",\"name\":\"Southland Sensing Ltd.\",\"description\":\"Industrial &amp; Medical Gas Analyzers Oxygen CO\u2082, &amp; H\u2082 Monitors\",\"publisher\":{\"@id\":\"https:\/\/sso2.com\/#organization\"},\"alternateName\":\"SSO2\",\"potentialAction\":[{\"@type\":\"SearchAction\",\"target\":{\"@type\":\"EntryPoint\",\"urlTemplate\":\"https:\/\/sso2.com\/?s={search_term_string}\"},\"query-input\":{\"@type\":\"PropertyValueSpecification\",\"valueRequired\":true,\"valueName\":\"search_term_string\"}}],\"inLanguage\":\"tr\"},{\"@type\":\"Organization\",\"@id\":\"https:\/\/sso2.com\/#organization\",\"name\":\"Southland Sensing Ltd.\",\"alternateName\":\"SSO2\",\"url\":\"https:\/\/sso2.com\/\",\"logo\":{\"@type\":\"ImageObject\",\"inLanguage\":\"tr\",\"@id\":\"https:\/\/sso2.com\/#\/schema\/logo\/image\/\",\"url\":\"https:\/\/sso2.com\/wp-content\/uploads\/2025\/10\/sso2_300pixel.webp\",\"contentUrl\":\"https:\/\/sso2.com\/wp-content\/uploads\/2025\/10\/sso2_300pixel.webp\",\"width\":300,\"height\":50,\"caption\":\"Southland Sensing Ltd.\"},\"image\":{\"@id\":\"https:\/\/sso2.com\/#\/schema\/logo\/image\/\"},\"sameAs\":[\"https:\/\/www.linkedin.com\/company\/southland-sensing-ltd\/\"],\"description\":\"Southland Sensing Ltd. brings together superior performance, an improved user experience, and unmatched application expertise to deliver an accurate and reliable measurement solution. That\u2019s why multinationals, small companies and universities alike turn to us again and again.\",\"email\":\"sales@sso2.com\",\"telephone\":\"1-949-398-2879\",\"legalName\":\"Southland Sensing Ltd.\",\"foundingDate\":\"2013-01-01\",\"numberOfEmployees\":{\"@type\":\"QuantitativeValue\",\"minValue\":\"11\",\"maxValue\":\"50\"},\"publishingPrinciples\":\"https:\/\/sso2.com\/contact-us\/\",\"ownershipFundingInfo\":\"https:\/\/sso2.com\/about-us\/\",\"actionableFeedbackPolicy\":\"https:\/\/sso2.com\/contact-us\/\"}]}<\/script>\n<!-- \/ Yoast SEO Premium plugin. -->","yoast_head_json":{"title":"Flare Stack Monitoring | Oxygen & O\u2082 Safety Sensors","description":"Ensure safe and efficient flare stack operations with oxygen sensors, O\u2082 analyzers, and deficiency\/depletion monitors for industrial gas safety.","robots":{"index":"index","follow":"follow","max-snippet":"max-snippet:-1","max-image-preview":"max-image-preview:large","max-video-preview":"max-video-preview:-1"},"canonical":"https:\/\/sso2.com\/tr\/application-notes\/flare-stack-monitoring\/","og_locale":"tr_TR","og_type":"article","og_title":"Flare Stack Monitoring","og_description":"Ensure safe and efficient flare stack operations with oxygen sensors, O\u2082 analyzers, and deficiency\/depletion monitors for industrial gas safety.","og_url":"https:\/\/sso2.com\/tr\/application-notes\/flare-stack-monitoring\/","og_site_name":"Southland Sensing Ltd.","article_modified_time":"2025-11-19T12:20:42+00:00","og_image":[{"width":1290,"height":1158,"url":"https:\/\/i0.wp.com\/sso2.com\/wp-content\/uploads\/2025\/02\/omd-21.png?fit=1290%2C1158&ssl=1","type":"image\/png"}],"twitter_card":"summary_large_image","twitter_misc":{"Tahmini okuma s\u00fcresi":"1 dakika"},"schema":{"@context":"https:\/\/schema.org","@graph":[{"@type":"WebPage","@id":"https:\/\/sso2.com\/application-notes\/flare-stack-monitoring\/","url":"https:\/\/sso2.com\/application-notes\/flare-stack-monitoring\/","name":"Flare Stack Monitoring | Oxygen & O\u2082 Safety Sensors","isPartOf":{"@id":"https:\/\/sso2.com\/#website"},"datePublished":"2021-03-17T23:06:45+00:00","dateModified":"2025-11-19T12:20:42+00:00","description":"Ensure safe and efficient flare stack operations with oxygen sensors, O\u2082 analyzers, and deficiency\/depletion monitors for industrial gas safety.","breadcrumb":{"@id":"https:\/\/sso2.com\/application-notes\/flare-stack-monitoring\/#breadcrumb"},"inLanguage":"tr","potentialAction":[{"@type":"ReadAction","target":["https:\/\/sso2.com\/application-notes\/flare-stack-monitoring\/"]}]},{"@type":"BreadcrumbList","@id":"https:\/\/sso2.com\/application-notes\/flare-stack-monitoring\/#breadcrumb","itemListElement":[{"@type":"ListItem","position":1,"name":"Home","item":"https:\/\/sso2.com\/en\/"},{"@type":"ListItem","position":2,"name":"Application Notes","item":"https:\/\/sso2.com\/application-notes\/"},{"@type":"ListItem","position":3,"name":"Flare Stack Monitoring"}]},{"@type":"WebSite","@id":"https:\/\/sso2.com\/#website","url":"https:\/\/sso2.com\/","name":"Southland Sensing Ltd.","description":"Industrial &amp; Medical Gas Analyzers Oxygen CO\u2082, &amp; H\u2082 Monitors","publisher":{"@id":"https:\/\/sso2.com\/#organization"},"alternateName":"SSO2","potentialAction":[{"@type":"SearchAction","target":{"@type":"EntryPoint","urlTemplate":"https:\/\/sso2.com\/?s={search_term_string}"},"query-input":{"@type":"PropertyValueSpecification","valueRequired":true,"valueName":"search_term_string"}}],"inLanguage":"tr"},{"@type":"Organization","@id":"https:\/\/sso2.com\/#organization","name":"Southland Sensing Ltd.","alternateName":"SSO2","url":"https:\/\/sso2.com\/","logo":{"@type":"ImageObject","inLanguage":"tr","@id":"https:\/\/sso2.com\/#\/schema\/logo\/image\/","url":"https:\/\/sso2.com\/wp-content\/uploads\/2025\/10\/sso2_300pixel.webp","contentUrl":"https:\/\/sso2.com\/wp-content\/uploads\/2025\/10\/sso2_300pixel.webp","width":300,"height":50,"caption":"Southland Sensing Ltd."},"image":{"@id":"https:\/\/sso2.com\/#\/schema\/logo\/image\/"},"sameAs":["https:\/\/www.linkedin.com\/company\/southland-sensing-ltd\/"],"description":"Southland Sensing Ltd. brings together superior performance, an improved user experience, and unmatched application expertise to deliver an accurate and reliable measurement solution. That\u2019s why multinationals, small companies and universities alike turn to us again and again.","email":"sales@sso2.com","telephone":"1-949-398-2879","legalName":"Southland Sensing Ltd.","foundingDate":"2013-01-01","numberOfEmployees":{"@type":"QuantitativeValue","minValue":"11","maxValue":"50"},"publishingPrinciples":"https:\/\/sso2.com\/contact-us\/","ownershipFundingInfo":"https:\/\/sso2.com\/about-us\/","actionableFeedbackPolicy":"https:\/\/sso2.com\/contact-us\/"}]}},"jetpack_sharing_enabled":true,"jetpack_shortlink":"https:\/\/wp.me\/PaSzwI-mb","_links":{"self":[{"href":"https:\/\/sso2.com\/tr\/wp-json\/wp\/v2\/pages\/1375","targetHints":{"allow":["GET"]}}],"collection":[{"href":"https:\/\/sso2.com\/tr\/wp-json\/wp\/v2\/pages"}],"about":[{"href":"https:\/\/sso2.com\/tr\/wp-json\/wp\/v2\/types\/page"}],"author":[{"embeddable":true,"href":"https:\/\/sso2.com\/tr\/wp-json\/wp\/v2\/users\/6"}],"replies":[{"embeddable":true,"href":"https:\/\/sso2.com\/tr\/wp-json\/wp\/v2\/comments?post=1375"}],"version-history":[{"count":0,"href":"https:\/\/sso2.com\/tr\/wp-json\/wp\/v2\/pages\/1375\/revisions"}],"up":[{"embeddable":true,"href":"https:\/\/sso2.com\/tr\/wp-json\/wp\/v2\/pages\/388"}],"wp:attachment":[{"href":"https:\/\/sso2.com\/tr\/wp-json\/wp\/v2\/media?parent=1375"}],"curies":[{"name":"wp","href":"https:\/\/api.w.org\/{rel}","templated":true}]}}