{"id":1303,"date":"2021-02-09T23:23:36","date_gmt":"2021-02-09T23:23:36","guid":{"rendered":"https:\/\/sso2.com\/?page_id=1303"},"modified":"2025-11-29T14:00:33","modified_gmt":"2025-11-29T14:00:33","slug":"semiconductor-manufacturing","status":"publish","type":"page","link":"https:\/\/sso2.com\/tr\/application-notes\/semiconductor-manufacturing\/","title":{"rendered":"Yar\u0131 \u0130letken \u00dcretimi"},"content":{"rendered":"<div data-elementor-type=\"wp-page\" data-elementor-id=\"1303\" class=\"elementor elementor-1303\" data-elementor-post-type=\"page\">\n\t\t\t\t<div class=\"elementor-element elementor-element-6fc0e831 e-flex e-con-boxed e-con e-parent\" data-id=\"6fc0e831\" data-element_type=\"container\" data-e-type=\"container\">\n\t\t\t\t\t<div class=\"e-con-inner\">\n\t\t\t\t<div class=\"elementor-element elementor-element-55f8c67d elementor-widget elementor-widget-text-editor\" data-id=\"55f8c67d\" data-element_type=\"widget\" data-e-type=\"widget\" data-widget_type=\"text-editor.default\">\n\t\t\t\t<div class=\"elementor-widget-container\">\n\t\t\t\t\t\t\t\t\t<p>\u00c7o\u011fu elektronik cihaz\u0131n temelinde yar\u0131 iletkenler - iletkenler ve yal\u0131tkanlar aras\u0131nda bir yerde elektrik ileten malzemeler, en yayg\u0131n olarak silikon bulunur. Mikroi\u015flemciler k\u00fc\u00e7\u00fclmeye devam ettik\u00e7e ve kalite standartlar\u0131 artt\u0131k\u00e7a, yar\u0131 iletken \u00fcretim teknikleri daha hassas hale geldi ve daha sofistike ara\u00e7lar gerektirdi.  \u00c7iplerin \u00fczerine kaz\u0131nan desenler son derece karma\u015f\u0131k ve yo\u011fundur ve \u00e7ipler santimetre kare ba\u015f\u0131na yakla\u015f\u0131k 4 km kaz\u0131nm\u0131\u015f olabilir.<\/p><p>Neredeyse t\u00fcm prosesler, kontaminasyonu \u00f6nlemek i\u00e7in metal duvarl\u0131 reakt\u00f6rlerin veya odalar\u0131n i\u00e7indeki inert atmosferlerde ger\u00e7ekle\u015fir - milyarda par\u00e7a seviyelerindeki oksijen bile, ilgili kimyasallarla istenmeyen reaksiyonlar nedeniyle verim kayb\u0131na neden olabilir.<\/p><p>Gaz seviyeleri i\u00e7in toleranslar \u00e7ok d\u00fc\u015f\u00fck oldu\u011fundan, son derece hassas gaz analiz\u00f6r\u00fc teknolojisi kullan\u0131lmal\u0131d\u0131r. Hassas elektrokimyasal sens\u00f6rlerimiz 0,001 ppm veya 1 ppb \u00e7\u00f6z\u00fcn\u00fcrl\u00fckle 0-1 PPM aral\u0131\u011f\u0131nda oksijen \u00f6l\u00e7\u00fcm\u00fc yapabilmektedir. Bu <a href=\"https:\/\/sso2.com\/tr\/urun\/omd-675\/\">OMD-675<\/a> ve <a href=\"https:\/\/sso2.com\/tr\/urun\/omd-677-online-trace-oxygen-analyzer-0-1-ppm-ce\/\">OMD-677<\/a> gaz\u0131n\u0131z\u0131n s\u00fcrekli izlenmesi i\u00e7in 19\u201d raf veya panel montaj konfig\u00fcrasyonunda bu hassasiyet seviyesini sa\u011flar ve <a href=\"https:\/\/sso2.com\/tr\/urun\/portable-trace-oxygen-analyzer-ce\/\">OMD-640<\/a> gaz safl\u0131\u011f\u0131n\u0131 yerinde kontrol etmek i\u00e7in ta\u015f\u0131nabilir bir pakette ayn\u0131 teknolojiyi kullan\u0131r.<\/p>\t\t\t\t\t\t\t\t<\/div>\n\t\t\t\t<\/div>\n\t\t\t\t\t<\/div>\n\t\t\t\t<\/div>\n\t\t\t\t<\/div>","protected":false},"excerpt":{"rendered":"<p>At the core of most electronic devices are semiconductors \u2013 materials with electrical conducting somewhere between conductors and insulators, most commonly silicon. As microprocessors continue to get smaller and the quality standards increase, semiconductor manufacturing techniques have become more precise and demand more sophisticated tools. \u00a0The patterns etched onto chips are extremely complex and dense, [&hellip;]<\/p>\n","protected":false},"author":6,"featured_media":0,"parent":388,"menu_order":0,"comment_status":"closed","ping_status":"closed","template":"","meta":{"footnotes":""},"class_list":["post-1303","page","type-page","status-publish","hentry"],"yoast_head":"<!-- This site is optimized with the Yoast SEO Premium plugin v27.5 (Yoast SEO v27.5) - https:\/\/yoast.com\/product\/yoast-seo-premium-wordpress\/ -->\n<title>Semiconductor Manufacturing | Oxygen &amp; O\u2082 Monitoring Systems<\/title>\n<meta name=\"description\" content=\"Enhance semiconductor manufacturing safety and precision with advanced oxygen sensors, O\u2082 analyzers, and depletion\/deficiency monitors for cleanroom environments.\" \/>\n<meta name=\"robots\" content=\"index, follow, max-snippet:-1, max-image-preview:large, max-video-preview:-1\" \/>\n<link rel=\"canonical\" href=\"https:\/\/sso2.com\/tr\/application-notes\/semiconductor-manufacturing\/\" \/>\n<meta property=\"og:locale\" content=\"tr_TR\" \/>\n<meta property=\"og:type\" content=\"article\" \/>\n<meta property=\"og:title\" content=\"Semiconductor Manufacturing\" \/>\n<meta property=\"og:description\" content=\"Enhance semiconductor manufacturing safety and precision with advanced oxygen sensors, O\u2082 analyzers, and depletion\/deficiency monitors for cleanroom environments.\" \/>\n<meta property=\"og:url\" content=\"https:\/\/sso2.com\/tr\/application-notes\/semiconductor-manufacturing\/\" \/>\n<meta property=\"og:site_name\" content=\"Southland Sensing Ltd.\" \/>\n<meta property=\"article:modified_time\" content=\"2025-11-29T14:00:33+00:00\" \/>\n<meta property=\"og:image\" content=\"https:\/\/i0.wp.com\/sso2.com\/wp-content\/uploads\/2025\/02\/omd-21.png?fit=1290%2C1158&ssl=1\" \/>\n\t<meta property=\"og:image:width\" content=\"1290\" \/>\n\t<meta property=\"og:image:height\" content=\"1158\" \/>\n\t<meta property=\"og:image:type\" content=\"image\/png\" \/>\n<meta name=\"twitter:card\" content=\"summary_large_image\" \/>\n<meta name=\"twitter:label1\" content=\"Tahmini okuma s\u00fcresi\" \/>\n\t<meta name=\"twitter:data1\" content=\"1 dakika\" \/>\n<script type=\"application\/ld+json\" class=\"yoast-schema-graph\">{\"@context\":\"https:\\\/\\\/schema.org\",\"@graph\":[{\"@type\":\"WebPage\",\"@id\":\"https:\\\/\\\/sso2.com\\\/application-notes\\\/semiconductor-manufacturing\\\/\",\"url\":\"https:\\\/\\\/sso2.com\\\/application-notes\\\/semiconductor-manufacturing\\\/\",\"name\":\"Semiconductor Manufacturing | Oxygen & O\u2082 Monitoring Systems\",\"isPartOf\":{\"@id\":\"https:\\\/\\\/sso2.com\\\/#website\"},\"datePublished\":\"2021-02-09T23:23:36+00:00\",\"dateModified\":\"2025-11-29T14:00:33+00:00\",\"description\":\"Enhance semiconductor manufacturing safety and precision with advanced oxygen sensors, O\u2082 analyzers, and depletion\\\/deficiency monitors for cleanroom environments.\",\"breadcrumb\":{\"@id\":\"https:\\\/\\\/sso2.com\\\/application-notes\\\/semiconductor-manufacturing\\\/#breadcrumb\"},\"inLanguage\":\"tr\",\"potentialAction\":[{\"@type\":\"ReadAction\",\"target\":[\"https:\\\/\\\/sso2.com\\\/application-notes\\\/semiconductor-manufacturing\\\/\"]}]},{\"@type\":\"BreadcrumbList\",\"@id\":\"https:\\\/\\\/sso2.com\\\/application-notes\\\/semiconductor-manufacturing\\\/#breadcrumb\",\"itemListElement\":[{\"@type\":\"ListItem\",\"position\":1,\"name\":\"Home\",\"item\":\"https:\\\/\\\/sso2.com\\\/en\\\/\"},{\"@type\":\"ListItem\",\"position\":2,\"name\":\"Application Notes\",\"item\":\"https:\\\/\\\/sso2.com\\\/application-notes\\\/\"},{\"@type\":\"ListItem\",\"position\":3,\"name\":\"Semiconductor Manufacturing\"}]},{\"@type\":\"WebSite\",\"@id\":\"https:\\\/\\\/sso2.com\\\/#website\",\"url\":\"https:\\\/\\\/sso2.com\\\/\",\"name\":\"Southland Sensing Ltd.\",\"description\":\"Industrial &amp; Medical Gas Analyzers Oxygen CO\u2082, &amp; H\u2082 Monitors\",\"publisher\":{\"@id\":\"https:\\\/\\\/sso2.com\\\/#organization\"},\"alternateName\":\"SSO2\",\"potentialAction\":[{\"@type\":\"SearchAction\",\"target\":{\"@type\":\"EntryPoint\",\"urlTemplate\":\"https:\\\/\\\/sso2.com\\\/?s={search_term_string}\"},\"query-input\":{\"@type\":\"PropertyValueSpecification\",\"valueRequired\":true,\"valueName\":\"search_term_string\"}}],\"inLanguage\":\"tr\"},{\"@type\":\"Organization\",\"@id\":\"https:\\\/\\\/sso2.com\\\/#organization\",\"name\":\"Southland Sensing Ltd.\",\"alternateName\":\"SSO2\",\"url\":\"https:\\\/\\\/sso2.com\\\/\",\"logo\":{\"@type\":\"ImageObject\",\"inLanguage\":\"tr\",\"@id\":\"https:\\\/\\\/sso2.com\\\/#\\\/schema\\\/logo\\\/image\\\/\",\"url\":\"https:\\\/\\\/sso2.com\\\/wp-content\\\/uploads\\\/2025\\\/10\\\/sso2_300pixel.webp\",\"contentUrl\":\"https:\\\/\\\/sso2.com\\\/wp-content\\\/uploads\\\/2025\\\/10\\\/sso2_300pixel.webp\",\"width\":300,\"height\":50,\"caption\":\"Southland Sensing Ltd.\"},\"image\":{\"@id\":\"https:\\\/\\\/sso2.com\\\/#\\\/schema\\\/logo\\\/image\\\/\"},\"sameAs\":[\"https:\\\/\\\/www.linkedin.com\\\/company\\\/southland-sensing-ltd\\\/\"],\"description\":\"Southland Sensing Ltd. brings together superior performance, an improved user experience, and unmatched application expertise to deliver an accurate and reliable measurement solution. That\u2019s why multinationals, small companies and universities alike turn to us again and again.\",\"email\":\"sales@sso2.com\",\"telephone\":\"1-949-398-2879\",\"legalName\":\"Southland Sensing Ltd.\",\"foundingDate\":\"2013-01-01\",\"numberOfEmployees\":{\"@type\":\"QuantitativeValue\",\"minValue\":\"11\",\"maxValue\":\"50\"},\"publishingPrinciples\":\"https:\\\/\\\/sso2.com\\\/contact-us\\\/\",\"ownershipFundingInfo\":\"https:\\\/\\\/sso2.com\\\/about-us\\\/\",\"actionableFeedbackPolicy\":\"https:\\\/\\\/sso2.com\\\/contact-us\\\/\"}]}<\/script>\n<!-- \/ Yoast SEO Premium plugin. -->","yoast_head_json":{"title":"Semiconductor Manufacturing | Oxygen & O\u2082 Monitoring Systems","description":"Enhance semiconductor manufacturing safety and precision with advanced oxygen sensors, O\u2082 analyzers, and depletion\/deficiency monitors for cleanroom environments.","robots":{"index":"index","follow":"follow","max-snippet":"max-snippet:-1","max-image-preview":"max-image-preview:large","max-video-preview":"max-video-preview:-1"},"canonical":"https:\/\/sso2.com\/tr\/application-notes\/semiconductor-manufacturing\/","og_locale":"tr_TR","og_type":"article","og_title":"Semiconductor Manufacturing","og_description":"Enhance semiconductor manufacturing safety and precision with advanced oxygen sensors, O\u2082 analyzers, and depletion\/deficiency monitors for cleanroom environments.","og_url":"https:\/\/sso2.com\/tr\/application-notes\/semiconductor-manufacturing\/","og_site_name":"Southland Sensing Ltd.","article_modified_time":"2025-11-29T14:00:33+00:00","og_image":[{"width":1290,"height":1158,"url":"https:\/\/i0.wp.com\/sso2.com\/wp-content\/uploads\/2025\/02\/omd-21.png?fit=1290%2C1158&ssl=1","type":"image\/png"}],"twitter_card":"summary_large_image","twitter_misc":{"Tahmini okuma s\u00fcresi":"1 dakika"},"schema":{"@context":"https:\/\/schema.org","@graph":[{"@type":"WebPage","@id":"https:\/\/sso2.com\/application-notes\/semiconductor-manufacturing\/","url":"https:\/\/sso2.com\/application-notes\/semiconductor-manufacturing\/","name":"Semiconductor Manufacturing | Oxygen & O\u2082 Monitoring Systems","isPartOf":{"@id":"https:\/\/sso2.com\/#website"},"datePublished":"2021-02-09T23:23:36+00:00","dateModified":"2025-11-29T14:00:33+00:00","description":"Enhance semiconductor manufacturing safety and precision with advanced oxygen sensors, O\u2082 analyzers, and depletion\/deficiency monitors for cleanroom environments.","breadcrumb":{"@id":"https:\/\/sso2.com\/application-notes\/semiconductor-manufacturing\/#breadcrumb"},"inLanguage":"tr","potentialAction":[{"@type":"ReadAction","target":["https:\/\/sso2.com\/application-notes\/semiconductor-manufacturing\/"]}]},{"@type":"BreadcrumbList","@id":"https:\/\/sso2.com\/application-notes\/semiconductor-manufacturing\/#breadcrumb","itemListElement":[{"@type":"ListItem","position":1,"name":"Home","item":"https:\/\/sso2.com\/en\/"},{"@type":"ListItem","position":2,"name":"Application Notes","item":"https:\/\/sso2.com\/application-notes\/"},{"@type":"ListItem","position":3,"name":"Semiconductor Manufacturing"}]},{"@type":"WebSite","@id":"https:\/\/sso2.com\/#website","url":"https:\/\/sso2.com\/","name":"Southland Sensing Ltd.","description":"Industrial &amp; Medical Gas Analyzers Oxygen CO\u2082, &amp; H\u2082 Monitors","publisher":{"@id":"https:\/\/sso2.com\/#organization"},"alternateName":"SSO2","potentialAction":[{"@type":"SearchAction","target":{"@type":"EntryPoint","urlTemplate":"https:\/\/sso2.com\/?s={search_term_string}"},"query-input":{"@type":"PropertyValueSpecification","valueRequired":true,"valueName":"search_term_string"}}],"inLanguage":"tr"},{"@type":"Organization","@id":"https:\/\/sso2.com\/#organization","name":"Southland Sensing Ltd.","alternateName":"SSO2","url":"https:\/\/sso2.com\/","logo":{"@type":"ImageObject","inLanguage":"tr","@id":"https:\/\/sso2.com\/#\/schema\/logo\/image\/","url":"https:\/\/sso2.com\/wp-content\/uploads\/2025\/10\/sso2_300pixel.webp","contentUrl":"https:\/\/sso2.com\/wp-content\/uploads\/2025\/10\/sso2_300pixel.webp","width":300,"height":50,"caption":"Southland Sensing Ltd."},"image":{"@id":"https:\/\/sso2.com\/#\/schema\/logo\/image\/"},"sameAs":["https:\/\/www.linkedin.com\/company\/southland-sensing-ltd\/"],"description":"Southland Sensing Ltd. brings together superior performance, an improved user experience, and unmatched application expertise to deliver an accurate and reliable measurement solution. That\u2019s why multinationals, small companies and universities alike turn to us again and again.","email":"sales@sso2.com","telephone":"1-949-398-2879","legalName":"Southland Sensing Ltd.","foundingDate":"2013-01-01","numberOfEmployees":{"@type":"QuantitativeValue","minValue":"11","maxValue":"50"},"publishingPrinciples":"https:\/\/sso2.com\/contact-us\/","ownershipFundingInfo":"https:\/\/sso2.com\/about-us\/","actionableFeedbackPolicy":"https:\/\/sso2.com\/contact-us\/"}]}},"jetpack_sharing_enabled":true,"jetpack_shortlink":"https:\/\/wp.me\/PaSzwI-l1","_links":{"self":[{"href":"https:\/\/sso2.com\/tr\/wp-json\/wp\/v2\/pages\/1303","targetHints":{"allow":["GET"]}}],"collection":[{"href":"https:\/\/sso2.com\/tr\/wp-json\/wp\/v2\/pages"}],"about":[{"href":"https:\/\/sso2.com\/tr\/wp-json\/wp\/v2\/types\/page"}],"author":[{"embeddable":true,"href":"https:\/\/sso2.com\/tr\/wp-json\/wp\/v2\/users\/6"}],"replies":[{"embeddable":true,"href":"https:\/\/sso2.com\/tr\/wp-json\/wp\/v2\/comments?post=1303"}],"version-history":[{"count":0,"href":"https:\/\/sso2.com\/tr\/wp-json\/wp\/v2\/pages\/1303\/revisions"}],"up":[{"embeddable":true,"href":"https:\/\/sso2.com\/tr\/wp-json\/wp\/v2\/pages\/388"}],"wp:attachment":[{"href":"https:\/\/sso2.com\/tr\/wp-json\/wp\/v2\/media?parent=1303"}],"curies":[{"name":"wp","href":"https:\/\/api.w.org\/{rel}","templated":true}]}}