{"id":1296,"date":"2021-02-09T23:32:38","date_gmt":"2021-02-09T23:32:38","guid":{"rendered":"https:\/\/sso2.com\/?page_id=1296"},"modified":"2025-11-29T13:25:27","modified_gmt":"2025-11-29T13:25:27","slug":"combustion-control","status":"publish","type":"page","link":"https:\/\/sso2.com\/tr\/application-notes\/combustion-control\/","title":{"rendered":"Yanma Kontrol\u00fc"},"content":{"rendered":"<div data-elementor-type=\"wp-page\" data-elementor-id=\"1296\" class=\"elementor elementor-1296\" data-elementor-post-type=\"page\">\n\t\t\t\t<div class=\"elementor-element elementor-element-731a7156 e-flex e-con-boxed e-con e-parent\" data-id=\"731a7156\" data-element_type=\"container\" data-e-type=\"container\">\n\t\t\t\t\t<div class=\"e-con-inner\">\n\t\t\t\t<div class=\"elementor-element elementor-element-7f951797 elementor-widget elementor-widget-text-editor\" data-id=\"7f951797\" data-element_type=\"widget\" data-e-type=\"widget\" data-widget_type=\"text-editor.default\">\n\t\t\t\t<div class=\"elementor-widget-container\">\n\t\t\t\t\t\t\t\t\t<p>Yanma, tam yanma, alev stabilitesinin korunmas\u0131 ve karbon monoksit ve NOx gibi emisyonlar\u0131n s\u0131n\u0131rland\u0131r\u0131lmas\u0131 i\u00e7in belirli bir miktarda fazla hava gerektirir. Tipik bir br\u00fcl\u00f6r i\u00e7in bu fazlal\u0131k 4-8% aral\u0131\u011f\u0131nda olacakt\u0131r. \u00c7ok fazla fazla oksijen yanma verimlili\u011finde d\u00fc\u015f\u00fc\u015fe neden olur, ayn\u0131 miktarda \u0131s\u0131 elde etmek i\u00e7in daha fazla gaz gerektirir ve baca gaz\u0131 yo\u011fu\u015fma potansiyelini d\u00fc\u015f\u00fcrebilir - her ikisi de \u0131s\u0131 talebini kar\u015f\u0131lamak i\u00e7in i\u015fletme maliyetlerinin artmas\u0131na neden olur.<\/p><p>Kazanlar ayr\u0131ca y\u00fckteki de\u011fi\u015fikliklere yan\u0131t vermek i\u00e7in \u00e7evrim yapmak zorundad\u0131r, bu da enerji israf\u0131na neden olur ve \u0131s\u0131 e\u015fanj\u00f6r\u00fc geni\u015fleyip darald\u0131k\u00e7a ve tahliye s\u0131ras\u0131nda de\u011ferli \u0131s\u0131 bas\u0131n\u00e7l\u0131 kaptan \u00e7ekildik\u00e7e bile\u015fen a\u015f\u0131nmas\u0131n\u0131 h\u0131zland\u0131r\u0131r. Y\u00fckteki de\u011fi\u015fikliklere yan\u0131t vermek i\u00e7in hava\/yak\u0131t oran\u0131n\u0131 mod\u00fcle ederek \u00e7evrim en aza indirilebilir ve br\u00fcl\u00f6r\u00fcn az ya da \u00e7ok s\u00fcrekli \u00e7al\u0131\u015fmas\u0131na izin verilir.<\/p><p>Bu nedenlerden dolay\u0131 oksijen alg\u0131lama, maliyet verimlili\u011fini en \u00fcst d\u00fczeye \u00e7\u0131karmak ve a\u015f\u0131nma, emisyon ve at\u0131klar\u0131 en aza indirmek i\u00e7in do\u011fru hava\/yak\u0131t oran\u0131n\u0131 sa\u011flamak \u00fczere yanma gerektiren prosesler i\u00e7in son derece yararl\u0131d\u0131r. Elektrokimyasal h\u00fccreler, sens\u00f6r h\u00fccresi i\u00e7in gaz\u0131 \u015fartland\u0131rmak \u00fczere nispeten basit bir numune sistemi ile bu tesislerde oksijen \u00f6l\u00e7\u00fcm\u00fc i\u00e7in kullan\u0131labilir.<\/p>\t\t\t\t\t\t\t\t<\/div>\n\t\t\t\t<\/div>\n\t\t\t\t\t<\/div>\n\t\t\t\t<\/div>\n\t\t\t\t<\/div>","protected":false},"excerpt":{"rendered":"<p>Combustion requires a certain amount of excess air for complete combustion, maintaining flame stability, and limiting emissions such as carbon monoxide and NOx. For a typical burner, this excess will be in the 4-8% range. Too much excess oxygen will lead to a decrease in combustion efficiency, requiring more gas to get the same amount [&hellip;]<\/p>\n","protected":false},"author":6,"featured_media":0,"parent":388,"menu_order":0,"comment_status":"closed","ping_status":"closed","template":"","meta":{"footnotes":""},"class_list":["post-1296","page","type-page","status-publish","hentry"],"yoast_head":"<!-- This site is optimized with the Yoast SEO Premium plugin v27.2 (Yoast SEO v27.2) - https:\/\/yoast.com\/product\/yoast-seo-premium-wordpress\/ -->\n<title>Combustion Control Systems | Oxygen &amp; O\u2082 Monitoring Solutions<\/title>\n<meta name=\"description\" content=\"Optimize combustion efficiency with advanced oxygen sensors, O\u2082 analyzers, and deficiency monitors. Ensure safe and precise control for industrial applications.\" \/>\n<meta name=\"robots\" content=\"index, follow, max-snippet:-1, max-image-preview:large, max-video-preview:-1\" \/>\n<link rel=\"canonical\" href=\"https:\/\/sso2.com\/tr\/application-notes\/combustion-control\/\" \/>\n<meta property=\"og:locale\" content=\"tr_TR\" \/>\n<meta property=\"og:type\" content=\"article\" \/>\n<meta property=\"og:title\" content=\"Combustion Control\" \/>\n<meta property=\"og:description\" content=\"Optimize combustion efficiency with advanced oxygen sensors, O\u2082 analyzers, and deficiency monitors. Ensure safe and precise control for industrial applications.\" \/>\n<meta property=\"og:url\" content=\"https:\/\/sso2.com\/tr\/application-notes\/combustion-control\/\" \/>\n<meta property=\"og:site_name\" content=\"Southland Sensing Ltd.\" \/>\n<meta property=\"article:modified_time\" content=\"2025-11-29T13:25:27+00:00\" \/>\n<meta property=\"og:image\" content=\"https:\/\/i0.wp.com\/sso2.com\/wp-content\/uploads\/2025\/02\/omd-21.png?fit=1290%2C1158&ssl=1\" \/>\n\t<meta property=\"og:image:width\" content=\"1290\" \/>\n\t<meta property=\"og:image:height\" content=\"1158\" \/>\n\t<meta property=\"og:image:type\" content=\"image\/png\" \/>\n<meta name=\"twitter:card\" content=\"summary_large_image\" \/>\n<meta name=\"twitter:label1\" content=\"Tahmini okuma s\u00fcresi\" \/>\n\t<meta name=\"twitter:data1\" content=\"1 dakika\" \/>\n<script type=\"application\/ld+json\" class=\"yoast-schema-graph\">{\"@context\":\"https:\/\/schema.org\",\"@graph\":[{\"@type\":\"WebPage\",\"@id\":\"https:\/\/sso2.com\/application-notes\/combustion-control\/\",\"url\":\"https:\/\/sso2.com\/application-notes\/combustion-control\/\",\"name\":\"Combustion Control Systems | Oxygen & O\u2082 Monitoring Solutions\",\"isPartOf\":{\"@id\":\"https:\/\/sso2.com\/#website\"},\"datePublished\":\"2021-02-09T23:32:38+00:00\",\"dateModified\":\"2025-11-29T13:25:27+00:00\",\"description\":\"Optimize combustion efficiency with advanced oxygen sensors, O\u2082 analyzers, and deficiency monitors. Ensure safe and precise control for industrial applications.\",\"breadcrumb\":{\"@id\":\"https:\/\/sso2.com\/application-notes\/combustion-control\/#breadcrumb\"},\"inLanguage\":\"tr\",\"potentialAction\":[{\"@type\":\"ReadAction\",\"target\":[\"https:\/\/sso2.com\/application-notes\/combustion-control\/\"]}]},{\"@type\":\"BreadcrumbList\",\"@id\":\"https:\/\/sso2.com\/application-notes\/combustion-control\/#breadcrumb\",\"itemListElement\":[{\"@type\":\"ListItem\",\"position\":1,\"name\":\"Home\",\"item\":\"https:\/\/sso2.com\/en\/\"},{\"@type\":\"ListItem\",\"position\":2,\"name\":\"Application Notes\",\"item\":\"https:\/\/sso2.com\/application-notes\/\"},{\"@type\":\"ListItem\",\"position\":3,\"name\":\"Combustion Control\"}]},{\"@type\":\"WebSite\",\"@id\":\"https:\/\/sso2.com\/#website\",\"url\":\"https:\/\/sso2.com\/\",\"name\":\"Southland Sensing Ltd.\",\"description\":\"Industrial &amp; Medical Gas Analyzers Oxygen CO\u2082, &amp; H\u2082 Monitors\",\"publisher\":{\"@id\":\"https:\/\/sso2.com\/#organization\"},\"alternateName\":\"SSO2\",\"potentialAction\":[{\"@type\":\"SearchAction\",\"target\":{\"@type\":\"EntryPoint\",\"urlTemplate\":\"https:\/\/sso2.com\/?s={search_term_string}\"},\"query-input\":{\"@type\":\"PropertyValueSpecification\",\"valueRequired\":true,\"valueName\":\"search_term_string\"}}],\"inLanguage\":\"tr\"},{\"@type\":\"Organization\",\"@id\":\"https:\/\/sso2.com\/#organization\",\"name\":\"Southland Sensing Ltd.\",\"alternateName\":\"SSO2\",\"url\":\"https:\/\/sso2.com\/\",\"logo\":{\"@type\":\"ImageObject\",\"inLanguage\":\"tr\",\"@id\":\"https:\/\/sso2.com\/#\/schema\/logo\/image\/\",\"url\":\"https:\/\/sso2.com\/wp-content\/uploads\/2025\/10\/sso2_300pixel.webp\",\"contentUrl\":\"https:\/\/sso2.com\/wp-content\/uploads\/2025\/10\/sso2_300pixel.webp\",\"width\":300,\"height\":50,\"caption\":\"Southland Sensing Ltd.\"},\"image\":{\"@id\":\"https:\/\/sso2.com\/#\/schema\/logo\/image\/\"},\"sameAs\":[\"https:\/\/www.linkedin.com\/company\/southland-sensing-ltd\/\"],\"description\":\"Southland Sensing Ltd. brings together superior performance, an improved user experience, and unmatched application expertise to deliver an accurate and reliable measurement solution. That\u2019s why multinationals, small companies and universities alike turn to us again and again.\",\"email\":\"sales@sso2.com\",\"telephone\":\"1-949-398-2879\",\"legalName\":\"Southland Sensing Ltd.\",\"foundingDate\":\"2013-01-01\",\"numberOfEmployees\":{\"@type\":\"QuantitativeValue\",\"minValue\":\"11\",\"maxValue\":\"50\"},\"publishingPrinciples\":\"https:\/\/sso2.com\/contact-us\/\",\"ownershipFundingInfo\":\"https:\/\/sso2.com\/about-us\/\",\"actionableFeedbackPolicy\":\"https:\/\/sso2.com\/contact-us\/\"}]}<\/script>\n<!-- \/ Yoast SEO Premium plugin. -->","yoast_head_json":{"title":"Combustion Control Systems | Oxygen & O\u2082 Monitoring Solutions","description":"Optimize combustion efficiency with advanced oxygen sensors, O\u2082 analyzers, and deficiency monitors. Ensure safe and precise control for industrial applications.","robots":{"index":"index","follow":"follow","max-snippet":"max-snippet:-1","max-image-preview":"max-image-preview:large","max-video-preview":"max-video-preview:-1"},"canonical":"https:\/\/sso2.com\/tr\/application-notes\/combustion-control\/","og_locale":"tr_TR","og_type":"article","og_title":"Combustion Control","og_description":"Optimize combustion efficiency with advanced oxygen sensors, O\u2082 analyzers, and deficiency monitors. Ensure safe and precise control for industrial applications.","og_url":"https:\/\/sso2.com\/tr\/application-notes\/combustion-control\/","og_site_name":"Southland Sensing Ltd.","article_modified_time":"2025-11-29T13:25:27+00:00","og_image":[{"width":1290,"height":1158,"url":"https:\/\/i0.wp.com\/sso2.com\/wp-content\/uploads\/2025\/02\/omd-21.png?fit=1290%2C1158&ssl=1","type":"image\/png"}],"twitter_card":"summary_large_image","twitter_misc":{"Tahmini okuma s\u00fcresi":"1 dakika"},"schema":{"@context":"https:\/\/schema.org","@graph":[{"@type":"WebPage","@id":"https:\/\/sso2.com\/application-notes\/combustion-control\/","url":"https:\/\/sso2.com\/application-notes\/combustion-control\/","name":"Combustion Control Systems | Oxygen & O\u2082 Monitoring Solutions","isPartOf":{"@id":"https:\/\/sso2.com\/#website"},"datePublished":"2021-02-09T23:32:38+00:00","dateModified":"2025-11-29T13:25:27+00:00","description":"Optimize combustion efficiency with advanced oxygen sensors, O\u2082 analyzers, and deficiency monitors. Ensure safe and precise control for industrial applications.","breadcrumb":{"@id":"https:\/\/sso2.com\/application-notes\/combustion-control\/#breadcrumb"},"inLanguage":"tr","potentialAction":[{"@type":"ReadAction","target":["https:\/\/sso2.com\/application-notes\/combustion-control\/"]}]},{"@type":"BreadcrumbList","@id":"https:\/\/sso2.com\/application-notes\/combustion-control\/#breadcrumb","itemListElement":[{"@type":"ListItem","position":1,"name":"Home","item":"https:\/\/sso2.com\/en\/"},{"@type":"ListItem","position":2,"name":"Application Notes","item":"https:\/\/sso2.com\/application-notes\/"},{"@type":"ListItem","position":3,"name":"Combustion Control"}]},{"@type":"WebSite","@id":"https:\/\/sso2.com\/#website","url":"https:\/\/sso2.com\/","name":"Southland Sensing Ltd.","description":"Industrial &amp; Medical Gas Analyzers Oxygen CO\u2082, &amp; H\u2082 Monitors","publisher":{"@id":"https:\/\/sso2.com\/#organization"},"alternateName":"SSO2","potentialAction":[{"@type":"SearchAction","target":{"@type":"EntryPoint","urlTemplate":"https:\/\/sso2.com\/?s={search_term_string}"},"query-input":{"@type":"PropertyValueSpecification","valueRequired":true,"valueName":"search_term_string"}}],"inLanguage":"tr"},{"@type":"Organization","@id":"https:\/\/sso2.com\/#organization","name":"Southland Sensing Ltd.","alternateName":"SSO2","url":"https:\/\/sso2.com\/","logo":{"@type":"ImageObject","inLanguage":"tr","@id":"https:\/\/sso2.com\/#\/schema\/logo\/image\/","url":"https:\/\/sso2.com\/wp-content\/uploads\/2025\/10\/sso2_300pixel.webp","contentUrl":"https:\/\/sso2.com\/wp-content\/uploads\/2025\/10\/sso2_300pixel.webp","width":300,"height":50,"caption":"Southland Sensing Ltd."},"image":{"@id":"https:\/\/sso2.com\/#\/schema\/logo\/image\/"},"sameAs":["https:\/\/www.linkedin.com\/company\/southland-sensing-ltd\/"],"description":"Southland Sensing Ltd. brings together superior performance, an improved user experience, and unmatched application expertise to deliver an accurate and reliable measurement solution. That\u2019s why multinationals, small companies and universities alike turn to us again and again.","email":"sales@sso2.com","telephone":"1-949-398-2879","legalName":"Southland Sensing Ltd.","foundingDate":"2013-01-01","numberOfEmployees":{"@type":"QuantitativeValue","minValue":"11","maxValue":"50"},"publishingPrinciples":"https:\/\/sso2.com\/contact-us\/","ownershipFundingInfo":"https:\/\/sso2.com\/about-us\/","actionableFeedbackPolicy":"https:\/\/sso2.com\/contact-us\/"}]}},"jetpack_sharing_enabled":true,"jetpack_shortlink":"https:\/\/wp.me\/PaSzwI-kU","_links":{"self":[{"href":"https:\/\/sso2.com\/tr\/wp-json\/wp\/v2\/pages\/1296","targetHints":{"allow":["GET"]}}],"collection":[{"href":"https:\/\/sso2.com\/tr\/wp-json\/wp\/v2\/pages"}],"about":[{"href":"https:\/\/sso2.com\/tr\/wp-json\/wp\/v2\/types\/page"}],"author":[{"embeddable":true,"href":"https:\/\/sso2.com\/tr\/wp-json\/wp\/v2\/users\/6"}],"replies":[{"embeddable":true,"href":"https:\/\/sso2.com\/tr\/wp-json\/wp\/v2\/comments?post=1296"}],"version-history":[{"count":0,"href":"https:\/\/sso2.com\/tr\/wp-json\/wp\/v2\/pages\/1296\/revisions"}],"up":[{"embeddable":true,"href":"https:\/\/sso2.com\/tr\/wp-json\/wp\/v2\/pages\/388"}],"wp:attachment":[{"href":"https:\/\/sso2.com\/tr\/wp-json\/wp\/v2\/media?parent=1296"}],"curies":[{"name":"wp","href":"https:\/\/api.w.org\/{rel}","templated":true}]}}