{"id":1162,"date":"2021-02-09T23:28:17","date_gmt":"2021-02-09T23:28:17","guid":{"rendered":"https:\/\/sso2.com\/?page_id=1162"},"modified":"2025-11-29T13:56:45","modified_gmt":"2025-11-29T13:56:45","slug":"psa-and-vpsa-processing","status":"publish","type":"page","link":"https:\/\/sso2.com\/tr\/application-notes\/psa-and-vpsa-processing\/","title":{"rendered":"PSA ve VPSA \u0130\u015flemleri"},"content":{"rendered":"<div data-elementor-type=\"wp-page\" data-elementor-id=\"1162\" class=\"elementor elementor-1162\" data-elementor-post-type=\"page\">\n\t\t\t\t<div class=\"elementor-element elementor-element-4bfa18e8 e-flex e-con-boxed e-con e-parent\" data-id=\"4bfa18e8\" data-element_type=\"container\" data-e-type=\"container\">\n\t\t\t\t\t<div class=\"e-con-inner\">\n\t\t\t\t<div class=\"elementor-element elementor-element-26e6f0fc elementor-widget elementor-widget-text-editor\" data-id=\"26e6f0fc\" data-element_type=\"widget\" data-e-type=\"widget\" data-widget_type=\"text-editor.default\">\n\t\t\t\t<div class=\"elementor-widget-container\">\n\t\t\t\t\t\t\t\t\t<p>Y\u00fcksek safl\u0131kta oksijen ve nitrojene eri\u015fim bir\u00e7ok end\u00fcstri i\u00e7in \u00f6nemlidir. K\u00fc\u00e7\u00fck tesisler i\u00e7in bu gaz\u0131 elde etmek i\u00e7in genellikle ekonomik bir se\u00e7enek, bir bas\u0131n\u00e7 sal\u0131n\u0131ml\u0131 adsorpsiyon (PSA) jenerat\u00f6r\u00fc kullanarak \u00e7evremizdeki havadan yerinde \u00fcretmektir.  PSA jenerat\u00f6rleri bir k\u0131za\u011fa s\u0131\u011fabilecek k\u00fc\u00e7\u00fck paketlerden son derece b\u00fcy\u00fck kurulumlara kadar \u00e7e\u015fitlilik g\u00f6sterebilir. Oksijen ya da nitrojen gaz\u0131 \u00fcretmek i\u00e7in kullan\u0131labilirler.<\/p><p>PSA jenerat\u00f6rleri, y\u00fcksek bas\u0131n\u00e7 alt\u0131nda belirli gazlar\u0131n belirli malzemelere adsorbe olma veya yap\u0131\u015fma e\u011filiminde oldu\u011fu ger\u00e7e\u011finden yararlan\u0131r. \u00d6rne\u011fin: oksijen \u00fcretmek i\u00e7in hava s\u0131k\u0131\u015ft\u0131r\u0131l\u0131r ve nitrojeni adsorbe eden ve geride daha fazla oksijene doymu\u015f hava b\u0131rakan zeolit \u00fczerinden ge\u00e7irilir. Zeolit tamamen doydu\u011funda, nitrojeni zeolitten desorbe etmek veya ay\u0131rmak i\u00e7in bas\u0131n\u00e7 d\u00fc\u015f\u00fcr\u00fcl\u00fcr, b\u00f6ylece havaland\u0131r\u0131labilir. Azot \u00fcretmek i\u00e7in zeolit yerine bir karbon mol ele\u011fi kullan\u0131l\u0131r. Vakumlu PSA (VPSA) jenerat\u00f6rleri do\u011fal olarak ayn\u0131 i\u015flevi g\u00f6r\u00fcr, ancak havaland\u0131r\u0131lan at\u0131k gaz miktar\u0131n\u0131 art\u0131rmak amac\u0131yla desorpsiyon bas\u0131nc\u0131n\u0131 d\u00fc\u015f\u00fcrmek i\u00e7in vakum \u00fcfleyiciler kullan\u0131rlar.<\/p><p>Oksijen alg\u0131lama, (V)PSA jenerat\u00f6rlerinin \u00e7al\u0131\u015fmas\u0131 i\u00e7in \u00e7ok \u00f6nemlidir, \u00e7\u00fcnk\u00fc \u00fcretti\u011finiz gaz\u0131n istedi\u011finiz kalitede oldu\u011funu bilmeniz gerekir. Azot \u00fcretimi i\u00e7in milyonda bir par\u00e7aya veya d\u00fc\u015f\u00fck oksijen y\u00fczdesine kadar ya da saf O2 \u00fcretimi i\u00e7in 100% oksijene kadar \u00f6l\u00e7\u00fcm yapabilen son teknoloji \u00fcr\u00fcn\u00fc, g\u00fcvenilir elektrokimyasal sens\u00f6rler sunuyoruz. Analiz\u00f6rlerimiz 19\u201d raf montajl\u0131 <a href=\"https:\/\/sso2.com\/tr\/urun\/omd-675\/\">OMD-675<\/a> ve <a href=\"https:\/\/sso2.com\/tr\/urun\/omd-775\/\">OMD-775<\/a>, kompakt yap\u0131ya <a href=\"https:\/\/sso2.com\/tr\/urun\/compact-in-line-oxygen-transmitter-ce\/\">OMD-507<\/a> gaz \u00fcretiminin t\u00fcm a\u015famalar\u0131na ve her boyuttaki PSA jenerat\u00f6r\u00fcne uyacak \u015fekilde tasarlanm\u0131\u015ft\u0131r.<\/p>\t\t\t\t\t\t\t\t<\/div>\n\t\t\t\t<\/div>\n\t\t\t\t\t<\/div>\n\t\t\t\t<\/div>\n\t\t\t\t<\/div>","protected":false},"excerpt":{"rendered":"<p>Having access to high purity oxygen and nitrogen is important for many industries. Often an economical choice for smaller plants to get this gas is to generate it from the air around us on-site using a pressure swing adsorption (PSA) generator. \u00a0PSA generators can vary from small packages that can fit on a skid, all [&hellip;]<\/p>\n","protected":false},"author":6,"featured_media":0,"parent":388,"menu_order":0,"comment_status":"closed","ping_status":"closed","template":"","meta":{"footnotes":""},"class_list":["post-1162","page","type-page","status-publish","hentry"],"yoast_head":"<!-- This site is optimized with the Yoast SEO Premium plugin v27.2 (Yoast SEO v27.2) - https:\/\/yoast.com\/product\/yoast-seo-premium-wordpress\/ -->\n<title>PSA &amp; VPSA Processing | Oxygen &amp; O\u2082 Monitoring Systems<\/title>\n<meta name=\"description\" content=\"Optimize PSA and VPSA gas separation processes with advanced oxygen sensors, O\u2082 analyzers, and depletion\/deficiency monitors for safe and efficient operation.\" \/>\n<meta name=\"robots\" content=\"index, follow, max-snippet:-1, max-image-preview:large, max-video-preview:-1\" \/>\n<link rel=\"canonical\" href=\"https:\/\/sso2.com\/tr\/application-notes\/psa-and-vpsa-processing\/\" \/>\n<meta property=\"og:locale\" content=\"tr_TR\" \/>\n<meta property=\"og:type\" content=\"article\" \/>\n<meta property=\"og:title\" content=\"PSA and VPSA Processing\" \/>\n<meta property=\"og:description\" content=\"Optimize PSA and VPSA gas separation processes with advanced oxygen sensors, O\u2082 analyzers, and depletion\/deficiency monitors for safe and efficient operation.\" \/>\n<meta property=\"og:url\" content=\"https:\/\/sso2.com\/tr\/application-notes\/psa-and-vpsa-processing\/\" \/>\n<meta property=\"og:site_name\" content=\"Southland Sensing Ltd.\" \/>\n<meta property=\"article:modified_time\" content=\"2025-11-29T13:56:45+00:00\" \/>\n<meta property=\"og:image\" content=\"https:\/\/i0.wp.com\/sso2.com\/wp-content\/uploads\/2025\/02\/omd-21.png?fit=1290%2C1158&ssl=1\" \/>\n\t<meta property=\"og:image:width\" content=\"1290\" \/>\n\t<meta property=\"og:image:height\" content=\"1158\" \/>\n\t<meta property=\"og:image:type\" content=\"image\/png\" \/>\n<meta name=\"twitter:card\" content=\"summary_large_image\" \/>\n<meta name=\"twitter:label1\" content=\"Tahmini okuma s\u00fcresi\" \/>\n\t<meta name=\"twitter:data1\" content=\"2 dakika\" \/>\n<script type=\"application\/ld+json\" class=\"yoast-schema-graph\">{\"@context\":\"https:\/\/schema.org\",\"@graph\":[{\"@type\":\"WebPage\",\"@id\":\"https:\/\/sso2.com\/application-notes\/psa-and-vpsa-processing\/\",\"url\":\"https:\/\/sso2.com\/application-notes\/psa-and-vpsa-processing\/\",\"name\":\"PSA & VPSA Processing | Oxygen & O\u2082 Monitoring Systems\",\"isPartOf\":{\"@id\":\"https:\/\/sso2.com\/#website\"},\"datePublished\":\"2021-02-09T23:28:17+00:00\",\"dateModified\":\"2025-11-29T13:56:45+00:00\",\"description\":\"Optimize PSA and VPSA gas separation processes with advanced oxygen sensors, O\u2082 analyzers, and depletion\/deficiency monitors for safe and efficient operation.\",\"breadcrumb\":{\"@id\":\"https:\/\/sso2.com\/application-notes\/psa-and-vpsa-processing\/#breadcrumb\"},\"inLanguage\":\"tr\",\"potentialAction\":[{\"@type\":\"ReadAction\",\"target\":[\"https:\/\/sso2.com\/application-notes\/psa-and-vpsa-processing\/\"]}]},{\"@type\":\"BreadcrumbList\",\"@id\":\"https:\/\/sso2.com\/application-notes\/psa-and-vpsa-processing\/#breadcrumb\",\"itemListElement\":[{\"@type\":\"ListItem\",\"position\":1,\"name\":\"Home\",\"item\":\"https:\/\/sso2.com\/en\/\"},{\"@type\":\"ListItem\",\"position\":2,\"name\":\"Application Notes\",\"item\":\"https:\/\/sso2.com\/application-notes\/\"},{\"@type\":\"ListItem\",\"position\":3,\"name\":\"PSA and VPSA Processing\"}]},{\"@type\":\"WebSite\",\"@id\":\"https:\/\/sso2.com\/#website\",\"url\":\"https:\/\/sso2.com\/\",\"name\":\"Southland Sensing Ltd.\",\"description\":\"Industrial &amp; Medical Gas Analyzers Oxygen CO\u2082, &amp; H\u2082 Monitors\",\"publisher\":{\"@id\":\"https:\/\/sso2.com\/#organization\"},\"alternateName\":\"SSO2\",\"potentialAction\":[{\"@type\":\"SearchAction\",\"target\":{\"@type\":\"EntryPoint\",\"urlTemplate\":\"https:\/\/sso2.com\/?s={search_term_string}\"},\"query-input\":{\"@type\":\"PropertyValueSpecification\",\"valueRequired\":true,\"valueName\":\"search_term_string\"}}],\"inLanguage\":\"tr\"},{\"@type\":\"Organization\",\"@id\":\"https:\/\/sso2.com\/#organization\",\"name\":\"Southland Sensing Ltd.\",\"alternateName\":\"SSO2\",\"url\":\"https:\/\/sso2.com\/\",\"logo\":{\"@type\":\"ImageObject\",\"inLanguage\":\"tr\",\"@id\":\"https:\/\/sso2.com\/#\/schema\/logo\/image\/\",\"url\":\"https:\/\/sso2.com\/wp-content\/uploads\/2025\/10\/sso2_300pixel.webp\",\"contentUrl\":\"https:\/\/sso2.com\/wp-content\/uploads\/2025\/10\/sso2_300pixel.webp\",\"width\":300,\"height\":50,\"caption\":\"Southland Sensing Ltd.\"},\"image\":{\"@id\":\"https:\/\/sso2.com\/#\/schema\/logo\/image\/\"},\"sameAs\":[\"https:\/\/www.linkedin.com\/company\/southland-sensing-ltd\/\"],\"description\":\"Southland Sensing Ltd. brings together superior performance, an improved user experience, and unmatched application expertise to deliver an accurate and reliable measurement solution. That\u2019s why multinationals, small companies and universities alike turn to us again and again.\",\"email\":\"sales@sso2.com\",\"telephone\":\"1-949-398-2879\",\"legalName\":\"Southland Sensing Ltd.\",\"foundingDate\":\"2013-01-01\",\"numberOfEmployees\":{\"@type\":\"QuantitativeValue\",\"minValue\":\"11\",\"maxValue\":\"50\"},\"publishingPrinciples\":\"https:\/\/sso2.com\/contact-us\/\",\"ownershipFundingInfo\":\"https:\/\/sso2.com\/about-us\/\",\"actionableFeedbackPolicy\":\"https:\/\/sso2.com\/contact-us\/\"}]}<\/script>\n<!-- \/ Yoast SEO Premium plugin. -->","yoast_head_json":{"title":"PSA & VPSA Processing | Oxygen & O\u2082 Monitoring Systems","description":"Optimize PSA and VPSA gas separation processes with advanced oxygen sensors, O\u2082 analyzers, and depletion\/deficiency monitors for safe and efficient operation.","robots":{"index":"index","follow":"follow","max-snippet":"max-snippet:-1","max-image-preview":"max-image-preview:large","max-video-preview":"max-video-preview:-1"},"canonical":"https:\/\/sso2.com\/tr\/application-notes\/psa-and-vpsa-processing\/","og_locale":"tr_TR","og_type":"article","og_title":"PSA and VPSA Processing","og_description":"Optimize PSA and VPSA gas separation processes with advanced oxygen sensors, O\u2082 analyzers, and depletion\/deficiency monitors for safe and efficient operation.","og_url":"https:\/\/sso2.com\/tr\/application-notes\/psa-and-vpsa-processing\/","og_site_name":"Southland Sensing Ltd.","article_modified_time":"2025-11-29T13:56:45+00:00","og_image":[{"width":1290,"height":1158,"url":"https:\/\/i0.wp.com\/sso2.com\/wp-content\/uploads\/2025\/02\/omd-21.png?fit=1290%2C1158&ssl=1","type":"image\/png"}],"twitter_card":"summary_large_image","twitter_misc":{"Tahmini okuma s\u00fcresi":"2 dakika"},"schema":{"@context":"https:\/\/schema.org","@graph":[{"@type":"WebPage","@id":"https:\/\/sso2.com\/application-notes\/psa-and-vpsa-processing\/","url":"https:\/\/sso2.com\/application-notes\/psa-and-vpsa-processing\/","name":"PSA & VPSA Processing | Oxygen & O\u2082 Monitoring Systems","isPartOf":{"@id":"https:\/\/sso2.com\/#website"},"datePublished":"2021-02-09T23:28:17+00:00","dateModified":"2025-11-29T13:56:45+00:00","description":"Optimize PSA and VPSA gas separation processes with advanced oxygen sensors, O\u2082 analyzers, and depletion\/deficiency monitors for safe and efficient operation.","breadcrumb":{"@id":"https:\/\/sso2.com\/application-notes\/psa-and-vpsa-processing\/#breadcrumb"},"inLanguage":"tr","potentialAction":[{"@type":"ReadAction","target":["https:\/\/sso2.com\/application-notes\/psa-and-vpsa-processing\/"]}]},{"@type":"BreadcrumbList","@id":"https:\/\/sso2.com\/application-notes\/psa-and-vpsa-processing\/#breadcrumb","itemListElement":[{"@type":"ListItem","position":1,"name":"Home","item":"https:\/\/sso2.com\/en\/"},{"@type":"ListItem","position":2,"name":"Application Notes","item":"https:\/\/sso2.com\/application-notes\/"},{"@type":"ListItem","position":3,"name":"PSA and VPSA Processing"}]},{"@type":"WebSite","@id":"https:\/\/sso2.com\/#website","url":"https:\/\/sso2.com\/","name":"Southland Sensing Ltd.","description":"Industrial &amp; Medical Gas Analyzers Oxygen CO\u2082, &amp; H\u2082 Monitors","publisher":{"@id":"https:\/\/sso2.com\/#organization"},"alternateName":"SSO2","potentialAction":[{"@type":"SearchAction","target":{"@type":"EntryPoint","urlTemplate":"https:\/\/sso2.com\/?s={search_term_string}"},"query-input":{"@type":"PropertyValueSpecification","valueRequired":true,"valueName":"search_term_string"}}],"inLanguage":"tr"},{"@type":"Organization","@id":"https:\/\/sso2.com\/#organization","name":"Southland Sensing Ltd.","alternateName":"SSO2","url":"https:\/\/sso2.com\/","logo":{"@type":"ImageObject","inLanguage":"tr","@id":"https:\/\/sso2.com\/#\/schema\/logo\/image\/","url":"https:\/\/sso2.com\/wp-content\/uploads\/2025\/10\/sso2_300pixel.webp","contentUrl":"https:\/\/sso2.com\/wp-content\/uploads\/2025\/10\/sso2_300pixel.webp","width":300,"height":50,"caption":"Southland Sensing Ltd."},"image":{"@id":"https:\/\/sso2.com\/#\/schema\/logo\/image\/"},"sameAs":["https:\/\/www.linkedin.com\/company\/southland-sensing-ltd\/"],"description":"Southland Sensing Ltd. brings together superior performance, an improved user experience, and unmatched application expertise to deliver an accurate and reliable measurement solution. That\u2019s why multinationals, small companies and universities alike turn to us again and again.","email":"sales@sso2.com","telephone":"1-949-398-2879","legalName":"Southland Sensing Ltd.","foundingDate":"2013-01-01","numberOfEmployees":{"@type":"QuantitativeValue","minValue":"11","maxValue":"50"},"publishingPrinciples":"https:\/\/sso2.com\/contact-us\/","ownershipFundingInfo":"https:\/\/sso2.com\/about-us\/","actionableFeedbackPolicy":"https:\/\/sso2.com\/contact-us\/"}]}},"jetpack_sharing_enabled":true,"jetpack_shortlink":"https:\/\/wp.me\/PaSzwI-iK","_links":{"self":[{"href":"https:\/\/sso2.com\/tr\/wp-json\/wp\/v2\/pages\/1162","targetHints":{"allow":["GET"]}}],"collection":[{"href":"https:\/\/sso2.com\/tr\/wp-json\/wp\/v2\/pages"}],"about":[{"href":"https:\/\/sso2.com\/tr\/wp-json\/wp\/v2\/types\/page"}],"author":[{"embeddable":true,"href":"https:\/\/sso2.com\/tr\/wp-json\/wp\/v2\/users\/6"}],"replies":[{"embeddable":true,"href":"https:\/\/sso2.com\/tr\/wp-json\/wp\/v2\/comments?post=1162"}],"version-history":[{"count":0,"href":"https:\/\/sso2.com\/tr\/wp-json\/wp\/v2\/pages\/1162\/revisions"}],"up":[{"embeddable":true,"href":"https:\/\/sso2.com\/tr\/wp-json\/wp\/v2\/pages\/388"}],"wp:attachment":[{"href":"https:\/\/sso2.com\/tr\/wp-json\/wp\/v2\/media?parent=1162"}],"curies":[{"name":"wp","href":"https:\/\/api.w.org\/{rel}","templated":true}]}}