{"id":893,"date":"2019-06-06T16:24:37","date_gmt":"2019-06-06T16:24:37","guid":{"rendered":"https:\/\/demo.activebizsolutions.com\/?post_type=product&#038;p=893"},"modified":"2025-11-19T12:25:30","modified_gmt":"2025-11-19T12:25:30","slug":"hazardous-area-online-process-hydrogen-sulfide-analyzer","status":"publish","type":"product","link":"https:\/\/sso2.com\/pt\/product\/hazardous-area-online-process-hydrogen-sulfide-analyzer\/","title":{"rendered":"Analisador de H2S para \u00e1reas perigosas H2S-625"},"content":{"rendered":"<p>O Analisador Online de Sulfureto de Hidrog\u00e9nio para \u00c1reas Perigosas H2S-625 foi concebido para funcionar continuamente com muito pouca necessidade de manuten\u00e7\u00e3o.  O analisador \u00e9 fornecido com certifica\u00e7\u00e3o ATEX e IECEx para utiliza\u00e7\u00e3o em \u00e1reas Ex db ib IIB+H2 T4 Gb. A unidade combina um conjunto avan\u00e7ado de carater\u00edsticas electr\u00f3nicas, incluindo um interface MENU inteligente, com a nossa tecnologia de sensores electroqu\u00edmicos de precis\u00e3o, l\u00edder na ind\u00fastria. O resultado \u00e9 um design altamente fi\u00e1vel e econ\u00f3mico com uma interface de utilizador f\u00e1cil de utilizar.<\/p>\n<ul>\n<li>Tipo de caixa: Montagem em parede; montagem em poste<\/li>\n<li>Gamas padr\u00e3o: 0 - 10\/50\/100\/200 PPM<\/li>\n<li>Gamas opcionais: 0 - 100\/500\/1000\/2000 PPM<\/li>\n<li>Gamas opcionais: 0 - 1000\/2000\/5000\/10000 PPM<\/li>\n<li>Modo de alcance: Auto-Range ou Manual Range<\/li>\n<li>Resolu\u00e7\u00e3o: 0,01 PPM, 0,1 PPM ou 1 PPM<\/li>\n<li>Alimenta\u00e7\u00e3o de entrada: 100 - 240 VAC ou 12 - 24 VDC<\/li>\n<li>Sa\u00edda anal\u00f3gica: 4 - 20mA ou 1 - 5V DC<\/li>\n<li>Comunica\u00e7\u00e3o: MODBUS RS485 RTU bidirecional<\/li>\n<li>Alarmes: 2 contactos de rel\u00e9 de forma C totalmente ajust\u00e1veis<\/li>\n<\/ul>\n<p>A interface MENU inteligente integrada permite ao utilizador configurar totalmente o analisador atrav\u00e9s do sistema MENU integrado, sem necessidade de um computador port\u00e1til complicado ou outro dispositivo de controlo para configurar o analisador no terreno.<\/p>\n<p>O analisador foi concebido como uma unidade do tipo extrativo para extrair a amostra atrav\u00e9s do seu sistema de amostragem integrado, que inclui uma v\u00e1lvula de amostragem\/alcance de 3 vias e um rot\u00e2metro\/flux\u00f3metro visual com v\u00e1lvula de controlo do fluxo.  O analisador tem uma conce\u00e7\u00e3o \u00fanica em que o oxig\u00e9nio n\u00e3o precisa de estar presente no g\u00e1s de amostragem para obter uma leitura precisa do H2S.<\/p>\n<p>O sensor de H2S baseia-se no princ\u00edpio da c\u00e9lula de combust\u00edvel eletroqu\u00edmica galv\u00e2nica.  Os sensores s\u00e3o aut\u00f3nomos e requerem uma manuten\u00e7\u00e3o m\u00ednima - n\u00e3o \u00e9 necess\u00e1rio limpar os el\u00e9ctrodos ou adicionar eletr\u00f3lito.  Os sensores de precis\u00e3o oferecem um excelente desempenho, exatid\u00e3o e estabilidade, maximizando a vida \u00fatil prevista.  O analisador \u00e9 fornecido com 3 sensores opcionais, O H2S-1x tem quatro gamas 0 - 10 ppm, 0 - 50 ppm, 0 - 100 ppm, 0 - 200 ppm.  O H2S-2x tem 0 - 100 ppm, 0 - 500 ppm, 0 - 1000 ppm e 0 - 2000 ppm. O H2S-3x tem 0 - 1000 ppm, 0 - 2000 ppm, 0 - 5000 ppm e 0 - 10000 ppm.<\/p>\n<p>Os sensores s\u00e3o aut\u00f3nomos e requerem uma manuten\u00e7\u00e3o m\u00ednima - n\u00e3o \u00e9 necess\u00e1rio limpar os el\u00e9ctrodos ou adicionar eletr\u00f3lito.<\/p>\n<p>As principais aplica\u00e7\u00f5es para este analisador incluem aplica\u00e7\u00f5es de g\u00e1s natural, aterros sanit\u00e1rios e biog\u00e1s.<\/p>","protected":false},"excerpt":{"rendered":"<p>The H2S-625 Hazardous Area Online Hydrogen Sulfide Analyzer is designed to continuously with very little maintenance requirement.\u00a0 The analyzer comes with ATEX and IECEx certification for use in Ex db ib IIB+H2 T4 Gb areas. The unit combines an advanced set of electronic features including a smart MENU interface with our industry leading precision electrochemical [&hellip;]<\/p>\n","protected":false},"featured_media":1914,"comment_status":"open","ping_status":"closed","template":"","meta":[],"product_brand":[],"product_cat":[29],"product_tag":[],"class_list":{"0":"post-893","1":"product","2":"type-product","3":"status-publish","4":"has-post-thumbnail","6":"product_cat-industrial-h2s-analyzers","8":"first","9":"instock","10":"shipping-taxable","11":"product-type-external"},"yoast_head":"<!-- This site is optimized with the Yoast SEO Premium plugin v27.2 (Yoast SEO v27.2) - https:\/\/yoast.com\/product\/yoast-seo-premium-wordpress\/ -->\n<title>H2S-625 Hazardous Area H2S Analyzer | Gas Detector<\/title>\n<meta name=\"description\" content=\"The H2S-625 is a hazardous area H2S analyzer. Ensure safety with reliable gas detection in potentially oxygen deficient atmosphere environments.\" \/>\n<meta name=\"robots\" content=\"index, follow, max-snippet:-1, max-image-preview:large, max-video-preview:-1\" \/>\n<link rel=\"canonical\" href=\"https:\/\/sso2.com\/pt\/produto\/hazardous-area-online-process-hydrogen-sulfide-analyzer\/\" \/>\n<meta property=\"og:locale\" content=\"pt_PT\" \/>\n<meta property=\"og:type\" content=\"article\" \/>\n<meta property=\"og:title\" content=\"H2S-625 Hazardous Area H2S Analyzer\" \/>\n<meta property=\"og:description\" content=\"The H2S-625 is a hazardous area H2S analyzer. Ensure safety with reliable gas detection in potentially oxygen deficient atmosphere environments.\" \/>\n<meta property=\"og:url\" content=\"https:\/\/sso2.com\/pt\/produto\/hazardous-area-online-process-hydrogen-sulfide-analyzer\/\" \/>\n<meta property=\"og:site_name\" content=\"Southland Sensing Ltd.\" \/>\n<meta property=\"article:modified_time\" content=\"2025-11-19T12:25:30+00:00\" \/>\n<meta property=\"og:image\" content=\"https:\/\/sso2.com\/wp-content\/uploads\/2022\/06\/h2s-625.png\" \/>\n\t<meta property=\"og:image:width\" content=\"966\" \/>\n\t<meta property=\"og:image:height\" content=\"940\" \/>\n\t<meta property=\"og:image:type\" content=\"image\/png\" \/>\n<meta name=\"twitter:card\" content=\"summary_large_image\" \/>\n<meta name=\"twitter:label1\" content=\"pre\u00e7o\" \/>\n\t<meta name=\"twitter:data1\" content=\"\" \/>\n\t<meta name=\"twitter:label2\" content=\"Disponibilidade\" \/>\n\t<meta name=\"twitter:data2\" content=\"Em stock\" \/>\n<script type=\"application\/ld+json\" class=\"yoast-schema-graph\">{\"@context\":\"https:\/\/schema.org\",\"@graph\":[{\"@type\":\"WebPage\",\"@id\":\"https:\/\/sso2.com\/product\/hazardous-area-online-process-hydrogen-sulfide-analyzer\/\",\"url\":\"https:\/\/sso2.com\/product\/hazardous-area-online-process-hydrogen-sulfide-analyzer\/\",\"name\":\"H2S-625 Hazardous Area H2S Analyzer | Gas Detector\",\"isPartOf\":{\"@id\":\"https:\/\/sso2.com\/#website\"},\"primaryImageOfPage\":{\"@id\":\"https:\/\/sso2.com\/product\/hazardous-area-online-process-hydrogen-sulfide-analyzer\/#primaryimage\"},\"image\":{\"@id\":\"https:\/\/sso2.com\/product\/hazardous-area-online-process-hydrogen-sulfide-analyzer\/#primaryimage\"},\"thumbnailUrl\":\"https:\/\/i0.wp.com\/sso2.com\/wp-content\/uploads\/2022\/06\/h2s-625.png?fit=966%2C940&ssl=1\",\"datePublished\":\"2019-06-06T16:24:37+00:00\",\"dateModified\":\"2025-11-19T12:25:30+00:00\",\"description\":\"The H2S-625 is a hazardous area H2S analyzer. Ensure safety with reliable gas detection in potentially oxygen deficient atmosphere environments.\",\"breadcrumb\":{\"@id\":\"https:\/\/sso2.com\/product\/hazardous-area-online-process-hydrogen-sulfide-analyzer\/#breadcrumb\"},\"inLanguage\":\"pt-PT\",\"potentialAction\":[{\"@type\":\"ReadAction\",\"target\":[\"https:\/\/sso2.com\/product\/hazardous-area-online-process-hydrogen-sulfide-analyzer\/\"]}]},{\"@type\":\"ImageObject\",\"inLanguage\":\"pt-PT\",\"@id\":\"https:\/\/sso2.com\/product\/hazardous-area-online-process-hydrogen-sulfide-analyzer\/#primaryimage\",\"url\":\"https:\/\/i0.wp.com\/sso2.com\/wp-content\/uploads\/2022\/06\/h2s-625.png?fit=966%2C940&ssl=1\",\"contentUrl\":\"https:\/\/i0.wp.com\/sso2.com\/wp-content\/uploads\/2022\/06\/h2s-625.png?fit=966%2C940&ssl=1\",\"width\":966,\"height\":940},{\"@type\":\"BreadcrumbList\",\"@id\":\"https:\/\/sso2.com\/product\/hazardous-area-online-process-hydrogen-sulfide-analyzer\/#breadcrumb\",\"itemListElement\":[{\"@type\":\"ListItem\",\"position\":1,\"name\":\"Home\",\"item\":\"https:\/\/sso2.com\/en\/\"},{\"@type\":\"ListItem\",\"position\":2,\"name\":\"Shop\",\"item\":\"https:\/\/sso2.com\/shop\/\"},{\"@type\":\"ListItem\",\"position\":3,\"name\":\"H2S-625 Hazardous Area H2S Analyzer\"}]},{\"@type\":\"WebSite\",\"@id\":\"https:\/\/sso2.com\/#website\",\"url\":\"https:\/\/sso2.com\/\",\"name\":\"Southland Sensing Ltd.\",\"description\":\"Industrial &amp; Medical Gas Analyzers Oxygen CO\u2082, &amp; H\u2082 Monitors\",\"publisher\":{\"@id\":\"https:\/\/sso2.com\/#organization\"},\"alternateName\":\"SSO2\",\"potentialAction\":[{\"@type\":\"SearchAction\",\"target\":{\"@type\":\"EntryPoint\",\"urlTemplate\":\"https:\/\/sso2.com\/?s={search_term_string}\"},\"query-input\":{\"@type\":\"PropertyValueSpecification\",\"valueRequired\":true,\"valueName\":\"search_term_string\"}}],\"inLanguage\":\"pt-PT\"},{\"@type\":\"Organization\",\"@id\":\"https:\/\/sso2.com\/#organization\",\"name\":\"Southland Sensing Ltd.\",\"alternateName\":\"SSO2\",\"url\":\"https:\/\/sso2.com\/\",\"logo\":{\"@type\":\"ImageObject\",\"inLanguage\":\"pt-PT\",\"@id\":\"https:\/\/sso2.com\/#\/schema\/logo\/image\/\",\"url\":\"https:\/\/sso2.com\/wp-content\/uploads\/2025\/10\/sso2_300pixel.webp\",\"contentUrl\":\"https:\/\/sso2.com\/wp-content\/uploads\/2025\/10\/sso2_300pixel.webp\",\"width\":300,\"height\":50,\"caption\":\"Southland Sensing Ltd.\"},\"image\":{\"@id\":\"https:\/\/sso2.com\/#\/schema\/logo\/image\/\"},\"sameAs\":[\"https:\/\/www.linkedin.com\/company\/southland-sensing-ltd\/\"],\"description\":\"Southland Sensing Ltd. brings together superior performance, an improved user experience, and unmatched application expertise to deliver an accurate and reliable measurement solution. That\u2019s why multinationals, small companies and universities alike turn to us again and again.\",\"email\":\"sales@sso2.com\",\"telephone\":\"1-949-398-2879\",\"legalName\":\"Southland Sensing Ltd.\",\"foundingDate\":\"2013-01-01\",\"numberOfEmployees\":{\"@type\":\"QuantitativeValue\",\"minValue\":\"11\",\"maxValue\":\"50\"},\"publishingPrinciples\":\"https:\/\/sso2.com\/contact-us\/\",\"ownershipFundingInfo\":\"https:\/\/sso2.com\/about-us\/\",\"actionableFeedbackPolicy\":\"https:\/\/sso2.com\/contact-us\/\"}]}<\/script>\n<meta property=\"product:price:currency\" content=\"USD\" \/>\n<meta property=\"og:availability\" content=\"instock\" \/>\n<meta property=\"product:availability\" content=\"instock\" \/>\n<meta property=\"product:condition\" content=\"new\" \/>\n<!-- \/ Yoast SEO Premium plugin. -->","yoast_head_json":{"title":"Analisador de H2S para zonas classificadas como perigosas H2S-625 | Detetor de g\u00e1s","description":"O H2S-625 \u00e9 um analisador de H2S para \u00e1reas classificadas. Garanta a seguran\u00e7a com a dete\u00e7\u00e3o fi\u00e1vel de gases em ambientes com uma atmosfera potencialmente deficiente em oxig\u00e9nio.","robots":{"index":"index","follow":"follow","max-snippet":"max-snippet:-1","max-image-preview":"max-image-preview:large","max-video-preview":"max-video-preview:-1"},"canonical":"https:\/\/sso2.com\/pt\/produto\/hazardous-area-online-process-hydrogen-sulfide-analyzer\/","og_locale":"pt_PT","og_type":"article","og_title":"H2S-625 Hazardous Area H2S Analyzer","og_description":"The H2S-625 is a hazardous area H2S analyzer. Ensure safety with reliable gas detection in potentially oxygen deficient atmosphere environments.","og_url":"https:\/\/sso2.com\/pt\/produto\/hazardous-area-online-process-hydrogen-sulfide-analyzer\/","og_site_name":"Southland Sensing Ltd.","article_modified_time":"2025-11-19T12:25:30+00:00","og_image":[{"width":966,"height":940,"url":"https:\/\/sso2.com\/wp-content\/uploads\/2022\/06\/h2s-625.png","type":"image\/png"}],"twitter_card":"summary_large_image","twitter_misc":{"pre\u00e7o":"","Disponibilidade":"Em stock"},"schema":{"@context":"https:\/\/schema.org","@graph":[{"@type":"WebPage","@id":"https:\/\/sso2.com\/product\/hazardous-area-online-process-hydrogen-sulfide-analyzer\/","url":"https:\/\/sso2.com\/product\/hazardous-area-online-process-hydrogen-sulfide-analyzer\/","name":"Analisador de H2S para zonas classificadas como perigosas H2S-625 | Detetor de g\u00e1s","isPartOf":{"@id":"https:\/\/sso2.com\/#website"},"primaryImageOfPage":{"@id":"https:\/\/sso2.com\/product\/hazardous-area-online-process-hydrogen-sulfide-analyzer\/#primaryimage"},"image":{"@id":"https:\/\/sso2.com\/product\/hazardous-area-online-process-hydrogen-sulfide-analyzer\/#primaryimage"},"thumbnailUrl":"https:\/\/i0.wp.com\/sso2.com\/wp-content\/uploads\/2022\/06\/h2s-625.png?fit=966%2C940&ssl=1","datePublished":"2019-06-06T16:24:37+00:00","dateModified":"2025-11-19T12:25:30+00:00","description":"O H2S-625 \u00e9 um analisador de H2S para \u00e1reas classificadas. Garanta a seguran\u00e7a com a dete\u00e7\u00e3o fi\u00e1vel de gases em ambientes com uma atmosfera potencialmente deficiente em oxig\u00e9nio.","breadcrumb":{"@id":"https:\/\/sso2.com\/product\/hazardous-area-online-process-hydrogen-sulfide-analyzer\/#breadcrumb"},"inLanguage":"pt-PT","potentialAction":[{"@type":"ReadAction","target":["https:\/\/sso2.com\/product\/hazardous-area-online-process-hydrogen-sulfide-analyzer\/"]}]},{"@type":"ImageObject","inLanguage":"pt-PT","@id":"https:\/\/sso2.com\/product\/hazardous-area-online-process-hydrogen-sulfide-analyzer\/#primaryimage","url":"https:\/\/i0.wp.com\/sso2.com\/wp-content\/uploads\/2022\/06\/h2s-625.png?fit=966%2C940&ssl=1","contentUrl":"https:\/\/i0.wp.com\/sso2.com\/wp-content\/uploads\/2022\/06\/h2s-625.png?fit=966%2C940&ssl=1","width":966,"height":940},{"@type":"BreadcrumbList","@id":"https:\/\/sso2.com\/product\/hazardous-area-online-process-hydrogen-sulfide-analyzer\/#breadcrumb","itemListElement":[{"@type":"ListItem","position":1,"name":"Home","item":"https:\/\/sso2.com\/en\/"},{"@type":"ListItem","position":2,"name":"Shop","item":"https:\/\/sso2.com\/shop\/"},{"@type":"ListItem","position":3,"name":"H2S-625 Hazardous Area H2S Analyzer"}]},{"@type":"WebSite","@id":"https:\/\/sso2.com\/#website","url":"https:\/\/sso2.com\/","name":"Southland Sensing Ltd.","description":"Industrial &amp; Medical Gas Analyzers Oxygen CO\u2082, &amp; H\u2082 Monitors","publisher":{"@id":"https:\/\/sso2.com\/#organization"},"alternateName":"SSO2","potentialAction":[{"@type":"SearchAction","target":{"@type":"EntryPoint","urlTemplate":"https:\/\/sso2.com\/?s={search_term_string}"},"query-input":{"@type":"PropertyValueSpecification","valueRequired":true,"valueName":"search_term_string"}}],"inLanguage":"pt-PT"},{"@type":"Organization","@id":"https:\/\/sso2.com\/#organization","name":"Southland Sensing Ltd.","alternateName":"SSO2","url":"https:\/\/sso2.com\/","logo":{"@type":"ImageObject","inLanguage":"pt-PT","@id":"https:\/\/sso2.com\/#\/schema\/logo\/image\/","url":"https:\/\/sso2.com\/wp-content\/uploads\/2025\/10\/sso2_300pixel.webp","contentUrl":"https:\/\/sso2.com\/wp-content\/uploads\/2025\/10\/sso2_300pixel.webp","width":300,"height":50,"caption":"Southland Sensing Ltd."},"image":{"@id":"https:\/\/sso2.com\/#\/schema\/logo\/image\/"},"sameAs":["https:\/\/www.linkedin.com\/company\/southland-sensing-ltd\/"],"description":"Southland Sensing Ltd. brings together superior performance, an improved user experience, and unmatched application expertise to deliver an accurate and reliable measurement solution. That\u2019s why multinationals, small companies and universities alike turn to us again and again.","email":"sales@sso2.com","telephone":"1-949-398-2879","legalName":"Southland Sensing Ltd.","foundingDate":"2013-01-01","numberOfEmployees":{"@type":"QuantitativeValue","minValue":"11","maxValue":"50"},"publishingPrinciples":"https:\/\/sso2.com\/contact-us\/","ownershipFundingInfo":"https:\/\/sso2.com\/about-us\/","actionableFeedbackPolicy":"https:\/\/sso2.com\/contact-us\/"}]},"product_price_currency":"USD","og_availability":"instock","product_availability":"instock","product_condition":"new"},"jetpack_sharing_enabled":true,"_links":{"self":[{"href":"https:\/\/sso2.com\/pt\/wp-json\/wp\/v2\/product\/893","targetHints":{"allow":["GET"]}}],"collection":[{"href":"https:\/\/sso2.com\/pt\/wp-json\/wp\/v2\/product"}],"about":[{"href":"https:\/\/sso2.com\/pt\/wp-json\/wp\/v2\/types\/product"}],"replies":[{"embeddable":true,"href":"https:\/\/sso2.com\/pt\/wp-json\/wp\/v2\/comments?post=893"}],"wp:featuredmedia":[{"embeddable":true,"href":"https:\/\/sso2.com\/pt\/wp-json\/wp\/v2\/media\/1914"}],"wp:attachment":[{"href":"https:\/\/sso2.com\/pt\/wp-json\/wp\/v2\/media?parent=893"}],"wp:term":[{"taxonomy":"product_brand","embeddable":true,"href":"https:\/\/sso2.com\/pt\/wp-json\/wp\/v2\/product_brand?post=893"},{"taxonomy":"product_cat","embeddable":true,"href":"https:\/\/sso2.com\/pt\/wp-json\/wp\/v2\/product_cat?post=893"},{"taxonomy":"product_tag","embeddable":true,"href":"https:\/\/sso2.com\/pt\/wp-json\/wp\/v2\/product_tag?post=893"}],"curies":[{"name":"wp","href":"https:\/\/api.w.org\/{rel}","templated":true}]}}