{"id":638,"date":"2019-04-10T14:13:00","date_gmt":"2019-04-10T14:13:00","guid":{"rendered":"https:\/\/sso2.com\/?post_type=product&#038;p=638"},"modified":"2025-11-19T13:36:34","modified_gmt":"2025-11-19T13:36:34","slug":"po2-1120-high-purity-oxygen-sensor","status":"publish","type":"product","link":"https:\/\/sso2.com\/pt\/product\/po2-1120-high-purity-oxygen-sensor\/","title":{"rendered":"PO2-1120 Sensor de oxig\u00e9nio de alta pureza"},"content":{"rendered":"<div class=\"horizontalTab\">\n<div class=\"resp-tabs-container\">\n<div class=\"resp-tab-content resp-tab-content-active\" aria-labelledby=\"tab_item-0\">\n<p>O sensor de percentagem de oxig\u00e9nio de longa dura\u00e7\u00e3o PO2-1120 proporciona elevados n\u00edveis de precis\u00e3o, fiabilidade e linearidade em todas as suas gamas de medi\u00e7\u00e3o. O sensor de oxig\u00e9nio baseia-se no princ\u00edpio da c\u00e9lula de combust\u00edvel eletroqu\u00edmica galv\u00e2nica e \u00e9 fabricado internamente segundo um rigoroso procedimento de qualidade.  Os sensores s\u00e3o aut\u00f3nomos e requerem uma manuten\u00e7\u00e3o m\u00ednima - n\u00e3o \u00e9 necess\u00e1rio limpar os el\u00e9ctrodos ou adicionar eletr\u00f3lito.  Os sensores de precis\u00e3o oferecem um excelente desempenho, exatid\u00e3o e estabilidade, maximizando simultaneamente a vida \u00fatil prevista.<\/p>\n<p>O sensor \u00e9 capaz de medir oxig\u00e9nio de 0,1% at\u00e9 100%.  Para medi\u00e7\u00f5es acima do ar ambiente (20,9%), recomenda-se a utiliza\u00e7\u00e3o de um g\u00e1s de calibra\u00e7\u00e3o de oxig\u00e9nio concentrado.<\/p>\n<p>O PO2-1120 utiliza o nosso eletr\u00f3lito KOH padr\u00e3o.  Este sensor foi concebido para um desempenho \u00f3timo em gases inertes, como o azoto, \u00e1rgon, h\u00e9lio, hidrog\u00e9nio, etc.<\/p>\n<p>As diferentes vantagens de desempenho dos sensores SSO2 podem ser atribu\u00eddas a pequenas modifica\u00e7\u00f5es nas dimens\u00f5es, liga\u00e7\u00f5es e embalagem. No entanto, o princ\u00edpio de funcionamento e os componentes b\u00e1sicos permanecem os mesmos.<\/p>\n<\/div>\n<\/div>\n<\/div>","protected":false},"excerpt":{"rendered":"<p>The PO2-1120 Long Life Percent Oxygen Sensor provides high levels of accuracy, reliability and linearity throughout its measurement ranges. The oxygen sensor is based on the galvanic electrochemical fuel cell principal and is manufactured in house under a strict quality procedure.\u00a0 The sensors are self contained and minimal maintenance is required \u2013 no need to [&hellip;]<\/p>\n","protected":false},"featured_media":2932,"comment_status":"open","ping_status":"closed","template":"","meta":[],"product_brand":[],"product_cat":[23],"product_tag":[],"class_list":{"0":"post-638","1":"product","2":"type-product","3":"status-publish","4":"has-post-thumbnail","6":"product_cat-industrial-oxygen-sensors","8":"first","9":"instock","10":"shipping-taxable","11":"product-type-external"},"yoast_head":"<!-- This site is optimized with the Yoast SEO Premium plugin v27.2 (Yoast SEO v27.2) - https:\/\/yoast.com\/product\/yoast-seo-premium-wordpress\/ -->\n<title>PO2-1120 High Purity Oxygen Sensor | O2 Cell<\/title>\n<meta name=\"description\" content=\"The PO2-1120 is a high purity oxygen sensor and O2 cell. Ideal for measuring O2 levels in high-purity gas applications and medical oxygen sensor needs.\" \/>\n<meta name=\"robots\" content=\"index, follow, max-snippet:-1, max-image-preview:large, max-video-preview:-1\" \/>\n<link rel=\"canonical\" href=\"https:\/\/sso2.com\/pt\/produto\/po2-1120-high-purity-oxygen-sensor\/\" \/>\n<meta property=\"og:locale\" content=\"pt_PT\" \/>\n<meta property=\"og:type\" content=\"article\" \/>\n<meta property=\"og:title\" content=\"PO2-1120 High Purity Oxygen Sensor\" \/>\n<meta property=\"og:description\" content=\"The PO2-1120 is a high purity oxygen sensor and O2 cell. Ideal for measuring O2 levels in high-purity gas applications and medical oxygen sensor needs.\" \/>\n<meta property=\"og:url\" content=\"https:\/\/sso2.com\/pt\/produto\/po2-1120-high-purity-oxygen-sensor\/\" \/>\n<meta property=\"og:site_name\" content=\"Southland Sensing Ltd.\" \/>\n<meta property=\"article:modified_time\" content=\"2025-11-19T13:36:34+00:00\" \/>\n<meta property=\"og:image\" content=\"https:\/\/sso2.com\/wp-content\/uploads\/2019\/04\/po2-1120.jpg\" \/>\n\t<meta property=\"og:image:width\" content=\"1314\" \/>\n\t<meta property=\"og:image:height\" content=\"1128\" \/>\n\t<meta property=\"og:image:type\" content=\"image\/jpeg\" \/>\n<meta name=\"twitter:card\" content=\"summary_large_image\" \/>\n<meta name=\"twitter:label1\" content=\"pre\u00e7o\" \/>\n\t<meta name=\"twitter:data1\" content=\"\" \/>\n\t<meta name=\"twitter:label2\" content=\"Disponibilidade\" \/>\n\t<meta name=\"twitter:data2\" content=\"Em stock\" \/>\n<script type=\"application\/ld+json\" class=\"yoast-schema-graph\">{\"@context\":\"https:\/\/schema.org\",\"@graph\":[{\"@type\":\"WebPage\",\"@id\":\"https:\/\/sso2.com\/product\/po2-1120-high-purity-oxygen-sensor\/\",\"url\":\"https:\/\/sso2.com\/product\/po2-1120-high-purity-oxygen-sensor\/\",\"name\":\"PO2-1120 High Purity Oxygen Sensor | O2 Cell\",\"isPartOf\":{\"@id\":\"https:\/\/sso2.com\/#website\"},\"primaryImageOfPage\":{\"@id\":\"https:\/\/sso2.com\/product\/po2-1120-high-purity-oxygen-sensor\/#primaryimage\"},\"image\":{\"@id\":\"https:\/\/sso2.com\/product\/po2-1120-high-purity-oxygen-sensor\/#primaryimage\"},\"thumbnailUrl\":\"https:\/\/i0.wp.com\/sso2.com\/wp-content\/uploads\/2019\/04\/po2-1120.jpg?fit=1314%2C1128&ssl=1\",\"datePublished\":\"2019-04-10T14:13:00+00:00\",\"dateModified\":\"2025-11-19T13:36:34+00:00\",\"description\":\"The PO2-1120 is a high purity oxygen sensor and O2 cell. Ideal for measuring O2 levels in high-purity gas applications and medical oxygen sensor needs.\",\"breadcrumb\":{\"@id\":\"https:\/\/sso2.com\/product\/po2-1120-high-purity-oxygen-sensor\/#breadcrumb\"},\"inLanguage\":\"pt-PT\",\"potentialAction\":[{\"@type\":\"ReadAction\",\"target\":[\"https:\/\/sso2.com\/product\/po2-1120-high-purity-oxygen-sensor\/\"]}]},{\"@type\":\"ImageObject\",\"inLanguage\":\"pt-PT\",\"@id\":\"https:\/\/sso2.com\/product\/po2-1120-high-purity-oxygen-sensor\/#primaryimage\",\"url\":\"https:\/\/i0.wp.com\/sso2.com\/wp-content\/uploads\/2019\/04\/po2-1120.jpg?fit=1314%2C1128&ssl=1\",\"contentUrl\":\"https:\/\/i0.wp.com\/sso2.com\/wp-content\/uploads\/2019\/04\/po2-1120.jpg?fit=1314%2C1128&ssl=1\",\"width\":1314,\"height\":1128},{\"@type\":\"BreadcrumbList\",\"@id\":\"https:\/\/sso2.com\/product\/po2-1120-high-purity-oxygen-sensor\/#breadcrumb\",\"itemListElement\":[{\"@type\":\"ListItem\",\"position\":1,\"name\":\"Home\",\"item\":\"https:\/\/sso2.com\/en\/\"},{\"@type\":\"ListItem\",\"position\":2,\"name\":\"Shop\",\"item\":\"https:\/\/sso2.com\/shop\/\"},{\"@type\":\"ListItem\",\"position\":3,\"name\":\"PO2-1120 High Purity Oxygen Sensor\"}]},{\"@type\":\"WebSite\",\"@id\":\"https:\/\/sso2.com\/#website\",\"url\":\"https:\/\/sso2.com\/\",\"name\":\"Southland Sensing Ltd.\",\"description\":\"Industrial &amp; Medical Gas Analyzers Oxygen CO\u2082, &amp; H\u2082 Monitors\",\"publisher\":{\"@id\":\"https:\/\/sso2.com\/#organization\"},\"alternateName\":\"SSO2\",\"potentialAction\":[{\"@type\":\"SearchAction\",\"target\":{\"@type\":\"EntryPoint\",\"urlTemplate\":\"https:\/\/sso2.com\/?s={search_term_string}\"},\"query-input\":{\"@type\":\"PropertyValueSpecification\",\"valueRequired\":true,\"valueName\":\"search_term_string\"}}],\"inLanguage\":\"pt-PT\"},{\"@type\":\"Organization\",\"@id\":\"https:\/\/sso2.com\/#organization\",\"name\":\"Southland Sensing Ltd.\",\"alternateName\":\"SSO2\",\"url\":\"https:\/\/sso2.com\/\",\"logo\":{\"@type\":\"ImageObject\",\"inLanguage\":\"pt-PT\",\"@id\":\"https:\/\/sso2.com\/#\/schema\/logo\/image\/\",\"url\":\"https:\/\/sso2.com\/wp-content\/uploads\/2025\/10\/sso2_300pixel.webp\",\"contentUrl\":\"https:\/\/sso2.com\/wp-content\/uploads\/2025\/10\/sso2_300pixel.webp\",\"width\":300,\"height\":50,\"caption\":\"Southland Sensing Ltd.\"},\"image\":{\"@id\":\"https:\/\/sso2.com\/#\/schema\/logo\/image\/\"},\"sameAs\":[\"https:\/\/www.linkedin.com\/company\/southland-sensing-ltd\/\"],\"description\":\"Southland Sensing Ltd. brings together superior performance, an improved user experience, and unmatched application expertise to deliver an accurate and reliable measurement solution. That\u2019s why multinationals, small companies and universities alike turn to us again and again.\",\"email\":\"sales@sso2.com\",\"telephone\":\"1-949-398-2879\",\"legalName\":\"Southland Sensing Ltd.\",\"foundingDate\":\"2013-01-01\",\"numberOfEmployees\":{\"@type\":\"QuantitativeValue\",\"minValue\":\"11\",\"maxValue\":\"50\"},\"publishingPrinciples\":\"https:\/\/sso2.com\/contact-us\/\",\"ownershipFundingInfo\":\"https:\/\/sso2.com\/about-us\/\",\"actionableFeedbackPolicy\":\"https:\/\/sso2.com\/contact-us\/\"}]}<\/script>\n<meta property=\"product:price:currency\" content=\"USD\" \/>\n<meta property=\"og:availability\" content=\"instock\" \/>\n<meta property=\"product:availability\" content=\"instock\" \/>\n<meta property=\"product:condition\" content=\"new\" \/>\n<!-- \/ Yoast SEO Premium plugin. -->","yoast_head_json":{"title":"Sensor de Oxig\u00e9nio de Alta Pureza PO2-1120 | C\u00e9lula de O2","description":"O PO2-1120 \u00e9 um sensor de oxig\u00e9nio de alta pureza e c\u00e9lula de O2. Ideal para medir n\u00edveis de O2 em aplica\u00e7\u00f5es com gases de elevada pureza e para necessidades de sensores de oxig\u00e9nio para uso m\u00e9dico.","robots":{"index":"index","follow":"follow","max-snippet":"max-snippet:-1","max-image-preview":"max-image-preview:large","max-video-preview":"max-video-preview:-1"},"canonical":"https:\/\/sso2.com\/pt\/produto\/po2-1120-high-purity-oxygen-sensor\/","og_locale":"pt_PT","og_type":"article","og_title":"PO2-1120 High Purity Oxygen Sensor","og_description":"The PO2-1120 is a high purity oxygen sensor and O2 cell. Ideal for measuring O2 levels in high-purity gas applications and medical oxygen sensor needs.","og_url":"https:\/\/sso2.com\/pt\/produto\/po2-1120-high-purity-oxygen-sensor\/","og_site_name":"Southland Sensing Ltd.","article_modified_time":"2025-11-19T13:36:34+00:00","og_image":[{"width":1314,"height":1128,"url":"https:\/\/sso2.com\/wp-content\/uploads\/2019\/04\/po2-1120.jpg","type":"image\/jpeg"}],"twitter_card":"summary_large_image","twitter_misc":{"pre\u00e7o":"","Disponibilidade":"Em stock"},"schema":{"@context":"https:\/\/schema.org","@graph":[{"@type":"WebPage","@id":"https:\/\/sso2.com\/product\/po2-1120-high-purity-oxygen-sensor\/","url":"https:\/\/sso2.com\/product\/po2-1120-high-purity-oxygen-sensor\/","name":"Sensor de Oxig\u00e9nio de Alta Pureza PO2-1120 | C\u00e9lula de O2","isPartOf":{"@id":"https:\/\/sso2.com\/#website"},"primaryImageOfPage":{"@id":"https:\/\/sso2.com\/product\/po2-1120-high-purity-oxygen-sensor\/#primaryimage"},"image":{"@id":"https:\/\/sso2.com\/product\/po2-1120-high-purity-oxygen-sensor\/#primaryimage"},"thumbnailUrl":"https:\/\/i0.wp.com\/sso2.com\/wp-content\/uploads\/2019\/04\/po2-1120.jpg?fit=1314%2C1128&ssl=1","datePublished":"2019-04-10T14:13:00+00:00","dateModified":"2025-11-19T13:36:34+00:00","description":"O PO2-1120 \u00e9 um sensor de oxig\u00e9nio de alta pureza e c\u00e9lula de O2. Ideal para medir n\u00edveis de O2 em aplica\u00e7\u00f5es com gases de elevada pureza e para necessidades de sensores de oxig\u00e9nio para uso m\u00e9dico.","breadcrumb":{"@id":"https:\/\/sso2.com\/product\/po2-1120-high-purity-oxygen-sensor\/#breadcrumb"},"inLanguage":"pt-PT","potentialAction":[{"@type":"ReadAction","target":["https:\/\/sso2.com\/product\/po2-1120-high-purity-oxygen-sensor\/"]}]},{"@type":"ImageObject","inLanguage":"pt-PT","@id":"https:\/\/sso2.com\/product\/po2-1120-high-purity-oxygen-sensor\/#primaryimage","url":"https:\/\/i0.wp.com\/sso2.com\/wp-content\/uploads\/2019\/04\/po2-1120.jpg?fit=1314%2C1128&ssl=1","contentUrl":"https:\/\/i0.wp.com\/sso2.com\/wp-content\/uploads\/2019\/04\/po2-1120.jpg?fit=1314%2C1128&ssl=1","width":1314,"height":1128},{"@type":"BreadcrumbList","@id":"https:\/\/sso2.com\/product\/po2-1120-high-purity-oxygen-sensor\/#breadcrumb","itemListElement":[{"@type":"ListItem","position":1,"name":"Home","item":"https:\/\/sso2.com\/en\/"},{"@type":"ListItem","position":2,"name":"Shop","item":"https:\/\/sso2.com\/shop\/"},{"@type":"ListItem","position":3,"name":"PO2-1120 High Purity Oxygen Sensor"}]},{"@type":"WebSite","@id":"https:\/\/sso2.com\/#website","url":"https:\/\/sso2.com\/","name":"Southland Sensing Ltd.","description":"Industrial &amp; Medical Gas Analyzers Oxygen CO\u2082, &amp; H\u2082 Monitors","publisher":{"@id":"https:\/\/sso2.com\/#organization"},"alternateName":"SSO2","potentialAction":[{"@type":"SearchAction","target":{"@type":"EntryPoint","urlTemplate":"https:\/\/sso2.com\/?s={search_term_string}"},"query-input":{"@type":"PropertyValueSpecification","valueRequired":true,"valueName":"search_term_string"}}],"inLanguage":"pt-PT"},{"@type":"Organization","@id":"https:\/\/sso2.com\/#organization","name":"Southland Sensing Ltd.","alternateName":"SSO2","url":"https:\/\/sso2.com\/","logo":{"@type":"ImageObject","inLanguage":"pt-PT","@id":"https:\/\/sso2.com\/#\/schema\/logo\/image\/","url":"https:\/\/sso2.com\/wp-content\/uploads\/2025\/10\/sso2_300pixel.webp","contentUrl":"https:\/\/sso2.com\/wp-content\/uploads\/2025\/10\/sso2_300pixel.webp","width":300,"height":50,"caption":"Southland Sensing Ltd."},"image":{"@id":"https:\/\/sso2.com\/#\/schema\/logo\/image\/"},"sameAs":["https:\/\/www.linkedin.com\/company\/southland-sensing-ltd\/"],"description":"Southland Sensing Ltd. brings together superior performance, an improved user experience, and unmatched application expertise to deliver an accurate and reliable measurement solution. That\u2019s why multinationals, small companies and universities alike turn to us again and again.","email":"sales@sso2.com","telephone":"1-949-398-2879","legalName":"Southland Sensing Ltd.","foundingDate":"2013-01-01","numberOfEmployees":{"@type":"QuantitativeValue","minValue":"11","maxValue":"50"},"publishingPrinciples":"https:\/\/sso2.com\/contact-us\/","ownershipFundingInfo":"https:\/\/sso2.com\/about-us\/","actionableFeedbackPolicy":"https:\/\/sso2.com\/contact-us\/"}]},"product_price_currency":"USD","og_availability":"instock","product_availability":"instock","product_condition":"new"},"jetpack_sharing_enabled":true,"_links":{"self":[{"href":"https:\/\/sso2.com\/pt\/wp-json\/wp\/v2\/product\/638","targetHints":{"allow":["GET"]}}],"collection":[{"href":"https:\/\/sso2.com\/pt\/wp-json\/wp\/v2\/product"}],"about":[{"href":"https:\/\/sso2.com\/pt\/wp-json\/wp\/v2\/types\/product"}],"replies":[{"embeddable":true,"href":"https:\/\/sso2.com\/pt\/wp-json\/wp\/v2\/comments?post=638"}],"wp:featuredmedia":[{"embeddable":true,"href":"https:\/\/sso2.com\/pt\/wp-json\/wp\/v2\/media\/2932"}],"wp:attachment":[{"href":"https:\/\/sso2.com\/pt\/wp-json\/wp\/v2\/media?parent=638"}],"wp:term":[{"taxonomy":"product_brand","embeddable":true,"href":"https:\/\/sso2.com\/pt\/wp-json\/wp\/v2\/product_brand?post=638"},{"taxonomy":"product_cat","embeddable":true,"href":"https:\/\/sso2.com\/pt\/wp-json\/wp\/v2\/product_cat?post=638"},{"taxonomy":"product_tag","embeddable":true,"href":"https:\/\/sso2.com\/pt\/wp-json\/wp\/v2\/product_tag?post=638"}],"curies":[{"name":"wp","href":"https:\/\/api.w.org\/{rel}","templated":true}]}}