{"id":3617,"date":"2025-04-25T00:42:08","date_gmt":"2025-04-25T00:42:08","guid":{"rendered":"https:\/\/sso2.com\/?page_id=3617"},"modified":"2025-11-19T18:15:33","modified_gmt":"2025-11-19T18:15:33","slug":"north-america","status":"publish","type":"page","link":"https:\/\/sso2.com\/pt\/north-america\/","title":{"rendered":"Am\u00e9rica do Norte"},"content":{"rendered":"<!-- Added by Post\/Page Specific Custom Code plugin, thank you for using! -->\n<style>h1 {\r\ncolor: #fff !important; }<\/style>\n<div class=\"map_wrapper\" id=\"map_wrapper_3609\">\n<div class=\"map_box\" style=\"max-width:2000px\">\n<div class=\"map_aspect_ratio\" style=\"padding-top:56%\" data-padding-top=\"56%\" data-padding-top-mobile=\"0%\">\n<div class=\"map_container\">\n<div class=\"map_render map_loading\" id=\"map_3609\"><\/div>\n<\/div>\n<\/div>\n<\/div>\n<\/div>\n\n<table id=\"tablepress-17\" class=\"tablepress tablepress-id-17\">\n<thead>\n<tr class=\"row-1\">\n\t<th class=\"column-1\">Estado<\/th><th class=\"column-2\">Distribuidor<\/th><td class=\"column-3\"><\/td>\n<\/tr>\n<\/thead>\n<tbody class=\"row-striping row-hover\">\n<tr class=\"row-2\">\n\t<td class=\"column-1\">Alabama<\/td><td class=\"column-2\"><a href=\"https:\/\/www.wtmi-usa.com\/\">W. T. Maye, Inc. (WTMI)<\/a><br \/>\r\nContacto: Chip Maye<br \/>\r\n1066 Commerce Park Dr.<br \/>\r\nOak Ridge, TN 37830<br \/>\r\nTelefone: (865) 622-8811<br \/>\r\nCorreio eletr\u00f3nico: <a href=\"mailto:info@wtmi-usa.com\">info@wtmi-usa.com<\/a><br \/>\r\n<\/td><td class=\"column-3\"><br><center><img data-recalc-dims=\"1\" decoding=\"async\" src=\"https:\/\/i0.wp.com\/sso2.com\/wp-content\/uploads\/2025\/05\/wtmi-logo-new.png?w=800&#038;ssl=1\" align=\"center\"><\/center><\/td>\n<\/tr>\n<tr class=\"row-3\">\n\t<td class=\"column-1\">Arizona<\/td><td class=\"column-2\"><a href=\"https:\/\/www.davisdavisco.com\/\">Davis &amp; Davis Company<\/a><br \/>\r\nContacto: Vendas e assist\u00eancia<br \/>\r\n2249 W. College Avenue<br \/>\r\nEnglewood, CO 80110<br \/>\r\nTelefone: 303-935-4694<br \/>\r\nCorreio eletr\u00f3nico: <a href=\"mailto:sales@davisdavisco.com\">sales@davisdavisco.com<\/a><br \/>\r\n<\/td><td class=\"column-3\"><center><img data-recalc-dims=\"1\" decoding=\"async\" src=\"https:\/\/i0.wp.com\/sso2.com\/wp-content\/uploads\/2025\/08\/davisdavis_icon-2.jpg?w=800&#038;ssl=1\" align=\"center\"><\/center><\/td>\n<\/tr>\n<tr class=\"row-4\">\n\t<td class=\"column-1\">Arkansas<\/td><td class=\"column-2\"><a href=\"https:\/\/www.wtmi-usa.com\/\">W. T. Maye, Inc. (WTMI)<\/a><br \/>\r\nContacto: Chip Maye<br \/>\r\n1066 Commerce Park Dr.<br \/>\r\nOak Ridge, TN 37830<br \/>\r\nTelefone: (865) 622-8811<br \/>\r\nCorreio eletr\u00f3nico: <a href=\"mailto:info@wtmi-usa.com\">info@wtmi-usa.com<\/a><br \/>\r\n<\/td><td class=\"column-3\"><br><center><img data-recalc-dims=\"1\" decoding=\"async\" src=\"https:\/\/i0.wp.com\/sso2.com\/wp-content\/uploads\/2025\/05\/wtmi-logo-new.png?w=800&#038;ssl=1\" align=\"center\"><\/center><\/td>\n<\/tr>\n<tr class=\"row-5\">\n\t<td class=\"column-1\">Colorado<\/td><td class=\"column-2\"><a href=\"https:\/\/www.davisdavisco.com\/\">Davis &amp; Davis Company<\/a><br \/>\nContacto: Vendas e assist\u00eancia<br \/>\n2249 W. College Avenue<br \/>\nEnglewood, CO 80110<br \/>\nTelefone: 303-935-4694<br \/>\nCorreio eletr\u00f3nico: <a href=\"mailto:sales@davisdavisco.com\">sales@davisdavisco.com<\/a><br \/>\n<\/td><td class=\"column-3\"><center><img data-recalc-dims=\"1\" decoding=\"async\" src=\"https:\/\/i0.wp.com\/sso2.com\/wp-content\/uploads\/2025\/08\/davisdavis_icon-2.jpg?w=800&#038;ssl=1\" align=\"center\"><\/center><\/td>\n<\/tr>\n<tr class=\"row-6\">\n\t<td class=\"column-1\">Idaho<\/td><td class=\"column-2\"><a href=\"https:\/\/www.davisdavisco.com\/\">Davis &amp; Davis Company<\/a><br \/>\r\nContacto: Vendas e assist\u00eancia<br \/>\r\n2249 W. College Avenue<br \/>\r\nEnglewood, CO 80110<br \/>\r\nTelefone: 303-935-4694<br \/>\r\nCorreio eletr\u00f3nico: <a href=\"mailto:sales@davisdavisco.com\">sales@davisdavisco.com<\/a><br \/>\r\n<\/td><td class=\"column-3\"><center><img data-recalc-dims=\"1\" decoding=\"async\" src=\"https:\/\/i0.wp.com\/sso2.com\/wp-content\/uploads\/2025\/08\/davisdavis_icon-2.jpg?w=800&#038;ssl=1\" align=\"center\"><\/center><\/td>\n<\/tr>\n<tr class=\"row-7\">\n\t<td class=\"column-1\">Kansas<\/td><td class=\"column-2\"><a href=\"https:\/\/www.isg-us.com\/process-analyzers\">Grupo de Servi\u00e7os de Instrumenta\u00e7\u00e3o<\/a><br \/>\nContacto:  Christian Kurz<br \/>\n526 N. Tallyrand St.<br \/>\nWichita, KS 67206<br \/>\nTelefone: 316-218-5355<br \/>\nCorreio eletr\u00f3nico: <a href=\"mailto:christian@isg-us.com\">christian@isg-us.com<\/a><\/td><td class=\"column-3\"><br><center><img data-recalc-dims=\"1\" decoding=\"async\" src=\"https:\/\/i0.wp.com\/sso2.com\/wp-content\/uploads\/2025\/05\/isg_logo.png?w=800&#038;ssl=1\" align=\"center\"><\/center><\/td>\n<\/tr>\n<tr class=\"row-8\">\n\t<td class=\"column-1\">Kentucky<\/td><td class=\"column-2\"><a href=\"https:\/\/www.wtmi-usa.com\/\">W. T. Maye, Inc. (WTMI)<\/a><br \/>\r\nContacto: Chip Maye<br \/>\r\n1066 Commerce Park Dr.<br \/>\r\nOak Ridge, TN 37830<br \/>\r\nTelefone: (865) 622-8811<br \/>\r\nCorreio eletr\u00f3nico: <a href=\"mailto:info@wtmi-usa.com\">info@wtmi-usa.com<\/a><br \/>\r\n<\/td><td class=\"column-3\"><br><center><img data-recalc-dims=\"1\" decoding=\"async\" src=\"https:\/\/i0.wp.com\/sso2.com\/wp-content\/uploads\/2025\/05\/wtmi-logo-new.png?w=800&#038;ssl=1\" align=\"center\"><\/center><\/td>\n<\/tr>\n<tr class=\"row-9\">\n\t<td class=\"column-1\">Louisiana<\/td><td class=\"column-2\"><a href=\"https:\/\/www.kaizen-ca.com\">Controlos e automa\u00e7\u00e3o Kaizen<\/a><br \/>\nContacto:  Bobby Singh<br \/>\n9503 Magnolia Xing<br \/>\nGreenwell Springs, LA, 70739<br \/>\nTelefone: 225-200-5105<br \/>\nCorreio eletr\u00f3nico: <a href=\"mailto:bobby.singh@kaizen-ca.com\">bobby.singh@kaizen-ca.com<\/a><\/td><td class=\"column-3\"><br><center><img data-recalc-dims=\"1\" decoding=\"async\" src=\"https:\/\/i0.wp.com\/sso2.com\/wp-content\/uploads\/2025\/05\/kaizen-2.jpg?w=800&#038;ssl=1\" align=\"center\"><\/center><\/td>\n<\/tr>\n<tr class=\"row-10\">\n\t<td class=\"column-1\">Mississipi<\/td><td class=\"column-2\"><a href=\"https:\/\/www.wtmi-usa.com\/\">W. T. Maye, Inc. (WTMI)<\/a><br \/>\r\nContacto: Chip Maye<br \/>\r\n1066 Commerce Park Dr.<br \/>\r\nOak Ridge, TN 37830<br \/>\r\nTelefone: (865) 622-8811<br \/>\r\nCorreio eletr\u00f3nico: <a href=\"mailto:info@wtmi-usa.com\">info@wtmi-usa.com<\/a><br \/>\r\n<\/td><td class=\"column-3\"><br><center><img data-recalc-dims=\"1\" decoding=\"async\" src=\"https:\/\/i0.wp.com\/sso2.com\/wp-content\/uploads\/2025\/05\/wtmi-logo-new.png?w=800&#038;ssl=1\" align=\"center\"><\/center><\/td>\n<\/tr>\n<tr class=\"row-11\">\n\t<td class=\"column-1\">Montana<\/td><td class=\"column-2\"><a href=\"https:\/\/www.davisdavisco.com\/\">Davis &amp; Davis Company<\/a><br \/>\r\nContacto: Vendas e assist\u00eancia<br \/>\r\n2249 W. College Avenue<br \/>\r\nEnglewood, CO 80110<br \/>\r\nTelefone: 303-935-4694<br \/>\r\nCorreio eletr\u00f3nico: <a href=\"mailto:sales@davisdavisco.com\">sales@davisdavisco.com<\/a><br \/>\r\n<\/td><td class=\"column-3\"><center><img data-recalc-dims=\"1\" decoding=\"async\" src=\"https:\/\/i0.wp.com\/sso2.com\/wp-content\/uploads\/2025\/08\/davisdavis_icon-2.jpg?w=800&#038;ssl=1\" align=\"center\"><\/center><\/td>\n<\/tr>\n<tr class=\"row-12\">\n\t<td class=\"column-1\">Nebraska<\/td><td class=\"column-2\"><a href=\"https:\/\/www.davisdavisco.com\/\">Davis &amp; Davis Company<\/a><br \/>\r\nContacto: Vendas e assist\u00eancia<br \/>\r\n2249 W. College Avenue<br \/>\r\nEnglewood, CO 80110<br \/>\r\nTelefone: 303-935-4694<br \/>\r\nCorreio eletr\u00f3nico: <a href=\"mailto:sales@davisdavisco.com\">sales@davisdavisco.com<\/a><br \/>\r\n<\/td><td class=\"column-3\"><center><img data-recalc-dims=\"1\" decoding=\"async\" src=\"https:\/\/i0.wp.com\/sso2.com\/wp-content\/uploads\/2025\/08\/davisdavis_icon-2.jpg?w=800&#038;ssl=1\" align=\"center\"><\/center><\/td>\n<\/tr>\n<tr class=\"row-13\">\n\t<td class=\"column-1\">Novo M\u00e9xico<\/td><td class=\"column-2\"><a href=\"https:\/\/www.davisdavisco.com\/\">Davis &amp; Davis Company<\/a><br \/>\r\nContacto: Vendas e assist\u00eancia<br \/>\r\n2249 W. College Avenue<br \/>\r\nEnglewood, CO 80110<br \/>\r\nTelefone: 303-935-4694<br \/>\r\nCorreio eletr\u00f3nico: <a href=\"mailto:sales@davisdavisco.com\">sales@davisdavisco.com<\/a><br \/>\r\n<\/td><td class=\"column-3\"><center><img data-recalc-dims=\"1\" decoding=\"async\" src=\"https:\/\/i0.wp.com\/sso2.com\/wp-content\/uploads\/2025\/08\/davisdavis_icon-2.jpg?w=800&#038;ssl=1\" align=\"center\"><\/center><\/td>\n<\/tr>\n<tr class=\"row-14\">\n\t<td class=\"column-1\">Dakota do Norte<\/td><td class=\"column-2\"><a href=\"https:\/\/www.davisdavisco.com\/\">Davis &amp; Davis Company<\/a><br \/>\r\nContacto: Vendas e assist\u00eancia<br \/>\r\n2249 W. College Avenue<br \/>\r\nEnglewood, CO 80110<br \/>\r\nTelefone: 303-935-4694<br \/>\r\nCorreio eletr\u00f3nico: <a href=\"mailto:sales@davisdavisco.com\">sales@davisdavisco.com<\/a><br \/>\r\n<\/td><td class=\"column-3\"><center><img data-recalc-dims=\"1\" decoding=\"async\" src=\"https:\/\/i0.wp.com\/sso2.com\/wp-content\/uploads\/2025\/08\/davisdavis_icon-2.jpg?w=800&#038;ssl=1\" align=\"center\"><\/center><\/td>\n<\/tr>\n<tr class=\"row-15\">\n\t<td class=\"column-1\">Oklahoma<\/td><td class=\"column-2\"><a href=\"https:\/\/www.isg-us.com\/process-analyzers\">Grupo de Servi\u00e7os de Instrumenta\u00e7\u00e3o<\/a><br \/>\r\nContacto:  Christian Kurz<br \/>\r\n526 N. Tallyrand St.<br \/>\r\nWichita, KS 67206<br \/>\r\nTelefone: 316-218-5355<br \/>\r\nCorreio eletr\u00f3nico: <a href=\"mailto:christian@isg-us.com\">christian@isg-us.com<\/a><\/td><td class=\"column-3\"><br><center><img data-recalc-dims=\"1\" decoding=\"async\" src=\"https:\/\/i0.wp.com\/sso2.com\/wp-content\/uploads\/2025\/05\/isg_logo.png?w=800&#038;ssl=1\" align=\"center\"><\/center><\/td>\n<\/tr>\n<tr class=\"row-16\">\n\t<td class=\"column-1\">Dakota do Sul<\/td><td class=\"column-2\"><a href=\"https:\/\/www.davisdavisco.com\/\">Davis &amp; Davis Company<\/a><br \/>\r\nContacto: Vendas e assist\u00eancia<br \/>\r\n2249 W. College Avenue<br \/>\r\nEnglewood, CO 80110<br \/>\r\nTelefone: 303-935-4694<br \/>\r\nCorreio eletr\u00f3nico: <a href=\"mailto:sales@davisdavisco.com\">sales@davisdavisco.com<\/a><br \/>\r\n<\/td><td class=\"column-3\"><center><img data-recalc-dims=\"1\" decoding=\"async\" src=\"https:\/\/i0.wp.com\/sso2.com\/wp-content\/uploads\/2025\/08\/davisdavis_icon-2.jpg?w=800&#038;ssl=1\" align=\"center\"><\/center><\/td>\n<\/tr>\n<tr class=\"row-17\">\n\t<td class=\"column-1\">Tennessee<\/td><td class=\"column-2\"><a href=\"https:\/\/www.wtmi-usa.com\/\">W. T. Maye, Inc. (WTMI)<\/a><br \/>\nContacto: Chip Maye<br \/>\n1066 Commerce Park Dr.<br \/>\nOak Ridge, TN 37830<br \/>\nTelefone: (865) 622-8811<br \/>\nCorreio eletr\u00f3nico: <a href=\"mailto:info@wtmi-usa.com\">info@wtmi-usa.com<\/a><br \/>\n<\/td><td class=\"column-3\"><br><center><img data-recalc-dims=\"1\" decoding=\"async\" src=\"https:\/\/i0.wp.com\/sso2.com\/wp-content\/uploads\/2025\/05\/wtmi-logo-new.png?w=800&#038;ssl=1\" align=\"center\"><\/center><\/td>\n<\/tr>\n<tr class=\"row-18\">\n\t<td class=\"column-1\">Texas<br \/>\n(Houston)<\/td><td class=\"column-2\"><a href=\"https:\/\/www.kaizen-ca.com\">Controlos e automa\u00e7\u00e3o Kaizen<\/a><br \/>\nContacto:  Greg Brumfield<br \/>\nCaixa postal 300746<br \/>\nHouston, TX 77230<br \/>\nTelefone: 713-724-8970<br \/>\nCorreio eletr\u00f3nico: <a href=\"mailto:greg.brumfield@kaizen-ca.com\">greg.brumfield@kaizen-ca.com<\/a><\/td><td class=\"column-3\"><br><center><img data-recalc-dims=\"1\" decoding=\"async\" src=\"https:\/\/i0.wp.com\/sso2.com\/wp-content\/uploads\/2025\/05\/kaizen-2.jpg?w=800&#038;ssl=1\" align=\"center\"><\/center><\/td>\n<\/tr>\n<tr class=\"row-19\">\n\t<td class=\"column-1\">Texas<br \/>\n(Panhandle Plains)<br \/>\n<\/td><td class=\"column-2\"><a href=\"https:\/\/dacitexas.com\/\">Dale-Ann CO., Inc<\/a><br \/>\nContacto:  Steve Hood<br \/>\n11782 Hwy 152<br \/>\nPampa, TX 79065<br \/>\nTelefone: (806) 665-0931<br \/>\nCorreio eletr\u00f3nico: <a href=\"mailto:daci-annco@outlook.com\">daci-annco@outlook.com<\/a><br \/>\n<\/td><td class=\"column-3\"><br><center><img decoding=\"async\" src=\"https:\/\/dacitexas.com\/wp-content\/uploads\/2020\/07\/DALE-ANN_Logo.svg\" width=\"225px\" height=\"auto\" align=\"center\"><\/center><\/td>\n<\/tr>\n<tr class=\"row-20\">\n\t<td class=\"column-1\">Texas<br \/>\n(Oeste)<\/td><td class=\"column-2\"><a href=\"https:\/\/www.davisdavisco.com\/\">Davis &amp; Davis Company<\/a><br \/>\r\nContacto: Vendas e assist\u00eancia<br \/>\r\n2249 W. College Avenue<br \/>\r\nEnglewood, CO 80110<br \/>\r\nTelefone: 303-935-4694<br \/>\r\nCorreio eletr\u00f3nico: <a href=\"mailto:sales@davisdavisco.com\">sales@davisdavisco.com<\/a><br \/>\r\n<\/td><td class=\"column-3\"><center><img data-recalc-dims=\"1\" decoding=\"async\" src=\"https:\/\/i0.wp.com\/sso2.com\/wp-content\/uploads\/2025\/08\/davisdavis_icon-2.jpg?w=800&#038;ssl=1\" align=\"center\"><\/center><\/td>\n<\/tr>\n<tr class=\"row-21\">\n\t<td class=\"column-1\">Utah<\/td><td class=\"column-2\"><a href=\"https:\/\/www.davisdavisco.com\/\">Davis &amp; Davis Company<\/a><br \/>\r\nContacto: Vendas e assist\u00eancia<br \/>\r\n2249 W. College Avenue<br \/>\r\nEnglewood, CO 80110<br \/>\r\nTelefone: 303-935-4694<br \/>\r\nCorreio eletr\u00f3nico: <a href=\"mailto:sales@davisdavisco.com\">sales@davisdavisco.com<\/a><br \/>\r\n<\/td><td class=\"column-3\"><center><img data-recalc-dims=\"1\" decoding=\"async\" src=\"https:\/\/i0.wp.com\/sso2.com\/wp-content\/uploads\/2025\/08\/davisdavis_icon-2.jpg?w=800&#038;ssl=1\" align=\"center\"><\/center><\/td>\n<\/tr>\n<tr class=\"row-22\">\n\t<td class=\"column-1\">Wyoming<\/td><td class=\"column-2\"><a href=\"https:\/\/www.davisdavisco.com\/\">Davis &amp; Davis Company<\/a><br \/>\nContacto: Vendas e assist\u00eancia<br \/>\n2249 W. College Avenue<br \/>\nEnglewood, CO 80110<br \/>\nTelefone: 303-935-4694<br \/>\nCorreio eletr\u00f3nico: <a href=\"mailto:sales@davisdavisco.com\">sales@davisdavisco.com<\/a><br \/>\n<\/td><td class=\"column-3\"><center><img data-recalc-dims=\"1\" decoding=\"async\" src=\"https:\/\/i0.wp.com\/sso2.com\/wp-content\/uploads\/2025\/08\/davisdavis_icon-2.jpg?w=800&#038;ssl=1\" align=\"center\"><\/center><\/td>\n<\/tr>\n<\/tbody>\n<\/table>\n<!-- #tablepress-17 from cache -->","protected":false},"excerpt":{"rendered":"","protected":false},"author":6,"featured_media":0,"parent":0,"menu_order":0,"comment_status":"closed","ping_status":"closed","template":"","meta":{"footnotes":""},"class_list":["post-3617","page","type-page","status-publish","hentry"],"yoast_head":"<!-- This site is optimized with the Yoast SEO Premium plugin v27.2 (Yoast SEO v27.2) - https:\/\/yoast.com\/product\/yoast-seo-premium-wordpress\/ -->\n<title>North America Industrial Gas &amp; Oxygen Monitoring Solutions<\/title>\n<meta name=\"description\" content=\"Advanced oxygen sensors, O\u2082 analyzers, and depletion\/deficiency monitors for industrial applications across North America, ensuring safety and operational efficiency.\" \/>\n<meta name=\"robots\" content=\"index, follow, max-snippet:-1, max-image-preview:large, max-video-preview:-1\" \/>\n<link rel=\"canonical\" href=\"https:\/\/sso2.com\/pt\/north-america\/\" \/>\n<meta property=\"og:locale\" content=\"pt_PT\" \/>\n<meta property=\"og:type\" content=\"article\" \/>\n<meta property=\"og:title\" content=\"North America\" \/>\n<meta property=\"og:description\" content=\"Advanced oxygen sensors, O\u2082 analyzers, and depletion\/deficiency monitors for industrial applications across North America, ensuring safety and operational efficiency.\" \/>\n<meta property=\"og:url\" content=\"https:\/\/sso2.com\/pt\/north-america\/\" \/>\n<meta property=\"og:site_name\" content=\"Southland Sensing Ltd.\" \/>\n<meta property=\"article:modified_time\" content=\"2025-11-19T18:15:33+00:00\" \/>\n<meta property=\"og:image\" content=\"https:\/\/i0.wp.com\/sso2.com\/wp-content\/uploads\/2025\/02\/omd-21.png?fit=1290%2C1158&ssl=1\" \/>\n\t<meta property=\"og:image:width\" content=\"1290\" \/>\n\t<meta property=\"og:image:height\" content=\"1158\" \/>\n\t<meta property=\"og:image:type\" content=\"image\/png\" \/>\n<meta name=\"twitter:card\" content=\"summary_large_image\" \/>\n<meta name=\"twitter:label1\" content=\"Tempo estimado de leitura\" \/>\n\t<meta name=\"twitter:data1\" content=\"1 minuto\" \/>\n<script type=\"application\/ld+json\" class=\"yoast-schema-graph\">{\"@context\":\"https:\/\/schema.org\",\"@graph\":[{\"@type\":\"WebPage\",\"@id\":\"https:\/\/sso2.com\/north-america\/\",\"url\":\"https:\/\/sso2.com\/north-america\/\",\"name\":\"North America Industrial Gas & Oxygen Monitoring Solutions\",\"isPartOf\":{\"@id\":\"https:\/\/sso2.com\/#website\"},\"datePublished\":\"2025-04-25T00:42:08+00:00\",\"dateModified\":\"2025-11-19T18:15:33+00:00\",\"description\":\"Advanced oxygen sensors, O\u2082 analyzers, and depletion\/deficiency monitors for industrial applications across North America, ensuring safety and operational efficiency.\",\"breadcrumb\":{\"@id\":\"https:\/\/sso2.com\/north-america\/#breadcrumb\"},\"inLanguage\":\"pt-PT\",\"potentialAction\":[{\"@type\":\"ReadAction\",\"target\":[\"https:\/\/sso2.com\/north-america\/\"]}]},{\"@type\":\"BreadcrumbList\",\"@id\":\"https:\/\/sso2.com\/north-america\/#breadcrumb\",\"itemListElement\":[{\"@type\":\"ListItem\",\"position\":1,\"name\":\"Home\",\"item\":\"https:\/\/sso2.com\/en\/\"},{\"@type\":\"ListItem\",\"position\":2,\"name\":\"North America\"}]},{\"@type\":\"WebSite\",\"@id\":\"https:\/\/sso2.com\/#website\",\"url\":\"https:\/\/sso2.com\/\",\"name\":\"Southland Sensing Ltd.\",\"description\":\"Industrial &amp; Medical Gas Analyzers Oxygen CO\u2082, &amp; H\u2082 Monitors\",\"publisher\":{\"@id\":\"https:\/\/sso2.com\/#organization\"},\"alternateName\":\"SSO2\",\"potentialAction\":[{\"@type\":\"SearchAction\",\"target\":{\"@type\":\"EntryPoint\",\"urlTemplate\":\"https:\/\/sso2.com\/?s={search_term_string}\"},\"query-input\":{\"@type\":\"PropertyValueSpecification\",\"valueRequired\":true,\"valueName\":\"search_term_string\"}}],\"inLanguage\":\"pt-PT\"},{\"@type\":\"Organization\",\"@id\":\"https:\/\/sso2.com\/#organization\",\"name\":\"Southland Sensing Ltd.\",\"alternateName\":\"SSO2\",\"url\":\"https:\/\/sso2.com\/\",\"logo\":{\"@type\":\"ImageObject\",\"inLanguage\":\"pt-PT\",\"@id\":\"https:\/\/sso2.com\/#\/schema\/logo\/image\/\",\"url\":\"https:\/\/sso2.com\/wp-content\/uploads\/2025\/10\/sso2_300pixel.webp\",\"contentUrl\":\"https:\/\/sso2.com\/wp-content\/uploads\/2025\/10\/sso2_300pixel.webp\",\"width\":300,\"height\":50,\"caption\":\"Southland Sensing Ltd.\"},\"image\":{\"@id\":\"https:\/\/sso2.com\/#\/schema\/logo\/image\/\"},\"sameAs\":[\"https:\/\/www.linkedin.com\/company\/southland-sensing-ltd\/\"],\"description\":\"Southland Sensing Ltd. brings together superior performance, an improved user experience, and unmatched application expertise to deliver an accurate and reliable measurement solution. That\u2019s why multinationals, small companies and universities alike turn to us again and again.\",\"email\":\"sales@sso2.com\",\"telephone\":\"1-949-398-2879\",\"legalName\":\"Southland Sensing Ltd.\",\"foundingDate\":\"2013-01-01\",\"numberOfEmployees\":{\"@type\":\"QuantitativeValue\",\"minValue\":\"11\",\"maxValue\":\"50\"},\"publishingPrinciples\":\"https:\/\/sso2.com\/contact-us\/\",\"ownershipFundingInfo\":\"https:\/\/sso2.com\/about-us\/\",\"actionableFeedbackPolicy\":\"https:\/\/sso2.com\/contact-us\/\"}]}<\/script>\n<!-- \/ Yoast SEO Premium plugin. -->","yoast_head_json":{"title":"North America Industrial Gas & Oxygen Monitoring Solutions","description":"Advanced oxygen sensors, O\u2082 analyzers, and depletion\/deficiency monitors for industrial applications across North America, ensuring safety and operational efficiency.","robots":{"index":"index","follow":"follow","max-snippet":"max-snippet:-1","max-image-preview":"max-image-preview:large","max-video-preview":"max-video-preview:-1"},"canonical":"https:\/\/sso2.com\/pt\/north-america\/","og_locale":"pt_PT","og_type":"article","og_title":"North America","og_description":"Advanced oxygen sensors, O\u2082 analyzers, and depletion\/deficiency monitors for industrial applications across North America, ensuring safety and operational efficiency.","og_url":"https:\/\/sso2.com\/pt\/north-america\/","og_site_name":"Southland Sensing Ltd.","article_modified_time":"2025-11-19T18:15:33+00:00","og_image":[{"width":1290,"height":1158,"url":"https:\/\/i0.wp.com\/sso2.com\/wp-content\/uploads\/2025\/02\/omd-21.png?fit=1290%2C1158&ssl=1","type":"image\/png"}],"twitter_card":"summary_large_image","twitter_misc":{"Tempo estimado de leitura":"1 minuto"},"schema":{"@context":"https:\/\/schema.org","@graph":[{"@type":"WebPage","@id":"https:\/\/sso2.com\/north-america\/","url":"https:\/\/sso2.com\/north-america\/","name":"North America Industrial Gas & Oxygen Monitoring Solutions","isPartOf":{"@id":"https:\/\/sso2.com\/#website"},"datePublished":"2025-04-25T00:42:08+00:00","dateModified":"2025-11-19T18:15:33+00:00","description":"Advanced oxygen sensors, O\u2082 analyzers, and depletion\/deficiency monitors for industrial applications across North America, ensuring safety and operational efficiency.","breadcrumb":{"@id":"https:\/\/sso2.com\/north-america\/#breadcrumb"},"inLanguage":"pt-PT","potentialAction":[{"@type":"ReadAction","target":["https:\/\/sso2.com\/north-america\/"]}]},{"@type":"BreadcrumbList","@id":"https:\/\/sso2.com\/north-america\/#breadcrumb","itemListElement":[{"@type":"ListItem","position":1,"name":"Home","item":"https:\/\/sso2.com\/en\/"},{"@type":"ListItem","position":2,"name":"North America"}]},{"@type":"WebSite","@id":"https:\/\/sso2.com\/#website","url":"https:\/\/sso2.com\/","name":"Southland Sensing Ltd.","description":"Industrial &amp; Medical Gas Analyzers Oxygen CO\u2082, &amp; H\u2082 Monitors","publisher":{"@id":"https:\/\/sso2.com\/#organization"},"alternateName":"SSO2","potentialAction":[{"@type":"SearchAction","target":{"@type":"EntryPoint","urlTemplate":"https:\/\/sso2.com\/?s={search_term_string}"},"query-input":{"@type":"PropertyValueSpecification","valueRequired":true,"valueName":"search_term_string"}}],"inLanguage":"pt-PT"},{"@type":"Organization","@id":"https:\/\/sso2.com\/#organization","name":"Southland Sensing Ltd.","alternateName":"SSO2","url":"https:\/\/sso2.com\/","logo":{"@type":"ImageObject","inLanguage":"pt-PT","@id":"https:\/\/sso2.com\/#\/schema\/logo\/image\/","url":"https:\/\/sso2.com\/wp-content\/uploads\/2025\/10\/sso2_300pixel.webp","contentUrl":"https:\/\/sso2.com\/wp-content\/uploads\/2025\/10\/sso2_300pixel.webp","width":300,"height":50,"caption":"Southland Sensing Ltd."},"image":{"@id":"https:\/\/sso2.com\/#\/schema\/logo\/image\/"},"sameAs":["https:\/\/www.linkedin.com\/company\/southland-sensing-ltd\/"],"description":"Southland Sensing Ltd. brings together superior performance, an improved user experience, and unmatched application expertise to deliver an accurate and reliable measurement solution. That\u2019s why multinationals, small companies and universities alike turn to us again and again.","email":"sales@sso2.com","telephone":"1-949-398-2879","legalName":"Southland Sensing Ltd.","foundingDate":"2013-01-01","numberOfEmployees":{"@type":"QuantitativeValue","minValue":"11","maxValue":"50"},"publishingPrinciples":"https:\/\/sso2.com\/contact-us\/","ownershipFundingInfo":"https:\/\/sso2.com\/about-us\/","actionableFeedbackPolicy":"https:\/\/sso2.com\/contact-us\/"}]}},"jetpack_sharing_enabled":true,"jetpack_shortlink":"https:\/\/wp.me\/PaSzwI-Wl","_links":{"self":[{"href":"https:\/\/sso2.com\/pt\/wp-json\/wp\/v2\/pages\/3617","targetHints":{"allow":["GET"]}}],"collection":[{"href":"https:\/\/sso2.com\/pt\/wp-json\/wp\/v2\/pages"}],"about":[{"href":"https:\/\/sso2.com\/pt\/wp-json\/wp\/v2\/types\/page"}],"author":[{"embeddable":true,"href":"https:\/\/sso2.com\/pt\/wp-json\/wp\/v2\/users\/6"}],"replies":[{"embeddable":true,"href":"https:\/\/sso2.com\/pt\/wp-json\/wp\/v2\/comments?post=3617"}],"version-history":[{"count":0,"href":"https:\/\/sso2.com\/pt\/wp-json\/wp\/v2\/pages\/3617\/revisions"}],"wp:attachment":[{"href":"https:\/\/sso2.com\/pt\/wp-json\/wp\/v2\/media?parent=3617"}],"curies":[{"name":"wp","href":"https:\/\/api.w.org\/{rel}","templated":true}]}}