{"id":1178,"date":"2020-12-14T23:17:13","date_gmt":"2020-12-14T23:17:13","guid":{"rendered":"https:\/\/sso2.com\/?page_id=1178"},"modified":"2025-10-10T18:39:36","modified_gmt":"2025-10-10T18:39:36","slug":"quality-policy","status":"publish","type":"page","link":"https:\/\/sso2.com\/pt\/quality-policy\/","title":{"rendered":"Qualidade"},"content":{"rendered":"<div data-elementor-type=\"wp-page\" data-elementor-id=\"1178\" class=\"elementor elementor-1178\" data-elementor-post-type=\"page\">\n\t\t\t\t\t\t<section class=\"elementor-section elementor-top-section elementor-element elementor-element-33ad2269 elementor-section-items-stretch elementor-section-height-min-height elementor-section-boxed elementor-section-height-default\" data-id=\"33ad2269\" data-element_type=\"section\" data-e-type=\"section\" data-settings=\"{&quot;background_background&quot;:&quot;classic&quot;}\">\n\t\t\t\t\t\t<div class=\"elementor-container elementor-column-gap-no\">\n\t\t\t\t\t<div class=\"elementor-column elementor-col-50 elementor-top-column elementor-element elementor-element-c23776d\" data-id=\"c23776d\" data-element_type=\"column\" data-e-type=\"column\">\n\t\t\t<div class=\"elementor-widget-wrap elementor-element-populated\">\n\t\t\t\t\t\t<section class=\"elementor-section elementor-inner-section elementor-element elementor-element-87fede elementor-section-boxed elementor-section-height-default elementor-section-height-default\" data-id=\"87fede\" data-element_type=\"section\" data-e-type=\"section\">\n\t\t\t\t\t\t<div class=\"elementor-container elementor-column-gap-no\">\n\t\t\t\t\t<div class=\"elementor-column elementor-col-100 elementor-inner-column elementor-element elementor-element-36705ccd\" data-id=\"36705ccd\" data-element_type=\"column\" data-e-type=\"column\">\n\t\t\t<div class=\"elementor-widget-wrap elementor-element-populated\">\n\t\t\t\t\t\t<div class=\"elementor-element elementor-element-6694f6 elementor-widget__width-auto elementor-widget elementor-widget-heading\" data-id=\"6694f6\" data-element_type=\"widget\" data-e-type=\"widget\" data-widget_type=\"heading.default\">\n\t\t\t\t<div class=\"elementor-widget-container\">\n\t\t\t\t\t<div class=\"elementor-heading-title elementor-size-default\"><a href=\"https:\/\/sso2.com\/pt\/\">In\u00edcio<\/a><\/div>\t\t\t\t<\/div>\n\t\t\t\t<\/div>\n\t\t\t\t<div class=\"elementor-element elementor-element-1e377571 elementor-widget__width-initial elementor-view-default elementor-widget elementor-widget-icon\" data-id=\"1e377571\" data-element_type=\"widget\" data-e-type=\"widget\" data-widget_type=\"icon.default\">\n\t\t\t\t<div class=\"elementor-widget-container\">\n\t\t\t\t\t\t\t<div class=\"elementor-icon-wrapper\">\n\t\t\t<div class=\"elementor-icon\">\n\t\t\t<svg aria-hidden=\"true\" class=\"e-font-icon-svg e-fas-slash\" viewbox=\"0 0 640 512\" xmlns=\"http:\/\/www.w3.org\/2000\/svg\"><path d=\"M594.53 508.63L6.18 53.9c-6.97-5.42-8.23-15.47-2.81-22.45L23.01 6.18C28.43-.8 38.49-2.06 45.47 3.37L633.82 458.1c6.97 5.42 8.23 15.47 2.81 22.45l-19.64 25.27c-5.42 6.98-15.48 8.23-22.46 2.81z\"><\/path><\/svg>\t\t\t<\/div>\n\t\t<\/div>\n\t\t\t\t\t\t<\/div>\n\t\t\t\t<\/div>\n\t\t\t\t<div class=\"elementor-element elementor-element-1291e1f elementor-widget__width-auto elementor-widget elementor-widget-heading\" data-id=\"1291e1f\" data-element_type=\"widget\" data-e-type=\"widget\" data-widget_type=\"heading.default\">\n\t\t\t\t<div class=\"elementor-widget-container\">\n\t\t\t\t\t<div class=\"elementor-heading-title elementor-size-default\"><a href=\"#\">Qualidade<\/a><\/div>\t\t\t\t<\/div>\n\t\t\t\t<\/div>\n\t\t\t\t\t<\/div>\n\t\t<\/div>\n\t\t\t\t\t<\/div>\n\t\t<\/section>\n\t\t\t\t<section class=\"elementor-section elementor-inner-section elementor-element elementor-element-6a64404f elementor-reverse-tablet elementor-reverse-mobile elementor-section-boxed elementor-section-height-default elementor-section-height-default\" data-id=\"6a64404f\" data-element_type=\"section\" data-e-type=\"section\">\n\t\t\t\t\t\t<div class=\"elementor-container elementor-column-gap-no\">\n\t\t\t\t\t<div class=\"elementor-column elementor-col-100 elementor-inner-column elementor-element elementor-element-458c4d8\" data-id=\"458c4d8\" data-element_type=\"column\" data-e-type=\"column\">\n\t\t\t<div class=\"elementor-widget-wrap elementor-element-populated\">\n\t\t\t\t\t\t<div class=\"elementor-element elementor-element-7f92a0c7 elementor-widget elementor-widget-heading\" data-id=\"7f92a0c7\" data-element_type=\"widget\" data-e-type=\"widget\" data-widget_type=\"heading.default\">\n\t\t\t\t<div class=\"elementor-widget-container\">\n\t\t\t\t\t<h1 class=\"elementor-heading-title elementor-size-default\">Qualidade<\/h1>\t\t\t\t<\/div>\n\t\t\t\t<\/div>\n\t\t\t\t\t<\/div>\n\t\t<\/div>\n\t\t\t\t\t<\/div>\n\t\t<\/section>\n\t\t\t\t\t<\/div>\n\t\t<\/div>\n\t\t\t\t<div class=\"elementor-column elementor-col-50 elementor-top-column elementor-element elementor-element-638167e3\" data-id=\"638167e3\" data-element_type=\"column\" data-e-type=\"column\">\n\t\t\t<div class=\"elementor-widget-wrap elementor-element-populated\">\n\t\t\t\t\t\t<div class=\"elementor-element elementor-element-46040208 animated-fast elementor-invisible elementor-widget elementor-widget-image\" data-id=\"46040208\" data-element_type=\"widget\" data-e-type=\"widget\" data-settings=\"{&quot;_animation&quot;:&quot;fadeInLeft&quot;,&quot;_animation_mobile&quot;:&quot;none&quot;}\" data-widget_type=\"image.default\">\n\t\t\t\t<div class=\"elementor-widget-container\">\n\t\t\t\t\t\t\t\t\t\t\t\t\t\t\t<img decoding=\"async\" width=\"2560\" height=\"1706\" src=\"https:\/\/i0.wp.com\/sso2.com\/wp-content\/uploads\/2021\/04\/shutterstock_535330705-scaled.jpg?fit=2560%2C1706&amp;ssl=1\" class=\"attachment-full size-full wp-image-1608\" alt=\"\" srcset=\"https:\/\/i0.wp.com\/sso2.com\/wp-content\/uploads\/2021\/04\/shutterstock_535330705-scaled.jpg?w=2560&amp;ssl=1 2560w, https:\/\/i0.wp.com\/sso2.com\/wp-content\/uploads\/2021\/04\/shutterstock_535330705-scaled.jpg?resize=300%2C200&amp;ssl=1 300w, https:\/\/i0.wp.com\/sso2.com\/wp-content\/uploads\/2021\/04\/shutterstock_535330705-scaled.jpg?resize=1024%2C682&amp;ssl=1 1024w, https:\/\/i0.wp.com\/sso2.com\/wp-content\/uploads\/2021\/04\/shutterstock_535330705-scaled.jpg?resize=768%2C512&amp;ssl=1 768w, https:\/\/i0.wp.com\/sso2.com\/wp-content\/uploads\/2021\/04\/shutterstock_535330705-scaled.jpg?resize=1536%2C1024&amp;ssl=1 1536w, https:\/\/i0.wp.com\/sso2.com\/wp-content\/uploads\/2021\/04\/shutterstock_535330705-scaled.jpg?resize=2048%2C1365&amp;ssl=1 2048w, https:\/\/i0.wp.com\/sso2.com\/wp-content\/uploads\/2021\/04\/shutterstock_535330705-scaled.jpg?resize=600%2C400&amp;ssl=1 600w, https:\/\/i0.wp.com\/sso2.com\/wp-content\/uploads\/2021\/04\/shutterstock_535330705-scaled.jpg?w=1600&amp;ssl=1 1600w, https:\/\/i0.wp.com\/sso2.com\/wp-content\/uploads\/2021\/04\/shutterstock_535330705-scaled.jpg?w=2400&amp;ssl=1 2400w\" sizes=\"(max-width: 800px) 100vw, 800px\" \/>\t\t\t\t\t\t\t\t\t\t\t\t\t\t\t<\/div>\n\t\t\t\t<\/div>\n\t\t\t\t\t<\/div>\n\t\t<\/div>\n\t\t\t\t\t<\/div>\n\t\t<\/section>\n\t\t<div class=\"elementor-element elementor-element-6c584108 e-flex e-con-boxed e-con e-parent\" data-id=\"6c584108\" data-element_type=\"container\" data-e-type=\"container\">\n\t\t\t\t\t<div class=\"e-con-inner\">\n\t\t\t\t<div class=\"elementor-element elementor-element-e8b0d22 elementor-widget elementor-widget-text-editor\" data-id=\"e8b0d22\" data-element_type=\"widget\" data-e-type=\"widget\" data-widget_type=\"text-editor.default\">\n\t\t\t\t<div class=\"elementor-widget-container\">\n\t\t\t\t\t\t\t\t\t<p><strong>Pol\u00edtica de qualidade<\/strong><\/p><p>A Southland Sensing Ltd. compromete-se a fornecer produtos de qualidade atempadamente, que cumpram e excedam as expectativas do cliente e os requisitos legais aplic\u00e1veis. A Southland Sensing Ltd. compromete-se a manter a efic\u00e1cia do SGQ e a melhor\u00e1-lo continuamente.<\/p><p><strong>Miss\u00e3o:<\/strong><\/p><p>De modo geral, e no cerne desta miss\u00e3o, est\u00e1 fornecer produtos utilizados para monitorizar um processo de fabrico, bem como para a seguran\u00e7a pessoal.<\/p><p><strong>Vis\u00e3o e Valores:<\/strong><\/p><p>Muitos dos nossos utilizadores finais s\u00e3o organiza\u00e7\u00f5es que colocam \u00eanfase na qualidade e fiabilidade por v\u00e1rias raz\u00f5es, incluindo a seguran\u00e7a dos funcion\u00e1rios, normas internacionais, requisitos legais, aumento de lucros e quest\u00f5es de responsabilidade legal.<\/p><p><strong>Documenta\u00e7\u00e3o de Qualidade:<\/strong><\/p><ul><li><a href=\"https:\/\/sso2.com\/wp-content\/uploads\/2024\/04\/iso9001_2015_certification_sso2_2024.pdf\">Certificado<\/a><\/li><li><a href=\"https:\/\/sso2.com\/wp-content\/uploads\/2025\/03\/iso13485_2016_2028.pdf\">\u0421\u0435\u0440\u0442\u0438\u0444\u0438\u043a\u0430\u0442 ISO 13485:2016<\/a><\/li><li><a href=\"https:\/\/sso2.com\/wp-content\/uploads\/2025\/03\/rohs_reach-compliance.pdf\">RoHS and REACH Certificate of Compliance<\/a><\/li><\/ul><p><strong>\u0421\u0435\u0440\u0442\u0438\u0444\u0438\u043a\u0430\u0446\u0438\u044f \u043f\u0440\u043e\u0434\u0443\u043a\u0446\u0438\u0438:<\/strong><\/p><ul><li><a href=\"https:\/\/sso2.com\/pt\/iecex_exv_23.0038\/\">\u041e\u043d\u043b\u0430\u0439\u043d-\u0430\u043d\u0430\u043b\u0438\u0437\u0430\u0442\u043e\u0440 \u0441\u0435\u0440\u0438\u0438 IECEx 625<\/a><\/li><li><a href=\"https:\/\/sso2.com\/pt\/exveritas-23atex1653x-issue-0\/\">\u041e\u043d\u043b\u0430\u0439\u043d-\u0430\u043d\u0430\u043b\u0438\u0437\u0430\u0442\u043e\u0440 \u0441\u0435\u0440\u0438\u0438 IECEx 625<\/a><\/li><li><a href=\"https:\/\/sso2.com\/wp-content\/uploads\/2024\/09\/peso-certificate-southland-625-series-.pdf\" target=\"_blank\" rel=\"noopener\">\u041e\u043d\u043b\u0430\u0439\u043d-\u0430\u043d\u0430\u043b\u0438\u0437\u0430\u0442\u043e\u0440 \u0441\u0435\u0440\u0438\u0438 IECEx 625<\/a><\/li><\/ul><p><strong>Declara\u00e7\u00e3o de Conformidade<\/strong><\/p><ul><li><a href=\"https:\/\/sso2.com\/wp-content\/uploads\/2025\/04\/declaration-of-conformity_medical.pdf\">\u0414\u0435\u043a\u043b\u0430\u0440\u0430\u0446\u0438\u044f \u0441\u043e\u043e\u0442\u0432\u0435\u0442\u0441\u0442\u0432\u0438\u044f \u2013 \u041c\u0435\u0434\u0438\u0446\u0438\u043d\u0441\u043a\u0438\u0435 \u0438\u0437\u0434\u0435\u043b\u0438\u044f<\/a><\/li><li><a href=\"https:\/\/sso2.com\/wp-content\/uploads\/2025\/04\/625_series_declaration_of_conformity_ex.pdf\">Declara\u00e7\u00e3o de Conformidade (UE) \u2013 Analisador S\u00e9rie 625<\/a><\/li><\/ul><p><strong>\u041f\u0430\u0441\u043f\u043e\u0440\u0442\u0430 \u0431\u0435\u0437\u043e\u043f\u0430\u0441\u043d\u043e\u0441\u0442\u0438 \u043c\u0430\u0442\u0435\u0440\u0438\u0430\u043b\u043e\u0432 (SDS):<\/strong><\/p><ul><li><a href=\"https:\/\/sso2.com\/wp-content\/uploads\/2021\/04\/msds_electrochemical_sensors.pdf\">Sensores industriais de oxig\u00e9nio eletroqu\u00edmicos<\/a><\/li><li><a href=\"https:\/\/sso2.com\/wp-content\/uploads\/2025\/03\/sds_oxygen-sensor_oks.pdf\">Sensores m\u00e9dicos de oxig\u00e9nio eletroqu\u00edmicos<\/a><\/li><\/ul>\t\t\t\t\t\t\t\t<\/div>\n\t\t\t\t<\/div>\n\t\t\t\t\t<\/div>\n\t\t\t\t<\/div>\n\t\t\t\t<\/div>","protected":false},"excerpt":{"rendered":"<p>Home Quality Policy: Southland Sensing Ltd. is committed to provide quality products on time that comply and exceed customer and applicable legal expectations.\u00a0 Southland Sensing Ltd. is committed to maintain the effectiveness of and continually improve the QMS. Mission: In general, and at the heart of this mission is to provide products that are used [&hellip;]<\/p>\n","protected":false},"author":6,"featured_media":0,"parent":0,"menu_order":0,"comment_status":"closed","ping_status":"closed","template":"elementor_header_footer","meta":{"footnotes":""},"class_list":["post-1178","page","type-page","status-publish","hentry"],"yoast_head":"<!-- This site is optimized with the Yoast SEO Premium plugin v27.2 (Yoast SEO v27.2) - https:\/\/yoast.com\/product\/yoast-seo-premium-wordpress\/ -->\n<title>Quality Policy | SSO2\u2019s Commitment to Accuracy &amp; Reliability<\/title>\n<meta name=\"description\" content=\"SSO2 ensures the highest quality standards in gas analysis and oxygen sensor manufacturing through strict quality control and testing.\" \/>\n<meta name=\"robots\" content=\"index, follow, max-snippet:-1, max-image-preview:large, max-video-preview:-1\" \/>\n<link rel=\"canonical\" href=\"https:\/\/sso2.com\/pt\/quality-policy\/\" \/>\n<meta property=\"og:locale\" content=\"pt_PT\" \/>\n<meta property=\"og:type\" content=\"article\" \/>\n<meta property=\"og:title\" content=\"Quality\" \/>\n<meta property=\"og:description\" content=\"SSO2 ensures the highest quality standards in gas analysis and oxygen sensor manufacturing through strict quality control and testing.\" \/>\n<meta property=\"og:url\" content=\"https:\/\/sso2.com\/pt\/quality-policy\/\" \/>\n<meta property=\"og:site_name\" content=\"Southland Sensing Ltd.\" \/>\n<meta property=\"article:modified_time\" content=\"2025-10-10T18:39:36+00:00\" \/>\n<meta property=\"og:image\" content=\"https:\/\/sso2.com\/wp-content\/uploads\/2021\/04\/shutterstock_535330705-scaled.jpg\" \/>\n<meta name=\"twitter:card\" content=\"summary_large_image\" \/>\n<meta name=\"twitter:label1\" content=\"Tempo estimado de leitura\" \/>\n\t<meta name=\"twitter:data1\" content=\"1 minuto\" \/>\n<script type=\"application\/ld+json\" class=\"yoast-schema-graph\">{\"@context\":\"https:\/\/schema.org\",\"@graph\":[{\"@type\":\"WebPage\",\"@id\":\"https:\/\/sso2.com\/quality-policy\/\",\"url\":\"https:\/\/sso2.com\/quality-policy\/\",\"name\":\"Quality Policy | SSO2\u2019s Commitment to Accuracy & Reliability\",\"isPartOf\":{\"@id\":\"https:\/\/sso2.com\/#website\"},\"primaryImageOfPage\":{\"@id\":\"https:\/\/sso2.com\/quality-policy\/#primaryimage\"},\"image\":{\"@id\":\"https:\/\/sso2.com\/quality-policy\/#primaryimage\"},\"thumbnailUrl\":\"https:\/\/sso2.com\/wp-content\/uploads\/2021\/04\/shutterstock_535330705-scaled.jpg\",\"datePublished\":\"2020-12-14T23:17:13+00:00\",\"dateModified\":\"2025-10-10T18:39:36+00:00\",\"description\":\"SSO2 ensures the highest quality standards in gas analysis and oxygen sensor manufacturing through strict quality control and testing.\",\"breadcrumb\":{\"@id\":\"https:\/\/sso2.com\/quality-policy\/#breadcrumb\"},\"inLanguage\":\"pt-PT\",\"potentialAction\":[{\"@type\":\"ReadAction\",\"target\":[\"https:\/\/sso2.com\/quality-policy\/\"]}]},{\"@type\":\"ImageObject\",\"inLanguage\":\"pt-PT\",\"@id\":\"https:\/\/sso2.com\/quality-policy\/#primaryimage\",\"url\":\"https:\/\/sso2.com\/wp-content\/uploads\/2021\/04\/shutterstock_535330705-scaled.jpg\",\"contentUrl\":\"https:\/\/sso2.com\/wp-content\/uploads\/2021\/04\/shutterstock_535330705-scaled.jpg\"},{\"@type\":\"BreadcrumbList\",\"@id\":\"https:\/\/sso2.com\/quality-policy\/#breadcrumb\",\"itemListElement\":[{\"@type\":\"ListItem\",\"position\":1,\"name\":\"Home\",\"item\":\"https:\/\/sso2.com\/en\/\"},{\"@type\":\"ListItem\",\"position\":2,\"name\":\"Quality\"}]},{\"@type\":\"WebSite\",\"@id\":\"https:\/\/sso2.com\/#website\",\"url\":\"https:\/\/sso2.com\/\",\"name\":\"Southland Sensing Ltd.\",\"description\":\"Industrial &amp; Medical Gas Analyzers Oxygen CO\u2082, &amp; H\u2082 Monitors\",\"publisher\":{\"@id\":\"https:\/\/sso2.com\/#organization\"},\"alternateName\":\"SSO2\",\"potentialAction\":[{\"@type\":\"SearchAction\",\"target\":{\"@type\":\"EntryPoint\",\"urlTemplate\":\"https:\/\/sso2.com\/?s={search_term_string}\"},\"query-input\":{\"@type\":\"PropertyValueSpecification\",\"valueRequired\":true,\"valueName\":\"search_term_string\"}}],\"inLanguage\":\"pt-PT\"},{\"@type\":\"Organization\",\"@id\":\"https:\/\/sso2.com\/#organization\",\"name\":\"Southland Sensing Ltd.\",\"alternateName\":\"SSO2\",\"url\":\"https:\/\/sso2.com\/\",\"logo\":{\"@type\":\"ImageObject\",\"inLanguage\":\"pt-PT\",\"@id\":\"https:\/\/sso2.com\/#\/schema\/logo\/image\/\",\"url\":\"https:\/\/sso2.com\/wp-content\/uploads\/2025\/10\/sso2_300pixel.webp\",\"contentUrl\":\"https:\/\/sso2.com\/wp-content\/uploads\/2025\/10\/sso2_300pixel.webp\",\"width\":300,\"height\":50,\"caption\":\"Southland Sensing Ltd.\"},\"image\":{\"@id\":\"https:\/\/sso2.com\/#\/schema\/logo\/image\/\"},\"sameAs\":[\"https:\/\/www.linkedin.com\/company\/southland-sensing-ltd\/\"],\"description\":\"Southland Sensing Ltd. brings together superior performance, an improved user experience, and unmatched application expertise to deliver an accurate and reliable measurement solution. That\u2019s why multinationals, small companies and universities alike turn to us again and again.\",\"email\":\"sales@sso2.com\",\"telephone\":\"1-949-398-2879\",\"legalName\":\"Southland Sensing Ltd.\",\"foundingDate\":\"2013-01-01\",\"numberOfEmployees\":{\"@type\":\"QuantitativeValue\",\"minValue\":\"11\",\"maxValue\":\"50\"},\"publishingPrinciples\":\"https:\/\/sso2.com\/contact-us\/\",\"ownershipFundingInfo\":\"https:\/\/sso2.com\/about-us\/\",\"actionableFeedbackPolicy\":\"https:\/\/sso2.com\/contact-us\/\"}]}<\/script>\n<!-- \/ Yoast SEO Premium plugin. -->","yoast_head_json":{"title":"Pol\u00edtica de Qualidade | Compromisso da SSO2 com a Precis\u00e3o e Fiabilidade","description":"A SSO2 garante os mais elevados padr\u00f5es de qualidade na an\u00e1lise de gases e no fabrico de sensores de oxig\u00e9nio atrav\u00e9s de um rigoroso controlo de qualidade e testes.","robots":{"index":"index","follow":"follow","max-snippet":"max-snippet:-1","max-image-preview":"max-image-preview:large","max-video-preview":"max-video-preview:-1"},"canonical":"https:\/\/sso2.com\/pt\/quality-policy\/","og_locale":"pt_PT","og_type":"article","og_title":"Quality","og_description":"SSO2 ensures the highest quality standards in gas analysis and oxygen sensor manufacturing through strict quality control and testing.","og_url":"https:\/\/sso2.com\/pt\/quality-policy\/","og_site_name":"Southland Sensing Ltd.","article_modified_time":"2025-10-10T18:39:36+00:00","og_image":[{"url":"https:\/\/sso2.com\/wp-content\/uploads\/2021\/04\/shutterstock_535330705-scaled.jpg","type":"","width":"","height":""}],"twitter_card":"summary_large_image","twitter_misc":{"Tempo estimado de leitura":"1 minuto"},"schema":{"@context":"https:\/\/schema.org","@graph":[{"@type":"WebPage","@id":"https:\/\/sso2.com\/quality-policy\/","url":"https:\/\/sso2.com\/quality-policy\/","name":"Pol\u00edtica de Qualidade | Compromisso da SSO2 com a Precis\u00e3o e Fiabilidade","isPartOf":{"@id":"https:\/\/sso2.com\/#website"},"primaryImageOfPage":{"@id":"https:\/\/sso2.com\/quality-policy\/#primaryimage"},"image":{"@id":"https:\/\/sso2.com\/quality-policy\/#primaryimage"},"thumbnailUrl":"https:\/\/sso2.com\/wp-content\/uploads\/2021\/04\/shutterstock_535330705-scaled.jpg","datePublished":"2020-12-14T23:17:13+00:00","dateModified":"2025-10-10T18:39:36+00:00","description":"A SSO2 garante os mais elevados padr\u00f5es de qualidade na an\u00e1lise de gases e no fabrico de sensores de oxig\u00e9nio atrav\u00e9s de um rigoroso controlo de qualidade e testes.","breadcrumb":{"@id":"https:\/\/sso2.com\/quality-policy\/#breadcrumb"},"inLanguage":"pt-PT","potentialAction":[{"@type":"ReadAction","target":["https:\/\/sso2.com\/quality-policy\/"]}]},{"@type":"ImageObject","inLanguage":"pt-PT","@id":"https:\/\/sso2.com\/quality-policy\/#primaryimage","url":"https:\/\/sso2.com\/wp-content\/uploads\/2021\/04\/shutterstock_535330705-scaled.jpg","contentUrl":"https:\/\/sso2.com\/wp-content\/uploads\/2021\/04\/shutterstock_535330705-scaled.jpg"},{"@type":"BreadcrumbList","@id":"https:\/\/sso2.com\/quality-policy\/#breadcrumb","itemListElement":[{"@type":"ListItem","position":1,"name":"Home","item":"https:\/\/sso2.com\/en\/"},{"@type":"ListItem","position":2,"name":"Quality"}]},{"@type":"WebSite","@id":"https:\/\/sso2.com\/#website","url":"https:\/\/sso2.com\/","name":"Southland Sensing Ltd.","description":"Industrial &amp; Medical Gas Analyzers Oxygen CO\u2082, &amp; H\u2082 Monitors","publisher":{"@id":"https:\/\/sso2.com\/#organization"},"alternateName":"SSO2","potentialAction":[{"@type":"SearchAction","target":{"@type":"EntryPoint","urlTemplate":"https:\/\/sso2.com\/?s={search_term_string}"},"query-input":{"@type":"PropertyValueSpecification","valueRequired":true,"valueName":"search_term_string"}}],"inLanguage":"pt-PT"},{"@type":"Organization","@id":"https:\/\/sso2.com\/#organization","name":"Southland Sensing Ltd.","alternateName":"SSO2","url":"https:\/\/sso2.com\/","logo":{"@type":"ImageObject","inLanguage":"pt-PT","@id":"https:\/\/sso2.com\/#\/schema\/logo\/image\/","url":"https:\/\/sso2.com\/wp-content\/uploads\/2025\/10\/sso2_300pixel.webp","contentUrl":"https:\/\/sso2.com\/wp-content\/uploads\/2025\/10\/sso2_300pixel.webp","width":300,"height":50,"caption":"Southland Sensing Ltd."},"image":{"@id":"https:\/\/sso2.com\/#\/schema\/logo\/image\/"},"sameAs":["https:\/\/www.linkedin.com\/company\/southland-sensing-ltd\/"],"description":"Southland Sensing Ltd. brings together superior performance, an improved user experience, and unmatched application expertise to deliver an accurate and reliable measurement solution. That\u2019s why multinationals, small companies and universities alike turn to us again and again.","email":"sales@sso2.com","telephone":"1-949-398-2879","legalName":"Southland Sensing Ltd.","foundingDate":"2013-01-01","numberOfEmployees":{"@type":"QuantitativeValue","minValue":"11","maxValue":"50"},"publishingPrinciples":"https:\/\/sso2.com\/contact-us\/","ownershipFundingInfo":"https:\/\/sso2.com\/about-us\/","actionableFeedbackPolicy":"https:\/\/sso2.com\/contact-us\/"}]}},"jetpack_sharing_enabled":true,"jetpack_shortlink":"https:\/\/wp.me\/PaSzwI-j0","_links":{"self":[{"href":"https:\/\/sso2.com\/pt\/wp-json\/wp\/v2\/pages\/1178","targetHints":{"allow":["GET"]}}],"collection":[{"href":"https:\/\/sso2.com\/pt\/wp-json\/wp\/v2\/pages"}],"about":[{"href":"https:\/\/sso2.com\/pt\/wp-json\/wp\/v2\/types\/page"}],"author":[{"embeddable":true,"href":"https:\/\/sso2.com\/pt\/wp-json\/wp\/v2\/users\/6"}],"replies":[{"embeddable":true,"href":"https:\/\/sso2.com\/pt\/wp-json\/wp\/v2\/comments?post=1178"}],"version-history":[{"count":0,"href":"https:\/\/sso2.com\/pt\/wp-json\/wp\/v2\/pages\/1178\/revisions"}],"wp:attachment":[{"href":"https:\/\/sso2.com\/pt\/wp-json\/wp\/v2\/media?parent=1178"}],"curies":[{"name":"wp","href":"https:\/\/api.w.org\/{rel}","templated":true}]}}