{"id":862,"date":"2019-05-07T17:24:48","date_gmt":"2019-05-07T17:24:48","guid":{"rendered":"https:\/\/demo.activebizsolutions.com\/?post_type=product&#038;p=862"},"modified":"2025-11-19T12:27:10","modified_gmt":"2025-11-19T12:27:10","slug":"portable-trace-hydrogen-sulfide-analyzer-ce","status":"publish","type":"product","link":"https:\/\/sso2.com\/it\/product\/portable-trace-hydrogen-sulfide-analyzer-ce\/","title":{"rendered":"Analizzatore portatile di idrogeno solforato di traccia H2S-740"},"content":{"rendered":"<p>L'analizzatore portatile di idrogeno solforato H2S-740 combina un robusto involucro in alluminio anodizzato e una serie di funzioni elettroniche avanzate, tra cui un'interfaccia MENU intelligente, con la tecnologia del sensore di precisione SSO2.  Il risultato \u00e8 un design altamente affidabile ed economico con un'interfaccia utente di facile utilizzo.<\/p>\n<ul>\n<li>Custodia: Alluminio anodizzato; portatile<\/li>\n<li>Gamme standard: 0 - 10\/50\/100\/200 PPM<\/li>\n<li>Gamme opzionali: 0 - 100\/500\/1000\/2000 PPM<\/li>\n<li>Gamme opzionali: 0 - 1000\/2000\/5000\/10000 PPM<\/li>\n<li>Risoluzione: 0,01 PPM, 0,1 PPM o 1 PPM<\/li>\n<li>Alimentazione in ingresso: 100 - 240 VCA con spina internazionale<\/li>\n<li>Uscita analogica: 0 - 1V DC<\/li>\n<li>Registrazione dei dati: Unit\u00e0 flash USB rimovibile<\/li>\n<li>Pompa di campionamento integrata opzionale<\/li>\n<\/ul>\n<p>L'interfaccia intelligente MENU integrata consente all'utente di configurare completamente l'analizzatore attraverso il sistema MENU di bordo.  Non \u00e8 necessario un computer portatile o un altro dispositivo di controllo per configurare l'analizzatore sul campo.<\/p>\n<p>Il sensore H2S si basa sul principio della cella a combustibile elettrochimica galvanica.  I sensori sono autonomi e richiedono una manutenzione minima: non \u00e8 necessario pulire gli elettrodi o aggiungere elettroliti.  I sensori di precisione offrono prestazioni, accuratezza e stabilit\u00e0 eccellenti, massimizzando la durata prevista.  L'analizzatore viene fornito con 3 sensori opzionali: l'H2S-1x ha quattro gamme 0 - 10 ppm, 0 - 50 ppm, 0 - 100 ppm, 0 - 200 ppm.  L'H2S-2x ha un range di 0 - 100 ppm, 0 - 500 ppm, 0 - 1000 ppm e 0 - 2000 ppm. Il modello H2S-3x ha 0 - 1000 ppm, 0 - 2000 ppm, 0 - 5000 ppm e 0 - 10000 ppm.<\/p>\n<p>Un'unit\u00e0 flash USB rimovibile per la registrazione dei dati tramite il formato file .CSV (Excel). Con un'unit\u00e0 flash USB da 8 GB, \u00e8 possibile registrare dati a intervalli di 1 minuto per circa 50 anni prima di esaurire la memoria. L'avanzato set di funzioni elettroniche e la flessibilit\u00e0 di accesso ai dati rendono questo analizzatore ineguagliabile sul mercato.<\/p>\n<p>Il display dell'analizzatore \u00e8 progettato per essere utilizzato alla luce diretta del sole. Non \u00e8 necessario portare un paralume o altri metodi per vedere lo schermo.<\/p>\n<p>L'analizzatore \u00e8 dotato di un sistema di campionamento integrato che comprende una manopola di controllo del flusso e un indicatore di flusso.  L'ingresso del gas avviene tramite un raccordo per tubo di compressione da 1\/8\u2033.<\/p>","protected":false},"excerpt":{"rendered":"<p>The H2S-740 Portable Hydrogen Sulfide analyzer combine a rugged anodized aluminum enclosure and an advanced set of electronic features including a smart MENU interface with our SSO2&#8217;s precision sensor technology.\u00a0 The result is a highly reliable and cost effective design with easy-to-use user interface. Enclosure: Anodized Aluminum; Portable Standard Ranges: 0 \u2013 10\/50\/100\/200 PPM Optional [&hellip;]<\/p>\n","protected":false},"featured_media":3941,"comment_status":"open","ping_status":"closed","template":"","meta":[],"product_brand":[],"product_cat":[26],"product_tag":[],"class_list":{"0":"post-862","1":"product","2":"type-product","3":"status-publish","4":"has-post-thumbnail","6":"product_cat-industrial-oxygen-analyzers","8":"first","9":"instock","10":"shipping-taxable","11":"product-type-external"},"yoast_head":"<!-- This site is optimized with the Yoast SEO Premium plugin v27.4 (Yoast SEO v27.4) - https:\/\/yoast.com\/product\/yoast-seo-premium-wordpress\/ -->\n<title>H2S-740 Portable Trace H2S Analyzer | Gas Detector<\/title>\n<meta name=\"description\" content=\"The H2S-740 is a portable analyzer for trace hydrogen sulfide (H2S). Reliable gas detection for ambient air and deficient atmosphere monitoring.\" \/>\n<meta name=\"robots\" content=\"index, follow, max-snippet:-1, max-image-preview:large, max-video-preview:-1\" \/>\n<link rel=\"canonical\" href=\"https:\/\/sso2.com\/it\/prodotto\/portable-trace-hydrogen-sulfide-analyzer-ce\/\" \/>\n<meta property=\"og:locale\" content=\"it_IT\" \/>\n<meta property=\"og:type\" content=\"article\" \/>\n<meta property=\"og:title\" content=\"H2S-740 Portable Trace Hydrogen Sulfide Analyzer\" \/>\n<meta property=\"og:description\" content=\"The H2S-740 is a portable analyzer for trace hydrogen sulfide (H2S). Reliable gas detection for ambient air and deficient atmosphere monitoring.\" \/>\n<meta property=\"og:url\" content=\"https:\/\/sso2.com\/it\/prodotto\/portable-trace-hydrogen-sulfide-analyzer-ce\/\" \/>\n<meta property=\"og:site_name\" content=\"Southland Sensing Ltd.\" \/>\n<meta property=\"article:modified_time\" content=\"2025-11-19T12:27:10+00:00\" \/>\n<meta property=\"og:image\" content=\"https:\/\/sso2.com\/wp-content\/uploads\/2025\/07\/h2s-740.png\" \/>\n\t<meta property=\"og:image:width\" content=\"334\" \/>\n\t<meta property=\"og:image:height\" content=\"412\" \/>\n\t<meta property=\"og:image:type\" content=\"image\/png\" \/>\n<meta name=\"twitter:card\" content=\"summary_large_image\" \/>\n<meta name=\"twitter:label1\" content=\"Prezzo\" \/>\n\t<meta name=\"twitter:data1\" content=\"\" \/>\n\t<meta name=\"twitter:label2\" content=\"Disponibilit\u00e0\" \/>\n\t<meta name=\"twitter:data2\" content=\"In stock\" \/>\n<script type=\"application\/ld+json\" class=\"yoast-schema-graph\">{\"@context\":\"https:\\\/\\\/schema.org\",\"@graph\":[{\"@type\":\"WebPage\",\"@id\":\"https:\\\/\\\/sso2.com\\\/product\\\/portable-trace-hydrogen-sulfide-analyzer-ce\\\/\",\"url\":\"https:\\\/\\\/sso2.com\\\/product\\\/portable-trace-hydrogen-sulfide-analyzer-ce\\\/\",\"name\":\"H2S-740 Portable Trace H2S Analyzer | Gas Detector\",\"isPartOf\":{\"@id\":\"https:\\\/\\\/sso2.com\\\/#website\"},\"primaryImageOfPage\":{\"@id\":\"https:\\\/\\\/sso2.com\\\/product\\\/portable-trace-hydrogen-sulfide-analyzer-ce\\\/#primaryimage\"},\"image\":{\"@id\":\"https:\\\/\\\/sso2.com\\\/product\\\/portable-trace-hydrogen-sulfide-analyzer-ce\\\/#primaryimage\"},\"thumbnailUrl\":\"https:\\\/\\\/i0.wp.com\\\/sso2.com\\\/wp-content\\\/uploads\\\/2025\\\/07\\\/h2s-740.png?fit=334%2C412&ssl=1\",\"datePublished\":\"2019-05-07T17:24:48+00:00\",\"dateModified\":\"2025-11-19T12:27:10+00:00\",\"description\":\"The H2S-740 is a portable analyzer for trace hydrogen sulfide (H2S). Reliable gas detection for ambient air and deficient atmosphere monitoring.\",\"breadcrumb\":{\"@id\":\"https:\\\/\\\/sso2.com\\\/product\\\/portable-trace-hydrogen-sulfide-analyzer-ce\\\/#breadcrumb\"},\"inLanguage\":\"it-IT\",\"potentialAction\":[{\"@type\":\"ReadAction\",\"target\":[\"https:\\\/\\\/sso2.com\\\/product\\\/portable-trace-hydrogen-sulfide-analyzer-ce\\\/\"]}]},{\"@type\":\"ImageObject\",\"inLanguage\":\"it-IT\",\"@id\":\"https:\\\/\\\/sso2.com\\\/product\\\/portable-trace-hydrogen-sulfide-analyzer-ce\\\/#primaryimage\",\"url\":\"https:\\\/\\\/i0.wp.com\\\/sso2.com\\\/wp-content\\\/uploads\\\/2025\\\/07\\\/h2s-740.png?fit=334%2C412&ssl=1\",\"contentUrl\":\"https:\\\/\\\/i0.wp.com\\\/sso2.com\\\/wp-content\\\/uploads\\\/2025\\\/07\\\/h2s-740.png?fit=334%2C412&ssl=1\",\"width\":334,\"height\":412},{\"@type\":\"BreadcrumbList\",\"@id\":\"https:\\\/\\\/sso2.com\\\/product\\\/portable-trace-hydrogen-sulfide-analyzer-ce\\\/#breadcrumb\",\"itemListElement\":[{\"@type\":\"ListItem\",\"position\":1,\"name\":\"Home\",\"item\":\"https:\\\/\\\/sso2.com\\\/en\\\/\"},{\"@type\":\"ListItem\",\"position\":2,\"name\":\"Shop\",\"item\":\"https:\\\/\\\/sso2.com\\\/shop\\\/\"},{\"@type\":\"ListItem\",\"position\":3,\"name\":\"H2S-740 Portable Trace Hydrogen Sulfide Analyzer\"}]},{\"@type\":\"WebSite\",\"@id\":\"https:\\\/\\\/sso2.com\\\/#website\",\"url\":\"https:\\\/\\\/sso2.com\\\/\",\"name\":\"Southland Sensing Ltd.\",\"description\":\"Industrial &amp; Medical Gas Analyzers Oxygen CO\u2082, &amp; H\u2082 Monitors\",\"publisher\":{\"@id\":\"https:\\\/\\\/sso2.com\\\/#organization\"},\"alternateName\":\"SSO2\",\"potentialAction\":[{\"@type\":\"SearchAction\",\"target\":{\"@type\":\"EntryPoint\",\"urlTemplate\":\"https:\\\/\\\/sso2.com\\\/?s={search_term_string}\"},\"query-input\":{\"@type\":\"PropertyValueSpecification\",\"valueRequired\":true,\"valueName\":\"search_term_string\"}}],\"inLanguage\":\"it-IT\"},{\"@type\":\"Organization\",\"@id\":\"https:\\\/\\\/sso2.com\\\/#organization\",\"name\":\"Southland Sensing Ltd.\",\"alternateName\":\"SSO2\",\"url\":\"https:\\\/\\\/sso2.com\\\/\",\"logo\":{\"@type\":\"ImageObject\",\"inLanguage\":\"it-IT\",\"@id\":\"https:\\\/\\\/sso2.com\\\/#\\\/schema\\\/logo\\\/image\\\/\",\"url\":\"https:\\\/\\\/sso2.com\\\/wp-content\\\/uploads\\\/2025\\\/10\\\/sso2_300pixel.webp\",\"contentUrl\":\"https:\\\/\\\/sso2.com\\\/wp-content\\\/uploads\\\/2025\\\/10\\\/sso2_300pixel.webp\",\"width\":300,\"height\":50,\"caption\":\"Southland Sensing Ltd.\"},\"image\":{\"@id\":\"https:\\\/\\\/sso2.com\\\/#\\\/schema\\\/logo\\\/image\\\/\"},\"sameAs\":[\"https:\\\/\\\/www.linkedin.com\\\/company\\\/southland-sensing-ltd\\\/\"],\"description\":\"Southland Sensing Ltd. brings together superior performance, an improved user experience, and unmatched application expertise to deliver an accurate and reliable measurement solution. That\u2019s why multinationals, small companies and universities alike turn to us again and again.\",\"email\":\"sales@sso2.com\",\"telephone\":\"1-949-398-2879\",\"legalName\":\"Southland Sensing Ltd.\",\"foundingDate\":\"2013-01-01\",\"numberOfEmployees\":{\"@type\":\"QuantitativeValue\",\"minValue\":\"11\",\"maxValue\":\"50\"},\"publishingPrinciples\":\"https:\\\/\\\/sso2.com\\\/contact-us\\\/\",\"ownershipFundingInfo\":\"https:\\\/\\\/sso2.com\\\/about-us\\\/\",\"actionableFeedbackPolicy\":\"https:\\\/\\\/sso2.com\\\/contact-us\\\/\"}]}<\/script>\n<meta property=\"product:price:currency\" content=\"USD\" \/>\n<meta property=\"og:availability\" content=\"instock\" \/>\n<meta property=\"product:availability\" content=\"instock\" \/>\n<meta property=\"product:condition\" content=\"new\" \/>\n<!-- \/ Yoast SEO Premium plugin. -->","yoast_head_json":{"title":"Analizzatore portatile di tracce di H2S H2S-740 | Rilevatore di gas","description":"L'H2S-740 \u00e8 un analizzatore portatile per tracce di idrogeno solforato (H2S). Rilevamento affidabile di gas per aria ambiente e monitoraggio di atmosfere carenti.","robots":{"index":"index","follow":"follow","max-snippet":"max-snippet:-1","max-image-preview":"max-image-preview:large","max-video-preview":"max-video-preview:-1"},"canonical":"https:\/\/sso2.com\/it\/prodotto\/portable-trace-hydrogen-sulfide-analyzer-ce\/","og_locale":"it_IT","og_type":"article","og_title":"H2S-740 Portable Trace Hydrogen Sulfide Analyzer","og_description":"The H2S-740 is a portable analyzer for trace hydrogen sulfide (H2S). Reliable gas detection for ambient air and deficient atmosphere monitoring.","og_url":"https:\/\/sso2.com\/it\/prodotto\/portable-trace-hydrogen-sulfide-analyzer-ce\/","og_site_name":"Southland Sensing Ltd.","article_modified_time":"2025-11-19T12:27:10+00:00","og_image":[{"width":334,"height":412,"url":"https:\/\/sso2.com\/wp-content\/uploads\/2025\/07\/h2s-740.png","type":"image\/png"}],"twitter_card":"summary_large_image","twitter_misc":{"Prezzo":"","Disponibilit\u00e0":"In stock"},"schema":{"@context":"https:\/\/schema.org","@graph":[{"@type":"WebPage","@id":"https:\/\/sso2.com\/product\/portable-trace-hydrogen-sulfide-analyzer-ce\/","url":"https:\/\/sso2.com\/product\/portable-trace-hydrogen-sulfide-analyzer-ce\/","name":"Analizzatore portatile di tracce di H2S H2S-740 | Rilevatore di gas","isPartOf":{"@id":"https:\/\/sso2.com\/#website"},"primaryImageOfPage":{"@id":"https:\/\/sso2.com\/product\/portable-trace-hydrogen-sulfide-analyzer-ce\/#primaryimage"},"image":{"@id":"https:\/\/sso2.com\/product\/portable-trace-hydrogen-sulfide-analyzer-ce\/#primaryimage"},"thumbnailUrl":"https:\/\/i0.wp.com\/sso2.com\/wp-content\/uploads\/2025\/07\/h2s-740.png?fit=334%2C412&ssl=1","datePublished":"2019-05-07T17:24:48+00:00","dateModified":"2025-11-19T12:27:10+00:00","description":"L'H2S-740 \u00e8 un analizzatore portatile per tracce di idrogeno solforato (H2S). Rilevamento affidabile di gas per aria ambiente e monitoraggio di atmosfere carenti.","breadcrumb":{"@id":"https:\/\/sso2.com\/product\/portable-trace-hydrogen-sulfide-analyzer-ce\/#breadcrumb"},"inLanguage":"it-IT","potentialAction":[{"@type":"ReadAction","target":["https:\/\/sso2.com\/product\/portable-trace-hydrogen-sulfide-analyzer-ce\/"]}]},{"@type":"ImageObject","inLanguage":"it-IT","@id":"https:\/\/sso2.com\/product\/portable-trace-hydrogen-sulfide-analyzer-ce\/#primaryimage","url":"https:\/\/i0.wp.com\/sso2.com\/wp-content\/uploads\/2025\/07\/h2s-740.png?fit=334%2C412&ssl=1","contentUrl":"https:\/\/i0.wp.com\/sso2.com\/wp-content\/uploads\/2025\/07\/h2s-740.png?fit=334%2C412&ssl=1","width":334,"height":412},{"@type":"BreadcrumbList","@id":"https:\/\/sso2.com\/product\/portable-trace-hydrogen-sulfide-analyzer-ce\/#breadcrumb","itemListElement":[{"@type":"ListItem","position":1,"name":"Home","item":"https:\/\/sso2.com\/en\/"},{"@type":"ListItem","position":2,"name":"Shop","item":"https:\/\/sso2.com\/shop\/"},{"@type":"ListItem","position":3,"name":"H2S-740 Portable Trace Hydrogen Sulfide Analyzer"}]},{"@type":"WebSite","@id":"https:\/\/sso2.com\/#website","url":"https:\/\/sso2.com\/","name":"Southland Sensing Ltd.","description":"Industrial &amp; Medical Gas Analyzers Oxygen CO\u2082, &amp; H\u2082 Monitors","publisher":{"@id":"https:\/\/sso2.com\/#organization"},"alternateName":"SSO2","potentialAction":[{"@type":"SearchAction","target":{"@type":"EntryPoint","urlTemplate":"https:\/\/sso2.com\/?s={search_term_string}"},"query-input":{"@type":"PropertyValueSpecification","valueRequired":true,"valueName":"search_term_string"}}],"inLanguage":"it-IT"},{"@type":"Organization","@id":"https:\/\/sso2.com\/#organization","name":"Southland Sensing Ltd.","alternateName":"SSO2","url":"https:\/\/sso2.com\/","logo":{"@type":"ImageObject","inLanguage":"it-IT","@id":"https:\/\/sso2.com\/#\/schema\/logo\/image\/","url":"https:\/\/sso2.com\/wp-content\/uploads\/2025\/10\/sso2_300pixel.webp","contentUrl":"https:\/\/sso2.com\/wp-content\/uploads\/2025\/10\/sso2_300pixel.webp","width":300,"height":50,"caption":"Southland Sensing Ltd."},"image":{"@id":"https:\/\/sso2.com\/#\/schema\/logo\/image\/"},"sameAs":["https:\/\/www.linkedin.com\/company\/southland-sensing-ltd\/"],"description":"Southland Sensing Ltd. brings together superior performance, an improved user experience, and unmatched application expertise to deliver an accurate and reliable measurement solution. That\u2019s why multinationals, small companies and universities alike turn to us again and again.","email":"sales@sso2.com","telephone":"1-949-398-2879","legalName":"Southland Sensing Ltd.","foundingDate":"2013-01-01","numberOfEmployees":{"@type":"QuantitativeValue","minValue":"11","maxValue":"50"},"publishingPrinciples":"https:\/\/sso2.com\/contact-us\/","ownershipFundingInfo":"https:\/\/sso2.com\/about-us\/","actionableFeedbackPolicy":"https:\/\/sso2.com\/contact-us\/"}]},"product_price_currency":"USD","og_availability":"instock","product_availability":"instock","product_condition":"new"},"jetpack_sharing_enabled":true,"_links":{"self":[{"href":"https:\/\/sso2.com\/it\/wp-json\/wp\/v2\/product\/862","targetHints":{"allow":["GET"]}}],"collection":[{"href":"https:\/\/sso2.com\/it\/wp-json\/wp\/v2\/product"}],"about":[{"href":"https:\/\/sso2.com\/it\/wp-json\/wp\/v2\/types\/product"}],"replies":[{"embeddable":true,"href":"https:\/\/sso2.com\/it\/wp-json\/wp\/v2\/comments?post=862"}],"wp:featuredmedia":[{"embeddable":true,"href":"https:\/\/sso2.com\/it\/wp-json\/wp\/v2\/media\/3941"}],"wp:attachment":[{"href":"https:\/\/sso2.com\/it\/wp-json\/wp\/v2\/media?parent=862"}],"wp:term":[{"taxonomy":"product_brand","embeddable":true,"href":"https:\/\/sso2.com\/it\/wp-json\/wp\/v2\/product_brand?post=862"},{"taxonomy":"product_cat","embeddable":true,"href":"https:\/\/sso2.com\/it\/wp-json\/wp\/v2\/product_cat?post=862"},{"taxonomy":"product_tag","embeddable":true,"href":"https:\/\/sso2.com\/it\/wp-json\/wp\/v2\/product_tag?post=862"}],"curies":[{"name":"wp","href":"https:\/\/api.w.org\/{rel}","templated":true}]}}