{"id":726,"date":"2019-04-18T08:28:05","date_gmt":"2019-04-18T08:28:05","guid":{"rendered":"http:\/\/sso2.com\/?post_type=product&#038;p=726"},"modified":"2025-11-20T12:11:35","modified_gmt":"2025-11-20T12:11:35","slug":"wall-mount-oxygen-transmitter-ce","status":"publish","type":"product","link":"https:\/\/sso2.com\/it\/product\/wall-mount-oxygen-transmitter-ce\/","title":{"rendered":"OMD-150 Wall Mount Outdoor Oxygen Analyzer"},"content":{"rendered":"<p>The OMD-150 online oxygen analyzer is designed to measure oxygen from 0.01 parts-per-million up to 100%.\u00a0 The unit combines an advanced set of electronic features including a smart MENU interface with our industry leading precision electrochemical oxygen sensor technology. The result is a highly reliable and cost effective design with easy-to-use user interface.<\/p>\n<ul>\n<li>Enclosure Type: Wall Mount; IP66 \/ NEMA 4X<\/li>\n<li>Materiale dell'involucro: Robusto alluminio anodizzato<\/li>\n<li>Gamme standard: 0 - 10\/100\/1000\/10000 PPM &amp; 25%<\/li>\n<li>Gamme opzionali: 0 - 1\/5\/10\/25 E 100 %<\/li>\n<li>Risoluzione: 0,01 PPM o 0,01 %<\/li>\n<li>Potenza d'ingresso: loop a 2 fili, a 3 fili, a 6 fili<\/li>\n<\/ul>\n<p>L'interfaccia intelligente MENU integrata consente all'utente di configurare completamente l'analizzatore attraverso il sistema MENU di bordo.  Non \u00e8 necessario un computer portatile o un altro dispositivo di controllo per configurare l'analizzatore sul campo.  Le caratteristiche elettroniche includono l'uscita 4-20 mA (opzionale isolata 4-20 mA con configurazione a 3 fili), (uscita analogica opzionale 0-10VDC, 0-10VDC con configurazione a 6 fili), (Modbus RS485 ASCII bidirezionale opzionale con configurazione a 6 fili).<\/p>\n<p>The OMD-150 offers 3 distinct input power options to meet most industrial installations.\u00a0 2-wire loop power with non-isolated 4 &#8211; 20mA output, 3-wire power with isolated 4 &#8211; 20mA output &amp; 6-wire 12 &#8211; 24VDC with non-isolated 4 &#8211; 20mA, 0 &#8211; 10VDC and 0 &#8211; 1VDC.<\/p>\n<p>Il sensore di ossigeno si basa sul principio della cella a combustibile elettrochimica galvanica ed \u00e8 prodotto in casa secondo una rigorosa procedura di qualit\u00e0.  I sensori sono autonomi e richiedono una manutenzione minima: non \u00e8 necessario pulire gli elettrodi o aggiungere elettroliti.  I sensori di precisione offrono prestazioni, accuratezza e stabilit\u00e0 eccellenti, massimizzando la durata prevista.<\/p>\n<p>L'analizzatore \u00e8 dotato di gamme multiple da 0 - 10 PPM fino a 0 - 100%. Pu\u00f2 essere configurato per l'analisi dell'ossigeno in traccia (PPM), in percentuale o in purezza utilizzando il menu a bordo e il sensore appropriato. Sono disponibili anche sensori progettati per applicazioni con gas di fondo acido\/CO2.<\/p>\n<p>Gas fittings are available as 6 mm, 1\/8\u2033 or 1\/4\u2033 compression tube fittings.<\/p>","protected":false},"excerpt":{"rendered":"<p>The OMD-150 online oxygen analyzer is designed to measure oxygen from 0.01 parts-per-million up to 100%.\u00a0 The unit combines an advanced set of electronic features including a smart MENU interface with our industry leading precision electrochemical oxygen sensor technology. The result is a highly reliable and cost effective design with easy-to-use user interface. Enclosure Type: [&hellip;]<\/p>\n","protected":false},"featured_media":3933,"comment_status":"open","ping_status":"closed","template":"","meta":[],"product_brand":[],"product_cat":[26],"product_tag":[],"class_list":{"0":"post-726","1":"product","2":"type-product","3":"status-publish","4":"has-post-thumbnail","6":"product_cat-industrial-oxygen-analyzers","8":"first","9":"instock","10":"shipping-taxable","11":"product-type-external"},"yoast_head":"<!-- This site is optimized with the Yoast SEO Premium plugin v27.4 (Yoast SEO v27.4) - https:\/\/yoast.com\/product\/yoast-seo-premium-wordpress\/ -->\n<title>OMD-150 Wall Mount Outdoor Oxygen Analyzer | SSO2<\/title>\n<meta name=\"description\" content=\"The OMD-150 is a durable wall mount outdoor oxygen analyzer. Continuously monitor for oxygen deficiency and deficient atmosphere levels.\" \/>\n<meta name=\"robots\" content=\"index, follow, max-snippet:-1, max-image-preview:large, max-video-preview:-1\" \/>\n<link rel=\"canonical\" href=\"https:\/\/sso2.com\/it\/prodotto\/wall-mount-oxygen-transmitter-ce\/\" \/>\n<meta property=\"og:locale\" content=\"it_IT\" \/>\n<meta property=\"og:type\" content=\"article\" \/>\n<meta property=\"og:title\" content=\"OMD-150 Wall Mount Outdoor Oxygen Analyzer\" \/>\n<meta property=\"og:description\" content=\"The OMD-150 is a durable wall mount outdoor oxygen analyzer. Continuously monitor for oxygen deficiency and deficient atmosphere levels.\" \/>\n<meta property=\"og:url\" content=\"https:\/\/sso2.com\/it\/prodotto\/wall-mount-oxygen-transmitter-ce\/\" \/>\n<meta property=\"og:site_name\" content=\"Southland Sensing Ltd.\" \/>\n<meta property=\"article:modified_time\" content=\"2025-11-20T12:11:35+00:00\" \/>\n<meta property=\"og:image\" content=\"https:\/\/sso2.com\/wp-content\/uploads\/2025\/07\/omd-150.png\" \/>\n\t<meta property=\"og:image:width\" content=\"322\" \/>\n\t<meta property=\"og:image:height\" content=\"480\" \/>\n\t<meta property=\"og:image:type\" content=\"image\/png\" \/>\n<meta name=\"twitter:card\" content=\"summary_large_image\" \/>\n<meta name=\"twitter:label1\" content=\"Prezzo\" \/>\n\t<meta name=\"twitter:data1\" content=\"\" \/>\n\t<meta name=\"twitter:label2\" content=\"Disponibilit\u00e0\" \/>\n\t<meta name=\"twitter:data2\" content=\"In stock\" \/>\n<script type=\"application\/ld+json\" class=\"yoast-schema-graph\">{\"@context\":\"https:\\\/\\\/schema.org\",\"@graph\":[{\"@type\":\"WebPage\",\"@id\":\"https:\\\/\\\/sso2.com\\\/product\\\/wall-mount-oxygen-transmitter-ce\\\/\",\"url\":\"https:\\\/\\\/sso2.com\\\/product\\\/wall-mount-oxygen-transmitter-ce\\\/\",\"name\":\"OMD-150 Wall Mount Outdoor Oxygen Analyzer | SSO2\",\"isPartOf\":{\"@id\":\"https:\\\/\\\/sso2.com\\\/#website\"},\"primaryImageOfPage\":{\"@id\":\"https:\\\/\\\/sso2.com\\\/product\\\/wall-mount-oxygen-transmitter-ce\\\/#primaryimage\"},\"image\":{\"@id\":\"https:\\\/\\\/sso2.com\\\/product\\\/wall-mount-oxygen-transmitter-ce\\\/#primaryimage\"},\"thumbnailUrl\":\"https:\\\/\\\/i0.wp.com\\\/sso2.com\\\/wp-content\\\/uploads\\\/2025\\\/07\\\/omd-150.png?fit=322%2C480&ssl=1\",\"datePublished\":\"2019-04-18T08:28:05+00:00\",\"dateModified\":\"2025-11-20T12:11:35+00:00\",\"description\":\"The OMD-150 is a durable wall mount outdoor oxygen analyzer. Continuously monitor for oxygen deficiency and deficient atmosphere levels.\",\"breadcrumb\":{\"@id\":\"https:\\\/\\\/sso2.com\\\/product\\\/wall-mount-oxygen-transmitter-ce\\\/#breadcrumb\"},\"inLanguage\":\"it-IT\",\"potentialAction\":[{\"@type\":\"ReadAction\",\"target\":[\"https:\\\/\\\/sso2.com\\\/product\\\/wall-mount-oxygen-transmitter-ce\\\/\"]}]},{\"@type\":\"ImageObject\",\"inLanguage\":\"it-IT\",\"@id\":\"https:\\\/\\\/sso2.com\\\/product\\\/wall-mount-oxygen-transmitter-ce\\\/#primaryimage\",\"url\":\"https:\\\/\\\/i0.wp.com\\\/sso2.com\\\/wp-content\\\/uploads\\\/2025\\\/07\\\/omd-150.png?fit=322%2C480&ssl=1\",\"contentUrl\":\"https:\\\/\\\/i0.wp.com\\\/sso2.com\\\/wp-content\\\/uploads\\\/2025\\\/07\\\/omd-150.png?fit=322%2C480&ssl=1\",\"width\":322,\"height\":480},{\"@type\":\"BreadcrumbList\",\"@id\":\"https:\\\/\\\/sso2.com\\\/product\\\/wall-mount-oxygen-transmitter-ce\\\/#breadcrumb\",\"itemListElement\":[{\"@type\":\"ListItem\",\"position\":1,\"name\":\"Home\",\"item\":\"https:\\\/\\\/sso2.com\\\/en\\\/\"},{\"@type\":\"ListItem\",\"position\":2,\"name\":\"Shop\",\"item\":\"https:\\\/\\\/sso2.com\\\/shop\\\/\"},{\"@type\":\"ListItem\",\"position\":3,\"name\":\"OMD-150 Wall Mount Outdoor Oxygen Analyzer\"}]},{\"@type\":\"WebSite\",\"@id\":\"https:\\\/\\\/sso2.com\\\/#website\",\"url\":\"https:\\\/\\\/sso2.com\\\/\",\"name\":\"Southland Sensing Ltd.\",\"description\":\"Industrial &amp; Medical Gas Analyzers Oxygen CO\u2082, &amp; H\u2082 Monitors\",\"publisher\":{\"@id\":\"https:\\\/\\\/sso2.com\\\/#organization\"},\"alternateName\":\"SSO2\",\"potentialAction\":[{\"@type\":\"SearchAction\",\"target\":{\"@type\":\"EntryPoint\",\"urlTemplate\":\"https:\\\/\\\/sso2.com\\\/?s={search_term_string}\"},\"query-input\":{\"@type\":\"PropertyValueSpecification\",\"valueRequired\":true,\"valueName\":\"search_term_string\"}}],\"inLanguage\":\"it-IT\"},{\"@type\":\"Organization\",\"@id\":\"https:\\\/\\\/sso2.com\\\/#organization\",\"name\":\"Southland Sensing Ltd.\",\"alternateName\":\"SSO2\",\"url\":\"https:\\\/\\\/sso2.com\\\/\",\"logo\":{\"@type\":\"ImageObject\",\"inLanguage\":\"it-IT\",\"@id\":\"https:\\\/\\\/sso2.com\\\/#\\\/schema\\\/logo\\\/image\\\/\",\"url\":\"https:\\\/\\\/sso2.com\\\/wp-content\\\/uploads\\\/2025\\\/10\\\/sso2_300pixel.webp\",\"contentUrl\":\"https:\\\/\\\/sso2.com\\\/wp-content\\\/uploads\\\/2025\\\/10\\\/sso2_300pixel.webp\",\"width\":300,\"height\":50,\"caption\":\"Southland Sensing Ltd.\"},\"image\":{\"@id\":\"https:\\\/\\\/sso2.com\\\/#\\\/schema\\\/logo\\\/image\\\/\"},\"sameAs\":[\"https:\\\/\\\/www.linkedin.com\\\/company\\\/southland-sensing-ltd\\\/\"],\"description\":\"Southland Sensing Ltd. brings together superior performance, an improved user experience, and unmatched application expertise to deliver an accurate and reliable measurement solution. That\u2019s why multinationals, small companies and universities alike turn to us again and again.\",\"email\":\"sales@sso2.com\",\"telephone\":\"1-949-398-2879\",\"legalName\":\"Southland Sensing Ltd.\",\"foundingDate\":\"2013-01-01\",\"numberOfEmployees\":{\"@type\":\"QuantitativeValue\",\"minValue\":\"11\",\"maxValue\":\"50\"},\"publishingPrinciples\":\"https:\\\/\\\/sso2.com\\\/contact-us\\\/\",\"ownershipFundingInfo\":\"https:\\\/\\\/sso2.com\\\/about-us\\\/\",\"actionableFeedbackPolicy\":\"https:\\\/\\\/sso2.com\\\/contact-us\\\/\"}]}<\/script>\n<meta property=\"product:price:currency\" content=\"USD\" \/>\n<meta property=\"og:availability\" content=\"instock\" \/>\n<meta property=\"product:availability\" content=\"instock\" \/>\n<meta property=\"product:condition\" content=\"new\" \/>\n<!-- \/ Yoast SEO Premium plugin. -->","yoast_head_json":{"title":"Analizzatore di ossigeno per esterni con montaggio a parete OMD-150 | SSO2","description":"L'OMD-150 \u00e8 un analizzatore di ossigeno per esterni, resistente e installabile a parete. Monitora costantemente la carenza di ossigeno e i livelli di atmosfera carenti.","robots":{"index":"index","follow":"follow","max-snippet":"max-snippet:-1","max-image-preview":"max-image-preview:large","max-video-preview":"max-video-preview:-1"},"canonical":"https:\/\/sso2.com\/it\/prodotto\/wall-mount-oxygen-transmitter-ce\/","og_locale":"it_IT","og_type":"article","og_title":"OMD-150 Wall Mount Outdoor Oxygen Analyzer","og_description":"The OMD-150 is a durable wall mount outdoor oxygen analyzer. Continuously monitor for oxygen deficiency and deficient atmosphere levels.","og_url":"https:\/\/sso2.com\/it\/prodotto\/wall-mount-oxygen-transmitter-ce\/","og_site_name":"Southland Sensing Ltd.","article_modified_time":"2025-11-20T12:11:35+00:00","og_image":[{"width":322,"height":480,"url":"https:\/\/sso2.com\/wp-content\/uploads\/2025\/07\/omd-150.png","type":"image\/png"}],"twitter_card":"summary_large_image","twitter_misc":{"Prezzo":"","Disponibilit\u00e0":"In stock"},"schema":{"@context":"https:\/\/schema.org","@graph":[{"@type":"WebPage","@id":"https:\/\/sso2.com\/product\/wall-mount-oxygen-transmitter-ce\/","url":"https:\/\/sso2.com\/product\/wall-mount-oxygen-transmitter-ce\/","name":"Analizzatore di ossigeno per esterni con montaggio a parete OMD-150 | SSO2","isPartOf":{"@id":"https:\/\/sso2.com\/#website"},"primaryImageOfPage":{"@id":"https:\/\/sso2.com\/product\/wall-mount-oxygen-transmitter-ce\/#primaryimage"},"image":{"@id":"https:\/\/sso2.com\/product\/wall-mount-oxygen-transmitter-ce\/#primaryimage"},"thumbnailUrl":"https:\/\/i0.wp.com\/sso2.com\/wp-content\/uploads\/2025\/07\/omd-150.png?fit=322%2C480&ssl=1","datePublished":"2019-04-18T08:28:05+00:00","dateModified":"2025-11-20T12:11:35+00:00","description":"L'OMD-150 \u00e8 un analizzatore di ossigeno per esterni, resistente e installabile a parete. Monitora costantemente la carenza di ossigeno e i livelli di atmosfera carenti.","breadcrumb":{"@id":"https:\/\/sso2.com\/product\/wall-mount-oxygen-transmitter-ce\/#breadcrumb"},"inLanguage":"it-IT","potentialAction":[{"@type":"ReadAction","target":["https:\/\/sso2.com\/product\/wall-mount-oxygen-transmitter-ce\/"]}]},{"@type":"ImageObject","inLanguage":"it-IT","@id":"https:\/\/sso2.com\/product\/wall-mount-oxygen-transmitter-ce\/#primaryimage","url":"https:\/\/i0.wp.com\/sso2.com\/wp-content\/uploads\/2025\/07\/omd-150.png?fit=322%2C480&ssl=1","contentUrl":"https:\/\/i0.wp.com\/sso2.com\/wp-content\/uploads\/2025\/07\/omd-150.png?fit=322%2C480&ssl=1","width":322,"height":480},{"@type":"BreadcrumbList","@id":"https:\/\/sso2.com\/product\/wall-mount-oxygen-transmitter-ce\/#breadcrumb","itemListElement":[{"@type":"ListItem","position":1,"name":"Home","item":"https:\/\/sso2.com\/en\/"},{"@type":"ListItem","position":2,"name":"Shop","item":"https:\/\/sso2.com\/shop\/"},{"@type":"ListItem","position":3,"name":"OMD-150 Wall Mount Outdoor Oxygen Analyzer"}]},{"@type":"WebSite","@id":"https:\/\/sso2.com\/#website","url":"https:\/\/sso2.com\/","name":"Southland Sensing Ltd.","description":"Industrial &amp; Medical Gas Analyzers Oxygen CO\u2082, &amp; H\u2082 Monitors","publisher":{"@id":"https:\/\/sso2.com\/#organization"},"alternateName":"SSO2","potentialAction":[{"@type":"SearchAction","target":{"@type":"EntryPoint","urlTemplate":"https:\/\/sso2.com\/?s={search_term_string}"},"query-input":{"@type":"PropertyValueSpecification","valueRequired":true,"valueName":"search_term_string"}}],"inLanguage":"it-IT"},{"@type":"Organization","@id":"https:\/\/sso2.com\/#organization","name":"Southland Sensing Ltd.","alternateName":"SSO2","url":"https:\/\/sso2.com\/","logo":{"@type":"ImageObject","inLanguage":"it-IT","@id":"https:\/\/sso2.com\/#\/schema\/logo\/image\/","url":"https:\/\/sso2.com\/wp-content\/uploads\/2025\/10\/sso2_300pixel.webp","contentUrl":"https:\/\/sso2.com\/wp-content\/uploads\/2025\/10\/sso2_300pixel.webp","width":300,"height":50,"caption":"Southland Sensing Ltd."},"image":{"@id":"https:\/\/sso2.com\/#\/schema\/logo\/image\/"},"sameAs":["https:\/\/www.linkedin.com\/company\/southland-sensing-ltd\/"],"description":"Southland Sensing Ltd. brings together superior performance, an improved user experience, and unmatched application expertise to deliver an accurate and reliable measurement solution. That\u2019s why multinationals, small companies and universities alike turn to us again and again.","email":"sales@sso2.com","telephone":"1-949-398-2879","legalName":"Southland Sensing Ltd.","foundingDate":"2013-01-01","numberOfEmployees":{"@type":"QuantitativeValue","minValue":"11","maxValue":"50"},"publishingPrinciples":"https:\/\/sso2.com\/contact-us\/","ownershipFundingInfo":"https:\/\/sso2.com\/about-us\/","actionableFeedbackPolicy":"https:\/\/sso2.com\/contact-us\/"}]},"product_price_currency":"USD","og_availability":"instock","product_availability":"instock","product_condition":"new"},"jetpack_sharing_enabled":true,"_links":{"self":[{"href":"https:\/\/sso2.com\/it\/wp-json\/wp\/v2\/product\/726","targetHints":{"allow":["GET"]}}],"collection":[{"href":"https:\/\/sso2.com\/it\/wp-json\/wp\/v2\/product"}],"about":[{"href":"https:\/\/sso2.com\/it\/wp-json\/wp\/v2\/types\/product"}],"replies":[{"embeddable":true,"href":"https:\/\/sso2.com\/it\/wp-json\/wp\/v2\/comments?post=726"}],"wp:featuredmedia":[{"embeddable":true,"href":"https:\/\/sso2.com\/it\/wp-json\/wp\/v2\/media\/3933"}],"wp:attachment":[{"href":"https:\/\/sso2.com\/it\/wp-json\/wp\/v2\/media?parent=726"}],"wp:term":[{"taxonomy":"product_brand","embeddable":true,"href":"https:\/\/sso2.com\/it\/wp-json\/wp\/v2\/product_brand?post=726"},{"taxonomy":"product_cat","embeddable":true,"href":"https:\/\/sso2.com\/it\/wp-json\/wp\/v2\/product_cat?post=726"},{"taxonomy":"product_tag","embeddable":true,"href":"https:\/\/sso2.com\/it\/wp-json\/wp\/v2\/product_tag?post=726"}],"curies":[{"name":"wp","href":"https:\/\/api.w.org\/{rel}","templated":true}]}}