{"id":723,"date":"2019-04-18T08:17:11","date_gmt":"2019-04-18T08:17:11","guid":{"rendered":"http:\/\/sso2.com\/?post_type=product&#038;p=723"},"modified":"2025-11-20T12:09:41","modified_gmt":"2025-11-20T12:09:41","slug":"wall-mount-ip66-nema4x-oxygen-analyzer","status":"publish","type":"product","link":"https:\/\/sso2.com\/it\/product\/wall-mount-ip66-nema4x-oxygen-analyzer\/","title":{"rendered":"OMD-525X Wall Mount Outdoor Oxygen Analyzer"},"content":{"rendered":"<p>The OMD-525X online oxygen analyzer is designed to measure oxygen from 0.01 parts-per-million up to 100%.\u00a0 The unit combines an advanced set of electronic features including a smart MENU interface with our industry leading precision electrochemical oxygen sensor technology. The result is a highly reliable and cost effective design with easy-to-use user interface.<\/p>\n<ul>\n<li>Enclosure Type: Wall Mount; IP66 \/ NEMA 4X<\/li>\n<li>Materiale dell'involucro: Robusto alluminio anodizzato<\/li>\n<li>Gamme standard: 0 - 10\/100\/1000\/10000 PPM &amp; 25%<\/li>\n<li>Gamme opzionali: 0 - 1\/5\/10\/25 E 100 %<\/li>\n<li>Range Mode: Auto-Range or Manual Range<\/li>\n<li>Risoluzione: 0,01 PPM o 0,01 %<\/li>\n<li>Input Power: 100 \u2013 240 VAC or 10 \u2013 28 VDC<\/li>\n<li>Analog Output: 4 \u2013 20mA<\/li>\n<li>Communication: Bi-Directional MODBUS RS485 ASCII<\/li>\n<li>Alarms: 2 Fully adjustable Form C relay contacts<\/li>\n<li>Registrazione dei dati: Unit\u00e0 flash USB rimovibile<\/li>\n<\/ul>\n<p>L'interfaccia intelligente MENU integrata consente all'utente di configurare completamente l'analizzatore attraverso il sistema MENU di bordo.  Non \u00e8 necessario un computer portatile o un altro dispositivo di controllo per configurare l'analizzatore sul campo.<\/p>\n<p>The electronics are highly reliable and feature packed with a very easy-to-use MENU interface.\u00a0 Electronic features include 4 \u2013 20mA output, RANGE ID 1 &#8211; 5VDC output, 2 alarm relay contacts, multiple ranges and a 10 \u2013 28VDC or 100 &#8211; 240V AC power input, and a USB data logging feature.<\/p>\n<p>Il sensore di ossigeno si basa sul principio della cella a combustibile elettrochimica galvanica ed \u00e8 prodotto in casa secondo una rigorosa procedura di qualit\u00e0.  I sensori sono autonomi e richiedono una manutenzione minima: non \u00e8 necessario pulire gli elettrodi o aggiungere elettroliti.  I sensori di precisione offrono prestazioni, accuratezza e stabilit\u00e0 eccellenti, massimizzando la durata prevista.<\/p>\n<p>The analyzer comes with multiple ranges from 0 &#8211; 10 PPM up to 0 &#8211; 100%. It can be configured for trace (PPM), percent, or purity oxygen analysis using the onboard menu and appropriate sensor. Sensors designed for acidic\/CO2 background gas applications are available as well.<\/p>\n<p>Gas fittings are available as 6 mm, 1\/8&#8243; or 1\/4&#8243; compression tube fittings.<\/p>\n<p>The highlight of the advanced set of electronics includes a USB output for data logging.\u00a0 Data logging can be done via a removable USB flash drive and data can be taken in 1 minute intervals.\u00a0 An 8 GB flash drive can store data for 50+ years.<\/p>","protected":false},"excerpt":{"rendered":"<p>The OMD-525X online oxygen analyzer is designed to measure oxygen from 0.01 parts-per-million up to 100%.\u00a0 The unit combines an advanced set of electronic features including a smart MENU interface with our industry leading precision electrochemical oxygen sensor technology. The result is a highly reliable and cost effective design with easy-to-use user interface. Enclosure Type: [&hellip;]<\/p>\n","protected":false},"featured_media":3934,"comment_status":"open","ping_status":"closed","template":"","meta":[],"product_brand":[],"product_cat":[26],"product_tag":[],"class_list":{"0":"post-723","1":"product","2":"type-product","3":"status-publish","4":"has-post-thumbnail","6":"product_cat-industrial-oxygen-analyzers","8":"first","9":"instock","10":"shipping-taxable","11":"product-type-external"},"yoast_head":"<!-- This site is optimized with the Yoast SEO Premium plugin v27.2 (Yoast SEO v27.2) - https:\/\/yoast.com\/product\/yoast-seo-premium-wordpress\/ -->\n<title>OMD-525X Wall Mount Outdoor Oxygen Analyzer | SSO2<\/title>\n<meta name=\"description\" content=\"The OMD-525X is a rugged outdoor oxygen analyzer and sensor. Continuous monitoring for oxygen deficiency and deficient atmosphere levels.\" \/>\n<meta name=\"robots\" content=\"index, follow, max-snippet:-1, max-image-preview:large, max-video-preview:-1\" \/>\n<link rel=\"canonical\" href=\"https:\/\/sso2.com\/it\/prodotto\/wall-mount-ip66-nema4x-oxygen-analyzer\/\" \/>\n<meta property=\"og:locale\" content=\"it_IT\" \/>\n<meta property=\"og:type\" content=\"article\" \/>\n<meta property=\"og:title\" content=\"OMD-525X Wall Mount Outdoor Oxygen Analyzer\" \/>\n<meta property=\"og:description\" content=\"The OMD-525X is a rugged outdoor oxygen analyzer and sensor. Continuous monitoring for oxygen deficiency and deficient atmosphere levels.\" \/>\n<meta property=\"og:url\" content=\"https:\/\/sso2.com\/it\/prodotto\/wall-mount-ip66-nema4x-oxygen-analyzer\/\" \/>\n<meta property=\"og:site_name\" content=\"Southland Sensing Ltd.\" \/>\n<meta property=\"article:modified_time\" content=\"2025-11-20T12:09:41+00:00\" \/>\n<meta property=\"og:image\" content=\"https:\/\/sso2.com\/wp-content\/uploads\/2025\/07\/omd-525x.png\" \/>\n\t<meta property=\"og:image:width\" content=\"846\" \/>\n\t<meta property=\"og:image:height\" content=\"1161\" \/>\n\t<meta property=\"og:image:type\" content=\"image\/png\" \/>\n<meta name=\"twitter:card\" content=\"summary_large_image\" \/>\n<meta name=\"twitter:label1\" content=\"Prezzo\" \/>\n\t<meta name=\"twitter:data1\" content=\"\" \/>\n\t<meta name=\"twitter:label2\" content=\"Disponibilit\u00e0\" \/>\n\t<meta name=\"twitter:data2\" content=\"In stock\" \/>\n<script type=\"application\/ld+json\" class=\"yoast-schema-graph\">{\"@context\":\"https:\/\/schema.org\",\"@graph\":[{\"@type\":\"WebPage\",\"@id\":\"https:\/\/sso2.com\/product\/wall-mount-ip66-nema4x-oxygen-analyzer\/\",\"url\":\"https:\/\/sso2.com\/product\/wall-mount-ip66-nema4x-oxygen-analyzer\/\",\"name\":\"OMD-525X Wall Mount Outdoor Oxygen Analyzer | SSO2\",\"isPartOf\":{\"@id\":\"https:\/\/sso2.com\/#website\"},\"primaryImageOfPage\":{\"@id\":\"https:\/\/sso2.com\/product\/wall-mount-ip66-nema4x-oxygen-analyzer\/#primaryimage\"},\"image\":{\"@id\":\"https:\/\/sso2.com\/product\/wall-mount-ip66-nema4x-oxygen-analyzer\/#primaryimage\"},\"thumbnailUrl\":\"https:\/\/i0.wp.com\/sso2.com\/wp-content\/uploads\/2025\/07\/omd-525x.png?fit=846%2C1161&ssl=1\",\"datePublished\":\"2019-04-18T08:17:11+00:00\",\"dateModified\":\"2025-11-20T12:09:41+00:00\",\"description\":\"The OMD-525X is a rugged outdoor oxygen analyzer and sensor. Continuous monitoring for oxygen deficiency and deficient atmosphere levels.\",\"breadcrumb\":{\"@id\":\"https:\/\/sso2.com\/product\/wall-mount-ip66-nema4x-oxygen-analyzer\/#breadcrumb\"},\"inLanguage\":\"it-IT\",\"potentialAction\":[{\"@type\":\"ReadAction\",\"target\":[\"https:\/\/sso2.com\/product\/wall-mount-ip66-nema4x-oxygen-analyzer\/\"]}]},{\"@type\":\"ImageObject\",\"inLanguage\":\"it-IT\",\"@id\":\"https:\/\/sso2.com\/product\/wall-mount-ip66-nema4x-oxygen-analyzer\/#primaryimage\",\"url\":\"https:\/\/i0.wp.com\/sso2.com\/wp-content\/uploads\/2025\/07\/omd-525x.png?fit=846%2C1161&ssl=1\",\"contentUrl\":\"https:\/\/i0.wp.com\/sso2.com\/wp-content\/uploads\/2025\/07\/omd-525x.png?fit=846%2C1161&ssl=1\",\"width\":846,\"height\":1161},{\"@type\":\"BreadcrumbList\",\"@id\":\"https:\/\/sso2.com\/product\/wall-mount-ip66-nema4x-oxygen-analyzer\/#breadcrumb\",\"itemListElement\":[{\"@type\":\"ListItem\",\"position\":1,\"name\":\"Home\",\"item\":\"https:\/\/sso2.com\/en\/\"},{\"@type\":\"ListItem\",\"position\":2,\"name\":\"Shop\",\"item\":\"https:\/\/sso2.com\/shop\/\"},{\"@type\":\"ListItem\",\"position\":3,\"name\":\"OMD-525X Wall Mount Outdoor Oxygen Analyzer\"}]},{\"@type\":\"WebSite\",\"@id\":\"https:\/\/sso2.com\/#website\",\"url\":\"https:\/\/sso2.com\/\",\"name\":\"Southland Sensing Ltd.\",\"description\":\"Industrial &amp; Medical Gas Analyzers Oxygen CO\u2082, &amp; H\u2082 Monitors\",\"publisher\":{\"@id\":\"https:\/\/sso2.com\/#organization\"},\"alternateName\":\"SSO2\",\"potentialAction\":[{\"@type\":\"SearchAction\",\"target\":{\"@type\":\"EntryPoint\",\"urlTemplate\":\"https:\/\/sso2.com\/?s={search_term_string}\"},\"query-input\":{\"@type\":\"PropertyValueSpecification\",\"valueRequired\":true,\"valueName\":\"search_term_string\"}}],\"inLanguage\":\"it-IT\"},{\"@type\":\"Organization\",\"@id\":\"https:\/\/sso2.com\/#organization\",\"name\":\"Southland Sensing Ltd.\",\"alternateName\":\"SSO2\",\"url\":\"https:\/\/sso2.com\/\",\"logo\":{\"@type\":\"ImageObject\",\"inLanguage\":\"it-IT\",\"@id\":\"https:\/\/sso2.com\/#\/schema\/logo\/image\/\",\"url\":\"https:\/\/sso2.com\/wp-content\/uploads\/2025\/10\/sso2_300pixel.webp\",\"contentUrl\":\"https:\/\/sso2.com\/wp-content\/uploads\/2025\/10\/sso2_300pixel.webp\",\"width\":300,\"height\":50,\"caption\":\"Southland Sensing Ltd.\"},\"image\":{\"@id\":\"https:\/\/sso2.com\/#\/schema\/logo\/image\/\"},\"sameAs\":[\"https:\/\/www.linkedin.com\/company\/southland-sensing-ltd\/\"],\"description\":\"Southland Sensing Ltd. brings together superior performance, an improved user experience, and unmatched application expertise to deliver an accurate and reliable measurement solution. That\u2019s why multinationals, small companies and universities alike turn to us again and again.\",\"email\":\"sales@sso2.com\",\"telephone\":\"1-949-398-2879\",\"legalName\":\"Southland Sensing Ltd.\",\"foundingDate\":\"2013-01-01\",\"numberOfEmployees\":{\"@type\":\"QuantitativeValue\",\"minValue\":\"11\",\"maxValue\":\"50\"},\"publishingPrinciples\":\"https:\/\/sso2.com\/contact-us\/\",\"ownershipFundingInfo\":\"https:\/\/sso2.com\/about-us\/\",\"actionableFeedbackPolicy\":\"https:\/\/sso2.com\/contact-us\/\"}]}<\/script>\n<meta property=\"product:price:currency\" content=\"USD\" \/>\n<meta property=\"og:availability\" content=\"instock\" \/>\n<meta property=\"product:availability\" content=\"instock\" \/>\n<meta property=\"product:condition\" content=\"new\" \/>\n<!-- \/ Yoast SEO Premium plugin. -->","yoast_head_json":{"title":"Analizzatore di ossigeno per esterni con montaggio a parete OMD-525X | SSO2","description":"L'OMD-525X \u00e8 un robusto analizzatore e sensore di ossigeno per esterni. Monitoraggio continuo della carenza di ossigeno e dei livelli di atmosfera carenti.","robots":{"index":"index","follow":"follow","max-snippet":"max-snippet:-1","max-image-preview":"max-image-preview:large","max-video-preview":"max-video-preview:-1"},"canonical":"https:\/\/sso2.com\/it\/prodotto\/wall-mount-ip66-nema4x-oxygen-analyzer\/","og_locale":"it_IT","og_type":"article","og_title":"OMD-525X Wall Mount Outdoor Oxygen Analyzer","og_description":"The OMD-525X is a rugged outdoor oxygen analyzer and sensor. Continuous monitoring for oxygen deficiency and deficient atmosphere levels.","og_url":"https:\/\/sso2.com\/it\/prodotto\/wall-mount-ip66-nema4x-oxygen-analyzer\/","og_site_name":"Southland Sensing Ltd.","article_modified_time":"2025-11-20T12:09:41+00:00","og_image":[{"width":846,"height":1161,"url":"https:\/\/sso2.com\/wp-content\/uploads\/2025\/07\/omd-525x.png","type":"image\/png"}],"twitter_card":"summary_large_image","twitter_misc":{"Prezzo":"","Disponibilit\u00e0":"In stock"},"schema":{"@context":"https:\/\/schema.org","@graph":[{"@type":"WebPage","@id":"https:\/\/sso2.com\/product\/wall-mount-ip66-nema4x-oxygen-analyzer\/","url":"https:\/\/sso2.com\/product\/wall-mount-ip66-nema4x-oxygen-analyzer\/","name":"Analizzatore di ossigeno per esterni con montaggio a parete OMD-525X | SSO2","isPartOf":{"@id":"https:\/\/sso2.com\/#website"},"primaryImageOfPage":{"@id":"https:\/\/sso2.com\/product\/wall-mount-ip66-nema4x-oxygen-analyzer\/#primaryimage"},"image":{"@id":"https:\/\/sso2.com\/product\/wall-mount-ip66-nema4x-oxygen-analyzer\/#primaryimage"},"thumbnailUrl":"https:\/\/i0.wp.com\/sso2.com\/wp-content\/uploads\/2025\/07\/omd-525x.png?fit=846%2C1161&ssl=1","datePublished":"2019-04-18T08:17:11+00:00","dateModified":"2025-11-20T12:09:41+00:00","description":"L'OMD-525X \u00e8 un robusto analizzatore e sensore di ossigeno per esterni. Monitoraggio continuo della carenza di ossigeno e dei livelli di atmosfera carenti.","breadcrumb":{"@id":"https:\/\/sso2.com\/product\/wall-mount-ip66-nema4x-oxygen-analyzer\/#breadcrumb"},"inLanguage":"it-IT","potentialAction":[{"@type":"ReadAction","target":["https:\/\/sso2.com\/product\/wall-mount-ip66-nema4x-oxygen-analyzer\/"]}]},{"@type":"ImageObject","inLanguage":"it-IT","@id":"https:\/\/sso2.com\/product\/wall-mount-ip66-nema4x-oxygen-analyzer\/#primaryimage","url":"https:\/\/i0.wp.com\/sso2.com\/wp-content\/uploads\/2025\/07\/omd-525x.png?fit=846%2C1161&ssl=1","contentUrl":"https:\/\/i0.wp.com\/sso2.com\/wp-content\/uploads\/2025\/07\/omd-525x.png?fit=846%2C1161&ssl=1","width":846,"height":1161},{"@type":"BreadcrumbList","@id":"https:\/\/sso2.com\/product\/wall-mount-ip66-nema4x-oxygen-analyzer\/#breadcrumb","itemListElement":[{"@type":"ListItem","position":1,"name":"Home","item":"https:\/\/sso2.com\/en\/"},{"@type":"ListItem","position":2,"name":"Shop","item":"https:\/\/sso2.com\/shop\/"},{"@type":"ListItem","position":3,"name":"OMD-525X Wall Mount Outdoor Oxygen Analyzer"}]},{"@type":"WebSite","@id":"https:\/\/sso2.com\/#website","url":"https:\/\/sso2.com\/","name":"Southland Sensing Ltd.","description":"Industrial &amp; Medical Gas Analyzers Oxygen CO\u2082, &amp; H\u2082 Monitors","publisher":{"@id":"https:\/\/sso2.com\/#organization"},"alternateName":"SSO2","potentialAction":[{"@type":"SearchAction","target":{"@type":"EntryPoint","urlTemplate":"https:\/\/sso2.com\/?s={search_term_string}"},"query-input":{"@type":"PropertyValueSpecification","valueRequired":true,"valueName":"search_term_string"}}],"inLanguage":"it-IT"},{"@type":"Organization","@id":"https:\/\/sso2.com\/#organization","name":"Southland Sensing Ltd.","alternateName":"SSO2","url":"https:\/\/sso2.com\/","logo":{"@type":"ImageObject","inLanguage":"it-IT","@id":"https:\/\/sso2.com\/#\/schema\/logo\/image\/","url":"https:\/\/sso2.com\/wp-content\/uploads\/2025\/10\/sso2_300pixel.webp","contentUrl":"https:\/\/sso2.com\/wp-content\/uploads\/2025\/10\/sso2_300pixel.webp","width":300,"height":50,"caption":"Southland Sensing Ltd."},"image":{"@id":"https:\/\/sso2.com\/#\/schema\/logo\/image\/"},"sameAs":["https:\/\/www.linkedin.com\/company\/southland-sensing-ltd\/"],"description":"Southland Sensing Ltd. brings together superior performance, an improved user experience, and unmatched application expertise to deliver an accurate and reliable measurement solution. That\u2019s why multinationals, small companies and universities alike turn to us again and again.","email":"sales@sso2.com","telephone":"1-949-398-2879","legalName":"Southland Sensing Ltd.","foundingDate":"2013-01-01","numberOfEmployees":{"@type":"QuantitativeValue","minValue":"11","maxValue":"50"},"publishingPrinciples":"https:\/\/sso2.com\/contact-us\/","ownershipFundingInfo":"https:\/\/sso2.com\/about-us\/","actionableFeedbackPolicy":"https:\/\/sso2.com\/contact-us\/"}]},"product_price_currency":"USD","og_availability":"instock","product_availability":"instock","product_condition":"new"},"jetpack_sharing_enabled":true,"_links":{"self":[{"href":"https:\/\/sso2.com\/it\/wp-json\/wp\/v2\/product\/723","targetHints":{"allow":["GET"]}}],"collection":[{"href":"https:\/\/sso2.com\/it\/wp-json\/wp\/v2\/product"}],"about":[{"href":"https:\/\/sso2.com\/it\/wp-json\/wp\/v2\/types\/product"}],"replies":[{"embeddable":true,"href":"https:\/\/sso2.com\/it\/wp-json\/wp\/v2\/comments?post=723"}],"wp:featuredmedia":[{"embeddable":true,"href":"https:\/\/sso2.com\/it\/wp-json\/wp\/v2\/media\/3934"}],"wp:attachment":[{"href":"https:\/\/sso2.com\/it\/wp-json\/wp\/v2\/media?parent=723"}],"wp:term":[{"taxonomy":"product_brand","embeddable":true,"href":"https:\/\/sso2.com\/it\/wp-json\/wp\/v2\/product_brand?post=723"},{"taxonomy":"product_cat","embeddable":true,"href":"https:\/\/sso2.com\/it\/wp-json\/wp\/v2\/product_cat?post=723"},{"taxonomy":"product_tag","embeddable":true,"href":"https:\/\/sso2.com\/it\/wp-json\/wp\/v2\/product_tag?post=723"}],"curies":[{"name":"wp","href":"https:\/\/api.w.org\/{rel}","templated":true}]}}